{"id":3290,"date":"2025-12-17T11:35:22","date_gmt":"2025-12-17T10:35:22","guid":{"rendered":"https:\/\/www.spirit-us.eu\/?post_type=product&#038;p=3290"},"modified":"2025-12-17T11:35:23","modified_gmt":"2025-12-17T10:35:23","slug":"broche-feuille-de-gingko-et-perle","status":"publish","type":"product","link":"https:\/\/www.spirit-us.eu\/index.php\/produit\/broche-feuille-de-gingko-et-perle\/","title":{"rendered":"BROCHE feuille de gingko et perle"},"content":{"rendered":"<p><strong>Dimensions<\/strong> :<\/p>\n<ul>\n<li>longueur de la broche 4,2 cm<\/li>\n<li>largeur de la broche 3,7 cm<\/li>\n<\/ul>\n<p>Couleurs : nacre blanche et laiton dor\u00e9<\/p>\n<p>Mat\u00e9riaux : nacre et laiton<\/p>\n<p>Pr\u00e9sentation : dans un coffret satin\u00e9 \/ int\u00e9rieur velours noir<\/p>\n","protected":false},"excerpt":{"rendered":"<p style=\"text-align: justify;\">Magnifique broche tr\u00e8s tendance qui vient compl\u00e9ter notre collection Gingko : cet arbre qui repr\u00e9sente l&rsquo;immortalit\u00e9, l&rsquo;\u00e9ternit\u00e9, le passage des vies, \u00e9tant donn\u00e9 son anciennet\u00e9 sur la terre et sa puissance.\u00a0 Il est aussi m\u00e9dicinal, puisque sa substance permet de traiter les maladies de sang et de r\u00e9activer la micro-circulation dans les vaisseaux.\u00a0 On s&rsquo;entoure de symboles, de bijoux, de d\u00e9coration et on consomme des tisanes ou sa teinture-m\u00e8re quand on a besoin de booster son \u00e9nergie et de bien se concentrer, d&rsquo;\u00e9tudier avec efficacit\u00e9.<\/p>\n","protected":false},"featured_media":3292,"comment_status":"open","ping_status":"closed","template":"","meta":[],"product_brand":[],"product_cat":[156,465,17],"product_tag":[476,357],"mwb_booking_cost":[],"mwb_booking_service":[],"class_list":{"0":"post-3290","1":"product","2":"type-product","3":"status-publish","4":"has-post-thumbnail","6":"product_cat-04-bijoux","7":"product_cat-broches","8":"product_cat-tous-les-produits","9":"product_tag-broches","10":"product_tag-gingko-collection","12":"first","13":"instock","14":"shipping-taxable","15":"purchasable","16":"product-type-simple"},"yoast_head":"<!-- This site is optimized with the Yoast SEO plugin v27.1.1 - https:\/\/yoast.com\/product\/yoast-seo-wordpress\/ -->\n<title>BROCHE feuille de gingko et perle - Spirit-US<\/title>\n<meta name=\"robots\" content=\"index, follow, max-snippet:-1, max-image-preview:large, max-video-preview:-1\" \/>\n<link rel=\"canonical\" href=\"https:\/\/www.spirit-us.eu\/index.php\/produit\/broche-feuille-de-gingko-et-perle\/\" \/>\n<meta property=\"og:locale\" content=\"fr_FR\" \/>\n<meta property=\"og:type\" content=\"article\" \/>\n<meta property=\"og:title\" content=\"BROCHE feuille de gingko et perle - Spirit-US\" \/>\n<meta property=\"og:description\" content=\"Magnifique broche tr\u00e8s tendance qui vient compl\u00e9ter notre collection Gingko : cet arbre qui repr\u00e9sente l&#039;immortalit\u00e9, l&#039;\u00e9ternit\u00e9, le passage des vies, \u00e9tant donn\u00e9 son anciennet\u00e9 sur la terre et sa puissance.\u00a0 Il est aussi m\u00e9dicinal, puisque sa substance permet de traiter les maladies de sang et de r\u00e9activer la micro-circulation dans les vaisseaux.\u00a0 On s&#039;entoure de symboles, de bijoux, de d\u00e9coration et on consomme des tisanes ou sa teinture-m\u00e8re quand on a besoin de booster son \u00e9nergie et de bien se concentrer, d&#039;\u00e9tudier avec efficacit\u00e9.\" \/>\n<meta property=\"og:url\" content=\"https:\/\/www.spirit-us.eu\/index.php\/produit\/broche-feuille-de-gingko-et-perle\/\" \/>\n<meta property=\"og:site_name\" content=\"Spirit-US\" \/>\n<meta property=\"article:publisher\" content=\"https:\/\/www.facebook.com\/spirit.us.deum\" \/>\n<meta property=\"article:modified_time\" content=\"2025-12-17T10:35:23+00:00\" \/>\n<meta property=\"og:image\" content=\"https:\/\/www.spirit-us.eu\/wp-content\/uploads\/2025\/12\/broche-gingko-perle.png\" \/>\n\t<meta property=\"og:image:width\" content=\"1080\" \/>\n\t<meta property=\"og:image:height\" content=\"1080\" \/>\n\t<meta property=\"og:image:type\" content=\"image\/png\" \/>\n<meta name=\"twitter:card\" content=\"summary_large_image\" \/>\n<meta name=\"twitter:label1\" content=\"Dur\u00e9e de lecture estim\u00e9e\" \/>\n\t<meta name=\"twitter:data1\" content=\"1 minute\" \/>\n<script type=\"application\/ld+json\" class=\"yoast-schema-graph\">{\"@context\":\"https:\/\/schema.org\",\"@graph\":[{\"@type\":\"WebPage\",\"@id\":\"https:\/\/www.spirit-us.eu\/index.php\/produit\/broche-feuille-de-gingko-et-perle\/\",\"url\":\"https:\/\/www.spirit-us.eu\/index.php\/produit\/broche-feuille-de-gingko-et-perle\/\",\"name\":\"BROCHE feuille de gingko et perle - Spirit-US\",\"isPartOf\":{\"@id\":\"https:\/\/www.spirit-us.eu\/#website\"},\"primaryImageOfPage\":{\"@id\":\"https:\/\/www.spirit-us.eu\/index.php\/produit\/broche-feuille-de-gingko-et-perle\/#primaryimage\"},\"image\":{\"@id\":\"https:\/\/www.spirit-us.eu\/index.php\/produit\/broche-feuille-de-gingko-et-perle\/#primaryimage\"},\"thumbnailUrl\":\"https:\/\/www.spirit-us.eu\/wp-content\/uploads\/2025\/12\/broche-gingko-perle.png\",\"datePublished\":\"2025-12-17T10:35:22+00:00\",\"dateModified\":\"2025-12-17T10:35:23+00:00\",\"breadcrumb\":{\"@id\":\"https:\/\/www.spirit-us.eu\/index.php\/produit\/broche-feuille-de-gingko-et-perle\/#breadcrumb\"},\"inLanguage\":\"fr-FR\",\"potentialAction\":[{\"@type\":\"ReadAction\",\"target\":[\"https:\/\/www.spirit-us.eu\/index.php\/produit\/broche-feuille-de-gingko-et-perle\/\"]}]},{\"@type\":\"ImageObject\",\"inLanguage\":\"fr-FR\",\"@id\":\"https:\/\/www.spirit-us.eu\/index.php\/produit\/broche-feuille-de-gingko-et-perle\/#primaryimage\",\"url\":\"https:\/\/www.spirit-us.eu\/wp-content\/uploads\/2025\/12\/broche-gingko-perle.png\",\"contentUrl\":\"https:\/\/www.spirit-us.eu\/wp-content\/uploads\/2025\/12\/broche-gingko-perle.png\",\"width\":1080,\"height\":1080},{\"@type\":\"BreadcrumbList\",\"@id\":\"https:\/\/www.spirit-us.eu\/index.php\/produit\/broche-feuille-de-gingko-et-perle\/#breadcrumb\",\"itemListElement\":[{\"@type\":\"ListItem\",\"position\":1,\"name\":\"Accueil\",\"item\":\"https:\/\/www.spirit-us.eu\/\"},{\"@type\":\"ListItem\",\"position\":2,\"name\":\"Boutique\",\"item\":\"https:\/\/www.spirit-us.eu\/index.php\/boutique\/\"},{\"@type\":\"ListItem\",\"position\":3,\"name\":\"BROCHE feuille de gingko et perle\"}]},{\"@type\":\"WebSite\",\"@id\":\"https:\/\/www.spirit-us.eu\/#website\",\"url\":\"https:\/\/www.spirit-us.eu\/\",\"name\":\"Spirit-US\",\"description\":\"\",\"publisher\":{\"@id\":\"https:\/\/www.spirit-us.eu\/#organization\"},\"potentialAction\":[{\"@type\":\"SearchAction\",\"target\":{\"@type\":\"EntryPoint\",\"urlTemplate\":\"https:\/\/www.spirit-us.eu\/?s={search_term_string}\"},\"query-input\":{\"@type\":\"PropertyValueSpecification\",\"valueRequired\":true,\"valueName\":\"search_term_string\"}}],\"inLanguage\":\"fr-FR\"},{\"@type\":\"Organization\",\"@id\":\"https:\/\/www.spirit-us.eu\/#organization\",\"name\":\"Spirit-US\",\"url\":\"https:\/\/www.spirit-us.eu\/\",\"logo\":{\"@type\":\"ImageObject\",\"inLanguage\":\"fr-FR\",\"@id\":\"https:\/\/www.spirit-us.eu\/#\/schema\/logo\/image\/\",\"url\":\"https:\/\/www.spirit-us.eu\/wp-content\/uploads\/2025\/11\/logo-regarde-linterlocutrice-sans-arrriere-plan.jpg\",\"contentUrl\":\"https:\/\/www.spirit-us.eu\/wp-content\/uploads\/2025\/11\/logo-regarde-linterlocutrice-sans-arrriere-plan.jpg\",\"width\":1080,\"height\":1080,\"caption\":\"Spirit-US\"},\"image\":{\"@id\":\"https:\/\/www.spirit-us.eu\/#\/schema\/logo\/image\/\"},\"sameAs\":[\"https:\/\/www.facebook.com\/spirit.us.deum\"]}]}<\/script>\n<!-- \/ Yoast SEO plugin. -->","yoast_head_json":{"title":"BROCHE feuille de gingko et perle - Spirit-US","robots":{"index":"index","follow":"follow","max-snippet":"max-snippet:-1","max-image-preview":"max-image-preview:large","max-video-preview":"max-video-preview:-1"},"canonical":"https:\/\/www.spirit-us.eu\/index.php\/produit\/broche-feuille-de-gingko-et-perle\/","og_locale":"fr_FR","og_type":"article","og_title":"BROCHE feuille de gingko et perle - Spirit-US","og_description":"Magnifique broche tr\u00e8s tendance qui vient compl\u00e9ter notre collection Gingko : cet arbre qui repr\u00e9sente l'immortalit\u00e9, l'\u00e9ternit\u00e9, le passage des vies, \u00e9tant donn\u00e9 son anciennet\u00e9 sur la terre et sa puissance.\u00a0 Il est aussi m\u00e9dicinal, puisque sa substance permet de traiter les maladies de sang et de r\u00e9activer la micro-circulation dans les vaisseaux.\u00a0 On s'entoure de symboles, de bijoux, de d\u00e9coration et on consomme des tisanes ou sa teinture-m\u00e8re quand on a besoin de booster son \u00e9nergie et de bien se concentrer, d'\u00e9tudier avec efficacit\u00e9.","og_url":"https:\/\/www.spirit-us.eu\/index.php\/produit\/broche-feuille-de-gingko-et-perle\/","og_site_name":"Spirit-US","article_publisher":"https:\/\/www.facebook.com\/spirit.us.deum","article_modified_time":"2025-12-17T10:35:23+00:00","og_image":[{"width":1080,"height":1080,"url":"https:\/\/www.spirit-us.eu\/wp-content\/uploads\/2025\/12\/broche-gingko-perle.png","type":"image\/png"}],"twitter_card":"summary_large_image","twitter_misc":{"Dur\u00e9e de lecture estim\u00e9e":"1 minute"},"schema":{"@context":"https:\/\/schema.org","@graph":[{"@type":"WebPage","@id":"https:\/\/www.spirit-us.eu\/index.php\/produit\/broche-feuille-de-gingko-et-perle\/","url":"https:\/\/www.spirit-us.eu\/index.php\/produit\/broche-feuille-de-gingko-et-perle\/","name":"BROCHE feuille de gingko et perle - Spirit-US","isPartOf":{"@id":"https:\/\/www.spirit-us.eu\/#website"},"primaryImageOfPage":{"@id":"https:\/\/www.spirit-us.eu\/index.php\/produit\/broche-feuille-de-gingko-et-perle\/#primaryimage"},"image":{"@id":"https:\/\/www.spirit-us.eu\/index.php\/produit\/broche-feuille-de-gingko-et-perle\/#primaryimage"},"thumbnailUrl":"https:\/\/www.spirit-us.eu\/wp-content\/uploads\/2025\/12\/broche-gingko-perle.png","datePublished":"2025-12-17T10:35:22+00:00","dateModified":"2025-12-17T10:35:23+00:00","breadcrumb":{"@id":"https:\/\/www.spirit-us.eu\/index.php\/produit\/broche-feuille-de-gingko-et-perle\/#breadcrumb"},"inLanguage":"fr-FR","potentialAction":[{"@type":"ReadAction","target":["https:\/\/www.spirit-us.eu\/index.php\/produit\/broche-feuille-de-gingko-et-perle\/"]}]},{"@type":"ImageObject","inLanguage":"fr-FR","@id":"https:\/\/www.spirit-us.eu\/index.php\/produit\/broche-feuille-de-gingko-et-perle\/#primaryimage","url":"https:\/\/www.spirit-us.eu\/wp-content\/uploads\/2025\/12\/broche-gingko-perle.png","contentUrl":"https:\/\/www.spirit-us.eu\/wp-content\/uploads\/2025\/12\/broche-gingko-perle.png","width":1080,"height":1080},{"@type":"BreadcrumbList","@id":"https:\/\/www.spirit-us.eu\/index.php\/produit\/broche-feuille-de-gingko-et-perle\/#breadcrumb","itemListElement":[{"@type":"ListItem","position":1,"name":"Accueil","item":"https:\/\/www.spirit-us.eu\/"},{"@type":"ListItem","position":2,"name":"Boutique","item":"https:\/\/www.spirit-us.eu\/index.php\/boutique\/"},{"@type":"ListItem","position":3,"name":"BROCHE feuille de gingko et perle"}]},{"@type":"WebSite","@id":"https:\/\/www.spirit-us.eu\/#website","url":"https:\/\/www.spirit-us.eu\/","name":"Spirit-US","description":"","publisher":{"@id":"https:\/\/www.spirit-us.eu\/#organization"},"potentialAction":[{"@type":"SearchAction","target":{"@type":"EntryPoint","urlTemplate":"https:\/\/www.spirit-us.eu\/?s={search_term_string}"},"query-input":{"@type":"PropertyValueSpecification","valueRequired":true,"valueName":"search_term_string"}}],"inLanguage":"fr-FR"},{"@type":"Organization","@id":"https:\/\/www.spirit-us.eu\/#organization","name":"Spirit-US","url":"https:\/\/www.spirit-us.eu\/","logo":{"@type":"ImageObject","inLanguage":"fr-FR","@id":"https:\/\/www.spirit-us.eu\/#\/schema\/logo\/image\/","url":"https:\/\/www.spirit-us.eu\/wp-content\/uploads\/2025\/11\/logo-regarde-linterlocutrice-sans-arrriere-plan.jpg","contentUrl":"https:\/\/www.spirit-us.eu\/wp-content\/uploads\/2025\/11\/logo-regarde-linterlocutrice-sans-arrriere-plan.jpg","width":1080,"height":1080,"caption":"Spirit-US"},"image":{"@id":"https:\/\/www.spirit-us.eu\/#\/schema\/logo\/image\/"},"sameAs":["https:\/\/www.facebook.com\/spirit.us.deum"]}]}},"jetpack_sharing_enabled":true,"_links":{"self":[{"href":"https:\/\/www.spirit-us.eu\/index.php\/wp-json\/wp\/v2\/product\/3290","targetHints":{"allow":["GET"]}}],"collection":[{"href":"https:\/\/www.spirit-us.eu\/index.php\/wp-json\/wp\/v2\/product"}],"about":[{"href":"https:\/\/www.spirit-us.eu\/index.php\/wp-json\/wp\/v2\/types\/product"}],"replies":[{"embeddable":true,"href":"https:\/\/www.spirit-us.eu\/index.php\/wp-json\/wp\/v2\/comments?post=3290"}],"wp:featuredmedia":[{"embeddable":true,"href":"https:\/\/www.spirit-us.eu\/index.php\/wp-json\/wp\/v2\/media\/3292"}],"wp:attachment":[{"href":"https:\/\/www.spirit-us.eu\/index.php\/wp-json\/wp\/v2\/media?parent=3290"}],"wp:term":[{"taxonomy":"product_brand","embeddable":true,"href":"https:\/\/www.spirit-us.eu\/index.php\/wp-json\/wp\/v2\/product_brand?post=3290"},{"taxonomy":"product_cat","embeddable":true,"href":"https:\/\/www.spirit-us.eu\/index.php\/wp-json\/wp\/v2\/product_cat?post=3290"},{"taxonomy":"product_tag","embeddable":true,"href":"https:\/\/www.spirit-us.eu\/index.php\/wp-json\/wp\/v2\/product_tag?post=3290"},{"taxonomy":"mwb_booking_cost","embeddable":true,"href":"https:\/\/www.spirit-us.eu\/index.php\/wp-json\/wp\/v2\/mwb_booking_cost?post=3290"},{"taxonomy":"mwb_booking_service","embeddable":true,"href":"https:\/\/www.spirit-us.eu\/index.php\/wp-json\/wp\/v2\/mwb_booking_service?post=3290"}],"curies":[{"name":"wp","href":"https:\/\/api.w.org\/{rel}","templated":true}]}}