{"id":3146,"date":"2025-12-16T14:16:16","date_gmt":"2025-12-16T13:16:16","guid":{"rendered":"https:\/\/www.spirit-us.eu\/?post_type=product&#038;p=3146"},"modified":"2025-12-17T00:01:14","modified_gmt":"2025-12-16T23:01:14","slug":"boucles-doreilles-7-chakras-en-pierres-naturelles","status":"publish","type":"product","link":"https:\/\/www.spirit-us.eu\/index.php\/produit\/boucles-doreilles-7-chakras-en-pierres-naturelles\/","title":{"rendered":"Boucles d&rsquo;oreilles 7 chakras en pierres naturelles"},"content":{"rendered":"<p><strong>Dimensions<\/strong> :<\/p>\n<ul>\n<li>hauteur\u00a0 6,5 cm<\/li>\n<li>\u00e9paisseur des pierres naturelles : entre 0,5 cm et 1 cm (perles baroques)<\/li>\n<\/ul>\n<p><strong>Couleurs<\/strong> : rouge, orang\u00e9, jaune citrine, vert, bleu turquoise, violet et rose<\/p>\n<p><strong>Mat\u00e9riau<\/strong> : pierre naturelle<\/p>\n<p>Livr\u00e9 dans un coffret color\u00e9, int\u00e9rieur velours noir.<\/p>\n","protected":false},"excerpt":{"rendered":"<p>Magnifiques boucles d&rsquo;oreilles pendantes en\u00a0 pierres naturelles aux couleurs des chakras. C&rsquo;est un tr\u00e8s beau pr\u00e9sent d&rsquo;amour \u00e0 faire ou \u00e0 se faire, en toute occasion. Mont\u00e9es sur argent 0,925, nous recensons le jaspe rouge, la cornaline, la citrine, la turquoise, l&rsquo;aventurine, et deux perles d&rsquo;am\u00e9thyste violet et violet-ros\u00e9.<\/p>\n","protected":false},"featured_media":3151,"comment_status":"open","ping_status":"closed","template":"","meta":[],"product_brand":[],"product_cat":[156,461],"product_tag":[172,469,188,472,184],"mwb_booking_cost":[],"mwb_booking_service":[],"class_list":{"0":"post-3146","1":"product","2":"type-product","3":"status-publish","4":"has-post-thumbnail","6":"product_cat-04-bijoux","7":"product_cat-007-boucles-doreilles","8":"product_tag-amour","9":"product_tag-boucles-doreilles","10":"product_tag-chakras-collection","11":"product_tag-pierres-naturelles","12":"product_tag-saint-valentin","14":"first","15":"instock","16":"shipping-taxable","17":"purchasable","18":"product-type-simple"},"yoast_head":"<!-- This site is optimized with the Yoast SEO plugin v27.1.1 - https:\/\/yoast.com\/product\/yoast-seo-wordpress\/ -->\n<title>Boucles d&#039;oreilles 7 chakras en pierres naturelles - Spirit-US<\/title>\n<meta name=\"robots\" content=\"index, follow, max-snippet:-1, max-image-preview:large, max-video-preview:-1\" \/>\n<link rel=\"canonical\" href=\"https:\/\/www.spirit-us.eu\/index.php\/produit\/boucles-doreilles-7-chakras-en-pierres-naturelles\/\" \/>\n<meta property=\"og:locale\" content=\"fr_FR\" \/>\n<meta property=\"og:type\" content=\"article\" \/>\n<meta property=\"og:title\" content=\"Boucles d&#039;oreilles 7 chakras en pierres naturelles - Spirit-US\" \/>\n<meta property=\"og:description\" content=\"Magnifiques boucles d&#039;oreilles pendantes en\u00a0 pierres naturelles aux couleurs des chakras. C&#039;est un tr\u00e8s beau pr\u00e9sent d&#039;amour \u00e0 faire ou \u00e0 se faire, en toute occasion. Mont\u00e9es sur argent 0,925, nous recensons le jaspe rouge, la cornaline, la citrine, la turquoise, l&#039;aventurine, et deux perles d&#039;am\u00e9thyste violet et violet-ros\u00e9.\" \/>\n<meta property=\"og:url\" content=\"https:\/\/www.spirit-us.eu\/index.php\/produit\/boucles-doreilles-7-chakras-en-pierres-naturelles\/\" \/>\n<meta property=\"og:site_name\" content=\"Spirit-US\" \/>\n<meta property=\"article:publisher\" content=\"https:\/\/www.facebook.com\/spirit.us.deum\" \/>\n<meta property=\"article:modified_time\" content=\"2025-12-16T23:01:14+00:00\" \/>\n<meta property=\"og:image\" content=\"https:\/\/www.spirit-us.eu\/wp-content\/uploads\/2025\/12\/IMG_8007-scaled.jpg\" \/>\n\t<meta property=\"og:image:width\" content=\"2560\" \/>\n\t<meta property=\"og:image:height\" content=\"2370\" \/>\n\t<meta property=\"og:image:type\" content=\"image\/jpeg\" \/>\n<meta name=\"twitter:card\" content=\"summary_large_image\" \/>\n<meta name=\"twitter:label1\" content=\"Dur\u00e9e de lecture estim\u00e9e\" \/>\n\t<meta name=\"twitter:data1\" content=\"1 minute\" \/>\n<script type=\"application\/ld+json\" class=\"yoast-schema-graph\">{\"@context\":\"https:\/\/schema.org\",\"@graph\":[{\"@type\":\"WebPage\",\"@id\":\"https:\/\/www.spirit-us.eu\/index.php\/produit\/boucles-doreilles-7-chakras-en-pierres-naturelles\/\",\"url\":\"https:\/\/www.spirit-us.eu\/index.php\/produit\/boucles-doreilles-7-chakras-en-pierres-naturelles\/\",\"name\":\"Boucles d'oreilles 7 chakras en pierres naturelles - Spirit-US\",\"isPartOf\":{\"@id\":\"https:\/\/www.spirit-us.eu\/#website\"},\"primaryImageOfPage\":{\"@id\":\"https:\/\/www.spirit-us.eu\/index.php\/produit\/boucles-doreilles-7-chakras-en-pierres-naturelles\/#primaryimage\"},\"image\":{\"@id\":\"https:\/\/www.spirit-us.eu\/index.php\/produit\/boucles-doreilles-7-chakras-en-pierres-naturelles\/#primaryimage\"},\"thumbnailUrl\":\"https:\/\/www.spirit-us.eu\/wp-content\/uploads\/2025\/12\/IMG_8007-scaled.jpg\",\"datePublished\":\"2025-12-16T13:16:16+00:00\",\"dateModified\":\"2025-12-16T23:01:14+00:00\",\"breadcrumb\":{\"@id\":\"https:\/\/www.spirit-us.eu\/index.php\/produit\/boucles-doreilles-7-chakras-en-pierres-naturelles\/#breadcrumb\"},\"inLanguage\":\"fr-FR\",\"potentialAction\":[{\"@type\":\"ReadAction\",\"target\":[\"https:\/\/www.spirit-us.eu\/index.php\/produit\/boucles-doreilles-7-chakras-en-pierres-naturelles\/\"]}]},{\"@type\":\"ImageObject\",\"inLanguage\":\"fr-FR\",\"@id\":\"https:\/\/www.spirit-us.eu\/index.php\/produit\/boucles-doreilles-7-chakras-en-pierres-naturelles\/#primaryimage\",\"url\":\"https:\/\/www.spirit-us.eu\/wp-content\/uploads\/2025\/12\/IMG_8007-scaled.jpg\",\"contentUrl\":\"https:\/\/www.spirit-us.eu\/wp-content\/uploads\/2025\/12\/IMG_8007-scaled.jpg\",\"width\":2560,\"height\":2370},{\"@type\":\"BreadcrumbList\",\"@id\":\"https:\/\/www.spirit-us.eu\/index.php\/produit\/boucles-doreilles-7-chakras-en-pierres-naturelles\/#breadcrumb\",\"itemListElement\":[{\"@type\":\"ListItem\",\"position\":1,\"name\":\"Accueil\",\"item\":\"https:\/\/www.spirit-us.eu\/\"},{\"@type\":\"ListItem\",\"position\":2,\"name\":\"Boutique\",\"item\":\"https:\/\/www.spirit-us.eu\/index.php\/boutique\/\"},{\"@type\":\"ListItem\",\"position\":3,\"name\":\"Boucles d&rsquo;oreilles 7 chakras en pierres naturelles\"}]},{\"@type\":\"WebSite\",\"@id\":\"https:\/\/www.spirit-us.eu\/#website\",\"url\":\"https:\/\/www.spirit-us.eu\/\",\"name\":\"Spirit-US\",\"description\":\"\",\"publisher\":{\"@id\":\"https:\/\/www.spirit-us.eu\/#organization\"},\"potentialAction\":[{\"@type\":\"SearchAction\",\"target\":{\"@type\":\"EntryPoint\",\"urlTemplate\":\"https:\/\/www.spirit-us.eu\/?s={search_term_string}\"},\"query-input\":{\"@type\":\"PropertyValueSpecification\",\"valueRequired\":true,\"valueName\":\"search_term_string\"}}],\"inLanguage\":\"fr-FR\"},{\"@type\":\"Organization\",\"@id\":\"https:\/\/www.spirit-us.eu\/#organization\",\"name\":\"Spirit-US\",\"url\":\"https:\/\/www.spirit-us.eu\/\",\"logo\":{\"@type\":\"ImageObject\",\"inLanguage\":\"fr-FR\",\"@id\":\"https:\/\/www.spirit-us.eu\/#\/schema\/logo\/image\/\",\"url\":\"https:\/\/www.spirit-us.eu\/wp-content\/uploads\/2025\/11\/logo-regarde-linterlocutrice-sans-arrriere-plan.jpg\",\"contentUrl\":\"https:\/\/www.spirit-us.eu\/wp-content\/uploads\/2025\/11\/logo-regarde-linterlocutrice-sans-arrriere-plan.jpg\",\"width\":1080,\"height\":1080,\"caption\":\"Spirit-US\"},\"image\":{\"@id\":\"https:\/\/www.spirit-us.eu\/#\/schema\/logo\/image\/\"},\"sameAs\":[\"https:\/\/www.facebook.com\/spirit.us.deum\"]}]}<\/script>\n<!-- \/ Yoast SEO plugin. -->","yoast_head_json":{"title":"Boucles d'oreilles 7 chakras en pierres naturelles - Spirit-US","robots":{"index":"index","follow":"follow","max-snippet":"max-snippet:-1","max-image-preview":"max-image-preview:large","max-video-preview":"max-video-preview:-1"},"canonical":"https:\/\/www.spirit-us.eu\/index.php\/produit\/boucles-doreilles-7-chakras-en-pierres-naturelles\/","og_locale":"fr_FR","og_type":"article","og_title":"Boucles d'oreilles 7 chakras en pierres naturelles - Spirit-US","og_description":"Magnifiques boucles d'oreilles pendantes en\u00a0 pierres naturelles aux couleurs des chakras. C'est un tr\u00e8s beau pr\u00e9sent d'amour \u00e0 faire ou \u00e0 se faire, en toute occasion. Mont\u00e9es sur argent 0,925, nous recensons le jaspe rouge, la cornaline, la citrine, la turquoise, l'aventurine, et deux perles d'am\u00e9thyste violet et violet-ros\u00e9.","og_url":"https:\/\/www.spirit-us.eu\/index.php\/produit\/boucles-doreilles-7-chakras-en-pierres-naturelles\/","og_site_name":"Spirit-US","article_publisher":"https:\/\/www.facebook.com\/spirit.us.deum","article_modified_time":"2025-12-16T23:01:14+00:00","og_image":[{"width":2560,"height":2370,"url":"https:\/\/www.spirit-us.eu\/wp-content\/uploads\/2025\/12\/IMG_8007-scaled.jpg","type":"image\/jpeg"}],"twitter_card":"summary_large_image","twitter_misc":{"Dur\u00e9e de lecture estim\u00e9e":"1 minute"},"schema":{"@context":"https:\/\/schema.org","@graph":[{"@type":"WebPage","@id":"https:\/\/www.spirit-us.eu\/index.php\/produit\/boucles-doreilles-7-chakras-en-pierres-naturelles\/","url":"https:\/\/www.spirit-us.eu\/index.php\/produit\/boucles-doreilles-7-chakras-en-pierres-naturelles\/","name":"Boucles d'oreilles 7 chakras en pierres naturelles - Spirit-US","isPartOf":{"@id":"https:\/\/www.spirit-us.eu\/#website"},"primaryImageOfPage":{"@id":"https:\/\/www.spirit-us.eu\/index.php\/produit\/boucles-doreilles-7-chakras-en-pierres-naturelles\/#primaryimage"},"image":{"@id":"https:\/\/www.spirit-us.eu\/index.php\/produit\/boucles-doreilles-7-chakras-en-pierres-naturelles\/#primaryimage"},"thumbnailUrl":"https:\/\/www.spirit-us.eu\/wp-content\/uploads\/2025\/12\/IMG_8007-scaled.jpg","datePublished":"2025-12-16T13:16:16+00:00","dateModified":"2025-12-16T23:01:14+00:00","breadcrumb":{"@id":"https:\/\/www.spirit-us.eu\/index.php\/produit\/boucles-doreilles-7-chakras-en-pierres-naturelles\/#breadcrumb"},"inLanguage":"fr-FR","potentialAction":[{"@type":"ReadAction","target":["https:\/\/www.spirit-us.eu\/index.php\/produit\/boucles-doreilles-7-chakras-en-pierres-naturelles\/"]}]},{"@type":"ImageObject","inLanguage":"fr-FR","@id":"https:\/\/www.spirit-us.eu\/index.php\/produit\/boucles-doreilles-7-chakras-en-pierres-naturelles\/#primaryimage","url":"https:\/\/www.spirit-us.eu\/wp-content\/uploads\/2025\/12\/IMG_8007-scaled.jpg","contentUrl":"https:\/\/www.spirit-us.eu\/wp-content\/uploads\/2025\/12\/IMG_8007-scaled.jpg","width":2560,"height":2370},{"@type":"BreadcrumbList","@id":"https:\/\/www.spirit-us.eu\/index.php\/produit\/boucles-doreilles-7-chakras-en-pierres-naturelles\/#breadcrumb","itemListElement":[{"@type":"ListItem","position":1,"name":"Accueil","item":"https:\/\/www.spirit-us.eu\/"},{"@type":"ListItem","position":2,"name":"Boutique","item":"https:\/\/www.spirit-us.eu\/index.php\/boutique\/"},{"@type":"ListItem","position":3,"name":"Boucles d&rsquo;oreilles 7 chakras en pierres naturelles"}]},{"@type":"WebSite","@id":"https:\/\/www.spirit-us.eu\/#website","url":"https:\/\/www.spirit-us.eu\/","name":"Spirit-US","description":"","publisher":{"@id":"https:\/\/www.spirit-us.eu\/#organization"},"potentialAction":[{"@type":"SearchAction","target":{"@type":"EntryPoint","urlTemplate":"https:\/\/www.spirit-us.eu\/?s={search_term_string}"},"query-input":{"@type":"PropertyValueSpecification","valueRequired":true,"valueName":"search_term_string"}}],"inLanguage":"fr-FR"},{"@type":"Organization","@id":"https:\/\/www.spirit-us.eu\/#organization","name":"Spirit-US","url":"https:\/\/www.spirit-us.eu\/","logo":{"@type":"ImageObject","inLanguage":"fr-FR","@id":"https:\/\/www.spirit-us.eu\/#\/schema\/logo\/image\/","url":"https:\/\/www.spirit-us.eu\/wp-content\/uploads\/2025\/11\/logo-regarde-linterlocutrice-sans-arrriere-plan.jpg","contentUrl":"https:\/\/www.spirit-us.eu\/wp-content\/uploads\/2025\/11\/logo-regarde-linterlocutrice-sans-arrriere-plan.jpg","width":1080,"height":1080,"caption":"Spirit-US"},"image":{"@id":"https:\/\/www.spirit-us.eu\/#\/schema\/logo\/image\/"},"sameAs":["https:\/\/www.facebook.com\/spirit.us.deum"]}]}},"jetpack_sharing_enabled":true,"_links":{"self":[{"href":"https:\/\/www.spirit-us.eu\/index.php\/wp-json\/wp\/v2\/product\/3146","targetHints":{"allow":["GET"]}}],"collection":[{"href":"https:\/\/www.spirit-us.eu\/index.php\/wp-json\/wp\/v2\/product"}],"about":[{"href":"https:\/\/www.spirit-us.eu\/index.php\/wp-json\/wp\/v2\/types\/product"}],"replies":[{"embeddable":true,"href":"https:\/\/www.spirit-us.eu\/index.php\/wp-json\/wp\/v2\/comments?post=3146"}],"wp:featuredmedia":[{"embeddable":true,"href":"https:\/\/www.spirit-us.eu\/index.php\/wp-json\/wp\/v2\/media\/3151"}],"wp:attachment":[{"href":"https:\/\/www.spirit-us.eu\/index.php\/wp-json\/wp\/v2\/media?parent=3146"}],"wp:term":[{"taxonomy":"product_brand","embeddable":true,"href":"https:\/\/www.spirit-us.eu\/index.php\/wp-json\/wp\/v2\/product_brand?post=3146"},{"taxonomy":"product_cat","embeddable":true,"href":"https:\/\/www.spirit-us.eu\/index.php\/wp-json\/wp\/v2\/product_cat?post=3146"},{"taxonomy":"product_tag","embeddable":true,"href":"https:\/\/www.spirit-us.eu\/index.php\/wp-json\/wp\/v2\/product_tag?post=3146"},{"taxonomy":"mwb_booking_cost","embeddable":true,"href":"https:\/\/www.spirit-us.eu\/index.php\/wp-json\/wp\/v2\/mwb_booking_cost?post=3146"},{"taxonomy":"mwb_booking_service","embeddable":true,"href":"https:\/\/www.spirit-us.eu\/index.php\/wp-json\/wp\/v2\/mwb_booking_service?post=3146"}],"curies":[{"name":"wp","href":"https:\/\/api.w.org\/{rel}","templated":true}]}}