{"id":311,"date":"2025-01-29T15:40:16","date_gmt":"2025-01-29T14:40:16","guid":{"rendered":"https:\/\/www.spirit-us.eu\/?post_type=product&#038;p=311"},"modified":"2025-02-14T18:15:35","modified_gmt":"2025-02-14T17:15:35","slug":"abolir-les-croyances-limitantes","status":"publish","type":"product","link":"https:\/\/www.spirit-us.eu\/index.php\/produit\/abolir-les-croyances-limitantes\/","title":{"rendered":"Abolir les CROYANCES LIMITANTES"},"content":{"rendered":"<p><u>Extrait :<\/u><\/p>\n<p>Les croyances limitantes deviennent des\u00a0pens\u00e9es n\u00e9gatives qui nous emp\u00eachent d\u2019atteindre nos objectifs ou de r\u00e9aliser notre plein potentiel.\u00a0Elles se manifestent sous forme de phrases ou de voix int\u00e9rieures, qui tournent en boucle, qui nous font douter de nous-m\u00eames ou de nos capacit\u00e9s.\u00a0Par exemple\u00a0:<\/p>\n<ul>\n<li><em>Je ne suis pas assez (bien, bon.ne, intelligent.e, etc.)<\/em><\/li>\n<li><em>Je n\u2019ai pas ma place ici<\/em><\/li>\n<li><em>Je ne m\u00e9rite pas d\u2019\u00eatre aim\u00e9.e<\/em><\/li>\n<li><em>Je suis trop (vieux, jeune, moche, gros.se, etc.)<\/em><\/li>\n<li><em>La vie est dure<\/em><\/li>\n<li><em>On ne peut pas tout avoir dans la vie<\/em><\/li>\n<li><em>Je n\u2019en suis pas capable \u2026<\/em><\/li>\n<\/ul>\n<p><em>Tout le monde se fait inculquer ou s\u2019auto-inculque des croyances toxiques d\u2019une mani\u00e8re ou d\u2019une autre. Tout le monde d\u00e9veloppe des croyances limitantes \u00e0 un moment ou \u00e0 un autre, alors apprendre \u00e0 les identifier peut aider \u00e0 dissoudre ces fausses id\u00e9es.<\/em><\/p>\n<p><em>Pire, selon la loi universelle de l\u2019attraction, ces limites attirent les limites.<\/em><\/p>\n<p><em>Les croyances limitantes ont toutes la m\u00eame origine\u00a0: la volont\u00e9 du cerveau de se prot\u00e9ger pr\u00e9ventivement de la douleur. Parmi ces d\u00e9clencheurs, on retrouve la peur, le sentiment d\u2019abandon ou de rejet, le\u00a0<a href=\"https:\/\/asana.com\/fr\/resources\/impostor-syndrome\">syndrome de l\u2019imposteur<\/a>\u00a0et les exp\u00e9riences pass\u00e9es.\u00a0\u00a0<\/em><\/p>\n<p>&nbsp;<\/p>\n<p><em>Il y a une diff\u00e9rence entre croyances personnelles et croyances collectives, croyances li\u00e9es \u00e0 des domaines en particulier\u00a0ou encore les croyances familiales &amp; transg\u00e9n\u00e9rationnelles.\u00a0 Ce soin vous permettra de les identifier.<\/em><\/p>\n<p>&nbsp;<\/p>\n<p><em>Une croyance peut \u00eatre un envo\u00fbtement, et ensuite elle devient un auto envo\u00fbtement<\/em><\/p>\n<p><em>Il faut v\u00e9ritablement trancher tout lien toxique avec ce genre de croyance, pour devenir libre\u00a0et cr\u00e9atif\/cr\u00e9ative.<\/em><\/p>\n<p>&nbsp;<\/p>\n<p><em>Il y a des croyances et des intimes convictions nocives, toxiques et m\u00eame dangereuses car elles nous font croire que tout est fig\u00e9 \u00e0 jamais. Des croyances secr\u00e8tes qui nous emp\u00eachent de r\u00e9ussir dans des domaines divers comme les changements d\u00e9sir\u00e9s de carri\u00e8re, les finances, l\u2019amour (et la solitude), l\u2019abondance positive, notre juste place sur terre, etc.<\/em><\/p>\n<p><em>Par ce soin vous allez vous extraire des sch\u00e9mas limitants de l\u2019inconscient collectif de l\u2019humanit\u00e9, des sch\u00e9mas familiaux, des sch\u00e9mas personnels.<\/em><\/p>\n<p>&nbsp;<\/p>\n","protected":false},"excerpt":{"rendered":"<p>Soin psycho-spirituel sous forme d&rsquo;audio avec musique.<\/p>\n<p>Dur\u00e9e : 40 minutes (avec musique) &#8211; \u00e0 \u00e9couter quotidiennement selon le cycle de la m\u00e9moire (21 jours)<\/p>\n<p>T\u00e9l\u00e9chargeable, disponible imm\u00e9diatement.<\/p>\n<p>Vaincre les blocages dans votre vie en supprimant les croyances qui vous limitent et vous emp\u00eachent d\u2019avancer.\u00a0 Purifier vos champs \u00e9nerg\u00e9tiques en r\u00e9-encodant votre conscience et votre inconscient avec de nouvelles \u00e9nergies portantes.<\/p>\n<p>Livr\u00e9 avec un protocole d&rsquo;analyse personnelle des croyances et une liste non-exhaustive des croyances limitantes sur lesquelles travailler pour lib\u00e9rer les champs \u00e9nerg\u00e9tiques de tout blocage.\u00a0 Une bibliographie compl\u00e8te ce document.<\/p>\n<p>En \u00e9coutant ce soin et en accomplissant le protocole d\u2019identification des croyances qui vous limitent, vous r\u00e9-encoderez votre conscience et votre inconscient \u00e0 des id\u00e9es portantes qui vous permettront d\u2019initier un changement parfait dans votre vie en tous plans\u00a0: professionnel, sentimental,\u00a0 financier, \u00e9motionnel.<\/p>\n<p>&nbsp;<\/p>\n","protected":false},"featured_media":334,"comment_status":"open","ping_status":"closed","template":"","meta":[],"product_brand":[],"product_cat":[155],"product_tag":[],"mwb_booking_cost":[],"mwb_booking_service":[],"class_list":{"0":"post-311","1":"product","2":"type-product","3":"status-publish","4":"has-post-thumbnail","6":"product_cat-02-soins-accueil","8":"first","9":"instock","10":"downloadable","11":"virtual","12":"purchasable","13":"product-type-simple"},"yoast_head":"<!-- This site is optimized with the Yoast SEO plugin v27.1.1 - https:\/\/yoast.com\/product\/yoast-seo-wordpress\/ -->\n<title>Abolir les CROYANCES LIMITANTES - Spirit-US<\/title>\n<meta name=\"robots\" content=\"index, follow, max-snippet:-1, max-image-preview:large, max-video-preview:-1\" \/>\n<link rel=\"canonical\" href=\"https:\/\/www.spirit-us.eu\/index.php\/produit\/abolir-les-croyances-limitantes\/\" \/>\n<meta property=\"og:locale\" content=\"fr_FR\" \/>\n<meta property=\"og:type\" content=\"article\" \/>\n<meta property=\"og:title\" content=\"Abolir les CROYANCES LIMITANTES - Spirit-US\" \/>\n<meta property=\"og:description\" content=\"Soin psycho-spirituel sous forme d&#039;audio avec musique.  Dur\u00e9e : 40 minutes (avec musique) - \u00e0 \u00e9couter quotidiennement selon le cycle de la m\u00e9moire (21 jours)  T\u00e9l\u00e9chargeable, disponible imm\u00e9diatement.  Vaincre les blocages dans votre vie en supprimant les croyances qui vous limitent et vous emp\u00eachent d\u2019avancer.\u00a0 Purifier vos champs \u00e9nerg\u00e9tiques en r\u00e9-encodant votre conscience et votre inconscient avec de nouvelles \u00e9nergies portantes.  Livr\u00e9 avec un protocole d&#039;analyse personnelle des croyances et une liste non-exhaustive des croyances limitantes sur lesquelles travailler pour lib\u00e9rer les champs \u00e9nerg\u00e9tiques de tout blocage.\u00a0 Une bibliographie compl\u00e8te ce document.  En \u00e9coutant ce soin et en accomplissant le protocole d\u2019identification des croyances qui vous limitent, vous r\u00e9-encoderez votre conscience et votre inconscient \u00e0 des id\u00e9es portantes qui vous permettront d\u2019initier un changement parfait dans votre vie en tous plans\u00a0: professionnel, sentimental,\u00a0 financier, \u00e9motionnel.  &nbsp;\" \/>\n<meta property=\"og:url\" content=\"https:\/\/www.spirit-us.eu\/index.php\/produit\/abolir-les-croyances-limitantes\/\" \/>\n<meta property=\"og:site_name\" content=\"Spirit-US\" \/>\n<meta property=\"article:publisher\" content=\"https:\/\/www.facebook.com\/spirit.us.deum\" \/>\n<meta property=\"article:modified_time\" content=\"2025-02-14T17:15:35+00:00\" \/>\n<meta property=\"og:image\" content=\"https:\/\/www.spirit-us.eu\/wp-content\/uploads\/2025\/01\/Croyances-limitantes.png\" \/>\n\t<meta property=\"og:image:width\" content=\"1080\" \/>\n\t<meta property=\"og:image:height\" content=\"1080\" \/>\n\t<meta property=\"og:image:type\" content=\"image\/png\" \/>\n<meta name=\"twitter:card\" content=\"summary_large_image\" \/>\n<meta name=\"twitter:label1\" content=\"Dur\u00e9e de lecture estim\u00e9e\" \/>\n\t<meta name=\"twitter:data1\" content=\"2 minutes\" \/>\n<script type=\"application\/ld+json\" class=\"yoast-schema-graph\">{\"@context\":\"https:\/\/schema.org\",\"@graph\":[{\"@type\":\"WebPage\",\"@id\":\"https:\/\/www.spirit-us.eu\/index.php\/produit\/abolir-les-croyances-limitantes\/\",\"url\":\"https:\/\/www.spirit-us.eu\/index.php\/produit\/abolir-les-croyances-limitantes\/\",\"name\":\"Abolir les CROYANCES LIMITANTES - Spirit-US\",\"isPartOf\":{\"@id\":\"https:\/\/www.spirit-us.eu\/#website\"},\"primaryImageOfPage\":{\"@id\":\"https:\/\/www.spirit-us.eu\/index.php\/produit\/abolir-les-croyances-limitantes\/#primaryimage\"},\"image\":{\"@id\":\"https:\/\/www.spirit-us.eu\/index.php\/produit\/abolir-les-croyances-limitantes\/#primaryimage\"},\"thumbnailUrl\":\"https:\/\/www.spirit-us.eu\/wp-content\/uploads\/2025\/01\/Croyances-limitantes.png\",\"datePublished\":\"2025-01-29T14:40:16+00:00\",\"dateModified\":\"2025-02-14T17:15:35+00:00\",\"breadcrumb\":{\"@id\":\"https:\/\/www.spirit-us.eu\/index.php\/produit\/abolir-les-croyances-limitantes\/#breadcrumb\"},\"inLanguage\":\"fr-FR\",\"potentialAction\":[{\"@type\":\"ReadAction\",\"target\":[\"https:\/\/www.spirit-us.eu\/index.php\/produit\/abolir-les-croyances-limitantes\/\"]}]},{\"@type\":\"ImageObject\",\"inLanguage\":\"fr-FR\",\"@id\":\"https:\/\/www.spirit-us.eu\/index.php\/produit\/abolir-les-croyances-limitantes\/#primaryimage\",\"url\":\"https:\/\/www.spirit-us.eu\/wp-content\/uploads\/2025\/01\/Croyances-limitantes.png\",\"contentUrl\":\"https:\/\/www.spirit-us.eu\/wp-content\/uploads\/2025\/01\/Croyances-limitantes.png\",\"width\":1080,\"height\":1080},{\"@type\":\"BreadcrumbList\",\"@id\":\"https:\/\/www.spirit-us.eu\/index.php\/produit\/abolir-les-croyances-limitantes\/#breadcrumb\",\"itemListElement\":[{\"@type\":\"ListItem\",\"position\":1,\"name\":\"Accueil\",\"item\":\"https:\/\/www.spirit-us.eu\/\"},{\"@type\":\"ListItem\",\"position\":2,\"name\":\"Boutique\",\"item\":\"https:\/\/www.spirit-us.eu\/index.php\/boutique\/\"},{\"@type\":\"ListItem\",\"position\":3,\"name\":\"Abolir les CROYANCES LIMITANTES\"}]},{\"@type\":\"WebSite\",\"@id\":\"https:\/\/www.spirit-us.eu\/#website\",\"url\":\"https:\/\/www.spirit-us.eu\/\",\"name\":\"Spirit-US\",\"description\":\"\",\"publisher\":{\"@id\":\"https:\/\/www.spirit-us.eu\/#organization\"},\"potentialAction\":[{\"@type\":\"SearchAction\",\"target\":{\"@type\":\"EntryPoint\",\"urlTemplate\":\"https:\/\/www.spirit-us.eu\/?s={search_term_string}\"},\"query-input\":{\"@type\":\"PropertyValueSpecification\",\"valueRequired\":true,\"valueName\":\"search_term_string\"}}],\"inLanguage\":\"fr-FR\"},{\"@type\":\"Organization\",\"@id\":\"https:\/\/www.spirit-us.eu\/#organization\",\"name\":\"Spirit-US\",\"url\":\"https:\/\/www.spirit-us.eu\/\",\"logo\":{\"@type\":\"ImageObject\",\"inLanguage\":\"fr-FR\",\"@id\":\"https:\/\/www.spirit-us.eu\/#\/schema\/logo\/image\/\",\"url\":\"https:\/\/www.spirit-us.eu\/wp-content\/uploads\/2025\/11\/logo-regarde-linterlocutrice-sans-arrriere-plan.jpg\",\"contentUrl\":\"https:\/\/www.spirit-us.eu\/wp-content\/uploads\/2025\/11\/logo-regarde-linterlocutrice-sans-arrriere-plan.jpg\",\"width\":1080,\"height\":1080,\"caption\":\"Spirit-US\"},\"image\":{\"@id\":\"https:\/\/www.spirit-us.eu\/#\/schema\/logo\/image\/\"},\"sameAs\":[\"https:\/\/www.facebook.com\/spirit.us.deum\"]}]}<\/script>\n<!-- \/ Yoast SEO plugin. -->","yoast_head_json":{"title":"Abolir les CROYANCES LIMITANTES - Spirit-US","robots":{"index":"index","follow":"follow","max-snippet":"max-snippet:-1","max-image-preview":"max-image-preview:large","max-video-preview":"max-video-preview:-1"},"canonical":"https:\/\/www.spirit-us.eu\/index.php\/produit\/abolir-les-croyances-limitantes\/","og_locale":"fr_FR","og_type":"article","og_title":"Abolir les CROYANCES LIMITANTES - Spirit-US","og_description":"Soin psycho-spirituel sous forme d'audio avec musique.  Dur\u00e9e : 40 minutes (avec musique) - \u00e0 \u00e9couter quotidiennement selon le cycle de la m\u00e9moire (21 jours)  T\u00e9l\u00e9chargeable, disponible imm\u00e9diatement.  Vaincre les blocages dans votre vie en supprimant les croyances qui vous limitent et vous emp\u00eachent d\u2019avancer.\u00a0 Purifier vos champs \u00e9nerg\u00e9tiques en r\u00e9-encodant votre conscience et votre inconscient avec de nouvelles \u00e9nergies portantes.  Livr\u00e9 avec un protocole d'analyse personnelle des croyances et une liste non-exhaustive des croyances limitantes sur lesquelles travailler pour lib\u00e9rer les champs \u00e9nerg\u00e9tiques de tout blocage.\u00a0 Une bibliographie compl\u00e8te ce document.  En \u00e9coutant ce soin et en accomplissant le protocole d\u2019identification des croyances qui vous limitent, vous r\u00e9-encoderez votre conscience et votre inconscient \u00e0 des id\u00e9es portantes qui vous permettront d\u2019initier un changement parfait dans votre vie en tous plans\u00a0: professionnel, sentimental,\u00a0 financier, \u00e9motionnel.  &nbsp;","og_url":"https:\/\/www.spirit-us.eu\/index.php\/produit\/abolir-les-croyances-limitantes\/","og_site_name":"Spirit-US","article_publisher":"https:\/\/www.facebook.com\/spirit.us.deum","article_modified_time":"2025-02-14T17:15:35+00:00","og_image":[{"width":1080,"height":1080,"url":"https:\/\/www.spirit-us.eu\/wp-content\/uploads\/2025\/01\/Croyances-limitantes.png","type":"image\/png"}],"twitter_card":"summary_large_image","twitter_misc":{"Dur\u00e9e de lecture estim\u00e9e":"2 minutes"},"schema":{"@context":"https:\/\/schema.org","@graph":[{"@type":"WebPage","@id":"https:\/\/www.spirit-us.eu\/index.php\/produit\/abolir-les-croyances-limitantes\/","url":"https:\/\/www.spirit-us.eu\/index.php\/produit\/abolir-les-croyances-limitantes\/","name":"Abolir les CROYANCES LIMITANTES - Spirit-US","isPartOf":{"@id":"https:\/\/www.spirit-us.eu\/#website"},"primaryImageOfPage":{"@id":"https:\/\/www.spirit-us.eu\/index.php\/produit\/abolir-les-croyances-limitantes\/#primaryimage"},"image":{"@id":"https:\/\/www.spirit-us.eu\/index.php\/produit\/abolir-les-croyances-limitantes\/#primaryimage"},"thumbnailUrl":"https:\/\/www.spirit-us.eu\/wp-content\/uploads\/2025\/01\/Croyances-limitantes.png","datePublished":"2025-01-29T14:40:16+00:00","dateModified":"2025-02-14T17:15:35+00:00","breadcrumb":{"@id":"https:\/\/www.spirit-us.eu\/index.php\/produit\/abolir-les-croyances-limitantes\/#breadcrumb"},"inLanguage":"fr-FR","potentialAction":[{"@type":"ReadAction","target":["https:\/\/www.spirit-us.eu\/index.php\/produit\/abolir-les-croyances-limitantes\/"]}]},{"@type":"ImageObject","inLanguage":"fr-FR","@id":"https:\/\/www.spirit-us.eu\/index.php\/produit\/abolir-les-croyances-limitantes\/#primaryimage","url":"https:\/\/www.spirit-us.eu\/wp-content\/uploads\/2025\/01\/Croyances-limitantes.png","contentUrl":"https:\/\/www.spirit-us.eu\/wp-content\/uploads\/2025\/01\/Croyances-limitantes.png","width":1080,"height":1080},{"@type":"BreadcrumbList","@id":"https:\/\/www.spirit-us.eu\/index.php\/produit\/abolir-les-croyances-limitantes\/#breadcrumb","itemListElement":[{"@type":"ListItem","position":1,"name":"Accueil","item":"https:\/\/www.spirit-us.eu\/"},{"@type":"ListItem","position":2,"name":"Boutique","item":"https:\/\/www.spirit-us.eu\/index.php\/boutique\/"},{"@type":"ListItem","position":3,"name":"Abolir les CROYANCES LIMITANTES"}]},{"@type":"WebSite","@id":"https:\/\/www.spirit-us.eu\/#website","url":"https:\/\/www.spirit-us.eu\/","name":"Spirit-US","description":"","publisher":{"@id":"https:\/\/www.spirit-us.eu\/#organization"},"potentialAction":[{"@type":"SearchAction","target":{"@type":"EntryPoint","urlTemplate":"https:\/\/www.spirit-us.eu\/?s={search_term_string}"},"query-input":{"@type":"PropertyValueSpecification","valueRequired":true,"valueName":"search_term_string"}}],"inLanguage":"fr-FR"},{"@type":"Organization","@id":"https:\/\/www.spirit-us.eu\/#organization","name":"Spirit-US","url":"https:\/\/www.spirit-us.eu\/","logo":{"@type":"ImageObject","inLanguage":"fr-FR","@id":"https:\/\/www.spirit-us.eu\/#\/schema\/logo\/image\/","url":"https:\/\/www.spirit-us.eu\/wp-content\/uploads\/2025\/11\/logo-regarde-linterlocutrice-sans-arrriere-plan.jpg","contentUrl":"https:\/\/www.spirit-us.eu\/wp-content\/uploads\/2025\/11\/logo-regarde-linterlocutrice-sans-arrriere-plan.jpg","width":1080,"height":1080,"caption":"Spirit-US"},"image":{"@id":"https:\/\/www.spirit-us.eu\/#\/schema\/logo\/image\/"},"sameAs":["https:\/\/www.facebook.com\/spirit.us.deum"]}]}},"jetpack_sharing_enabled":true,"_links":{"self":[{"href":"https:\/\/www.spirit-us.eu\/index.php\/wp-json\/wp\/v2\/product\/311","targetHints":{"allow":["GET"]}}],"collection":[{"href":"https:\/\/www.spirit-us.eu\/index.php\/wp-json\/wp\/v2\/product"}],"about":[{"href":"https:\/\/www.spirit-us.eu\/index.php\/wp-json\/wp\/v2\/types\/product"}],"replies":[{"embeddable":true,"href":"https:\/\/www.spirit-us.eu\/index.php\/wp-json\/wp\/v2\/comments?post=311"}],"wp:featuredmedia":[{"embeddable":true,"href":"https:\/\/www.spirit-us.eu\/index.php\/wp-json\/wp\/v2\/media\/334"}],"wp:attachment":[{"href":"https:\/\/www.spirit-us.eu\/index.php\/wp-json\/wp\/v2\/media?parent=311"}],"wp:term":[{"taxonomy":"product_brand","embeddable":true,"href":"https:\/\/www.spirit-us.eu\/index.php\/wp-json\/wp\/v2\/product_brand?post=311"},{"taxonomy":"product_cat","embeddable":true,"href":"https:\/\/www.spirit-us.eu\/index.php\/wp-json\/wp\/v2\/product_cat?post=311"},{"taxonomy":"product_tag","embeddable":true,"href":"https:\/\/www.spirit-us.eu\/index.php\/wp-json\/wp\/v2\/product_tag?post=311"},{"taxonomy":"mwb_booking_cost","embeddable":true,"href":"https:\/\/www.spirit-us.eu\/index.php\/wp-json\/wp\/v2\/mwb_booking_cost?post=311"},{"taxonomy":"mwb_booking_service","embeddable":true,"href":"https:\/\/www.spirit-us.eu\/index.php\/wp-json\/wp\/v2\/mwb_booking_service?post=311"}],"curies":[{"name":"wp","href":"https:\/\/api.w.org\/{rel}","templated":true}]}}