{"id":3086,"date":"2025-12-14T19:43:14","date_gmt":"2025-12-14T18:43:14","guid":{"rendered":"https:\/\/www.spirit-us.eu\/?post_type=product&#038;p=3086"},"modified":"2025-12-20T10:10:20","modified_gmt":"2025-12-20T09:10:20","slug":"dizain-de-prieres-de-saint-benoit","status":"publish","type":"product","link":"https:\/\/www.spirit-us.eu\/index.php\/produit\/dizain-de-prieres-de-saint-benoit\/","title":{"rendered":"DIZAIN de pri\u00e8res de Saint BENOIT"},"content":{"rendered":"<p><strong>Dimensions<\/strong> :<\/p>\n<ul>\n<li>longueur totale du dizain<\/li>\n<li>diam\u00e8tre des m\u00e9dailles<\/li>\n<li>hauteur et largeur de la croix<\/li>\n<\/ul>\n<p><strong>Mat\u00e9riau<\/strong> : m\u00e9tal, m\u00e9tal teint\u00e9<\/p>\n<p><strong>Couleurs<\/strong> : argent\u00e9, dor\u00e9, bleu (\u00e9mail)<\/p>\n<p>Livr\u00e9 b\u00e9ni et exorcis\u00e9 dans la plus pure tradition de l&rsquo;exorcisme dont saint Beno\u00eet est le recteur historique.<\/p>\n<p>Accompagn\u00e9 d&rsquo;une pochette en velours.<\/p>\n<p>&nbsp;<\/p>\n","protected":false},"excerpt":{"rendered":"<p>Dizain, apportant un support indispensable aux pri\u00e8res de neuvaines.\u00a0 Compos\u00e9 de 11 m\u00e9dailles de saint Beno\u00eet en m\u00e9tal argent\u00e9 et d&rsquo;une croix de Malte color\u00e9e en bleu vif.\u00a0 Une perle dor\u00e9e repr\u00e9sente le Pater et le Gloria du d\u00e9but et de la fin.\u00a0 Le fermoir permet de porter ce dizain en bracelet ou de le fixer \u00e0 un autre support.<\/p>\n","protected":false},"featured_media":3087,"comment_status":"open","ping_status":"closed","template":"","meta":[],"product_brand":[],"product_cat":[508,166,17],"product_tag":[456,457,455,179],"mwb_booking_cost":[],"mwb_booking_service":[],"class_list":{"0":"post-3086","1":"product","2":"type-product","3":"status-publish","4":"has-post-thumbnail","6":"product_cat-004-images-bijoux-saints","7":"product_cat-07-spiritualite-et-benedictions","8":"product_cat-tous-les-produits","9":"product_tag-dizain","10":"product_tag-dizainier","11":"product_tag-prieres","12":"product_tag-saint-benoit","14":"first","15":"instock","16":"shipping-taxable","17":"purchasable","18":"product-type-simple"},"yoast_head":"<!-- This site is optimized with the Yoast SEO plugin v27.1.1 - https:\/\/yoast.com\/product\/yoast-seo-wordpress\/ -->\n<title>DIZAIN de pri\u00e8res de Saint BENOIT - Spirit-US<\/title>\n<meta name=\"robots\" content=\"index, follow, max-snippet:-1, max-image-preview:large, max-video-preview:-1\" \/>\n<link rel=\"canonical\" href=\"https:\/\/www.spirit-us.eu\/index.php\/produit\/dizain-de-prieres-de-saint-benoit\/\" \/>\n<meta property=\"og:locale\" content=\"fr_FR\" \/>\n<meta property=\"og:type\" content=\"article\" \/>\n<meta property=\"og:title\" content=\"DIZAIN de pri\u00e8res de Saint BENOIT - Spirit-US\" \/>\n<meta property=\"og:description\" content=\"Dizain, apportant un support indispensable aux pri\u00e8res de neuvaines.\u00a0 Compos\u00e9 de 11 m\u00e9dailles de saint Beno\u00eet en m\u00e9tal argent\u00e9 et d&#039;une croix de Malte color\u00e9e en bleu vif.\u00a0 Une perle dor\u00e9e repr\u00e9sente le Pater et le Gloria du d\u00e9but et de la fin.\u00a0 Le fermoir permet de porter ce dizain en bracelet ou de le fixer \u00e0 un autre support.\" \/>\n<meta property=\"og:url\" content=\"https:\/\/www.spirit-us.eu\/index.php\/produit\/dizain-de-prieres-de-saint-benoit\/\" \/>\n<meta property=\"og:site_name\" content=\"Spirit-US\" \/>\n<meta property=\"article:publisher\" content=\"https:\/\/www.facebook.com\/spirit.us.deum\" \/>\n<meta property=\"article:modified_time\" content=\"2025-12-20T09:10:20+00:00\" \/>\n<meta property=\"og:image\" content=\"https:\/\/www.spirit-us.eu\/wp-content\/uploads\/2025\/12\/IMG_7743-scaled.jpg\" \/>\n\t<meta property=\"og:image:width\" content=\"2461\" \/>\n\t<meta property=\"og:image:height\" content=\"2560\" \/>\n\t<meta property=\"og:image:type\" content=\"image\/jpeg\" \/>\n<meta name=\"twitter:card\" content=\"summary_large_image\" \/>\n<meta name=\"twitter:label1\" content=\"Dur\u00e9e de lecture estim\u00e9e\" \/>\n\t<meta name=\"twitter:data1\" content=\"1 minute\" \/>\n<script type=\"application\/ld+json\" class=\"yoast-schema-graph\">{\"@context\":\"https:\/\/schema.org\",\"@graph\":[{\"@type\":\"WebPage\",\"@id\":\"https:\/\/www.spirit-us.eu\/index.php\/produit\/dizain-de-prieres-de-saint-benoit\/\",\"url\":\"https:\/\/www.spirit-us.eu\/index.php\/produit\/dizain-de-prieres-de-saint-benoit\/\",\"name\":\"DIZAIN de pri\u00e8res de Saint BENOIT - Spirit-US\",\"isPartOf\":{\"@id\":\"https:\/\/www.spirit-us.eu\/#website\"},\"primaryImageOfPage\":{\"@id\":\"https:\/\/www.spirit-us.eu\/index.php\/produit\/dizain-de-prieres-de-saint-benoit\/#primaryimage\"},\"image\":{\"@id\":\"https:\/\/www.spirit-us.eu\/index.php\/produit\/dizain-de-prieres-de-saint-benoit\/#primaryimage\"},\"thumbnailUrl\":\"https:\/\/www.spirit-us.eu\/wp-content\/uploads\/2025\/12\/IMG_7743-scaled.jpg\",\"datePublished\":\"2025-12-14T18:43:14+00:00\",\"dateModified\":\"2025-12-20T09:10:20+00:00\",\"breadcrumb\":{\"@id\":\"https:\/\/www.spirit-us.eu\/index.php\/produit\/dizain-de-prieres-de-saint-benoit\/#breadcrumb\"},\"inLanguage\":\"fr-FR\",\"potentialAction\":[{\"@type\":\"ReadAction\",\"target\":[\"https:\/\/www.spirit-us.eu\/index.php\/produit\/dizain-de-prieres-de-saint-benoit\/\"]}]},{\"@type\":\"ImageObject\",\"inLanguage\":\"fr-FR\",\"@id\":\"https:\/\/www.spirit-us.eu\/index.php\/produit\/dizain-de-prieres-de-saint-benoit\/#primaryimage\",\"url\":\"https:\/\/www.spirit-us.eu\/wp-content\/uploads\/2025\/12\/IMG_7743-scaled.jpg\",\"contentUrl\":\"https:\/\/www.spirit-us.eu\/wp-content\/uploads\/2025\/12\/IMG_7743-scaled.jpg\",\"width\":2461,\"height\":2560},{\"@type\":\"BreadcrumbList\",\"@id\":\"https:\/\/www.spirit-us.eu\/index.php\/produit\/dizain-de-prieres-de-saint-benoit\/#breadcrumb\",\"itemListElement\":[{\"@type\":\"ListItem\",\"position\":1,\"name\":\"Accueil\",\"item\":\"https:\/\/www.spirit-us.eu\/\"},{\"@type\":\"ListItem\",\"position\":2,\"name\":\"Boutique\",\"item\":\"https:\/\/www.spirit-us.eu\/index.php\/boutique\/\"},{\"@type\":\"ListItem\",\"position\":3,\"name\":\"DIZAIN de pri\u00e8res de Saint BENOIT\"}]},{\"@type\":\"WebSite\",\"@id\":\"https:\/\/www.spirit-us.eu\/#website\",\"url\":\"https:\/\/www.spirit-us.eu\/\",\"name\":\"Spirit-US\",\"description\":\"\",\"publisher\":{\"@id\":\"https:\/\/www.spirit-us.eu\/#organization\"},\"potentialAction\":[{\"@type\":\"SearchAction\",\"target\":{\"@type\":\"EntryPoint\",\"urlTemplate\":\"https:\/\/www.spirit-us.eu\/?s={search_term_string}\"},\"query-input\":{\"@type\":\"PropertyValueSpecification\",\"valueRequired\":true,\"valueName\":\"search_term_string\"}}],\"inLanguage\":\"fr-FR\"},{\"@type\":\"Organization\",\"@id\":\"https:\/\/www.spirit-us.eu\/#organization\",\"name\":\"Spirit-US\",\"url\":\"https:\/\/www.spirit-us.eu\/\",\"logo\":{\"@type\":\"ImageObject\",\"inLanguage\":\"fr-FR\",\"@id\":\"https:\/\/www.spirit-us.eu\/#\/schema\/logo\/image\/\",\"url\":\"https:\/\/www.spirit-us.eu\/wp-content\/uploads\/2025\/11\/logo-regarde-linterlocutrice-sans-arrriere-plan.jpg\",\"contentUrl\":\"https:\/\/www.spirit-us.eu\/wp-content\/uploads\/2025\/11\/logo-regarde-linterlocutrice-sans-arrriere-plan.jpg\",\"width\":1080,\"height\":1080,\"caption\":\"Spirit-US\"},\"image\":{\"@id\":\"https:\/\/www.spirit-us.eu\/#\/schema\/logo\/image\/\"},\"sameAs\":[\"https:\/\/www.facebook.com\/spirit.us.deum\"]}]}<\/script>\n<!-- \/ Yoast SEO plugin. -->","yoast_head_json":{"title":"DIZAIN de pri\u00e8res de Saint BENOIT - Spirit-US","robots":{"index":"index","follow":"follow","max-snippet":"max-snippet:-1","max-image-preview":"max-image-preview:large","max-video-preview":"max-video-preview:-1"},"canonical":"https:\/\/www.spirit-us.eu\/index.php\/produit\/dizain-de-prieres-de-saint-benoit\/","og_locale":"fr_FR","og_type":"article","og_title":"DIZAIN de pri\u00e8res de Saint BENOIT - Spirit-US","og_description":"Dizain, apportant un support indispensable aux pri\u00e8res de neuvaines.\u00a0 Compos\u00e9 de 11 m\u00e9dailles de saint Beno\u00eet en m\u00e9tal argent\u00e9 et d'une croix de Malte color\u00e9e en bleu vif.\u00a0 Une perle dor\u00e9e repr\u00e9sente le Pater et le Gloria du d\u00e9but et de la fin.\u00a0 Le fermoir permet de porter ce dizain en bracelet ou de le fixer \u00e0 un autre support.","og_url":"https:\/\/www.spirit-us.eu\/index.php\/produit\/dizain-de-prieres-de-saint-benoit\/","og_site_name":"Spirit-US","article_publisher":"https:\/\/www.facebook.com\/spirit.us.deum","article_modified_time":"2025-12-20T09:10:20+00:00","og_image":[{"width":2461,"height":2560,"url":"https:\/\/www.spirit-us.eu\/wp-content\/uploads\/2025\/12\/IMG_7743-scaled.jpg","type":"image\/jpeg"}],"twitter_card":"summary_large_image","twitter_misc":{"Dur\u00e9e de lecture estim\u00e9e":"1 minute"},"schema":{"@context":"https:\/\/schema.org","@graph":[{"@type":"WebPage","@id":"https:\/\/www.spirit-us.eu\/index.php\/produit\/dizain-de-prieres-de-saint-benoit\/","url":"https:\/\/www.spirit-us.eu\/index.php\/produit\/dizain-de-prieres-de-saint-benoit\/","name":"DIZAIN de pri\u00e8res de Saint BENOIT - Spirit-US","isPartOf":{"@id":"https:\/\/www.spirit-us.eu\/#website"},"primaryImageOfPage":{"@id":"https:\/\/www.spirit-us.eu\/index.php\/produit\/dizain-de-prieres-de-saint-benoit\/#primaryimage"},"image":{"@id":"https:\/\/www.spirit-us.eu\/index.php\/produit\/dizain-de-prieres-de-saint-benoit\/#primaryimage"},"thumbnailUrl":"https:\/\/www.spirit-us.eu\/wp-content\/uploads\/2025\/12\/IMG_7743-scaled.jpg","datePublished":"2025-12-14T18:43:14+00:00","dateModified":"2025-12-20T09:10:20+00:00","breadcrumb":{"@id":"https:\/\/www.spirit-us.eu\/index.php\/produit\/dizain-de-prieres-de-saint-benoit\/#breadcrumb"},"inLanguage":"fr-FR","potentialAction":[{"@type":"ReadAction","target":["https:\/\/www.spirit-us.eu\/index.php\/produit\/dizain-de-prieres-de-saint-benoit\/"]}]},{"@type":"ImageObject","inLanguage":"fr-FR","@id":"https:\/\/www.spirit-us.eu\/index.php\/produit\/dizain-de-prieres-de-saint-benoit\/#primaryimage","url":"https:\/\/www.spirit-us.eu\/wp-content\/uploads\/2025\/12\/IMG_7743-scaled.jpg","contentUrl":"https:\/\/www.spirit-us.eu\/wp-content\/uploads\/2025\/12\/IMG_7743-scaled.jpg","width":2461,"height":2560},{"@type":"BreadcrumbList","@id":"https:\/\/www.spirit-us.eu\/index.php\/produit\/dizain-de-prieres-de-saint-benoit\/#breadcrumb","itemListElement":[{"@type":"ListItem","position":1,"name":"Accueil","item":"https:\/\/www.spirit-us.eu\/"},{"@type":"ListItem","position":2,"name":"Boutique","item":"https:\/\/www.spirit-us.eu\/index.php\/boutique\/"},{"@type":"ListItem","position":3,"name":"DIZAIN de pri\u00e8res de Saint BENOIT"}]},{"@type":"WebSite","@id":"https:\/\/www.spirit-us.eu\/#website","url":"https:\/\/www.spirit-us.eu\/","name":"Spirit-US","description":"","publisher":{"@id":"https:\/\/www.spirit-us.eu\/#organization"},"potentialAction":[{"@type":"SearchAction","target":{"@type":"EntryPoint","urlTemplate":"https:\/\/www.spirit-us.eu\/?s={search_term_string}"},"query-input":{"@type":"PropertyValueSpecification","valueRequired":true,"valueName":"search_term_string"}}],"inLanguage":"fr-FR"},{"@type":"Organization","@id":"https:\/\/www.spirit-us.eu\/#organization","name":"Spirit-US","url":"https:\/\/www.spirit-us.eu\/","logo":{"@type":"ImageObject","inLanguage":"fr-FR","@id":"https:\/\/www.spirit-us.eu\/#\/schema\/logo\/image\/","url":"https:\/\/www.spirit-us.eu\/wp-content\/uploads\/2025\/11\/logo-regarde-linterlocutrice-sans-arrriere-plan.jpg","contentUrl":"https:\/\/www.spirit-us.eu\/wp-content\/uploads\/2025\/11\/logo-regarde-linterlocutrice-sans-arrriere-plan.jpg","width":1080,"height":1080,"caption":"Spirit-US"},"image":{"@id":"https:\/\/www.spirit-us.eu\/#\/schema\/logo\/image\/"},"sameAs":["https:\/\/www.facebook.com\/spirit.us.deum"]}]}},"jetpack_sharing_enabled":true,"_links":{"self":[{"href":"https:\/\/www.spirit-us.eu\/index.php\/wp-json\/wp\/v2\/product\/3086","targetHints":{"allow":["GET"]}}],"collection":[{"href":"https:\/\/www.spirit-us.eu\/index.php\/wp-json\/wp\/v2\/product"}],"about":[{"href":"https:\/\/www.spirit-us.eu\/index.php\/wp-json\/wp\/v2\/types\/product"}],"replies":[{"embeddable":true,"href":"https:\/\/www.spirit-us.eu\/index.php\/wp-json\/wp\/v2\/comments?post=3086"}],"wp:featuredmedia":[{"embeddable":true,"href":"https:\/\/www.spirit-us.eu\/index.php\/wp-json\/wp\/v2\/media\/3087"}],"wp:attachment":[{"href":"https:\/\/www.spirit-us.eu\/index.php\/wp-json\/wp\/v2\/media?parent=3086"}],"wp:term":[{"taxonomy":"product_brand","embeddable":true,"href":"https:\/\/www.spirit-us.eu\/index.php\/wp-json\/wp\/v2\/product_brand?post=3086"},{"taxonomy":"product_cat","embeddable":true,"href":"https:\/\/www.spirit-us.eu\/index.php\/wp-json\/wp\/v2\/product_cat?post=3086"},{"taxonomy":"product_tag","embeddable":true,"href":"https:\/\/www.spirit-us.eu\/index.php\/wp-json\/wp\/v2\/product_tag?post=3086"},{"taxonomy":"mwb_booking_cost","embeddable":true,"href":"https:\/\/www.spirit-us.eu\/index.php\/wp-json\/wp\/v2\/mwb_booking_cost?post=3086"},{"taxonomy":"mwb_booking_service","embeddable":true,"href":"https:\/\/www.spirit-us.eu\/index.php\/wp-json\/wp\/v2\/mwb_booking_service?post=3086"}],"curies":[{"name":"wp","href":"https:\/\/api.w.org\/{rel}","templated":true}]}}