{"id":308,"date":"2025-01-29T15:40:16","date_gmt":"2025-01-29T14:40:16","guid":{"rendered":"https:\/\/www.spirit-us.eu\/?post_type=product&#038;p=308"},"modified":"2025-12-20T10:46:26","modified_gmt":"2025-12-20T09:46:26","slug":"retrouver-la-force-de-prier","status":"publish","type":"product","link":"https:\/\/www.spirit-us.eu\/index.php\/produit\/retrouver-la-force-de-prier\/","title":{"rendered":"Retrouver la FORCE DE PRIER"},"content":{"rendered":"<p>&nbsp;<\/p>\n<p>Il arrive qu\u2019on soit tellement \u00e9puis\u00e9.e par les \u00e9preuves de la vie, par les attaques, qu\u2019on n\u2019arrive plus \u00e0 prier.\u00a0 Il y a un blocage.<\/p>\n<p>Cet audio a pour objectif de vous reconnecter \u00e0 la Source divine, \u00e0 am\u00e9liorer votre connexion corps-esprit et \u00e0 faire ascensionner votre taux vibratoire.<\/p>\n<p>L\u2019\u00e9coute quotidienne de l\u2019audio vous rendra la force de prier et la fluidit\u00e9 de la communication avec le divin tel que vous l\u2019entendez.<\/p>\n<p>Le texte, en fran\u00e7ais et en grec ancien avec sa traduction, prendra le relais lorsque vous aurez retrouv\u00e9 la fluidit\u00e9 de votre connexion avec le monde invisible lumineux.\u00a0 Prier dans les langues sacr\u00e9es donne une plus grande puissance encore \u00e0 la Parole et \u00e0 l\u2019Intention.<\/p>\n<p><strong>UTILISATION<\/strong>\u00a0:<\/p>\n<p>Par l\u2019\u00e9coute attentive de cette pri\u00e8re, vous allez en douceur revenir \u00e0 la concentration n\u00e9cessaire pour prier et manifester dans votre vie vos d\u00e9sirs profonds, pourvu qu\u2019ils soient justes et bons.<\/p>\n<p>En douceur car cela prendra un peu de temps avant le r\u00e9tablissement parfait. Il faudra l\u2019\u00e9couter pendent quelques jours ou quelques semaines.<\/p>\n<p>Par cette \u00e9coute, il n\u2019est plus n\u00e9cessaire de vous concentrer, de vous demander si vous trouverez les bons mots, je vous pr\u00eate les miens, le temps n\u00e9cessaire pour que vous puissiez retrouver votre force de concentration\u00a0; pas seulement votre force, mais une force toute nouvelle, plus belle, plus puissante, vivifi\u00e9e par l\u2019\u00e9nergie qui \u00e9mane de la musique et des paroles.<\/p>\n<p><strong>\u2026 ET POUR L\u2019AVENIR<\/strong>\u00a0:<\/p>\n<p>L\u2019audio et les paroles \u00e9crites sont utilisables \u00e0 tout moment et pour toujours.\u00a0 La vie n\u2019est pas toujours fluide, les blocages peuvent survenir \u00e0 tout moment.\u00a0 Chaque fois que ce sera n\u00e9cessaire, vous pourrez l\u2019utiliser \u00e0 nouveau.<\/p>\n<p><strong>Date de parution<\/strong>\u00a0: 28 juin 2023<\/p>\n<p><strong>Format<\/strong>\u00a0: script de pri\u00e8re et audio avec musique<\/p>\n<p><strong>Auteure<\/strong>\u00a0: Lola Lacroix<\/p>\n<p><strong>Cat\u00e9gories<\/strong>\u00a0: surmonter les blocages, nettoyage \u00e9nerg\u00e9tique<\/p>\n<p><strong>Etiquettes<\/strong>\u00a0: fatigue psychique, restauration d\u2019\u00e2me<\/p>\n","protected":false},"excerpt":{"rendered":"<p>On emploiera l\u2019audio en cas d\u2019urgence, de grande fatigue lorsqu\u2019on a besoin de prier et que c\u2019est devenu impossible, que l\u2019\u00e9preuve rend la concentration impossible. Il arrive qu\u2019on rencontre des difficult\u00e9s majeures lorsqu\u2019on est \u00e9puis\u00e9.e, fatigu\u00e9.e, ou trop en col\u00e8re, pour r\u00e9ussir \u00e0 prier. C\u2019est comme si le cerveau se figeait, un vrai bloc de b\u00e9ton. On se dit qu\u2019on devrait parler \u00e0 Dieu, le prier, lui demander son aide, justement maintenant, c\u2019est urgent ! \u00a0Mais c\u2019est impossible. Tout est paralys\u00e9. On n\u2019y arrive plus ! Les forces du mal, qui attaquent sans rel\u00e2che m\u00eame celles et ceux qui sont habituellement super connect\u00e9s au divin, n\u2019attendent que cela pour intensifier leur action toxique de peur, d\u2019\u00e9motions douloureuses, d\u2019angoisses.\u00a0 Et comment ! \u00a0\u2026 puisque nos \u00e9nergies de douleur et de peur sont leur nourriture, qui leur permet de prendre de l\u2019ampleur, de grossir, de devenir plus violentes, virulentes, destructrices. Tout cela nous le savons, implicitement ou en conscience, ou nous le soup\u00e7onnons, et cela nous d\u00e9sole encore plus de ne pas pouvoir retourner vers Dieu, pour lui demander son aide urgente.<\/p>\n<p>&nbsp;<\/p>\n","protected":false},"featured_media":269,"comment_status":"open","ping_status":"closed","template":"","meta":[],"product_brand":[],"product_cat":[155,17,504],"product_tag":[],"mwb_booking_cost":[],"mwb_booking_service":[],"class_list":{"0":"post-308","1":"product","2":"type-product","3":"status-publish","4":"has-post-thumbnail","6":"product_cat-02-soins-accueil","7":"product_cat-tous-les-produits","8":"product_cat-01-univers-sacre-accueil","10":"first","11":"instock","12":"downloadable","13":"virtual","14":"purchasable","15":"product-type-simple"},"yoast_head":"<!-- This site is optimized with the Yoast SEO plugin v27.1.1 - https:\/\/yoast.com\/product\/yoast-seo-wordpress\/ -->\n<title>Retrouver la FORCE DE PRIER - Spirit-US<\/title>\n<meta name=\"robots\" content=\"index, follow, max-snippet:-1, max-image-preview:large, max-video-preview:-1\" \/>\n<link rel=\"canonical\" href=\"https:\/\/www.spirit-us.eu\/index.php\/produit\/retrouver-la-force-de-prier\/\" \/>\n<meta property=\"og:locale\" content=\"fr_FR\" \/>\n<meta property=\"og:type\" content=\"article\" \/>\n<meta property=\"og:title\" content=\"Retrouver la FORCE DE PRIER - Spirit-US\" \/>\n<meta property=\"og:description\" content=\"On emploiera l\u2019audio en cas d\u2019urgence, de grande fatigue lorsqu\u2019on a besoin de prier et que c\u2019est devenu impossible, que l\u2019\u00e9preuve rend la concentration impossible. Il arrive qu\u2019on rencontre des difficult\u00e9s majeures lorsqu\u2019on est \u00e9puis\u00e9.e, fatigu\u00e9.e, ou trop en col\u00e8re, pour r\u00e9ussir \u00e0 prier. C\u2019est comme si le cerveau se figeait, un vrai bloc de b\u00e9ton. On se dit qu\u2019on devrait parler \u00e0 Dieu, le prier, lui demander son aide, justement maintenant, c\u2019est urgent ! \u00a0Mais c\u2019est impossible. Tout est paralys\u00e9. On n\u2019y arrive plus ! Les forces du mal, qui attaquent sans rel\u00e2che m\u00eame celles et ceux qui sont habituellement super connect\u00e9s au divin, n\u2019attendent que cela pour intensifier leur action toxique de peur, d\u2019\u00e9motions douloureuses, d\u2019angoisses.\u00a0 Et comment ! \u00a0\u2026 puisque nos \u00e9nergies de douleur et de peur sont leur nourriture, qui leur permet de prendre de l\u2019ampleur, de grossir, de devenir plus violentes, virulentes, destructrices. Tout cela nous le savons, implicitement ou en conscience, ou nous le soup\u00e7onnons, et cela nous d\u00e9sole encore plus de ne pas pouvoir retourner vers Dieu, pour lui demander son aide urgente.  &nbsp;\" \/>\n<meta property=\"og:url\" content=\"https:\/\/www.spirit-us.eu\/index.php\/produit\/retrouver-la-force-de-prier\/\" \/>\n<meta property=\"og:site_name\" content=\"Spirit-US\" \/>\n<meta property=\"article:publisher\" content=\"https:\/\/www.facebook.com\/spirit.us.deum\" \/>\n<meta property=\"article:modified_time\" content=\"2025-12-20T09:46:26+00:00\" \/>\n<meta property=\"og:image\" content=\"https:\/\/www.spirit-us.eu\/wp-content\/uploads\/2025\/01\/Retrouver-la-force-de-prier-image-produit.png\" \/>\n\t<meta property=\"og:image:width\" content=\"1080\" \/>\n\t<meta property=\"og:image:height\" content=\"1080\" \/>\n\t<meta property=\"og:image:type\" content=\"image\/png\" \/>\n<meta name=\"twitter:card\" content=\"summary_large_image\" \/>\n<meta name=\"twitter:label1\" content=\"Dur\u00e9e de lecture estim\u00e9e\" \/>\n\t<meta name=\"twitter:data1\" content=\"2 minutes\" \/>\n<script type=\"application\/ld+json\" class=\"yoast-schema-graph\">{\"@context\":\"https:\/\/schema.org\",\"@graph\":[{\"@type\":\"WebPage\",\"@id\":\"https:\/\/www.spirit-us.eu\/index.php\/produit\/retrouver-la-force-de-prier\/\",\"url\":\"https:\/\/www.spirit-us.eu\/index.php\/produit\/retrouver-la-force-de-prier\/\",\"name\":\"Retrouver la FORCE DE PRIER - Spirit-US\",\"isPartOf\":{\"@id\":\"https:\/\/www.spirit-us.eu\/#website\"},\"primaryImageOfPage\":{\"@id\":\"https:\/\/www.spirit-us.eu\/index.php\/produit\/retrouver-la-force-de-prier\/#primaryimage\"},\"image\":{\"@id\":\"https:\/\/www.spirit-us.eu\/index.php\/produit\/retrouver-la-force-de-prier\/#primaryimage\"},\"thumbnailUrl\":\"https:\/\/www.spirit-us.eu\/wp-content\/uploads\/2025\/01\/Retrouver-la-force-de-prier-image-produit.png\",\"datePublished\":\"2025-01-29T14:40:16+00:00\",\"dateModified\":\"2025-12-20T09:46:26+00:00\",\"breadcrumb\":{\"@id\":\"https:\/\/www.spirit-us.eu\/index.php\/produit\/retrouver-la-force-de-prier\/#breadcrumb\"},\"inLanguage\":\"fr-FR\",\"potentialAction\":[{\"@type\":\"ReadAction\",\"target\":[\"https:\/\/www.spirit-us.eu\/index.php\/produit\/retrouver-la-force-de-prier\/\"]}]},{\"@type\":\"ImageObject\",\"inLanguage\":\"fr-FR\",\"@id\":\"https:\/\/www.spirit-us.eu\/index.php\/produit\/retrouver-la-force-de-prier\/#primaryimage\",\"url\":\"https:\/\/www.spirit-us.eu\/wp-content\/uploads\/2025\/01\/Retrouver-la-force-de-prier-image-produit.png\",\"contentUrl\":\"https:\/\/www.spirit-us.eu\/wp-content\/uploads\/2025\/01\/Retrouver-la-force-de-prier-image-produit.png\",\"width\":1080,\"height\":1080},{\"@type\":\"BreadcrumbList\",\"@id\":\"https:\/\/www.spirit-us.eu\/index.php\/produit\/retrouver-la-force-de-prier\/#breadcrumb\",\"itemListElement\":[{\"@type\":\"ListItem\",\"position\":1,\"name\":\"Accueil\",\"item\":\"https:\/\/www.spirit-us.eu\/\"},{\"@type\":\"ListItem\",\"position\":2,\"name\":\"Boutique\",\"item\":\"https:\/\/www.spirit-us.eu\/index.php\/boutique\/\"},{\"@type\":\"ListItem\",\"position\":3,\"name\":\"Retrouver la FORCE DE PRIER\"}]},{\"@type\":\"WebSite\",\"@id\":\"https:\/\/www.spirit-us.eu\/#website\",\"url\":\"https:\/\/www.spirit-us.eu\/\",\"name\":\"Spirit-US\",\"description\":\"\",\"publisher\":{\"@id\":\"https:\/\/www.spirit-us.eu\/#organization\"},\"potentialAction\":[{\"@type\":\"SearchAction\",\"target\":{\"@type\":\"EntryPoint\",\"urlTemplate\":\"https:\/\/www.spirit-us.eu\/?s={search_term_string}\"},\"query-input\":{\"@type\":\"PropertyValueSpecification\",\"valueRequired\":true,\"valueName\":\"search_term_string\"}}],\"inLanguage\":\"fr-FR\"},{\"@type\":\"Organization\",\"@id\":\"https:\/\/www.spirit-us.eu\/#organization\",\"name\":\"Spirit-US\",\"url\":\"https:\/\/www.spirit-us.eu\/\",\"logo\":{\"@type\":\"ImageObject\",\"inLanguage\":\"fr-FR\",\"@id\":\"https:\/\/www.spirit-us.eu\/#\/schema\/logo\/image\/\",\"url\":\"https:\/\/www.spirit-us.eu\/wp-content\/uploads\/2025\/11\/logo-regarde-linterlocutrice-sans-arrriere-plan.jpg\",\"contentUrl\":\"https:\/\/www.spirit-us.eu\/wp-content\/uploads\/2025\/11\/logo-regarde-linterlocutrice-sans-arrriere-plan.jpg\",\"width\":1080,\"height\":1080,\"caption\":\"Spirit-US\"},\"image\":{\"@id\":\"https:\/\/www.spirit-us.eu\/#\/schema\/logo\/image\/\"},\"sameAs\":[\"https:\/\/www.facebook.com\/spirit.us.deum\"]}]}<\/script>\n<!-- \/ Yoast SEO plugin. -->","yoast_head_json":{"title":"Retrouver la FORCE DE PRIER - Spirit-US","robots":{"index":"index","follow":"follow","max-snippet":"max-snippet:-1","max-image-preview":"max-image-preview:large","max-video-preview":"max-video-preview:-1"},"canonical":"https:\/\/www.spirit-us.eu\/index.php\/produit\/retrouver-la-force-de-prier\/","og_locale":"fr_FR","og_type":"article","og_title":"Retrouver la FORCE DE PRIER - Spirit-US","og_description":"On emploiera l\u2019audio en cas d\u2019urgence, de grande fatigue lorsqu\u2019on a besoin de prier et que c\u2019est devenu impossible, que l\u2019\u00e9preuve rend la concentration impossible. Il arrive qu\u2019on rencontre des difficult\u00e9s majeures lorsqu\u2019on est \u00e9puis\u00e9.e, fatigu\u00e9.e, ou trop en col\u00e8re, pour r\u00e9ussir \u00e0 prier. C\u2019est comme si le cerveau se figeait, un vrai bloc de b\u00e9ton. On se dit qu\u2019on devrait parler \u00e0 Dieu, le prier, lui demander son aide, justement maintenant, c\u2019est urgent ! \u00a0Mais c\u2019est impossible. Tout est paralys\u00e9. On n\u2019y arrive plus ! Les forces du mal, qui attaquent sans rel\u00e2che m\u00eame celles et ceux qui sont habituellement super connect\u00e9s au divin, n\u2019attendent que cela pour intensifier leur action toxique de peur, d\u2019\u00e9motions douloureuses, d\u2019angoisses.\u00a0 Et comment ! \u00a0\u2026 puisque nos \u00e9nergies de douleur et de peur sont leur nourriture, qui leur permet de prendre de l\u2019ampleur, de grossir, de devenir plus violentes, virulentes, destructrices. Tout cela nous le savons, implicitement ou en conscience, ou nous le soup\u00e7onnons, et cela nous d\u00e9sole encore plus de ne pas pouvoir retourner vers Dieu, pour lui demander son aide urgente.  &nbsp;","og_url":"https:\/\/www.spirit-us.eu\/index.php\/produit\/retrouver-la-force-de-prier\/","og_site_name":"Spirit-US","article_publisher":"https:\/\/www.facebook.com\/spirit.us.deum","article_modified_time":"2025-12-20T09:46:26+00:00","og_image":[{"width":1080,"height":1080,"url":"https:\/\/www.spirit-us.eu\/wp-content\/uploads\/2025\/01\/Retrouver-la-force-de-prier-image-produit.png","type":"image\/png"}],"twitter_card":"summary_large_image","twitter_misc":{"Dur\u00e9e de lecture estim\u00e9e":"2 minutes"},"schema":{"@context":"https:\/\/schema.org","@graph":[{"@type":"WebPage","@id":"https:\/\/www.spirit-us.eu\/index.php\/produit\/retrouver-la-force-de-prier\/","url":"https:\/\/www.spirit-us.eu\/index.php\/produit\/retrouver-la-force-de-prier\/","name":"Retrouver la FORCE DE PRIER - Spirit-US","isPartOf":{"@id":"https:\/\/www.spirit-us.eu\/#website"},"primaryImageOfPage":{"@id":"https:\/\/www.spirit-us.eu\/index.php\/produit\/retrouver-la-force-de-prier\/#primaryimage"},"image":{"@id":"https:\/\/www.spirit-us.eu\/index.php\/produit\/retrouver-la-force-de-prier\/#primaryimage"},"thumbnailUrl":"https:\/\/www.spirit-us.eu\/wp-content\/uploads\/2025\/01\/Retrouver-la-force-de-prier-image-produit.png","datePublished":"2025-01-29T14:40:16+00:00","dateModified":"2025-12-20T09:46:26+00:00","breadcrumb":{"@id":"https:\/\/www.spirit-us.eu\/index.php\/produit\/retrouver-la-force-de-prier\/#breadcrumb"},"inLanguage":"fr-FR","potentialAction":[{"@type":"ReadAction","target":["https:\/\/www.spirit-us.eu\/index.php\/produit\/retrouver-la-force-de-prier\/"]}]},{"@type":"ImageObject","inLanguage":"fr-FR","@id":"https:\/\/www.spirit-us.eu\/index.php\/produit\/retrouver-la-force-de-prier\/#primaryimage","url":"https:\/\/www.spirit-us.eu\/wp-content\/uploads\/2025\/01\/Retrouver-la-force-de-prier-image-produit.png","contentUrl":"https:\/\/www.spirit-us.eu\/wp-content\/uploads\/2025\/01\/Retrouver-la-force-de-prier-image-produit.png","width":1080,"height":1080},{"@type":"BreadcrumbList","@id":"https:\/\/www.spirit-us.eu\/index.php\/produit\/retrouver-la-force-de-prier\/#breadcrumb","itemListElement":[{"@type":"ListItem","position":1,"name":"Accueil","item":"https:\/\/www.spirit-us.eu\/"},{"@type":"ListItem","position":2,"name":"Boutique","item":"https:\/\/www.spirit-us.eu\/index.php\/boutique\/"},{"@type":"ListItem","position":3,"name":"Retrouver la FORCE DE PRIER"}]},{"@type":"WebSite","@id":"https:\/\/www.spirit-us.eu\/#website","url":"https:\/\/www.spirit-us.eu\/","name":"Spirit-US","description":"","publisher":{"@id":"https:\/\/www.spirit-us.eu\/#organization"},"potentialAction":[{"@type":"SearchAction","target":{"@type":"EntryPoint","urlTemplate":"https:\/\/www.spirit-us.eu\/?s={search_term_string}"},"query-input":{"@type":"PropertyValueSpecification","valueRequired":true,"valueName":"search_term_string"}}],"inLanguage":"fr-FR"},{"@type":"Organization","@id":"https:\/\/www.spirit-us.eu\/#organization","name":"Spirit-US","url":"https:\/\/www.spirit-us.eu\/","logo":{"@type":"ImageObject","inLanguage":"fr-FR","@id":"https:\/\/www.spirit-us.eu\/#\/schema\/logo\/image\/","url":"https:\/\/www.spirit-us.eu\/wp-content\/uploads\/2025\/11\/logo-regarde-linterlocutrice-sans-arrriere-plan.jpg","contentUrl":"https:\/\/www.spirit-us.eu\/wp-content\/uploads\/2025\/11\/logo-regarde-linterlocutrice-sans-arrriere-plan.jpg","width":1080,"height":1080,"caption":"Spirit-US"},"image":{"@id":"https:\/\/www.spirit-us.eu\/#\/schema\/logo\/image\/"},"sameAs":["https:\/\/www.facebook.com\/spirit.us.deum"]}]}},"jetpack_sharing_enabled":true,"_links":{"self":[{"href":"https:\/\/www.spirit-us.eu\/index.php\/wp-json\/wp\/v2\/product\/308","targetHints":{"allow":["GET"]}}],"collection":[{"href":"https:\/\/www.spirit-us.eu\/index.php\/wp-json\/wp\/v2\/product"}],"about":[{"href":"https:\/\/www.spirit-us.eu\/index.php\/wp-json\/wp\/v2\/types\/product"}],"replies":[{"embeddable":true,"href":"https:\/\/www.spirit-us.eu\/index.php\/wp-json\/wp\/v2\/comments?post=308"}],"wp:featuredmedia":[{"embeddable":true,"href":"https:\/\/www.spirit-us.eu\/index.php\/wp-json\/wp\/v2\/media\/269"}],"wp:attachment":[{"href":"https:\/\/www.spirit-us.eu\/index.php\/wp-json\/wp\/v2\/media?parent=308"}],"wp:term":[{"taxonomy":"product_brand","embeddable":true,"href":"https:\/\/www.spirit-us.eu\/index.php\/wp-json\/wp\/v2\/product_brand?post=308"},{"taxonomy":"product_cat","embeddable":true,"href":"https:\/\/www.spirit-us.eu\/index.php\/wp-json\/wp\/v2\/product_cat?post=308"},{"taxonomy":"product_tag","embeddable":true,"href":"https:\/\/www.spirit-us.eu\/index.php\/wp-json\/wp\/v2\/product_tag?post=308"},{"taxonomy":"mwb_booking_cost","embeddable":true,"href":"https:\/\/www.spirit-us.eu\/index.php\/wp-json\/wp\/v2\/mwb_booking_cost?post=308"},{"taxonomy":"mwb_booking_service","embeddable":true,"href":"https:\/\/www.spirit-us.eu\/index.php\/wp-json\/wp\/v2\/mwb_booking_service?post=308"}],"curies":[{"name":"wp","href":"https:\/\/api.w.org\/{rel}","templated":true}]}}