{"id":3077,"date":"2025-12-14T17:07:58","date_gmt":"2025-12-14T16:07:58","guid":{"rendered":"https:\/\/www.spirit-us.eu\/?post_type=product&#038;p=3077"},"modified":"2025-12-17T14:51:25","modified_gmt":"2025-12-17T13:51:25","slug":"pendentif-feuille-derable","status":"publish","type":"product","link":"https:\/\/www.spirit-us.eu\/index.php\/produit\/pendentif-feuille-derable\/","title":{"rendered":"PENDENTIF FEUILLE D&rsquo;ERABLE"},"content":{"rendered":"<p style=\"text-align: justify;\">Pendentif en m\u00e9tal dor\u00e9 et , mont\u00e9 sur cha\u00eene en argent 0,925<\/p>\n<p style=\"text-align: justify;\"><strong>Forme<\/strong> : feuille d&rsquo;\u00e9rable pourpre<\/p>\n<p style=\"text-align: justify;\"><strong>Couleurs<\/strong> : dor\u00e9 et rouge orang\u00e9 profond<\/p>\n<p>Mat\u00e9riau : zircons, m\u00e9tal dor\u00e9, pierre translucide<\/p>\n<p style=\"text-align: justify;\"><strong>Dimensions\u00a0<\/strong>:<\/p>\n<ul style=\"text-align: justify;\">\n<li>Hauteur du pendentif (avec la suspension) 2,1 cm<\/li>\n<li>Largeur 1,5 cm<\/li>\n<li>Epaisseur 3 mm<\/li>\n<\/ul>\n<p style=\"text-align: justify;\"><strong>Longueur de la cha\u00eene dor\u00e9e<\/strong>\u00a0:\u00a0 45 cm<\/p>\n<p style=\"text-align: justify;\"><strong>Pr\u00e9sentation<\/strong> : livr\u00e9 dans un coffret satin\u00e9, int\u00e9rieur de velours noir<\/p>\n<p style=\"text-align: justify;\">\n","protected":false},"excerpt":{"rendered":"<p style=\"text-align: justify;\">Pendentif en forme de feuille d&rsquo;\u00e9rable agr\u00e9ment\u00e9e de zircons et mont\u00e9 sur laiton dor\u00e9. Un petit bijoux fort joli, pour c\u00e9l\u00e9brer l&rsquo;automne ou se faire plaisir.\u00a0 Il se porte facilement sur de nombreuses tenues, d\u00e9contract\u00e9es ou habill\u00e9es.\u00a0 Un joli cadeau \u00e0 faire \u00e0 une personne qu&rsquo;on aime.<\/p>\n","protected":false},"featured_media":3079,"comment_status":"open","ping_status":"closed","template":"","meta":[],"product_brand":[],"product_cat":[156,463,17],"product_tag":[348,234,434,228],"mwb_booking_cost":[],"mwb_booking_service":[],"class_list":{"0":"post-3077","1":"product","2":"type-product","3":"status-publish","4":"has-post-thumbnail","6":"product_cat-04-bijoux","7":"product_cat-pendentif","8":"product_cat-tous-les-produits","9":"product_tag-apaisement","10":"product_tag-lune","11":"product_tag-selenite","12":"product_tag-serenite","14":"first","15":"instock","16":"shipping-taxable","17":"purchasable","18":"product-type-simple"},"yoast_head":"<!-- This site is optimized with the Yoast SEO plugin v27.1.1 - https:\/\/yoast.com\/product\/yoast-seo-wordpress\/ -->\n<title>PENDENTIF FEUILLE D&#039;ERABLE - Spirit-US<\/title>\n<meta name=\"robots\" content=\"index, follow, max-snippet:-1, max-image-preview:large, max-video-preview:-1\" \/>\n<link rel=\"canonical\" href=\"https:\/\/www.spirit-us.eu\/index.php\/produit\/pendentif-feuille-derable\/\" \/>\n<meta property=\"og:locale\" content=\"fr_FR\" \/>\n<meta property=\"og:type\" content=\"article\" \/>\n<meta property=\"og:title\" content=\"PENDENTIF FEUILLE D&#039;ERABLE - Spirit-US\" \/>\n<meta property=\"og:description\" content=\"Pendentif en forme de feuille d&#039;\u00e9rable agr\u00e9ment\u00e9e de zircons et mont\u00e9 sur laiton dor\u00e9. Un petit bijoux fort joli, pour c\u00e9l\u00e9brer l&#039;automne ou se faire plaisir.\u00a0 Il se porte facilement sur de nombreuses tenues, d\u00e9contract\u00e9es ou habill\u00e9es.\u00a0 Un joli cadeau \u00e0 faire \u00e0 une personne qu&#039;on aime.\" \/>\n<meta property=\"og:url\" content=\"https:\/\/www.spirit-us.eu\/index.php\/produit\/pendentif-feuille-derable\/\" \/>\n<meta property=\"og:site_name\" content=\"Spirit-US\" \/>\n<meta property=\"article:publisher\" content=\"https:\/\/www.facebook.com\/spirit.us.deum\" \/>\n<meta property=\"article:modified_time\" content=\"2025-12-17T13:51:25+00:00\" \/>\n<meta property=\"og:image\" content=\"https:\/\/www.spirit-us.eu\/wp-content\/uploads\/2025\/12\/IMG_7951-scaled.jpg\" \/>\n\t<meta property=\"og:image:width\" content=\"2430\" \/>\n\t<meta property=\"og:image:height\" content=\"2560\" \/>\n\t<meta property=\"og:image:type\" content=\"image\/jpeg\" \/>\n<meta name=\"twitter:card\" content=\"summary_large_image\" \/>\n<meta name=\"twitter:label1\" content=\"Dur\u00e9e de lecture estim\u00e9e\" \/>\n\t<meta name=\"twitter:data1\" content=\"1 minute\" \/>\n<script type=\"application\/ld+json\" class=\"yoast-schema-graph\">{\"@context\":\"https:\/\/schema.org\",\"@graph\":[{\"@type\":\"WebPage\",\"@id\":\"https:\/\/www.spirit-us.eu\/index.php\/produit\/pendentif-feuille-derable\/\",\"url\":\"https:\/\/www.spirit-us.eu\/index.php\/produit\/pendentif-feuille-derable\/\",\"name\":\"PENDENTIF FEUILLE D'ERABLE - Spirit-US\",\"isPartOf\":{\"@id\":\"https:\/\/www.spirit-us.eu\/#website\"},\"primaryImageOfPage\":{\"@id\":\"https:\/\/www.spirit-us.eu\/index.php\/produit\/pendentif-feuille-derable\/#primaryimage\"},\"image\":{\"@id\":\"https:\/\/www.spirit-us.eu\/index.php\/produit\/pendentif-feuille-derable\/#primaryimage\"},\"thumbnailUrl\":\"https:\/\/www.spirit-us.eu\/wp-content\/uploads\/2025\/12\/IMG_7951-scaled.jpg\",\"datePublished\":\"2025-12-14T16:07:58+00:00\",\"dateModified\":\"2025-12-17T13:51:25+00:00\",\"breadcrumb\":{\"@id\":\"https:\/\/www.spirit-us.eu\/index.php\/produit\/pendentif-feuille-derable\/#breadcrumb\"},\"inLanguage\":\"fr-FR\",\"potentialAction\":[{\"@type\":\"ReadAction\",\"target\":[\"https:\/\/www.spirit-us.eu\/index.php\/produit\/pendentif-feuille-derable\/\"]}]},{\"@type\":\"ImageObject\",\"inLanguage\":\"fr-FR\",\"@id\":\"https:\/\/www.spirit-us.eu\/index.php\/produit\/pendentif-feuille-derable\/#primaryimage\",\"url\":\"https:\/\/www.spirit-us.eu\/wp-content\/uploads\/2025\/12\/IMG_7951-scaled.jpg\",\"contentUrl\":\"https:\/\/www.spirit-us.eu\/wp-content\/uploads\/2025\/12\/IMG_7951-scaled.jpg\",\"width\":2430,\"height\":2560},{\"@type\":\"BreadcrumbList\",\"@id\":\"https:\/\/www.spirit-us.eu\/index.php\/produit\/pendentif-feuille-derable\/#breadcrumb\",\"itemListElement\":[{\"@type\":\"ListItem\",\"position\":1,\"name\":\"Accueil\",\"item\":\"https:\/\/www.spirit-us.eu\/\"},{\"@type\":\"ListItem\",\"position\":2,\"name\":\"Boutique\",\"item\":\"https:\/\/www.spirit-us.eu\/index.php\/boutique\/\"},{\"@type\":\"ListItem\",\"position\":3,\"name\":\"PENDENTIF FEUILLE D&rsquo;ERABLE\"}]},{\"@type\":\"WebSite\",\"@id\":\"https:\/\/www.spirit-us.eu\/#website\",\"url\":\"https:\/\/www.spirit-us.eu\/\",\"name\":\"Spirit-US\",\"description\":\"\",\"publisher\":{\"@id\":\"https:\/\/www.spirit-us.eu\/#organization\"},\"potentialAction\":[{\"@type\":\"SearchAction\",\"target\":{\"@type\":\"EntryPoint\",\"urlTemplate\":\"https:\/\/www.spirit-us.eu\/?s={search_term_string}\"},\"query-input\":{\"@type\":\"PropertyValueSpecification\",\"valueRequired\":true,\"valueName\":\"search_term_string\"}}],\"inLanguage\":\"fr-FR\"},{\"@type\":\"Organization\",\"@id\":\"https:\/\/www.spirit-us.eu\/#organization\",\"name\":\"Spirit-US\",\"url\":\"https:\/\/www.spirit-us.eu\/\",\"logo\":{\"@type\":\"ImageObject\",\"inLanguage\":\"fr-FR\",\"@id\":\"https:\/\/www.spirit-us.eu\/#\/schema\/logo\/image\/\",\"url\":\"https:\/\/www.spirit-us.eu\/wp-content\/uploads\/2025\/11\/logo-regarde-linterlocutrice-sans-arrriere-plan.jpg\",\"contentUrl\":\"https:\/\/www.spirit-us.eu\/wp-content\/uploads\/2025\/11\/logo-regarde-linterlocutrice-sans-arrriere-plan.jpg\",\"width\":1080,\"height\":1080,\"caption\":\"Spirit-US\"},\"image\":{\"@id\":\"https:\/\/www.spirit-us.eu\/#\/schema\/logo\/image\/\"},\"sameAs\":[\"https:\/\/www.facebook.com\/spirit.us.deum\"]}]}<\/script>\n<!-- \/ Yoast SEO plugin. -->","yoast_head_json":{"title":"PENDENTIF FEUILLE D'ERABLE - Spirit-US","robots":{"index":"index","follow":"follow","max-snippet":"max-snippet:-1","max-image-preview":"max-image-preview:large","max-video-preview":"max-video-preview:-1"},"canonical":"https:\/\/www.spirit-us.eu\/index.php\/produit\/pendentif-feuille-derable\/","og_locale":"fr_FR","og_type":"article","og_title":"PENDENTIF FEUILLE D'ERABLE - Spirit-US","og_description":"Pendentif en forme de feuille d'\u00e9rable agr\u00e9ment\u00e9e de zircons et mont\u00e9 sur laiton dor\u00e9. Un petit bijoux fort joli, pour c\u00e9l\u00e9brer l'automne ou se faire plaisir.\u00a0 Il se porte facilement sur de nombreuses tenues, d\u00e9contract\u00e9es ou habill\u00e9es.\u00a0 Un joli cadeau \u00e0 faire \u00e0 une personne qu'on aime.","og_url":"https:\/\/www.spirit-us.eu\/index.php\/produit\/pendentif-feuille-derable\/","og_site_name":"Spirit-US","article_publisher":"https:\/\/www.facebook.com\/spirit.us.deum","article_modified_time":"2025-12-17T13:51:25+00:00","og_image":[{"width":2430,"height":2560,"url":"https:\/\/www.spirit-us.eu\/wp-content\/uploads\/2025\/12\/IMG_7951-scaled.jpg","type":"image\/jpeg"}],"twitter_card":"summary_large_image","twitter_misc":{"Dur\u00e9e de lecture estim\u00e9e":"1 minute"},"schema":{"@context":"https:\/\/schema.org","@graph":[{"@type":"WebPage","@id":"https:\/\/www.spirit-us.eu\/index.php\/produit\/pendentif-feuille-derable\/","url":"https:\/\/www.spirit-us.eu\/index.php\/produit\/pendentif-feuille-derable\/","name":"PENDENTIF FEUILLE D'ERABLE - Spirit-US","isPartOf":{"@id":"https:\/\/www.spirit-us.eu\/#website"},"primaryImageOfPage":{"@id":"https:\/\/www.spirit-us.eu\/index.php\/produit\/pendentif-feuille-derable\/#primaryimage"},"image":{"@id":"https:\/\/www.spirit-us.eu\/index.php\/produit\/pendentif-feuille-derable\/#primaryimage"},"thumbnailUrl":"https:\/\/www.spirit-us.eu\/wp-content\/uploads\/2025\/12\/IMG_7951-scaled.jpg","datePublished":"2025-12-14T16:07:58+00:00","dateModified":"2025-12-17T13:51:25+00:00","breadcrumb":{"@id":"https:\/\/www.spirit-us.eu\/index.php\/produit\/pendentif-feuille-derable\/#breadcrumb"},"inLanguage":"fr-FR","potentialAction":[{"@type":"ReadAction","target":["https:\/\/www.spirit-us.eu\/index.php\/produit\/pendentif-feuille-derable\/"]}]},{"@type":"ImageObject","inLanguage":"fr-FR","@id":"https:\/\/www.spirit-us.eu\/index.php\/produit\/pendentif-feuille-derable\/#primaryimage","url":"https:\/\/www.spirit-us.eu\/wp-content\/uploads\/2025\/12\/IMG_7951-scaled.jpg","contentUrl":"https:\/\/www.spirit-us.eu\/wp-content\/uploads\/2025\/12\/IMG_7951-scaled.jpg","width":2430,"height":2560},{"@type":"BreadcrumbList","@id":"https:\/\/www.spirit-us.eu\/index.php\/produit\/pendentif-feuille-derable\/#breadcrumb","itemListElement":[{"@type":"ListItem","position":1,"name":"Accueil","item":"https:\/\/www.spirit-us.eu\/"},{"@type":"ListItem","position":2,"name":"Boutique","item":"https:\/\/www.spirit-us.eu\/index.php\/boutique\/"},{"@type":"ListItem","position":3,"name":"PENDENTIF FEUILLE D&rsquo;ERABLE"}]},{"@type":"WebSite","@id":"https:\/\/www.spirit-us.eu\/#website","url":"https:\/\/www.spirit-us.eu\/","name":"Spirit-US","description":"","publisher":{"@id":"https:\/\/www.spirit-us.eu\/#organization"},"potentialAction":[{"@type":"SearchAction","target":{"@type":"EntryPoint","urlTemplate":"https:\/\/www.spirit-us.eu\/?s={search_term_string}"},"query-input":{"@type":"PropertyValueSpecification","valueRequired":true,"valueName":"search_term_string"}}],"inLanguage":"fr-FR"},{"@type":"Organization","@id":"https:\/\/www.spirit-us.eu\/#organization","name":"Spirit-US","url":"https:\/\/www.spirit-us.eu\/","logo":{"@type":"ImageObject","inLanguage":"fr-FR","@id":"https:\/\/www.spirit-us.eu\/#\/schema\/logo\/image\/","url":"https:\/\/www.spirit-us.eu\/wp-content\/uploads\/2025\/11\/logo-regarde-linterlocutrice-sans-arrriere-plan.jpg","contentUrl":"https:\/\/www.spirit-us.eu\/wp-content\/uploads\/2025\/11\/logo-regarde-linterlocutrice-sans-arrriere-plan.jpg","width":1080,"height":1080,"caption":"Spirit-US"},"image":{"@id":"https:\/\/www.spirit-us.eu\/#\/schema\/logo\/image\/"},"sameAs":["https:\/\/www.facebook.com\/spirit.us.deum"]}]}},"jetpack_sharing_enabled":true,"_links":{"self":[{"href":"https:\/\/www.spirit-us.eu\/index.php\/wp-json\/wp\/v2\/product\/3077","targetHints":{"allow":["GET"]}}],"collection":[{"href":"https:\/\/www.spirit-us.eu\/index.php\/wp-json\/wp\/v2\/product"}],"about":[{"href":"https:\/\/www.spirit-us.eu\/index.php\/wp-json\/wp\/v2\/types\/product"}],"replies":[{"embeddable":true,"href":"https:\/\/www.spirit-us.eu\/index.php\/wp-json\/wp\/v2\/comments?post=3077"}],"wp:featuredmedia":[{"embeddable":true,"href":"https:\/\/www.spirit-us.eu\/index.php\/wp-json\/wp\/v2\/media\/3079"}],"wp:attachment":[{"href":"https:\/\/www.spirit-us.eu\/index.php\/wp-json\/wp\/v2\/media?parent=3077"}],"wp:term":[{"taxonomy":"product_brand","embeddable":true,"href":"https:\/\/www.spirit-us.eu\/index.php\/wp-json\/wp\/v2\/product_brand?post=3077"},{"taxonomy":"product_cat","embeddable":true,"href":"https:\/\/www.spirit-us.eu\/index.php\/wp-json\/wp\/v2\/product_cat?post=3077"},{"taxonomy":"product_tag","embeddable":true,"href":"https:\/\/www.spirit-us.eu\/index.php\/wp-json\/wp\/v2\/product_tag?post=3077"},{"taxonomy":"mwb_booking_cost","embeddable":true,"href":"https:\/\/www.spirit-us.eu\/index.php\/wp-json\/wp\/v2\/mwb_booking_cost?post=3077"},{"taxonomy":"mwb_booking_service","embeddable":true,"href":"https:\/\/www.spirit-us.eu\/index.php\/wp-json\/wp\/v2\/mwb_booking_service?post=3077"}],"curies":[{"name":"wp","href":"https:\/\/api.w.org\/{rel}","templated":true}]}}