{"id":3071,"date":"2025-12-14T16:19:40","date_gmt":"2025-12-14T15:19:40","guid":{"rendered":"https:\/\/www.spirit-us.eu\/?post_type=product&#038;p=3071"},"modified":"2025-12-17T17:37:09","modified_gmt":"2025-12-17T16:37:09","slug":"gingko-sculpture-feuilles-de-gingko-biloba","status":"publish","type":"product","link":"https:\/\/www.spirit-us.eu\/index.php\/produit\/gingko-sculpture-feuilles-de-gingko-biloba\/","title":{"rendered":"GINGKO &#8211; sculpture feuilles de Gingko biloba"},"content":{"rendered":"<p>Sculpture en r\u00e9sine color\u00e9e en forme de 3 grandes feuilles de gingko biloba dor\u00e9es sur socle cubique noir.<\/p>\n<p><strong>Dimensions<\/strong> :<\/p>\n<ul>\n<li>hauteur totale 25 cm<\/li>\n<li>largeur (envergure des feuilles) 22 cm<\/li>\n<li>\u00e9paisseur (socle) 7 cm<\/li>\n<\/ul>\n<p><strong>Couleurs<\/strong> : noir (socle) et or (motif v\u00e9g\u00e9tal)<\/p>\n<p>&nbsp;<\/p>\n","protected":false},"excerpt":{"rendered":"<p style=\"text-align: justify;\">Tr\u00e8s belles sculpture au motif floral, dor\u00e9e, \u00e9l\u00e9gante, pos\u00e9e sur un socle noir cubique.\u00a0 Cet objet est \u00e0 la fois moderne et classique.\u00a0 Elle sera d&rsquo;un tr\u00e8s bel effet sur une biblioth\u00e8que, un meuble, une table de salon, ou autre.\u00a0 Avec un \u00e9clairage adapt\u00e9, elle rayonnera dans le coin, l&rsquo;endroit o\u00f9 vous la poserez. Ce qui est primordial, c&rsquo;est la symbolique qu&rsquo;elle repr\u00e9sente.\u00a0 Le gingko biloba est un arbre antique, puissant, magnifique et r\u00e9put\u00e9 apporter l&rsquo;\u00e9l\u00e9vation d&rsquo;esprit, la gu\u00e9rison de l&rsquo;\u00e2me et la puissance de la psych\u00e9 \u00e0 qui le c\u00f4toie. Offrez-vous cette petite merveille de d\u00e9coration, tr\u00e8s originale.\u00a0 Si la symbolique du gingko vous inspire, nous tenons \u00e0 votre disposition toute une gamme d&rsquo;\u00e9l\u00e9ments con\u00e7us \u00e0 base de gingko biloba : plaid, housses de coussins, autres \u00e9l\u00e9ments d\u00e9coratifs; et la teinture-m\u00e8re pour ceux et celles qui \u00e9tudient ou ont besojn d&rsquo;am\u00e9liorer leur \u00e9nergie vitale.<\/p>\n","protected":false},"featured_media":3074,"comment_status":"open","ping_status":"closed","template":"","meta":[],"product_brand":[],"product_cat":[496,180,17],"product_tag":[357],"mwb_booking_cost":[],"mwb_booking_service":[],"class_list":{"0":"post-3071","1":"product","2":"type-product","3":"status-publish","4":"has-post-thumbnail","6":"product_cat-gingko-biloba","7":"product_cat-09-decoration","8":"product_cat-tous-les-produits","9":"product_tag-gingko-collection","11":"first","12":"instock","13":"shipping-taxable","14":"purchasable","15":"product-type-simple"},"yoast_head":"<!-- This site is optimized with the Yoast SEO plugin v27.1.1 - https:\/\/yoast.com\/product\/yoast-seo-wordpress\/ -->\n<title>GINGKO - sculpture feuilles de Gingko biloba - Spirit-US<\/title>\n<meta name=\"robots\" content=\"index, follow, max-snippet:-1, max-image-preview:large, max-video-preview:-1\" \/>\n<link rel=\"canonical\" href=\"https:\/\/www.spirit-us.eu\/index.php\/produit\/gingko-sculpture-feuilles-de-gingko-biloba\/\" \/>\n<meta property=\"og:locale\" content=\"fr_FR\" \/>\n<meta property=\"og:type\" content=\"article\" \/>\n<meta property=\"og:title\" content=\"GINGKO - sculpture feuilles de Gingko biloba - Spirit-US\" \/>\n<meta property=\"og:description\" content=\"Tr\u00e8s belles sculpture au motif floral, dor\u00e9e, \u00e9l\u00e9gante, pos\u00e9e sur un socle noir cubique.\u00a0 Cet objet est \u00e0 la fois moderne et classique.\u00a0 Elle sera d&#039;un tr\u00e8s bel effet sur une biblioth\u00e8que, un meuble, une table de salon, ou autre.\u00a0 Avec un \u00e9clairage adapt\u00e9, elle rayonnera dans le coin, l&#039;endroit o\u00f9 vous la poserez. Ce qui est primordial, c&#039;est la symbolique qu&#039;elle repr\u00e9sente.\u00a0 Le gingko biloba est un arbre antique, puissant, magnifique et r\u00e9put\u00e9 apporter l&#039;\u00e9l\u00e9vation d&#039;esprit, la gu\u00e9rison de l&#039;\u00e2me et la puissance de la psych\u00e9 \u00e0 qui le c\u00f4toie. Offrez-vous cette petite merveille de d\u00e9coration, tr\u00e8s originale.\u00a0 Si la symbolique du gingko vous inspire, nous tenons \u00e0 votre disposition toute une gamme d&#039;\u00e9l\u00e9ments con\u00e7us \u00e0 base de gingko biloba : plaid, housses de coussins, autres \u00e9l\u00e9ments d\u00e9coratifs; et la teinture-m\u00e8re pour ceux et celles qui \u00e9tudient ou ont besojn d&#039;am\u00e9liorer leur \u00e9nergie vitale.\" \/>\n<meta property=\"og:url\" content=\"https:\/\/www.spirit-us.eu\/index.php\/produit\/gingko-sculpture-feuilles-de-gingko-biloba\/\" \/>\n<meta property=\"og:site_name\" content=\"Spirit-US\" \/>\n<meta property=\"article:publisher\" content=\"https:\/\/www.facebook.com\/spirit.us.deum\" \/>\n<meta property=\"article:modified_time\" content=\"2025-12-17T16:37:09+00:00\" \/>\n<meta property=\"og:image\" content=\"https:\/\/www.spirit-us.eu\/wp-content\/uploads\/2025\/12\/IMG_7807-scaled.jpg\" \/>\n\t<meta property=\"og:image:width\" content=\"2323\" \/>\n\t<meta property=\"og:image:height\" content=\"2560\" \/>\n\t<meta property=\"og:image:type\" content=\"image\/jpeg\" \/>\n<meta name=\"twitter:card\" content=\"summary_large_image\" \/>\n<meta name=\"twitter:label1\" content=\"Dur\u00e9e de lecture estim\u00e9e\" \/>\n\t<meta name=\"twitter:data1\" content=\"1 minute\" \/>\n<script type=\"application\/ld+json\" class=\"yoast-schema-graph\">{\"@context\":\"https:\/\/schema.org\",\"@graph\":[{\"@type\":\"WebPage\",\"@id\":\"https:\/\/www.spirit-us.eu\/index.php\/produit\/gingko-sculpture-feuilles-de-gingko-biloba\/\",\"url\":\"https:\/\/www.spirit-us.eu\/index.php\/produit\/gingko-sculpture-feuilles-de-gingko-biloba\/\",\"name\":\"GINGKO - sculpture feuilles de Gingko biloba - Spirit-US\",\"isPartOf\":{\"@id\":\"https:\/\/www.spirit-us.eu\/#website\"},\"primaryImageOfPage\":{\"@id\":\"https:\/\/www.spirit-us.eu\/index.php\/produit\/gingko-sculpture-feuilles-de-gingko-biloba\/#primaryimage\"},\"image\":{\"@id\":\"https:\/\/www.spirit-us.eu\/index.php\/produit\/gingko-sculpture-feuilles-de-gingko-biloba\/#primaryimage\"},\"thumbnailUrl\":\"https:\/\/www.spirit-us.eu\/wp-content\/uploads\/2025\/12\/IMG_7807-scaled.jpg\",\"datePublished\":\"2025-12-14T15:19:40+00:00\",\"dateModified\":\"2025-12-17T16:37:09+00:00\",\"breadcrumb\":{\"@id\":\"https:\/\/www.spirit-us.eu\/index.php\/produit\/gingko-sculpture-feuilles-de-gingko-biloba\/#breadcrumb\"},\"inLanguage\":\"fr-FR\",\"potentialAction\":[{\"@type\":\"ReadAction\",\"target\":[\"https:\/\/www.spirit-us.eu\/index.php\/produit\/gingko-sculpture-feuilles-de-gingko-biloba\/\"]}]},{\"@type\":\"ImageObject\",\"inLanguage\":\"fr-FR\",\"@id\":\"https:\/\/www.spirit-us.eu\/index.php\/produit\/gingko-sculpture-feuilles-de-gingko-biloba\/#primaryimage\",\"url\":\"https:\/\/www.spirit-us.eu\/wp-content\/uploads\/2025\/12\/IMG_7807-scaled.jpg\",\"contentUrl\":\"https:\/\/www.spirit-us.eu\/wp-content\/uploads\/2025\/12\/IMG_7807-scaled.jpg\",\"width\":2323,\"height\":2560},{\"@type\":\"BreadcrumbList\",\"@id\":\"https:\/\/www.spirit-us.eu\/index.php\/produit\/gingko-sculpture-feuilles-de-gingko-biloba\/#breadcrumb\",\"itemListElement\":[{\"@type\":\"ListItem\",\"position\":1,\"name\":\"Accueil\",\"item\":\"https:\/\/www.spirit-us.eu\/\"},{\"@type\":\"ListItem\",\"position\":2,\"name\":\"Boutique\",\"item\":\"https:\/\/www.spirit-us.eu\/index.php\/boutique\/\"},{\"@type\":\"ListItem\",\"position\":3,\"name\":\"GINGKO &#8211; sculpture feuilles de Gingko biloba\"}]},{\"@type\":\"WebSite\",\"@id\":\"https:\/\/www.spirit-us.eu\/#website\",\"url\":\"https:\/\/www.spirit-us.eu\/\",\"name\":\"Spirit-US\",\"description\":\"\",\"publisher\":{\"@id\":\"https:\/\/www.spirit-us.eu\/#organization\"},\"potentialAction\":[{\"@type\":\"SearchAction\",\"target\":{\"@type\":\"EntryPoint\",\"urlTemplate\":\"https:\/\/www.spirit-us.eu\/?s={search_term_string}\"},\"query-input\":{\"@type\":\"PropertyValueSpecification\",\"valueRequired\":true,\"valueName\":\"search_term_string\"}}],\"inLanguage\":\"fr-FR\"},{\"@type\":\"Organization\",\"@id\":\"https:\/\/www.spirit-us.eu\/#organization\",\"name\":\"Spirit-US\",\"url\":\"https:\/\/www.spirit-us.eu\/\",\"logo\":{\"@type\":\"ImageObject\",\"inLanguage\":\"fr-FR\",\"@id\":\"https:\/\/www.spirit-us.eu\/#\/schema\/logo\/image\/\",\"url\":\"https:\/\/www.spirit-us.eu\/wp-content\/uploads\/2025\/11\/logo-regarde-linterlocutrice-sans-arrriere-plan.jpg\",\"contentUrl\":\"https:\/\/www.spirit-us.eu\/wp-content\/uploads\/2025\/11\/logo-regarde-linterlocutrice-sans-arrriere-plan.jpg\",\"width\":1080,\"height\":1080,\"caption\":\"Spirit-US\"},\"image\":{\"@id\":\"https:\/\/www.spirit-us.eu\/#\/schema\/logo\/image\/\"},\"sameAs\":[\"https:\/\/www.facebook.com\/spirit.us.deum\"]}]}<\/script>\n<!-- \/ Yoast SEO plugin. -->","yoast_head_json":{"title":"GINGKO - sculpture feuilles de Gingko biloba - Spirit-US","robots":{"index":"index","follow":"follow","max-snippet":"max-snippet:-1","max-image-preview":"max-image-preview:large","max-video-preview":"max-video-preview:-1"},"canonical":"https:\/\/www.spirit-us.eu\/index.php\/produit\/gingko-sculpture-feuilles-de-gingko-biloba\/","og_locale":"fr_FR","og_type":"article","og_title":"GINGKO - sculpture feuilles de Gingko biloba - Spirit-US","og_description":"Tr\u00e8s belles sculpture au motif floral, dor\u00e9e, \u00e9l\u00e9gante, pos\u00e9e sur un socle noir cubique.\u00a0 Cet objet est \u00e0 la fois moderne et classique.\u00a0 Elle sera d'un tr\u00e8s bel effet sur une biblioth\u00e8que, un meuble, une table de salon, ou autre.\u00a0 Avec un \u00e9clairage adapt\u00e9, elle rayonnera dans le coin, l'endroit o\u00f9 vous la poserez. Ce qui est primordial, c'est la symbolique qu'elle repr\u00e9sente.\u00a0 Le gingko biloba est un arbre antique, puissant, magnifique et r\u00e9put\u00e9 apporter l'\u00e9l\u00e9vation d'esprit, la gu\u00e9rison de l'\u00e2me et la puissance de la psych\u00e9 \u00e0 qui le c\u00f4toie. Offrez-vous cette petite merveille de d\u00e9coration, tr\u00e8s originale.\u00a0 Si la symbolique du gingko vous inspire, nous tenons \u00e0 votre disposition toute une gamme d'\u00e9l\u00e9ments con\u00e7us \u00e0 base de gingko biloba : plaid, housses de coussins, autres \u00e9l\u00e9ments d\u00e9coratifs; et la teinture-m\u00e8re pour ceux et celles qui \u00e9tudient ou ont besojn d'am\u00e9liorer leur \u00e9nergie vitale.","og_url":"https:\/\/www.spirit-us.eu\/index.php\/produit\/gingko-sculpture-feuilles-de-gingko-biloba\/","og_site_name":"Spirit-US","article_publisher":"https:\/\/www.facebook.com\/spirit.us.deum","article_modified_time":"2025-12-17T16:37:09+00:00","og_image":[{"width":2323,"height":2560,"url":"https:\/\/www.spirit-us.eu\/wp-content\/uploads\/2025\/12\/IMG_7807-scaled.jpg","type":"image\/jpeg"}],"twitter_card":"summary_large_image","twitter_misc":{"Dur\u00e9e de lecture estim\u00e9e":"1 minute"},"schema":{"@context":"https:\/\/schema.org","@graph":[{"@type":"WebPage","@id":"https:\/\/www.spirit-us.eu\/index.php\/produit\/gingko-sculpture-feuilles-de-gingko-biloba\/","url":"https:\/\/www.spirit-us.eu\/index.php\/produit\/gingko-sculpture-feuilles-de-gingko-biloba\/","name":"GINGKO - sculpture feuilles de Gingko biloba - Spirit-US","isPartOf":{"@id":"https:\/\/www.spirit-us.eu\/#website"},"primaryImageOfPage":{"@id":"https:\/\/www.spirit-us.eu\/index.php\/produit\/gingko-sculpture-feuilles-de-gingko-biloba\/#primaryimage"},"image":{"@id":"https:\/\/www.spirit-us.eu\/index.php\/produit\/gingko-sculpture-feuilles-de-gingko-biloba\/#primaryimage"},"thumbnailUrl":"https:\/\/www.spirit-us.eu\/wp-content\/uploads\/2025\/12\/IMG_7807-scaled.jpg","datePublished":"2025-12-14T15:19:40+00:00","dateModified":"2025-12-17T16:37:09+00:00","breadcrumb":{"@id":"https:\/\/www.spirit-us.eu\/index.php\/produit\/gingko-sculpture-feuilles-de-gingko-biloba\/#breadcrumb"},"inLanguage":"fr-FR","potentialAction":[{"@type":"ReadAction","target":["https:\/\/www.spirit-us.eu\/index.php\/produit\/gingko-sculpture-feuilles-de-gingko-biloba\/"]}]},{"@type":"ImageObject","inLanguage":"fr-FR","@id":"https:\/\/www.spirit-us.eu\/index.php\/produit\/gingko-sculpture-feuilles-de-gingko-biloba\/#primaryimage","url":"https:\/\/www.spirit-us.eu\/wp-content\/uploads\/2025\/12\/IMG_7807-scaled.jpg","contentUrl":"https:\/\/www.spirit-us.eu\/wp-content\/uploads\/2025\/12\/IMG_7807-scaled.jpg","width":2323,"height":2560},{"@type":"BreadcrumbList","@id":"https:\/\/www.spirit-us.eu\/index.php\/produit\/gingko-sculpture-feuilles-de-gingko-biloba\/#breadcrumb","itemListElement":[{"@type":"ListItem","position":1,"name":"Accueil","item":"https:\/\/www.spirit-us.eu\/"},{"@type":"ListItem","position":2,"name":"Boutique","item":"https:\/\/www.spirit-us.eu\/index.php\/boutique\/"},{"@type":"ListItem","position":3,"name":"GINGKO &#8211; sculpture feuilles de Gingko biloba"}]},{"@type":"WebSite","@id":"https:\/\/www.spirit-us.eu\/#website","url":"https:\/\/www.spirit-us.eu\/","name":"Spirit-US","description":"","publisher":{"@id":"https:\/\/www.spirit-us.eu\/#organization"},"potentialAction":[{"@type":"SearchAction","target":{"@type":"EntryPoint","urlTemplate":"https:\/\/www.spirit-us.eu\/?s={search_term_string}"},"query-input":{"@type":"PropertyValueSpecification","valueRequired":true,"valueName":"search_term_string"}}],"inLanguage":"fr-FR"},{"@type":"Organization","@id":"https:\/\/www.spirit-us.eu\/#organization","name":"Spirit-US","url":"https:\/\/www.spirit-us.eu\/","logo":{"@type":"ImageObject","inLanguage":"fr-FR","@id":"https:\/\/www.spirit-us.eu\/#\/schema\/logo\/image\/","url":"https:\/\/www.spirit-us.eu\/wp-content\/uploads\/2025\/11\/logo-regarde-linterlocutrice-sans-arrriere-plan.jpg","contentUrl":"https:\/\/www.spirit-us.eu\/wp-content\/uploads\/2025\/11\/logo-regarde-linterlocutrice-sans-arrriere-plan.jpg","width":1080,"height":1080,"caption":"Spirit-US"},"image":{"@id":"https:\/\/www.spirit-us.eu\/#\/schema\/logo\/image\/"},"sameAs":["https:\/\/www.facebook.com\/spirit.us.deum"]}]}},"jetpack_sharing_enabled":true,"_links":{"self":[{"href":"https:\/\/www.spirit-us.eu\/index.php\/wp-json\/wp\/v2\/product\/3071","targetHints":{"allow":["GET"]}}],"collection":[{"href":"https:\/\/www.spirit-us.eu\/index.php\/wp-json\/wp\/v2\/product"}],"about":[{"href":"https:\/\/www.spirit-us.eu\/index.php\/wp-json\/wp\/v2\/types\/product"}],"replies":[{"embeddable":true,"href":"https:\/\/www.spirit-us.eu\/index.php\/wp-json\/wp\/v2\/comments?post=3071"}],"wp:featuredmedia":[{"embeddable":true,"href":"https:\/\/www.spirit-us.eu\/index.php\/wp-json\/wp\/v2\/media\/3074"}],"wp:attachment":[{"href":"https:\/\/www.spirit-us.eu\/index.php\/wp-json\/wp\/v2\/media?parent=3071"}],"wp:term":[{"taxonomy":"product_brand","embeddable":true,"href":"https:\/\/www.spirit-us.eu\/index.php\/wp-json\/wp\/v2\/product_brand?post=3071"},{"taxonomy":"product_cat","embeddable":true,"href":"https:\/\/www.spirit-us.eu\/index.php\/wp-json\/wp\/v2\/product_cat?post=3071"},{"taxonomy":"product_tag","embeddable":true,"href":"https:\/\/www.spirit-us.eu\/index.php\/wp-json\/wp\/v2\/product_tag?post=3071"},{"taxonomy":"mwb_booking_cost","embeddable":true,"href":"https:\/\/www.spirit-us.eu\/index.php\/wp-json\/wp\/v2\/mwb_booking_cost?post=3071"},{"taxonomy":"mwb_booking_service","embeddable":true,"href":"https:\/\/www.spirit-us.eu\/index.php\/wp-json\/wp\/v2\/mwb_booking_service?post=3071"}],"curies":[{"name":"wp","href":"https:\/\/api.w.org\/{rel}","templated":true}]}}