{"id":3065,"date":"2025-12-14T15:55:44","date_gmt":"2025-12-14T14:55:44","guid":{"rendered":"https:\/\/www.spirit-us.eu\/?post_type=product&#038;p=3065"},"modified":"2025-12-17T17:44:04","modified_gmt":"2025-12-17T16:44:04","slug":"mortier-et-pilon-onyx","status":"publish","type":"product","link":"https:\/\/www.spirit-us.eu\/index.php\/produit\/mortier-et-pilon-onyx\/","title":{"rendered":"MORTIER ET PILON &#8211; onyx"},"content":{"rendered":"<p>Mortier pilon en onyx couleur vert, gris et brun<\/p>\n<p><strong>Usages<\/strong> : d\u00e9coration, confection de rem\u00e8des m\u00e9dicinaux, confections de poudres culinaires<\/p>\n<p><strong>Dimensions<\/strong> :<\/p>\n<ul>\n<li>du mortier : diam\u00e8tre 7,5 cm \/ hauteur 7 cm<\/li>\n<li>du pilon : diam\u00e8tre 3,4 cm \/ hauteur 7 cm<\/li>\n<\/ul>\n<p><strong>Couleurs<\/strong> : dominante vert-jade, marron brun, gris, veines de diff\u00e9rentes couleurs. Ce produit est 100% manufactur\u00e9, il n&rsquo;y a donc pas deux mortier pilon identiques.<\/p>\n<p><strong>Mat\u00e9riau<\/strong> : pierre naturelle creus\u00e9e dans la masse et polie<\/p>\n<p><strong>Contenu du colis<\/strong> : 2 pi\u00e8ces &#8211; le mortier et le pilon<\/p>\n","protected":false},"excerpt":{"rendered":"<p style=\"text-align: justify;\">Tr\u00e8s beau mortier pilon, pr\u00e9cieux, en onyx massif, creus\u00e9 et poli dans un bloc entier de pierre naturelle.\u00a0 La plupart du temps, l\u2019onyx est teint\u00e9 pour donner un noir brillant profond, mais dans la nature, il est aussi noir-brun sombre, blanc, rouge-brun en pr\u00e9sence d\u2019oxyde de fer, gris, vert et jaune.\u00a0 Ce mortier pilon est taill\u00e9 \u00e0 partir d\u2019une pierre alliant ces derni\u00e8res couleurs\u00a0: il est vein\u00e9 tr\u00e8s joliment de blanc, de gris, de rouge-brun et la couleur dominante est le vert.\u00a0 Le pilon a les m\u00eames couleurs. Il y a des mortier-pilons en bois, en travertin, en porcelaine.\u00a0 Celui-ci est fait de pierre naturelle aux vertus vertus protectrices contre les \u00e9nergies n\u00e9gatives, apportant ancrage, stabilit\u00e9, tout en aidant \u00e0 la concentration.\u00a0Sur le plan physique, il est associ\u00e9 \u00e0 la fortification de la moelle osseuse, du syst\u00e8me immunitaire, et \u00e0 des bienfaits pour l&rsquo;audition (acouph\u00e8nes), la circulation sanguine, la peau et les cheveux, agissant aussi comme soutien lors des grossesses et des accouchements. Voil\u00e0 donc un alli\u00e9 pr\u00e9cieux lorsque vous avez \u00e0 concevoir des potions, des rem\u00e8des, \u00e0 piler pour cela, des plantes s\u00e9ch\u00e9es ou autre.\u00a0 Ind\u00e9pendamment de son utilit\u00e9, de sa fonctionnalit\u00e9 premi\u00e8re et de ses vertus, ce mortier-pilon est de toute beaut\u00e9 et m\u00e9rite de se trouver chez vous juste pour son c\u00f4t\u00e9 d\u00e9coratif et pr\u00e9cieux.<\/p>\n","protected":false},"featured_media":3066,"comment_status":"open","ping_status":"closed","template":"","meta":[],"product_brand":[],"product_cat":[180,17],"product_tag":[453,450,451,169,452],"mwb_booking_cost":[],"mwb_booking_service":[],"class_list":{"0":"post-3065","1":"product","2":"type-product","3":"status-publish","4":"has-post-thumbnail","6":"product_cat-09-decoration","7":"product_cat-tous-les-produits","8":"product_tag-medicinal","9":"product_tag-mortier-pilon","10":"product_tag-onyx-vert-et-brun","11":"product_tag-protection","12":"product_tag-remedes","14":"first","15":"instock","16":"shipping-taxable","17":"purchasable","18":"product-type-simple"},"yoast_head":"<!-- This site is optimized with the Yoast SEO plugin v27.1.1 - https:\/\/yoast.com\/product\/yoast-seo-wordpress\/ -->\n<title>MORTIER ET PILON - onyx - Spirit-US<\/title>\n<meta name=\"robots\" content=\"index, follow, max-snippet:-1, max-image-preview:large, max-video-preview:-1\" \/>\n<link rel=\"canonical\" href=\"https:\/\/www.spirit-us.eu\/index.php\/produit\/mortier-et-pilon-onyx\/\" \/>\n<meta property=\"og:locale\" content=\"fr_FR\" \/>\n<meta property=\"og:type\" content=\"article\" \/>\n<meta property=\"og:title\" content=\"MORTIER ET PILON - onyx - Spirit-US\" \/>\n<meta property=\"og:description\" content=\"Tr\u00e8s beau mortier pilon, pr\u00e9cieux, en onyx massif, creus\u00e9 et poli dans un bloc entier de pierre naturelle.\u00a0 La plupart du temps, l\u2019onyx est teint\u00e9 pour donner un noir brillant profond, mais dans la nature, il est aussi noir-brun sombre, blanc, rouge-brun en pr\u00e9sence d\u2019oxyde de fer, gris, vert et jaune.\u00a0 Ce mortier pilon est taill\u00e9 \u00e0 partir d\u2019une pierre alliant ces derni\u00e8res couleurs\u00a0: il est vein\u00e9 tr\u00e8s joliment de blanc, de gris, de rouge-brun et la couleur dominante est le vert.\u00a0 Le pilon a les m\u00eames couleurs. Il y a des mortier-pilons en bois, en travertin, en porcelaine.\u00a0 Celui-ci est fait de pierre naturelle aux vertus vertus protectrices contre les \u00e9nergies n\u00e9gatives, apportant ancrage, stabilit\u00e9, tout en aidant \u00e0 la concentration.\u00a0Sur le plan physique, il est associ\u00e9 \u00e0 la fortification de la moelle osseuse, du syst\u00e8me immunitaire, et \u00e0 des bienfaits pour l&#039;audition (acouph\u00e8nes), la circulation sanguine, la peau et les cheveux, agissant aussi comme soutien lors des grossesses et des accouchements. Voil\u00e0 donc un alli\u00e9 pr\u00e9cieux lorsque vous avez \u00e0 concevoir des potions, des rem\u00e8des, \u00e0 piler pour cela, des plantes s\u00e9ch\u00e9es ou autre.\u00a0 Ind\u00e9pendamment de son utilit\u00e9, de sa fonctionnalit\u00e9 premi\u00e8re et de ses vertus, ce mortier-pilon est de toute beaut\u00e9 et m\u00e9rite de se trouver chez vous juste pour son c\u00f4t\u00e9 d\u00e9coratif et pr\u00e9cieux.\" \/>\n<meta property=\"og:url\" content=\"https:\/\/www.spirit-us.eu\/index.php\/produit\/mortier-et-pilon-onyx\/\" \/>\n<meta property=\"og:site_name\" content=\"Spirit-US\" \/>\n<meta property=\"article:publisher\" content=\"https:\/\/www.facebook.com\/spirit.us.deum\" \/>\n<meta property=\"article:modified_time\" content=\"2025-12-17T16:44:04+00:00\" \/>\n<meta property=\"og:image\" content=\"https:\/\/www.spirit-us.eu\/wp-content\/uploads\/2025\/12\/IMG_7925-scaled.jpg\" \/>\n\t<meta property=\"og:image:width\" content=\"2394\" \/>\n\t<meta property=\"og:image:height\" content=\"2560\" \/>\n\t<meta property=\"og:image:type\" content=\"image\/jpeg\" \/>\n<meta name=\"twitter:card\" content=\"summary_large_image\" \/>\n<meta name=\"twitter:label1\" content=\"Dur\u00e9e de lecture estim\u00e9e\" \/>\n\t<meta name=\"twitter:data1\" content=\"1 minute\" \/>\n<script type=\"application\/ld+json\" class=\"yoast-schema-graph\">{\"@context\":\"https:\/\/schema.org\",\"@graph\":[{\"@type\":\"WebPage\",\"@id\":\"https:\/\/www.spirit-us.eu\/index.php\/produit\/mortier-et-pilon-onyx\/\",\"url\":\"https:\/\/www.spirit-us.eu\/index.php\/produit\/mortier-et-pilon-onyx\/\",\"name\":\"MORTIER ET PILON - onyx - Spirit-US\",\"isPartOf\":{\"@id\":\"https:\/\/www.spirit-us.eu\/#website\"},\"primaryImageOfPage\":{\"@id\":\"https:\/\/www.spirit-us.eu\/index.php\/produit\/mortier-et-pilon-onyx\/#primaryimage\"},\"image\":{\"@id\":\"https:\/\/www.spirit-us.eu\/index.php\/produit\/mortier-et-pilon-onyx\/#primaryimage\"},\"thumbnailUrl\":\"https:\/\/www.spirit-us.eu\/wp-content\/uploads\/2025\/12\/IMG_7925-scaled.jpg\",\"datePublished\":\"2025-12-14T14:55:44+00:00\",\"dateModified\":\"2025-12-17T16:44:04+00:00\",\"breadcrumb\":{\"@id\":\"https:\/\/www.spirit-us.eu\/index.php\/produit\/mortier-et-pilon-onyx\/#breadcrumb\"},\"inLanguage\":\"fr-FR\",\"potentialAction\":[{\"@type\":\"ReadAction\",\"target\":[\"https:\/\/www.spirit-us.eu\/index.php\/produit\/mortier-et-pilon-onyx\/\"]}]},{\"@type\":\"ImageObject\",\"inLanguage\":\"fr-FR\",\"@id\":\"https:\/\/www.spirit-us.eu\/index.php\/produit\/mortier-et-pilon-onyx\/#primaryimage\",\"url\":\"https:\/\/www.spirit-us.eu\/wp-content\/uploads\/2025\/12\/IMG_7925-scaled.jpg\",\"contentUrl\":\"https:\/\/www.spirit-us.eu\/wp-content\/uploads\/2025\/12\/IMG_7925-scaled.jpg\",\"width\":2394,\"height\":2560},{\"@type\":\"BreadcrumbList\",\"@id\":\"https:\/\/www.spirit-us.eu\/index.php\/produit\/mortier-et-pilon-onyx\/#breadcrumb\",\"itemListElement\":[{\"@type\":\"ListItem\",\"position\":1,\"name\":\"Accueil\",\"item\":\"https:\/\/www.spirit-us.eu\/\"},{\"@type\":\"ListItem\",\"position\":2,\"name\":\"Boutique\",\"item\":\"https:\/\/www.spirit-us.eu\/index.php\/boutique\/\"},{\"@type\":\"ListItem\",\"position\":3,\"name\":\"MORTIER ET PILON &#8211; onyx\"}]},{\"@type\":\"WebSite\",\"@id\":\"https:\/\/www.spirit-us.eu\/#website\",\"url\":\"https:\/\/www.spirit-us.eu\/\",\"name\":\"Spirit-US\",\"description\":\"\",\"publisher\":{\"@id\":\"https:\/\/www.spirit-us.eu\/#organization\"},\"potentialAction\":[{\"@type\":\"SearchAction\",\"target\":{\"@type\":\"EntryPoint\",\"urlTemplate\":\"https:\/\/www.spirit-us.eu\/?s={search_term_string}\"},\"query-input\":{\"@type\":\"PropertyValueSpecification\",\"valueRequired\":true,\"valueName\":\"search_term_string\"}}],\"inLanguage\":\"fr-FR\"},{\"@type\":\"Organization\",\"@id\":\"https:\/\/www.spirit-us.eu\/#organization\",\"name\":\"Spirit-US\",\"url\":\"https:\/\/www.spirit-us.eu\/\",\"logo\":{\"@type\":\"ImageObject\",\"inLanguage\":\"fr-FR\",\"@id\":\"https:\/\/www.spirit-us.eu\/#\/schema\/logo\/image\/\",\"url\":\"https:\/\/www.spirit-us.eu\/wp-content\/uploads\/2025\/11\/logo-regarde-linterlocutrice-sans-arrriere-plan.jpg\",\"contentUrl\":\"https:\/\/www.spirit-us.eu\/wp-content\/uploads\/2025\/11\/logo-regarde-linterlocutrice-sans-arrriere-plan.jpg\",\"width\":1080,\"height\":1080,\"caption\":\"Spirit-US\"},\"image\":{\"@id\":\"https:\/\/www.spirit-us.eu\/#\/schema\/logo\/image\/\"},\"sameAs\":[\"https:\/\/www.facebook.com\/spirit.us.deum\"]}]}<\/script>\n<!-- \/ Yoast SEO plugin. -->","yoast_head_json":{"title":"MORTIER ET PILON - onyx - Spirit-US","robots":{"index":"index","follow":"follow","max-snippet":"max-snippet:-1","max-image-preview":"max-image-preview:large","max-video-preview":"max-video-preview:-1"},"canonical":"https:\/\/www.spirit-us.eu\/index.php\/produit\/mortier-et-pilon-onyx\/","og_locale":"fr_FR","og_type":"article","og_title":"MORTIER ET PILON - onyx - Spirit-US","og_description":"Tr\u00e8s beau mortier pilon, pr\u00e9cieux, en onyx massif, creus\u00e9 et poli dans un bloc entier de pierre naturelle.\u00a0 La plupart du temps, l\u2019onyx est teint\u00e9 pour donner un noir brillant profond, mais dans la nature, il est aussi noir-brun sombre, blanc, rouge-brun en pr\u00e9sence d\u2019oxyde de fer, gris, vert et jaune.\u00a0 Ce mortier pilon est taill\u00e9 \u00e0 partir d\u2019une pierre alliant ces derni\u00e8res couleurs\u00a0: il est vein\u00e9 tr\u00e8s joliment de blanc, de gris, de rouge-brun et la couleur dominante est le vert.\u00a0 Le pilon a les m\u00eames couleurs. Il y a des mortier-pilons en bois, en travertin, en porcelaine.\u00a0 Celui-ci est fait de pierre naturelle aux vertus vertus protectrices contre les \u00e9nergies n\u00e9gatives, apportant ancrage, stabilit\u00e9, tout en aidant \u00e0 la concentration.\u00a0Sur le plan physique, il est associ\u00e9 \u00e0 la fortification de la moelle osseuse, du syst\u00e8me immunitaire, et \u00e0 des bienfaits pour l'audition (acouph\u00e8nes), la circulation sanguine, la peau et les cheveux, agissant aussi comme soutien lors des grossesses et des accouchements. Voil\u00e0 donc un alli\u00e9 pr\u00e9cieux lorsque vous avez \u00e0 concevoir des potions, des rem\u00e8des, \u00e0 piler pour cela, des plantes s\u00e9ch\u00e9es ou autre.\u00a0 Ind\u00e9pendamment de son utilit\u00e9, de sa fonctionnalit\u00e9 premi\u00e8re et de ses vertus, ce mortier-pilon est de toute beaut\u00e9 et m\u00e9rite de se trouver chez vous juste pour son c\u00f4t\u00e9 d\u00e9coratif et pr\u00e9cieux.","og_url":"https:\/\/www.spirit-us.eu\/index.php\/produit\/mortier-et-pilon-onyx\/","og_site_name":"Spirit-US","article_publisher":"https:\/\/www.facebook.com\/spirit.us.deum","article_modified_time":"2025-12-17T16:44:04+00:00","og_image":[{"width":2394,"height":2560,"url":"https:\/\/www.spirit-us.eu\/wp-content\/uploads\/2025\/12\/IMG_7925-scaled.jpg","type":"image\/jpeg"}],"twitter_card":"summary_large_image","twitter_misc":{"Dur\u00e9e de lecture estim\u00e9e":"1 minute"},"schema":{"@context":"https:\/\/schema.org","@graph":[{"@type":"WebPage","@id":"https:\/\/www.spirit-us.eu\/index.php\/produit\/mortier-et-pilon-onyx\/","url":"https:\/\/www.spirit-us.eu\/index.php\/produit\/mortier-et-pilon-onyx\/","name":"MORTIER ET PILON - onyx - Spirit-US","isPartOf":{"@id":"https:\/\/www.spirit-us.eu\/#website"},"primaryImageOfPage":{"@id":"https:\/\/www.spirit-us.eu\/index.php\/produit\/mortier-et-pilon-onyx\/#primaryimage"},"image":{"@id":"https:\/\/www.spirit-us.eu\/index.php\/produit\/mortier-et-pilon-onyx\/#primaryimage"},"thumbnailUrl":"https:\/\/www.spirit-us.eu\/wp-content\/uploads\/2025\/12\/IMG_7925-scaled.jpg","datePublished":"2025-12-14T14:55:44+00:00","dateModified":"2025-12-17T16:44:04+00:00","breadcrumb":{"@id":"https:\/\/www.spirit-us.eu\/index.php\/produit\/mortier-et-pilon-onyx\/#breadcrumb"},"inLanguage":"fr-FR","potentialAction":[{"@type":"ReadAction","target":["https:\/\/www.spirit-us.eu\/index.php\/produit\/mortier-et-pilon-onyx\/"]}]},{"@type":"ImageObject","inLanguage":"fr-FR","@id":"https:\/\/www.spirit-us.eu\/index.php\/produit\/mortier-et-pilon-onyx\/#primaryimage","url":"https:\/\/www.spirit-us.eu\/wp-content\/uploads\/2025\/12\/IMG_7925-scaled.jpg","contentUrl":"https:\/\/www.spirit-us.eu\/wp-content\/uploads\/2025\/12\/IMG_7925-scaled.jpg","width":2394,"height":2560},{"@type":"BreadcrumbList","@id":"https:\/\/www.spirit-us.eu\/index.php\/produit\/mortier-et-pilon-onyx\/#breadcrumb","itemListElement":[{"@type":"ListItem","position":1,"name":"Accueil","item":"https:\/\/www.spirit-us.eu\/"},{"@type":"ListItem","position":2,"name":"Boutique","item":"https:\/\/www.spirit-us.eu\/index.php\/boutique\/"},{"@type":"ListItem","position":3,"name":"MORTIER ET PILON &#8211; onyx"}]},{"@type":"WebSite","@id":"https:\/\/www.spirit-us.eu\/#website","url":"https:\/\/www.spirit-us.eu\/","name":"Spirit-US","description":"","publisher":{"@id":"https:\/\/www.spirit-us.eu\/#organization"},"potentialAction":[{"@type":"SearchAction","target":{"@type":"EntryPoint","urlTemplate":"https:\/\/www.spirit-us.eu\/?s={search_term_string}"},"query-input":{"@type":"PropertyValueSpecification","valueRequired":true,"valueName":"search_term_string"}}],"inLanguage":"fr-FR"},{"@type":"Organization","@id":"https:\/\/www.spirit-us.eu\/#organization","name":"Spirit-US","url":"https:\/\/www.spirit-us.eu\/","logo":{"@type":"ImageObject","inLanguage":"fr-FR","@id":"https:\/\/www.spirit-us.eu\/#\/schema\/logo\/image\/","url":"https:\/\/www.spirit-us.eu\/wp-content\/uploads\/2025\/11\/logo-regarde-linterlocutrice-sans-arrriere-plan.jpg","contentUrl":"https:\/\/www.spirit-us.eu\/wp-content\/uploads\/2025\/11\/logo-regarde-linterlocutrice-sans-arrriere-plan.jpg","width":1080,"height":1080,"caption":"Spirit-US"},"image":{"@id":"https:\/\/www.spirit-us.eu\/#\/schema\/logo\/image\/"},"sameAs":["https:\/\/www.facebook.com\/spirit.us.deum"]}]}},"jetpack_sharing_enabled":true,"_links":{"self":[{"href":"https:\/\/www.spirit-us.eu\/index.php\/wp-json\/wp\/v2\/product\/3065","targetHints":{"allow":["GET"]}}],"collection":[{"href":"https:\/\/www.spirit-us.eu\/index.php\/wp-json\/wp\/v2\/product"}],"about":[{"href":"https:\/\/www.spirit-us.eu\/index.php\/wp-json\/wp\/v2\/types\/product"}],"replies":[{"embeddable":true,"href":"https:\/\/www.spirit-us.eu\/index.php\/wp-json\/wp\/v2\/comments?post=3065"}],"wp:featuredmedia":[{"embeddable":true,"href":"https:\/\/www.spirit-us.eu\/index.php\/wp-json\/wp\/v2\/media\/3066"}],"wp:attachment":[{"href":"https:\/\/www.spirit-us.eu\/index.php\/wp-json\/wp\/v2\/media?parent=3065"}],"wp:term":[{"taxonomy":"product_brand","embeddable":true,"href":"https:\/\/www.spirit-us.eu\/index.php\/wp-json\/wp\/v2\/product_brand?post=3065"},{"taxonomy":"product_cat","embeddable":true,"href":"https:\/\/www.spirit-us.eu\/index.php\/wp-json\/wp\/v2\/product_cat?post=3065"},{"taxonomy":"product_tag","embeddable":true,"href":"https:\/\/www.spirit-us.eu\/index.php\/wp-json\/wp\/v2\/product_tag?post=3065"},{"taxonomy":"mwb_booking_cost","embeddable":true,"href":"https:\/\/www.spirit-us.eu\/index.php\/wp-json\/wp\/v2\/mwb_booking_cost?post=3065"},{"taxonomy":"mwb_booking_service","embeddable":true,"href":"https:\/\/www.spirit-us.eu\/index.php\/wp-json\/wp\/v2\/mwb_booking_service?post=3065"}],"curies":[{"name":"wp","href":"https:\/\/api.w.org\/{rel}","templated":true}]}}