{"id":3059,"date":"2025-12-14T15:12:00","date_gmt":"2025-12-14T14:12:00","guid":{"rendered":"https:\/\/www.spirit-us.eu\/?post_type=product&#038;p=3059"},"modified":"2025-12-20T10:10:45","modified_gmt":"2025-12-20T09:10:45","slug":"saint-joseph-endormi","status":"publish","type":"product","link":"https:\/\/www.spirit-us.eu\/index.php\/produit\/saint-joseph-endormi\/","title":{"rendered":"Saint JOSEPH ENDORMI"},"content":{"rendered":"<p>Statuette de saint Joseph endormi : protection des maisons et confiance heureuse<\/p>\n<p><strong>Dimensions<\/strong> :<\/p>\n<ul>\n<li>longueur<\/li>\n<li>largeur<\/li>\n<li>hauteur<\/li>\n<\/ul>\n<p><strong>Mat\u00e9riau<\/strong> : r\u00e9sine<\/p>\n<p><strong>Couleurs<\/strong> :<\/p>\n<ul>\n<li>manteau orang\u00e9-vbrun<\/li>\n<li>robe verte et ornements dor\u00e9s<\/li>\n<li>oreiller et autres \u00e9l\u00e9ments : blanc cass\u00e9<\/li>\n<\/ul>\n<p>La statuette est \u00e0 poser sur un support, dot\u00e9e de pastilles antid\u00e9rapantes. Livr\u00e9e b\u00e9nie.<\/p>\n","protected":false},"excerpt":{"rendered":"<p style=\"text-align: justify;\">Nous pla\u00e7ons une statuette de saint Joseph endormi pour prot\u00e9ger l&rsquo;entr\u00e9e de notre maison. Si vous d\u00e9cidez de garder dans votre maison une statuette de Saint Joseph qui dort, vous pourrez aussi glisser sous la statue du saint endormi des petits mots avec not\u00e9s sur papier, vos doutes, vos probl\u00e8mes, mais aussi vos requ\u00eates de gr\u00e2ce. Comme de petits m\u00e9moranda, que Saint Joseph puisse soumettre \u00e0 l\u2019attention de Dieu, pour vous pour prot\u00e9ger, prot\u00e9ger votre maison et aider votre famille dans les moments difficiles. Nous b\u00e9nissons la statue avec l&rsquo;intention de protection de votre maison et de votre famille, avant l&rsquo;envoi.\u00a0 Si vous avez d&rsquo;autres intentions \u00e0 ajouter, \u00e9crivez-nous, ce sera fait.<\/p>\n","protected":false},"featured_media":3060,"comment_status":"open","ping_status":"closed","template":"","meta":[],"product_brand":[],"product_cat":[166,505,17],"product_tag":[448,169,449,446,407,447],"mwb_booking_cost":[],"mwb_booking_service":[],"class_list":{"0":"post-3059","1":"product","2":"type-product","3":"status-publish","4":"has-post-thumbnail","6":"product_cat-07-spiritualite-et-benedictions","7":"product_cat-001-statues-saintes","8":"product_cat-tous-les-produits","9":"product_tag-maison","10":"product_tag-protection","11":"product_tag-protection-de-la-maison","12":"product_tag-saint-joseph","13":"product_tag-sainte-famille","14":"product_tag-statue-pieuse","16":"first","17":"instock","18":"shipping-taxable","19":"purchasable","20":"product-type-simple"},"yoast_head":"<!-- This site is optimized with the Yoast SEO plugin v27.1.1 - https:\/\/yoast.com\/product\/yoast-seo-wordpress\/ -->\n<title>Saint JOSEPH ENDORMI - Spirit-US<\/title>\n<meta name=\"robots\" content=\"index, follow, max-snippet:-1, max-image-preview:large, max-video-preview:-1\" \/>\n<link rel=\"canonical\" href=\"https:\/\/www.spirit-us.eu\/index.php\/produit\/saint-joseph-endormi\/\" \/>\n<meta property=\"og:locale\" content=\"fr_FR\" \/>\n<meta property=\"og:type\" content=\"article\" \/>\n<meta property=\"og:title\" content=\"Saint JOSEPH ENDORMI - Spirit-US\" \/>\n<meta property=\"og:description\" content=\"Nous pla\u00e7ons une statuette de saint Joseph endormi pour prot\u00e9ger l&#039;entr\u00e9e de notre maison. Si vous d\u00e9cidez de garder dans votre maison une statuette de Saint Joseph qui dort, vous pourrez aussi glisser sous la statue du saint endormi des petits mots avec not\u00e9s sur papier, vos doutes, vos probl\u00e8mes, mais aussi vos requ\u00eates de gr\u00e2ce. Comme de petits m\u00e9moranda, que Saint Joseph puisse soumettre \u00e0 l\u2019attention de Dieu, pour vous pour prot\u00e9ger, prot\u00e9ger votre maison et aider votre famille dans les moments difficiles. Nous b\u00e9nissons la statue avec l&#039;intention de protection de votre maison et de votre famille, avant l&#039;envoi.\u00a0 Si vous avez d&#039;autres intentions \u00e0 ajouter, \u00e9crivez-nous, ce sera fait.\" \/>\n<meta property=\"og:url\" content=\"https:\/\/www.spirit-us.eu\/index.php\/produit\/saint-joseph-endormi\/\" \/>\n<meta property=\"og:site_name\" content=\"Spirit-US\" \/>\n<meta property=\"article:publisher\" content=\"https:\/\/www.facebook.com\/spirit.us.deum\" \/>\n<meta property=\"article:modified_time\" content=\"2025-12-20T09:10:45+00:00\" \/>\n<meta property=\"og:image\" content=\"https:\/\/www.spirit-us.eu\/wp-content\/uploads\/2025\/12\/saint-joseph-endormi-image-produit.png\" \/>\n\t<meta property=\"og:image:width\" content=\"1080\" \/>\n\t<meta property=\"og:image:height\" content=\"1080\" \/>\n\t<meta property=\"og:image:type\" content=\"image\/png\" \/>\n<meta name=\"twitter:card\" content=\"summary_large_image\" \/>\n<meta name=\"twitter:label1\" content=\"Dur\u00e9e de lecture estim\u00e9e\" \/>\n\t<meta name=\"twitter:data1\" content=\"1 minute\" \/>\n<script type=\"application\/ld+json\" class=\"yoast-schema-graph\">{\"@context\":\"https:\/\/schema.org\",\"@graph\":[{\"@type\":\"WebPage\",\"@id\":\"https:\/\/www.spirit-us.eu\/index.php\/produit\/saint-joseph-endormi\/\",\"url\":\"https:\/\/www.spirit-us.eu\/index.php\/produit\/saint-joseph-endormi\/\",\"name\":\"Saint JOSEPH ENDORMI - Spirit-US\",\"isPartOf\":{\"@id\":\"https:\/\/www.spirit-us.eu\/#website\"},\"primaryImageOfPage\":{\"@id\":\"https:\/\/www.spirit-us.eu\/index.php\/produit\/saint-joseph-endormi\/#primaryimage\"},\"image\":{\"@id\":\"https:\/\/www.spirit-us.eu\/index.php\/produit\/saint-joseph-endormi\/#primaryimage\"},\"thumbnailUrl\":\"https:\/\/www.spirit-us.eu\/wp-content\/uploads\/2025\/12\/saint-joseph-endormi-image-produit.png\",\"datePublished\":\"2025-12-14T14:12:00+00:00\",\"dateModified\":\"2025-12-20T09:10:45+00:00\",\"breadcrumb\":{\"@id\":\"https:\/\/www.spirit-us.eu\/index.php\/produit\/saint-joseph-endormi\/#breadcrumb\"},\"inLanguage\":\"fr-FR\",\"potentialAction\":[{\"@type\":\"ReadAction\",\"target\":[\"https:\/\/www.spirit-us.eu\/index.php\/produit\/saint-joseph-endormi\/\"]}]},{\"@type\":\"ImageObject\",\"inLanguage\":\"fr-FR\",\"@id\":\"https:\/\/www.spirit-us.eu\/index.php\/produit\/saint-joseph-endormi\/#primaryimage\",\"url\":\"https:\/\/www.spirit-us.eu\/wp-content\/uploads\/2025\/12\/saint-joseph-endormi-image-produit.png\",\"contentUrl\":\"https:\/\/www.spirit-us.eu\/wp-content\/uploads\/2025\/12\/saint-joseph-endormi-image-produit.png\",\"width\":1080,\"height\":1080},{\"@type\":\"BreadcrumbList\",\"@id\":\"https:\/\/www.spirit-us.eu\/index.php\/produit\/saint-joseph-endormi\/#breadcrumb\",\"itemListElement\":[{\"@type\":\"ListItem\",\"position\":1,\"name\":\"Accueil\",\"item\":\"https:\/\/www.spirit-us.eu\/\"},{\"@type\":\"ListItem\",\"position\":2,\"name\":\"Boutique\",\"item\":\"https:\/\/www.spirit-us.eu\/index.php\/boutique\/\"},{\"@type\":\"ListItem\",\"position\":3,\"name\":\"Saint JOSEPH ENDORMI\"}]},{\"@type\":\"WebSite\",\"@id\":\"https:\/\/www.spirit-us.eu\/#website\",\"url\":\"https:\/\/www.spirit-us.eu\/\",\"name\":\"Spirit-US\",\"description\":\"\",\"publisher\":{\"@id\":\"https:\/\/www.spirit-us.eu\/#organization\"},\"potentialAction\":[{\"@type\":\"SearchAction\",\"target\":{\"@type\":\"EntryPoint\",\"urlTemplate\":\"https:\/\/www.spirit-us.eu\/?s={search_term_string}\"},\"query-input\":{\"@type\":\"PropertyValueSpecification\",\"valueRequired\":true,\"valueName\":\"search_term_string\"}}],\"inLanguage\":\"fr-FR\"},{\"@type\":\"Organization\",\"@id\":\"https:\/\/www.spirit-us.eu\/#organization\",\"name\":\"Spirit-US\",\"url\":\"https:\/\/www.spirit-us.eu\/\",\"logo\":{\"@type\":\"ImageObject\",\"inLanguage\":\"fr-FR\",\"@id\":\"https:\/\/www.spirit-us.eu\/#\/schema\/logo\/image\/\",\"url\":\"https:\/\/www.spirit-us.eu\/wp-content\/uploads\/2025\/11\/logo-regarde-linterlocutrice-sans-arrriere-plan.jpg\",\"contentUrl\":\"https:\/\/www.spirit-us.eu\/wp-content\/uploads\/2025\/11\/logo-regarde-linterlocutrice-sans-arrriere-plan.jpg\",\"width\":1080,\"height\":1080,\"caption\":\"Spirit-US\"},\"image\":{\"@id\":\"https:\/\/www.spirit-us.eu\/#\/schema\/logo\/image\/\"},\"sameAs\":[\"https:\/\/www.facebook.com\/spirit.us.deum\"]}]}<\/script>\n<!-- \/ Yoast SEO plugin. -->","yoast_head_json":{"title":"Saint JOSEPH ENDORMI - Spirit-US","robots":{"index":"index","follow":"follow","max-snippet":"max-snippet:-1","max-image-preview":"max-image-preview:large","max-video-preview":"max-video-preview:-1"},"canonical":"https:\/\/www.spirit-us.eu\/index.php\/produit\/saint-joseph-endormi\/","og_locale":"fr_FR","og_type":"article","og_title":"Saint JOSEPH ENDORMI - Spirit-US","og_description":"Nous pla\u00e7ons une statuette de saint Joseph endormi pour prot\u00e9ger l'entr\u00e9e de notre maison. Si vous d\u00e9cidez de garder dans votre maison une statuette de Saint Joseph qui dort, vous pourrez aussi glisser sous la statue du saint endormi des petits mots avec not\u00e9s sur papier, vos doutes, vos probl\u00e8mes, mais aussi vos requ\u00eates de gr\u00e2ce. Comme de petits m\u00e9moranda, que Saint Joseph puisse soumettre \u00e0 l\u2019attention de Dieu, pour vous pour prot\u00e9ger, prot\u00e9ger votre maison et aider votre famille dans les moments difficiles. Nous b\u00e9nissons la statue avec l'intention de protection de votre maison et de votre famille, avant l'envoi.\u00a0 Si vous avez d'autres intentions \u00e0 ajouter, \u00e9crivez-nous, ce sera fait.","og_url":"https:\/\/www.spirit-us.eu\/index.php\/produit\/saint-joseph-endormi\/","og_site_name":"Spirit-US","article_publisher":"https:\/\/www.facebook.com\/spirit.us.deum","article_modified_time":"2025-12-20T09:10:45+00:00","og_image":[{"width":1080,"height":1080,"url":"https:\/\/www.spirit-us.eu\/wp-content\/uploads\/2025\/12\/saint-joseph-endormi-image-produit.png","type":"image\/png"}],"twitter_card":"summary_large_image","twitter_misc":{"Dur\u00e9e de lecture estim\u00e9e":"1 minute"},"schema":{"@context":"https:\/\/schema.org","@graph":[{"@type":"WebPage","@id":"https:\/\/www.spirit-us.eu\/index.php\/produit\/saint-joseph-endormi\/","url":"https:\/\/www.spirit-us.eu\/index.php\/produit\/saint-joseph-endormi\/","name":"Saint JOSEPH ENDORMI - Spirit-US","isPartOf":{"@id":"https:\/\/www.spirit-us.eu\/#website"},"primaryImageOfPage":{"@id":"https:\/\/www.spirit-us.eu\/index.php\/produit\/saint-joseph-endormi\/#primaryimage"},"image":{"@id":"https:\/\/www.spirit-us.eu\/index.php\/produit\/saint-joseph-endormi\/#primaryimage"},"thumbnailUrl":"https:\/\/www.spirit-us.eu\/wp-content\/uploads\/2025\/12\/saint-joseph-endormi-image-produit.png","datePublished":"2025-12-14T14:12:00+00:00","dateModified":"2025-12-20T09:10:45+00:00","breadcrumb":{"@id":"https:\/\/www.spirit-us.eu\/index.php\/produit\/saint-joseph-endormi\/#breadcrumb"},"inLanguage":"fr-FR","potentialAction":[{"@type":"ReadAction","target":["https:\/\/www.spirit-us.eu\/index.php\/produit\/saint-joseph-endormi\/"]}]},{"@type":"ImageObject","inLanguage":"fr-FR","@id":"https:\/\/www.spirit-us.eu\/index.php\/produit\/saint-joseph-endormi\/#primaryimage","url":"https:\/\/www.spirit-us.eu\/wp-content\/uploads\/2025\/12\/saint-joseph-endormi-image-produit.png","contentUrl":"https:\/\/www.spirit-us.eu\/wp-content\/uploads\/2025\/12\/saint-joseph-endormi-image-produit.png","width":1080,"height":1080},{"@type":"BreadcrumbList","@id":"https:\/\/www.spirit-us.eu\/index.php\/produit\/saint-joseph-endormi\/#breadcrumb","itemListElement":[{"@type":"ListItem","position":1,"name":"Accueil","item":"https:\/\/www.spirit-us.eu\/"},{"@type":"ListItem","position":2,"name":"Boutique","item":"https:\/\/www.spirit-us.eu\/index.php\/boutique\/"},{"@type":"ListItem","position":3,"name":"Saint JOSEPH ENDORMI"}]},{"@type":"WebSite","@id":"https:\/\/www.spirit-us.eu\/#website","url":"https:\/\/www.spirit-us.eu\/","name":"Spirit-US","description":"","publisher":{"@id":"https:\/\/www.spirit-us.eu\/#organization"},"potentialAction":[{"@type":"SearchAction","target":{"@type":"EntryPoint","urlTemplate":"https:\/\/www.spirit-us.eu\/?s={search_term_string}"},"query-input":{"@type":"PropertyValueSpecification","valueRequired":true,"valueName":"search_term_string"}}],"inLanguage":"fr-FR"},{"@type":"Organization","@id":"https:\/\/www.spirit-us.eu\/#organization","name":"Spirit-US","url":"https:\/\/www.spirit-us.eu\/","logo":{"@type":"ImageObject","inLanguage":"fr-FR","@id":"https:\/\/www.spirit-us.eu\/#\/schema\/logo\/image\/","url":"https:\/\/www.spirit-us.eu\/wp-content\/uploads\/2025\/11\/logo-regarde-linterlocutrice-sans-arrriere-plan.jpg","contentUrl":"https:\/\/www.spirit-us.eu\/wp-content\/uploads\/2025\/11\/logo-regarde-linterlocutrice-sans-arrriere-plan.jpg","width":1080,"height":1080,"caption":"Spirit-US"},"image":{"@id":"https:\/\/www.spirit-us.eu\/#\/schema\/logo\/image\/"},"sameAs":["https:\/\/www.facebook.com\/spirit.us.deum"]}]}},"jetpack_sharing_enabled":true,"_links":{"self":[{"href":"https:\/\/www.spirit-us.eu\/index.php\/wp-json\/wp\/v2\/product\/3059","targetHints":{"allow":["GET"]}}],"collection":[{"href":"https:\/\/www.spirit-us.eu\/index.php\/wp-json\/wp\/v2\/product"}],"about":[{"href":"https:\/\/www.spirit-us.eu\/index.php\/wp-json\/wp\/v2\/types\/product"}],"replies":[{"embeddable":true,"href":"https:\/\/www.spirit-us.eu\/index.php\/wp-json\/wp\/v2\/comments?post=3059"}],"wp:featuredmedia":[{"embeddable":true,"href":"https:\/\/www.spirit-us.eu\/index.php\/wp-json\/wp\/v2\/media\/3060"}],"wp:attachment":[{"href":"https:\/\/www.spirit-us.eu\/index.php\/wp-json\/wp\/v2\/media?parent=3059"}],"wp:term":[{"taxonomy":"product_brand","embeddable":true,"href":"https:\/\/www.spirit-us.eu\/index.php\/wp-json\/wp\/v2\/product_brand?post=3059"},{"taxonomy":"product_cat","embeddable":true,"href":"https:\/\/www.spirit-us.eu\/index.php\/wp-json\/wp\/v2\/product_cat?post=3059"},{"taxonomy":"product_tag","embeddable":true,"href":"https:\/\/www.spirit-us.eu\/index.php\/wp-json\/wp\/v2\/product_tag?post=3059"},{"taxonomy":"mwb_booking_cost","embeddable":true,"href":"https:\/\/www.spirit-us.eu\/index.php\/wp-json\/wp\/v2\/mwb_booking_cost?post=3059"},{"taxonomy":"mwb_booking_service","embeddable":true,"href":"https:\/\/www.spirit-us.eu\/index.php\/wp-json\/wp\/v2\/mwb_booking_service?post=3059"}],"curies":[{"name":"wp","href":"https:\/\/api.w.org\/{rel}","templated":true}]}}