{"id":3041,"date":"2025-12-13T17:05:11","date_gmt":"2025-12-13T16:05:11","guid":{"rendered":"https:\/\/www.spirit-us.eu\/?post_type=product&#038;p=3041"},"modified":"2026-01-20T14:30:16","modified_gmt":"2026-01-20T13:30:16","slug":"pendule-en-spirale-massive-croix-de-saint-benoit","status":"publish","type":"product","link":"https:\/\/www.spirit-us.eu\/index.php\/produit\/pendule-en-spirale-massive-croix-de-saint-benoit\/","title":{"rendered":"PENDULE en SPIRALE MASSIVE"},"content":{"rendered":"<p><strong>Pr\u00e9sentation<\/strong> : nous livrons ce pendule dans une pochette de velours noir<\/p>\n<p><strong>Dimensions<\/strong>\u00a0:<\/p>\n<ul>\n<li>Pendule 4 cm<\/li>\n<li>Cha\u00eene 18 cm<\/li>\n<li>Perle 0,5 cm<\/li>\n<li>Croix 2,2 cm &#8211; amovible pour plus de discr\u00e9tion dans certaines circonstances<\/li>\n<li>Hauteur totale 28 cm<\/li>\n<\/ul>\n<p><strong>Mat\u00e9riau<\/strong> : laiton et m\u00e9tal dor\u00e9<\/p>\n<p><strong>Couleur :\u00a0<\/strong>dor\u00e9<\/p>\n<p><strong>Facture<\/strong> : pendule manufactur\u00e9, charg\u00e9, calibr\u00e9 et b\u00e9ni \u2013 livr\u00e9 avec la pri\u00e8re de b\u00e9n\u00e9diction (t\u00e9l\u00e9chargeable) afin que vous puissiez la renouveler lorsque vous ressentirez que c\u2019est n\u00e9cessaire.<\/p>\n","protected":false},"excerpt":{"rendered":"<p style=\"text-align: justify;\">Ce pendule, vous ne trouverez nulle part ailleurs, car nous le fabriquons et le calibrons nous-m\u00eames. Et nous pouvons affirmer qu\u2019il est \u00e0 la fois extr\u00eamement sensible et prot\u00e9g\u00e9.\u00a0 Il est tr\u00e8s r\u00e9actif aux tests, mais il convient aussi bien pour les radiesth\u00e9sistes confirm\u00e9.es que pour les d\u00e9butant.es.\u00a0 Pour ces derni\u00e8r.es, d\u2019ailleurs, il sera gratifiant et encourageant, de disposer d\u2019un outil aussi performant. Le pendule spirale massif en laiton dor\u00e9 est un pendule divinatoire hautement r\u00e9ceptif. Il sera l\u2019outil parfait pour toutes les recherches courantes , y compris les recherches fines sur les planches de radiesth\u00e9sie. La giration est franche et nette, il sera donc facile d\u2019\u00e9tablir une convention mentale avec ce pendule. A ce titre, il fait partie des pendules de radiesth\u00e9sie faciles d&rsquo;utilisation pour d\u00e9buter. Il pourra aussi \u00eatre utile aux radiesth\u00e9sistes dont les mouvements sont faibles. utilisation en int\u00e9rieur et sa chainette, de 19 cm peut \u00eatre chang\u00e9e si n\u00e9cessaire. Votre pendule spirale en m\u00e9tal dor\u00e9 est livr\u00e9 dans sa pochette de protection en velours noir. Il est mont\u00e9 sur une cha\u00eenette pouvant \u00eatre chang\u00e9e et avec une croix de saint Beno\u00eet (pour la protection et l&rsquo;exactitude des r\u00e9ponses), amovible, car certaines circonstances exigent la discr\u00e9tion quant \u00e0 la foi que nous professons.<\/p>\n","protected":false},"featured_media":3044,"comment_status":"open","ping_status":"closed","template":"","meta":[],"product_brand":[],"product_cat":[499,160,17],"product_tag":[169,436,179],"mwb_booking_cost":[],"mwb_booking_service":[],"class_list":{"0":"post-3041","1":"product","2":"type-product","3":"status-publish","4":"has-post-thumbnail","6":"product_cat-03-energetique","7":"product_cat-08-pendules-accueil","8":"product_cat-tous-les-produits","9":"product_tag-protection","10":"product_tag-radiesthesie","11":"product_tag-saint-benoit","13":"first","14":"instock","15":"shipping-taxable","16":"purchasable","17":"product-type-simple"},"yoast_head":"<!-- This site is optimized with the Yoast SEO plugin v27.1.1 - https:\/\/yoast.com\/product\/yoast-seo-wordpress\/ -->\n<title>PENDULE en SPIRALE MASSIVE - Spirit-US<\/title>\n<meta name=\"robots\" content=\"index, follow, max-snippet:-1, max-image-preview:large, max-video-preview:-1\" \/>\n<link rel=\"canonical\" href=\"https:\/\/www.spirit-us.eu\/index.php\/produit\/pendule-en-spirale-massive-croix-de-saint-benoit\/\" \/>\n<meta property=\"og:locale\" content=\"fr_FR\" \/>\n<meta property=\"og:type\" content=\"article\" \/>\n<meta property=\"og:title\" content=\"PENDULE en SPIRALE MASSIVE - Spirit-US\" \/>\n<meta property=\"og:description\" content=\"Ce pendule, vous ne trouverez nulle part ailleurs, car nous le fabriquons et le calibrons nous-m\u00eames. Et nous pouvons affirmer qu\u2019il est \u00e0 la fois extr\u00eamement sensible et prot\u00e9g\u00e9.\u00a0 Il est tr\u00e8s r\u00e9actif aux tests, mais il convient aussi bien pour les radiesth\u00e9sistes confirm\u00e9.es que pour les d\u00e9butant.es.\u00a0 Pour ces derni\u00e8r.es, d\u2019ailleurs, il sera gratifiant et encourageant, de disposer d\u2019un outil aussi performant. Le pendule spirale massif en laiton dor\u00e9 est un pendule divinatoire hautement r\u00e9ceptif. Il sera l\u2019outil parfait pour toutes les recherches courantes , y compris les recherches fines sur les planches de radiesth\u00e9sie. La giration est franche et nette, il sera donc facile d\u2019\u00e9tablir une convention mentale avec ce pendule. A ce titre, il fait partie des pendules de radiesth\u00e9sie faciles d&#039;utilisation pour d\u00e9buter. Il pourra aussi \u00eatre utile aux radiesth\u00e9sistes dont les mouvements sont faibles. utilisation en int\u00e9rieur et sa chainette, de 19 cm peut \u00eatre chang\u00e9e si n\u00e9cessaire. Votre pendule spirale en m\u00e9tal dor\u00e9 est livr\u00e9 dans sa pochette de protection en velours noir. Il est mont\u00e9 sur une cha\u00eenette pouvant \u00eatre chang\u00e9e et avec une croix de saint Beno\u00eet (pour la protection et l&#039;exactitude des r\u00e9ponses), amovible, car certaines circonstances exigent la discr\u00e9tion quant \u00e0 la foi que nous professons.\" \/>\n<meta property=\"og:url\" content=\"https:\/\/www.spirit-us.eu\/index.php\/produit\/pendule-en-spirale-massive-croix-de-saint-benoit\/\" \/>\n<meta property=\"og:site_name\" content=\"Spirit-US\" \/>\n<meta property=\"article:publisher\" content=\"https:\/\/www.facebook.com\/spirit.us.deum\" \/>\n<meta property=\"article:modified_time\" content=\"2026-01-20T13:30:16+00:00\" \/>\n<meta property=\"og:image\" content=\"https:\/\/www.spirit-us.eu\/wp-content\/uploads\/2025\/12\/IMG_7864-scaled.jpg\" \/>\n\t<meta property=\"og:image:width\" content=\"2560\" \/>\n\t<meta property=\"og:image:height\" content=\"2546\" \/>\n\t<meta property=\"og:image:type\" content=\"image\/jpeg\" \/>\n<meta name=\"twitter:card\" content=\"summary_large_image\" \/>\n<meta name=\"twitter:label1\" content=\"Dur\u00e9e de lecture estim\u00e9e\" \/>\n\t<meta name=\"twitter:data1\" content=\"1 minute\" \/>\n<script type=\"application\/ld+json\" class=\"yoast-schema-graph\">{\"@context\":\"https:\/\/schema.org\",\"@graph\":[{\"@type\":\"WebPage\",\"@id\":\"https:\/\/www.spirit-us.eu\/index.php\/produit\/pendule-en-spirale-massive-croix-de-saint-benoit\/\",\"url\":\"https:\/\/www.spirit-us.eu\/index.php\/produit\/pendule-en-spirale-massive-croix-de-saint-benoit\/\",\"name\":\"PENDULE en SPIRALE MASSIVE - Spirit-US\",\"isPartOf\":{\"@id\":\"https:\/\/www.spirit-us.eu\/#website\"},\"primaryImageOfPage\":{\"@id\":\"https:\/\/www.spirit-us.eu\/index.php\/produit\/pendule-en-spirale-massive-croix-de-saint-benoit\/#primaryimage\"},\"image\":{\"@id\":\"https:\/\/www.spirit-us.eu\/index.php\/produit\/pendule-en-spirale-massive-croix-de-saint-benoit\/#primaryimage\"},\"thumbnailUrl\":\"https:\/\/www.spirit-us.eu\/wp-content\/uploads\/2025\/12\/IMG_7864-scaled.jpg\",\"datePublished\":\"2025-12-13T16:05:11+00:00\",\"dateModified\":\"2026-01-20T13:30:16+00:00\",\"breadcrumb\":{\"@id\":\"https:\/\/www.spirit-us.eu\/index.php\/produit\/pendule-en-spirale-massive-croix-de-saint-benoit\/#breadcrumb\"},\"inLanguage\":\"fr-FR\",\"potentialAction\":[{\"@type\":\"ReadAction\",\"target\":[\"https:\/\/www.spirit-us.eu\/index.php\/produit\/pendule-en-spirale-massive-croix-de-saint-benoit\/\"]}]},{\"@type\":\"ImageObject\",\"inLanguage\":\"fr-FR\",\"@id\":\"https:\/\/www.spirit-us.eu\/index.php\/produit\/pendule-en-spirale-massive-croix-de-saint-benoit\/#primaryimage\",\"url\":\"https:\/\/www.spirit-us.eu\/wp-content\/uploads\/2025\/12\/IMG_7864-scaled.jpg\",\"contentUrl\":\"https:\/\/www.spirit-us.eu\/wp-content\/uploads\/2025\/12\/IMG_7864-scaled.jpg\",\"width\":2560,\"height\":2546},{\"@type\":\"BreadcrumbList\",\"@id\":\"https:\/\/www.spirit-us.eu\/index.php\/produit\/pendule-en-spirale-massive-croix-de-saint-benoit\/#breadcrumb\",\"itemListElement\":[{\"@type\":\"ListItem\",\"position\":1,\"name\":\"Accueil\",\"item\":\"https:\/\/www.spirit-us.eu\/\"},{\"@type\":\"ListItem\",\"position\":2,\"name\":\"Boutique\",\"item\":\"https:\/\/www.spirit-us.eu\/index.php\/boutique\/\"},{\"@type\":\"ListItem\",\"position\":3,\"name\":\"PENDULE en SPIRALE MASSIVE\"}]},{\"@type\":\"WebSite\",\"@id\":\"https:\/\/www.spirit-us.eu\/#website\",\"url\":\"https:\/\/www.spirit-us.eu\/\",\"name\":\"Spirit-US\",\"description\":\"\",\"publisher\":{\"@id\":\"https:\/\/www.spirit-us.eu\/#organization\"},\"potentialAction\":[{\"@type\":\"SearchAction\",\"target\":{\"@type\":\"EntryPoint\",\"urlTemplate\":\"https:\/\/www.spirit-us.eu\/?s={search_term_string}\"},\"query-input\":{\"@type\":\"PropertyValueSpecification\",\"valueRequired\":true,\"valueName\":\"search_term_string\"}}],\"inLanguage\":\"fr-FR\"},{\"@type\":\"Organization\",\"@id\":\"https:\/\/www.spirit-us.eu\/#organization\",\"name\":\"Spirit-US\",\"url\":\"https:\/\/www.spirit-us.eu\/\",\"logo\":{\"@type\":\"ImageObject\",\"inLanguage\":\"fr-FR\",\"@id\":\"https:\/\/www.spirit-us.eu\/#\/schema\/logo\/image\/\",\"url\":\"https:\/\/www.spirit-us.eu\/wp-content\/uploads\/2025\/11\/logo-regarde-linterlocutrice-sans-arrriere-plan.jpg\",\"contentUrl\":\"https:\/\/www.spirit-us.eu\/wp-content\/uploads\/2025\/11\/logo-regarde-linterlocutrice-sans-arrriere-plan.jpg\",\"width\":1080,\"height\":1080,\"caption\":\"Spirit-US\"},\"image\":{\"@id\":\"https:\/\/www.spirit-us.eu\/#\/schema\/logo\/image\/\"},\"sameAs\":[\"https:\/\/www.facebook.com\/spirit.us.deum\"]}]}<\/script>\n<!-- \/ Yoast SEO plugin. -->","yoast_head_json":{"title":"PENDULE en SPIRALE MASSIVE - Spirit-US","robots":{"index":"index","follow":"follow","max-snippet":"max-snippet:-1","max-image-preview":"max-image-preview:large","max-video-preview":"max-video-preview:-1"},"canonical":"https:\/\/www.spirit-us.eu\/index.php\/produit\/pendule-en-spirale-massive-croix-de-saint-benoit\/","og_locale":"fr_FR","og_type":"article","og_title":"PENDULE en SPIRALE MASSIVE - Spirit-US","og_description":"Ce pendule, vous ne trouverez nulle part ailleurs, car nous le fabriquons et le calibrons nous-m\u00eames. Et nous pouvons affirmer qu\u2019il est \u00e0 la fois extr\u00eamement sensible et prot\u00e9g\u00e9.\u00a0 Il est tr\u00e8s r\u00e9actif aux tests, mais il convient aussi bien pour les radiesth\u00e9sistes confirm\u00e9.es que pour les d\u00e9butant.es.\u00a0 Pour ces derni\u00e8r.es, d\u2019ailleurs, il sera gratifiant et encourageant, de disposer d\u2019un outil aussi performant. Le pendule spirale massif en laiton dor\u00e9 est un pendule divinatoire hautement r\u00e9ceptif. Il sera l\u2019outil parfait pour toutes les recherches courantes , y compris les recherches fines sur les planches de radiesth\u00e9sie. La giration est franche et nette, il sera donc facile d\u2019\u00e9tablir une convention mentale avec ce pendule. A ce titre, il fait partie des pendules de radiesth\u00e9sie faciles d'utilisation pour d\u00e9buter. Il pourra aussi \u00eatre utile aux radiesth\u00e9sistes dont les mouvements sont faibles. utilisation en int\u00e9rieur et sa chainette, de 19 cm peut \u00eatre chang\u00e9e si n\u00e9cessaire. Votre pendule spirale en m\u00e9tal dor\u00e9 est livr\u00e9 dans sa pochette de protection en velours noir. Il est mont\u00e9 sur une cha\u00eenette pouvant \u00eatre chang\u00e9e et avec une croix de saint Beno\u00eet (pour la protection et l'exactitude des r\u00e9ponses), amovible, car certaines circonstances exigent la discr\u00e9tion quant \u00e0 la foi que nous professons.","og_url":"https:\/\/www.spirit-us.eu\/index.php\/produit\/pendule-en-spirale-massive-croix-de-saint-benoit\/","og_site_name":"Spirit-US","article_publisher":"https:\/\/www.facebook.com\/spirit.us.deum","article_modified_time":"2026-01-20T13:30:16+00:00","og_image":[{"width":2560,"height":2546,"url":"https:\/\/www.spirit-us.eu\/wp-content\/uploads\/2025\/12\/IMG_7864-scaled.jpg","type":"image\/jpeg"}],"twitter_card":"summary_large_image","twitter_misc":{"Dur\u00e9e de lecture estim\u00e9e":"1 minute"},"schema":{"@context":"https:\/\/schema.org","@graph":[{"@type":"WebPage","@id":"https:\/\/www.spirit-us.eu\/index.php\/produit\/pendule-en-spirale-massive-croix-de-saint-benoit\/","url":"https:\/\/www.spirit-us.eu\/index.php\/produit\/pendule-en-spirale-massive-croix-de-saint-benoit\/","name":"PENDULE en SPIRALE MASSIVE - Spirit-US","isPartOf":{"@id":"https:\/\/www.spirit-us.eu\/#website"},"primaryImageOfPage":{"@id":"https:\/\/www.spirit-us.eu\/index.php\/produit\/pendule-en-spirale-massive-croix-de-saint-benoit\/#primaryimage"},"image":{"@id":"https:\/\/www.spirit-us.eu\/index.php\/produit\/pendule-en-spirale-massive-croix-de-saint-benoit\/#primaryimage"},"thumbnailUrl":"https:\/\/www.spirit-us.eu\/wp-content\/uploads\/2025\/12\/IMG_7864-scaled.jpg","datePublished":"2025-12-13T16:05:11+00:00","dateModified":"2026-01-20T13:30:16+00:00","breadcrumb":{"@id":"https:\/\/www.spirit-us.eu\/index.php\/produit\/pendule-en-spirale-massive-croix-de-saint-benoit\/#breadcrumb"},"inLanguage":"fr-FR","potentialAction":[{"@type":"ReadAction","target":["https:\/\/www.spirit-us.eu\/index.php\/produit\/pendule-en-spirale-massive-croix-de-saint-benoit\/"]}]},{"@type":"ImageObject","inLanguage":"fr-FR","@id":"https:\/\/www.spirit-us.eu\/index.php\/produit\/pendule-en-spirale-massive-croix-de-saint-benoit\/#primaryimage","url":"https:\/\/www.spirit-us.eu\/wp-content\/uploads\/2025\/12\/IMG_7864-scaled.jpg","contentUrl":"https:\/\/www.spirit-us.eu\/wp-content\/uploads\/2025\/12\/IMG_7864-scaled.jpg","width":2560,"height":2546},{"@type":"BreadcrumbList","@id":"https:\/\/www.spirit-us.eu\/index.php\/produit\/pendule-en-spirale-massive-croix-de-saint-benoit\/#breadcrumb","itemListElement":[{"@type":"ListItem","position":1,"name":"Accueil","item":"https:\/\/www.spirit-us.eu\/"},{"@type":"ListItem","position":2,"name":"Boutique","item":"https:\/\/www.spirit-us.eu\/index.php\/boutique\/"},{"@type":"ListItem","position":3,"name":"PENDULE en SPIRALE MASSIVE"}]},{"@type":"WebSite","@id":"https:\/\/www.spirit-us.eu\/#website","url":"https:\/\/www.spirit-us.eu\/","name":"Spirit-US","description":"","publisher":{"@id":"https:\/\/www.spirit-us.eu\/#organization"},"potentialAction":[{"@type":"SearchAction","target":{"@type":"EntryPoint","urlTemplate":"https:\/\/www.spirit-us.eu\/?s={search_term_string}"},"query-input":{"@type":"PropertyValueSpecification","valueRequired":true,"valueName":"search_term_string"}}],"inLanguage":"fr-FR"},{"@type":"Organization","@id":"https:\/\/www.spirit-us.eu\/#organization","name":"Spirit-US","url":"https:\/\/www.spirit-us.eu\/","logo":{"@type":"ImageObject","inLanguage":"fr-FR","@id":"https:\/\/www.spirit-us.eu\/#\/schema\/logo\/image\/","url":"https:\/\/www.spirit-us.eu\/wp-content\/uploads\/2025\/11\/logo-regarde-linterlocutrice-sans-arrriere-plan.jpg","contentUrl":"https:\/\/www.spirit-us.eu\/wp-content\/uploads\/2025\/11\/logo-regarde-linterlocutrice-sans-arrriere-plan.jpg","width":1080,"height":1080,"caption":"Spirit-US"},"image":{"@id":"https:\/\/www.spirit-us.eu\/#\/schema\/logo\/image\/"},"sameAs":["https:\/\/www.facebook.com\/spirit.us.deum"]}]}},"jetpack_sharing_enabled":true,"_links":{"self":[{"href":"https:\/\/www.spirit-us.eu\/index.php\/wp-json\/wp\/v2\/product\/3041","targetHints":{"allow":["GET"]}}],"collection":[{"href":"https:\/\/www.spirit-us.eu\/index.php\/wp-json\/wp\/v2\/product"}],"about":[{"href":"https:\/\/www.spirit-us.eu\/index.php\/wp-json\/wp\/v2\/types\/product"}],"replies":[{"embeddable":true,"href":"https:\/\/www.spirit-us.eu\/index.php\/wp-json\/wp\/v2\/comments?post=3041"}],"wp:featuredmedia":[{"embeddable":true,"href":"https:\/\/www.spirit-us.eu\/index.php\/wp-json\/wp\/v2\/media\/3044"}],"wp:attachment":[{"href":"https:\/\/www.spirit-us.eu\/index.php\/wp-json\/wp\/v2\/media?parent=3041"}],"wp:term":[{"taxonomy":"product_brand","embeddable":true,"href":"https:\/\/www.spirit-us.eu\/index.php\/wp-json\/wp\/v2\/product_brand?post=3041"},{"taxonomy":"product_cat","embeddable":true,"href":"https:\/\/www.spirit-us.eu\/index.php\/wp-json\/wp\/v2\/product_cat?post=3041"},{"taxonomy":"product_tag","embeddable":true,"href":"https:\/\/www.spirit-us.eu\/index.php\/wp-json\/wp\/v2\/product_tag?post=3041"},{"taxonomy":"mwb_booking_cost","embeddable":true,"href":"https:\/\/www.spirit-us.eu\/index.php\/wp-json\/wp\/v2\/mwb_booking_cost?post=3041"},{"taxonomy":"mwb_booking_service","embeddable":true,"href":"https:\/\/www.spirit-us.eu\/index.php\/wp-json\/wp\/v2\/mwb_booking_service?post=3041"}],"curies":[{"name":"wp","href":"https:\/\/api.w.org\/{rel}","templated":true}]}}