{"id":3033,"date":"2025-12-13T16:16:25","date_gmt":"2025-12-13T15:16:25","guid":{"rendered":"https:\/\/www.spirit-us.eu\/?post_type=product&#038;p=3033"},"modified":"2025-12-17T17:38:23","modified_gmt":"2025-12-17T16:38:23","slug":"photophore-fleur-de-lotus","status":"publish","type":"product","link":"https:\/\/www.spirit-us.eu\/index.php\/produit\/photophore-fleur-de-lotus\/","title":{"rendered":"PHOTOPHORE FLEUR DE LOTUS"},"content":{"rendered":"<p><strong>Dimensions<\/strong>\u00a0:<\/p>\n<ul>\n<li>Hauteur 4,5 cm<\/li>\n<li>Diam\u00e8tre 8 cm<\/li>\n<\/ul>\n<p><strong>Couleurs<\/strong>\u00a0: dor\u00e9 et rouge vif (pour le motif central)<\/p>\n<p><strong>Mat\u00e9riau<\/strong>\u00a0: m\u00e9tal dor\u00e9<\/p>\n<p>Bougie non livr\u00e9e avec l&rsquo;article.<\/p>\n","protected":false},"excerpt":{"rendered":"<p style=\"text-align: justify;\">Porte-bougie en alliage de m\u00e9taux en forme de lotus. Accessoires de pri\u00e8re, de m\u00e9ditation et d\u00e9coration d&rsquo;autel, discr\u00e8te et pour autant tr\u00e8s jolie. Motif traditionnel imprim\u00e9 au c\u0153ur de ce petit photophore, de couleur rouge vif, du chakra de la racine. Il est du plus bel effet en compagnie d\u2019un petit bouddha \u2013 comme \u00e9l\u00e9ments d\u00e9coratifs ou comme accessoires d\u2019accompagnement de la m\u00e9ditation. <span data-huuid=\"6111986829145032466\">La fleur de lotus symbolise principalement la puret\u00e9, la renaissance, la croissance spirituelle,\u00a0car elle s&rsquo;\u00e9panouit immacul\u00e9e malgr\u00e9 sa croissance dans la boue.\u00a0<\/span><span data-huuid=\"6111986829145031421\">Elle repr\u00e9sente la r\u00e9silience et le d\u00e9passement de l&rsquo;esprit sur les difficult\u00e9s mat\u00e9rielles, l&rsquo;amour, la compassion et l&rsquo;harmonie, avec des significations sp\u00e9cifiques selon la couleur (bleu pour la sagesse, blanc pour la puret\u00e9, rouge pour le c\u0153ur).\u00a0<\/span><span data-huuid=\"6111986829145034472\">Ce symbole est central dans les religions orientales (bouddhisme, hindouisme) et contemporain dans le yoga et la spiritualit\u00e9 moderne.\u00a0<\/span><span data-huuid=\"6111986829145032382\"><span class=\"pjBG2e\" data-cid=\"61532b80-03cf-4def-842d-3124e859874c\"><span class=\"UV3uM\">\u00a0<\/span><\/span><\/span><\/p>\n","protected":false},"featured_media":3034,"comment_status":"open","ping_status":"closed","template":"","meta":[],"product_brand":[],"product_cat":[180,497,17],"product_tag":[440,439],"mwb_booking_cost":[],"mwb_booking_service":[],"class_list":{"0":"post-3033","1":"product","2":"type-product","3":"status-publish","4":"has-post-thumbnail","6":"product_cat-09-decoration","7":"product_cat-photophores-et-lumieres","8":"product_cat-tous-les-produits","9":"product_tag-bouddhisme","10":"product_tag-fleur-de-lotus","12":"first","13":"instock","14":"shipping-taxable","15":"purchasable","16":"product-type-simple"},"yoast_head":"<!-- This site is optimized with the Yoast SEO plugin v27.1.1 - https:\/\/yoast.com\/product\/yoast-seo-wordpress\/ -->\n<title>PHOTOPHORE FLEUR DE LOTUS - Spirit-US<\/title>\n<meta name=\"robots\" content=\"index, follow, max-snippet:-1, max-image-preview:large, max-video-preview:-1\" \/>\n<link rel=\"canonical\" href=\"https:\/\/www.spirit-us.eu\/index.php\/produit\/photophore-fleur-de-lotus\/\" \/>\n<meta property=\"og:locale\" content=\"fr_FR\" \/>\n<meta property=\"og:type\" content=\"article\" \/>\n<meta property=\"og:title\" content=\"PHOTOPHORE FLEUR DE LOTUS - Spirit-US\" \/>\n<meta property=\"og:description\" content=\"Porte-bougie en alliage de m\u00e9taux en forme de lotus. Accessoires de pri\u00e8re, de m\u00e9ditation et d\u00e9coration d&#039;autel, discr\u00e8te et pour autant tr\u00e8s jolie. Motif traditionnel imprim\u00e9 au c\u0153ur de ce petit photophore, de couleur rouge vif, du chakra de la racine. Il est du plus bel effet en compagnie d\u2019un petit bouddha \u2013 comme \u00e9l\u00e9ments d\u00e9coratifs ou comme accessoires d\u2019accompagnement de la m\u00e9ditation. La fleur de lotus symbolise principalement la puret\u00e9, la renaissance, la croissance spirituelle,\u00a0car elle s&#039;\u00e9panouit immacul\u00e9e malgr\u00e9 sa croissance dans la boue.\u00a0Elle repr\u00e9sente la r\u00e9silience et le d\u00e9passement de l&#039;esprit sur les difficult\u00e9s mat\u00e9rielles, l&#039;amour, la compassion et l&#039;harmonie, avec des significations sp\u00e9cifiques selon la couleur (bleu pour la sagesse, blanc pour la puret\u00e9, rouge pour le c\u0153ur).\u00a0Ce symbole est central dans les religions orientales (bouddhisme, hindouisme) et contemporain dans le yoga et la spiritualit\u00e9 moderne.\u00a0\u00a0\" \/>\n<meta property=\"og:url\" content=\"https:\/\/www.spirit-us.eu\/index.php\/produit\/photophore-fleur-de-lotus\/\" \/>\n<meta property=\"og:site_name\" content=\"Spirit-US\" \/>\n<meta property=\"article:publisher\" content=\"https:\/\/www.facebook.com\/spirit.us.deum\" \/>\n<meta property=\"article:modified_time\" content=\"2025-12-17T16:38:23+00:00\" \/>\n<meta property=\"og:image\" content=\"https:\/\/www.spirit-us.eu\/wp-content\/uploads\/2025\/12\/photophre-lotus.png\" \/>\n\t<meta property=\"og:image:width\" content=\"1080\" \/>\n\t<meta property=\"og:image:height\" content=\"1080\" \/>\n\t<meta property=\"og:image:type\" content=\"image\/png\" \/>\n<meta name=\"twitter:card\" content=\"summary_large_image\" \/>\n<meta name=\"twitter:label1\" content=\"Dur\u00e9e de lecture estim\u00e9e\" \/>\n\t<meta name=\"twitter:data1\" content=\"1 minute\" \/>\n<script type=\"application\/ld+json\" class=\"yoast-schema-graph\">{\"@context\":\"https:\/\/schema.org\",\"@graph\":[{\"@type\":\"WebPage\",\"@id\":\"https:\/\/www.spirit-us.eu\/index.php\/produit\/photophore-fleur-de-lotus\/\",\"url\":\"https:\/\/www.spirit-us.eu\/index.php\/produit\/photophore-fleur-de-lotus\/\",\"name\":\"PHOTOPHORE FLEUR DE LOTUS - Spirit-US\",\"isPartOf\":{\"@id\":\"https:\/\/www.spirit-us.eu\/#website\"},\"primaryImageOfPage\":{\"@id\":\"https:\/\/www.spirit-us.eu\/index.php\/produit\/photophore-fleur-de-lotus\/#primaryimage\"},\"image\":{\"@id\":\"https:\/\/www.spirit-us.eu\/index.php\/produit\/photophore-fleur-de-lotus\/#primaryimage\"},\"thumbnailUrl\":\"https:\/\/www.spirit-us.eu\/wp-content\/uploads\/2025\/12\/photophre-lotus.png\",\"datePublished\":\"2025-12-13T15:16:25+00:00\",\"dateModified\":\"2025-12-17T16:38:23+00:00\",\"breadcrumb\":{\"@id\":\"https:\/\/www.spirit-us.eu\/index.php\/produit\/photophore-fleur-de-lotus\/#breadcrumb\"},\"inLanguage\":\"fr-FR\",\"potentialAction\":[{\"@type\":\"ReadAction\",\"target\":[\"https:\/\/www.spirit-us.eu\/index.php\/produit\/photophore-fleur-de-lotus\/\"]}]},{\"@type\":\"ImageObject\",\"inLanguage\":\"fr-FR\",\"@id\":\"https:\/\/www.spirit-us.eu\/index.php\/produit\/photophore-fleur-de-lotus\/#primaryimage\",\"url\":\"https:\/\/www.spirit-us.eu\/wp-content\/uploads\/2025\/12\/photophre-lotus.png\",\"contentUrl\":\"https:\/\/www.spirit-us.eu\/wp-content\/uploads\/2025\/12\/photophre-lotus.png\",\"width\":1080,\"height\":1080},{\"@type\":\"BreadcrumbList\",\"@id\":\"https:\/\/www.spirit-us.eu\/index.php\/produit\/photophore-fleur-de-lotus\/#breadcrumb\",\"itemListElement\":[{\"@type\":\"ListItem\",\"position\":1,\"name\":\"Accueil\",\"item\":\"https:\/\/www.spirit-us.eu\/\"},{\"@type\":\"ListItem\",\"position\":2,\"name\":\"Boutique\",\"item\":\"https:\/\/www.spirit-us.eu\/index.php\/boutique\/\"},{\"@type\":\"ListItem\",\"position\":3,\"name\":\"PHOTOPHORE FLEUR DE LOTUS\"}]},{\"@type\":\"WebSite\",\"@id\":\"https:\/\/www.spirit-us.eu\/#website\",\"url\":\"https:\/\/www.spirit-us.eu\/\",\"name\":\"Spirit-US\",\"description\":\"\",\"publisher\":{\"@id\":\"https:\/\/www.spirit-us.eu\/#organization\"},\"potentialAction\":[{\"@type\":\"SearchAction\",\"target\":{\"@type\":\"EntryPoint\",\"urlTemplate\":\"https:\/\/www.spirit-us.eu\/?s={search_term_string}\"},\"query-input\":{\"@type\":\"PropertyValueSpecification\",\"valueRequired\":true,\"valueName\":\"search_term_string\"}}],\"inLanguage\":\"fr-FR\"},{\"@type\":\"Organization\",\"@id\":\"https:\/\/www.spirit-us.eu\/#organization\",\"name\":\"Spirit-US\",\"url\":\"https:\/\/www.spirit-us.eu\/\",\"logo\":{\"@type\":\"ImageObject\",\"inLanguage\":\"fr-FR\",\"@id\":\"https:\/\/www.spirit-us.eu\/#\/schema\/logo\/image\/\",\"url\":\"https:\/\/www.spirit-us.eu\/wp-content\/uploads\/2025\/11\/logo-regarde-linterlocutrice-sans-arrriere-plan.jpg\",\"contentUrl\":\"https:\/\/www.spirit-us.eu\/wp-content\/uploads\/2025\/11\/logo-regarde-linterlocutrice-sans-arrriere-plan.jpg\",\"width\":1080,\"height\":1080,\"caption\":\"Spirit-US\"},\"image\":{\"@id\":\"https:\/\/www.spirit-us.eu\/#\/schema\/logo\/image\/\"},\"sameAs\":[\"https:\/\/www.facebook.com\/spirit.us.deum\"]}]}<\/script>\n<!-- \/ Yoast SEO plugin. -->","yoast_head_json":{"title":"PHOTOPHORE FLEUR DE LOTUS - Spirit-US","robots":{"index":"index","follow":"follow","max-snippet":"max-snippet:-1","max-image-preview":"max-image-preview:large","max-video-preview":"max-video-preview:-1"},"canonical":"https:\/\/www.spirit-us.eu\/index.php\/produit\/photophore-fleur-de-lotus\/","og_locale":"fr_FR","og_type":"article","og_title":"PHOTOPHORE FLEUR DE LOTUS - Spirit-US","og_description":"Porte-bougie en alliage de m\u00e9taux en forme de lotus. Accessoires de pri\u00e8re, de m\u00e9ditation et d\u00e9coration d'autel, discr\u00e8te et pour autant tr\u00e8s jolie. Motif traditionnel imprim\u00e9 au c\u0153ur de ce petit photophore, de couleur rouge vif, du chakra de la racine. Il est du plus bel effet en compagnie d\u2019un petit bouddha \u2013 comme \u00e9l\u00e9ments d\u00e9coratifs ou comme accessoires d\u2019accompagnement de la m\u00e9ditation. La fleur de lotus symbolise principalement la puret\u00e9, la renaissance, la croissance spirituelle,\u00a0car elle s'\u00e9panouit immacul\u00e9e malgr\u00e9 sa croissance dans la boue.\u00a0Elle repr\u00e9sente la r\u00e9silience et le d\u00e9passement de l'esprit sur les difficult\u00e9s mat\u00e9rielles, l'amour, la compassion et l'harmonie, avec des significations sp\u00e9cifiques selon la couleur (bleu pour la sagesse, blanc pour la puret\u00e9, rouge pour le c\u0153ur).\u00a0Ce symbole est central dans les religions orientales (bouddhisme, hindouisme) et contemporain dans le yoga et la spiritualit\u00e9 moderne.\u00a0\u00a0","og_url":"https:\/\/www.spirit-us.eu\/index.php\/produit\/photophore-fleur-de-lotus\/","og_site_name":"Spirit-US","article_publisher":"https:\/\/www.facebook.com\/spirit.us.deum","article_modified_time":"2025-12-17T16:38:23+00:00","og_image":[{"width":1080,"height":1080,"url":"https:\/\/www.spirit-us.eu\/wp-content\/uploads\/2025\/12\/photophre-lotus.png","type":"image\/png"}],"twitter_card":"summary_large_image","twitter_misc":{"Dur\u00e9e de lecture estim\u00e9e":"1 minute"},"schema":{"@context":"https:\/\/schema.org","@graph":[{"@type":"WebPage","@id":"https:\/\/www.spirit-us.eu\/index.php\/produit\/photophore-fleur-de-lotus\/","url":"https:\/\/www.spirit-us.eu\/index.php\/produit\/photophore-fleur-de-lotus\/","name":"PHOTOPHORE FLEUR DE LOTUS - Spirit-US","isPartOf":{"@id":"https:\/\/www.spirit-us.eu\/#website"},"primaryImageOfPage":{"@id":"https:\/\/www.spirit-us.eu\/index.php\/produit\/photophore-fleur-de-lotus\/#primaryimage"},"image":{"@id":"https:\/\/www.spirit-us.eu\/index.php\/produit\/photophore-fleur-de-lotus\/#primaryimage"},"thumbnailUrl":"https:\/\/www.spirit-us.eu\/wp-content\/uploads\/2025\/12\/photophre-lotus.png","datePublished":"2025-12-13T15:16:25+00:00","dateModified":"2025-12-17T16:38:23+00:00","breadcrumb":{"@id":"https:\/\/www.spirit-us.eu\/index.php\/produit\/photophore-fleur-de-lotus\/#breadcrumb"},"inLanguage":"fr-FR","potentialAction":[{"@type":"ReadAction","target":["https:\/\/www.spirit-us.eu\/index.php\/produit\/photophore-fleur-de-lotus\/"]}]},{"@type":"ImageObject","inLanguage":"fr-FR","@id":"https:\/\/www.spirit-us.eu\/index.php\/produit\/photophore-fleur-de-lotus\/#primaryimage","url":"https:\/\/www.spirit-us.eu\/wp-content\/uploads\/2025\/12\/photophre-lotus.png","contentUrl":"https:\/\/www.spirit-us.eu\/wp-content\/uploads\/2025\/12\/photophre-lotus.png","width":1080,"height":1080},{"@type":"BreadcrumbList","@id":"https:\/\/www.spirit-us.eu\/index.php\/produit\/photophore-fleur-de-lotus\/#breadcrumb","itemListElement":[{"@type":"ListItem","position":1,"name":"Accueil","item":"https:\/\/www.spirit-us.eu\/"},{"@type":"ListItem","position":2,"name":"Boutique","item":"https:\/\/www.spirit-us.eu\/index.php\/boutique\/"},{"@type":"ListItem","position":3,"name":"PHOTOPHORE FLEUR DE LOTUS"}]},{"@type":"WebSite","@id":"https:\/\/www.spirit-us.eu\/#website","url":"https:\/\/www.spirit-us.eu\/","name":"Spirit-US","description":"","publisher":{"@id":"https:\/\/www.spirit-us.eu\/#organization"},"potentialAction":[{"@type":"SearchAction","target":{"@type":"EntryPoint","urlTemplate":"https:\/\/www.spirit-us.eu\/?s={search_term_string}"},"query-input":{"@type":"PropertyValueSpecification","valueRequired":true,"valueName":"search_term_string"}}],"inLanguage":"fr-FR"},{"@type":"Organization","@id":"https:\/\/www.spirit-us.eu\/#organization","name":"Spirit-US","url":"https:\/\/www.spirit-us.eu\/","logo":{"@type":"ImageObject","inLanguage":"fr-FR","@id":"https:\/\/www.spirit-us.eu\/#\/schema\/logo\/image\/","url":"https:\/\/www.spirit-us.eu\/wp-content\/uploads\/2025\/11\/logo-regarde-linterlocutrice-sans-arrriere-plan.jpg","contentUrl":"https:\/\/www.spirit-us.eu\/wp-content\/uploads\/2025\/11\/logo-regarde-linterlocutrice-sans-arrriere-plan.jpg","width":1080,"height":1080,"caption":"Spirit-US"},"image":{"@id":"https:\/\/www.spirit-us.eu\/#\/schema\/logo\/image\/"},"sameAs":["https:\/\/www.facebook.com\/spirit.us.deum"]}]}},"jetpack_sharing_enabled":true,"_links":{"self":[{"href":"https:\/\/www.spirit-us.eu\/index.php\/wp-json\/wp\/v2\/product\/3033","targetHints":{"allow":["GET"]}}],"collection":[{"href":"https:\/\/www.spirit-us.eu\/index.php\/wp-json\/wp\/v2\/product"}],"about":[{"href":"https:\/\/www.spirit-us.eu\/index.php\/wp-json\/wp\/v2\/types\/product"}],"replies":[{"embeddable":true,"href":"https:\/\/www.spirit-us.eu\/index.php\/wp-json\/wp\/v2\/comments?post=3033"}],"wp:featuredmedia":[{"embeddable":true,"href":"https:\/\/www.spirit-us.eu\/index.php\/wp-json\/wp\/v2\/media\/3034"}],"wp:attachment":[{"href":"https:\/\/www.spirit-us.eu\/index.php\/wp-json\/wp\/v2\/media?parent=3033"}],"wp:term":[{"taxonomy":"product_brand","embeddable":true,"href":"https:\/\/www.spirit-us.eu\/index.php\/wp-json\/wp\/v2\/product_brand?post=3033"},{"taxonomy":"product_cat","embeddable":true,"href":"https:\/\/www.spirit-us.eu\/index.php\/wp-json\/wp\/v2\/product_cat?post=3033"},{"taxonomy":"product_tag","embeddable":true,"href":"https:\/\/www.spirit-us.eu\/index.php\/wp-json\/wp\/v2\/product_tag?post=3033"},{"taxonomy":"mwb_booking_cost","embeddable":true,"href":"https:\/\/www.spirit-us.eu\/index.php\/wp-json\/wp\/v2\/mwb_booking_cost?post=3033"},{"taxonomy":"mwb_booking_service","embeddable":true,"href":"https:\/\/www.spirit-us.eu\/index.php\/wp-json\/wp\/v2\/mwb_booking_service?post=3033"}],"curies":[{"name":"wp","href":"https:\/\/api.w.org\/{rel}","templated":true}]}}