{"id":303,"date":"2025-01-29T15:40:15","date_gmt":"2025-01-29T14:40:15","guid":{"rendered":"https:\/\/www.spirit-us.eu\/?post_type=product&#038;p=303"},"modified":"2025-02-14T18:17:20","modified_gmt":"2025-02-14T17:17:20","slug":"soin-de-reparation-dame-kintsugi","status":"publish","type":"product","link":"https:\/\/www.spirit-us.eu\/index.php\/produit\/soin-de-reparation-dame-kintsugi\/","title":{"rendered":"Soin de r\u00e9paration d&rsquo;\u00e2me &#8211; KINTSUGI"},"content":{"rendered":"<p><span style=\"color: #333333;\"><strong>D\u00e9tails\u00a0:<\/strong><\/span><\/p>\n<p><span style=\"color: #333333;\"><u>Date de publication<\/u>\u00a0: 28 mars 2023<\/span><\/p>\n<p><span style=\"color: #333333;\"><u>Format<\/u>\u00a0: mp3 imm\u00e9diatement disponible en t\u00e9l\u00e9chargement<\/span><\/p>\n<p><span style=\"color: #333333;\"><u>Dur\u00e9e\u00a0<\/u>: 43 minutes<\/span><\/p>\n<p><span style=\"color: #333333;\"><u>Auteure\u00a0<\/u>: Lola Lacroix<\/span><\/p>\n<p><span style=\"color: #333333;\"><strong>Objectifs\u00a0: <\/strong><\/span><\/p>\n<p><span style=\"color: #333333;\">Int\u00e9grer durant un cycle de la m\u00e9moire des \u00e9nergies de reconstruction, de restauration et de lib\u00e9ration\u00a0;<\/span><\/p>\n<p><span style=\"color: #333333;\">Pr\u00e9parer l\u2019\u00e9tape suivante, qui est une purification en profondeur des champs \u00e9nerg\u00e9tiques\u00a0;<\/span><\/p>\n<p><span style=\"color: #333333;\">Dissoudre des \u00e9tats de conscience o\u00f9 l\u2019\u00e9puisement, la sensation de \u00ab\u00a0disjoncter\u00a0\u00bb, de chute vibratoire vertigineuse, se conjuguent avec des modifications du comportement\u00a0comme la consommation d\u2019\u00e9l\u00e9ments addictog\u00e8nes (chimiques ou non, dont le sucre et l\u2019alcool), ou l\u2019\u00e9tat l\u00e9thargique.<\/span><\/p>\n<p><span style=\"color: #333333;\">Reprendre le gouvernail de la conscience et devenir seul.e capitaine de votre bateau.<\/span><\/p>\n<p><span style=\"color: #333333;\">R\u00e9cup\u00e9rer, reconnecter le cerveau, restaurer le bien-\u00eatre psychique et spirituel.<\/span><\/p>\n<p><span style=\"color: #333333;\"><strong>Extrait <\/strong><\/span><\/p>\n<p><span style=\"color: #333333;\"><em>Soin par la visualisation et invitation au c\u0153ur de l\u2019\u00e2me\u00a0:<\/em><\/span><\/p>\n<p><span style=\"color: #333333;\"><em>Votre bulle s\u2019envole.\u00a0 Un vaisseau clos et prot\u00e9g\u00e9 au c\u0153ur de la mer du ciel.\u00a0 Vous vous \u00e9levez.\u00a0 Vous vous rapprochez de la source de la lumi\u00e8re.\u00a0 Du soleil. Du grand soleil central de notre univers.<\/em><\/span><\/p>\n<p><span style=\"color: #333333;\"><em>Vous vous \u00e9levez et vous agissez.<\/em><\/span><\/p>\n<p><span style=\"color: #333333;\"><em>De tout l\u00e0-haut, savourez l\u2019instant de l\u00e9g\u00e8ret\u00e9, attardez-vous dans la lumi\u00e8re, dans le bleu et l\u2019or, la royaut\u00e9 du ciel, la souverainet\u00e9 du bleu de la plan\u00e8te qui nous porte et nous \u00e9l\u00e8ve, dans cette incarnation, maintenant.<\/em><\/span><\/p>\n<p><span style=\"color: #333333;\"><em>Nous allons construire la pr\u00e9servation infaillible de votre espace spirituel.<\/em><\/span><\/p>\n","protected":false},"excerpt":{"rendered":"<p><span style=\"color: #333333;\">Soin psycho-spirituel &#8211; R\u00e9paration de l\u2019\u00e2me par la technique du KINTSUGI. 43 minutes par jour de soin, pour reprendre le gouvernail de la conscience, dissoudre la peur, l\u2019incertitude, les pulsions toxiques (dont la pulsion de mort) cons\u00e9cutives \u00e0 des influences n\u00e9fastes et reconstruire l\u2019\u00e2me qui a vol\u00e9 en \u00e9clats, telle est la vocation de ce soin. Pour vous pr\u00e9munir \u00e0 long terme de ces \u00e9tats n\u00e9gatifs et \u00e9puisants, le soin KINTSUGI est cr\u00e9\u00e9 pour restaurer et pr\u00e9server votre \u00e9nergie psychique. Ecoute quotidienne, au moment de la journ\u00e9e o\u00f9 vous pouvez am\u00e9nager du temps pour vous, durant une lunaison, c\u2019est-\u00e0-dire un cycle de la m\u00e9moire. Ce faisant, vous prenez soin de vous avec infiniment de douceur. Le mot <em>Kintsugi<\/em> signifie en japonais\u00a0: <em>r\u00e9paration en or<\/em>.\u00a0 M\u00e9thode ancienne, qui consiste \u00e0 r\u00e9parer les porcelaines pr\u00e9cieuses bris\u00e9es au moyen d\u2019or, qui rend visible la r\u00e9paration, tout en conf\u00e9rant \u00e0 l\u2019objet une dimension plus pr\u00e9cieuse qu\u2019auparavant. Aux plans psychique et spirituel, il est possible de r\u00e9parer votre \u00e2me lorsqu\u2019elle a \u00e9t\u00e9 bris\u00e9e par des forces invisibles et des influences d\u00e9moniaques. En la r\u00e9parant, vous la rendez plus pr\u00e9cieuse encore, plus belle, plus riche.\u00a0 C\u2019est toute la dimension de l\u2019int\u00e9gration karmique d\u2019une \u00e9preuve de vie.Ce soin agit en profondeur pour restaurer par la m\u00eame occasion votre libert\u00e9 de pens\u00e9e.<\/span><\/p>\n<p>&nbsp;<\/p>\n<p>&nbsp;<\/p>\n<p>&nbsp;<\/p>\n<p>&nbsp;<\/p>\n<p>&nbsp;<\/p>\n","protected":false},"featured_media":137,"comment_status":"open","ping_status":"closed","template":"","meta":[],"product_brand":[],"product_cat":[155],"product_tag":[],"mwb_booking_cost":[],"mwb_booking_service":[],"class_list":{"0":"post-303","1":"product","2":"type-product","3":"status-publish","4":"has-post-thumbnail","6":"product_cat-02-soins-accueil","8":"first","9":"instock","10":"downloadable","11":"virtual","12":"purchasable","13":"product-type-simple"},"yoast_head":"<!-- This site is optimized with the Yoast SEO plugin v27.1.1 - https:\/\/yoast.com\/product\/yoast-seo-wordpress\/ -->\n<title>Soin de r\u00e9paration d&#039;\u00e2me - KINTSUGI - Spirit-US<\/title>\n<meta name=\"robots\" content=\"index, follow, max-snippet:-1, max-image-preview:large, max-video-preview:-1\" \/>\n<link rel=\"canonical\" href=\"https:\/\/www.spirit-us.eu\/index.php\/produit\/soin-de-reparation-dame-kintsugi\/\" \/>\n<meta property=\"og:locale\" content=\"fr_FR\" \/>\n<meta property=\"og:type\" content=\"article\" \/>\n<meta property=\"og:title\" content=\"Soin de r\u00e9paration d&#039;\u00e2me - KINTSUGI - Spirit-US\" \/>\n<meta property=\"og:description\" content=\"Soin psycho-spirituel - R\u00e9paration de l\u2019\u00e2me par la technique du KINTSUGI. 43 minutes par jour de soin, pour reprendre le gouvernail de la conscience, dissoudre la peur, l\u2019incertitude, les pulsions toxiques (dont la pulsion de mort) cons\u00e9cutives \u00e0 des influences n\u00e9fastes et reconstruire l\u2019\u00e2me qui a vol\u00e9 en \u00e9clats, telle est la vocation de ce soin. Pour vous pr\u00e9munir \u00e0 long terme de ces \u00e9tats n\u00e9gatifs et \u00e9puisants, le soin KINTSUGI est cr\u00e9\u00e9 pour restaurer et pr\u00e9server votre \u00e9nergie psychique. Ecoute quotidienne, au moment de la journ\u00e9e o\u00f9 vous pouvez am\u00e9nager du temps pour vous, durant une lunaison, c\u2019est-\u00e0-dire un cycle de la m\u00e9moire. Ce faisant, vous prenez soin de vous avec infiniment de douceur. Le mot Kintsugi signifie en japonais\u00a0: r\u00e9paration en or.\u00a0 M\u00e9thode ancienne, qui consiste \u00e0 r\u00e9parer les porcelaines pr\u00e9cieuses bris\u00e9es au moyen d\u2019or, qui rend visible la r\u00e9paration, tout en conf\u00e9rant \u00e0 l\u2019objet une dimension plus pr\u00e9cieuse qu\u2019auparavant. Aux plans psychique et spirituel, il est possible de r\u00e9parer votre \u00e2me lorsqu\u2019elle a \u00e9t\u00e9 bris\u00e9e par des forces invisibles et des influences d\u00e9moniaques. En la r\u00e9parant, vous la rendez plus pr\u00e9cieuse encore, plus belle, plus riche.\u00a0 C\u2019est toute la dimension de l\u2019int\u00e9gration karmique d\u2019une \u00e9preuve de vie.Ce soin agit en profondeur pour restaurer par la m\u00eame occasion votre libert\u00e9 de pens\u00e9e.  &nbsp;  &nbsp;  &nbsp;  &nbsp;  &nbsp;\" \/>\n<meta property=\"og:url\" content=\"https:\/\/www.spirit-us.eu\/index.php\/produit\/soin-de-reparation-dame-kintsugi\/\" \/>\n<meta property=\"og:site_name\" content=\"Spirit-US\" \/>\n<meta property=\"article:publisher\" content=\"https:\/\/www.facebook.com\/spirit.us.deum\" \/>\n<meta property=\"article:modified_time\" content=\"2025-02-14T17:17:20+00:00\" \/>\n<meta property=\"og:image\" content=\"https:\/\/www.spirit-us.eu\/wp-content\/uploads\/2025\/01\/kintsugi-image-produit.png\" \/>\n\t<meta property=\"og:image:width\" content=\"1080\" \/>\n\t<meta property=\"og:image:height\" content=\"1080\" \/>\n\t<meta property=\"og:image:type\" content=\"image\/png\" \/>\n<meta name=\"twitter:card\" content=\"summary_large_image\" \/>\n<meta name=\"twitter:label1\" content=\"Dur\u00e9e de lecture estim\u00e9e\" \/>\n\t<meta name=\"twitter:data1\" content=\"1 minute\" \/>\n<script type=\"application\/ld+json\" class=\"yoast-schema-graph\">{\"@context\":\"https:\/\/schema.org\",\"@graph\":[{\"@type\":\"WebPage\",\"@id\":\"https:\/\/www.spirit-us.eu\/index.php\/produit\/soin-de-reparation-dame-kintsugi\/\",\"url\":\"https:\/\/www.spirit-us.eu\/index.php\/produit\/soin-de-reparation-dame-kintsugi\/\",\"name\":\"Soin de r\u00e9paration d'\u00e2me - KINTSUGI - Spirit-US\",\"isPartOf\":{\"@id\":\"https:\/\/www.spirit-us.eu\/#website\"},\"primaryImageOfPage\":{\"@id\":\"https:\/\/www.spirit-us.eu\/index.php\/produit\/soin-de-reparation-dame-kintsugi\/#primaryimage\"},\"image\":{\"@id\":\"https:\/\/www.spirit-us.eu\/index.php\/produit\/soin-de-reparation-dame-kintsugi\/#primaryimage\"},\"thumbnailUrl\":\"https:\/\/www.spirit-us.eu\/wp-content\/uploads\/2025\/01\/kintsugi-image-produit.png\",\"datePublished\":\"2025-01-29T14:40:15+00:00\",\"dateModified\":\"2025-02-14T17:17:20+00:00\",\"breadcrumb\":{\"@id\":\"https:\/\/www.spirit-us.eu\/index.php\/produit\/soin-de-reparation-dame-kintsugi\/#breadcrumb\"},\"inLanguage\":\"fr-FR\",\"potentialAction\":[{\"@type\":\"ReadAction\",\"target\":[\"https:\/\/www.spirit-us.eu\/index.php\/produit\/soin-de-reparation-dame-kintsugi\/\"]}]},{\"@type\":\"ImageObject\",\"inLanguage\":\"fr-FR\",\"@id\":\"https:\/\/www.spirit-us.eu\/index.php\/produit\/soin-de-reparation-dame-kintsugi\/#primaryimage\",\"url\":\"https:\/\/www.spirit-us.eu\/wp-content\/uploads\/2025\/01\/kintsugi-image-produit.png\",\"contentUrl\":\"https:\/\/www.spirit-us.eu\/wp-content\/uploads\/2025\/01\/kintsugi-image-produit.png\",\"width\":1080,\"height\":1080},{\"@type\":\"BreadcrumbList\",\"@id\":\"https:\/\/www.spirit-us.eu\/index.php\/produit\/soin-de-reparation-dame-kintsugi\/#breadcrumb\",\"itemListElement\":[{\"@type\":\"ListItem\",\"position\":1,\"name\":\"Accueil\",\"item\":\"https:\/\/www.spirit-us.eu\/\"},{\"@type\":\"ListItem\",\"position\":2,\"name\":\"Boutique\",\"item\":\"https:\/\/www.spirit-us.eu\/index.php\/boutique\/\"},{\"@type\":\"ListItem\",\"position\":3,\"name\":\"Soin de r\u00e9paration d&rsquo;\u00e2me &#8211; KINTSUGI\"}]},{\"@type\":\"WebSite\",\"@id\":\"https:\/\/www.spirit-us.eu\/#website\",\"url\":\"https:\/\/www.spirit-us.eu\/\",\"name\":\"Spirit-US\",\"description\":\"\",\"publisher\":{\"@id\":\"https:\/\/www.spirit-us.eu\/#organization\"},\"potentialAction\":[{\"@type\":\"SearchAction\",\"target\":{\"@type\":\"EntryPoint\",\"urlTemplate\":\"https:\/\/www.spirit-us.eu\/?s={search_term_string}\"},\"query-input\":{\"@type\":\"PropertyValueSpecification\",\"valueRequired\":true,\"valueName\":\"search_term_string\"}}],\"inLanguage\":\"fr-FR\"},{\"@type\":\"Organization\",\"@id\":\"https:\/\/www.spirit-us.eu\/#organization\",\"name\":\"Spirit-US\",\"url\":\"https:\/\/www.spirit-us.eu\/\",\"logo\":{\"@type\":\"ImageObject\",\"inLanguage\":\"fr-FR\",\"@id\":\"https:\/\/www.spirit-us.eu\/#\/schema\/logo\/image\/\",\"url\":\"https:\/\/www.spirit-us.eu\/wp-content\/uploads\/2025\/11\/logo-regarde-linterlocutrice-sans-arrriere-plan.jpg\",\"contentUrl\":\"https:\/\/www.spirit-us.eu\/wp-content\/uploads\/2025\/11\/logo-regarde-linterlocutrice-sans-arrriere-plan.jpg\",\"width\":1080,\"height\":1080,\"caption\":\"Spirit-US\"},\"image\":{\"@id\":\"https:\/\/www.spirit-us.eu\/#\/schema\/logo\/image\/\"},\"sameAs\":[\"https:\/\/www.facebook.com\/spirit.us.deum\"]}]}<\/script>\n<!-- \/ Yoast SEO plugin. -->","yoast_head_json":{"title":"Soin de r\u00e9paration d'\u00e2me - KINTSUGI - Spirit-US","robots":{"index":"index","follow":"follow","max-snippet":"max-snippet:-1","max-image-preview":"max-image-preview:large","max-video-preview":"max-video-preview:-1"},"canonical":"https:\/\/www.spirit-us.eu\/index.php\/produit\/soin-de-reparation-dame-kintsugi\/","og_locale":"fr_FR","og_type":"article","og_title":"Soin de r\u00e9paration d'\u00e2me - KINTSUGI - Spirit-US","og_description":"Soin psycho-spirituel - R\u00e9paration de l\u2019\u00e2me par la technique du KINTSUGI. 43 minutes par jour de soin, pour reprendre le gouvernail de la conscience, dissoudre la peur, l\u2019incertitude, les pulsions toxiques (dont la pulsion de mort) cons\u00e9cutives \u00e0 des influences n\u00e9fastes et reconstruire l\u2019\u00e2me qui a vol\u00e9 en \u00e9clats, telle est la vocation de ce soin. Pour vous pr\u00e9munir \u00e0 long terme de ces \u00e9tats n\u00e9gatifs et \u00e9puisants, le soin KINTSUGI est cr\u00e9\u00e9 pour restaurer et pr\u00e9server votre \u00e9nergie psychique. Ecoute quotidienne, au moment de la journ\u00e9e o\u00f9 vous pouvez am\u00e9nager du temps pour vous, durant une lunaison, c\u2019est-\u00e0-dire un cycle de la m\u00e9moire. Ce faisant, vous prenez soin de vous avec infiniment de douceur. Le mot Kintsugi signifie en japonais\u00a0: r\u00e9paration en or.\u00a0 M\u00e9thode ancienne, qui consiste \u00e0 r\u00e9parer les porcelaines pr\u00e9cieuses bris\u00e9es au moyen d\u2019or, qui rend visible la r\u00e9paration, tout en conf\u00e9rant \u00e0 l\u2019objet une dimension plus pr\u00e9cieuse qu\u2019auparavant. Aux plans psychique et spirituel, il est possible de r\u00e9parer votre \u00e2me lorsqu\u2019elle a \u00e9t\u00e9 bris\u00e9e par des forces invisibles et des influences d\u00e9moniaques. En la r\u00e9parant, vous la rendez plus pr\u00e9cieuse encore, plus belle, plus riche.\u00a0 C\u2019est toute la dimension de l\u2019int\u00e9gration karmique d\u2019une \u00e9preuve de vie.Ce soin agit en profondeur pour restaurer par la m\u00eame occasion votre libert\u00e9 de pens\u00e9e.  &nbsp;  &nbsp;  &nbsp;  &nbsp;  &nbsp;","og_url":"https:\/\/www.spirit-us.eu\/index.php\/produit\/soin-de-reparation-dame-kintsugi\/","og_site_name":"Spirit-US","article_publisher":"https:\/\/www.facebook.com\/spirit.us.deum","article_modified_time":"2025-02-14T17:17:20+00:00","og_image":[{"width":1080,"height":1080,"url":"https:\/\/www.spirit-us.eu\/wp-content\/uploads\/2025\/01\/kintsugi-image-produit.png","type":"image\/png"}],"twitter_card":"summary_large_image","twitter_misc":{"Dur\u00e9e de lecture estim\u00e9e":"1 minute"},"schema":{"@context":"https:\/\/schema.org","@graph":[{"@type":"WebPage","@id":"https:\/\/www.spirit-us.eu\/index.php\/produit\/soin-de-reparation-dame-kintsugi\/","url":"https:\/\/www.spirit-us.eu\/index.php\/produit\/soin-de-reparation-dame-kintsugi\/","name":"Soin de r\u00e9paration d'\u00e2me - KINTSUGI - Spirit-US","isPartOf":{"@id":"https:\/\/www.spirit-us.eu\/#website"},"primaryImageOfPage":{"@id":"https:\/\/www.spirit-us.eu\/index.php\/produit\/soin-de-reparation-dame-kintsugi\/#primaryimage"},"image":{"@id":"https:\/\/www.spirit-us.eu\/index.php\/produit\/soin-de-reparation-dame-kintsugi\/#primaryimage"},"thumbnailUrl":"https:\/\/www.spirit-us.eu\/wp-content\/uploads\/2025\/01\/kintsugi-image-produit.png","datePublished":"2025-01-29T14:40:15+00:00","dateModified":"2025-02-14T17:17:20+00:00","breadcrumb":{"@id":"https:\/\/www.spirit-us.eu\/index.php\/produit\/soin-de-reparation-dame-kintsugi\/#breadcrumb"},"inLanguage":"fr-FR","potentialAction":[{"@type":"ReadAction","target":["https:\/\/www.spirit-us.eu\/index.php\/produit\/soin-de-reparation-dame-kintsugi\/"]}]},{"@type":"ImageObject","inLanguage":"fr-FR","@id":"https:\/\/www.spirit-us.eu\/index.php\/produit\/soin-de-reparation-dame-kintsugi\/#primaryimage","url":"https:\/\/www.spirit-us.eu\/wp-content\/uploads\/2025\/01\/kintsugi-image-produit.png","contentUrl":"https:\/\/www.spirit-us.eu\/wp-content\/uploads\/2025\/01\/kintsugi-image-produit.png","width":1080,"height":1080},{"@type":"BreadcrumbList","@id":"https:\/\/www.spirit-us.eu\/index.php\/produit\/soin-de-reparation-dame-kintsugi\/#breadcrumb","itemListElement":[{"@type":"ListItem","position":1,"name":"Accueil","item":"https:\/\/www.spirit-us.eu\/"},{"@type":"ListItem","position":2,"name":"Boutique","item":"https:\/\/www.spirit-us.eu\/index.php\/boutique\/"},{"@type":"ListItem","position":3,"name":"Soin de r\u00e9paration d&rsquo;\u00e2me &#8211; KINTSUGI"}]},{"@type":"WebSite","@id":"https:\/\/www.spirit-us.eu\/#website","url":"https:\/\/www.spirit-us.eu\/","name":"Spirit-US","description":"","publisher":{"@id":"https:\/\/www.spirit-us.eu\/#organization"},"potentialAction":[{"@type":"SearchAction","target":{"@type":"EntryPoint","urlTemplate":"https:\/\/www.spirit-us.eu\/?s={search_term_string}"},"query-input":{"@type":"PropertyValueSpecification","valueRequired":true,"valueName":"search_term_string"}}],"inLanguage":"fr-FR"},{"@type":"Organization","@id":"https:\/\/www.spirit-us.eu\/#organization","name":"Spirit-US","url":"https:\/\/www.spirit-us.eu\/","logo":{"@type":"ImageObject","inLanguage":"fr-FR","@id":"https:\/\/www.spirit-us.eu\/#\/schema\/logo\/image\/","url":"https:\/\/www.spirit-us.eu\/wp-content\/uploads\/2025\/11\/logo-regarde-linterlocutrice-sans-arrriere-plan.jpg","contentUrl":"https:\/\/www.spirit-us.eu\/wp-content\/uploads\/2025\/11\/logo-regarde-linterlocutrice-sans-arrriere-plan.jpg","width":1080,"height":1080,"caption":"Spirit-US"},"image":{"@id":"https:\/\/www.spirit-us.eu\/#\/schema\/logo\/image\/"},"sameAs":["https:\/\/www.facebook.com\/spirit.us.deum"]}]}},"jetpack_sharing_enabled":true,"_links":{"self":[{"href":"https:\/\/www.spirit-us.eu\/index.php\/wp-json\/wp\/v2\/product\/303","targetHints":{"allow":["GET"]}}],"collection":[{"href":"https:\/\/www.spirit-us.eu\/index.php\/wp-json\/wp\/v2\/product"}],"about":[{"href":"https:\/\/www.spirit-us.eu\/index.php\/wp-json\/wp\/v2\/types\/product"}],"replies":[{"embeddable":true,"href":"https:\/\/www.spirit-us.eu\/index.php\/wp-json\/wp\/v2\/comments?post=303"}],"wp:featuredmedia":[{"embeddable":true,"href":"https:\/\/www.spirit-us.eu\/index.php\/wp-json\/wp\/v2\/media\/137"}],"wp:attachment":[{"href":"https:\/\/www.spirit-us.eu\/index.php\/wp-json\/wp\/v2\/media?parent=303"}],"wp:term":[{"taxonomy":"product_brand","embeddable":true,"href":"https:\/\/www.spirit-us.eu\/index.php\/wp-json\/wp\/v2\/product_brand?post=303"},{"taxonomy":"product_cat","embeddable":true,"href":"https:\/\/www.spirit-us.eu\/index.php\/wp-json\/wp\/v2\/product_cat?post=303"},{"taxonomy":"product_tag","embeddable":true,"href":"https:\/\/www.spirit-us.eu\/index.php\/wp-json\/wp\/v2\/product_tag?post=303"},{"taxonomy":"mwb_booking_cost","embeddable":true,"href":"https:\/\/www.spirit-us.eu\/index.php\/wp-json\/wp\/v2\/mwb_booking_cost?post=303"},{"taxonomy":"mwb_booking_service","embeddable":true,"href":"https:\/\/www.spirit-us.eu\/index.php\/wp-json\/wp\/v2\/mwb_booking_service?post=303"}],"curies":[{"name":"wp","href":"https:\/\/api.w.org\/{rel}","templated":true}]}}