{"id":3013,"date":"2025-12-12T14:16:09","date_gmt":"2025-12-12T13:16:09","guid":{"rendered":"https:\/\/www.spirit-us.eu\/?post_type=product&#038;p=3013"},"modified":"2025-12-21T13:02:15","modified_gmt":"2025-12-21T12:02:15","slug":"pendule-en-selenite-et-croix-de-saint-benoit","status":"publish","type":"product","link":"https:\/\/www.spirit-us.eu\/index.php\/produit\/pendule-en-selenite-et-croix-de-saint-benoit\/","title":{"rendered":"PENDULE EN SELENITE ET CROIX DE SAINT BENOIT"},"content":{"rendered":"<p><strong>Pr\u00e9sentation<\/strong>\u00a0: nous livrons cet objet fragile dans un \u00e9tui blanc satin\u00e9, orn\u00e9 des motifs de la lune et des \u00e9toiles des voyant.es \u2013 int\u00e9rieur de velours noir<\/p>\n<p><strong>Dimensions<\/strong>\u00a0:<\/p>\n<ul>\n<li>Pendule 6 cm<\/li>\n<li>Cha\u00eene<\/li>\n<li>Croix<\/li>\n<li>Hauteur totale<\/li>\n<\/ul>\n<p><strong>Mat\u00e9riau<\/strong>\u00a0: pierre naturelle blanche<\/p>\n<p><strong>Facture<\/strong>\u00a0: pendule manufactur\u00e9, charg\u00e9, calibr\u00e9 et b\u00e9ni \u2013 livr\u00e9 avec la pri\u00e8re de b\u00e9n\u00e9diction afin que vous puissiez la renouveler lorsque vous ressentirez que c\u2019est n\u00e9cessaire.<\/p>\n","protected":false},"excerpt":{"rendered":"<p>Ce pendule, vous ne trouverez nulle part ailleurs, car nous le fabriquons et le calibrons nous-m\u00eames. Et nous pouvons affirmer qu\u2019il est \u00e0 la fois extr\u00eamement sensible et prot\u00e9g\u00e9.\u00a0 Il est tr\u00e8s r\u00e9actif aux tests, mais il convient aussi bien pour les radiesth\u00e9sistes confirm\u00e9.es que pour les d\u00e9butant.es.\u00a0 Pour ces derni\u00e8r.es, d\u2019ailleurs, il sera gratifiant et encourageant, de disposer d\u2019un outil aussi performant.\u00a0 Il est fait de s\u00e9l\u00e9nite et r\u00e9pond \u00e0 son c\u00f4t\u00e9 paisible, apaisant, et puissant.\u00a0 Il est compos\u00e9 d\u2019un ob\u00e9lisque en pierre naturelle mont\u00e9e sur m\u00e9tal argent\u00e9 ouvrag\u00e9, avec cha\u00eenette.\u00a0 L\u2019extr\u00e9mit\u00e9 est faite de pierres baroques en s\u00e9l\u00e9nite et d\u2019une croix de saint Beno\u00eet en m\u00e9tal argent\u00e9.\u00a0 Ce dernier \u00e9l\u00e9ment permet d\u2019apporter aux questionnant.es, des r\u00e9ponses puissamment prot\u00e9g\u00e9es et exactes.<\/p>\n","protected":false},"featured_media":3010,"comment_status":"open","ping_status":"closed","template":"","meta":[],"product_brand":[],"product_cat":[499,160,17],"product_tag":[169,436,434],"mwb_booking_cost":[],"mwb_booking_service":[],"class_list":{"0":"post-3013","1":"product","2":"type-product","3":"status-publish","4":"has-post-thumbnail","6":"product_cat-03-energetique","7":"product_cat-08-pendules-accueil","8":"product_cat-tous-les-produits","9":"product_tag-protection","10":"product_tag-radiesthesie","11":"product_tag-selenite","13":"first","14":"instock","15":"shipping-taxable","16":"purchasable","17":"product-type-simple"},"yoast_head":"<!-- This site is optimized with the Yoast SEO plugin v27.1.1 - https:\/\/yoast.com\/product\/yoast-seo-wordpress\/ -->\n<title>PENDULE EN SELENITE ET CROIX DE SAINT BENOIT - Spirit-US<\/title>\n<meta name=\"robots\" content=\"index, follow, max-snippet:-1, max-image-preview:large, max-video-preview:-1\" \/>\n<link rel=\"canonical\" href=\"https:\/\/www.spirit-us.eu\/index.php\/produit\/pendule-en-selenite-et-croix-de-saint-benoit\/\" \/>\n<meta property=\"og:locale\" content=\"fr_FR\" \/>\n<meta property=\"og:type\" content=\"article\" \/>\n<meta property=\"og:title\" content=\"PENDULE EN SELENITE ET CROIX DE SAINT BENOIT - Spirit-US\" \/>\n<meta property=\"og:description\" content=\"Ce pendule, vous ne trouverez nulle part ailleurs, car nous le fabriquons et le calibrons nous-m\u00eames. Et nous pouvons affirmer qu\u2019il est \u00e0 la fois extr\u00eamement sensible et prot\u00e9g\u00e9.\u00a0 Il est tr\u00e8s r\u00e9actif aux tests, mais il convient aussi bien pour les radiesth\u00e9sistes confirm\u00e9.es que pour les d\u00e9butant.es.\u00a0 Pour ces derni\u00e8r.es, d\u2019ailleurs, il sera gratifiant et encourageant, de disposer d\u2019un outil aussi performant.\u00a0 Il est fait de s\u00e9l\u00e9nite et r\u00e9pond \u00e0 son c\u00f4t\u00e9 paisible, apaisant, et puissant.\u00a0 Il est compos\u00e9 d\u2019un ob\u00e9lisque en pierre naturelle mont\u00e9e sur m\u00e9tal argent\u00e9 ouvrag\u00e9, avec cha\u00eenette.\u00a0 L\u2019extr\u00e9mit\u00e9 est faite de pierres baroques en s\u00e9l\u00e9nite et d\u2019une croix de saint Beno\u00eet en m\u00e9tal argent\u00e9.\u00a0 Ce dernier \u00e9l\u00e9ment permet d\u2019apporter aux questionnant.es, des r\u00e9ponses puissamment prot\u00e9g\u00e9es et exactes.\" \/>\n<meta property=\"og:url\" content=\"https:\/\/www.spirit-us.eu\/index.php\/produit\/pendule-en-selenite-et-croix-de-saint-benoit\/\" \/>\n<meta property=\"og:site_name\" content=\"Spirit-US\" \/>\n<meta property=\"article:publisher\" content=\"https:\/\/www.facebook.com\/spirit.us.deum\" \/>\n<meta property=\"article:modified_time\" content=\"2025-12-21T12:02:15+00:00\" \/>\n<meta property=\"og:image\" content=\"https:\/\/www.spirit-us.eu\/wp-content\/uploads\/2025\/12\/pendule-en-selenite-galerie.png\" \/>\n\t<meta property=\"og:image:width\" content=\"1080\" \/>\n\t<meta property=\"og:image:height\" content=\"1080\" \/>\n\t<meta property=\"og:image:type\" content=\"image\/png\" \/>\n<meta name=\"twitter:card\" content=\"summary_large_image\" \/>\n<meta name=\"twitter:label1\" content=\"Dur\u00e9e de lecture estim\u00e9e\" \/>\n\t<meta name=\"twitter:data1\" content=\"1 minute\" \/>\n<script type=\"application\/ld+json\" class=\"yoast-schema-graph\">{\"@context\":\"https:\/\/schema.org\",\"@graph\":[{\"@type\":\"WebPage\",\"@id\":\"https:\/\/www.spirit-us.eu\/index.php\/produit\/pendule-en-selenite-et-croix-de-saint-benoit\/\",\"url\":\"https:\/\/www.spirit-us.eu\/index.php\/produit\/pendule-en-selenite-et-croix-de-saint-benoit\/\",\"name\":\"PENDULE EN SELENITE ET CROIX DE SAINT BENOIT - Spirit-US\",\"isPartOf\":{\"@id\":\"https:\/\/www.spirit-us.eu\/#website\"},\"primaryImageOfPage\":{\"@id\":\"https:\/\/www.spirit-us.eu\/index.php\/produit\/pendule-en-selenite-et-croix-de-saint-benoit\/#primaryimage\"},\"image\":{\"@id\":\"https:\/\/www.spirit-us.eu\/index.php\/produit\/pendule-en-selenite-et-croix-de-saint-benoit\/#primaryimage\"},\"thumbnailUrl\":\"https:\/\/www.spirit-us.eu\/wp-content\/uploads\/2025\/12\/pendule-en-selenite-galerie.png\",\"datePublished\":\"2025-12-12T13:16:09+00:00\",\"dateModified\":\"2025-12-21T12:02:15+00:00\",\"breadcrumb\":{\"@id\":\"https:\/\/www.spirit-us.eu\/index.php\/produit\/pendule-en-selenite-et-croix-de-saint-benoit\/#breadcrumb\"},\"inLanguage\":\"fr-FR\",\"potentialAction\":[{\"@type\":\"ReadAction\",\"target\":[\"https:\/\/www.spirit-us.eu\/index.php\/produit\/pendule-en-selenite-et-croix-de-saint-benoit\/\"]}]},{\"@type\":\"ImageObject\",\"inLanguage\":\"fr-FR\",\"@id\":\"https:\/\/www.spirit-us.eu\/index.php\/produit\/pendule-en-selenite-et-croix-de-saint-benoit\/#primaryimage\",\"url\":\"https:\/\/www.spirit-us.eu\/wp-content\/uploads\/2025\/12\/pendule-en-selenite-galerie.png\",\"contentUrl\":\"https:\/\/www.spirit-us.eu\/wp-content\/uploads\/2025\/12\/pendule-en-selenite-galerie.png\",\"width\":1080,\"height\":1080},{\"@type\":\"BreadcrumbList\",\"@id\":\"https:\/\/www.spirit-us.eu\/index.php\/produit\/pendule-en-selenite-et-croix-de-saint-benoit\/#breadcrumb\",\"itemListElement\":[{\"@type\":\"ListItem\",\"position\":1,\"name\":\"Accueil\",\"item\":\"https:\/\/www.spirit-us.eu\/\"},{\"@type\":\"ListItem\",\"position\":2,\"name\":\"Boutique\",\"item\":\"https:\/\/www.spirit-us.eu\/index.php\/boutique\/\"},{\"@type\":\"ListItem\",\"position\":3,\"name\":\"PENDULE EN SELENITE ET CROIX DE SAINT BENOIT\"}]},{\"@type\":\"WebSite\",\"@id\":\"https:\/\/www.spirit-us.eu\/#website\",\"url\":\"https:\/\/www.spirit-us.eu\/\",\"name\":\"Spirit-US\",\"description\":\"\",\"publisher\":{\"@id\":\"https:\/\/www.spirit-us.eu\/#organization\"},\"potentialAction\":[{\"@type\":\"SearchAction\",\"target\":{\"@type\":\"EntryPoint\",\"urlTemplate\":\"https:\/\/www.spirit-us.eu\/?s={search_term_string}\"},\"query-input\":{\"@type\":\"PropertyValueSpecification\",\"valueRequired\":true,\"valueName\":\"search_term_string\"}}],\"inLanguage\":\"fr-FR\"},{\"@type\":\"Organization\",\"@id\":\"https:\/\/www.spirit-us.eu\/#organization\",\"name\":\"Spirit-US\",\"url\":\"https:\/\/www.spirit-us.eu\/\",\"logo\":{\"@type\":\"ImageObject\",\"inLanguage\":\"fr-FR\",\"@id\":\"https:\/\/www.spirit-us.eu\/#\/schema\/logo\/image\/\",\"url\":\"https:\/\/www.spirit-us.eu\/wp-content\/uploads\/2025\/11\/logo-regarde-linterlocutrice-sans-arrriere-plan.jpg\",\"contentUrl\":\"https:\/\/www.spirit-us.eu\/wp-content\/uploads\/2025\/11\/logo-regarde-linterlocutrice-sans-arrriere-plan.jpg\",\"width\":1080,\"height\":1080,\"caption\":\"Spirit-US\"},\"image\":{\"@id\":\"https:\/\/www.spirit-us.eu\/#\/schema\/logo\/image\/\"},\"sameAs\":[\"https:\/\/www.facebook.com\/spirit.us.deum\"]}]}<\/script>\n<!-- \/ Yoast SEO plugin. -->","yoast_head_json":{"title":"PENDULE EN SELENITE ET CROIX DE SAINT BENOIT - Spirit-US","robots":{"index":"index","follow":"follow","max-snippet":"max-snippet:-1","max-image-preview":"max-image-preview:large","max-video-preview":"max-video-preview:-1"},"canonical":"https:\/\/www.spirit-us.eu\/index.php\/produit\/pendule-en-selenite-et-croix-de-saint-benoit\/","og_locale":"fr_FR","og_type":"article","og_title":"PENDULE EN SELENITE ET CROIX DE SAINT BENOIT - Spirit-US","og_description":"Ce pendule, vous ne trouverez nulle part ailleurs, car nous le fabriquons et le calibrons nous-m\u00eames. Et nous pouvons affirmer qu\u2019il est \u00e0 la fois extr\u00eamement sensible et prot\u00e9g\u00e9.\u00a0 Il est tr\u00e8s r\u00e9actif aux tests, mais il convient aussi bien pour les radiesth\u00e9sistes confirm\u00e9.es que pour les d\u00e9butant.es.\u00a0 Pour ces derni\u00e8r.es, d\u2019ailleurs, il sera gratifiant et encourageant, de disposer d\u2019un outil aussi performant.\u00a0 Il est fait de s\u00e9l\u00e9nite et r\u00e9pond \u00e0 son c\u00f4t\u00e9 paisible, apaisant, et puissant.\u00a0 Il est compos\u00e9 d\u2019un ob\u00e9lisque en pierre naturelle mont\u00e9e sur m\u00e9tal argent\u00e9 ouvrag\u00e9, avec cha\u00eenette.\u00a0 L\u2019extr\u00e9mit\u00e9 est faite de pierres baroques en s\u00e9l\u00e9nite et d\u2019une croix de saint Beno\u00eet en m\u00e9tal argent\u00e9.\u00a0 Ce dernier \u00e9l\u00e9ment permet d\u2019apporter aux questionnant.es, des r\u00e9ponses puissamment prot\u00e9g\u00e9es et exactes.","og_url":"https:\/\/www.spirit-us.eu\/index.php\/produit\/pendule-en-selenite-et-croix-de-saint-benoit\/","og_site_name":"Spirit-US","article_publisher":"https:\/\/www.facebook.com\/spirit.us.deum","article_modified_time":"2025-12-21T12:02:15+00:00","og_image":[{"width":1080,"height":1080,"url":"https:\/\/www.spirit-us.eu\/wp-content\/uploads\/2025\/12\/pendule-en-selenite-galerie.png","type":"image\/png"}],"twitter_card":"summary_large_image","twitter_misc":{"Dur\u00e9e de lecture estim\u00e9e":"1 minute"},"schema":{"@context":"https:\/\/schema.org","@graph":[{"@type":"WebPage","@id":"https:\/\/www.spirit-us.eu\/index.php\/produit\/pendule-en-selenite-et-croix-de-saint-benoit\/","url":"https:\/\/www.spirit-us.eu\/index.php\/produit\/pendule-en-selenite-et-croix-de-saint-benoit\/","name":"PENDULE EN SELENITE ET CROIX DE SAINT BENOIT - Spirit-US","isPartOf":{"@id":"https:\/\/www.spirit-us.eu\/#website"},"primaryImageOfPage":{"@id":"https:\/\/www.spirit-us.eu\/index.php\/produit\/pendule-en-selenite-et-croix-de-saint-benoit\/#primaryimage"},"image":{"@id":"https:\/\/www.spirit-us.eu\/index.php\/produit\/pendule-en-selenite-et-croix-de-saint-benoit\/#primaryimage"},"thumbnailUrl":"https:\/\/www.spirit-us.eu\/wp-content\/uploads\/2025\/12\/pendule-en-selenite-galerie.png","datePublished":"2025-12-12T13:16:09+00:00","dateModified":"2025-12-21T12:02:15+00:00","breadcrumb":{"@id":"https:\/\/www.spirit-us.eu\/index.php\/produit\/pendule-en-selenite-et-croix-de-saint-benoit\/#breadcrumb"},"inLanguage":"fr-FR","potentialAction":[{"@type":"ReadAction","target":["https:\/\/www.spirit-us.eu\/index.php\/produit\/pendule-en-selenite-et-croix-de-saint-benoit\/"]}]},{"@type":"ImageObject","inLanguage":"fr-FR","@id":"https:\/\/www.spirit-us.eu\/index.php\/produit\/pendule-en-selenite-et-croix-de-saint-benoit\/#primaryimage","url":"https:\/\/www.spirit-us.eu\/wp-content\/uploads\/2025\/12\/pendule-en-selenite-galerie.png","contentUrl":"https:\/\/www.spirit-us.eu\/wp-content\/uploads\/2025\/12\/pendule-en-selenite-galerie.png","width":1080,"height":1080},{"@type":"BreadcrumbList","@id":"https:\/\/www.spirit-us.eu\/index.php\/produit\/pendule-en-selenite-et-croix-de-saint-benoit\/#breadcrumb","itemListElement":[{"@type":"ListItem","position":1,"name":"Accueil","item":"https:\/\/www.spirit-us.eu\/"},{"@type":"ListItem","position":2,"name":"Boutique","item":"https:\/\/www.spirit-us.eu\/index.php\/boutique\/"},{"@type":"ListItem","position":3,"name":"PENDULE EN SELENITE ET CROIX DE SAINT BENOIT"}]},{"@type":"WebSite","@id":"https:\/\/www.spirit-us.eu\/#website","url":"https:\/\/www.spirit-us.eu\/","name":"Spirit-US","description":"","publisher":{"@id":"https:\/\/www.spirit-us.eu\/#organization"},"potentialAction":[{"@type":"SearchAction","target":{"@type":"EntryPoint","urlTemplate":"https:\/\/www.spirit-us.eu\/?s={search_term_string}"},"query-input":{"@type":"PropertyValueSpecification","valueRequired":true,"valueName":"search_term_string"}}],"inLanguage":"fr-FR"},{"@type":"Organization","@id":"https:\/\/www.spirit-us.eu\/#organization","name":"Spirit-US","url":"https:\/\/www.spirit-us.eu\/","logo":{"@type":"ImageObject","inLanguage":"fr-FR","@id":"https:\/\/www.spirit-us.eu\/#\/schema\/logo\/image\/","url":"https:\/\/www.spirit-us.eu\/wp-content\/uploads\/2025\/11\/logo-regarde-linterlocutrice-sans-arrriere-plan.jpg","contentUrl":"https:\/\/www.spirit-us.eu\/wp-content\/uploads\/2025\/11\/logo-regarde-linterlocutrice-sans-arrriere-plan.jpg","width":1080,"height":1080,"caption":"Spirit-US"},"image":{"@id":"https:\/\/www.spirit-us.eu\/#\/schema\/logo\/image\/"},"sameAs":["https:\/\/www.facebook.com\/spirit.us.deum"]}]}},"jetpack_sharing_enabled":true,"_links":{"self":[{"href":"https:\/\/www.spirit-us.eu\/index.php\/wp-json\/wp\/v2\/product\/3013","targetHints":{"allow":["GET"]}}],"collection":[{"href":"https:\/\/www.spirit-us.eu\/index.php\/wp-json\/wp\/v2\/product"}],"about":[{"href":"https:\/\/www.spirit-us.eu\/index.php\/wp-json\/wp\/v2\/types\/product"}],"replies":[{"embeddable":true,"href":"https:\/\/www.spirit-us.eu\/index.php\/wp-json\/wp\/v2\/comments?post=3013"}],"wp:featuredmedia":[{"embeddable":true,"href":"https:\/\/www.spirit-us.eu\/index.php\/wp-json\/wp\/v2\/media\/3010"}],"wp:attachment":[{"href":"https:\/\/www.spirit-us.eu\/index.php\/wp-json\/wp\/v2\/media?parent=3013"}],"wp:term":[{"taxonomy":"product_brand","embeddable":true,"href":"https:\/\/www.spirit-us.eu\/index.php\/wp-json\/wp\/v2\/product_brand?post=3013"},{"taxonomy":"product_cat","embeddable":true,"href":"https:\/\/www.spirit-us.eu\/index.php\/wp-json\/wp\/v2\/product_cat?post=3013"},{"taxonomy":"product_tag","embeddable":true,"href":"https:\/\/www.spirit-us.eu\/index.php\/wp-json\/wp\/v2\/product_tag?post=3013"},{"taxonomy":"mwb_booking_cost","embeddable":true,"href":"https:\/\/www.spirit-us.eu\/index.php\/wp-json\/wp\/v2\/mwb_booking_cost?post=3013"},{"taxonomy":"mwb_booking_service","embeddable":true,"href":"https:\/\/www.spirit-us.eu\/index.php\/wp-json\/wp\/v2\/mwb_booking_service?post=3013"}],"curies":[{"name":"wp","href":"https:\/\/api.w.org\/{rel}","templated":true}]}}