{"id":3000,"date":"2025-12-11T18:00:23","date_gmt":"2025-12-11T17:00:23","guid":{"rendered":"https:\/\/www.spirit-us.eu\/?post_type=product&#038;p=3000"},"modified":"2025-12-17T17:39:00","modified_gmt":"2025-12-17T16:39:00","slug":"photophore-en-selenite","status":"publish","type":"product","link":"https:\/\/www.spirit-us.eu\/index.php\/produit\/photophore-en-selenite\/","title":{"rendered":"Photophore en SELENITE"},"content":{"rendered":"<p>Photophore en s\u00e9l\u00e9nite massive<\/p>\n<p><strong>Dimensions<\/strong> :<\/p>\n<ul>\n<li>hauteur<\/li>\n<li>diam\u00e8tre<\/li>\n<li>profondeur (pour la bougie chauffe-plat non-livr\u00e9e)<\/li>\n<\/ul>\n<p><strong>Couleur<\/strong> : blanc translucide<\/p>\n<p><strong>Poids<\/strong> : 170 grammes<\/p>\n<p>Produit enti\u00e8rement manufactur\u00e9. Livr\u00e9 b\u00e9ni sur demande<\/p>\n<p><strong>Pr\u00e9cautions d&rsquo;usage<\/strong> : la s\u00e9l\u00e9nite ne peut pas \u00eatre expos\u00e9e \u00e0 l&rsquo;eau (qui la dissoudrait ou l&rsquo;endommagerait s\u00e9rieusement).<\/p>\n","protected":false},"excerpt":{"rendered":"<p style=\"text-align: justify;\">Photophore en s\u00e9l\u00e9nite, blanc translucide, magnifique, simple, sobre et tr\u00e8s \u00e9l\u00e9gant. Reli\u00e9e \u00e0 l\u2019astre lunaire, la s\u00e9l\u00e9nite nous plonge au c\u0153ur des l\u00e9gendes de la mythologie grecque. Reconnue pour ses vertus apaisantes ainsi que son caract\u00e8re spirituel, elle a beaucoup \u00e0 offrir aux personnes en qu\u00eate de paix int\u00e9rieure. D\u00e9couvrez l\u2019histoire ainsi que les pouvoirs de cette pierre d\u2019une grande douceur. Tr\u00e8s d\u00e9coratif, ce photophore qu&rsquo;une simple bougie \u00ab\u00a0r\u00e9veille\u00a0\u00bb vous enchantera. La s\u00e9l\u00e9nite peut \u00e9galement servir de support pour les rituels sacr\u00e9s faits pour donner l&rsquo;apaisement et le retour \u00e0 une vie de paix et d&rsquo;harmonie. On travaillera avec les objets de s\u00e9l\u00e9nite en lune montante pour augmenter son taux vibratoire; et en lune descendante pour remettre \u00e0 la terre tout ce qui n&rsquo;est pas la lumi\u00e8re.<\/p>\n","protected":false},"featured_media":3001,"comment_status":"open","ping_status":"closed","template":"","meta":[],"product_brand":[],"product_cat":[180,497,17],"product_tag":[348,459,186,361,441,434],"mwb_booking_cost":[],"mwb_booking_service":[],"class_list":{"0":"post-3000","1":"product","2":"type-product","3":"status-publish","4":"has-post-thumbnail","6":"product_cat-09-decoration","7":"product_cat-photophores-et-lumieres","8":"product_cat-tous-les-produits","9":"product_tag-apaisement","10":"product_tag-deco","11":"product_tag-noel","12":"product_tag-photophore","13":"product_tag-sainte-lucie","14":"product_tag-selenite","16":"first","17":"instock","18":"shipping-taxable","19":"purchasable","20":"product-type-simple"},"yoast_head":"<!-- This site is optimized with the Yoast SEO plugin v27.1.1 - https:\/\/yoast.com\/product\/yoast-seo-wordpress\/ -->\n<title>Photophore en SELENITE - Spirit-US<\/title>\n<meta name=\"robots\" content=\"index, follow, max-snippet:-1, max-image-preview:large, max-video-preview:-1\" \/>\n<link rel=\"canonical\" href=\"https:\/\/www.spirit-us.eu\/index.php\/produit\/photophore-en-selenite\/\" \/>\n<meta property=\"og:locale\" content=\"fr_FR\" \/>\n<meta property=\"og:type\" content=\"article\" \/>\n<meta property=\"og:title\" content=\"Photophore en SELENITE - Spirit-US\" \/>\n<meta property=\"og:description\" content=\"Photophore en s\u00e9l\u00e9nite, blanc translucide, magnifique, simple, sobre et tr\u00e8s \u00e9l\u00e9gant. Reli\u00e9e \u00e0 l\u2019astre lunaire, la s\u00e9l\u00e9nite nous plonge au c\u0153ur des l\u00e9gendes de la mythologie grecque. Reconnue pour ses vertus apaisantes ainsi que son caract\u00e8re spirituel, elle a beaucoup \u00e0 offrir aux personnes en qu\u00eate de paix int\u00e9rieure. D\u00e9couvrez l\u2019histoire ainsi que les pouvoirs de cette pierre d\u2019une grande douceur. Tr\u00e8s d\u00e9coratif, ce photophore qu&#039;une simple bougie &quot;r\u00e9veille&quot; vous enchantera. La s\u00e9l\u00e9nite peut \u00e9galement servir de support pour les rituels sacr\u00e9s faits pour donner l&#039;apaisement et le retour \u00e0 une vie de paix et d&#039;harmonie. On travaillera avec les objets de s\u00e9l\u00e9nite en lune montante pour augmenter son taux vibratoire; et en lune descendante pour remettre \u00e0 la terre tout ce qui n&#039;est pas la lumi\u00e8re.\" \/>\n<meta property=\"og:url\" content=\"https:\/\/www.spirit-us.eu\/index.php\/produit\/photophore-en-selenite\/\" \/>\n<meta property=\"og:site_name\" content=\"Spirit-US\" \/>\n<meta property=\"article:publisher\" content=\"https:\/\/www.facebook.com\/spirit.us.deum\" \/>\n<meta property=\"article:modified_time\" content=\"2025-12-17T16:39:00+00:00\" \/>\n<meta property=\"og:image\" content=\"https:\/\/www.spirit-us.eu\/wp-content\/uploads\/2025\/12\/photophore-selenite-grand-image-produit.png\" \/>\n\t<meta property=\"og:image:width\" content=\"1080\" \/>\n\t<meta property=\"og:image:height\" content=\"1080\" \/>\n\t<meta property=\"og:image:type\" content=\"image\/png\" \/>\n<meta name=\"twitter:card\" content=\"summary_large_image\" \/>\n<meta name=\"twitter:label1\" content=\"Dur\u00e9e de lecture estim\u00e9e\" \/>\n\t<meta name=\"twitter:data1\" content=\"1 minute\" \/>\n<script type=\"application\/ld+json\" class=\"yoast-schema-graph\">{\"@context\":\"https:\/\/schema.org\",\"@graph\":[{\"@type\":\"WebPage\",\"@id\":\"https:\/\/www.spirit-us.eu\/index.php\/produit\/photophore-en-selenite\/\",\"url\":\"https:\/\/www.spirit-us.eu\/index.php\/produit\/photophore-en-selenite\/\",\"name\":\"Photophore en SELENITE - Spirit-US\",\"isPartOf\":{\"@id\":\"https:\/\/www.spirit-us.eu\/#website\"},\"primaryImageOfPage\":{\"@id\":\"https:\/\/www.spirit-us.eu\/index.php\/produit\/photophore-en-selenite\/#primaryimage\"},\"image\":{\"@id\":\"https:\/\/www.spirit-us.eu\/index.php\/produit\/photophore-en-selenite\/#primaryimage\"},\"thumbnailUrl\":\"https:\/\/www.spirit-us.eu\/wp-content\/uploads\/2025\/12\/photophore-selenite-grand-image-produit.png\",\"datePublished\":\"2025-12-11T17:00:23+00:00\",\"dateModified\":\"2025-12-17T16:39:00+00:00\",\"breadcrumb\":{\"@id\":\"https:\/\/www.spirit-us.eu\/index.php\/produit\/photophore-en-selenite\/#breadcrumb\"},\"inLanguage\":\"fr-FR\",\"potentialAction\":[{\"@type\":\"ReadAction\",\"target\":[\"https:\/\/www.spirit-us.eu\/index.php\/produit\/photophore-en-selenite\/\"]}]},{\"@type\":\"ImageObject\",\"inLanguage\":\"fr-FR\",\"@id\":\"https:\/\/www.spirit-us.eu\/index.php\/produit\/photophore-en-selenite\/#primaryimage\",\"url\":\"https:\/\/www.spirit-us.eu\/wp-content\/uploads\/2025\/12\/photophore-selenite-grand-image-produit.png\",\"contentUrl\":\"https:\/\/www.spirit-us.eu\/wp-content\/uploads\/2025\/12\/photophore-selenite-grand-image-produit.png\",\"width\":1080,\"height\":1080},{\"@type\":\"BreadcrumbList\",\"@id\":\"https:\/\/www.spirit-us.eu\/index.php\/produit\/photophore-en-selenite\/#breadcrumb\",\"itemListElement\":[{\"@type\":\"ListItem\",\"position\":1,\"name\":\"Accueil\",\"item\":\"https:\/\/www.spirit-us.eu\/\"},{\"@type\":\"ListItem\",\"position\":2,\"name\":\"Boutique\",\"item\":\"https:\/\/www.spirit-us.eu\/index.php\/boutique\/\"},{\"@type\":\"ListItem\",\"position\":3,\"name\":\"Photophore en SELENITE\"}]},{\"@type\":\"WebSite\",\"@id\":\"https:\/\/www.spirit-us.eu\/#website\",\"url\":\"https:\/\/www.spirit-us.eu\/\",\"name\":\"Spirit-US\",\"description\":\"\",\"publisher\":{\"@id\":\"https:\/\/www.spirit-us.eu\/#organization\"},\"potentialAction\":[{\"@type\":\"SearchAction\",\"target\":{\"@type\":\"EntryPoint\",\"urlTemplate\":\"https:\/\/www.spirit-us.eu\/?s={search_term_string}\"},\"query-input\":{\"@type\":\"PropertyValueSpecification\",\"valueRequired\":true,\"valueName\":\"search_term_string\"}}],\"inLanguage\":\"fr-FR\"},{\"@type\":\"Organization\",\"@id\":\"https:\/\/www.spirit-us.eu\/#organization\",\"name\":\"Spirit-US\",\"url\":\"https:\/\/www.spirit-us.eu\/\",\"logo\":{\"@type\":\"ImageObject\",\"inLanguage\":\"fr-FR\",\"@id\":\"https:\/\/www.spirit-us.eu\/#\/schema\/logo\/image\/\",\"url\":\"https:\/\/www.spirit-us.eu\/wp-content\/uploads\/2025\/11\/logo-regarde-linterlocutrice-sans-arrriere-plan.jpg\",\"contentUrl\":\"https:\/\/www.spirit-us.eu\/wp-content\/uploads\/2025\/11\/logo-regarde-linterlocutrice-sans-arrriere-plan.jpg\",\"width\":1080,\"height\":1080,\"caption\":\"Spirit-US\"},\"image\":{\"@id\":\"https:\/\/www.spirit-us.eu\/#\/schema\/logo\/image\/\"},\"sameAs\":[\"https:\/\/www.facebook.com\/spirit.us.deum\"]}]}<\/script>\n<!-- \/ Yoast SEO plugin. -->","yoast_head_json":{"title":"Photophore en SELENITE - Spirit-US","robots":{"index":"index","follow":"follow","max-snippet":"max-snippet:-1","max-image-preview":"max-image-preview:large","max-video-preview":"max-video-preview:-1"},"canonical":"https:\/\/www.spirit-us.eu\/index.php\/produit\/photophore-en-selenite\/","og_locale":"fr_FR","og_type":"article","og_title":"Photophore en SELENITE - Spirit-US","og_description":"Photophore en s\u00e9l\u00e9nite, blanc translucide, magnifique, simple, sobre et tr\u00e8s \u00e9l\u00e9gant. Reli\u00e9e \u00e0 l\u2019astre lunaire, la s\u00e9l\u00e9nite nous plonge au c\u0153ur des l\u00e9gendes de la mythologie grecque. Reconnue pour ses vertus apaisantes ainsi que son caract\u00e8re spirituel, elle a beaucoup \u00e0 offrir aux personnes en qu\u00eate de paix int\u00e9rieure. D\u00e9couvrez l\u2019histoire ainsi que les pouvoirs de cette pierre d\u2019une grande douceur. Tr\u00e8s d\u00e9coratif, ce photophore qu'une simple bougie \"r\u00e9veille\" vous enchantera. La s\u00e9l\u00e9nite peut \u00e9galement servir de support pour les rituels sacr\u00e9s faits pour donner l'apaisement et le retour \u00e0 une vie de paix et d'harmonie. On travaillera avec les objets de s\u00e9l\u00e9nite en lune montante pour augmenter son taux vibratoire; et en lune descendante pour remettre \u00e0 la terre tout ce qui n'est pas la lumi\u00e8re.","og_url":"https:\/\/www.spirit-us.eu\/index.php\/produit\/photophore-en-selenite\/","og_site_name":"Spirit-US","article_publisher":"https:\/\/www.facebook.com\/spirit.us.deum","article_modified_time":"2025-12-17T16:39:00+00:00","og_image":[{"width":1080,"height":1080,"url":"https:\/\/www.spirit-us.eu\/wp-content\/uploads\/2025\/12\/photophore-selenite-grand-image-produit.png","type":"image\/png"}],"twitter_card":"summary_large_image","twitter_misc":{"Dur\u00e9e de lecture estim\u00e9e":"1 minute"},"schema":{"@context":"https:\/\/schema.org","@graph":[{"@type":"WebPage","@id":"https:\/\/www.spirit-us.eu\/index.php\/produit\/photophore-en-selenite\/","url":"https:\/\/www.spirit-us.eu\/index.php\/produit\/photophore-en-selenite\/","name":"Photophore en SELENITE - Spirit-US","isPartOf":{"@id":"https:\/\/www.spirit-us.eu\/#website"},"primaryImageOfPage":{"@id":"https:\/\/www.spirit-us.eu\/index.php\/produit\/photophore-en-selenite\/#primaryimage"},"image":{"@id":"https:\/\/www.spirit-us.eu\/index.php\/produit\/photophore-en-selenite\/#primaryimage"},"thumbnailUrl":"https:\/\/www.spirit-us.eu\/wp-content\/uploads\/2025\/12\/photophore-selenite-grand-image-produit.png","datePublished":"2025-12-11T17:00:23+00:00","dateModified":"2025-12-17T16:39:00+00:00","breadcrumb":{"@id":"https:\/\/www.spirit-us.eu\/index.php\/produit\/photophore-en-selenite\/#breadcrumb"},"inLanguage":"fr-FR","potentialAction":[{"@type":"ReadAction","target":["https:\/\/www.spirit-us.eu\/index.php\/produit\/photophore-en-selenite\/"]}]},{"@type":"ImageObject","inLanguage":"fr-FR","@id":"https:\/\/www.spirit-us.eu\/index.php\/produit\/photophore-en-selenite\/#primaryimage","url":"https:\/\/www.spirit-us.eu\/wp-content\/uploads\/2025\/12\/photophore-selenite-grand-image-produit.png","contentUrl":"https:\/\/www.spirit-us.eu\/wp-content\/uploads\/2025\/12\/photophore-selenite-grand-image-produit.png","width":1080,"height":1080},{"@type":"BreadcrumbList","@id":"https:\/\/www.spirit-us.eu\/index.php\/produit\/photophore-en-selenite\/#breadcrumb","itemListElement":[{"@type":"ListItem","position":1,"name":"Accueil","item":"https:\/\/www.spirit-us.eu\/"},{"@type":"ListItem","position":2,"name":"Boutique","item":"https:\/\/www.spirit-us.eu\/index.php\/boutique\/"},{"@type":"ListItem","position":3,"name":"Photophore en SELENITE"}]},{"@type":"WebSite","@id":"https:\/\/www.spirit-us.eu\/#website","url":"https:\/\/www.spirit-us.eu\/","name":"Spirit-US","description":"","publisher":{"@id":"https:\/\/www.spirit-us.eu\/#organization"},"potentialAction":[{"@type":"SearchAction","target":{"@type":"EntryPoint","urlTemplate":"https:\/\/www.spirit-us.eu\/?s={search_term_string}"},"query-input":{"@type":"PropertyValueSpecification","valueRequired":true,"valueName":"search_term_string"}}],"inLanguage":"fr-FR"},{"@type":"Organization","@id":"https:\/\/www.spirit-us.eu\/#organization","name":"Spirit-US","url":"https:\/\/www.spirit-us.eu\/","logo":{"@type":"ImageObject","inLanguage":"fr-FR","@id":"https:\/\/www.spirit-us.eu\/#\/schema\/logo\/image\/","url":"https:\/\/www.spirit-us.eu\/wp-content\/uploads\/2025\/11\/logo-regarde-linterlocutrice-sans-arrriere-plan.jpg","contentUrl":"https:\/\/www.spirit-us.eu\/wp-content\/uploads\/2025\/11\/logo-regarde-linterlocutrice-sans-arrriere-plan.jpg","width":1080,"height":1080,"caption":"Spirit-US"},"image":{"@id":"https:\/\/www.spirit-us.eu\/#\/schema\/logo\/image\/"},"sameAs":["https:\/\/www.facebook.com\/spirit.us.deum"]}]}},"jetpack_sharing_enabled":true,"_links":{"self":[{"href":"https:\/\/www.spirit-us.eu\/index.php\/wp-json\/wp\/v2\/product\/3000","targetHints":{"allow":["GET"]}}],"collection":[{"href":"https:\/\/www.spirit-us.eu\/index.php\/wp-json\/wp\/v2\/product"}],"about":[{"href":"https:\/\/www.spirit-us.eu\/index.php\/wp-json\/wp\/v2\/types\/product"}],"replies":[{"embeddable":true,"href":"https:\/\/www.spirit-us.eu\/index.php\/wp-json\/wp\/v2\/comments?post=3000"}],"wp:featuredmedia":[{"embeddable":true,"href":"https:\/\/www.spirit-us.eu\/index.php\/wp-json\/wp\/v2\/media\/3001"}],"wp:attachment":[{"href":"https:\/\/www.spirit-us.eu\/index.php\/wp-json\/wp\/v2\/media?parent=3000"}],"wp:term":[{"taxonomy":"product_brand","embeddable":true,"href":"https:\/\/www.spirit-us.eu\/index.php\/wp-json\/wp\/v2\/product_brand?post=3000"},{"taxonomy":"product_cat","embeddable":true,"href":"https:\/\/www.spirit-us.eu\/index.php\/wp-json\/wp\/v2\/product_cat?post=3000"},{"taxonomy":"product_tag","embeddable":true,"href":"https:\/\/www.spirit-us.eu\/index.php\/wp-json\/wp\/v2\/product_tag?post=3000"},{"taxonomy":"mwb_booking_cost","embeddable":true,"href":"https:\/\/www.spirit-us.eu\/index.php\/wp-json\/wp\/v2\/mwb_booking_cost?post=3000"},{"taxonomy":"mwb_booking_service","embeddable":true,"href":"https:\/\/www.spirit-us.eu\/index.php\/wp-json\/wp\/v2\/mwb_booking_service?post=3000"}],"curies":[{"name":"wp","href":"https:\/\/api.w.org\/{rel}","templated":true}]}}