{"id":2966,"date":"2025-12-10T14:47:30","date_gmt":"2025-12-10T13:47:30","guid":{"rendered":"https:\/\/www.spirit-us.eu\/?post_type=product&#038;p=2966"},"modified":"2025-12-17T14:51:35","modified_gmt":"2025-12-17T13:51:35","slug":"pendentif-en-selenite","status":"publish","type":"product","link":"https:\/\/www.spirit-us.eu\/index.php\/produit\/pendentif-en-selenite\/","title":{"rendered":"PENDENTIF EN SELENITE"},"content":{"rendered":"<p style=\"text-align: justify;\">Pendentif en s\u00e9l\u00e9nite, mont\u00e9 sur cha\u00eene en argent 0,925<\/p>\n<p style=\"text-align: justify;\"><strong>Forme<\/strong>\u00a0: rectangle de s\u00e9l\u00e9nite<\/p>\n<p style=\"text-align: justify;\"><strong>Origine<\/strong>\u00a0: Qu\u00e9bec<\/p>\n<p style=\"text-align: justify;\"><strong>Couleurs<\/strong>\u00a0: blanc translucide et argent<\/p>\n<p style=\"text-align: justify;\"><strong>Dimensions\u00a0<\/strong>:<\/p>\n<ul style=\"text-align: justify;\">\n<li>Hauteur du pendentif (avec la suspension) 4,5 cm<\/li>\n<li>Largeur 1,5 cm<\/li>\n<li>Epaisseur 4 mm<\/li>\n<\/ul>\n<p style=\"text-align: justify;\"><strong>Longueur de la cha\u00eene d\u2019argent<\/strong>\u00a0:\u00a0 45 cm<\/p>\n<p style=\"text-align: justify;\"><strong>Maille<\/strong>\u00a0: dite <em>de for\u00e7at<\/em><\/p>\n<p style=\"text-align: justify;\"><strong>Pr\u00e9sentation<\/strong>\u00a0: livr\u00e9 dans un coffret blanc satin\u00e9, orn\u00e9 des motifs de la lune et du soleil, int\u00e9rieur de velours noir<\/p>\n<p style=\"text-align: justify;\"><strong>Entretien de la pierre<\/strong>\u00a0: la s\u00e9l\u00e9nite n\u2019est pas un pierre comme les autres. La charge \u00e9nerg\u00e9tique puissante de cette pierre se purifie \u00e0 la pleine lune, sur une fleur de vie en bois ou en s\u00e9l\u00e9nite m\u00eame \u2013 un cube de M\u00e9tatron ou une fleur de vie (voir nos plaques de recharge \u00e9nerg\u00e9tique\u00a0: ).\u00a0 Vous la purifierez, le lendemain avec des fumigations d\u2019encens de haute qualit\u00e9 (\u00a0\u00a0 )<\/p>\n<p style=\"text-align: justify;\"><strong>Pr\u00e9cautions d\u2019emploi<\/strong>\u00a0: la s\u00e9l\u00e9nite a horreur de l\u2019eau, il faut donc \u00e9viter tout contact avec l\u2019\u00e9l\u00e9ment liquide quel qu\u2019il soit\u00a0; \u00e9viter aussi les sprays qui pourraient endommage la pierre naturelle de haute qualit\u00e9.<\/p>\n<p style=\"text-align: justify;\"><strong>Synergies<\/strong>\u00a0: lorsque vous souhaitez d\u00e9velopper votre cr\u00e9ativit\u00e9 tout en conservant la paix de l\u2019esprit, entourez-vous d\u2019objets de s\u00e9l\u00e9nite, ou portez-la en bijoux\u00a0: il suffit d\u2019enfiler un collier ou un bracelet en s\u00e9l\u00e9nite, de regarder en bel objet fa\u00e7onn\u00e9 dans cette pierre naturelle, pour en ressentir les grands bienfaits psychiques et physiques.<\/p>\n","protected":false},"excerpt":{"rendered":"<p style=\"text-align: justify;\">Pendentif en pierre naturelle et argent 0,925, pr\u00e9cieux, sobre et tr\u00e8s \u00e9l\u00e9gant. La s\u00e9l\u00e9nite, avec la pierre-de-lune, est la pierre des cycles lunaires par excellence. On l\u2019utilise pour ses vertus apaisantes et lorsqu\u2019on la porte sur soi, elle est r\u00e9put\u00e9e clarifier les id\u00e9es, calmer le corps mental, \u00e9lever les pens\u00e9es et permettre de rester en connexion avec les cycles naturels. La s\u00e9l\u00e9nite tire directement son nom du mot S\u00e9l\u00e8n\u00e8 en grec ancien : la Lune, vue et nomm\u00e9e comme une d\u00e9esse. \u00c0 l\u2019image de la Lune, \u00e9tant elle-m\u00eame symbole de la f\u00e9minit\u00e9, la S\u00e9l\u00e9nite a beaucoup de propri\u00e9t\u00e9s physiques, c\u2019est un atout en lithoth\u00e9rapie. Elle repr\u00e9sente une aide pr\u00e9cieuse pour les femmes et la f\u00e9condit\u00e9 en g\u00e9n\u00e9ral. Elle agit sur les probl\u00e8mes d\u2019infertilit\u00e9 et pr\u00e9pare le corps \u00e0 la maternit\u00e9. Elle correspond au chakra de l\u2019\u00e9toile de l\u2019\u00e2me, situ\u00e9 au-dessus du chakra coronal ; ainsi on peut utiliser la s\u00e9l\u00e9nite avec l\u2019am\u00e9thyste, avec laquelle elle forme une belle synergie spirituelle. Ce bijou simple et puissant conf\u00e8re \u00e0 qui le porte son \u00e9nergie paisible, aussi lumineuse que la lune dans la nuit, un grand calme int\u00e9rieur et la cr\u00e9ativit\u00e9, qui peut devenir la f\u00e9condit\u00e9 physique \u00e9galement.<\/p>\n","protected":false},"featured_media":2967,"comment_status":"open","ping_status":"closed","template":"","meta":[],"product_brand":[],"product_cat":[156,463,17],"product_tag":[348,234,434,228],"mwb_booking_cost":[],"mwb_booking_service":[],"class_list":{"0":"post-2966","1":"product","2":"type-product","3":"status-publish","4":"has-post-thumbnail","6":"product_cat-04-bijoux","7":"product_cat-pendentif","8":"product_cat-tous-les-produits","9":"product_tag-apaisement","10":"product_tag-lune","11":"product_tag-selenite","12":"product_tag-serenite","14":"first","15":"instock","16":"shipping-taxable","17":"purchasable","18":"product-type-simple"},"yoast_head":"<!-- This site is optimized with the Yoast SEO plugin v27.1.1 - https:\/\/yoast.com\/product\/yoast-seo-wordpress\/ -->\n<title>PENDENTIF EN SELENITE - Spirit-US<\/title>\n<meta name=\"robots\" content=\"index, follow, max-snippet:-1, max-image-preview:large, max-video-preview:-1\" \/>\n<link rel=\"canonical\" href=\"https:\/\/www.spirit-us.eu\/index.php\/produit\/pendentif-en-selenite\/\" \/>\n<meta property=\"og:locale\" content=\"fr_FR\" \/>\n<meta property=\"og:type\" content=\"article\" \/>\n<meta property=\"og:title\" content=\"PENDENTIF EN SELENITE - Spirit-US\" \/>\n<meta property=\"og:description\" content=\"Pendentif en pierre naturelle et argent 0,925, pr\u00e9cieux, sobre et tr\u00e8s \u00e9l\u00e9gant. La s\u00e9l\u00e9nite, avec la pierre-de-lune, est la pierre des cycles lunaires par excellence. On l\u2019utilise pour ses vertus apaisantes et lorsqu\u2019on la porte sur soi, elle est r\u00e9put\u00e9e clarifier les id\u00e9es, calmer le corps mental, \u00e9lever les pens\u00e9es et permettre de rester en connexion avec les cycles naturels. La s\u00e9l\u00e9nite tire directement son nom du mot S\u00e9l\u00e8n\u00e8 en grec ancien : la Lune, vue et nomm\u00e9e comme une d\u00e9esse. \u00c0 l\u2019image de la Lune, \u00e9tant elle-m\u00eame symbole de la f\u00e9minit\u00e9, la S\u00e9l\u00e9nite a beaucoup de propri\u00e9t\u00e9s physiques, c\u2019est un atout en lithoth\u00e9rapie. Elle repr\u00e9sente une aide pr\u00e9cieuse pour les femmes et la f\u00e9condit\u00e9 en g\u00e9n\u00e9ral. Elle agit sur les probl\u00e8mes d\u2019infertilit\u00e9 et pr\u00e9pare le corps \u00e0 la maternit\u00e9. Elle correspond au chakra de l\u2019\u00e9toile de l\u2019\u00e2me, situ\u00e9 au-dessus du chakra coronal ; ainsi on peut utiliser la s\u00e9l\u00e9nite avec l\u2019am\u00e9thyste, avec laquelle elle forme une belle synergie spirituelle. Ce bijou simple et puissant conf\u00e8re \u00e0 qui le porte son \u00e9nergie paisible, aussi lumineuse que la lune dans la nuit, un grand calme int\u00e9rieur et la cr\u00e9ativit\u00e9, qui peut devenir la f\u00e9condit\u00e9 physique \u00e9galement.\" \/>\n<meta property=\"og:url\" content=\"https:\/\/www.spirit-us.eu\/index.php\/produit\/pendentif-en-selenite\/\" \/>\n<meta property=\"og:site_name\" content=\"Spirit-US\" \/>\n<meta property=\"article:publisher\" content=\"https:\/\/www.facebook.com\/spirit.us.deum\" \/>\n<meta property=\"article:modified_time\" content=\"2025-12-17T13:51:35+00:00\" \/>\n<meta property=\"og:image\" content=\"https:\/\/www.spirit-us.eu\/wp-content\/uploads\/2025\/12\/selenite-sur-madame.png\" \/>\n\t<meta property=\"og:image:width\" content=\"1080\" \/>\n\t<meta property=\"og:image:height\" content=\"1080\" \/>\n\t<meta property=\"og:image:type\" content=\"image\/png\" \/>\n<meta name=\"twitter:card\" content=\"summary_large_image\" \/>\n<meta name=\"twitter:label1\" content=\"Dur\u00e9e de lecture estim\u00e9e\" \/>\n\t<meta name=\"twitter:data1\" content=\"2 minutes\" \/>\n<script type=\"application\/ld+json\" class=\"yoast-schema-graph\">{\"@context\":\"https:\/\/schema.org\",\"@graph\":[{\"@type\":\"WebPage\",\"@id\":\"https:\/\/www.spirit-us.eu\/index.php\/produit\/pendentif-en-selenite\/\",\"url\":\"https:\/\/www.spirit-us.eu\/index.php\/produit\/pendentif-en-selenite\/\",\"name\":\"PENDENTIF EN SELENITE - Spirit-US\",\"isPartOf\":{\"@id\":\"https:\/\/www.spirit-us.eu\/#website\"},\"primaryImageOfPage\":{\"@id\":\"https:\/\/www.spirit-us.eu\/index.php\/produit\/pendentif-en-selenite\/#primaryimage\"},\"image\":{\"@id\":\"https:\/\/www.spirit-us.eu\/index.php\/produit\/pendentif-en-selenite\/#primaryimage\"},\"thumbnailUrl\":\"https:\/\/www.spirit-us.eu\/wp-content\/uploads\/2025\/12\/selenite-sur-madame.png\",\"datePublished\":\"2025-12-10T13:47:30+00:00\",\"dateModified\":\"2025-12-17T13:51:35+00:00\",\"breadcrumb\":{\"@id\":\"https:\/\/www.spirit-us.eu\/index.php\/produit\/pendentif-en-selenite\/#breadcrumb\"},\"inLanguage\":\"fr-FR\",\"potentialAction\":[{\"@type\":\"ReadAction\",\"target\":[\"https:\/\/www.spirit-us.eu\/index.php\/produit\/pendentif-en-selenite\/\"]}]},{\"@type\":\"ImageObject\",\"inLanguage\":\"fr-FR\",\"@id\":\"https:\/\/www.spirit-us.eu\/index.php\/produit\/pendentif-en-selenite\/#primaryimage\",\"url\":\"https:\/\/www.spirit-us.eu\/wp-content\/uploads\/2025\/12\/selenite-sur-madame.png\",\"contentUrl\":\"https:\/\/www.spirit-us.eu\/wp-content\/uploads\/2025\/12\/selenite-sur-madame.png\",\"width\":1080,\"height\":1080,\"caption\":\"S\u00e9l\u00e9nite pour elle et lui\"},{\"@type\":\"BreadcrumbList\",\"@id\":\"https:\/\/www.spirit-us.eu\/index.php\/produit\/pendentif-en-selenite\/#breadcrumb\",\"itemListElement\":[{\"@type\":\"ListItem\",\"position\":1,\"name\":\"Accueil\",\"item\":\"https:\/\/www.spirit-us.eu\/\"},{\"@type\":\"ListItem\",\"position\":2,\"name\":\"Boutique\",\"item\":\"https:\/\/www.spirit-us.eu\/index.php\/boutique\/\"},{\"@type\":\"ListItem\",\"position\":3,\"name\":\"PENDENTIF EN SELENITE\"}]},{\"@type\":\"WebSite\",\"@id\":\"https:\/\/www.spirit-us.eu\/#website\",\"url\":\"https:\/\/www.spirit-us.eu\/\",\"name\":\"Spirit-US\",\"description\":\"\",\"publisher\":{\"@id\":\"https:\/\/www.spirit-us.eu\/#organization\"},\"potentialAction\":[{\"@type\":\"SearchAction\",\"target\":{\"@type\":\"EntryPoint\",\"urlTemplate\":\"https:\/\/www.spirit-us.eu\/?s={search_term_string}\"},\"query-input\":{\"@type\":\"PropertyValueSpecification\",\"valueRequired\":true,\"valueName\":\"search_term_string\"}}],\"inLanguage\":\"fr-FR\"},{\"@type\":\"Organization\",\"@id\":\"https:\/\/www.spirit-us.eu\/#organization\",\"name\":\"Spirit-US\",\"url\":\"https:\/\/www.spirit-us.eu\/\",\"logo\":{\"@type\":\"ImageObject\",\"inLanguage\":\"fr-FR\",\"@id\":\"https:\/\/www.spirit-us.eu\/#\/schema\/logo\/image\/\",\"url\":\"https:\/\/www.spirit-us.eu\/wp-content\/uploads\/2025\/11\/logo-regarde-linterlocutrice-sans-arrriere-plan.jpg\",\"contentUrl\":\"https:\/\/www.spirit-us.eu\/wp-content\/uploads\/2025\/11\/logo-regarde-linterlocutrice-sans-arrriere-plan.jpg\",\"width\":1080,\"height\":1080,\"caption\":\"Spirit-US\"},\"image\":{\"@id\":\"https:\/\/www.spirit-us.eu\/#\/schema\/logo\/image\/\"},\"sameAs\":[\"https:\/\/www.facebook.com\/spirit.us.deum\"]}]}<\/script>\n<!-- \/ Yoast SEO plugin. -->","yoast_head_json":{"title":"PENDENTIF EN SELENITE - Spirit-US","robots":{"index":"index","follow":"follow","max-snippet":"max-snippet:-1","max-image-preview":"max-image-preview:large","max-video-preview":"max-video-preview:-1"},"canonical":"https:\/\/www.spirit-us.eu\/index.php\/produit\/pendentif-en-selenite\/","og_locale":"fr_FR","og_type":"article","og_title":"PENDENTIF EN SELENITE - Spirit-US","og_description":"Pendentif en pierre naturelle et argent 0,925, pr\u00e9cieux, sobre et tr\u00e8s \u00e9l\u00e9gant. La s\u00e9l\u00e9nite, avec la pierre-de-lune, est la pierre des cycles lunaires par excellence. On l\u2019utilise pour ses vertus apaisantes et lorsqu\u2019on la porte sur soi, elle est r\u00e9put\u00e9e clarifier les id\u00e9es, calmer le corps mental, \u00e9lever les pens\u00e9es et permettre de rester en connexion avec les cycles naturels. La s\u00e9l\u00e9nite tire directement son nom du mot S\u00e9l\u00e8n\u00e8 en grec ancien : la Lune, vue et nomm\u00e9e comme une d\u00e9esse. \u00c0 l\u2019image de la Lune, \u00e9tant elle-m\u00eame symbole de la f\u00e9minit\u00e9, la S\u00e9l\u00e9nite a beaucoup de propri\u00e9t\u00e9s physiques, c\u2019est un atout en lithoth\u00e9rapie. Elle repr\u00e9sente une aide pr\u00e9cieuse pour les femmes et la f\u00e9condit\u00e9 en g\u00e9n\u00e9ral. Elle agit sur les probl\u00e8mes d\u2019infertilit\u00e9 et pr\u00e9pare le corps \u00e0 la maternit\u00e9. Elle correspond au chakra de l\u2019\u00e9toile de l\u2019\u00e2me, situ\u00e9 au-dessus du chakra coronal ; ainsi on peut utiliser la s\u00e9l\u00e9nite avec l\u2019am\u00e9thyste, avec laquelle elle forme une belle synergie spirituelle. Ce bijou simple et puissant conf\u00e8re \u00e0 qui le porte son \u00e9nergie paisible, aussi lumineuse que la lune dans la nuit, un grand calme int\u00e9rieur et la cr\u00e9ativit\u00e9, qui peut devenir la f\u00e9condit\u00e9 physique \u00e9galement.","og_url":"https:\/\/www.spirit-us.eu\/index.php\/produit\/pendentif-en-selenite\/","og_site_name":"Spirit-US","article_publisher":"https:\/\/www.facebook.com\/spirit.us.deum","article_modified_time":"2025-12-17T13:51:35+00:00","og_image":[{"width":1080,"height":1080,"url":"https:\/\/www.spirit-us.eu\/wp-content\/uploads\/2025\/12\/selenite-sur-madame.png","type":"image\/png"}],"twitter_card":"summary_large_image","twitter_misc":{"Dur\u00e9e de lecture estim\u00e9e":"2 minutes"},"schema":{"@context":"https:\/\/schema.org","@graph":[{"@type":"WebPage","@id":"https:\/\/www.spirit-us.eu\/index.php\/produit\/pendentif-en-selenite\/","url":"https:\/\/www.spirit-us.eu\/index.php\/produit\/pendentif-en-selenite\/","name":"PENDENTIF EN SELENITE - Spirit-US","isPartOf":{"@id":"https:\/\/www.spirit-us.eu\/#website"},"primaryImageOfPage":{"@id":"https:\/\/www.spirit-us.eu\/index.php\/produit\/pendentif-en-selenite\/#primaryimage"},"image":{"@id":"https:\/\/www.spirit-us.eu\/index.php\/produit\/pendentif-en-selenite\/#primaryimage"},"thumbnailUrl":"https:\/\/www.spirit-us.eu\/wp-content\/uploads\/2025\/12\/selenite-sur-madame.png","datePublished":"2025-12-10T13:47:30+00:00","dateModified":"2025-12-17T13:51:35+00:00","breadcrumb":{"@id":"https:\/\/www.spirit-us.eu\/index.php\/produit\/pendentif-en-selenite\/#breadcrumb"},"inLanguage":"fr-FR","potentialAction":[{"@type":"ReadAction","target":["https:\/\/www.spirit-us.eu\/index.php\/produit\/pendentif-en-selenite\/"]}]},{"@type":"ImageObject","inLanguage":"fr-FR","@id":"https:\/\/www.spirit-us.eu\/index.php\/produit\/pendentif-en-selenite\/#primaryimage","url":"https:\/\/www.spirit-us.eu\/wp-content\/uploads\/2025\/12\/selenite-sur-madame.png","contentUrl":"https:\/\/www.spirit-us.eu\/wp-content\/uploads\/2025\/12\/selenite-sur-madame.png","width":1080,"height":1080,"caption":"S\u00e9l\u00e9nite pour elle et lui"},{"@type":"BreadcrumbList","@id":"https:\/\/www.spirit-us.eu\/index.php\/produit\/pendentif-en-selenite\/#breadcrumb","itemListElement":[{"@type":"ListItem","position":1,"name":"Accueil","item":"https:\/\/www.spirit-us.eu\/"},{"@type":"ListItem","position":2,"name":"Boutique","item":"https:\/\/www.spirit-us.eu\/index.php\/boutique\/"},{"@type":"ListItem","position":3,"name":"PENDENTIF EN SELENITE"}]},{"@type":"WebSite","@id":"https:\/\/www.spirit-us.eu\/#website","url":"https:\/\/www.spirit-us.eu\/","name":"Spirit-US","description":"","publisher":{"@id":"https:\/\/www.spirit-us.eu\/#organization"},"potentialAction":[{"@type":"SearchAction","target":{"@type":"EntryPoint","urlTemplate":"https:\/\/www.spirit-us.eu\/?s={search_term_string}"},"query-input":{"@type":"PropertyValueSpecification","valueRequired":true,"valueName":"search_term_string"}}],"inLanguage":"fr-FR"},{"@type":"Organization","@id":"https:\/\/www.spirit-us.eu\/#organization","name":"Spirit-US","url":"https:\/\/www.spirit-us.eu\/","logo":{"@type":"ImageObject","inLanguage":"fr-FR","@id":"https:\/\/www.spirit-us.eu\/#\/schema\/logo\/image\/","url":"https:\/\/www.spirit-us.eu\/wp-content\/uploads\/2025\/11\/logo-regarde-linterlocutrice-sans-arrriere-plan.jpg","contentUrl":"https:\/\/www.spirit-us.eu\/wp-content\/uploads\/2025\/11\/logo-regarde-linterlocutrice-sans-arrriere-plan.jpg","width":1080,"height":1080,"caption":"Spirit-US"},"image":{"@id":"https:\/\/www.spirit-us.eu\/#\/schema\/logo\/image\/"},"sameAs":["https:\/\/www.facebook.com\/spirit.us.deum"]}]}},"jetpack_sharing_enabled":true,"_links":{"self":[{"href":"https:\/\/www.spirit-us.eu\/index.php\/wp-json\/wp\/v2\/product\/2966","targetHints":{"allow":["GET"]}}],"collection":[{"href":"https:\/\/www.spirit-us.eu\/index.php\/wp-json\/wp\/v2\/product"}],"about":[{"href":"https:\/\/www.spirit-us.eu\/index.php\/wp-json\/wp\/v2\/types\/product"}],"replies":[{"embeddable":true,"href":"https:\/\/www.spirit-us.eu\/index.php\/wp-json\/wp\/v2\/comments?post=2966"}],"wp:featuredmedia":[{"embeddable":true,"href":"https:\/\/www.spirit-us.eu\/index.php\/wp-json\/wp\/v2\/media\/2967"}],"wp:attachment":[{"href":"https:\/\/www.spirit-us.eu\/index.php\/wp-json\/wp\/v2\/media?parent=2966"}],"wp:term":[{"taxonomy":"product_brand","embeddable":true,"href":"https:\/\/www.spirit-us.eu\/index.php\/wp-json\/wp\/v2\/product_brand?post=2966"},{"taxonomy":"product_cat","embeddable":true,"href":"https:\/\/www.spirit-us.eu\/index.php\/wp-json\/wp\/v2\/product_cat?post=2966"},{"taxonomy":"product_tag","embeddable":true,"href":"https:\/\/www.spirit-us.eu\/index.php\/wp-json\/wp\/v2\/product_tag?post=2966"},{"taxonomy":"mwb_booking_cost","embeddable":true,"href":"https:\/\/www.spirit-us.eu\/index.php\/wp-json\/wp\/v2\/mwb_booking_cost?post=2966"},{"taxonomy":"mwb_booking_service","embeddable":true,"href":"https:\/\/www.spirit-us.eu\/index.php\/wp-json\/wp\/v2\/mwb_booking_service?post=2966"}],"curies":[{"name":"wp","href":"https:\/\/api.w.org\/{rel}","templated":true}]}}