{"id":2929,"date":"2025-12-09T15:30:43","date_gmt":"2025-12-09T14:30:43","guid":{"rendered":"https:\/\/www.spirit-us.eu\/?post_type=product&#038;p=2929"},"modified":"2025-12-21T16:57:10","modified_gmt":"2025-12-21T15:57:10","slug":"nappe-de-voyance-lune-soleil-reve-de-satin","status":"publish","type":"product","link":"https:\/\/www.spirit-us.eu\/index.php\/produit\/nappe-de-voyance-lune-soleil-reve-de-satin\/","title":{"rendered":"NAPPE DE VOYANCE &#8211; lune &#038; soleil, r\u00eave de satin"},"content":{"rendered":"<p><strong>Dimensions<\/strong>\u00a0: carr\u00e9 de 70 cm de c\u00f4t\u00e9 (la dimension peut varier d\u2019un centim\u00e8tre ou un peu moins, parce que ce produit est manufactur\u00e9 \u00e0 100%)<\/p>\n<p><strong>Couleurs<\/strong> :<\/p>\n<ul>\n<li>sur l&rsquo;endroit : satin beige clair et applique d&rsquo;un motif central \u00ab\u00a0lune et soleil\u00a0\u00bb dans les tons gris, gris fonc\u00e9, dor\u00e9 et beige clair<\/li>\n<li>sur l&rsquo;envers : feutrine beige clair<\/li>\n<\/ul>\n<p>Fabriqu\u00e9 en Belgique, de fa\u00e7on 100% \u00e9quitable et 100% fait main<\/p>\n<p><strong>Mati\u00e8re\u00a0<\/strong>: satin de soie, motif thermocoll\u00e9<\/p>\n<p><strong>Mati\u00e8res<\/strong> : satin de soie, feutrine, patch thermocollant plastifi\u00e9<\/p>\n<p>100% manufactur\u00e9 avec beaucoup d&rsquo;amour et de talent.<\/p>\n<p>Attention : cette nappe est faite de satin de soie et de feutrine, il faut la laver avec de grandes pr\u00e9cautions, \u00e0 la main et s\u00e9par\u00e9ment, sans addition de produits chlor\u00e9s ou vinaigr\u00e9s.<\/p>\n","protected":false},"excerpt":{"rendered":"<p style=\"text-align: justify;\">Support pour tirages de tarots, pr\u00e9cieux, permettant de ritualiser le tirage, de le faire entrer dans son espace sacr\u00e9, privil\u00e9gi\u00e9 et hors du temps. Pi\u00e8ce unique, enti\u00e8rement manufactur\u00e9e, sign\u00e9e par notre cr\u00e9atrice Virginie.\u00a0 La nappe de voyance repr\u00e9sente la lune et le soleil.\u00a0 Son \u00e9nergie est lumineuse, elle le tire du motif central. Cela fera de vos tirages de tarots un moment privil\u00e9gi\u00e9 empli de bonnes ondes.\u00a0 La voyance ne d\u00e9c\u00e8le pas toujours de bonnes choses, bien entendu, mais nous avons toujours la possibilit\u00e9 de transformer les ondes n\u00e9gatives en Lumi\u00e8re.\u00a0 C\u2019est exactement le message dont est porteuse cette nappe pr\u00e9cieuse. Elle est doubl\u00e9e de feutrine, ce qui la rend antid\u00e9rapante &#8211; cela a un c\u00f4t\u00e9 pratique ind\u00e9niable &#8211; et la nappe est bord\u00e9e de satin beige. Nous la livrons avec une pochette assortie pour votre jeu de tarots.\u00a0 Et parce que nous consid\u00e9rons que la divination est un outil de connaissance et de gestion de la vie, inspir\u00e9 par le divin, nous la livrons b\u00e9nie.<\/p>\n","protected":false},"featured_media":2933,"comment_status":"open","ping_status":"closed","template":"","meta":[],"product_brand":[],"product_cat":[499,17,502],"product_tag":[398,397,396,171],"mwb_booking_cost":[],"mwb_booking_service":[],"class_list":{"0":"post-2929","1":"product","2":"type-product","3":"status-publish","4":"has-post-thumbnail","6":"product_cat-03-energetique","7":"product_cat-tous-les-produits","8":"product_cat-voyance","9":"product_tag-carre-de-satin-voyance","10":"product_tag-nappe-pour-voyant-es","11":"product_tag-rituel-de-voyance","12":"product_tag-voyance","14":"first","15":"instock","16":"shipping-taxable","17":"purchasable","18":"product-type-simple"},"yoast_head":"<!-- This site is optimized with the Yoast SEO plugin v27.1.1 - https:\/\/yoast.com\/product\/yoast-seo-wordpress\/ -->\n<title>NAPPE DE VOYANCE - lune &amp; soleil, r\u00eave de satin - Spirit-US<\/title>\n<meta name=\"robots\" content=\"index, follow, max-snippet:-1, max-image-preview:large, max-video-preview:-1\" \/>\n<link rel=\"canonical\" href=\"https:\/\/www.spirit-us.eu\/index.php\/produit\/nappe-de-voyance-lune-soleil-reve-de-satin\/\" \/>\n<meta property=\"og:locale\" content=\"fr_FR\" \/>\n<meta property=\"og:type\" content=\"article\" \/>\n<meta property=\"og:title\" content=\"NAPPE DE VOYANCE - lune &amp; soleil, r\u00eave de satin - Spirit-US\" \/>\n<meta property=\"og:description\" content=\"Support pour tirages de tarots, pr\u00e9cieux, permettant de ritualiser le tirage, de le faire entrer dans son espace sacr\u00e9, privil\u00e9gi\u00e9 et hors du temps. Pi\u00e8ce unique, enti\u00e8rement manufactur\u00e9e, sign\u00e9e par notre cr\u00e9atrice Virginie.\u00a0 La nappe de voyance repr\u00e9sente la lune et le soleil.\u00a0 Son \u00e9nergie est lumineuse, elle le tire du motif central. Cela fera de vos tirages de tarots un moment privil\u00e9gi\u00e9 empli de bonnes ondes.\u00a0 La voyance ne d\u00e9c\u00e8le pas toujours de bonnes choses, bien entendu, mais nous avons toujours la possibilit\u00e9 de transformer les ondes n\u00e9gatives en Lumi\u00e8re.\u00a0 C\u2019est exactement le message dont est porteuse cette nappe pr\u00e9cieuse. Elle est doubl\u00e9e de feutrine, ce qui la rend antid\u00e9rapante - cela a un c\u00f4t\u00e9 pratique ind\u00e9niable - et la nappe est bord\u00e9e de satin beige. Nous la livrons avec une pochette assortie pour votre jeu de tarots.\u00a0 Et parce que nous consid\u00e9rons que la divination est un outil de connaissance et de gestion de la vie, inspir\u00e9 par le divin, nous la livrons b\u00e9nie.\" \/>\n<meta property=\"og:url\" content=\"https:\/\/www.spirit-us.eu\/index.php\/produit\/nappe-de-voyance-lune-soleil-reve-de-satin\/\" \/>\n<meta property=\"og:site_name\" content=\"Spirit-US\" \/>\n<meta property=\"article:publisher\" content=\"https:\/\/www.facebook.com\/spirit.us.deum\" \/>\n<meta property=\"article:modified_time\" content=\"2025-12-21T15:57:10+00:00\" \/>\n<meta property=\"og:image\" content=\"https:\/\/www.spirit-us.eu\/wp-content\/uploads\/2025\/12\/nappe-beige-scaled.jpg\" \/>\n\t<meta property=\"og:image:width\" content=\"2372\" \/>\n\t<meta property=\"og:image:height\" content=\"2560\" \/>\n\t<meta property=\"og:image:type\" content=\"image\/jpeg\" \/>\n<meta name=\"twitter:card\" content=\"summary_large_image\" \/>\n<meta name=\"twitter:label1\" content=\"Dur\u00e9e de lecture estim\u00e9e\" \/>\n\t<meta name=\"twitter:data1\" content=\"1 minute\" \/>\n<script type=\"application\/ld+json\" class=\"yoast-schema-graph\">{\"@context\":\"https:\/\/schema.org\",\"@graph\":[{\"@type\":\"WebPage\",\"@id\":\"https:\/\/www.spirit-us.eu\/index.php\/produit\/nappe-de-voyance-lune-soleil-reve-de-satin\/\",\"url\":\"https:\/\/www.spirit-us.eu\/index.php\/produit\/nappe-de-voyance-lune-soleil-reve-de-satin\/\",\"name\":\"NAPPE DE VOYANCE - lune & soleil, r\u00eave de satin - Spirit-US\",\"isPartOf\":{\"@id\":\"https:\/\/www.spirit-us.eu\/#website\"},\"primaryImageOfPage\":{\"@id\":\"https:\/\/www.spirit-us.eu\/index.php\/produit\/nappe-de-voyance-lune-soleil-reve-de-satin\/#primaryimage\"},\"image\":{\"@id\":\"https:\/\/www.spirit-us.eu\/index.php\/produit\/nappe-de-voyance-lune-soleil-reve-de-satin\/#primaryimage\"},\"thumbnailUrl\":\"https:\/\/www.spirit-us.eu\/wp-content\/uploads\/2025\/12\/nappe-beige-scaled.jpg\",\"datePublished\":\"2025-12-09T14:30:43+00:00\",\"dateModified\":\"2025-12-21T15:57:10+00:00\",\"breadcrumb\":{\"@id\":\"https:\/\/www.spirit-us.eu\/index.php\/produit\/nappe-de-voyance-lune-soleil-reve-de-satin\/#breadcrumb\"},\"inLanguage\":\"fr-FR\",\"potentialAction\":[{\"@type\":\"ReadAction\",\"target\":[\"https:\/\/www.spirit-us.eu\/index.php\/produit\/nappe-de-voyance-lune-soleil-reve-de-satin\/\"]}]},{\"@type\":\"ImageObject\",\"inLanguage\":\"fr-FR\",\"@id\":\"https:\/\/www.spirit-us.eu\/index.php\/produit\/nappe-de-voyance-lune-soleil-reve-de-satin\/#primaryimage\",\"url\":\"https:\/\/www.spirit-us.eu\/wp-content\/uploads\/2025\/12\/nappe-beige-scaled.jpg\",\"contentUrl\":\"https:\/\/www.spirit-us.eu\/wp-content\/uploads\/2025\/12\/nappe-beige-scaled.jpg\",\"width\":2372,\"height\":2560},{\"@type\":\"BreadcrumbList\",\"@id\":\"https:\/\/www.spirit-us.eu\/index.php\/produit\/nappe-de-voyance-lune-soleil-reve-de-satin\/#breadcrumb\",\"itemListElement\":[{\"@type\":\"ListItem\",\"position\":1,\"name\":\"Accueil\",\"item\":\"https:\/\/www.spirit-us.eu\/\"},{\"@type\":\"ListItem\",\"position\":2,\"name\":\"Boutique\",\"item\":\"https:\/\/www.spirit-us.eu\/index.php\/boutique\/\"},{\"@type\":\"ListItem\",\"position\":3,\"name\":\"NAPPE DE VOYANCE &#8211; lune &#038; soleil, r\u00eave de satin\"}]},{\"@type\":\"WebSite\",\"@id\":\"https:\/\/www.spirit-us.eu\/#website\",\"url\":\"https:\/\/www.spirit-us.eu\/\",\"name\":\"Spirit-US\",\"description\":\"\",\"publisher\":{\"@id\":\"https:\/\/www.spirit-us.eu\/#organization\"},\"potentialAction\":[{\"@type\":\"SearchAction\",\"target\":{\"@type\":\"EntryPoint\",\"urlTemplate\":\"https:\/\/www.spirit-us.eu\/?s={search_term_string}\"},\"query-input\":{\"@type\":\"PropertyValueSpecification\",\"valueRequired\":true,\"valueName\":\"search_term_string\"}}],\"inLanguage\":\"fr-FR\"},{\"@type\":\"Organization\",\"@id\":\"https:\/\/www.spirit-us.eu\/#organization\",\"name\":\"Spirit-US\",\"url\":\"https:\/\/www.spirit-us.eu\/\",\"logo\":{\"@type\":\"ImageObject\",\"inLanguage\":\"fr-FR\",\"@id\":\"https:\/\/www.spirit-us.eu\/#\/schema\/logo\/image\/\",\"url\":\"https:\/\/www.spirit-us.eu\/wp-content\/uploads\/2025\/11\/logo-regarde-linterlocutrice-sans-arrriere-plan.jpg\",\"contentUrl\":\"https:\/\/www.spirit-us.eu\/wp-content\/uploads\/2025\/11\/logo-regarde-linterlocutrice-sans-arrriere-plan.jpg\",\"width\":1080,\"height\":1080,\"caption\":\"Spirit-US\"},\"image\":{\"@id\":\"https:\/\/www.spirit-us.eu\/#\/schema\/logo\/image\/\"},\"sameAs\":[\"https:\/\/www.facebook.com\/spirit.us.deum\"]}]}<\/script>\n<!-- \/ Yoast SEO plugin. -->","yoast_head_json":{"title":"NAPPE DE VOYANCE - lune & soleil, r\u00eave de satin - Spirit-US","robots":{"index":"index","follow":"follow","max-snippet":"max-snippet:-1","max-image-preview":"max-image-preview:large","max-video-preview":"max-video-preview:-1"},"canonical":"https:\/\/www.spirit-us.eu\/index.php\/produit\/nappe-de-voyance-lune-soleil-reve-de-satin\/","og_locale":"fr_FR","og_type":"article","og_title":"NAPPE DE VOYANCE - lune & soleil, r\u00eave de satin - Spirit-US","og_description":"Support pour tirages de tarots, pr\u00e9cieux, permettant de ritualiser le tirage, de le faire entrer dans son espace sacr\u00e9, privil\u00e9gi\u00e9 et hors du temps. Pi\u00e8ce unique, enti\u00e8rement manufactur\u00e9e, sign\u00e9e par notre cr\u00e9atrice Virginie.\u00a0 La nappe de voyance repr\u00e9sente la lune et le soleil.\u00a0 Son \u00e9nergie est lumineuse, elle le tire du motif central. Cela fera de vos tirages de tarots un moment privil\u00e9gi\u00e9 empli de bonnes ondes.\u00a0 La voyance ne d\u00e9c\u00e8le pas toujours de bonnes choses, bien entendu, mais nous avons toujours la possibilit\u00e9 de transformer les ondes n\u00e9gatives en Lumi\u00e8re.\u00a0 C\u2019est exactement le message dont est porteuse cette nappe pr\u00e9cieuse. Elle est doubl\u00e9e de feutrine, ce qui la rend antid\u00e9rapante - cela a un c\u00f4t\u00e9 pratique ind\u00e9niable - et la nappe est bord\u00e9e de satin beige. Nous la livrons avec une pochette assortie pour votre jeu de tarots.\u00a0 Et parce que nous consid\u00e9rons que la divination est un outil de connaissance et de gestion de la vie, inspir\u00e9 par le divin, nous la livrons b\u00e9nie.","og_url":"https:\/\/www.spirit-us.eu\/index.php\/produit\/nappe-de-voyance-lune-soleil-reve-de-satin\/","og_site_name":"Spirit-US","article_publisher":"https:\/\/www.facebook.com\/spirit.us.deum","article_modified_time":"2025-12-21T15:57:10+00:00","og_image":[{"width":2372,"height":2560,"url":"https:\/\/www.spirit-us.eu\/wp-content\/uploads\/2025\/12\/nappe-beige-scaled.jpg","type":"image\/jpeg"}],"twitter_card":"summary_large_image","twitter_misc":{"Dur\u00e9e de lecture estim\u00e9e":"1 minute"},"schema":{"@context":"https:\/\/schema.org","@graph":[{"@type":"WebPage","@id":"https:\/\/www.spirit-us.eu\/index.php\/produit\/nappe-de-voyance-lune-soleil-reve-de-satin\/","url":"https:\/\/www.spirit-us.eu\/index.php\/produit\/nappe-de-voyance-lune-soleil-reve-de-satin\/","name":"NAPPE DE VOYANCE - lune & soleil, r\u00eave de satin - Spirit-US","isPartOf":{"@id":"https:\/\/www.spirit-us.eu\/#website"},"primaryImageOfPage":{"@id":"https:\/\/www.spirit-us.eu\/index.php\/produit\/nappe-de-voyance-lune-soleil-reve-de-satin\/#primaryimage"},"image":{"@id":"https:\/\/www.spirit-us.eu\/index.php\/produit\/nappe-de-voyance-lune-soleil-reve-de-satin\/#primaryimage"},"thumbnailUrl":"https:\/\/www.spirit-us.eu\/wp-content\/uploads\/2025\/12\/nappe-beige-scaled.jpg","datePublished":"2025-12-09T14:30:43+00:00","dateModified":"2025-12-21T15:57:10+00:00","breadcrumb":{"@id":"https:\/\/www.spirit-us.eu\/index.php\/produit\/nappe-de-voyance-lune-soleil-reve-de-satin\/#breadcrumb"},"inLanguage":"fr-FR","potentialAction":[{"@type":"ReadAction","target":["https:\/\/www.spirit-us.eu\/index.php\/produit\/nappe-de-voyance-lune-soleil-reve-de-satin\/"]}]},{"@type":"ImageObject","inLanguage":"fr-FR","@id":"https:\/\/www.spirit-us.eu\/index.php\/produit\/nappe-de-voyance-lune-soleil-reve-de-satin\/#primaryimage","url":"https:\/\/www.spirit-us.eu\/wp-content\/uploads\/2025\/12\/nappe-beige-scaled.jpg","contentUrl":"https:\/\/www.spirit-us.eu\/wp-content\/uploads\/2025\/12\/nappe-beige-scaled.jpg","width":2372,"height":2560},{"@type":"BreadcrumbList","@id":"https:\/\/www.spirit-us.eu\/index.php\/produit\/nappe-de-voyance-lune-soleil-reve-de-satin\/#breadcrumb","itemListElement":[{"@type":"ListItem","position":1,"name":"Accueil","item":"https:\/\/www.spirit-us.eu\/"},{"@type":"ListItem","position":2,"name":"Boutique","item":"https:\/\/www.spirit-us.eu\/index.php\/boutique\/"},{"@type":"ListItem","position":3,"name":"NAPPE DE VOYANCE &#8211; lune &#038; soleil, r\u00eave de satin"}]},{"@type":"WebSite","@id":"https:\/\/www.spirit-us.eu\/#website","url":"https:\/\/www.spirit-us.eu\/","name":"Spirit-US","description":"","publisher":{"@id":"https:\/\/www.spirit-us.eu\/#organization"},"potentialAction":[{"@type":"SearchAction","target":{"@type":"EntryPoint","urlTemplate":"https:\/\/www.spirit-us.eu\/?s={search_term_string}"},"query-input":{"@type":"PropertyValueSpecification","valueRequired":true,"valueName":"search_term_string"}}],"inLanguage":"fr-FR"},{"@type":"Organization","@id":"https:\/\/www.spirit-us.eu\/#organization","name":"Spirit-US","url":"https:\/\/www.spirit-us.eu\/","logo":{"@type":"ImageObject","inLanguage":"fr-FR","@id":"https:\/\/www.spirit-us.eu\/#\/schema\/logo\/image\/","url":"https:\/\/www.spirit-us.eu\/wp-content\/uploads\/2025\/11\/logo-regarde-linterlocutrice-sans-arrriere-plan.jpg","contentUrl":"https:\/\/www.spirit-us.eu\/wp-content\/uploads\/2025\/11\/logo-regarde-linterlocutrice-sans-arrriere-plan.jpg","width":1080,"height":1080,"caption":"Spirit-US"},"image":{"@id":"https:\/\/www.spirit-us.eu\/#\/schema\/logo\/image\/"},"sameAs":["https:\/\/www.facebook.com\/spirit.us.deum"]}]}},"jetpack_sharing_enabled":true,"_links":{"self":[{"href":"https:\/\/www.spirit-us.eu\/index.php\/wp-json\/wp\/v2\/product\/2929","targetHints":{"allow":["GET"]}}],"collection":[{"href":"https:\/\/www.spirit-us.eu\/index.php\/wp-json\/wp\/v2\/product"}],"about":[{"href":"https:\/\/www.spirit-us.eu\/index.php\/wp-json\/wp\/v2\/types\/product"}],"replies":[{"embeddable":true,"href":"https:\/\/www.spirit-us.eu\/index.php\/wp-json\/wp\/v2\/comments?post=2929"}],"wp:featuredmedia":[{"embeddable":true,"href":"https:\/\/www.spirit-us.eu\/index.php\/wp-json\/wp\/v2\/media\/2933"}],"wp:attachment":[{"href":"https:\/\/www.spirit-us.eu\/index.php\/wp-json\/wp\/v2\/media?parent=2929"}],"wp:term":[{"taxonomy":"product_brand","embeddable":true,"href":"https:\/\/www.spirit-us.eu\/index.php\/wp-json\/wp\/v2\/product_brand?post=2929"},{"taxonomy":"product_cat","embeddable":true,"href":"https:\/\/www.spirit-us.eu\/index.php\/wp-json\/wp\/v2\/product_cat?post=2929"},{"taxonomy":"product_tag","embeddable":true,"href":"https:\/\/www.spirit-us.eu\/index.php\/wp-json\/wp\/v2\/product_tag?post=2929"},{"taxonomy":"mwb_booking_cost","embeddable":true,"href":"https:\/\/www.spirit-us.eu\/index.php\/wp-json\/wp\/v2\/mwb_booking_cost?post=2929"},{"taxonomy":"mwb_booking_service","embeddable":true,"href":"https:\/\/www.spirit-us.eu\/index.php\/wp-json\/wp\/v2\/mwb_booking_service?post=2929"}],"curies":[{"name":"wp","href":"https:\/\/api.w.org\/{rel}","templated":true}]}}