{"id":2918,"date":"2025-12-09T14:15:39","date_gmt":"2025-12-09T13:15:39","guid":{"rendered":"https:\/\/www.spirit-us.eu\/?post_type=product&#038;p=2918"},"modified":"2025-12-09T14:38:36","modified_gmt":"2025-12-09T13:38:36","slug":"petite-boite-a-bijoux-motif-oiseau-exotique","status":"publish","type":"product","link":"https:\/\/www.spirit-us.eu\/index.php\/produit\/petite-boite-a-bijoux-motif-oiseau-exotique\/","title":{"rendered":"Petite BOITE A BIJOUX \u2013 motif oiseau exotique &#8211; pierre naturelle"},"content":{"rendered":"<p>Bo\u00eete (\u00e0 bijoux ou \u00e0 clefs, vide-poche) en pierre \u00e0 savon, motif animalier<\/p>\n<p><strong>Dimensions<\/strong>\u00a0:<\/p>\n<ul>\n<li>Longueur\u00a0 7,5 cm<\/li>\n<li>Largeur\u00a0 6 cm<\/li>\n<li>Hauteur\u00a0 4 cm<\/li>\n<li>Profondeur (int\u00e9rieur)\u00a0 1,5 cm<\/li>\n<\/ul>\n<p><strong>Mat\u00e9riau<\/strong>\u00a0: pierre \u00e0 savon<\/p>\n<p><strong>Couleurs<\/strong> : marron-noistte, blanc cass\u00e9<\/p>\n<p><strong>Origine<\/strong>\u00a0: Kenya<\/p>\n","protected":false},"excerpt":{"rendered":"<p style=\"text-align: justify;\">Bo\u00eete en pierre naturelle tr\u00e8s \u00e9l\u00e9gante, de petite taille, enti\u00e8rement faite \u00e0 la main, orn\u00e9e de motifs ethniques traditionnels du Kenya.\u00a0 Elle peut servir de serre-livre, de vide-poche, de presse-papier ou, dispos\u00e9e dans un endroit choisi, elle est tr\u00e8s d\u00e9corative. C&rsquo;est de la pierre \u00e0 savon aussi appel\u00e9e st\u00e9atite, une roche tendre, riche en talc, qui lui conf\u00e8re une texture douce et une facilit\u00e9 de sculpture, d&rsquo;o\u00f9 son nom, car elle ressemble \u00e0 du savon. Cette bo\u00eete est polie \u00e0 la main. Ses dimensions la rendent maniable et polyvalente; son poids d\u00e9montre sa grande qualit\u00e9.<\/p>\n","protected":false},"featured_media":2919,"comment_status":"open","ping_status":"closed","template":"","meta":[],"product_brand":[],"product_cat":[180,17],"product_tag":[428,429,427,425,426],"mwb_booking_cost":[],"mwb_booking_service":[],"class_list":{"0":"post-2918","1":"product","2":"type-product","3":"status-publish","4":"has-post-thumbnail","6":"product_cat-09-decoration","7":"product_cat-tous-les-produits","8":"product_tag-durable","9":"product_tag-ethique","10":"product_tag-ethnique","11":"product_tag-pierre-a-savon","12":"product_tag-steatite","14":"first","15":"instock","16":"shipping-taxable","17":"purchasable","18":"product-type-simple"},"yoast_head":"<!-- This site is optimized with the Yoast SEO plugin v27.1.1 - https:\/\/yoast.com\/product\/yoast-seo-wordpress\/ -->\n<title>Petite BOITE A BIJOUX \u2013 motif oiseau exotique - pierre naturelle - Spirit-US<\/title>\n<meta name=\"robots\" content=\"index, follow, max-snippet:-1, max-image-preview:large, max-video-preview:-1\" \/>\n<link rel=\"canonical\" href=\"https:\/\/www.spirit-us.eu\/index.php\/produit\/petite-boite-a-bijoux-motif-oiseau-exotique\/\" \/>\n<meta property=\"og:locale\" content=\"fr_FR\" \/>\n<meta property=\"og:type\" content=\"article\" \/>\n<meta property=\"og:title\" content=\"Petite BOITE A BIJOUX \u2013 motif oiseau exotique - pierre naturelle - Spirit-US\" \/>\n<meta property=\"og:description\" content=\"Bo\u00eete en pierre naturelle tr\u00e8s \u00e9l\u00e9gante, de petite taille, enti\u00e8rement faite \u00e0 la main, orn\u00e9e de motifs ethniques traditionnels du Kenya.\u00a0 Elle peut servir de serre-livre, de vide-poche, de presse-papier ou, dispos\u00e9e dans un endroit choisi, elle est tr\u00e8s d\u00e9corative. C&#039;est de la pierre \u00e0 savon aussi appel\u00e9e st\u00e9atite, une roche tendre, riche en talc, qui lui conf\u00e8re une texture douce et une facilit\u00e9 de sculpture, d&#039;o\u00f9 son nom, car elle ressemble \u00e0 du savon. Cette bo\u00eete est polie \u00e0 la main. Ses dimensions la rendent maniable et polyvalente; son poids d\u00e9montre sa grande qualit\u00e9.\" \/>\n<meta property=\"og:url\" content=\"https:\/\/www.spirit-us.eu\/index.php\/produit\/petite-boite-a-bijoux-motif-oiseau-exotique\/\" \/>\n<meta property=\"og:site_name\" content=\"Spirit-US\" \/>\n<meta property=\"article:publisher\" content=\"https:\/\/www.facebook.com\/spirit.us.deum\" \/>\n<meta property=\"article:modified_time\" content=\"2025-12-09T13:38:36+00:00\" \/>\n<meta property=\"og:image\" content=\"https:\/\/www.spirit-us.eu\/wp-content\/uploads\/2025\/12\/petite-pierre-a-savon-image-prdo.png\" \/>\n\t<meta property=\"og:image:width\" content=\"1080\" \/>\n\t<meta property=\"og:image:height\" content=\"1080\" \/>\n\t<meta property=\"og:image:type\" content=\"image\/png\" \/>\n<meta name=\"twitter:card\" content=\"summary_large_image\" \/>\n<meta name=\"twitter:label1\" content=\"Dur\u00e9e de lecture estim\u00e9e\" \/>\n\t<meta name=\"twitter:data1\" content=\"1 minute\" \/>\n<script type=\"application\/ld+json\" class=\"yoast-schema-graph\">{\"@context\":\"https:\/\/schema.org\",\"@graph\":[{\"@type\":\"WebPage\",\"@id\":\"https:\/\/www.spirit-us.eu\/index.php\/produit\/petite-boite-a-bijoux-motif-oiseau-exotique\/\",\"url\":\"https:\/\/www.spirit-us.eu\/index.php\/produit\/petite-boite-a-bijoux-motif-oiseau-exotique\/\",\"name\":\"Petite BOITE A BIJOUX \u2013 motif oiseau exotique - pierre naturelle - Spirit-US\",\"isPartOf\":{\"@id\":\"https:\/\/www.spirit-us.eu\/#website\"},\"primaryImageOfPage\":{\"@id\":\"https:\/\/www.spirit-us.eu\/index.php\/produit\/petite-boite-a-bijoux-motif-oiseau-exotique\/#primaryimage\"},\"image\":{\"@id\":\"https:\/\/www.spirit-us.eu\/index.php\/produit\/petite-boite-a-bijoux-motif-oiseau-exotique\/#primaryimage\"},\"thumbnailUrl\":\"https:\/\/www.spirit-us.eu\/wp-content\/uploads\/2025\/12\/petite-pierre-a-savon-image-prdo.png\",\"datePublished\":\"2025-12-09T13:15:39+00:00\",\"dateModified\":\"2025-12-09T13:38:36+00:00\",\"breadcrumb\":{\"@id\":\"https:\/\/www.spirit-us.eu\/index.php\/produit\/petite-boite-a-bijoux-motif-oiseau-exotique\/#breadcrumb\"},\"inLanguage\":\"fr-FR\",\"potentialAction\":[{\"@type\":\"ReadAction\",\"target\":[\"https:\/\/www.spirit-us.eu\/index.php\/produit\/petite-boite-a-bijoux-motif-oiseau-exotique\/\"]}]},{\"@type\":\"ImageObject\",\"inLanguage\":\"fr-FR\",\"@id\":\"https:\/\/www.spirit-us.eu\/index.php\/produit\/petite-boite-a-bijoux-motif-oiseau-exotique\/#primaryimage\",\"url\":\"https:\/\/www.spirit-us.eu\/wp-content\/uploads\/2025\/12\/petite-pierre-a-savon-image-prdo.png\",\"contentUrl\":\"https:\/\/www.spirit-us.eu\/wp-content\/uploads\/2025\/12\/petite-pierre-a-savon-image-prdo.png\",\"width\":1080,\"height\":1080},{\"@type\":\"BreadcrumbList\",\"@id\":\"https:\/\/www.spirit-us.eu\/index.php\/produit\/petite-boite-a-bijoux-motif-oiseau-exotique\/#breadcrumb\",\"itemListElement\":[{\"@type\":\"ListItem\",\"position\":1,\"name\":\"Accueil\",\"item\":\"https:\/\/www.spirit-us.eu\/\"},{\"@type\":\"ListItem\",\"position\":2,\"name\":\"Boutique\",\"item\":\"https:\/\/www.spirit-us.eu\/index.php\/boutique\/\"},{\"@type\":\"ListItem\",\"position\":3,\"name\":\"Petite BOITE A BIJOUX \u2013 motif oiseau exotique &#8211; pierre naturelle\"}]},{\"@type\":\"WebSite\",\"@id\":\"https:\/\/www.spirit-us.eu\/#website\",\"url\":\"https:\/\/www.spirit-us.eu\/\",\"name\":\"Spirit-US\",\"description\":\"\",\"publisher\":{\"@id\":\"https:\/\/www.spirit-us.eu\/#organization\"},\"potentialAction\":[{\"@type\":\"SearchAction\",\"target\":{\"@type\":\"EntryPoint\",\"urlTemplate\":\"https:\/\/www.spirit-us.eu\/?s={search_term_string}\"},\"query-input\":{\"@type\":\"PropertyValueSpecification\",\"valueRequired\":true,\"valueName\":\"search_term_string\"}}],\"inLanguage\":\"fr-FR\"},{\"@type\":\"Organization\",\"@id\":\"https:\/\/www.spirit-us.eu\/#organization\",\"name\":\"Spirit-US\",\"url\":\"https:\/\/www.spirit-us.eu\/\",\"logo\":{\"@type\":\"ImageObject\",\"inLanguage\":\"fr-FR\",\"@id\":\"https:\/\/www.spirit-us.eu\/#\/schema\/logo\/image\/\",\"url\":\"https:\/\/www.spirit-us.eu\/wp-content\/uploads\/2025\/11\/logo-regarde-linterlocutrice-sans-arrriere-plan.jpg\",\"contentUrl\":\"https:\/\/www.spirit-us.eu\/wp-content\/uploads\/2025\/11\/logo-regarde-linterlocutrice-sans-arrriere-plan.jpg\",\"width\":1080,\"height\":1080,\"caption\":\"Spirit-US\"},\"image\":{\"@id\":\"https:\/\/www.spirit-us.eu\/#\/schema\/logo\/image\/\"},\"sameAs\":[\"https:\/\/www.facebook.com\/spirit.us.deum\"]}]}<\/script>\n<!-- \/ Yoast SEO plugin. -->","yoast_head_json":{"title":"Petite BOITE A BIJOUX \u2013 motif oiseau exotique - pierre naturelle - Spirit-US","robots":{"index":"index","follow":"follow","max-snippet":"max-snippet:-1","max-image-preview":"max-image-preview:large","max-video-preview":"max-video-preview:-1"},"canonical":"https:\/\/www.spirit-us.eu\/index.php\/produit\/petite-boite-a-bijoux-motif-oiseau-exotique\/","og_locale":"fr_FR","og_type":"article","og_title":"Petite BOITE A BIJOUX \u2013 motif oiseau exotique - pierre naturelle - Spirit-US","og_description":"Bo\u00eete en pierre naturelle tr\u00e8s \u00e9l\u00e9gante, de petite taille, enti\u00e8rement faite \u00e0 la main, orn\u00e9e de motifs ethniques traditionnels du Kenya.\u00a0 Elle peut servir de serre-livre, de vide-poche, de presse-papier ou, dispos\u00e9e dans un endroit choisi, elle est tr\u00e8s d\u00e9corative. C'est de la pierre \u00e0 savon aussi appel\u00e9e st\u00e9atite, une roche tendre, riche en talc, qui lui conf\u00e8re une texture douce et une facilit\u00e9 de sculpture, d'o\u00f9 son nom, car elle ressemble \u00e0 du savon. Cette bo\u00eete est polie \u00e0 la main. Ses dimensions la rendent maniable et polyvalente; son poids d\u00e9montre sa grande qualit\u00e9.","og_url":"https:\/\/www.spirit-us.eu\/index.php\/produit\/petite-boite-a-bijoux-motif-oiseau-exotique\/","og_site_name":"Spirit-US","article_publisher":"https:\/\/www.facebook.com\/spirit.us.deum","article_modified_time":"2025-12-09T13:38:36+00:00","og_image":[{"width":1080,"height":1080,"url":"https:\/\/www.spirit-us.eu\/wp-content\/uploads\/2025\/12\/petite-pierre-a-savon-image-prdo.png","type":"image\/png"}],"twitter_card":"summary_large_image","twitter_misc":{"Dur\u00e9e de lecture estim\u00e9e":"1 minute"},"schema":{"@context":"https:\/\/schema.org","@graph":[{"@type":"WebPage","@id":"https:\/\/www.spirit-us.eu\/index.php\/produit\/petite-boite-a-bijoux-motif-oiseau-exotique\/","url":"https:\/\/www.spirit-us.eu\/index.php\/produit\/petite-boite-a-bijoux-motif-oiseau-exotique\/","name":"Petite BOITE A BIJOUX \u2013 motif oiseau exotique - pierre naturelle - Spirit-US","isPartOf":{"@id":"https:\/\/www.spirit-us.eu\/#website"},"primaryImageOfPage":{"@id":"https:\/\/www.spirit-us.eu\/index.php\/produit\/petite-boite-a-bijoux-motif-oiseau-exotique\/#primaryimage"},"image":{"@id":"https:\/\/www.spirit-us.eu\/index.php\/produit\/petite-boite-a-bijoux-motif-oiseau-exotique\/#primaryimage"},"thumbnailUrl":"https:\/\/www.spirit-us.eu\/wp-content\/uploads\/2025\/12\/petite-pierre-a-savon-image-prdo.png","datePublished":"2025-12-09T13:15:39+00:00","dateModified":"2025-12-09T13:38:36+00:00","breadcrumb":{"@id":"https:\/\/www.spirit-us.eu\/index.php\/produit\/petite-boite-a-bijoux-motif-oiseau-exotique\/#breadcrumb"},"inLanguage":"fr-FR","potentialAction":[{"@type":"ReadAction","target":["https:\/\/www.spirit-us.eu\/index.php\/produit\/petite-boite-a-bijoux-motif-oiseau-exotique\/"]}]},{"@type":"ImageObject","inLanguage":"fr-FR","@id":"https:\/\/www.spirit-us.eu\/index.php\/produit\/petite-boite-a-bijoux-motif-oiseau-exotique\/#primaryimage","url":"https:\/\/www.spirit-us.eu\/wp-content\/uploads\/2025\/12\/petite-pierre-a-savon-image-prdo.png","contentUrl":"https:\/\/www.spirit-us.eu\/wp-content\/uploads\/2025\/12\/petite-pierre-a-savon-image-prdo.png","width":1080,"height":1080},{"@type":"BreadcrumbList","@id":"https:\/\/www.spirit-us.eu\/index.php\/produit\/petite-boite-a-bijoux-motif-oiseau-exotique\/#breadcrumb","itemListElement":[{"@type":"ListItem","position":1,"name":"Accueil","item":"https:\/\/www.spirit-us.eu\/"},{"@type":"ListItem","position":2,"name":"Boutique","item":"https:\/\/www.spirit-us.eu\/index.php\/boutique\/"},{"@type":"ListItem","position":3,"name":"Petite BOITE A BIJOUX \u2013 motif oiseau exotique &#8211; pierre naturelle"}]},{"@type":"WebSite","@id":"https:\/\/www.spirit-us.eu\/#website","url":"https:\/\/www.spirit-us.eu\/","name":"Spirit-US","description":"","publisher":{"@id":"https:\/\/www.spirit-us.eu\/#organization"},"potentialAction":[{"@type":"SearchAction","target":{"@type":"EntryPoint","urlTemplate":"https:\/\/www.spirit-us.eu\/?s={search_term_string}"},"query-input":{"@type":"PropertyValueSpecification","valueRequired":true,"valueName":"search_term_string"}}],"inLanguage":"fr-FR"},{"@type":"Organization","@id":"https:\/\/www.spirit-us.eu\/#organization","name":"Spirit-US","url":"https:\/\/www.spirit-us.eu\/","logo":{"@type":"ImageObject","inLanguage":"fr-FR","@id":"https:\/\/www.spirit-us.eu\/#\/schema\/logo\/image\/","url":"https:\/\/www.spirit-us.eu\/wp-content\/uploads\/2025\/11\/logo-regarde-linterlocutrice-sans-arrriere-plan.jpg","contentUrl":"https:\/\/www.spirit-us.eu\/wp-content\/uploads\/2025\/11\/logo-regarde-linterlocutrice-sans-arrriere-plan.jpg","width":1080,"height":1080,"caption":"Spirit-US"},"image":{"@id":"https:\/\/www.spirit-us.eu\/#\/schema\/logo\/image\/"},"sameAs":["https:\/\/www.facebook.com\/spirit.us.deum"]}]}},"jetpack_sharing_enabled":true,"_links":{"self":[{"href":"https:\/\/www.spirit-us.eu\/index.php\/wp-json\/wp\/v2\/product\/2918","targetHints":{"allow":["GET"]}}],"collection":[{"href":"https:\/\/www.spirit-us.eu\/index.php\/wp-json\/wp\/v2\/product"}],"about":[{"href":"https:\/\/www.spirit-us.eu\/index.php\/wp-json\/wp\/v2\/types\/product"}],"replies":[{"embeddable":true,"href":"https:\/\/www.spirit-us.eu\/index.php\/wp-json\/wp\/v2\/comments?post=2918"}],"wp:featuredmedia":[{"embeddable":true,"href":"https:\/\/www.spirit-us.eu\/index.php\/wp-json\/wp\/v2\/media\/2919"}],"wp:attachment":[{"href":"https:\/\/www.spirit-us.eu\/index.php\/wp-json\/wp\/v2\/media?parent=2918"}],"wp:term":[{"taxonomy":"product_brand","embeddable":true,"href":"https:\/\/www.spirit-us.eu\/index.php\/wp-json\/wp\/v2\/product_brand?post=2918"},{"taxonomy":"product_cat","embeddable":true,"href":"https:\/\/www.spirit-us.eu\/index.php\/wp-json\/wp\/v2\/product_cat?post=2918"},{"taxonomy":"product_tag","embeddable":true,"href":"https:\/\/www.spirit-us.eu\/index.php\/wp-json\/wp\/v2\/product_tag?post=2918"},{"taxonomy":"mwb_booking_cost","embeddable":true,"href":"https:\/\/www.spirit-us.eu\/index.php\/wp-json\/wp\/v2\/mwb_booking_cost?post=2918"},{"taxonomy":"mwb_booking_service","embeddable":true,"href":"https:\/\/www.spirit-us.eu\/index.php\/wp-json\/wp\/v2\/mwb_booking_service?post=2918"}],"curies":[{"name":"wp","href":"https:\/\/api.w.org\/{rel}","templated":true}]}}