{"id":2914,"date":"2025-12-09T13:12:21","date_gmt":"2025-12-09T12:12:21","guid":{"rendered":"https:\/\/www.spirit-us.eu\/?post_type=product&#038;p=2914"},"modified":"2025-12-17T14:40:39","modified_gmt":"2025-12-17T13:40:39","slug":"collier-ethnique","status":"publish","type":"product","link":"https:\/\/www.spirit-us.eu\/index.php\/produit\/collier-ethnique\/","title":{"rendered":"COLLIER ETHNIQUE &#8211; perles de pierre naturelle et nacre"},"content":{"rendered":"<p>Collier ethnique en perles de pierres naturelles (roul\u00e9es), losange de nacre polie et petites perles de bois.\u00a0 3 rangs de perles torsad\u00e9s.<\/p>\n<p><strong>Dimensions<\/strong> :<\/p>\n<ul>\n<li>collier 46 cm<\/li>\n<li>pendentif\u00a0 6,5 cm<\/li>\n<li>perles de pierre de lune brune 2 mm<\/li>\n<\/ul>\n<p><strong>Fermoir<\/strong> : bouton de pierre de lune brune polie<\/p>\n<p><strong>Une id\u00e9e de synergie<\/strong> ? Offrez ce bijou dans une bo\u00eete sculpt\u00e9e en pierre, aux motifs ethniques et animalier.<\/p>\n<p>Livr\u00e9 avec une pochette.<\/p>\n<p>&nbsp;<\/p>\n","protected":false},"excerpt":{"rendered":"<p style=\"text-align: justify;\">Magnifique, chic et tr\u00e8s tendance cette ann\u00e9e. Ce collier rehauss\u00e9 d&rsquo;un losange de nacre est du plus bel effet sur une tenue sobre, claire ou sombre.\u00a0 Le pendentif est suspendu par 2 rangs de perles au collier lui-m\u00eame.\u00a0 Celui-ci est compos\u00e9 de perles de pierres naturelles roul\u00e9es de couleur marron fonc\u00e9 (agate marron), polies et brillantes.\u00a0 3 rangs de perles torsad\u00e9s. Il est \u00e9galement rehauss\u00e9 de perles de bois plates, marron clair et beige, et de deux perles de bois marron fonc\u00e9.\u00a0 Enti\u00e8rement fa\u00e7onn\u00e9 et mont\u00e9 \u00e0 la main, ce magnifique collier est \u00e0 la fois \u00e9co-responsable et \u00e9thique.\u00a0 Un cadeau \u00e0 faire ou \u00e0 se faire, d&rsquo;urgence, c&rsquo;est tendance !<\/p>\n","protected":false},"featured_media":2910,"comment_status":"open","ping_status":"closed","template":"","meta":[],"product_brand":[],"product_cat":[156,462,17],"product_tag":[223,428,427,431,430],"mwb_booking_cost":[],"mwb_booking_service":[],"class_list":{"0":"post-2914","1":"product","2":"type-product","3":"status-publish","4":"has-post-thumbnail","6":"product_cat-04-bijoux","7":"product_cat-006-colliers","8":"product_cat-tous-les-produits","9":"product_tag-ancrage","10":"product_tag-durable","11":"product_tag-ethnique","12":"product_tag-nature","13":"product_tag-tendance","15":"first","16":"instock","17":"shipping-taxable","18":"purchasable","19":"product-type-simple"},"yoast_head":"<!-- This site is optimized with the Yoast SEO plugin v27.1.1 - https:\/\/yoast.com\/product\/yoast-seo-wordpress\/ -->\n<title>COLLIER ETHNIQUE - perles de pierre naturelle et nacre - Spirit-US<\/title>\n<meta name=\"robots\" content=\"index, follow, max-snippet:-1, max-image-preview:large, max-video-preview:-1\" \/>\n<link rel=\"canonical\" href=\"https:\/\/www.spirit-us.eu\/index.php\/produit\/collier-ethnique\/\" \/>\n<meta property=\"og:locale\" content=\"fr_FR\" \/>\n<meta property=\"og:type\" content=\"article\" \/>\n<meta property=\"og:title\" content=\"COLLIER ETHNIQUE - perles de pierre naturelle et nacre - Spirit-US\" \/>\n<meta property=\"og:description\" content=\"Magnifique, chic et tr\u00e8s tendance cette ann\u00e9e. Ce collier rehauss\u00e9 d&#039;un losange de nacre est du plus bel effet sur une tenue sobre, claire ou sombre.\u00a0 Le pendentif est suspendu par 2 rangs de perles au collier lui-m\u00eame.\u00a0 Celui-ci est compos\u00e9 de perles de pierres naturelles roul\u00e9es de couleur marron fonc\u00e9 (agate marron), polies et brillantes.\u00a0 3 rangs de perles torsad\u00e9s. Il est \u00e9galement rehauss\u00e9 de perles de bois plates, marron clair et beige, et de deux perles de bois marron fonc\u00e9.\u00a0 Enti\u00e8rement fa\u00e7onn\u00e9 et mont\u00e9 \u00e0 la main, ce magnifique collier est \u00e0 la fois \u00e9co-responsable et \u00e9thique.\u00a0 Un cadeau \u00e0 faire ou \u00e0 se faire, d&#039;urgence, c&#039;est tendance !\" \/>\n<meta property=\"og:url\" content=\"https:\/\/www.spirit-us.eu\/index.php\/produit\/collier-ethnique\/\" \/>\n<meta property=\"og:site_name\" content=\"Spirit-US\" \/>\n<meta property=\"article:publisher\" content=\"https:\/\/www.facebook.com\/spirit.us.deum\" \/>\n<meta property=\"article:modified_time\" content=\"2025-12-17T13:40:39+00:00\" \/>\n<meta property=\"og:image\" content=\"https:\/\/www.spirit-us.eu\/wp-content\/uploads\/2025\/12\/losange-nacre-1.png\" \/>\n\t<meta property=\"og:image:width\" content=\"1080\" \/>\n\t<meta property=\"og:image:height\" content=\"1080\" \/>\n\t<meta property=\"og:image:type\" content=\"image\/png\" \/>\n<meta name=\"twitter:card\" content=\"summary_large_image\" \/>\n<meta name=\"twitter:label1\" content=\"Dur\u00e9e de lecture estim\u00e9e\" \/>\n\t<meta name=\"twitter:data1\" content=\"1 minute\" \/>\n<script type=\"application\/ld+json\" class=\"yoast-schema-graph\">{\"@context\":\"https:\/\/schema.org\",\"@graph\":[{\"@type\":\"WebPage\",\"@id\":\"https:\/\/www.spirit-us.eu\/index.php\/produit\/collier-ethnique\/\",\"url\":\"https:\/\/www.spirit-us.eu\/index.php\/produit\/collier-ethnique\/\",\"name\":\"COLLIER ETHNIQUE - perles de pierre naturelle et nacre - Spirit-US\",\"isPartOf\":{\"@id\":\"https:\/\/www.spirit-us.eu\/#website\"},\"primaryImageOfPage\":{\"@id\":\"https:\/\/www.spirit-us.eu\/index.php\/produit\/collier-ethnique\/#primaryimage\"},\"image\":{\"@id\":\"https:\/\/www.spirit-us.eu\/index.php\/produit\/collier-ethnique\/#primaryimage\"},\"thumbnailUrl\":\"https:\/\/www.spirit-us.eu\/wp-content\/uploads\/2025\/12\/losange-nacre-1.png\",\"datePublished\":\"2025-12-09T12:12:21+00:00\",\"dateModified\":\"2025-12-17T13:40:39+00:00\",\"breadcrumb\":{\"@id\":\"https:\/\/www.spirit-us.eu\/index.php\/produit\/collier-ethnique\/#breadcrumb\"},\"inLanguage\":\"fr-FR\",\"potentialAction\":[{\"@type\":\"ReadAction\",\"target\":[\"https:\/\/www.spirit-us.eu\/index.php\/produit\/collier-ethnique\/\"]}]},{\"@type\":\"ImageObject\",\"inLanguage\":\"fr-FR\",\"@id\":\"https:\/\/www.spirit-us.eu\/index.php\/produit\/collier-ethnique\/#primaryimage\",\"url\":\"https:\/\/www.spirit-us.eu\/wp-content\/uploads\/2025\/12\/losange-nacre-1.png\",\"contentUrl\":\"https:\/\/www.spirit-us.eu\/wp-content\/uploads\/2025\/12\/losange-nacre-1.png\",\"width\":1080,\"height\":1080},{\"@type\":\"BreadcrumbList\",\"@id\":\"https:\/\/www.spirit-us.eu\/index.php\/produit\/collier-ethnique\/#breadcrumb\",\"itemListElement\":[{\"@type\":\"ListItem\",\"position\":1,\"name\":\"Accueil\",\"item\":\"https:\/\/www.spirit-us.eu\/\"},{\"@type\":\"ListItem\",\"position\":2,\"name\":\"Boutique\",\"item\":\"https:\/\/www.spirit-us.eu\/index.php\/boutique\/\"},{\"@type\":\"ListItem\",\"position\":3,\"name\":\"COLLIER ETHNIQUE &#8211; perles de pierre naturelle et nacre\"}]},{\"@type\":\"WebSite\",\"@id\":\"https:\/\/www.spirit-us.eu\/#website\",\"url\":\"https:\/\/www.spirit-us.eu\/\",\"name\":\"Spirit-US\",\"description\":\"\",\"publisher\":{\"@id\":\"https:\/\/www.spirit-us.eu\/#organization\"},\"potentialAction\":[{\"@type\":\"SearchAction\",\"target\":{\"@type\":\"EntryPoint\",\"urlTemplate\":\"https:\/\/www.spirit-us.eu\/?s={search_term_string}\"},\"query-input\":{\"@type\":\"PropertyValueSpecification\",\"valueRequired\":true,\"valueName\":\"search_term_string\"}}],\"inLanguage\":\"fr-FR\"},{\"@type\":\"Organization\",\"@id\":\"https:\/\/www.spirit-us.eu\/#organization\",\"name\":\"Spirit-US\",\"url\":\"https:\/\/www.spirit-us.eu\/\",\"logo\":{\"@type\":\"ImageObject\",\"inLanguage\":\"fr-FR\",\"@id\":\"https:\/\/www.spirit-us.eu\/#\/schema\/logo\/image\/\",\"url\":\"https:\/\/www.spirit-us.eu\/wp-content\/uploads\/2025\/11\/logo-regarde-linterlocutrice-sans-arrriere-plan.jpg\",\"contentUrl\":\"https:\/\/www.spirit-us.eu\/wp-content\/uploads\/2025\/11\/logo-regarde-linterlocutrice-sans-arrriere-plan.jpg\",\"width\":1080,\"height\":1080,\"caption\":\"Spirit-US\"},\"image\":{\"@id\":\"https:\/\/www.spirit-us.eu\/#\/schema\/logo\/image\/\"},\"sameAs\":[\"https:\/\/www.facebook.com\/spirit.us.deum\"]}]}<\/script>\n<!-- \/ Yoast SEO plugin. -->","yoast_head_json":{"title":"COLLIER ETHNIQUE - perles de pierre naturelle et nacre - Spirit-US","robots":{"index":"index","follow":"follow","max-snippet":"max-snippet:-1","max-image-preview":"max-image-preview:large","max-video-preview":"max-video-preview:-1"},"canonical":"https:\/\/www.spirit-us.eu\/index.php\/produit\/collier-ethnique\/","og_locale":"fr_FR","og_type":"article","og_title":"COLLIER ETHNIQUE - perles de pierre naturelle et nacre - Spirit-US","og_description":"Magnifique, chic et tr\u00e8s tendance cette ann\u00e9e. Ce collier rehauss\u00e9 d'un losange de nacre est du plus bel effet sur une tenue sobre, claire ou sombre.\u00a0 Le pendentif est suspendu par 2 rangs de perles au collier lui-m\u00eame.\u00a0 Celui-ci est compos\u00e9 de perles de pierres naturelles roul\u00e9es de couleur marron fonc\u00e9 (agate marron), polies et brillantes.\u00a0 3 rangs de perles torsad\u00e9s. Il est \u00e9galement rehauss\u00e9 de perles de bois plates, marron clair et beige, et de deux perles de bois marron fonc\u00e9.\u00a0 Enti\u00e8rement fa\u00e7onn\u00e9 et mont\u00e9 \u00e0 la main, ce magnifique collier est \u00e0 la fois \u00e9co-responsable et \u00e9thique.\u00a0 Un cadeau \u00e0 faire ou \u00e0 se faire, d'urgence, c'est tendance !","og_url":"https:\/\/www.spirit-us.eu\/index.php\/produit\/collier-ethnique\/","og_site_name":"Spirit-US","article_publisher":"https:\/\/www.facebook.com\/spirit.us.deum","article_modified_time":"2025-12-17T13:40:39+00:00","og_image":[{"width":1080,"height":1080,"url":"https:\/\/www.spirit-us.eu\/wp-content\/uploads\/2025\/12\/losange-nacre-1.png","type":"image\/png"}],"twitter_card":"summary_large_image","twitter_misc":{"Dur\u00e9e de lecture estim\u00e9e":"1 minute"},"schema":{"@context":"https:\/\/schema.org","@graph":[{"@type":"WebPage","@id":"https:\/\/www.spirit-us.eu\/index.php\/produit\/collier-ethnique\/","url":"https:\/\/www.spirit-us.eu\/index.php\/produit\/collier-ethnique\/","name":"COLLIER ETHNIQUE - perles de pierre naturelle et nacre - Spirit-US","isPartOf":{"@id":"https:\/\/www.spirit-us.eu\/#website"},"primaryImageOfPage":{"@id":"https:\/\/www.spirit-us.eu\/index.php\/produit\/collier-ethnique\/#primaryimage"},"image":{"@id":"https:\/\/www.spirit-us.eu\/index.php\/produit\/collier-ethnique\/#primaryimage"},"thumbnailUrl":"https:\/\/www.spirit-us.eu\/wp-content\/uploads\/2025\/12\/losange-nacre-1.png","datePublished":"2025-12-09T12:12:21+00:00","dateModified":"2025-12-17T13:40:39+00:00","breadcrumb":{"@id":"https:\/\/www.spirit-us.eu\/index.php\/produit\/collier-ethnique\/#breadcrumb"},"inLanguage":"fr-FR","potentialAction":[{"@type":"ReadAction","target":["https:\/\/www.spirit-us.eu\/index.php\/produit\/collier-ethnique\/"]}]},{"@type":"ImageObject","inLanguage":"fr-FR","@id":"https:\/\/www.spirit-us.eu\/index.php\/produit\/collier-ethnique\/#primaryimage","url":"https:\/\/www.spirit-us.eu\/wp-content\/uploads\/2025\/12\/losange-nacre-1.png","contentUrl":"https:\/\/www.spirit-us.eu\/wp-content\/uploads\/2025\/12\/losange-nacre-1.png","width":1080,"height":1080},{"@type":"BreadcrumbList","@id":"https:\/\/www.spirit-us.eu\/index.php\/produit\/collier-ethnique\/#breadcrumb","itemListElement":[{"@type":"ListItem","position":1,"name":"Accueil","item":"https:\/\/www.spirit-us.eu\/"},{"@type":"ListItem","position":2,"name":"Boutique","item":"https:\/\/www.spirit-us.eu\/index.php\/boutique\/"},{"@type":"ListItem","position":3,"name":"COLLIER ETHNIQUE &#8211; perles de pierre naturelle et nacre"}]},{"@type":"WebSite","@id":"https:\/\/www.spirit-us.eu\/#website","url":"https:\/\/www.spirit-us.eu\/","name":"Spirit-US","description":"","publisher":{"@id":"https:\/\/www.spirit-us.eu\/#organization"},"potentialAction":[{"@type":"SearchAction","target":{"@type":"EntryPoint","urlTemplate":"https:\/\/www.spirit-us.eu\/?s={search_term_string}"},"query-input":{"@type":"PropertyValueSpecification","valueRequired":true,"valueName":"search_term_string"}}],"inLanguage":"fr-FR"},{"@type":"Organization","@id":"https:\/\/www.spirit-us.eu\/#organization","name":"Spirit-US","url":"https:\/\/www.spirit-us.eu\/","logo":{"@type":"ImageObject","inLanguage":"fr-FR","@id":"https:\/\/www.spirit-us.eu\/#\/schema\/logo\/image\/","url":"https:\/\/www.spirit-us.eu\/wp-content\/uploads\/2025\/11\/logo-regarde-linterlocutrice-sans-arrriere-plan.jpg","contentUrl":"https:\/\/www.spirit-us.eu\/wp-content\/uploads\/2025\/11\/logo-regarde-linterlocutrice-sans-arrriere-plan.jpg","width":1080,"height":1080,"caption":"Spirit-US"},"image":{"@id":"https:\/\/www.spirit-us.eu\/#\/schema\/logo\/image\/"},"sameAs":["https:\/\/www.facebook.com\/spirit.us.deum"]}]}},"jetpack_sharing_enabled":true,"_links":{"self":[{"href":"https:\/\/www.spirit-us.eu\/index.php\/wp-json\/wp\/v2\/product\/2914","targetHints":{"allow":["GET"]}}],"collection":[{"href":"https:\/\/www.spirit-us.eu\/index.php\/wp-json\/wp\/v2\/product"}],"about":[{"href":"https:\/\/www.spirit-us.eu\/index.php\/wp-json\/wp\/v2\/types\/product"}],"replies":[{"embeddable":true,"href":"https:\/\/www.spirit-us.eu\/index.php\/wp-json\/wp\/v2\/comments?post=2914"}],"wp:featuredmedia":[{"embeddable":true,"href":"https:\/\/www.spirit-us.eu\/index.php\/wp-json\/wp\/v2\/media\/2910"}],"wp:attachment":[{"href":"https:\/\/www.spirit-us.eu\/index.php\/wp-json\/wp\/v2\/media?parent=2914"}],"wp:term":[{"taxonomy":"product_brand","embeddable":true,"href":"https:\/\/www.spirit-us.eu\/index.php\/wp-json\/wp\/v2\/product_brand?post=2914"},{"taxonomy":"product_cat","embeddable":true,"href":"https:\/\/www.spirit-us.eu\/index.php\/wp-json\/wp\/v2\/product_cat?post=2914"},{"taxonomy":"product_tag","embeddable":true,"href":"https:\/\/www.spirit-us.eu\/index.php\/wp-json\/wp\/v2\/product_tag?post=2914"},{"taxonomy":"mwb_booking_cost","embeddable":true,"href":"https:\/\/www.spirit-us.eu\/index.php\/wp-json\/wp\/v2\/mwb_booking_cost?post=2914"},{"taxonomy":"mwb_booking_service","embeddable":true,"href":"https:\/\/www.spirit-us.eu\/index.php\/wp-json\/wp\/v2\/mwb_booking_service?post=2914"}],"curies":[{"name":"wp","href":"https:\/\/api.w.org\/{rel}","templated":true}]}}