{"id":2903,"date":"2025-12-09T12:19:44","date_gmt":"2025-12-09T11:19:44","guid":{"rendered":"https:\/\/www.spirit-us.eu\/?post_type=product&#038;p=2903"},"modified":"2025-12-17T14:40:49","modified_gmt":"2025-12-17T13:40:49","slug":"collier-ethnique-bois-perles-blanches-et-bleues","status":"publish","type":"product","link":"https:\/\/www.spirit-us.eu\/index.php\/produit\/collier-ethnique-bois-perles-blanches-et-bleues\/","title":{"rendered":"COLLIER ETHNIQUE &#8211; bois, perles blanches et bleues"},"content":{"rendered":"<p>Collier ethnique en perles de bois (buis, fonc\u00e9 patin\u00e9)<\/p>\n<p><strong>Dimensions<\/strong> :<\/p>\n<ul>\n<li>collier 46 cm<\/li>\n<li>pendentif\u00a0 en forme de disque\u00a0 7 cm<\/li>\n<li>perles de pierre de hawlite blanches et bleues\u00a0 2 mm<\/li>\n<\/ul>\n<p><strong>Fermoir<\/strong> : bouton<\/p>\n<p>Livr\u00e9 dans une pochette. Bijou 100% manufactur\u00e9 : les \u00e9l\u00e9ments peuvent donc varier l\u00e9g\u00e8rement et ne pas \u00eatre totalement r\u00e9guliers, c&rsquo;est ce qui fait leur charme.<\/p>\n<p>&nbsp;<\/p>\n","protected":false},"excerpt":{"rendered":"<p style=\"text-align: justify;\">Magnifique, chic et tr\u00e8s tendance ! Ce collier rehauss\u00e9 d&rsquo;un disque de bois sombre donnera une touche ethnique, naturelle, \u00e0 votre tenue. L&rsquo;harmonisation des couleurs, bleu clair, blanc et bois sombre, le rend original et fort joli.\u00a0 Il agr\u00e9mente des tenues ethniques, hiver comme \u00e9t\u00e9 ou donne une touche de fantaisie aux tenues sobres. Un tr\u00e8s joli cadeau \u00e0 faire ou \u00e0 se faire.<\/p>\n","protected":false},"featured_media":2904,"comment_status":"open","ping_status":"closed","template":"","meta":[],"product_brand":[],"product_cat":[156,462,17],"product_tag":[223,428,427,431,430],"mwb_booking_cost":[],"mwb_booking_service":[],"class_list":{"0":"post-2903","1":"product","2":"type-product","3":"status-publish","4":"has-post-thumbnail","6":"product_cat-04-bijoux","7":"product_cat-006-colliers","8":"product_cat-tous-les-produits","9":"product_tag-ancrage","10":"product_tag-durable","11":"product_tag-ethnique","12":"product_tag-nature","13":"product_tag-tendance","15":"first","16":"instock","17":"shipping-taxable","18":"purchasable","19":"product-type-simple"},"yoast_head":"<!-- This site is optimized with the Yoast SEO plugin v27.1.1 - https:\/\/yoast.com\/product\/yoast-seo-wordpress\/ -->\n<title>COLLIER ETHNIQUE - bois, perles blanches et bleues - Spirit-US<\/title>\n<meta name=\"robots\" content=\"index, follow, max-snippet:-1, max-image-preview:large, max-video-preview:-1\" \/>\n<link rel=\"canonical\" href=\"https:\/\/www.spirit-us.eu\/index.php\/produit\/collier-ethnique-bois-perles-blanches-et-bleues\/\" \/>\n<meta property=\"og:locale\" content=\"fr_FR\" \/>\n<meta property=\"og:type\" content=\"article\" \/>\n<meta property=\"og:title\" content=\"COLLIER ETHNIQUE - bois, perles blanches et bleues - Spirit-US\" \/>\n<meta property=\"og:description\" content=\"Magnifique, chic et tr\u00e8s tendance ! Ce collier rehauss\u00e9 d&#039;un disque de bois sombre donnera une touche ethnique, naturelle, \u00e0 votre tenue. L&#039;harmonisation des couleurs, bleu clair, blanc et bois sombre, le rend original et fort joli.\u00a0 Il agr\u00e9mente des tenues ethniques, hiver comme \u00e9t\u00e9 ou donne une touche de fantaisie aux tenues sobres. Un tr\u00e8s joli cadeau \u00e0 faire ou \u00e0 se faire.\" \/>\n<meta property=\"og:url\" content=\"https:\/\/www.spirit-us.eu\/index.php\/produit\/collier-ethnique-bois-perles-blanches-et-bleues\/\" \/>\n<meta property=\"og:site_name\" content=\"Spirit-US\" \/>\n<meta property=\"article:publisher\" content=\"https:\/\/www.facebook.com\/spirit.us.deum\" \/>\n<meta property=\"article:modified_time\" content=\"2025-12-17T13:40:49+00:00\" \/>\n<meta property=\"og:image\" content=\"https:\/\/www.spirit-us.eu\/wp-content\/uploads\/2025\/12\/collier-rond-de-bois-perles-bleu-blanc-image-produit.png\" \/>\n\t<meta property=\"og:image:width\" content=\"1080\" \/>\n\t<meta property=\"og:image:height\" content=\"1080\" \/>\n\t<meta property=\"og:image:type\" content=\"image\/png\" \/>\n<meta name=\"twitter:card\" content=\"summary_large_image\" \/>\n<meta name=\"twitter:label1\" content=\"Dur\u00e9e de lecture estim\u00e9e\" \/>\n\t<meta name=\"twitter:data1\" content=\"1 minute\" \/>\n<script type=\"application\/ld+json\" class=\"yoast-schema-graph\">{\"@context\":\"https:\/\/schema.org\",\"@graph\":[{\"@type\":\"WebPage\",\"@id\":\"https:\/\/www.spirit-us.eu\/index.php\/produit\/collier-ethnique-bois-perles-blanches-et-bleues\/\",\"url\":\"https:\/\/www.spirit-us.eu\/index.php\/produit\/collier-ethnique-bois-perles-blanches-et-bleues\/\",\"name\":\"COLLIER ETHNIQUE - bois, perles blanches et bleues - Spirit-US\",\"isPartOf\":{\"@id\":\"https:\/\/www.spirit-us.eu\/#website\"},\"primaryImageOfPage\":{\"@id\":\"https:\/\/www.spirit-us.eu\/index.php\/produit\/collier-ethnique-bois-perles-blanches-et-bleues\/#primaryimage\"},\"image\":{\"@id\":\"https:\/\/www.spirit-us.eu\/index.php\/produit\/collier-ethnique-bois-perles-blanches-et-bleues\/#primaryimage\"},\"thumbnailUrl\":\"https:\/\/www.spirit-us.eu\/wp-content\/uploads\/2025\/12\/collier-rond-de-bois-perles-bleu-blanc-image-produit.png\",\"datePublished\":\"2025-12-09T11:19:44+00:00\",\"dateModified\":\"2025-12-17T13:40:49+00:00\",\"breadcrumb\":{\"@id\":\"https:\/\/www.spirit-us.eu\/index.php\/produit\/collier-ethnique-bois-perles-blanches-et-bleues\/#breadcrumb\"},\"inLanguage\":\"fr-FR\",\"potentialAction\":[{\"@type\":\"ReadAction\",\"target\":[\"https:\/\/www.spirit-us.eu\/index.php\/produit\/collier-ethnique-bois-perles-blanches-et-bleues\/\"]}]},{\"@type\":\"ImageObject\",\"inLanguage\":\"fr-FR\",\"@id\":\"https:\/\/www.spirit-us.eu\/index.php\/produit\/collier-ethnique-bois-perles-blanches-et-bleues\/#primaryimage\",\"url\":\"https:\/\/www.spirit-us.eu\/wp-content\/uploads\/2025\/12\/collier-rond-de-bois-perles-bleu-blanc-image-produit.png\",\"contentUrl\":\"https:\/\/www.spirit-us.eu\/wp-content\/uploads\/2025\/12\/collier-rond-de-bois-perles-bleu-blanc-image-produit.png\",\"width\":1080,\"height\":1080},{\"@type\":\"BreadcrumbList\",\"@id\":\"https:\/\/www.spirit-us.eu\/index.php\/produit\/collier-ethnique-bois-perles-blanches-et-bleues\/#breadcrumb\",\"itemListElement\":[{\"@type\":\"ListItem\",\"position\":1,\"name\":\"Accueil\",\"item\":\"https:\/\/www.spirit-us.eu\/\"},{\"@type\":\"ListItem\",\"position\":2,\"name\":\"Boutique\",\"item\":\"https:\/\/www.spirit-us.eu\/index.php\/boutique\/\"},{\"@type\":\"ListItem\",\"position\":3,\"name\":\"COLLIER ETHNIQUE &#8211; bois, perles blanches et bleues\"}]},{\"@type\":\"WebSite\",\"@id\":\"https:\/\/www.spirit-us.eu\/#website\",\"url\":\"https:\/\/www.spirit-us.eu\/\",\"name\":\"Spirit-US\",\"description\":\"\",\"publisher\":{\"@id\":\"https:\/\/www.spirit-us.eu\/#organization\"},\"potentialAction\":[{\"@type\":\"SearchAction\",\"target\":{\"@type\":\"EntryPoint\",\"urlTemplate\":\"https:\/\/www.spirit-us.eu\/?s={search_term_string}\"},\"query-input\":{\"@type\":\"PropertyValueSpecification\",\"valueRequired\":true,\"valueName\":\"search_term_string\"}}],\"inLanguage\":\"fr-FR\"},{\"@type\":\"Organization\",\"@id\":\"https:\/\/www.spirit-us.eu\/#organization\",\"name\":\"Spirit-US\",\"url\":\"https:\/\/www.spirit-us.eu\/\",\"logo\":{\"@type\":\"ImageObject\",\"inLanguage\":\"fr-FR\",\"@id\":\"https:\/\/www.spirit-us.eu\/#\/schema\/logo\/image\/\",\"url\":\"https:\/\/www.spirit-us.eu\/wp-content\/uploads\/2025\/11\/logo-regarde-linterlocutrice-sans-arrriere-plan.jpg\",\"contentUrl\":\"https:\/\/www.spirit-us.eu\/wp-content\/uploads\/2025\/11\/logo-regarde-linterlocutrice-sans-arrriere-plan.jpg\",\"width\":1080,\"height\":1080,\"caption\":\"Spirit-US\"},\"image\":{\"@id\":\"https:\/\/www.spirit-us.eu\/#\/schema\/logo\/image\/\"},\"sameAs\":[\"https:\/\/www.facebook.com\/spirit.us.deum\"]}]}<\/script>\n<!-- \/ Yoast SEO plugin. -->","yoast_head_json":{"title":"COLLIER ETHNIQUE - bois, perles blanches et bleues - Spirit-US","robots":{"index":"index","follow":"follow","max-snippet":"max-snippet:-1","max-image-preview":"max-image-preview:large","max-video-preview":"max-video-preview:-1"},"canonical":"https:\/\/www.spirit-us.eu\/index.php\/produit\/collier-ethnique-bois-perles-blanches-et-bleues\/","og_locale":"fr_FR","og_type":"article","og_title":"COLLIER ETHNIQUE - bois, perles blanches et bleues - Spirit-US","og_description":"Magnifique, chic et tr\u00e8s tendance ! Ce collier rehauss\u00e9 d'un disque de bois sombre donnera une touche ethnique, naturelle, \u00e0 votre tenue. L'harmonisation des couleurs, bleu clair, blanc et bois sombre, le rend original et fort joli.\u00a0 Il agr\u00e9mente des tenues ethniques, hiver comme \u00e9t\u00e9 ou donne une touche de fantaisie aux tenues sobres. Un tr\u00e8s joli cadeau \u00e0 faire ou \u00e0 se faire.","og_url":"https:\/\/www.spirit-us.eu\/index.php\/produit\/collier-ethnique-bois-perles-blanches-et-bleues\/","og_site_name":"Spirit-US","article_publisher":"https:\/\/www.facebook.com\/spirit.us.deum","article_modified_time":"2025-12-17T13:40:49+00:00","og_image":[{"width":1080,"height":1080,"url":"https:\/\/www.spirit-us.eu\/wp-content\/uploads\/2025\/12\/collier-rond-de-bois-perles-bleu-blanc-image-produit.png","type":"image\/png"}],"twitter_card":"summary_large_image","twitter_misc":{"Dur\u00e9e de lecture estim\u00e9e":"1 minute"},"schema":{"@context":"https:\/\/schema.org","@graph":[{"@type":"WebPage","@id":"https:\/\/www.spirit-us.eu\/index.php\/produit\/collier-ethnique-bois-perles-blanches-et-bleues\/","url":"https:\/\/www.spirit-us.eu\/index.php\/produit\/collier-ethnique-bois-perles-blanches-et-bleues\/","name":"COLLIER ETHNIQUE - bois, perles blanches et bleues - Spirit-US","isPartOf":{"@id":"https:\/\/www.spirit-us.eu\/#website"},"primaryImageOfPage":{"@id":"https:\/\/www.spirit-us.eu\/index.php\/produit\/collier-ethnique-bois-perles-blanches-et-bleues\/#primaryimage"},"image":{"@id":"https:\/\/www.spirit-us.eu\/index.php\/produit\/collier-ethnique-bois-perles-blanches-et-bleues\/#primaryimage"},"thumbnailUrl":"https:\/\/www.spirit-us.eu\/wp-content\/uploads\/2025\/12\/collier-rond-de-bois-perles-bleu-blanc-image-produit.png","datePublished":"2025-12-09T11:19:44+00:00","dateModified":"2025-12-17T13:40:49+00:00","breadcrumb":{"@id":"https:\/\/www.spirit-us.eu\/index.php\/produit\/collier-ethnique-bois-perles-blanches-et-bleues\/#breadcrumb"},"inLanguage":"fr-FR","potentialAction":[{"@type":"ReadAction","target":["https:\/\/www.spirit-us.eu\/index.php\/produit\/collier-ethnique-bois-perles-blanches-et-bleues\/"]}]},{"@type":"ImageObject","inLanguage":"fr-FR","@id":"https:\/\/www.spirit-us.eu\/index.php\/produit\/collier-ethnique-bois-perles-blanches-et-bleues\/#primaryimage","url":"https:\/\/www.spirit-us.eu\/wp-content\/uploads\/2025\/12\/collier-rond-de-bois-perles-bleu-blanc-image-produit.png","contentUrl":"https:\/\/www.spirit-us.eu\/wp-content\/uploads\/2025\/12\/collier-rond-de-bois-perles-bleu-blanc-image-produit.png","width":1080,"height":1080},{"@type":"BreadcrumbList","@id":"https:\/\/www.spirit-us.eu\/index.php\/produit\/collier-ethnique-bois-perles-blanches-et-bleues\/#breadcrumb","itemListElement":[{"@type":"ListItem","position":1,"name":"Accueil","item":"https:\/\/www.spirit-us.eu\/"},{"@type":"ListItem","position":2,"name":"Boutique","item":"https:\/\/www.spirit-us.eu\/index.php\/boutique\/"},{"@type":"ListItem","position":3,"name":"COLLIER ETHNIQUE &#8211; bois, perles blanches et bleues"}]},{"@type":"WebSite","@id":"https:\/\/www.spirit-us.eu\/#website","url":"https:\/\/www.spirit-us.eu\/","name":"Spirit-US","description":"","publisher":{"@id":"https:\/\/www.spirit-us.eu\/#organization"},"potentialAction":[{"@type":"SearchAction","target":{"@type":"EntryPoint","urlTemplate":"https:\/\/www.spirit-us.eu\/?s={search_term_string}"},"query-input":{"@type":"PropertyValueSpecification","valueRequired":true,"valueName":"search_term_string"}}],"inLanguage":"fr-FR"},{"@type":"Organization","@id":"https:\/\/www.spirit-us.eu\/#organization","name":"Spirit-US","url":"https:\/\/www.spirit-us.eu\/","logo":{"@type":"ImageObject","inLanguage":"fr-FR","@id":"https:\/\/www.spirit-us.eu\/#\/schema\/logo\/image\/","url":"https:\/\/www.spirit-us.eu\/wp-content\/uploads\/2025\/11\/logo-regarde-linterlocutrice-sans-arrriere-plan.jpg","contentUrl":"https:\/\/www.spirit-us.eu\/wp-content\/uploads\/2025\/11\/logo-regarde-linterlocutrice-sans-arrriere-plan.jpg","width":1080,"height":1080,"caption":"Spirit-US"},"image":{"@id":"https:\/\/www.spirit-us.eu\/#\/schema\/logo\/image\/"},"sameAs":["https:\/\/www.facebook.com\/spirit.us.deum"]}]}},"jetpack_sharing_enabled":true,"_links":{"self":[{"href":"https:\/\/www.spirit-us.eu\/index.php\/wp-json\/wp\/v2\/product\/2903","targetHints":{"allow":["GET"]}}],"collection":[{"href":"https:\/\/www.spirit-us.eu\/index.php\/wp-json\/wp\/v2\/product"}],"about":[{"href":"https:\/\/www.spirit-us.eu\/index.php\/wp-json\/wp\/v2\/types\/product"}],"replies":[{"embeddable":true,"href":"https:\/\/www.spirit-us.eu\/index.php\/wp-json\/wp\/v2\/comments?post=2903"}],"wp:featuredmedia":[{"embeddable":true,"href":"https:\/\/www.spirit-us.eu\/index.php\/wp-json\/wp\/v2\/media\/2904"}],"wp:attachment":[{"href":"https:\/\/www.spirit-us.eu\/index.php\/wp-json\/wp\/v2\/media?parent=2903"}],"wp:term":[{"taxonomy":"product_brand","embeddable":true,"href":"https:\/\/www.spirit-us.eu\/index.php\/wp-json\/wp\/v2\/product_brand?post=2903"},{"taxonomy":"product_cat","embeddable":true,"href":"https:\/\/www.spirit-us.eu\/index.php\/wp-json\/wp\/v2\/product_cat?post=2903"},{"taxonomy":"product_tag","embeddable":true,"href":"https:\/\/www.spirit-us.eu\/index.php\/wp-json\/wp\/v2\/product_tag?post=2903"},{"taxonomy":"mwb_booking_cost","embeddable":true,"href":"https:\/\/www.spirit-us.eu\/index.php\/wp-json\/wp\/v2\/mwb_booking_cost?post=2903"},{"taxonomy":"mwb_booking_service","embeddable":true,"href":"https:\/\/www.spirit-us.eu\/index.php\/wp-json\/wp\/v2\/mwb_booking_service?post=2903"}],"curies":[{"name":"wp","href":"https:\/\/api.w.org\/{rel}","templated":true}]}}