{"id":2898,"date":"2025-12-09T11:53:23","date_gmt":"2025-12-09T10:53:23","guid":{"rendered":"https:\/\/www.spirit-us.eu\/?post_type=product&#038;p=2898"},"modified":"2025-12-17T14:40:59","modified_gmt":"2025-12-17T13:40:59","slug":"collier-ethnique-nacre-bois-coquillage-copie","status":"publish","type":"product","link":"https:\/\/www.spirit-us.eu\/index.php\/produit\/collier-ethnique-nacre-bois-coquillage-copie\/","title":{"rendered":"COLLIER ETHNIQUE &#8211; nacre, perles de bois"},"content":{"rendered":"<p>Collier ethnique en perles de bois (buis, fonc\u00e9 patin\u00e9), perles d&rsquo;agate rouge fonc\u00e9 (pierres naturelles roul\u00e9es), nacre jaune fonc\u00e9<\/p>\n<p><strong>Dimensions<\/strong> :<\/p>\n<ul>\n<li>collier 46 cm<\/li>\n<li>pendentif disque de nacre serti de bois 6 cm de diam\u00e8tre<\/li>\n<li>perles d&rsquo;agate rouge marron 3 mm<\/li>\n<li>perles de bois 5 mm<\/li>\n<\/ul>\n<p><strong>Fermoir<\/strong> : bouton perle de bois et boucle en perles d&rsquo;agate<\/p>\n<p>Livr\u00e9 dans une pochette.<\/p>\n<p>Bijou 100% manufactur\u00e9 : les perles de bois ou de pierres naturelles ne sont pas totalement r\u00e9guli\u00e8res et peuvent varier tr\u00e8s l\u00e9g\u00e8rement en taille. Bijou \u00e9co-responsable et \u00e9thique.<\/p>\n","protected":false},"excerpt":{"rendered":"<p style=\"text-align: justify;\">Magnifique, chic et tr\u00e8s tendance. Ce collier rehauss\u00e9 d&rsquo;un disque de nacre ench\u00e2ss\u00e9 dans du bois sombre donnera une touche ethnique, naturelle, \u00e0 votre tenue. Un bijou plein de charme qui favorise l&rsquo;ancrage, permet de se recentrer sur les valeurs fondamentales de la vie alliant la beaut\u00e9 simple avec des mati\u00e8res nobles.<\/p>\n","protected":false},"featured_media":2900,"comment_status":"open","ping_status":"closed","template":"","meta":[],"product_brand":[],"product_cat":[156,462,17],"product_tag":[223,428,427,431,430],"mwb_booking_cost":[],"mwb_booking_service":[],"class_list":{"0":"post-2898","1":"product","2":"type-product","3":"status-publish","4":"has-post-thumbnail","6":"product_cat-04-bijoux","7":"product_cat-006-colliers","8":"product_cat-tous-les-produits","9":"product_tag-ancrage","10":"product_tag-durable","11":"product_tag-ethnique","12":"product_tag-nature","13":"product_tag-tendance","15":"first","16":"instock","17":"shipping-taxable","18":"purchasable","19":"product-type-simple"},"yoast_head":"<!-- This site is optimized with the Yoast SEO plugin v27.1.1 - https:\/\/yoast.com\/product\/yoast-seo-wordpress\/ -->\n<title>COLLIER ETHNIQUE - nacre, perles de bois - Spirit-US<\/title>\n<meta name=\"robots\" content=\"index, follow, max-snippet:-1, max-image-preview:large, max-video-preview:-1\" \/>\n<link rel=\"canonical\" href=\"https:\/\/www.spirit-us.eu\/index.php\/produit\/collier-ethnique-nacre-bois-coquillage-copie\/\" \/>\n<meta property=\"og:locale\" content=\"fr_FR\" \/>\n<meta property=\"og:type\" content=\"article\" \/>\n<meta property=\"og:title\" content=\"COLLIER ETHNIQUE - nacre, perles de bois - Spirit-US\" \/>\n<meta property=\"og:description\" content=\"Magnifique, chic et tr\u00e8s tendance. Ce collier rehauss\u00e9 d&#039;un disque de nacre ench\u00e2ss\u00e9 dans du bois sombre donnera une touche ethnique, naturelle, \u00e0 votre tenue. Un bijou plein de charme qui favorise l&#039;ancrage, permet de se recentrer sur les valeurs fondamentales de la vie alliant la beaut\u00e9 simple avec des mati\u00e8res nobles.\" \/>\n<meta property=\"og:url\" content=\"https:\/\/www.spirit-us.eu\/index.php\/produit\/collier-ethnique-nacre-bois-coquillage-copie\/\" \/>\n<meta property=\"og:site_name\" content=\"Spirit-US\" \/>\n<meta property=\"article:publisher\" content=\"https:\/\/www.facebook.com\/spirit.us.deum\" \/>\n<meta property=\"article:modified_time\" content=\"2025-12-17T13:40:59+00:00\" \/>\n<meta property=\"og:image\" content=\"https:\/\/www.spirit-us.eu\/wp-content\/uploads\/2025\/12\/collier-bois-nacre-perles-de-bois-rond-ethnique-1-scaled.jpg\" \/>\n\t<meta property=\"og:image:width\" content=\"2282\" \/>\n\t<meta property=\"og:image:height\" content=\"2560\" \/>\n\t<meta property=\"og:image:type\" content=\"image\/jpeg\" \/>\n<meta name=\"twitter:card\" content=\"summary_large_image\" \/>\n<meta name=\"twitter:label1\" content=\"Dur\u00e9e de lecture estim\u00e9e\" \/>\n\t<meta name=\"twitter:data1\" content=\"1 minute\" \/>\n<script type=\"application\/ld+json\" class=\"yoast-schema-graph\">{\"@context\":\"https:\/\/schema.org\",\"@graph\":[{\"@type\":\"WebPage\",\"@id\":\"https:\/\/www.spirit-us.eu\/index.php\/produit\/collier-ethnique-nacre-bois-coquillage-copie\/\",\"url\":\"https:\/\/www.spirit-us.eu\/index.php\/produit\/collier-ethnique-nacre-bois-coquillage-copie\/\",\"name\":\"COLLIER ETHNIQUE - nacre, perles de bois - Spirit-US\",\"isPartOf\":{\"@id\":\"https:\/\/www.spirit-us.eu\/#website\"},\"primaryImageOfPage\":{\"@id\":\"https:\/\/www.spirit-us.eu\/index.php\/produit\/collier-ethnique-nacre-bois-coquillage-copie\/#primaryimage\"},\"image\":{\"@id\":\"https:\/\/www.spirit-us.eu\/index.php\/produit\/collier-ethnique-nacre-bois-coquillage-copie\/#primaryimage\"},\"thumbnailUrl\":\"https:\/\/www.spirit-us.eu\/wp-content\/uploads\/2025\/12\/collier-bois-nacre-perles-de-bois-rond-ethnique-1-scaled.jpg\",\"datePublished\":\"2025-12-09T10:53:23+00:00\",\"dateModified\":\"2025-12-17T13:40:59+00:00\",\"breadcrumb\":{\"@id\":\"https:\/\/www.spirit-us.eu\/index.php\/produit\/collier-ethnique-nacre-bois-coquillage-copie\/#breadcrumb\"},\"inLanguage\":\"fr-FR\",\"potentialAction\":[{\"@type\":\"ReadAction\",\"target\":[\"https:\/\/www.spirit-us.eu\/index.php\/produit\/collier-ethnique-nacre-bois-coquillage-copie\/\"]}]},{\"@type\":\"ImageObject\",\"inLanguage\":\"fr-FR\",\"@id\":\"https:\/\/www.spirit-us.eu\/index.php\/produit\/collier-ethnique-nacre-bois-coquillage-copie\/#primaryimage\",\"url\":\"https:\/\/www.spirit-us.eu\/wp-content\/uploads\/2025\/12\/collier-bois-nacre-perles-de-bois-rond-ethnique-1-scaled.jpg\",\"contentUrl\":\"https:\/\/www.spirit-us.eu\/wp-content\/uploads\/2025\/12\/collier-bois-nacre-perles-de-bois-rond-ethnique-1-scaled.jpg\",\"width\":2282,\"height\":2560},{\"@type\":\"BreadcrumbList\",\"@id\":\"https:\/\/www.spirit-us.eu\/index.php\/produit\/collier-ethnique-nacre-bois-coquillage-copie\/#breadcrumb\",\"itemListElement\":[{\"@type\":\"ListItem\",\"position\":1,\"name\":\"Accueil\",\"item\":\"https:\/\/www.spirit-us.eu\/\"},{\"@type\":\"ListItem\",\"position\":2,\"name\":\"Boutique\",\"item\":\"https:\/\/www.spirit-us.eu\/index.php\/boutique\/\"},{\"@type\":\"ListItem\",\"position\":3,\"name\":\"COLLIER ETHNIQUE &#8211; nacre, perles de bois\"}]},{\"@type\":\"WebSite\",\"@id\":\"https:\/\/www.spirit-us.eu\/#website\",\"url\":\"https:\/\/www.spirit-us.eu\/\",\"name\":\"Spirit-US\",\"description\":\"\",\"publisher\":{\"@id\":\"https:\/\/www.spirit-us.eu\/#organization\"},\"potentialAction\":[{\"@type\":\"SearchAction\",\"target\":{\"@type\":\"EntryPoint\",\"urlTemplate\":\"https:\/\/www.spirit-us.eu\/?s={search_term_string}\"},\"query-input\":{\"@type\":\"PropertyValueSpecification\",\"valueRequired\":true,\"valueName\":\"search_term_string\"}}],\"inLanguage\":\"fr-FR\"},{\"@type\":\"Organization\",\"@id\":\"https:\/\/www.spirit-us.eu\/#organization\",\"name\":\"Spirit-US\",\"url\":\"https:\/\/www.spirit-us.eu\/\",\"logo\":{\"@type\":\"ImageObject\",\"inLanguage\":\"fr-FR\",\"@id\":\"https:\/\/www.spirit-us.eu\/#\/schema\/logo\/image\/\",\"url\":\"https:\/\/www.spirit-us.eu\/wp-content\/uploads\/2025\/11\/logo-regarde-linterlocutrice-sans-arrriere-plan.jpg\",\"contentUrl\":\"https:\/\/www.spirit-us.eu\/wp-content\/uploads\/2025\/11\/logo-regarde-linterlocutrice-sans-arrriere-plan.jpg\",\"width\":1080,\"height\":1080,\"caption\":\"Spirit-US\"},\"image\":{\"@id\":\"https:\/\/www.spirit-us.eu\/#\/schema\/logo\/image\/\"},\"sameAs\":[\"https:\/\/www.facebook.com\/spirit.us.deum\"]}]}<\/script>\n<!-- \/ Yoast SEO plugin. -->","yoast_head_json":{"title":"COLLIER ETHNIQUE - nacre, perles de bois - Spirit-US","robots":{"index":"index","follow":"follow","max-snippet":"max-snippet:-1","max-image-preview":"max-image-preview:large","max-video-preview":"max-video-preview:-1"},"canonical":"https:\/\/www.spirit-us.eu\/index.php\/produit\/collier-ethnique-nacre-bois-coquillage-copie\/","og_locale":"fr_FR","og_type":"article","og_title":"COLLIER ETHNIQUE - nacre, perles de bois - Spirit-US","og_description":"Magnifique, chic et tr\u00e8s tendance. Ce collier rehauss\u00e9 d'un disque de nacre ench\u00e2ss\u00e9 dans du bois sombre donnera une touche ethnique, naturelle, \u00e0 votre tenue. Un bijou plein de charme qui favorise l'ancrage, permet de se recentrer sur les valeurs fondamentales de la vie alliant la beaut\u00e9 simple avec des mati\u00e8res nobles.","og_url":"https:\/\/www.spirit-us.eu\/index.php\/produit\/collier-ethnique-nacre-bois-coquillage-copie\/","og_site_name":"Spirit-US","article_publisher":"https:\/\/www.facebook.com\/spirit.us.deum","article_modified_time":"2025-12-17T13:40:59+00:00","og_image":[{"width":2282,"height":2560,"url":"https:\/\/www.spirit-us.eu\/wp-content\/uploads\/2025\/12\/collier-bois-nacre-perles-de-bois-rond-ethnique-1-scaled.jpg","type":"image\/jpeg"}],"twitter_card":"summary_large_image","twitter_misc":{"Dur\u00e9e de lecture estim\u00e9e":"1 minute"},"schema":{"@context":"https:\/\/schema.org","@graph":[{"@type":"WebPage","@id":"https:\/\/www.spirit-us.eu\/index.php\/produit\/collier-ethnique-nacre-bois-coquillage-copie\/","url":"https:\/\/www.spirit-us.eu\/index.php\/produit\/collier-ethnique-nacre-bois-coquillage-copie\/","name":"COLLIER ETHNIQUE - nacre, perles de bois - Spirit-US","isPartOf":{"@id":"https:\/\/www.spirit-us.eu\/#website"},"primaryImageOfPage":{"@id":"https:\/\/www.spirit-us.eu\/index.php\/produit\/collier-ethnique-nacre-bois-coquillage-copie\/#primaryimage"},"image":{"@id":"https:\/\/www.spirit-us.eu\/index.php\/produit\/collier-ethnique-nacre-bois-coquillage-copie\/#primaryimage"},"thumbnailUrl":"https:\/\/www.spirit-us.eu\/wp-content\/uploads\/2025\/12\/collier-bois-nacre-perles-de-bois-rond-ethnique-1-scaled.jpg","datePublished":"2025-12-09T10:53:23+00:00","dateModified":"2025-12-17T13:40:59+00:00","breadcrumb":{"@id":"https:\/\/www.spirit-us.eu\/index.php\/produit\/collier-ethnique-nacre-bois-coquillage-copie\/#breadcrumb"},"inLanguage":"fr-FR","potentialAction":[{"@type":"ReadAction","target":["https:\/\/www.spirit-us.eu\/index.php\/produit\/collier-ethnique-nacre-bois-coquillage-copie\/"]}]},{"@type":"ImageObject","inLanguage":"fr-FR","@id":"https:\/\/www.spirit-us.eu\/index.php\/produit\/collier-ethnique-nacre-bois-coquillage-copie\/#primaryimage","url":"https:\/\/www.spirit-us.eu\/wp-content\/uploads\/2025\/12\/collier-bois-nacre-perles-de-bois-rond-ethnique-1-scaled.jpg","contentUrl":"https:\/\/www.spirit-us.eu\/wp-content\/uploads\/2025\/12\/collier-bois-nacre-perles-de-bois-rond-ethnique-1-scaled.jpg","width":2282,"height":2560},{"@type":"BreadcrumbList","@id":"https:\/\/www.spirit-us.eu\/index.php\/produit\/collier-ethnique-nacre-bois-coquillage-copie\/#breadcrumb","itemListElement":[{"@type":"ListItem","position":1,"name":"Accueil","item":"https:\/\/www.spirit-us.eu\/"},{"@type":"ListItem","position":2,"name":"Boutique","item":"https:\/\/www.spirit-us.eu\/index.php\/boutique\/"},{"@type":"ListItem","position":3,"name":"COLLIER ETHNIQUE &#8211; nacre, perles de bois"}]},{"@type":"WebSite","@id":"https:\/\/www.spirit-us.eu\/#website","url":"https:\/\/www.spirit-us.eu\/","name":"Spirit-US","description":"","publisher":{"@id":"https:\/\/www.spirit-us.eu\/#organization"},"potentialAction":[{"@type":"SearchAction","target":{"@type":"EntryPoint","urlTemplate":"https:\/\/www.spirit-us.eu\/?s={search_term_string}"},"query-input":{"@type":"PropertyValueSpecification","valueRequired":true,"valueName":"search_term_string"}}],"inLanguage":"fr-FR"},{"@type":"Organization","@id":"https:\/\/www.spirit-us.eu\/#organization","name":"Spirit-US","url":"https:\/\/www.spirit-us.eu\/","logo":{"@type":"ImageObject","inLanguage":"fr-FR","@id":"https:\/\/www.spirit-us.eu\/#\/schema\/logo\/image\/","url":"https:\/\/www.spirit-us.eu\/wp-content\/uploads\/2025\/11\/logo-regarde-linterlocutrice-sans-arrriere-plan.jpg","contentUrl":"https:\/\/www.spirit-us.eu\/wp-content\/uploads\/2025\/11\/logo-regarde-linterlocutrice-sans-arrriere-plan.jpg","width":1080,"height":1080,"caption":"Spirit-US"},"image":{"@id":"https:\/\/www.spirit-us.eu\/#\/schema\/logo\/image\/"},"sameAs":["https:\/\/www.facebook.com\/spirit.us.deum"]}]}},"jetpack_sharing_enabled":true,"_links":{"self":[{"href":"https:\/\/www.spirit-us.eu\/index.php\/wp-json\/wp\/v2\/product\/2898","targetHints":{"allow":["GET"]}}],"collection":[{"href":"https:\/\/www.spirit-us.eu\/index.php\/wp-json\/wp\/v2\/product"}],"about":[{"href":"https:\/\/www.spirit-us.eu\/index.php\/wp-json\/wp\/v2\/types\/product"}],"replies":[{"embeddable":true,"href":"https:\/\/www.spirit-us.eu\/index.php\/wp-json\/wp\/v2\/comments?post=2898"}],"wp:featuredmedia":[{"embeddable":true,"href":"https:\/\/www.spirit-us.eu\/index.php\/wp-json\/wp\/v2\/media\/2900"}],"wp:attachment":[{"href":"https:\/\/www.spirit-us.eu\/index.php\/wp-json\/wp\/v2\/media?parent=2898"}],"wp:term":[{"taxonomy":"product_brand","embeddable":true,"href":"https:\/\/www.spirit-us.eu\/index.php\/wp-json\/wp\/v2\/product_brand?post=2898"},{"taxonomy":"product_cat","embeddable":true,"href":"https:\/\/www.spirit-us.eu\/index.php\/wp-json\/wp\/v2\/product_cat?post=2898"},{"taxonomy":"product_tag","embeddable":true,"href":"https:\/\/www.spirit-us.eu\/index.php\/wp-json\/wp\/v2\/product_tag?post=2898"},{"taxonomy":"mwb_booking_cost","embeddable":true,"href":"https:\/\/www.spirit-us.eu\/index.php\/wp-json\/wp\/v2\/mwb_booking_cost?post=2898"},{"taxonomy":"mwb_booking_service","embeddable":true,"href":"https:\/\/www.spirit-us.eu\/index.php\/wp-json\/wp\/v2\/mwb_booking_service?post=2898"}],"curies":[{"name":"wp","href":"https:\/\/api.w.org\/{rel}","templated":true}]}}