{"id":2882,"date":"2025-12-08T19:11:29","date_gmt":"2025-12-08T18:11:29","guid":{"rendered":"https:\/\/www.spirit-us.eu\/?post_type=product&#038;p=2882"},"modified":"2025-12-08T23:08:19","modified_gmt":"2025-12-08T22:08:19","slug":"belle-endormie-statue-de-femme","status":"publish","type":"product","link":"https:\/\/www.spirit-us.eu\/index.php\/produit\/belle-endormie-statue-de-femme\/","title":{"rendered":"BELLE ENDORMIE &#8211; statue de femme"},"content":{"rendered":"<p>Statuette sculpt\u00e9e \u00e0 la main dans du travertin (pierre naturelle)<\/p>\n<p><strong>Dimensions<\/strong> :<\/p>\n<ul>\n<li>longueur : 17 cm<\/li>\n<li>largeur : 10 cm<\/li>\n<li>hauteur : 6 cm<\/li>\n<\/ul>\n<p><strong>Poids<\/strong> : +\/- 650 gr<\/p>\n<p><strong>Couleur<\/strong> : beige, cr\u00e8me avec des nuances inh\u00e9rentes \u00e0 la pierre naturelle<\/p>\n<p><strong>Formes<\/strong> : f\u00e9minines, douces, \u00e9rotiques<\/p>\n<p>Pi\u00e8ce unique sign\u00e9e.<\/p>\n","protected":false},"excerpt":{"rendered":"<p style=\"text-align: justify;\">Statuette sculpt\u00e9e \u00e0 la main, pi\u00e8ce unique. Repr\u00e9sente une jeune femme endormie, le visage reposant sur ses cheveux et sur un bras, l&rsquo;autre est repli\u00e9 sous elle. La musculature est finement cisel\u00e9e, formes douces \u00e9rotisantes.\u00a0 Chaque d\u00e9tail est travaill\u00e9 avec raffinement. Cette statuette est sculpt\u00e9e dans un bloc de pierre naturelle, du travertin. Ses nuances chaudes (beige, cr\u00e8me) et son veinage apportent \u00e9l\u00e9gance et cachet, s&rsquo;int\u00e9grant dans divers styles d\u00e9coratifs. Elle fera le plus bel effet dans une biblioth\u00e8que, ou dans un environnement women-friendly, sous un \u00e9clairage doux et appropri\u00e9.\u00a0 Un joli cadeau pour une personne aim\u00e9e, ou un cadeau \u00e0 se faire pour donner une touche d&rsquo;\u00e9l\u00e9gance et de beaut\u00e9 dans votre int\u00e9rieur ou votre intimit\u00e9.<\/p>\n<p>&nbsp;<\/p>\n","protected":false},"featured_media":2883,"comment_status":"open","ping_status":"closed","template":"","meta":[],"product_brand":[],"product_cat":[190,17],"product_tag":[424,421,186,422,184,423],"mwb_booking_cost":[],"mwb_booking_service":[],"class_list":{"0":"post-2882","1":"product","2":"type-product","3":"status-publish","4":"has-post-thumbnail","6":"product_cat-11-pieces-rares-uniques-creations","7":"product_cat-tous-les-produits","8":"product_tag-erotisme","9":"product_tag-idee-de-cadeau","10":"product_tag-noel","11":"product_tag-piece-unique","12":"product_tag-saint-valentin","13":"product_tag-sculpture","15":"first","16":"instock","17":"shipping-taxable","18":"purchasable","19":"product-type-simple"},"yoast_head":"<!-- This site is optimized with the Yoast SEO plugin v27.1.1 - https:\/\/yoast.com\/product\/yoast-seo-wordpress\/ -->\n<title>BELLE ENDORMIE - statue de femme - Spirit-US<\/title>\n<meta name=\"robots\" content=\"index, follow, max-snippet:-1, max-image-preview:large, max-video-preview:-1\" \/>\n<link rel=\"canonical\" href=\"https:\/\/www.spirit-us.eu\/index.php\/produit\/belle-endormie-statue-de-femme\/\" \/>\n<meta property=\"og:locale\" content=\"fr_FR\" \/>\n<meta property=\"og:type\" content=\"article\" \/>\n<meta property=\"og:title\" content=\"BELLE ENDORMIE - statue de femme - Spirit-US\" \/>\n<meta property=\"og:description\" content=\"Statuette sculpt\u00e9e \u00e0 la main, pi\u00e8ce unique. Repr\u00e9sente une jeune femme endormie, le visage reposant sur ses cheveux et sur un bras, l&#039;autre est repli\u00e9 sous elle. La musculature est finement cisel\u00e9e, formes douces \u00e9rotisantes.\u00a0 Chaque d\u00e9tail est travaill\u00e9 avec raffinement. Cette statuette est sculpt\u00e9e dans un bloc de pierre naturelle, du travertin. Ses nuances chaudes (beige, cr\u00e8me) et son veinage apportent \u00e9l\u00e9gance et cachet, s&#039;int\u00e9grant dans divers styles d\u00e9coratifs. Elle fera le plus bel effet dans une biblioth\u00e8que, ou dans un environnement women-friendly, sous un \u00e9clairage doux et appropri\u00e9.\u00a0 Un joli cadeau pour une personne aim\u00e9e, ou un cadeau \u00e0 se faire pour donner une touche d&#039;\u00e9l\u00e9gance et de beaut\u00e9 dans votre int\u00e9rieur ou votre intimit\u00e9. &nbsp;\" \/>\n<meta property=\"og:url\" content=\"https:\/\/www.spirit-us.eu\/index.php\/produit\/belle-endormie-statue-de-femme\/\" \/>\n<meta property=\"og:site_name\" content=\"Spirit-US\" \/>\n<meta property=\"article:publisher\" content=\"https:\/\/www.facebook.com\/spirit.us.deum\" \/>\n<meta property=\"article:modified_time\" content=\"2025-12-08T22:08:19+00:00\" \/>\n<meta property=\"og:image\" content=\"https:\/\/www.spirit-us.eu\/wp-content\/uploads\/2025\/12\/belle-endormie-image-produit.png\" \/>\n\t<meta property=\"og:image:width\" content=\"1080\" \/>\n\t<meta property=\"og:image:height\" content=\"1080\" \/>\n\t<meta property=\"og:image:type\" content=\"image\/png\" \/>\n<meta name=\"twitter:card\" content=\"summary_large_image\" \/>\n<meta name=\"twitter:label1\" content=\"Dur\u00e9e de lecture estim\u00e9e\" \/>\n\t<meta name=\"twitter:data1\" content=\"1 minute\" \/>\n<script type=\"application\/ld+json\" class=\"yoast-schema-graph\">{\"@context\":\"https:\/\/schema.org\",\"@graph\":[{\"@type\":\"WebPage\",\"@id\":\"https:\/\/www.spirit-us.eu\/index.php\/produit\/belle-endormie-statue-de-femme\/\",\"url\":\"https:\/\/www.spirit-us.eu\/index.php\/produit\/belle-endormie-statue-de-femme\/\",\"name\":\"BELLE ENDORMIE - statue de femme - Spirit-US\",\"isPartOf\":{\"@id\":\"https:\/\/www.spirit-us.eu\/#website\"},\"primaryImageOfPage\":{\"@id\":\"https:\/\/www.spirit-us.eu\/index.php\/produit\/belle-endormie-statue-de-femme\/#primaryimage\"},\"image\":{\"@id\":\"https:\/\/www.spirit-us.eu\/index.php\/produit\/belle-endormie-statue-de-femme\/#primaryimage\"},\"thumbnailUrl\":\"https:\/\/www.spirit-us.eu\/wp-content\/uploads\/2025\/12\/belle-endormie-image-produit.png\",\"datePublished\":\"2025-12-08T18:11:29+00:00\",\"dateModified\":\"2025-12-08T22:08:19+00:00\",\"breadcrumb\":{\"@id\":\"https:\/\/www.spirit-us.eu\/index.php\/produit\/belle-endormie-statue-de-femme\/#breadcrumb\"},\"inLanguage\":\"fr-FR\",\"potentialAction\":[{\"@type\":\"ReadAction\",\"target\":[\"https:\/\/www.spirit-us.eu\/index.php\/produit\/belle-endormie-statue-de-femme\/\"]}]},{\"@type\":\"ImageObject\",\"inLanguage\":\"fr-FR\",\"@id\":\"https:\/\/www.spirit-us.eu\/index.php\/produit\/belle-endormie-statue-de-femme\/#primaryimage\",\"url\":\"https:\/\/www.spirit-us.eu\/wp-content\/uploads\/2025\/12\/belle-endormie-image-produit.png\",\"contentUrl\":\"https:\/\/www.spirit-us.eu\/wp-content\/uploads\/2025\/12\/belle-endormie-image-produit.png\",\"width\":1080,\"height\":1080,\"caption\":\"Pi\u00e8ce unique : la Belle endormie\"},{\"@type\":\"BreadcrumbList\",\"@id\":\"https:\/\/www.spirit-us.eu\/index.php\/produit\/belle-endormie-statue-de-femme\/#breadcrumb\",\"itemListElement\":[{\"@type\":\"ListItem\",\"position\":1,\"name\":\"Accueil\",\"item\":\"https:\/\/www.spirit-us.eu\/\"},{\"@type\":\"ListItem\",\"position\":2,\"name\":\"Boutique\",\"item\":\"https:\/\/www.spirit-us.eu\/index.php\/boutique\/\"},{\"@type\":\"ListItem\",\"position\":3,\"name\":\"BELLE ENDORMIE &#8211; statue de femme\"}]},{\"@type\":\"WebSite\",\"@id\":\"https:\/\/www.spirit-us.eu\/#website\",\"url\":\"https:\/\/www.spirit-us.eu\/\",\"name\":\"Spirit-US\",\"description\":\"\",\"publisher\":{\"@id\":\"https:\/\/www.spirit-us.eu\/#organization\"},\"potentialAction\":[{\"@type\":\"SearchAction\",\"target\":{\"@type\":\"EntryPoint\",\"urlTemplate\":\"https:\/\/www.spirit-us.eu\/?s={search_term_string}\"},\"query-input\":{\"@type\":\"PropertyValueSpecification\",\"valueRequired\":true,\"valueName\":\"search_term_string\"}}],\"inLanguage\":\"fr-FR\"},{\"@type\":\"Organization\",\"@id\":\"https:\/\/www.spirit-us.eu\/#organization\",\"name\":\"Spirit-US\",\"url\":\"https:\/\/www.spirit-us.eu\/\",\"logo\":{\"@type\":\"ImageObject\",\"inLanguage\":\"fr-FR\",\"@id\":\"https:\/\/www.spirit-us.eu\/#\/schema\/logo\/image\/\",\"url\":\"https:\/\/www.spirit-us.eu\/wp-content\/uploads\/2025\/11\/logo-regarde-linterlocutrice-sans-arrriere-plan.jpg\",\"contentUrl\":\"https:\/\/www.spirit-us.eu\/wp-content\/uploads\/2025\/11\/logo-regarde-linterlocutrice-sans-arrriere-plan.jpg\",\"width\":1080,\"height\":1080,\"caption\":\"Spirit-US\"},\"image\":{\"@id\":\"https:\/\/www.spirit-us.eu\/#\/schema\/logo\/image\/\"},\"sameAs\":[\"https:\/\/www.facebook.com\/spirit.us.deum\"]}]}<\/script>\n<!-- \/ Yoast SEO plugin. -->","yoast_head_json":{"title":"BELLE ENDORMIE - statue de femme - Spirit-US","robots":{"index":"index","follow":"follow","max-snippet":"max-snippet:-1","max-image-preview":"max-image-preview:large","max-video-preview":"max-video-preview:-1"},"canonical":"https:\/\/www.spirit-us.eu\/index.php\/produit\/belle-endormie-statue-de-femme\/","og_locale":"fr_FR","og_type":"article","og_title":"BELLE ENDORMIE - statue de femme - Spirit-US","og_description":"Statuette sculpt\u00e9e \u00e0 la main, pi\u00e8ce unique. Repr\u00e9sente une jeune femme endormie, le visage reposant sur ses cheveux et sur un bras, l'autre est repli\u00e9 sous elle. La musculature est finement cisel\u00e9e, formes douces \u00e9rotisantes.\u00a0 Chaque d\u00e9tail est travaill\u00e9 avec raffinement. Cette statuette est sculpt\u00e9e dans un bloc de pierre naturelle, du travertin. Ses nuances chaudes (beige, cr\u00e8me) et son veinage apportent \u00e9l\u00e9gance et cachet, s'int\u00e9grant dans divers styles d\u00e9coratifs. Elle fera le plus bel effet dans une biblioth\u00e8que, ou dans un environnement women-friendly, sous un \u00e9clairage doux et appropri\u00e9.\u00a0 Un joli cadeau pour une personne aim\u00e9e, ou un cadeau \u00e0 se faire pour donner une touche d'\u00e9l\u00e9gance et de beaut\u00e9 dans votre int\u00e9rieur ou votre intimit\u00e9. &nbsp;","og_url":"https:\/\/www.spirit-us.eu\/index.php\/produit\/belle-endormie-statue-de-femme\/","og_site_name":"Spirit-US","article_publisher":"https:\/\/www.facebook.com\/spirit.us.deum","article_modified_time":"2025-12-08T22:08:19+00:00","og_image":[{"width":1080,"height":1080,"url":"https:\/\/www.spirit-us.eu\/wp-content\/uploads\/2025\/12\/belle-endormie-image-produit.png","type":"image\/png"}],"twitter_card":"summary_large_image","twitter_misc":{"Dur\u00e9e de lecture estim\u00e9e":"1 minute"},"schema":{"@context":"https:\/\/schema.org","@graph":[{"@type":"WebPage","@id":"https:\/\/www.spirit-us.eu\/index.php\/produit\/belle-endormie-statue-de-femme\/","url":"https:\/\/www.spirit-us.eu\/index.php\/produit\/belle-endormie-statue-de-femme\/","name":"BELLE ENDORMIE - statue de femme - Spirit-US","isPartOf":{"@id":"https:\/\/www.spirit-us.eu\/#website"},"primaryImageOfPage":{"@id":"https:\/\/www.spirit-us.eu\/index.php\/produit\/belle-endormie-statue-de-femme\/#primaryimage"},"image":{"@id":"https:\/\/www.spirit-us.eu\/index.php\/produit\/belle-endormie-statue-de-femme\/#primaryimage"},"thumbnailUrl":"https:\/\/www.spirit-us.eu\/wp-content\/uploads\/2025\/12\/belle-endormie-image-produit.png","datePublished":"2025-12-08T18:11:29+00:00","dateModified":"2025-12-08T22:08:19+00:00","breadcrumb":{"@id":"https:\/\/www.spirit-us.eu\/index.php\/produit\/belle-endormie-statue-de-femme\/#breadcrumb"},"inLanguage":"fr-FR","potentialAction":[{"@type":"ReadAction","target":["https:\/\/www.spirit-us.eu\/index.php\/produit\/belle-endormie-statue-de-femme\/"]}]},{"@type":"ImageObject","inLanguage":"fr-FR","@id":"https:\/\/www.spirit-us.eu\/index.php\/produit\/belle-endormie-statue-de-femme\/#primaryimage","url":"https:\/\/www.spirit-us.eu\/wp-content\/uploads\/2025\/12\/belle-endormie-image-produit.png","contentUrl":"https:\/\/www.spirit-us.eu\/wp-content\/uploads\/2025\/12\/belle-endormie-image-produit.png","width":1080,"height":1080,"caption":"Pi\u00e8ce unique : la Belle endormie"},{"@type":"BreadcrumbList","@id":"https:\/\/www.spirit-us.eu\/index.php\/produit\/belle-endormie-statue-de-femme\/#breadcrumb","itemListElement":[{"@type":"ListItem","position":1,"name":"Accueil","item":"https:\/\/www.spirit-us.eu\/"},{"@type":"ListItem","position":2,"name":"Boutique","item":"https:\/\/www.spirit-us.eu\/index.php\/boutique\/"},{"@type":"ListItem","position":3,"name":"BELLE ENDORMIE &#8211; statue de femme"}]},{"@type":"WebSite","@id":"https:\/\/www.spirit-us.eu\/#website","url":"https:\/\/www.spirit-us.eu\/","name":"Spirit-US","description":"","publisher":{"@id":"https:\/\/www.spirit-us.eu\/#organization"},"potentialAction":[{"@type":"SearchAction","target":{"@type":"EntryPoint","urlTemplate":"https:\/\/www.spirit-us.eu\/?s={search_term_string}"},"query-input":{"@type":"PropertyValueSpecification","valueRequired":true,"valueName":"search_term_string"}}],"inLanguage":"fr-FR"},{"@type":"Organization","@id":"https:\/\/www.spirit-us.eu\/#organization","name":"Spirit-US","url":"https:\/\/www.spirit-us.eu\/","logo":{"@type":"ImageObject","inLanguage":"fr-FR","@id":"https:\/\/www.spirit-us.eu\/#\/schema\/logo\/image\/","url":"https:\/\/www.spirit-us.eu\/wp-content\/uploads\/2025\/11\/logo-regarde-linterlocutrice-sans-arrriere-plan.jpg","contentUrl":"https:\/\/www.spirit-us.eu\/wp-content\/uploads\/2025\/11\/logo-regarde-linterlocutrice-sans-arrriere-plan.jpg","width":1080,"height":1080,"caption":"Spirit-US"},"image":{"@id":"https:\/\/www.spirit-us.eu\/#\/schema\/logo\/image\/"},"sameAs":["https:\/\/www.facebook.com\/spirit.us.deum"]}]}},"jetpack_sharing_enabled":true,"_links":{"self":[{"href":"https:\/\/www.spirit-us.eu\/index.php\/wp-json\/wp\/v2\/product\/2882","targetHints":{"allow":["GET"]}}],"collection":[{"href":"https:\/\/www.spirit-us.eu\/index.php\/wp-json\/wp\/v2\/product"}],"about":[{"href":"https:\/\/www.spirit-us.eu\/index.php\/wp-json\/wp\/v2\/types\/product"}],"replies":[{"embeddable":true,"href":"https:\/\/www.spirit-us.eu\/index.php\/wp-json\/wp\/v2\/comments?post=2882"}],"wp:featuredmedia":[{"embeddable":true,"href":"https:\/\/www.spirit-us.eu\/index.php\/wp-json\/wp\/v2\/media\/2883"}],"wp:attachment":[{"href":"https:\/\/www.spirit-us.eu\/index.php\/wp-json\/wp\/v2\/media?parent=2882"}],"wp:term":[{"taxonomy":"product_brand","embeddable":true,"href":"https:\/\/www.spirit-us.eu\/index.php\/wp-json\/wp\/v2\/product_brand?post=2882"},{"taxonomy":"product_cat","embeddable":true,"href":"https:\/\/www.spirit-us.eu\/index.php\/wp-json\/wp\/v2\/product_cat?post=2882"},{"taxonomy":"product_tag","embeddable":true,"href":"https:\/\/www.spirit-us.eu\/index.php\/wp-json\/wp\/v2\/product_tag?post=2882"},{"taxonomy":"mwb_booking_cost","embeddable":true,"href":"https:\/\/www.spirit-us.eu\/index.php\/wp-json\/wp\/v2\/mwb_booking_cost?post=2882"},{"taxonomy":"mwb_booking_service","embeddable":true,"href":"https:\/\/www.spirit-us.eu\/index.php\/wp-json\/wp\/v2\/mwb_booking_service?post=2882"}],"curies":[{"name":"wp","href":"https:\/\/api.w.org\/{rel}","templated":true}]}}