{"id":2878,"date":"2025-12-08T17:36:11","date_gmt":"2025-12-08T16:36:11","guid":{"rendered":"https:\/\/www.spirit-us.eu\/?post_type=product&#038;p=2878"},"modified":"2025-12-08T18:31:20","modified_gmt":"2025-12-08T17:31:20","slug":"lampe-de-lecture-tour-de-cou","status":"publish","type":"product","link":"https:\/\/www.spirit-us.eu\/index.php\/produit\/lampe-de-lecture-tour-de-cou\/","title":{"rendered":"LAMPE DE LECTURE &#8211; tour de cou"},"content":{"rendered":"<p><strong>Dimensions<\/strong> : 30 cm de hauteur (envergure totale de l&rsquo;article : 68 cm)<\/p>\n<p><strong>Couleur<\/strong> : blanc<\/p>\n<p><strong>Finition<\/strong> : mate<\/p>\n<p><strong>Mat\u00e9riaux<\/strong> : acrylonitrile butadi\u00e8ne styr\u00e8ne, piles, ampoules, m\u00e9tal enti\u00e8rement recouvert flexible<\/p>\n<p><strong>Fonctionnement<\/strong> : 2 piles AA (non fournies) &#8211; interrupteur \u00e0 l&rsquo;arri\u00e8re = bouton pressoir<\/p>\n<p><strong>Base des ampoules<\/strong> : E27, diode \u00e9lectroluminescente<\/p>\n<p><strong>Intensit\u00e9 lumineuse<\/strong> : 3 intensit\u00e9s qui se r\u00e8glent par pressions sur l&rsquo;interrupteur<\/p>\n<p><strong>Poids total<\/strong> : 150 gr, l\u00e9ger \u00e0 porter au cou<\/p>\n<p><strong>Applications<\/strong> : tout type d&rsquo;activit\u00e9 nocturne et ou requ\u00e9rant un apport de lumi\u00e8re suppl\u00e9mentaire (course \u00e0 pied du soir, couture, activit\u00e9 du soir, lecture, bricolage, etc.<\/p>\n<p>&nbsp;<\/p>\n","protected":false},"excerpt":{"rendered":"<p style=\"text-align: justify;\">Lampe de lecture pratique, blanche, confortable et utilisable pour de nombreuses applications\u00a0: lire la nuit, coudre en soir\u00e9e, courir lorsqu\u2019il fait nuit, obtenir un apport de lumi\u00e8re suppl\u00e9mentaire dans n\u2019importe quelle circonstance.\u00a0 Comme cette lampe se porte sur le cou, elle est stable\u00a0; ses deux bras sont compl\u00e8tement flexibles, ce qui permet de lui donner la forme requise exacte. Elle se positionne \u00e0 360\u00b0 : cette lampe de cou est \u00e9quip\u00e9e d&rsquo;un tuyau universel \u00e0 360\u00b0, qui peut r\u00e9gler librement l&rsquo;angle d&rsquo;\u00e9clairage pour r\u00e9pondre aux besoins d&rsquo;\u00e9clairage de diff\u00e9rents angles. Elle est dimmable : la lampe de cou adopte un interrupteur, un r\u00e9glage de la temp\u00e9rature de couleur \u00e0 trois intensit\u00e9s de luminosit\u00e9. Requiert des piles AA non fournies.\u00a0 Une id\u00e9e de cadeau tr\u00e8s pratique \u00e0 offrir en toute circonstance, ou \u00e0 s\u2019offrir pour am\u00e9liorer son confort pendant le travail ou les loisirs.<\/p>\n","protected":false},"featured_media":2869,"comment_status":"open","ping_status":"closed","template":"","meta":[],"product_brand":[],"product_cat":[159,17],"product_tag":[421,420],"mwb_booking_cost":[],"mwb_booking_service":[],"class_list":{"0":"post-2878","1":"product","2":"type-product","3":"status-publish","4":"has-post-thumbnail","6":"product_cat-08-livres","7":"product_cat-tous-les-produits","8":"product_tag-idee-de-cadeau","9":"product_tag-objets-pratiques","11":"first","12":"instock","13":"shipping-taxable","14":"purchasable","15":"product-type-simple"},"yoast_head":"<!-- This site is optimized with the Yoast SEO plugin v27.1.1 - https:\/\/yoast.com\/product\/yoast-seo-wordpress\/ -->\n<title>LAMPE DE LECTURE - tour de cou - Spirit-US<\/title>\n<meta name=\"robots\" content=\"index, follow, max-snippet:-1, max-image-preview:large, max-video-preview:-1\" \/>\n<link rel=\"canonical\" href=\"https:\/\/www.spirit-us.eu\/index.php\/produit\/lampe-de-lecture-tour-de-cou\/\" \/>\n<meta property=\"og:locale\" content=\"fr_FR\" \/>\n<meta property=\"og:type\" content=\"article\" \/>\n<meta property=\"og:title\" content=\"LAMPE DE LECTURE - tour de cou - Spirit-US\" \/>\n<meta property=\"og:description\" content=\"Lampe de lecture pratique, blanche, confortable et utilisable pour de nombreuses applications\u00a0: lire la nuit, coudre en soir\u00e9e, courir lorsqu\u2019il fait nuit, obtenir un apport de lumi\u00e8re suppl\u00e9mentaire dans n\u2019importe quelle circonstance.\u00a0 Comme cette lampe se porte sur le cou, elle est stable\u00a0; ses deux bras sont compl\u00e8tement flexibles, ce qui permet de lui donner la forme requise exacte. Elle se positionne \u00e0 360\u00b0 : cette lampe de cou est \u00e9quip\u00e9e d&#039;un tuyau universel \u00e0 360\u00b0, qui peut r\u00e9gler librement l&#039;angle d&#039;\u00e9clairage pour r\u00e9pondre aux besoins d&#039;\u00e9clairage de diff\u00e9rents angles. Elle est dimmable : la lampe de cou adopte un interrupteur, un r\u00e9glage de la temp\u00e9rature de couleur \u00e0 trois intensit\u00e9s de luminosit\u00e9. Requiert des piles AA non fournies.\u00a0 Une id\u00e9e de cadeau tr\u00e8s pratique \u00e0 offrir en toute circonstance, ou \u00e0 s\u2019offrir pour am\u00e9liorer son confort pendant le travail ou les loisirs.\" \/>\n<meta property=\"og:url\" content=\"https:\/\/www.spirit-us.eu\/index.php\/produit\/lampe-de-lecture-tour-de-cou\/\" \/>\n<meta property=\"og:site_name\" content=\"Spirit-US\" \/>\n<meta property=\"article:publisher\" content=\"https:\/\/www.facebook.com\/spirit.us.deum\" \/>\n<meta property=\"article:modified_time\" content=\"2025-12-08T17:31:20+00:00\" \/>\n<meta property=\"og:image\" content=\"https:\/\/www.spirit-us.eu\/wp-content\/uploads\/2025\/12\/lampe-de-cou.jpg\" \/>\n\t<meta property=\"og:image:width\" content=\"2517\" \/>\n\t<meta property=\"og:image:height\" content=\"2403\" \/>\n\t<meta property=\"og:image:type\" content=\"image\/jpeg\" \/>\n<meta name=\"twitter:card\" content=\"summary_large_image\" \/>\n<meta name=\"twitter:label1\" content=\"Dur\u00e9e de lecture estim\u00e9e\" \/>\n\t<meta name=\"twitter:data1\" content=\"1 minute\" \/>\n<script type=\"application\/ld+json\" class=\"yoast-schema-graph\">{\"@context\":\"https:\/\/schema.org\",\"@graph\":[{\"@type\":\"WebPage\",\"@id\":\"https:\/\/www.spirit-us.eu\/index.php\/produit\/lampe-de-lecture-tour-de-cou\/\",\"url\":\"https:\/\/www.spirit-us.eu\/index.php\/produit\/lampe-de-lecture-tour-de-cou\/\",\"name\":\"LAMPE DE LECTURE - tour de cou - Spirit-US\",\"isPartOf\":{\"@id\":\"https:\/\/www.spirit-us.eu\/#website\"},\"primaryImageOfPage\":{\"@id\":\"https:\/\/www.spirit-us.eu\/index.php\/produit\/lampe-de-lecture-tour-de-cou\/#primaryimage\"},\"image\":{\"@id\":\"https:\/\/www.spirit-us.eu\/index.php\/produit\/lampe-de-lecture-tour-de-cou\/#primaryimage\"},\"thumbnailUrl\":\"https:\/\/www.spirit-us.eu\/wp-content\/uploads\/2025\/12\/lampe-de-cou.jpg\",\"datePublished\":\"2025-12-08T16:36:11+00:00\",\"dateModified\":\"2025-12-08T17:31:20+00:00\",\"breadcrumb\":{\"@id\":\"https:\/\/www.spirit-us.eu\/index.php\/produit\/lampe-de-lecture-tour-de-cou\/#breadcrumb\"},\"inLanguage\":\"fr-FR\",\"potentialAction\":[{\"@type\":\"ReadAction\",\"target\":[\"https:\/\/www.spirit-us.eu\/index.php\/produit\/lampe-de-lecture-tour-de-cou\/\"]}]},{\"@type\":\"ImageObject\",\"inLanguage\":\"fr-FR\",\"@id\":\"https:\/\/www.spirit-us.eu\/index.php\/produit\/lampe-de-lecture-tour-de-cou\/#primaryimage\",\"url\":\"https:\/\/www.spirit-us.eu\/wp-content\/uploads\/2025\/12\/lampe-de-cou.jpg\",\"contentUrl\":\"https:\/\/www.spirit-us.eu\/wp-content\/uploads\/2025\/12\/lampe-de-cou.jpg\",\"width\":2517,\"height\":2403},{\"@type\":\"BreadcrumbList\",\"@id\":\"https:\/\/www.spirit-us.eu\/index.php\/produit\/lampe-de-lecture-tour-de-cou\/#breadcrumb\",\"itemListElement\":[{\"@type\":\"ListItem\",\"position\":1,\"name\":\"Accueil\",\"item\":\"https:\/\/www.spirit-us.eu\/\"},{\"@type\":\"ListItem\",\"position\":2,\"name\":\"Boutique\",\"item\":\"https:\/\/www.spirit-us.eu\/index.php\/boutique\/\"},{\"@type\":\"ListItem\",\"position\":3,\"name\":\"LAMPE DE LECTURE &#8211; tour de cou\"}]},{\"@type\":\"WebSite\",\"@id\":\"https:\/\/www.spirit-us.eu\/#website\",\"url\":\"https:\/\/www.spirit-us.eu\/\",\"name\":\"Spirit-US\",\"description\":\"\",\"publisher\":{\"@id\":\"https:\/\/www.spirit-us.eu\/#organization\"},\"potentialAction\":[{\"@type\":\"SearchAction\",\"target\":{\"@type\":\"EntryPoint\",\"urlTemplate\":\"https:\/\/www.spirit-us.eu\/?s={search_term_string}\"},\"query-input\":{\"@type\":\"PropertyValueSpecification\",\"valueRequired\":true,\"valueName\":\"search_term_string\"}}],\"inLanguage\":\"fr-FR\"},{\"@type\":\"Organization\",\"@id\":\"https:\/\/www.spirit-us.eu\/#organization\",\"name\":\"Spirit-US\",\"url\":\"https:\/\/www.spirit-us.eu\/\",\"logo\":{\"@type\":\"ImageObject\",\"inLanguage\":\"fr-FR\",\"@id\":\"https:\/\/www.spirit-us.eu\/#\/schema\/logo\/image\/\",\"url\":\"https:\/\/www.spirit-us.eu\/wp-content\/uploads\/2025\/11\/logo-regarde-linterlocutrice-sans-arrriere-plan.jpg\",\"contentUrl\":\"https:\/\/www.spirit-us.eu\/wp-content\/uploads\/2025\/11\/logo-regarde-linterlocutrice-sans-arrriere-plan.jpg\",\"width\":1080,\"height\":1080,\"caption\":\"Spirit-US\"},\"image\":{\"@id\":\"https:\/\/www.spirit-us.eu\/#\/schema\/logo\/image\/\"},\"sameAs\":[\"https:\/\/www.facebook.com\/spirit.us.deum\"]}]}<\/script>\n<!-- \/ Yoast SEO plugin. -->","yoast_head_json":{"title":"LAMPE DE LECTURE - tour de cou - Spirit-US","robots":{"index":"index","follow":"follow","max-snippet":"max-snippet:-1","max-image-preview":"max-image-preview:large","max-video-preview":"max-video-preview:-1"},"canonical":"https:\/\/www.spirit-us.eu\/index.php\/produit\/lampe-de-lecture-tour-de-cou\/","og_locale":"fr_FR","og_type":"article","og_title":"LAMPE DE LECTURE - tour de cou - Spirit-US","og_description":"Lampe de lecture pratique, blanche, confortable et utilisable pour de nombreuses applications\u00a0: lire la nuit, coudre en soir\u00e9e, courir lorsqu\u2019il fait nuit, obtenir un apport de lumi\u00e8re suppl\u00e9mentaire dans n\u2019importe quelle circonstance.\u00a0 Comme cette lampe se porte sur le cou, elle est stable\u00a0; ses deux bras sont compl\u00e8tement flexibles, ce qui permet de lui donner la forme requise exacte. Elle se positionne \u00e0 360\u00b0 : cette lampe de cou est \u00e9quip\u00e9e d'un tuyau universel \u00e0 360\u00b0, qui peut r\u00e9gler librement l'angle d'\u00e9clairage pour r\u00e9pondre aux besoins d'\u00e9clairage de diff\u00e9rents angles. Elle est dimmable : la lampe de cou adopte un interrupteur, un r\u00e9glage de la temp\u00e9rature de couleur \u00e0 trois intensit\u00e9s de luminosit\u00e9. Requiert des piles AA non fournies.\u00a0 Une id\u00e9e de cadeau tr\u00e8s pratique \u00e0 offrir en toute circonstance, ou \u00e0 s\u2019offrir pour am\u00e9liorer son confort pendant le travail ou les loisirs.","og_url":"https:\/\/www.spirit-us.eu\/index.php\/produit\/lampe-de-lecture-tour-de-cou\/","og_site_name":"Spirit-US","article_publisher":"https:\/\/www.facebook.com\/spirit.us.deum","article_modified_time":"2025-12-08T17:31:20+00:00","og_image":[{"width":2517,"height":2403,"url":"https:\/\/www.spirit-us.eu\/wp-content\/uploads\/2025\/12\/lampe-de-cou.jpg","type":"image\/jpeg"}],"twitter_card":"summary_large_image","twitter_misc":{"Dur\u00e9e de lecture estim\u00e9e":"1 minute"},"schema":{"@context":"https:\/\/schema.org","@graph":[{"@type":"WebPage","@id":"https:\/\/www.spirit-us.eu\/index.php\/produit\/lampe-de-lecture-tour-de-cou\/","url":"https:\/\/www.spirit-us.eu\/index.php\/produit\/lampe-de-lecture-tour-de-cou\/","name":"LAMPE DE LECTURE - tour de cou - Spirit-US","isPartOf":{"@id":"https:\/\/www.spirit-us.eu\/#website"},"primaryImageOfPage":{"@id":"https:\/\/www.spirit-us.eu\/index.php\/produit\/lampe-de-lecture-tour-de-cou\/#primaryimage"},"image":{"@id":"https:\/\/www.spirit-us.eu\/index.php\/produit\/lampe-de-lecture-tour-de-cou\/#primaryimage"},"thumbnailUrl":"https:\/\/www.spirit-us.eu\/wp-content\/uploads\/2025\/12\/lampe-de-cou.jpg","datePublished":"2025-12-08T16:36:11+00:00","dateModified":"2025-12-08T17:31:20+00:00","breadcrumb":{"@id":"https:\/\/www.spirit-us.eu\/index.php\/produit\/lampe-de-lecture-tour-de-cou\/#breadcrumb"},"inLanguage":"fr-FR","potentialAction":[{"@type":"ReadAction","target":["https:\/\/www.spirit-us.eu\/index.php\/produit\/lampe-de-lecture-tour-de-cou\/"]}]},{"@type":"ImageObject","inLanguage":"fr-FR","@id":"https:\/\/www.spirit-us.eu\/index.php\/produit\/lampe-de-lecture-tour-de-cou\/#primaryimage","url":"https:\/\/www.spirit-us.eu\/wp-content\/uploads\/2025\/12\/lampe-de-cou.jpg","contentUrl":"https:\/\/www.spirit-us.eu\/wp-content\/uploads\/2025\/12\/lampe-de-cou.jpg","width":2517,"height":2403},{"@type":"BreadcrumbList","@id":"https:\/\/www.spirit-us.eu\/index.php\/produit\/lampe-de-lecture-tour-de-cou\/#breadcrumb","itemListElement":[{"@type":"ListItem","position":1,"name":"Accueil","item":"https:\/\/www.spirit-us.eu\/"},{"@type":"ListItem","position":2,"name":"Boutique","item":"https:\/\/www.spirit-us.eu\/index.php\/boutique\/"},{"@type":"ListItem","position":3,"name":"LAMPE DE LECTURE &#8211; tour de cou"}]},{"@type":"WebSite","@id":"https:\/\/www.spirit-us.eu\/#website","url":"https:\/\/www.spirit-us.eu\/","name":"Spirit-US","description":"","publisher":{"@id":"https:\/\/www.spirit-us.eu\/#organization"},"potentialAction":[{"@type":"SearchAction","target":{"@type":"EntryPoint","urlTemplate":"https:\/\/www.spirit-us.eu\/?s={search_term_string}"},"query-input":{"@type":"PropertyValueSpecification","valueRequired":true,"valueName":"search_term_string"}}],"inLanguage":"fr-FR"},{"@type":"Organization","@id":"https:\/\/www.spirit-us.eu\/#organization","name":"Spirit-US","url":"https:\/\/www.spirit-us.eu\/","logo":{"@type":"ImageObject","inLanguage":"fr-FR","@id":"https:\/\/www.spirit-us.eu\/#\/schema\/logo\/image\/","url":"https:\/\/www.spirit-us.eu\/wp-content\/uploads\/2025\/11\/logo-regarde-linterlocutrice-sans-arrriere-plan.jpg","contentUrl":"https:\/\/www.spirit-us.eu\/wp-content\/uploads\/2025\/11\/logo-regarde-linterlocutrice-sans-arrriere-plan.jpg","width":1080,"height":1080,"caption":"Spirit-US"},"image":{"@id":"https:\/\/www.spirit-us.eu\/#\/schema\/logo\/image\/"},"sameAs":["https:\/\/www.facebook.com\/spirit.us.deum"]}]}},"jetpack_sharing_enabled":true,"_links":{"self":[{"href":"https:\/\/www.spirit-us.eu\/index.php\/wp-json\/wp\/v2\/product\/2878","targetHints":{"allow":["GET"]}}],"collection":[{"href":"https:\/\/www.spirit-us.eu\/index.php\/wp-json\/wp\/v2\/product"}],"about":[{"href":"https:\/\/www.spirit-us.eu\/index.php\/wp-json\/wp\/v2\/types\/product"}],"replies":[{"embeddable":true,"href":"https:\/\/www.spirit-us.eu\/index.php\/wp-json\/wp\/v2\/comments?post=2878"}],"wp:featuredmedia":[{"embeddable":true,"href":"https:\/\/www.spirit-us.eu\/index.php\/wp-json\/wp\/v2\/media\/2869"}],"wp:attachment":[{"href":"https:\/\/www.spirit-us.eu\/index.php\/wp-json\/wp\/v2\/media?parent=2878"}],"wp:term":[{"taxonomy":"product_brand","embeddable":true,"href":"https:\/\/www.spirit-us.eu\/index.php\/wp-json\/wp\/v2\/product_brand?post=2878"},{"taxonomy":"product_cat","embeddable":true,"href":"https:\/\/www.spirit-us.eu\/index.php\/wp-json\/wp\/v2\/product_cat?post=2878"},{"taxonomy":"product_tag","embeddable":true,"href":"https:\/\/www.spirit-us.eu\/index.php\/wp-json\/wp\/v2\/product_tag?post=2878"},{"taxonomy":"mwb_booking_cost","embeddable":true,"href":"https:\/\/www.spirit-us.eu\/index.php\/wp-json\/wp\/v2\/mwb_booking_cost?post=2878"},{"taxonomy":"mwb_booking_service","embeddable":true,"href":"https:\/\/www.spirit-us.eu\/index.php\/wp-json\/wp\/v2\/mwb_booking_service?post=2878"}],"curies":[{"name":"wp","href":"https:\/\/api.w.org\/{rel}","templated":true}]}}