{"id":2807,"date":"2025-12-06T16:24:04","date_gmt":"2025-12-06T15:24:04","guid":{"rendered":"https:\/\/www.spirit-us.eu\/?post_type=product&#038;p=2807"},"modified":"2025-12-17T14:41:20","modified_gmt":"2025-12-17T13:41:20","slug":"collier-en-rubis-chakra-racine","status":"publish","type":"product","link":"https:\/\/www.spirit-us.eu\/index.php\/produit\/collier-en-rubis-chakra-racine\/","title":{"rendered":"Collier en RUBIS &#8211; CHAKRA RACINE"},"content":{"rendered":"<p>Collier tr\u00e8s pr\u00e9cieux en pierres naturelles pr\u00e9cieuses : rubis taill\u00e9 en facettes, refl\u00e9tant joliment la lumi\u00e8re<\/p>\n<p><strong>Mat\u00e9riaux<\/strong> : pierres naturelles<\/p>\n<p><strong>Couleurs<\/strong> : rouge fonc\u00e9<\/p>\n<p><strong>Longueur du collier : 51 <\/strong>cm<\/p>\n<p><strong>Facture du collier<\/strong> : mont\u00e9 sur \u00e9lastique (sans fermoir)<\/p>\n<p><strong>Composition du bijou<\/strong> : perles de pierres naturelles facett\u00e9es &#8211; rubis\u00a0 2 mm &#8211; travail tr\u00e8s fin, collier discret et d&rsquo;une tr\u00e8s grande \u00e9l\u00e9gance<\/p>\n<p><strong>Pr\u00e9sentation<\/strong>: livr\u00e9 dans une pochette [bo\u00eetier \u00e0 la demande]<\/p>\n<p>Photos tous droits r\u00e9serv\u00e9s.<\/p>\n<p>Produit 100% manufactur\u00e9 : les perles peuvent varier tr\u00e8s l\u00e9g\u00e8rement en taille.<\/p>\n","protected":false},"excerpt":{"rendered":"<p style=\"text-align: justify;\">Collier fin, tr\u00e8s \u00e9l\u00e9gant, raffin\u00e9, en perles de pierres pr\u00e9cieuses, qui se porte en toute occasion et rehausse toute tenue avec laquelle il sera assorti. Parmi les nombreuses vertus associ\u00e9es \u00e0 la pierre rubis, on trouve des b\u00e9n\u00e9fices li\u00e9es \u00e0 l&rsquo;apaisement et au soulagement. Le stress quotidien est ainsi combattu, en portant simplement la pierre, pour vivre un meilleur \u00e9quilibre int\u00e9rieur et donc une vitalit\u00e9 accrue.\u00a0 Cette pierre pr\u00e9cieuse correspond aux chakras du c\u0153ur et au chakra racine.\u00a0 Cette pierre extraordinaire joue \u00e0 la fois sur l&rsquo;enracinement \u00e0 la terre et sur la stimulation du c\u0153ur, de l&rsquo;amour qu&rsquo;on porte en soi. Le rubis v\u00e9ritable est un min\u00e9ral essentiel pour apporter une belle \u00e9nergie, \u00e9quilibr\u00e9e qui chasse les mauvaises ondes. C&rsquo;est un cadeau d&rsquo;amour si ce collier est destin\u00e9 \u00e0 une personne aim\u00e9e.\u00a0 C&rsquo;est un cadeau \u00e0 soi, si on se l&rsquo;offre, pur amour qu&rsquo;on porte dans le c\u0153ur, pour mieux le donner aux autres.<\/p>\n<p>&nbsp;<\/p>\n","protected":false},"featured_media":2808,"comment_status":"open","ping_status":"closed","template":"","meta":[],"product_brand":[],"product_cat":[156,462,17],"product_tag":[380,332,188,245,186,381,409,289],"mwb_booking_cost":[],"mwb_booking_service":[],"class_list":{"0":"post-2807","1":"product","2":"type-product","3":"status-publish","4":"has-post-thumbnail","6":"product_cat-04-bijoux","7":"product_cat-006-colliers","8":"product_cat-tous-les-produits","9":"product_tag-chakra-coeur","10":"product_tag-chakra-racine","11":"product_tag-chakras-collection","12":"product_tag-energie","13":"product_tag-noel","14":"product_tag-pierres-precieuses","15":"product_tag-rubis","16":"product_tag-vitalite","18":"first","19":"instock","20":"shipping-taxable","21":"purchasable","22":"product-type-simple"},"yoast_head":"<!-- This site is optimized with the Yoast SEO plugin v27.1.1 - https:\/\/yoast.com\/product\/yoast-seo-wordpress\/ -->\n<title>Collier en RUBIS - CHAKRA RACINE - Spirit-US<\/title>\n<meta name=\"robots\" content=\"index, follow, max-snippet:-1, max-image-preview:large, max-video-preview:-1\" \/>\n<link rel=\"canonical\" href=\"https:\/\/www.spirit-us.eu\/index.php\/produit\/collier-en-rubis-chakra-racine\/\" \/>\n<meta property=\"og:locale\" content=\"fr_FR\" \/>\n<meta property=\"og:type\" content=\"article\" \/>\n<meta property=\"og:title\" content=\"Collier en RUBIS - CHAKRA RACINE - Spirit-US\" \/>\n<meta property=\"og:description\" content=\"Collier fin, tr\u00e8s \u00e9l\u00e9gant, raffin\u00e9, en perles de pierres pr\u00e9cieuses, qui se porte en toute occasion et rehausse toute tenue avec laquelle il sera assorti. Parmi les nombreuses vertus associ\u00e9es \u00e0 la pierre rubis, on trouve des b\u00e9n\u00e9fices li\u00e9es \u00e0 l&#039;apaisement et au soulagement. Le stress quotidien est ainsi combattu, en portant simplement la pierre, pour vivre un meilleur \u00e9quilibre int\u00e9rieur et donc une vitalit\u00e9 accrue.\u00a0 Cette pierre pr\u00e9cieuse correspond aux chakras du c\u0153ur et au chakra racine.\u00a0 Cette pierre extraordinaire joue \u00e0 la fois sur l&#039;enracinement \u00e0 la terre et sur la stimulation du c\u0153ur, de l&#039;amour qu&#039;on porte en soi. Le rubis v\u00e9ritable est un min\u00e9ral essentiel pour apporter une belle \u00e9nergie, \u00e9quilibr\u00e9e qui chasse les mauvaises ondes. C&#039;est un cadeau d&#039;amour si ce collier est destin\u00e9 \u00e0 une personne aim\u00e9e.\u00a0 C&#039;est un cadeau \u00e0 soi, si on se l&#039;offre, pur amour qu&#039;on porte dans le c\u0153ur, pour mieux le donner aux autres. &nbsp;\" \/>\n<meta property=\"og:url\" content=\"https:\/\/www.spirit-us.eu\/index.php\/produit\/collier-en-rubis-chakra-racine\/\" \/>\n<meta property=\"og:site_name\" content=\"Spirit-US\" \/>\n<meta property=\"article:publisher\" content=\"https:\/\/www.facebook.com\/spirit.us.deum\" \/>\n<meta property=\"article:modified_time\" content=\"2025-12-17T13:41:20+00:00\" \/>\n<meta property=\"og:image\" content=\"https:\/\/www.spirit-us.eu\/wp-content\/uploads\/2025\/12\/collier-de-rubis-image-produit.png\" \/>\n\t<meta property=\"og:image:width\" content=\"1080\" \/>\n\t<meta property=\"og:image:height\" content=\"1080\" \/>\n\t<meta property=\"og:image:type\" content=\"image\/png\" \/>\n<meta name=\"twitter:card\" content=\"summary_large_image\" \/>\n<meta name=\"twitter:label1\" content=\"Dur\u00e9e de lecture estim\u00e9e\" \/>\n\t<meta name=\"twitter:data1\" content=\"1 minute\" \/>\n<script type=\"application\/ld+json\" class=\"yoast-schema-graph\">{\"@context\":\"https:\/\/schema.org\",\"@graph\":[{\"@type\":\"WebPage\",\"@id\":\"https:\/\/www.spirit-us.eu\/index.php\/produit\/collier-en-rubis-chakra-racine\/\",\"url\":\"https:\/\/www.spirit-us.eu\/index.php\/produit\/collier-en-rubis-chakra-racine\/\",\"name\":\"Collier en RUBIS - CHAKRA RACINE - Spirit-US\",\"isPartOf\":{\"@id\":\"https:\/\/www.spirit-us.eu\/#website\"},\"primaryImageOfPage\":{\"@id\":\"https:\/\/www.spirit-us.eu\/index.php\/produit\/collier-en-rubis-chakra-racine\/#primaryimage\"},\"image\":{\"@id\":\"https:\/\/www.spirit-us.eu\/index.php\/produit\/collier-en-rubis-chakra-racine\/#primaryimage\"},\"thumbnailUrl\":\"https:\/\/www.spirit-us.eu\/wp-content\/uploads\/2025\/12\/collier-de-rubis-image-produit.png\",\"datePublished\":\"2025-12-06T15:24:04+00:00\",\"dateModified\":\"2025-12-17T13:41:20+00:00\",\"breadcrumb\":{\"@id\":\"https:\/\/www.spirit-us.eu\/index.php\/produit\/collier-en-rubis-chakra-racine\/#breadcrumb\"},\"inLanguage\":\"fr-FR\",\"potentialAction\":[{\"@type\":\"ReadAction\",\"target\":[\"https:\/\/www.spirit-us.eu\/index.php\/produit\/collier-en-rubis-chakra-racine\/\"]}]},{\"@type\":\"ImageObject\",\"inLanguage\":\"fr-FR\",\"@id\":\"https:\/\/www.spirit-us.eu\/index.php\/produit\/collier-en-rubis-chakra-racine\/#primaryimage\",\"url\":\"https:\/\/www.spirit-us.eu\/wp-content\/uploads\/2025\/12\/collier-de-rubis-image-produit.png\",\"contentUrl\":\"https:\/\/www.spirit-us.eu\/wp-content\/uploads\/2025\/12\/collier-de-rubis-image-produit.png\",\"width\":1080,\"height\":1080,\"caption\":\"Collier de rubis\"},{\"@type\":\"BreadcrumbList\",\"@id\":\"https:\/\/www.spirit-us.eu\/index.php\/produit\/collier-en-rubis-chakra-racine\/#breadcrumb\",\"itemListElement\":[{\"@type\":\"ListItem\",\"position\":1,\"name\":\"Accueil\",\"item\":\"https:\/\/www.spirit-us.eu\/\"},{\"@type\":\"ListItem\",\"position\":2,\"name\":\"Boutique\",\"item\":\"https:\/\/www.spirit-us.eu\/index.php\/boutique\/\"},{\"@type\":\"ListItem\",\"position\":3,\"name\":\"Collier en RUBIS &#8211; CHAKRA RACINE\"}]},{\"@type\":\"WebSite\",\"@id\":\"https:\/\/www.spirit-us.eu\/#website\",\"url\":\"https:\/\/www.spirit-us.eu\/\",\"name\":\"Spirit-US\",\"description\":\"\",\"publisher\":{\"@id\":\"https:\/\/www.spirit-us.eu\/#organization\"},\"potentialAction\":[{\"@type\":\"SearchAction\",\"target\":{\"@type\":\"EntryPoint\",\"urlTemplate\":\"https:\/\/www.spirit-us.eu\/?s={search_term_string}\"},\"query-input\":{\"@type\":\"PropertyValueSpecification\",\"valueRequired\":true,\"valueName\":\"search_term_string\"}}],\"inLanguage\":\"fr-FR\"},{\"@type\":\"Organization\",\"@id\":\"https:\/\/www.spirit-us.eu\/#organization\",\"name\":\"Spirit-US\",\"url\":\"https:\/\/www.spirit-us.eu\/\",\"logo\":{\"@type\":\"ImageObject\",\"inLanguage\":\"fr-FR\",\"@id\":\"https:\/\/www.spirit-us.eu\/#\/schema\/logo\/image\/\",\"url\":\"https:\/\/www.spirit-us.eu\/wp-content\/uploads\/2025\/11\/logo-regarde-linterlocutrice-sans-arrriere-plan.jpg\",\"contentUrl\":\"https:\/\/www.spirit-us.eu\/wp-content\/uploads\/2025\/11\/logo-regarde-linterlocutrice-sans-arrriere-plan.jpg\",\"width\":1080,\"height\":1080,\"caption\":\"Spirit-US\"},\"image\":{\"@id\":\"https:\/\/www.spirit-us.eu\/#\/schema\/logo\/image\/\"},\"sameAs\":[\"https:\/\/www.facebook.com\/spirit.us.deum\"]}]}<\/script>\n<!-- \/ Yoast SEO plugin. -->","yoast_head_json":{"title":"Collier en RUBIS - CHAKRA RACINE - Spirit-US","robots":{"index":"index","follow":"follow","max-snippet":"max-snippet:-1","max-image-preview":"max-image-preview:large","max-video-preview":"max-video-preview:-1"},"canonical":"https:\/\/www.spirit-us.eu\/index.php\/produit\/collier-en-rubis-chakra-racine\/","og_locale":"fr_FR","og_type":"article","og_title":"Collier en RUBIS - CHAKRA RACINE - Spirit-US","og_description":"Collier fin, tr\u00e8s \u00e9l\u00e9gant, raffin\u00e9, en perles de pierres pr\u00e9cieuses, qui se porte en toute occasion et rehausse toute tenue avec laquelle il sera assorti. Parmi les nombreuses vertus associ\u00e9es \u00e0 la pierre rubis, on trouve des b\u00e9n\u00e9fices li\u00e9es \u00e0 l'apaisement et au soulagement. Le stress quotidien est ainsi combattu, en portant simplement la pierre, pour vivre un meilleur \u00e9quilibre int\u00e9rieur et donc une vitalit\u00e9 accrue.\u00a0 Cette pierre pr\u00e9cieuse correspond aux chakras du c\u0153ur et au chakra racine.\u00a0 Cette pierre extraordinaire joue \u00e0 la fois sur l'enracinement \u00e0 la terre et sur la stimulation du c\u0153ur, de l'amour qu'on porte en soi. Le rubis v\u00e9ritable est un min\u00e9ral essentiel pour apporter une belle \u00e9nergie, \u00e9quilibr\u00e9e qui chasse les mauvaises ondes. C'est un cadeau d'amour si ce collier est destin\u00e9 \u00e0 une personne aim\u00e9e.\u00a0 C'est un cadeau \u00e0 soi, si on se l'offre, pur amour qu'on porte dans le c\u0153ur, pour mieux le donner aux autres. &nbsp;","og_url":"https:\/\/www.spirit-us.eu\/index.php\/produit\/collier-en-rubis-chakra-racine\/","og_site_name":"Spirit-US","article_publisher":"https:\/\/www.facebook.com\/spirit.us.deum","article_modified_time":"2025-12-17T13:41:20+00:00","og_image":[{"width":1080,"height":1080,"url":"https:\/\/www.spirit-us.eu\/wp-content\/uploads\/2025\/12\/collier-de-rubis-image-produit.png","type":"image\/png"}],"twitter_card":"summary_large_image","twitter_misc":{"Dur\u00e9e de lecture estim\u00e9e":"1 minute"},"schema":{"@context":"https:\/\/schema.org","@graph":[{"@type":"WebPage","@id":"https:\/\/www.spirit-us.eu\/index.php\/produit\/collier-en-rubis-chakra-racine\/","url":"https:\/\/www.spirit-us.eu\/index.php\/produit\/collier-en-rubis-chakra-racine\/","name":"Collier en RUBIS - CHAKRA RACINE - Spirit-US","isPartOf":{"@id":"https:\/\/www.spirit-us.eu\/#website"},"primaryImageOfPage":{"@id":"https:\/\/www.spirit-us.eu\/index.php\/produit\/collier-en-rubis-chakra-racine\/#primaryimage"},"image":{"@id":"https:\/\/www.spirit-us.eu\/index.php\/produit\/collier-en-rubis-chakra-racine\/#primaryimage"},"thumbnailUrl":"https:\/\/www.spirit-us.eu\/wp-content\/uploads\/2025\/12\/collier-de-rubis-image-produit.png","datePublished":"2025-12-06T15:24:04+00:00","dateModified":"2025-12-17T13:41:20+00:00","breadcrumb":{"@id":"https:\/\/www.spirit-us.eu\/index.php\/produit\/collier-en-rubis-chakra-racine\/#breadcrumb"},"inLanguage":"fr-FR","potentialAction":[{"@type":"ReadAction","target":["https:\/\/www.spirit-us.eu\/index.php\/produit\/collier-en-rubis-chakra-racine\/"]}]},{"@type":"ImageObject","inLanguage":"fr-FR","@id":"https:\/\/www.spirit-us.eu\/index.php\/produit\/collier-en-rubis-chakra-racine\/#primaryimage","url":"https:\/\/www.spirit-us.eu\/wp-content\/uploads\/2025\/12\/collier-de-rubis-image-produit.png","contentUrl":"https:\/\/www.spirit-us.eu\/wp-content\/uploads\/2025\/12\/collier-de-rubis-image-produit.png","width":1080,"height":1080,"caption":"Collier de rubis"},{"@type":"BreadcrumbList","@id":"https:\/\/www.spirit-us.eu\/index.php\/produit\/collier-en-rubis-chakra-racine\/#breadcrumb","itemListElement":[{"@type":"ListItem","position":1,"name":"Accueil","item":"https:\/\/www.spirit-us.eu\/"},{"@type":"ListItem","position":2,"name":"Boutique","item":"https:\/\/www.spirit-us.eu\/index.php\/boutique\/"},{"@type":"ListItem","position":3,"name":"Collier en RUBIS &#8211; CHAKRA RACINE"}]},{"@type":"WebSite","@id":"https:\/\/www.spirit-us.eu\/#website","url":"https:\/\/www.spirit-us.eu\/","name":"Spirit-US","description":"","publisher":{"@id":"https:\/\/www.spirit-us.eu\/#organization"},"potentialAction":[{"@type":"SearchAction","target":{"@type":"EntryPoint","urlTemplate":"https:\/\/www.spirit-us.eu\/?s={search_term_string}"},"query-input":{"@type":"PropertyValueSpecification","valueRequired":true,"valueName":"search_term_string"}}],"inLanguage":"fr-FR"},{"@type":"Organization","@id":"https:\/\/www.spirit-us.eu\/#organization","name":"Spirit-US","url":"https:\/\/www.spirit-us.eu\/","logo":{"@type":"ImageObject","inLanguage":"fr-FR","@id":"https:\/\/www.spirit-us.eu\/#\/schema\/logo\/image\/","url":"https:\/\/www.spirit-us.eu\/wp-content\/uploads\/2025\/11\/logo-regarde-linterlocutrice-sans-arrriere-plan.jpg","contentUrl":"https:\/\/www.spirit-us.eu\/wp-content\/uploads\/2025\/11\/logo-regarde-linterlocutrice-sans-arrriere-plan.jpg","width":1080,"height":1080,"caption":"Spirit-US"},"image":{"@id":"https:\/\/www.spirit-us.eu\/#\/schema\/logo\/image\/"},"sameAs":["https:\/\/www.facebook.com\/spirit.us.deum"]}]}},"jetpack_sharing_enabled":true,"_links":{"self":[{"href":"https:\/\/www.spirit-us.eu\/index.php\/wp-json\/wp\/v2\/product\/2807","targetHints":{"allow":["GET"]}}],"collection":[{"href":"https:\/\/www.spirit-us.eu\/index.php\/wp-json\/wp\/v2\/product"}],"about":[{"href":"https:\/\/www.spirit-us.eu\/index.php\/wp-json\/wp\/v2\/types\/product"}],"replies":[{"embeddable":true,"href":"https:\/\/www.spirit-us.eu\/index.php\/wp-json\/wp\/v2\/comments?post=2807"}],"wp:featuredmedia":[{"embeddable":true,"href":"https:\/\/www.spirit-us.eu\/index.php\/wp-json\/wp\/v2\/media\/2808"}],"wp:attachment":[{"href":"https:\/\/www.spirit-us.eu\/index.php\/wp-json\/wp\/v2\/media?parent=2807"}],"wp:term":[{"taxonomy":"product_brand","embeddable":true,"href":"https:\/\/www.spirit-us.eu\/index.php\/wp-json\/wp\/v2\/product_brand?post=2807"},{"taxonomy":"product_cat","embeddable":true,"href":"https:\/\/www.spirit-us.eu\/index.php\/wp-json\/wp\/v2\/product_cat?post=2807"},{"taxonomy":"product_tag","embeddable":true,"href":"https:\/\/www.spirit-us.eu\/index.php\/wp-json\/wp\/v2\/product_tag?post=2807"},{"taxonomy":"mwb_booking_cost","embeddable":true,"href":"https:\/\/www.spirit-us.eu\/index.php\/wp-json\/wp\/v2\/mwb_booking_cost?post=2807"},{"taxonomy":"mwb_booking_service","embeddable":true,"href":"https:\/\/www.spirit-us.eu\/index.php\/wp-json\/wp\/v2\/mwb_booking_service?post=2807"}],"curies":[{"name":"wp","href":"https:\/\/api.w.org\/{rel}","templated":true}]}}