{"id":2773,"date":"2025-12-02T13:05:29","date_gmt":"2025-12-02T12:05:29","guid":{"rendered":"https:\/\/www.spirit-us.eu\/?post_type=product&#038;p=2773"},"modified":"2026-01-26T12:43:51","modified_gmt":"2026-01-26T11:43:51","slug":"benitier-creche-de-noel","status":"publish","type":"product","link":"https:\/\/www.spirit-us.eu\/index.php\/produit\/benitier-creche-de-noel\/","title":{"rendered":"BENITIER de la Sainte Famille"},"content":{"rendered":"<p><strong>Dimensions<\/strong>\u00a0:<\/p>\n<ul>\n<li>Hauteur\u00a0: 13,5 cm (attention, cette r\u00e9sine est manufactur\u00e9e et il peut y avoir des variations de quelques millim\u00e8tres dans les dimensions indiqu\u00e9es)<\/li>\n<li>Largeur\u00a0: 6,5 cm<\/li>\n<li>Epaisseur\u00a0: 3,5 cm<\/li>\n<li>Profondeur pour l\u2019eau b\u00e9nite\u00a0: 3 cm<\/li>\n<\/ul>\n<p><strong>Mat\u00e9riau<\/strong>\u00a0: r\u00e9sine peinte<\/p>\n<p><strong>Couleurs\u00a0<\/strong>: la blanc \u00ab\u00a0vieilli\u00a0\u00bb domine dans le d\u00e9cor et les v\u00eatements des trois figures saintes, couleur chair et cheveux ch\u00e2tains pour les personnages<\/p>\n<p><strong>Syst\u00e8me de suspension<\/strong>\u00a0: attache murale \u2013 le faible poids de l\u2019objet permet de le suspendre sans difficult\u00e9<\/p>\n<p>Livr\u00e9 b\u00e9ni et purifi\u00e9, pr\u00eat \u00e0 l\u2019emploi.<\/p>\n","protected":false},"excerpt":{"rendered":"<p style=\"text-align: justify;\">Petit b\u00e9nitier tr\u00e8s pratique, qu\u2019on utilise en tous temps, mais qu\u2019on peut inaugurer au temps de No\u00ebl, puisqu\u2019il repr\u00e9sente la Sainte Famille lors de naissance de l\u2019Enfant-J\u00e9sus.\u00a0 On le place dans un endroit discret l\u00e0 o\u00f9 l\u2019on prie, et rempli d\u2019eau b\u00e9nite, il vous permettra de vous purifier avant chaque pri\u00e8re.\u00a0 On peut aussi le placer \u00e0 l\u2019entr\u00e9e de la maison, pour recevoir l\u2019inconditionnelle protection de la Sainte-Famille.\u00a0 On peut m\u00eame le mettre dans un calendrier de l\u2019Avent fait maison, ou l\u2019offrir en cadeau, \u00e0 tout moment, \u00e0 une personne pieuse.<\/p>\n<p style=\"text-align: justify;\">Pour b\u00e9nir votre eau et ne jamais en manquer, r\u00e9f\u00e9rez-vous \u00e0 notre c\u00e9r\u00e9monie de b\u00e9n\u00e9diction en suivant <a href=\"https:\/\/www.spirit-us.eu\/index.php\/produit\/eau-benite-benir-leau-chez-soi\/\" target=\"_blank\" rel=\"noopener\">ce lien<\/a>.<\/p>\n","protected":false},"featured_media":2779,"comment_status":"open","ping_status":"closed","template":"","meta":[],"product_brand":[],"product_cat":[180,495,166,17],"product_tag":[408,186,407],"mwb_booking_cost":[],"mwb_booking_service":[],"class_list":{"0":"post-2773","1":"product","2":"type-product","3":"status-publish","4":"has-post-thumbnail","6":"product_cat-09-decoration","7":"product_cat-noel","8":"product_cat-07-spiritualite-et-benedictions","9":"product_cat-tous-les-produits","10":"product_tag-benitier","11":"product_tag-noel","12":"product_tag-sainte-famille","14":"first","15":"instock","16":"shipping-taxable","17":"purchasable","18":"product-type-simple"},"yoast_head":"<!-- This site is optimized with the Yoast SEO plugin v27.1.1 - https:\/\/yoast.com\/product\/yoast-seo-wordpress\/ -->\n<title>BENITIER de la Sainte Famille - Spirit-US<\/title>\n<meta name=\"robots\" content=\"index, follow, max-snippet:-1, max-image-preview:large, max-video-preview:-1\" \/>\n<link rel=\"canonical\" href=\"https:\/\/www.spirit-us.eu\/index.php\/produit\/benitier-creche-de-noel\/\" \/>\n<meta property=\"og:locale\" content=\"fr_FR\" \/>\n<meta property=\"og:type\" content=\"article\" \/>\n<meta property=\"og:title\" content=\"BENITIER de la Sainte Famille - Spirit-US\" \/>\n<meta property=\"og:description\" content=\"Petit b\u00e9nitier tr\u00e8s pratique, qu\u2019on utilise en tous temps, mais qu\u2019on peut inaugurer au temps de No\u00ebl, puisqu\u2019il repr\u00e9sente la Sainte Famille lors de naissance de l\u2019Enfant-J\u00e9sus.\u00a0 On le place dans un endroit discret l\u00e0 o\u00f9 l\u2019on prie, et rempli d\u2019eau b\u00e9nite, il vous permettra de vous purifier avant chaque pri\u00e8re.\u00a0 On peut aussi le placer \u00e0 l\u2019entr\u00e9e de la maison, pour recevoir l\u2019inconditionnelle protection de la Sainte-Famille.\u00a0 On peut m\u00eame le mettre dans un calendrier de l\u2019Avent fait maison, ou l\u2019offrir en cadeau, \u00e0 tout moment, \u00e0 une personne pieuse. Pour b\u00e9nir votre eau et ne jamais en manquer, r\u00e9f\u00e9rez-vous \u00e0 notre c\u00e9r\u00e9monie de b\u00e9n\u00e9diction en suivant ce lien.\" \/>\n<meta property=\"og:url\" content=\"https:\/\/www.spirit-us.eu\/index.php\/produit\/benitier-creche-de-noel\/\" \/>\n<meta property=\"og:site_name\" content=\"Spirit-US\" \/>\n<meta property=\"article:publisher\" content=\"https:\/\/www.facebook.com\/spirit.us.deum\" \/>\n<meta property=\"article:modified_time\" content=\"2026-01-26T11:43:51+00:00\" \/>\n<meta property=\"og:image\" content=\"https:\/\/www.spirit-us.eu\/wp-content\/uploads\/2025\/12\/benitier-sainte-famille-768x768.png\" \/>\n\t<meta property=\"og:image:width\" content=\"768\" \/>\n\t<meta property=\"og:image:height\" content=\"768\" \/>\n\t<meta property=\"og:image:type\" content=\"image\/png\" \/>\n<meta name=\"twitter:card\" content=\"summary_large_image\" \/>\n<meta name=\"twitter:label1\" content=\"Dur\u00e9e de lecture estim\u00e9e\" \/>\n\t<meta name=\"twitter:data1\" content=\"1 minute\" \/>\n<script type=\"application\/ld+json\" class=\"yoast-schema-graph\">{\"@context\":\"https:\/\/schema.org\",\"@graph\":[{\"@type\":\"WebPage\",\"@id\":\"https:\/\/www.spirit-us.eu\/index.php\/produit\/benitier-creche-de-noel\/\",\"url\":\"https:\/\/www.spirit-us.eu\/index.php\/produit\/benitier-creche-de-noel\/\",\"name\":\"BENITIER de la Sainte Famille - Spirit-US\",\"isPartOf\":{\"@id\":\"https:\/\/www.spirit-us.eu\/#website\"},\"primaryImageOfPage\":{\"@id\":\"https:\/\/www.spirit-us.eu\/index.php\/produit\/benitier-creche-de-noel\/#primaryimage\"},\"image\":{\"@id\":\"https:\/\/www.spirit-us.eu\/index.php\/produit\/benitier-creche-de-noel\/#primaryimage\"},\"thumbnailUrl\":\"https:\/\/www.spirit-us.eu\/wp-content\/uploads\/2025\/12\/benitier-sainte-famille.png\",\"datePublished\":\"2025-12-02T12:05:29+00:00\",\"dateModified\":\"2026-01-26T11:43:51+00:00\",\"breadcrumb\":{\"@id\":\"https:\/\/www.spirit-us.eu\/index.php\/produit\/benitier-creche-de-noel\/#breadcrumb\"},\"inLanguage\":\"fr-FR\",\"potentialAction\":[{\"@type\":\"ReadAction\",\"target\":[\"https:\/\/www.spirit-us.eu\/index.php\/produit\/benitier-creche-de-noel\/\"]}]},{\"@type\":\"ImageObject\",\"inLanguage\":\"fr-FR\",\"@id\":\"https:\/\/www.spirit-us.eu\/index.php\/produit\/benitier-creche-de-noel\/#primaryimage\",\"url\":\"https:\/\/www.spirit-us.eu\/wp-content\/uploads\/2025\/12\/benitier-sainte-famille.png\",\"contentUrl\":\"https:\/\/www.spirit-us.eu\/wp-content\/uploads\/2025\/12\/benitier-sainte-famille.png\",\"width\":1620,\"height\":1620},{\"@type\":\"BreadcrumbList\",\"@id\":\"https:\/\/www.spirit-us.eu\/index.php\/produit\/benitier-creche-de-noel\/#breadcrumb\",\"itemListElement\":[{\"@type\":\"ListItem\",\"position\":1,\"name\":\"Accueil\",\"item\":\"https:\/\/www.spirit-us.eu\/\"},{\"@type\":\"ListItem\",\"position\":2,\"name\":\"Boutique\",\"item\":\"https:\/\/www.spirit-us.eu\/index.php\/boutique\/\"},{\"@type\":\"ListItem\",\"position\":3,\"name\":\"BENITIER de la Sainte Famille\"}]},{\"@type\":\"WebSite\",\"@id\":\"https:\/\/www.spirit-us.eu\/#website\",\"url\":\"https:\/\/www.spirit-us.eu\/\",\"name\":\"Spirit-US\",\"description\":\"\",\"publisher\":{\"@id\":\"https:\/\/www.spirit-us.eu\/#organization\"},\"potentialAction\":[{\"@type\":\"SearchAction\",\"target\":{\"@type\":\"EntryPoint\",\"urlTemplate\":\"https:\/\/www.spirit-us.eu\/?s={search_term_string}\"},\"query-input\":{\"@type\":\"PropertyValueSpecification\",\"valueRequired\":true,\"valueName\":\"search_term_string\"}}],\"inLanguage\":\"fr-FR\"},{\"@type\":\"Organization\",\"@id\":\"https:\/\/www.spirit-us.eu\/#organization\",\"name\":\"Spirit-US\",\"url\":\"https:\/\/www.spirit-us.eu\/\",\"logo\":{\"@type\":\"ImageObject\",\"inLanguage\":\"fr-FR\",\"@id\":\"https:\/\/www.spirit-us.eu\/#\/schema\/logo\/image\/\",\"url\":\"https:\/\/www.spirit-us.eu\/wp-content\/uploads\/2025\/11\/logo-regarde-linterlocutrice-sans-arrriere-plan.jpg\",\"contentUrl\":\"https:\/\/www.spirit-us.eu\/wp-content\/uploads\/2025\/11\/logo-regarde-linterlocutrice-sans-arrriere-plan.jpg\",\"width\":1080,\"height\":1080,\"caption\":\"Spirit-US\"},\"image\":{\"@id\":\"https:\/\/www.spirit-us.eu\/#\/schema\/logo\/image\/\"},\"sameAs\":[\"https:\/\/www.facebook.com\/spirit.us.deum\"]}]}<\/script>\n<!-- \/ Yoast SEO plugin. -->","yoast_head_json":{"title":"BENITIER de la Sainte Famille - Spirit-US","robots":{"index":"index","follow":"follow","max-snippet":"max-snippet:-1","max-image-preview":"max-image-preview:large","max-video-preview":"max-video-preview:-1"},"canonical":"https:\/\/www.spirit-us.eu\/index.php\/produit\/benitier-creche-de-noel\/","og_locale":"fr_FR","og_type":"article","og_title":"BENITIER de la Sainte Famille - Spirit-US","og_description":"Petit b\u00e9nitier tr\u00e8s pratique, qu\u2019on utilise en tous temps, mais qu\u2019on peut inaugurer au temps de No\u00ebl, puisqu\u2019il repr\u00e9sente la Sainte Famille lors de naissance de l\u2019Enfant-J\u00e9sus.\u00a0 On le place dans un endroit discret l\u00e0 o\u00f9 l\u2019on prie, et rempli d\u2019eau b\u00e9nite, il vous permettra de vous purifier avant chaque pri\u00e8re.\u00a0 On peut aussi le placer \u00e0 l\u2019entr\u00e9e de la maison, pour recevoir l\u2019inconditionnelle protection de la Sainte-Famille.\u00a0 On peut m\u00eame le mettre dans un calendrier de l\u2019Avent fait maison, ou l\u2019offrir en cadeau, \u00e0 tout moment, \u00e0 une personne pieuse. Pour b\u00e9nir votre eau et ne jamais en manquer, r\u00e9f\u00e9rez-vous \u00e0 notre c\u00e9r\u00e9monie de b\u00e9n\u00e9diction en suivant ce lien.","og_url":"https:\/\/www.spirit-us.eu\/index.php\/produit\/benitier-creche-de-noel\/","og_site_name":"Spirit-US","article_publisher":"https:\/\/www.facebook.com\/spirit.us.deum","article_modified_time":"2026-01-26T11:43:51+00:00","og_image":[{"width":768,"height":768,"url":"https:\/\/www.spirit-us.eu\/wp-content\/uploads\/2025\/12\/benitier-sainte-famille-768x768.png","type":"image\/png"}],"twitter_card":"summary_large_image","twitter_misc":{"Dur\u00e9e de lecture estim\u00e9e":"1 minute"},"schema":{"@context":"https:\/\/schema.org","@graph":[{"@type":"WebPage","@id":"https:\/\/www.spirit-us.eu\/index.php\/produit\/benitier-creche-de-noel\/","url":"https:\/\/www.spirit-us.eu\/index.php\/produit\/benitier-creche-de-noel\/","name":"BENITIER de la Sainte Famille - Spirit-US","isPartOf":{"@id":"https:\/\/www.spirit-us.eu\/#website"},"primaryImageOfPage":{"@id":"https:\/\/www.spirit-us.eu\/index.php\/produit\/benitier-creche-de-noel\/#primaryimage"},"image":{"@id":"https:\/\/www.spirit-us.eu\/index.php\/produit\/benitier-creche-de-noel\/#primaryimage"},"thumbnailUrl":"https:\/\/www.spirit-us.eu\/wp-content\/uploads\/2025\/12\/benitier-sainte-famille.png","datePublished":"2025-12-02T12:05:29+00:00","dateModified":"2026-01-26T11:43:51+00:00","breadcrumb":{"@id":"https:\/\/www.spirit-us.eu\/index.php\/produit\/benitier-creche-de-noel\/#breadcrumb"},"inLanguage":"fr-FR","potentialAction":[{"@type":"ReadAction","target":["https:\/\/www.spirit-us.eu\/index.php\/produit\/benitier-creche-de-noel\/"]}]},{"@type":"ImageObject","inLanguage":"fr-FR","@id":"https:\/\/www.spirit-us.eu\/index.php\/produit\/benitier-creche-de-noel\/#primaryimage","url":"https:\/\/www.spirit-us.eu\/wp-content\/uploads\/2025\/12\/benitier-sainte-famille.png","contentUrl":"https:\/\/www.spirit-us.eu\/wp-content\/uploads\/2025\/12\/benitier-sainte-famille.png","width":1620,"height":1620},{"@type":"BreadcrumbList","@id":"https:\/\/www.spirit-us.eu\/index.php\/produit\/benitier-creche-de-noel\/#breadcrumb","itemListElement":[{"@type":"ListItem","position":1,"name":"Accueil","item":"https:\/\/www.spirit-us.eu\/"},{"@type":"ListItem","position":2,"name":"Boutique","item":"https:\/\/www.spirit-us.eu\/index.php\/boutique\/"},{"@type":"ListItem","position":3,"name":"BENITIER de la Sainte Famille"}]},{"@type":"WebSite","@id":"https:\/\/www.spirit-us.eu\/#website","url":"https:\/\/www.spirit-us.eu\/","name":"Spirit-US","description":"","publisher":{"@id":"https:\/\/www.spirit-us.eu\/#organization"},"potentialAction":[{"@type":"SearchAction","target":{"@type":"EntryPoint","urlTemplate":"https:\/\/www.spirit-us.eu\/?s={search_term_string}"},"query-input":{"@type":"PropertyValueSpecification","valueRequired":true,"valueName":"search_term_string"}}],"inLanguage":"fr-FR"},{"@type":"Organization","@id":"https:\/\/www.spirit-us.eu\/#organization","name":"Spirit-US","url":"https:\/\/www.spirit-us.eu\/","logo":{"@type":"ImageObject","inLanguage":"fr-FR","@id":"https:\/\/www.spirit-us.eu\/#\/schema\/logo\/image\/","url":"https:\/\/www.spirit-us.eu\/wp-content\/uploads\/2025\/11\/logo-regarde-linterlocutrice-sans-arrriere-plan.jpg","contentUrl":"https:\/\/www.spirit-us.eu\/wp-content\/uploads\/2025\/11\/logo-regarde-linterlocutrice-sans-arrriere-plan.jpg","width":1080,"height":1080,"caption":"Spirit-US"},"image":{"@id":"https:\/\/www.spirit-us.eu\/#\/schema\/logo\/image\/"},"sameAs":["https:\/\/www.facebook.com\/spirit.us.deum"]}]}},"jetpack_sharing_enabled":true,"_links":{"self":[{"href":"https:\/\/www.spirit-us.eu\/index.php\/wp-json\/wp\/v2\/product\/2773","targetHints":{"allow":["GET"]}}],"collection":[{"href":"https:\/\/www.spirit-us.eu\/index.php\/wp-json\/wp\/v2\/product"}],"about":[{"href":"https:\/\/www.spirit-us.eu\/index.php\/wp-json\/wp\/v2\/types\/product"}],"replies":[{"embeddable":true,"href":"https:\/\/www.spirit-us.eu\/index.php\/wp-json\/wp\/v2\/comments?post=2773"}],"wp:featuredmedia":[{"embeddable":true,"href":"https:\/\/www.spirit-us.eu\/index.php\/wp-json\/wp\/v2\/media\/2779"}],"wp:attachment":[{"href":"https:\/\/www.spirit-us.eu\/index.php\/wp-json\/wp\/v2\/media?parent=2773"}],"wp:term":[{"taxonomy":"product_brand","embeddable":true,"href":"https:\/\/www.spirit-us.eu\/index.php\/wp-json\/wp\/v2\/product_brand?post=2773"},{"taxonomy":"product_cat","embeddable":true,"href":"https:\/\/www.spirit-us.eu\/index.php\/wp-json\/wp\/v2\/product_cat?post=2773"},{"taxonomy":"product_tag","embeddable":true,"href":"https:\/\/www.spirit-us.eu\/index.php\/wp-json\/wp\/v2\/product_tag?post=2773"},{"taxonomy":"mwb_booking_cost","embeddable":true,"href":"https:\/\/www.spirit-us.eu\/index.php\/wp-json\/wp\/v2\/mwb_booking_cost?post=2773"},{"taxonomy":"mwb_booking_service","embeddable":true,"href":"https:\/\/www.spirit-us.eu\/index.php\/wp-json\/wp\/v2\/mwb_booking_service?post=2773"}],"curies":[{"name":"wp","href":"https:\/\/api.w.org\/{rel}","templated":true}]}}