{"id":2771,"date":"2025-11-28T16:20:03","date_gmt":"2025-11-28T15:20:03","guid":{"rendered":"https:\/\/www.spirit-us.eu\/?post_type=product&#038;p=2771"},"modified":"2025-11-28T16:24:45","modified_gmt":"2025-11-28T15:24:45","slug":"oiseau-en-pierres-fines-toucan","status":"publish","type":"product","link":"https:\/\/www.spirit-us.eu\/index.php\/produit\/oiseau-en-pierres-fines-toucan\/","title":{"rendered":"OISEAU EN PIERRES FINES (toucan)"},"content":{"rendered":"<p>Oiseau en pierres fines assembl\u00e9es et 100% manufactur\u00e9es<\/p>\n<p><strong>Mat\u00e9riaux<\/strong>\u00a0: pierres fines, m\u00e9tal, m\u00e9tal argent\u00e9<\/p>\n<p><strong>Couleurs\u00a0<\/strong>: multicolore<\/p>\n<ul>\n<li>Tons bleu, gris et orang\u00e9 dominants<\/li>\n<\/ul>\n<p><strong>Socle<\/strong>\u00a0:<\/p>\n<ul>\n<li>Pierres fines<\/li>\n<li>De par le fait que cet objet est manufactur\u00e9 et pos\u00e9 sur un socle en pierre naturelle, celui-ci n\u2019est pas r\u00e9gulier.<\/li>\n<\/ul>\n<p><strong>Dimensions\u00a0: <\/strong><\/p>\n<ul>\n<li>Hauteur 11,5 cm<\/li>\n<li>Amplitude 5 cm<\/li>\n<li>Socle en m\u00e9tal irr\u00e9gulier<\/li>\n<\/ul>\n<p>&nbsp;<\/p>\n","protected":false},"excerpt":{"rendered":"<p style=\"text-align: justify;\">Magnifique oiseau en pierres fines, sculpt\u00e9 enti\u00e8rement \u00e0 la main, sur socle manufactur\u00e9.\u00a0 Les pattes sont en m\u00e9tal argent\u00e9.\u00a0 Il peut servir de presse-papier, mais il sublimera aussi un coin de biblioth\u00e8que ou de votre bureau, de votre salon.\u00a0 Multicolore, il s\u2019harmonise avec de nombreux environnements.\u00a0 Voici votre toucan au bec bleu, pr\u00eat \u00e0 vous faire la conversation\u00a0! Faites plaisir ou faites-vous plaisir\u00a0! C\u2019est une pi\u00e8ce unique.<\/p>\n","protected":false},"featured_media":2760,"comment_status":"open","ping_status":"closed","template":"","meta":[],"product_brand":[],"product_cat":[180,17],"product_tag":[404,405],"mwb_booking_cost":[],"mwb_booking_service":[],"class_list":{"0":"post-2771","1":"product","2":"type-product","3":"status-publish","4":"has-post-thumbnail","6":"product_cat-09-decoration","7":"product_cat-tous-les-produits","8":"product_tag-pierres-fines","9":"product_tag-toucan","11":"first","12":"instock","13":"shipping-taxable","14":"purchasable","15":"product-type-simple"},"yoast_head":"<!-- This site is optimized with the Yoast SEO plugin v27.1.1 - https:\/\/yoast.com\/product\/yoast-seo-wordpress\/ -->\n<title>OISEAU EN PIERRES FINES (toucan) - Spirit-US<\/title>\n<meta name=\"robots\" content=\"index, follow, max-snippet:-1, max-image-preview:large, max-video-preview:-1\" \/>\n<link rel=\"canonical\" href=\"https:\/\/www.spirit-us.eu\/index.php\/produit\/oiseau-en-pierres-fines-toucan\/\" \/>\n<meta property=\"og:locale\" content=\"fr_FR\" \/>\n<meta property=\"og:type\" content=\"article\" \/>\n<meta property=\"og:title\" content=\"OISEAU EN PIERRES FINES (toucan) - Spirit-US\" \/>\n<meta property=\"og:description\" content=\"Magnifique oiseau en pierres fines, sculpt\u00e9 enti\u00e8rement \u00e0 la main, sur socle manufactur\u00e9.\u00a0 Les pattes sont en m\u00e9tal argent\u00e9.\u00a0 Il peut servir de presse-papier, mais il sublimera aussi un coin de biblioth\u00e8que ou de votre bureau, de votre salon.\u00a0 Multicolore, il s\u2019harmonise avec de nombreux environnements.\u00a0 Voici votre toucan au bec bleu, pr\u00eat \u00e0 vous faire la conversation\u00a0! Faites plaisir ou faites-vous plaisir\u00a0! C\u2019est une pi\u00e8ce unique.\" \/>\n<meta property=\"og:url\" content=\"https:\/\/www.spirit-us.eu\/index.php\/produit\/oiseau-en-pierres-fines-toucan\/\" \/>\n<meta property=\"og:site_name\" content=\"Spirit-US\" \/>\n<meta property=\"article:publisher\" content=\"https:\/\/www.facebook.com\/spirit.us.deum\" \/>\n<meta property=\"article:modified_time\" content=\"2025-11-28T15:24:45+00:00\" \/>\n<meta property=\"og:image\" content=\"https:\/\/www.spirit-us.eu\/wp-content\/uploads\/2025\/11\/toucan-scaled.jpg\" \/>\n\t<meta property=\"og:image:width\" content=\"2492\" \/>\n\t<meta property=\"og:image:height\" content=\"2560\" \/>\n\t<meta property=\"og:image:type\" content=\"image\/jpeg\" \/>\n<meta name=\"twitter:card\" content=\"summary_large_image\" \/>\n<meta name=\"twitter:label1\" content=\"Dur\u00e9e de lecture estim\u00e9e\" \/>\n\t<meta name=\"twitter:data1\" content=\"1 minute\" \/>\n<script type=\"application\/ld+json\" class=\"yoast-schema-graph\">{\"@context\":\"https:\/\/schema.org\",\"@graph\":[{\"@type\":\"WebPage\",\"@id\":\"https:\/\/www.spirit-us.eu\/index.php\/produit\/oiseau-en-pierres-fines-toucan\/\",\"url\":\"https:\/\/www.spirit-us.eu\/index.php\/produit\/oiseau-en-pierres-fines-toucan\/\",\"name\":\"OISEAU EN PIERRES FINES (toucan) - Spirit-US\",\"isPartOf\":{\"@id\":\"https:\/\/www.spirit-us.eu\/#website\"},\"primaryImageOfPage\":{\"@id\":\"https:\/\/www.spirit-us.eu\/index.php\/produit\/oiseau-en-pierres-fines-toucan\/#primaryimage\"},\"image\":{\"@id\":\"https:\/\/www.spirit-us.eu\/index.php\/produit\/oiseau-en-pierres-fines-toucan\/#primaryimage\"},\"thumbnailUrl\":\"https:\/\/www.spirit-us.eu\/wp-content\/uploads\/2025\/11\/toucan-scaled.jpg\",\"datePublished\":\"2025-11-28T15:20:03+00:00\",\"dateModified\":\"2025-11-28T15:24:45+00:00\",\"breadcrumb\":{\"@id\":\"https:\/\/www.spirit-us.eu\/index.php\/produit\/oiseau-en-pierres-fines-toucan\/#breadcrumb\"},\"inLanguage\":\"fr-FR\",\"potentialAction\":[{\"@type\":\"ReadAction\",\"target\":[\"https:\/\/www.spirit-us.eu\/index.php\/produit\/oiseau-en-pierres-fines-toucan\/\"]}]},{\"@type\":\"ImageObject\",\"inLanguage\":\"fr-FR\",\"@id\":\"https:\/\/www.spirit-us.eu\/index.php\/produit\/oiseau-en-pierres-fines-toucan\/#primaryimage\",\"url\":\"https:\/\/www.spirit-us.eu\/wp-content\/uploads\/2025\/11\/toucan-scaled.jpg\",\"contentUrl\":\"https:\/\/www.spirit-us.eu\/wp-content\/uploads\/2025\/11\/toucan-scaled.jpg\",\"width\":2492,\"height\":2560},{\"@type\":\"BreadcrumbList\",\"@id\":\"https:\/\/www.spirit-us.eu\/index.php\/produit\/oiseau-en-pierres-fines-toucan\/#breadcrumb\",\"itemListElement\":[{\"@type\":\"ListItem\",\"position\":1,\"name\":\"Accueil\",\"item\":\"https:\/\/www.spirit-us.eu\/\"},{\"@type\":\"ListItem\",\"position\":2,\"name\":\"Boutique\",\"item\":\"https:\/\/www.spirit-us.eu\/index.php\/boutique\/\"},{\"@type\":\"ListItem\",\"position\":3,\"name\":\"OISEAU EN PIERRES FINES (toucan)\"}]},{\"@type\":\"WebSite\",\"@id\":\"https:\/\/www.spirit-us.eu\/#website\",\"url\":\"https:\/\/www.spirit-us.eu\/\",\"name\":\"Spirit-US\",\"description\":\"\",\"publisher\":{\"@id\":\"https:\/\/www.spirit-us.eu\/#organization\"},\"potentialAction\":[{\"@type\":\"SearchAction\",\"target\":{\"@type\":\"EntryPoint\",\"urlTemplate\":\"https:\/\/www.spirit-us.eu\/?s={search_term_string}\"},\"query-input\":{\"@type\":\"PropertyValueSpecification\",\"valueRequired\":true,\"valueName\":\"search_term_string\"}}],\"inLanguage\":\"fr-FR\"},{\"@type\":\"Organization\",\"@id\":\"https:\/\/www.spirit-us.eu\/#organization\",\"name\":\"Spirit-US\",\"url\":\"https:\/\/www.spirit-us.eu\/\",\"logo\":{\"@type\":\"ImageObject\",\"inLanguage\":\"fr-FR\",\"@id\":\"https:\/\/www.spirit-us.eu\/#\/schema\/logo\/image\/\",\"url\":\"https:\/\/www.spirit-us.eu\/wp-content\/uploads\/2025\/11\/logo-regarde-linterlocutrice-sans-arrriere-plan.jpg\",\"contentUrl\":\"https:\/\/www.spirit-us.eu\/wp-content\/uploads\/2025\/11\/logo-regarde-linterlocutrice-sans-arrriere-plan.jpg\",\"width\":1080,\"height\":1080,\"caption\":\"Spirit-US\"},\"image\":{\"@id\":\"https:\/\/www.spirit-us.eu\/#\/schema\/logo\/image\/\"},\"sameAs\":[\"https:\/\/www.facebook.com\/spirit.us.deum\"]}]}<\/script>\n<!-- \/ Yoast SEO plugin. -->","yoast_head_json":{"title":"OISEAU EN PIERRES FINES (toucan) - Spirit-US","robots":{"index":"index","follow":"follow","max-snippet":"max-snippet:-1","max-image-preview":"max-image-preview:large","max-video-preview":"max-video-preview:-1"},"canonical":"https:\/\/www.spirit-us.eu\/index.php\/produit\/oiseau-en-pierres-fines-toucan\/","og_locale":"fr_FR","og_type":"article","og_title":"OISEAU EN PIERRES FINES (toucan) - Spirit-US","og_description":"Magnifique oiseau en pierres fines, sculpt\u00e9 enti\u00e8rement \u00e0 la main, sur socle manufactur\u00e9.\u00a0 Les pattes sont en m\u00e9tal argent\u00e9.\u00a0 Il peut servir de presse-papier, mais il sublimera aussi un coin de biblioth\u00e8que ou de votre bureau, de votre salon.\u00a0 Multicolore, il s\u2019harmonise avec de nombreux environnements.\u00a0 Voici votre toucan au bec bleu, pr\u00eat \u00e0 vous faire la conversation\u00a0! Faites plaisir ou faites-vous plaisir\u00a0! C\u2019est une pi\u00e8ce unique.","og_url":"https:\/\/www.spirit-us.eu\/index.php\/produit\/oiseau-en-pierres-fines-toucan\/","og_site_name":"Spirit-US","article_publisher":"https:\/\/www.facebook.com\/spirit.us.deum","article_modified_time":"2025-11-28T15:24:45+00:00","og_image":[{"width":2492,"height":2560,"url":"https:\/\/www.spirit-us.eu\/wp-content\/uploads\/2025\/11\/toucan-scaled.jpg","type":"image\/jpeg"}],"twitter_card":"summary_large_image","twitter_misc":{"Dur\u00e9e de lecture estim\u00e9e":"1 minute"},"schema":{"@context":"https:\/\/schema.org","@graph":[{"@type":"WebPage","@id":"https:\/\/www.spirit-us.eu\/index.php\/produit\/oiseau-en-pierres-fines-toucan\/","url":"https:\/\/www.spirit-us.eu\/index.php\/produit\/oiseau-en-pierres-fines-toucan\/","name":"OISEAU EN PIERRES FINES (toucan) - Spirit-US","isPartOf":{"@id":"https:\/\/www.spirit-us.eu\/#website"},"primaryImageOfPage":{"@id":"https:\/\/www.spirit-us.eu\/index.php\/produit\/oiseau-en-pierres-fines-toucan\/#primaryimage"},"image":{"@id":"https:\/\/www.spirit-us.eu\/index.php\/produit\/oiseau-en-pierres-fines-toucan\/#primaryimage"},"thumbnailUrl":"https:\/\/www.spirit-us.eu\/wp-content\/uploads\/2025\/11\/toucan-scaled.jpg","datePublished":"2025-11-28T15:20:03+00:00","dateModified":"2025-11-28T15:24:45+00:00","breadcrumb":{"@id":"https:\/\/www.spirit-us.eu\/index.php\/produit\/oiseau-en-pierres-fines-toucan\/#breadcrumb"},"inLanguage":"fr-FR","potentialAction":[{"@type":"ReadAction","target":["https:\/\/www.spirit-us.eu\/index.php\/produit\/oiseau-en-pierres-fines-toucan\/"]}]},{"@type":"ImageObject","inLanguage":"fr-FR","@id":"https:\/\/www.spirit-us.eu\/index.php\/produit\/oiseau-en-pierres-fines-toucan\/#primaryimage","url":"https:\/\/www.spirit-us.eu\/wp-content\/uploads\/2025\/11\/toucan-scaled.jpg","contentUrl":"https:\/\/www.spirit-us.eu\/wp-content\/uploads\/2025\/11\/toucan-scaled.jpg","width":2492,"height":2560},{"@type":"BreadcrumbList","@id":"https:\/\/www.spirit-us.eu\/index.php\/produit\/oiseau-en-pierres-fines-toucan\/#breadcrumb","itemListElement":[{"@type":"ListItem","position":1,"name":"Accueil","item":"https:\/\/www.spirit-us.eu\/"},{"@type":"ListItem","position":2,"name":"Boutique","item":"https:\/\/www.spirit-us.eu\/index.php\/boutique\/"},{"@type":"ListItem","position":3,"name":"OISEAU EN PIERRES FINES (toucan)"}]},{"@type":"WebSite","@id":"https:\/\/www.spirit-us.eu\/#website","url":"https:\/\/www.spirit-us.eu\/","name":"Spirit-US","description":"","publisher":{"@id":"https:\/\/www.spirit-us.eu\/#organization"},"potentialAction":[{"@type":"SearchAction","target":{"@type":"EntryPoint","urlTemplate":"https:\/\/www.spirit-us.eu\/?s={search_term_string}"},"query-input":{"@type":"PropertyValueSpecification","valueRequired":true,"valueName":"search_term_string"}}],"inLanguage":"fr-FR"},{"@type":"Organization","@id":"https:\/\/www.spirit-us.eu\/#organization","name":"Spirit-US","url":"https:\/\/www.spirit-us.eu\/","logo":{"@type":"ImageObject","inLanguage":"fr-FR","@id":"https:\/\/www.spirit-us.eu\/#\/schema\/logo\/image\/","url":"https:\/\/www.spirit-us.eu\/wp-content\/uploads\/2025\/11\/logo-regarde-linterlocutrice-sans-arrriere-plan.jpg","contentUrl":"https:\/\/www.spirit-us.eu\/wp-content\/uploads\/2025\/11\/logo-regarde-linterlocutrice-sans-arrriere-plan.jpg","width":1080,"height":1080,"caption":"Spirit-US"},"image":{"@id":"https:\/\/www.spirit-us.eu\/#\/schema\/logo\/image\/"},"sameAs":["https:\/\/www.facebook.com\/spirit.us.deum"]}]}},"jetpack_sharing_enabled":true,"_links":{"self":[{"href":"https:\/\/www.spirit-us.eu\/index.php\/wp-json\/wp\/v2\/product\/2771","targetHints":{"allow":["GET"]}}],"collection":[{"href":"https:\/\/www.spirit-us.eu\/index.php\/wp-json\/wp\/v2\/product"}],"about":[{"href":"https:\/\/www.spirit-us.eu\/index.php\/wp-json\/wp\/v2\/types\/product"}],"replies":[{"embeddable":true,"href":"https:\/\/www.spirit-us.eu\/index.php\/wp-json\/wp\/v2\/comments?post=2771"}],"wp:featuredmedia":[{"embeddable":true,"href":"https:\/\/www.spirit-us.eu\/index.php\/wp-json\/wp\/v2\/media\/2760"}],"wp:attachment":[{"href":"https:\/\/www.spirit-us.eu\/index.php\/wp-json\/wp\/v2\/media?parent=2771"}],"wp:term":[{"taxonomy":"product_brand","embeddable":true,"href":"https:\/\/www.spirit-us.eu\/index.php\/wp-json\/wp\/v2\/product_brand?post=2771"},{"taxonomy":"product_cat","embeddable":true,"href":"https:\/\/www.spirit-us.eu\/index.php\/wp-json\/wp\/v2\/product_cat?post=2771"},{"taxonomy":"product_tag","embeddable":true,"href":"https:\/\/www.spirit-us.eu\/index.php\/wp-json\/wp\/v2\/product_tag?post=2771"},{"taxonomy":"mwb_booking_cost","embeddable":true,"href":"https:\/\/www.spirit-us.eu\/index.php\/wp-json\/wp\/v2\/mwb_booking_cost?post=2771"},{"taxonomy":"mwb_booking_service","embeddable":true,"href":"https:\/\/www.spirit-us.eu\/index.php\/wp-json\/wp\/v2\/mwb_booking_service?post=2771"}],"curies":[{"name":"wp","href":"https:\/\/api.w.org\/{rel}","templated":true}]}}