{"id":2753,"date":"2025-11-28T14:49:36","date_gmt":"2025-11-28T13:49:36","guid":{"rendered":"https:\/\/www.spirit-us.eu\/?post_type=product&#038;p=2753"},"modified":"2026-02-05T10:10:27","modified_gmt":"2026-02-05T09:10:27","slug":"ange-en-amethyste-bijou","status":"publish","type":"product","link":"https:\/\/www.spirit-us.eu\/index.php\/produit\/ange-en-amethyste-bijou\/","title":{"rendered":"ANGE EN AMETHYSTE (pendentif)"},"content":{"rendered":"<p>Pendentif en forme d&rsquo;ange, en am\u00e9thyste, avec cha\u00eene en m\u00e9tal argent\u00e9.<\/p>\n<p><strong>Mat\u00e9riau<\/strong> : pierre naturelle et m\u00e9tal argent\u00e9<\/p>\n<p><strong>Couleurs<\/strong> : violet translucide et argent\u00e9<\/p>\n<p><strong>Dimensions<\/strong> :<\/p>\n<ul>\n<li>hauteur de l&rsquo;ange : 3,5 cm<\/li>\n<li>largeur de l&rsquo;ange : 2,2 cm<\/li>\n<li>\u00e9paisseur de l&rsquo;ange : 1,2 cm<\/li>\n<li>longueur de la cha\u00eene : 50 cm<\/li>\n<\/ul>\n<p><strong>Conditionnement<\/strong> : livr\u00e9 dans une pochette en velours<\/p>\n<p><strong>Facture<\/strong> : bijou 100% manufactur\u00e9<\/p>\n<p><strong>Energie correspondante<\/strong> : purification, r\u00e9demption, transmutation<\/p>\n<p>Livr\u00e9 b\u00e9ni dans les pri\u00e8res des archanges.<\/p>\n","protected":false},"excerpt":{"rendered":"<p style=\"text-align: justify;\">Adorable petit ange en am\u00e9thyste, du rayon violet de l\u2019archange Zadkiel. La couleur violette lui correspond\u00a0; il est associ\u00e9 \u00e0 la mis\u00e9ricorde divine, \u00e0 la purification et \u00e0 la transmutation spirituelle. Il est consid\u00e9r\u00e9 comme le ma\u00eetre du\u00a0septi\u00e8me rayon violet avec le ma\u00eetre ascensionn\u00e9 saint Germain. On l\u2019invoque pour aider \u00e0 la dissolution des \u00e9nergies stagnantes et \u00e0 l&rsquo;\u00e9l\u00e9vation de l&rsquo;\u00e2me.\u00a0Zadkiel est l&rsquo;archange de la libert\u00e9 et de la purification. Sa couleur, le violet est la celle de la flamme violette de la r\u00e9demption. Il aide ceux qui implorent la mis\u00e9ricorde divine apr\u00e8s avoir commis une faute, tout en encourageant la pri\u00e8re et le repentir. Ce petit ange de pierre naturelle vous aidera \u00e0 vous connecter \u00e0 l\u2019archange Zadkiel et \u00e0 son \u00e9nergie puissante et bienfaisante, chaque fois que ce sera n\u00e9cessaire.<\/p>\n","protected":false},"featured_media":4187,"comment_status":"open","ping_status":"closed","template":"","meta":[],"product_brand":[],"product_cat":[156,463,17],"product_tag":[262,240,401,402],"mwb_booking_cost":[],"mwb_booking_service":[],"class_list":{"0":"post-2753","1":"product","2":"type-product","3":"status-publish","4":"has-post-thumbnail","6":"product_cat-04-bijoux","7":"product_cat-pendentif","8":"product_cat-tous-les-produits","9":"product_tag-amethyste","10":"product_tag-purification","11":"product_tag-rayon-violet","12":"product_tag-zadkiel","14":"first","15":"instock","16":"shipping-taxable","17":"purchasable","18":"product-type-simple"},"yoast_head":"<!-- This site is optimized with the Yoast SEO plugin v27.1.1 - https:\/\/yoast.com\/product\/yoast-seo-wordpress\/ -->\n<title>ANGE EN AMETHYSTE (pendentif) - Spirit-US<\/title>\n<meta name=\"robots\" content=\"index, follow, max-snippet:-1, max-image-preview:large, max-video-preview:-1\" \/>\n<link rel=\"canonical\" href=\"https:\/\/www.spirit-us.eu\/index.php\/produit\/ange-en-amethyste-bijou\/\" \/>\n<meta property=\"og:locale\" content=\"fr_FR\" \/>\n<meta property=\"og:type\" content=\"article\" \/>\n<meta property=\"og:title\" content=\"ANGE EN AMETHYSTE (pendentif) - Spirit-US\" \/>\n<meta property=\"og:description\" content=\"Adorable petit ange en am\u00e9thyste, du rayon violet de l\u2019archange Zadkiel. La couleur violette lui correspond\u00a0; il est associ\u00e9 \u00e0 la mis\u00e9ricorde divine, \u00e0 la purification et \u00e0 la transmutation spirituelle. Il est consid\u00e9r\u00e9 comme le ma\u00eetre du\u00a0septi\u00e8me rayon violet avec le ma\u00eetre ascensionn\u00e9 saint Germain. On l\u2019invoque pour aider \u00e0 la dissolution des \u00e9nergies stagnantes et \u00e0 l&#039;\u00e9l\u00e9vation de l&#039;\u00e2me.\u00a0Zadkiel est l&#039;archange de la libert\u00e9 et de la purification. Sa couleur, le violet est la celle de la flamme violette de la r\u00e9demption. Il aide ceux qui implorent la mis\u00e9ricorde divine apr\u00e8s avoir commis une faute, tout en encourageant la pri\u00e8re et le repentir. Ce petit ange de pierre naturelle vous aidera \u00e0 vous connecter \u00e0 l\u2019archange Zadkiel et \u00e0 son \u00e9nergie puissante et bienfaisante, chaque fois que ce sera n\u00e9cessaire.\" \/>\n<meta property=\"og:url\" content=\"https:\/\/www.spirit-us.eu\/index.php\/produit\/ange-en-amethyste-bijou\/\" \/>\n<meta property=\"og:site_name\" content=\"Spirit-US\" \/>\n<meta property=\"article:publisher\" content=\"https:\/\/www.facebook.com\/spirit.us.deum\" \/>\n<meta property=\"article:modified_time\" content=\"2026-02-05T09:10:27+00:00\" \/>\n<meta property=\"og:image\" content=\"https:\/\/www.spirit-us.eu\/wp-content\/uploads\/2025\/11\/ange-amethyste-mieux.png\" \/>\n\t<meta property=\"og:image:width\" content=\"1080\" \/>\n\t<meta property=\"og:image:height\" content=\"1080\" \/>\n\t<meta property=\"og:image:type\" content=\"image\/png\" \/>\n<meta name=\"twitter:card\" content=\"summary_large_image\" \/>\n<meta name=\"twitter:label1\" content=\"Dur\u00e9e de lecture estim\u00e9e\" \/>\n\t<meta name=\"twitter:data1\" content=\"1 minute\" \/>\n<script type=\"application\/ld+json\" class=\"yoast-schema-graph\">{\"@context\":\"https:\/\/schema.org\",\"@graph\":[{\"@type\":\"WebPage\",\"@id\":\"https:\/\/www.spirit-us.eu\/index.php\/produit\/ange-en-amethyste-bijou\/\",\"url\":\"https:\/\/www.spirit-us.eu\/index.php\/produit\/ange-en-amethyste-bijou\/\",\"name\":\"ANGE EN AMETHYSTE (pendentif) - Spirit-US\",\"isPartOf\":{\"@id\":\"https:\/\/www.spirit-us.eu\/#website\"},\"primaryImageOfPage\":{\"@id\":\"https:\/\/www.spirit-us.eu\/index.php\/produit\/ange-en-amethyste-bijou\/#primaryimage\"},\"image\":{\"@id\":\"https:\/\/www.spirit-us.eu\/index.php\/produit\/ange-en-amethyste-bijou\/#primaryimage\"},\"thumbnailUrl\":\"https:\/\/www.spirit-us.eu\/wp-content\/uploads\/2025\/11\/ange-amethyste-mieux.png\",\"datePublished\":\"2025-11-28T13:49:36+00:00\",\"dateModified\":\"2026-02-05T09:10:27+00:00\",\"breadcrumb\":{\"@id\":\"https:\/\/www.spirit-us.eu\/index.php\/produit\/ange-en-amethyste-bijou\/#breadcrumb\"},\"inLanguage\":\"fr-FR\",\"potentialAction\":[{\"@type\":\"ReadAction\",\"target\":[\"https:\/\/www.spirit-us.eu\/index.php\/produit\/ange-en-amethyste-bijou\/\"]}]},{\"@type\":\"ImageObject\",\"inLanguage\":\"fr-FR\",\"@id\":\"https:\/\/www.spirit-us.eu\/index.php\/produit\/ange-en-amethyste-bijou\/#primaryimage\",\"url\":\"https:\/\/www.spirit-us.eu\/wp-content\/uploads\/2025\/11\/ange-amethyste-mieux.png\",\"contentUrl\":\"https:\/\/www.spirit-us.eu\/wp-content\/uploads\/2025\/11\/ange-amethyste-mieux.png\",\"width\":1080,\"height\":1080},{\"@type\":\"BreadcrumbList\",\"@id\":\"https:\/\/www.spirit-us.eu\/index.php\/produit\/ange-en-amethyste-bijou\/#breadcrumb\",\"itemListElement\":[{\"@type\":\"ListItem\",\"position\":1,\"name\":\"Accueil\",\"item\":\"https:\/\/www.spirit-us.eu\/\"},{\"@type\":\"ListItem\",\"position\":2,\"name\":\"Boutique\",\"item\":\"https:\/\/www.spirit-us.eu\/index.php\/boutique\/\"},{\"@type\":\"ListItem\",\"position\":3,\"name\":\"ANGE EN AMETHYSTE (pendentif)\"}]},{\"@type\":\"WebSite\",\"@id\":\"https:\/\/www.spirit-us.eu\/#website\",\"url\":\"https:\/\/www.spirit-us.eu\/\",\"name\":\"Spirit-US\",\"description\":\"\",\"publisher\":{\"@id\":\"https:\/\/www.spirit-us.eu\/#organization\"},\"potentialAction\":[{\"@type\":\"SearchAction\",\"target\":{\"@type\":\"EntryPoint\",\"urlTemplate\":\"https:\/\/www.spirit-us.eu\/?s={search_term_string}\"},\"query-input\":{\"@type\":\"PropertyValueSpecification\",\"valueRequired\":true,\"valueName\":\"search_term_string\"}}],\"inLanguage\":\"fr-FR\"},{\"@type\":\"Organization\",\"@id\":\"https:\/\/www.spirit-us.eu\/#organization\",\"name\":\"Spirit-US\",\"url\":\"https:\/\/www.spirit-us.eu\/\",\"logo\":{\"@type\":\"ImageObject\",\"inLanguage\":\"fr-FR\",\"@id\":\"https:\/\/www.spirit-us.eu\/#\/schema\/logo\/image\/\",\"url\":\"https:\/\/www.spirit-us.eu\/wp-content\/uploads\/2025\/11\/logo-regarde-linterlocutrice-sans-arrriere-plan.jpg\",\"contentUrl\":\"https:\/\/www.spirit-us.eu\/wp-content\/uploads\/2025\/11\/logo-regarde-linterlocutrice-sans-arrriere-plan.jpg\",\"width\":1080,\"height\":1080,\"caption\":\"Spirit-US\"},\"image\":{\"@id\":\"https:\/\/www.spirit-us.eu\/#\/schema\/logo\/image\/\"},\"sameAs\":[\"https:\/\/www.facebook.com\/spirit.us.deum\"]}]}<\/script>\n<!-- \/ Yoast SEO plugin. -->","yoast_head_json":{"title":"ANGE EN AMETHYSTE (pendentif) - Spirit-US","robots":{"index":"index","follow":"follow","max-snippet":"max-snippet:-1","max-image-preview":"max-image-preview:large","max-video-preview":"max-video-preview:-1"},"canonical":"https:\/\/www.spirit-us.eu\/index.php\/produit\/ange-en-amethyste-bijou\/","og_locale":"fr_FR","og_type":"article","og_title":"ANGE EN AMETHYSTE (pendentif) - Spirit-US","og_description":"Adorable petit ange en am\u00e9thyste, du rayon violet de l\u2019archange Zadkiel. La couleur violette lui correspond\u00a0; il est associ\u00e9 \u00e0 la mis\u00e9ricorde divine, \u00e0 la purification et \u00e0 la transmutation spirituelle. Il est consid\u00e9r\u00e9 comme le ma\u00eetre du\u00a0septi\u00e8me rayon violet avec le ma\u00eetre ascensionn\u00e9 saint Germain. On l\u2019invoque pour aider \u00e0 la dissolution des \u00e9nergies stagnantes et \u00e0 l'\u00e9l\u00e9vation de l'\u00e2me.\u00a0Zadkiel est l'archange de la libert\u00e9 et de la purification. Sa couleur, le violet est la celle de la flamme violette de la r\u00e9demption. Il aide ceux qui implorent la mis\u00e9ricorde divine apr\u00e8s avoir commis une faute, tout en encourageant la pri\u00e8re et le repentir. Ce petit ange de pierre naturelle vous aidera \u00e0 vous connecter \u00e0 l\u2019archange Zadkiel et \u00e0 son \u00e9nergie puissante et bienfaisante, chaque fois que ce sera n\u00e9cessaire.","og_url":"https:\/\/www.spirit-us.eu\/index.php\/produit\/ange-en-amethyste-bijou\/","og_site_name":"Spirit-US","article_publisher":"https:\/\/www.facebook.com\/spirit.us.deum","article_modified_time":"2026-02-05T09:10:27+00:00","og_image":[{"width":1080,"height":1080,"url":"https:\/\/www.spirit-us.eu\/wp-content\/uploads\/2025\/11\/ange-amethyste-mieux.png","type":"image\/png"}],"twitter_card":"summary_large_image","twitter_misc":{"Dur\u00e9e de lecture estim\u00e9e":"1 minute"},"schema":{"@context":"https:\/\/schema.org","@graph":[{"@type":"WebPage","@id":"https:\/\/www.spirit-us.eu\/index.php\/produit\/ange-en-amethyste-bijou\/","url":"https:\/\/www.spirit-us.eu\/index.php\/produit\/ange-en-amethyste-bijou\/","name":"ANGE EN AMETHYSTE (pendentif) - Spirit-US","isPartOf":{"@id":"https:\/\/www.spirit-us.eu\/#website"},"primaryImageOfPage":{"@id":"https:\/\/www.spirit-us.eu\/index.php\/produit\/ange-en-amethyste-bijou\/#primaryimage"},"image":{"@id":"https:\/\/www.spirit-us.eu\/index.php\/produit\/ange-en-amethyste-bijou\/#primaryimage"},"thumbnailUrl":"https:\/\/www.spirit-us.eu\/wp-content\/uploads\/2025\/11\/ange-amethyste-mieux.png","datePublished":"2025-11-28T13:49:36+00:00","dateModified":"2026-02-05T09:10:27+00:00","breadcrumb":{"@id":"https:\/\/www.spirit-us.eu\/index.php\/produit\/ange-en-amethyste-bijou\/#breadcrumb"},"inLanguage":"fr-FR","potentialAction":[{"@type":"ReadAction","target":["https:\/\/www.spirit-us.eu\/index.php\/produit\/ange-en-amethyste-bijou\/"]}]},{"@type":"ImageObject","inLanguage":"fr-FR","@id":"https:\/\/www.spirit-us.eu\/index.php\/produit\/ange-en-amethyste-bijou\/#primaryimage","url":"https:\/\/www.spirit-us.eu\/wp-content\/uploads\/2025\/11\/ange-amethyste-mieux.png","contentUrl":"https:\/\/www.spirit-us.eu\/wp-content\/uploads\/2025\/11\/ange-amethyste-mieux.png","width":1080,"height":1080},{"@type":"BreadcrumbList","@id":"https:\/\/www.spirit-us.eu\/index.php\/produit\/ange-en-amethyste-bijou\/#breadcrumb","itemListElement":[{"@type":"ListItem","position":1,"name":"Accueil","item":"https:\/\/www.spirit-us.eu\/"},{"@type":"ListItem","position":2,"name":"Boutique","item":"https:\/\/www.spirit-us.eu\/index.php\/boutique\/"},{"@type":"ListItem","position":3,"name":"ANGE EN AMETHYSTE (pendentif)"}]},{"@type":"WebSite","@id":"https:\/\/www.spirit-us.eu\/#website","url":"https:\/\/www.spirit-us.eu\/","name":"Spirit-US","description":"","publisher":{"@id":"https:\/\/www.spirit-us.eu\/#organization"},"potentialAction":[{"@type":"SearchAction","target":{"@type":"EntryPoint","urlTemplate":"https:\/\/www.spirit-us.eu\/?s={search_term_string}"},"query-input":{"@type":"PropertyValueSpecification","valueRequired":true,"valueName":"search_term_string"}}],"inLanguage":"fr-FR"},{"@type":"Organization","@id":"https:\/\/www.spirit-us.eu\/#organization","name":"Spirit-US","url":"https:\/\/www.spirit-us.eu\/","logo":{"@type":"ImageObject","inLanguage":"fr-FR","@id":"https:\/\/www.spirit-us.eu\/#\/schema\/logo\/image\/","url":"https:\/\/www.spirit-us.eu\/wp-content\/uploads\/2025\/11\/logo-regarde-linterlocutrice-sans-arrriere-plan.jpg","contentUrl":"https:\/\/www.spirit-us.eu\/wp-content\/uploads\/2025\/11\/logo-regarde-linterlocutrice-sans-arrriere-plan.jpg","width":1080,"height":1080,"caption":"Spirit-US"},"image":{"@id":"https:\/\/www.spirit-us.eu\/#\/schema\/logo\/image\/"},"sameAs":["https:\/\/www.facebook.com\/spirit.us.deum"]}]}},"jetpack_sharing_enabled":true,"_links":{"self":[{"href":"https:\/\/www.spirit-us.eu\/index.php\/wp-json\/wp\/v2\/product\/2753","targetHints":{"allow":["GET"]}}],"collection":[{"href":"https:\/\/www.spirit-us.eu\/index.php\/wp-json\/wp\/v2\/product"}],"about":[{"href":"https:\/\/www.spirit-us.eu\/index.php\/wp-json\/wp\/v2\/types\/product"}],"replies":[{"embeddable":true,"href":"https:\/\/www.spirit-us.eu\/index.php\/wp-json\/wp\/v2\/comments?post=2753"}],"wp:featuredmedia":[{"embeddable":true,"href":"https:\/\/www.spirit-us.eu\/index.php\/wp-json\/wp\/v2\/media\/4187"}],"wp:attachment":[{"href":"https:\/\/www.spirit-us.eu\/index.php\/wp-json\/wp\/v2\/media?parent=2753"}],"wp:term":[{"taxonomy":"product_brand","embeddable":true,"href":"https:\/\/www.spirit-us.eu\/index.php\/wp-json\/wp\/v2\/product_brand?post=2753"},{"taxonomy":"product_cat","embeddable":true,"href":"https:\/\/www.spirit-us.eu\/index.php\/wp-json\/wp\/v2\/product_cat?post=2753"},{"taxonomy":"product_tag","embeddable":true,"href":"https:\/\/www.spirit-us.eu\/index.php\/wp-json\/wp\/v2\/product_tag?post=2753"},{"taxonomy":"mwb_booking_cost","embeddable":true,"href":"https:\/\/www.spirit-us.eu\/index.php\/wp-json\/wp\/v2\/mwb_booking_cost?post=2753"},{"taxonomy":"mwb_booking_service","embeddable":true,"href":"https:\/\/www.spirit-us.eu\/index.php\/wp-json\/wp\/v2\/mwb_booking_service?post=2753"}],"curies":[{"name":"wp","href":"https:\/\/api.w.org\/{rel}","templated":true}]}}