{"id":2749,"date":"2025-11-28T13:33:24","date_gmt":"2025-11-28T12:33:24","guid":{"rendered":"https:\/\/www.spirit-us.eu\/?post_type=product&#038;p=2749"},"modified":"2025-12-17T17:49:29","modified_gmt":"2025-12-17T16:49:29","slug":"medaille-crucifix-de-saint-benoit-doree","status":"publish","type":"product","link":"https:\/\/www.spirit-us.eu\/index.php\/produit\/medaille-crucifix-de-saint-benoit-doree\/","title":{"rendered":"M\u00e9daille-Crucifix de Saint Beno\u00eet dor\u00e9e"},"content":{"rendered":"<p>Petite croix de saint Beno\u00eet en m\u00e9tal dor\u00e9 avec deux m\u00e9dailles (face et dos).\u00a0 La m\u00e9daille de face repr\u00e9sente Sanctus Benedictus en tenue d&rsquo;\u00e9v\u00eaque.\u00a0 Le dos est frapp\u00e9 de la m\u00e9daille traditionnelle avec les initiales\u00a0 CSSML<\/p>\n<p><strong>Dimensions<\/strong> : hauteur 2,5 cm x largeur 1,3 cm x \u00e9paisseur 1 mm<\/p>\n<p><strong>Dimension de la cha\u00eene<\/strong> : 50 cm<\/p>\n<p><strong>Mat\u00e9riaux<\/strong> : m\u00e9tal dor\u00e9<\/p>\n<p>Syst\u00e8me de fermoir : directement attach\u00e9 \u00e0 la croix, il permet de l&rsquo;ajouter comme une breloque \u00e0 un bracelet ou \u00e0 une cha\u00eene avec d&rsquo;autres \u00e9l\u00e9ments; il peut aussi servir de porte-clef.<\/p>\n<p><strong>Conditionnement<\/strong> : livr\u00e9e avec une cha\u00eene ne m\u00e9tal dor\u00e9<\/p>\n<p><strong>Usages<\/strong> : se pose ou se suspend dans tout endroit qu&rsquo;on d\u00e9sire prot\u00e9ger de tout mal comme au-dessus d&rsquo;une porte, d&rsquo;une fen\u00eatre, ou sur un bureau, pour prot\u00e9ger la concentration et le travail.\u00a0 On la porte \u00e9galement sur soi pour b\u00e9n\u00e9ficier de ses vertus hautement protectrices selon le go\u00fbt.\u00a0 Dans les pays interdisant le port de ce puissant objet de protection, il se porte sous le v\u00eatement et sa protection est tout aussi efficace, m\u00eame si elle est invisibilis\u00e9e. Sa petite taille en fait un bijou discret et \u00e9l\u00e9gant.<\/p>\n<p>Livr\u00e9e b\u00e9nie et exorcis\u00e9e, pr\u00eate \u00e0 l&#8217;emploi, dans une pochette de velours noir.<\/p>\n<p>&nbsp;<\/p>\n","protected":false},"excerpt":{"rendered":"<p style=\"text-align: justify;\">Petite croix de Saint Beno\u00eet en m\u00e9tal dor\u00e9 : belle, discr\u00e8te et \u00e9l\u00e9gante.\u00a0 L&rsquo;origine de cette croix est tr\u00e8s ancienne est demeure \u00e0 travers les si\u00e8cles d&rsquo;une efficacit\u00e9 redoutable contre les assauts des d\u00e9mons, entit\u00e9s, ondes n\u00e9gatives et personnes nocives.\u00a0 On la suspend au-dessus de la porte d&rsquo;entr\u00e9e, une fois d\u00fbment b\u00e9nite, et les personnes n\u00e9gatives ne pourront pas en franchir le seuil. Elle se porte \u00e9galement sur soi avec les m\u00eames objectifs. C\u00f4t\u00e9 pile, elle porte une m\u00e9daille grav\u00e9e en acier, repr\u00e9sentant Saint Beno\u00eet en tenue d&rsquo;apparat \u00e9piscopal, et l&rsquo;inscription <em>Eius in obitu nostro praesentia muniamur\u00a0<\/em>qui signifie\u00a0<em>Qu&rsquo;Il nous d\u00e9fende par sa pr\u00e9sence \u00e0 l&rsquo;instant de notre mort. <\/em>C\u00f4t\u00e9 face, Sanctus Benedictus (saint Beno\u00eet) en costume d&rsquo;apparat.\u00a0 Au dos, une autre m\u00e9daille portant la croix de protection, assortie des initiales latines CSPB (Croix du Saint Patriarche Beno\u00eet) et les initiales\u00a0 CSSML signifiant <em><strong>Que cette croix sacr\u00e9e soit ma lumi\u00e8re<\/strong><\/em>. Elle est livr\u00e9e avec un lacet, pr\u00eate directement \u00e0 l&rsquo;usage que vous lui assignerez.<\/p>\n","protected":false},"featured_media":2750,"comment_status":"open","ping_status":"closed","template":"","meta":[],"product_brand":[],"product_cat":[156,466,166],"product_tag":[295,297,296,169,298],"mwb_booking_cost":[],"mwb_booking_service":[],"class_list":{"0":"post-2749","1":"product","2":"type-product","3":"status-publish","4":"has-post-thumbnail","6":"product_cat-04-bijoux","7":"product_cat-004-piete-protection","8":"product_cat-07-spiritualite-et-benedictions","9":"product_tag-croix","10":"product_tag-croix-de-saint-benoit","11":"product_tag-crucifix","12":"product_tag-protection","13":"product_tag-protection-de-lieux","15":"first","16":"instock","17":"shipping-taxable","18":"purchasable","19":"product-type-simple"},"yoast_head":"<!-- This site is optimized with the Yoast SEO plugin v27.1.1 - https:\/\/yoast.com\/product\/yoast-seo-wordpress\/ -->\n<title>M\u00e9daille-Crucifix de Saint Beno\u00eet dor\u00e9e - Spirit-US<\/title>\n<meta name=\"robots\" content=\"index, follow, max-snippet:-1, max-image-preview:large, max-video-preview:-1\" \/>\n<link rel=\"canonical\" href=\"https:\/\/www.spirit-us.eu\/index.php\/produit\/medaille-crucifix-de-saint-benoit-doree\/\" \/>\n<meta property=\"og:locale\" content=\"fr_FR\" \/>\n<meta property=\"og:type\" content=\"article\" \/>\n<meta property=\"og:title\" content=\"M\u00e9daille-Crucifix de Saint Beno\u00eet dor\u00e9e - Spirit-US\" \/>\n<meta property=\"og:description\" content=\"Petite croix de Saint Beno\u00eet en m\u00e9tal dor\u00e9 : belle, discr\u00e8te et \u00e9l\u00e9gante.\u00a0 L&#039;origine de cette croix est tr\u00e8s ancienne est demeure \u00e0 travers les si\u00e8cles d&#039;une efficacit\u00e9 redoutable contre les assauts des d\u00e9mons, entit\u00e9s, ondes n\u00e9gatives et personnes nocives.\u00a0 On la suspend au-dessus de la porte d&#039;entr\u00e9e, une fois d\u00fbment b\u00e9nite, et les personnes n\u00e9gatives ne pourront pas en franchir le seuil. Elle se porte \u00e9galement sur soi avec les m\u00eames objectifs. C\u00f4t\u00e9 pile, elle porte une m\u00e9daille grav\u00e9e en acier, repr\u00e9sentant Saint Beno\u00eet en tenue d&#039;apparat \u00e9piscopal, et l&#039;inscription Eius in obitu nostro praesentia muniamur\u00a0qui signifie\u00a0Qu&#039;Il nous d\u00e9fende par sa pr\u00e9sence \u00e0 l&#039;instant de notre mort. C\u00f4t\u00e9 face, Sanctus Benedictus (saint Beno\u00eet) en costume d&#039;apparat.\u00a0 Au dos, une autre m\u00e9daille portant la croix de protection, assortie des initiales latines CSPB (Croix du Saint Patriarche Beno\u00eet) et les initiales\u00a0 CSSML signifiant Que cette croix sacr\u00e9e soit ma lumi\u00e8re. Elle est livr\u00e9e avec un lacet, pr\u00eate directement \u00e0 l&#039;usage que vous lui assignerez.\" \/>\n<meta property=\"og:url\" content=\"https:\/\/www.spirit-us.eu\/index.php\/produit\/medaille-crucifix-de-saint-benoit-doree\/\" \/>\n<meta property=\"og:site_name\" content=\"Spirit-US\" \/>\n<meta property=\"article:publisher\" content=\"https:\/\/www.facebook.com\/spirit.us.deum\" \/>\n<meta property=\"article:modified_time\" content=\"2025-12-17T16:49:29+00:00\" \/>\n<meta property=\"og:image\" content=\"https:\/\/www.spirit-us.eu\/wp-content\/uploads\/2025\/11\/petite-croix-doree-de-saint-benoit-scaled.jpg\" \/>\n\t<meta property=\"og:image:width\" content=\"2336\" \/>\n\t<meta property=\"og:image:height\" content=\"2560\" \/>\n\t<meta property=\"og:image:type\" content=\"image\/jpeg\" \/>\n<meta name=\"twitter:card\" content=\"summary_large_image\" \/>\n<meta name=\"twitter:label1\" content=\"Dur\u00e9e de lecture estim\u00e9e\" \/>\n\t<meta name=\"twitter:data1\" content=\"2 minutes\" \/>\n<script type=\"application\/ld+json\" class=\"yoast-schema-graph\">{\"@context\":\"https:\/\/schema.org\",\"@graph\":[{\"@type\":\"WebPage\",\"@id\":\"https:\/\/www.spirit-us.eu\/index.php\/produit\/medaille-crucifix-de-saint-benoit-doree\/\",\"url\":\"https:\/\/www.spirit-us.eu\/index.php\/produit\/medaille-crucifix-de-saint-benoit-doree\/\",\"name\":\"M\u00e9daille-Crucifix de Saint Beno\u00eet dor\u00e9e - Spirit-US\",\"isPartOf\":{\"@id\":\"https:\/\/www.spirit-us.eu\/#website\"},\"primaryImageOfPage\":{\"@id\":\"https:\/\/www.spirit-us.eu\/index.php\/produit\/medaille-crucifix-de-saint-benoit-doree\/#primaryimage\"},\"image\":{\"@id\":\"https:\/\/www.spirit-us.eu\/index.php\/produit\/medaille-crucifix-de-saint-benoit-doree\/#primaryimage\"},\"thumbnailUrl\":\"https:\/\/www.spirit-us.eu\/wp-content\/uploads\/2025\/11\/petite-croix-doree-de-saint-benoit-scaled.jpg\",\"datePublished\":\"2025-11-28T12:33:24+00:00\",\"dateModified\":\"2025-12-17T16:49:29+00:00\",\"breadcrumb\":{\"@id\":\"https:\/\/www.spirit-us.eu\/index.php\/produit\/medaille-crucifix-de-saint-benoit-doree\/#breadcrumb\"},\"inLanguage\":\"fr-FR\",\"potentialAction\":[{\"@type\":\"ReadAction\",\"target\":[\"https:\/\/www.spirit-us.eu\/index.php\/produit\/medaille-crucifix-de-saint-benoit-doree\/\"]}]},{\"@type\":\"ImageObject\",\"inLanguage\":\"fr-FR\",\"@id\":\"https:\/\/www.spirit-us.eu\/index.php\/produit\/medaille-crucifix-de-saint-benoit-doree\/#primaryimage\",\"url\":\"https:\/\/www.spirit-us.eu\/wp-content\/uploads\/2025\/11\/petite-croix-doree-de-saint-benoit-scaled.jpg\",\"contentUrl\":\"https:\/\/www.spirit-us.eu\/wp-content\/uploads\/2025\/11\/petite-croix-doree-de-saint-benoit-scaled.jpg\",\"width\":2336,\"height\":2560},{\"@type\":\"BreadcrumbList\",\"@id\":\"https:\/\/www.spirit-us.eu\/index.php\/produit\/medaille-crucifix-de-saint-benoit-doree\/#breadcrumb\",\"itemListElement\":[{\"@type\":\"ListItem\",\"position\":1,\"name\":\"Accueil\",\"item\":\"https:\/\/www.spirit-us.eu\/\"},{\"@type\":\"ListItem\",\"position\":2,\"name\":\"Boutique\",\"item\":\"https:\/\/www.spirit-us.eu\/index.php\/boutique\/\"},{\"@type\":\"ListItem\",\"position\":3,\"name\":\"M\u00e9daille-Crucifix de Saint Beno\u00eet dor\u00e9e\"}]},{\"@type\":\"WebSite\",\"@id\":\"https:\/\/www.spirit-us.eu\/#website\",\"url\":\"https:\/\/www.spirit-us.eu\/\",\"name\":\"Spirit-US\",\"description\":\"\",\"publisher\":{\"@id\":\"https:\/\/www.spirit-us.eu\/#organization\"},\"potentialAction\":[{\"@type\":\"SearchAction\",\"target\":{\"@type\":\"EntryPoint\",\"urlTemplate\":\"https:\/\/www.spirit-us.eu\/?s={search_term_string}\"},\"query-input\":{\"@type\":\"PropertyValueSpecification\",\"valueRequired\":true,\"valueName\":\"search_term_string\"}}],\"inLanguage\":\"fr-FR\"},{\"@type\":\"Organization\",\"@id\":\"https:\/\/www.spirit-us.eu\/#organization\",\"name\":\"Spirit-US\",\"url\":\"https:\/\/www.spirit-us.eu\/\",\"logo\":{\"@type\":\"ImageObject\",\"inLanguage\":\"fr-FR\",\"@id\":\"https:\/\/www.spirit-us.eu\/#\/schema\/logo\/image\/\",\"url\":\"https:\/\/www.spirit-us.eu\/wp-content\/uploads\/2025\/11\/logo-regarde-linterlocutrice-sans-arrriere-plan.jpg\",\"contentUrl\":\"https:\/\/www.spirit-us.eu\/wp-content\/uploads\/2025\/11\/logo-regarde-linterlocutrice-sans-arrriere-plan.jpg\",\"width\":1080,\"height\":1080,\"caption\":\"Spirit-US\"},\"image\":{\"@id\":\"https:\/\/www.spirit-us.eu\/#\/schema\/logo\/image\/\"},\"sameAs\":[\"https:\/\/www.facebook.com\/spirit.us.deum\"]}]}<\/script>\n<!-- \/ Yoast SEO plugin. -->","yoast_head_json":{"title":"M\u00e9daille-Crucifix de Saint Beno\u00eet dor\u00e9e - Spirit-US","robots":{"index":"index","follow":"follow","max-snippet":"max-snippet:-1","max-image-preview":"max-image-preview:large","max-video-preview":"max-video-preview:-1"},"canonical":"https:\/\/www.spirit-us.eu\/index.php\/produit\/medaille-crucifix-de-saint-benoit-doree\/","og_locale":"fr_FR","og_type":"article","og_title":"M\u00e9daille-Crucifix de Saint Beno\u00eet dor\u00e9e - Spirit-US","og_description":"Petite croix de Saint Beno\u00eet en m\u00e9tal dor\u00e9 : belle, discr\u00e8te et \u00e9l\u00e9gante.\u00a0 L'origine de cette croix est tr\u00e8s ancienne est demeure \u00e0 travers les si\u00e8cles d'une efficacit\u00e9 redoutable contre les assauts des d\u00e9mons, entit\u00e9s, ondes n\u00e9gatives et personnes nocives.\u00a0 On la suspend au-dessus de la porte d'entr\u00e9e, une fois d\u00fbment b\u00e9nite, et les personnes n\u00e9gatives ne pourront pas en franchir le seuil. Elle se porte \u00e9galement sur soi avec les m\u00eames objectifs. C\u00f4t\u00e9 pile, elle porte une m\u00e9daille grav\u00e9e en acier, repr\u00e9sentant Saint Beno\u00eet en tenue d'apparat \u00e9piscopal, et l'inscription Eius in obitu nostro praesentia muniamur\u00a0qui signifie\u00a0Qu'Il nous d\u00e9fende par sa pr\u00e9sence \u00e0 l'instant de notre mort. C\u00f4t\u00e9 face, Sanctus Benedictus (saint Beno\u00eet) en costume d'apparat.\u00a0 Au dos, une autre m\u00e9daille portant la croix de protection, assortie des initiales latines CSPB (Croix du Saint Patriarche Beno\u00eet) et les initiales\u00a0 CSSML signifiant Que cette croix sacr\u00e9e soit ma lumi\u00e8re. Elle est livr\u00e9e avec un lacet, pr\u00eate directement \u00e0 l'usage que vous lui assignerez.","og_url":"https:\/\/www.spirit-us.eu\/index.php\/produit\/medaille-crucifix-de-saint-benoit-doree\/","og_site_name":"Spirit-US","article_publisher":"https:\/\/www.facebook.com\/spirit.us.deum","article_modified_time":"2025-12-17T16:49:29+00:00","og_image":[{"width":2336,"height":2560,"url":"https:\/\/www.spirit-us.eu\/wp-content\/uploads\/2025\/11\/petite-croix-doree-de-saint-benoit-scaled.jpg","type":"image\/jpeg"}],"twitter_card":"summary_large_image","twitter_misc":{"Dur\u00e9e de lecture estim\u00e9e":"2 minutes"},"schema":{"@context":"https:\/\/schema.org","@graph":[{"@type":"WebPage","@id":"https:\/\/www.spirit-us.eu\/index.php\/produit\/medaille-crucifix-de-saint-benoit-doree\/","url":"https:\/\/www.spirit-us.eu\/index.php\/produit\/medaille-crucifix-de-saint-benoit-doree\/","name":"M\u00e9daille-Crucifix de Saint Beno\u00eet dor\u00e9e - Spirit-US","isPartOf":{"@id":"https:\/\/www.spirit-us.eu\/#website"},"primaryImageOfPage":{"@id":"https:\/\/www.spirit-us.eu\/index.php\/produit\/medaille-crucifix-de-saint-benoit-doree\/#primaryimage"},"image":{"@id":"https:\/\/www.spirit-us.eu\/index.php\/produit\/medaille-crucifix-de-saint-benoit-doree\/#primaryimage"},"thumbnailUrl":"https:\/\/www.spirit-us.eu\/wp-content\/uploads\/2025\/11\/petite-croix-doree-de-saint-benoit-scaled.jpg","datePublished":"2025-11-28T12:33:24+00:00","dateModified":"2025-12-17T16:49:29+00:00","breadcrumb":{"@id":"https:\/\/www.spirit-us.eu\/index.php\/produit\/medaille-crucifix-de-saint-benoit-doree\/#breadcrumb"},"inLanguage":"fr-FR","potentialAction":[{"@type":"ReadAction","target":["https:\/\/www.spirit-us.eu\/index.php\/produit\/medaille-crucifix-de-saint-benoit-doree\/"]}]},{"@type":"ImageObject","inLanguage":"fr-FR","@id":"https:\/\/www.spirit-us.eu\/index.php\/produit\/medaille-crucifix-de-saint-benoit-doree\/#primaryimage","url":"https:\/\/www.spirit-us.eu\/wp-content\/uploads\/2025\/11\/petite-croix-doree-de-saint-benoit-scaled.jpg","contentUrl":"https:\/\/www.spirit-us.eu\/wp-content\/uploads\/2025\/11\/petite-croix-doree-de-saint-benoit-scaled.jpg","width":2336,"height":2560},{"@type":"BreadcrumbList","@id":"https:\/\/www.spirit-us.eu\/index.php\/produit\/medaille-crucifix-de-saint-benoit-doree\/#breadcrumb","itemListElement":[{"@type":"ListItem","position":1,"name":"Accueil","item":"https:\/\/www.spirit-us.eu\/"},{"@type":"ListItem","position":2,"name":"Boutique","item":"https:\/\/www.spirit-us.eu\/index.php\/boutique\/"},{"@type":"ListItem","position":3,"name":"M\u00e9daille-Crucifix de Saint Beno\u00eet dor\u00e9e"}]},{"@type":"WebSite","@id":"https:\/\/www.spirit-us.eu\/#website","url":"https:\/\/www.spirit-us.eu\/","name":"Spirit-US","description":"","publisher":{"@id":"https:\/\/www.spirit-us.eu\/#organization"},"potentialAction":[{"@type":"SearchAction","target":{"@type":"EntryPoint","urlTemplate":"https:\/\/www.spirit-us.eu\/?s={search_term_string}"},"query-input":{"@type":"PropertyValueSpecification","valueRequired":true,"valueName":"search_term_string"}}],"inLanguage":"fr-FR"},{"@type":"Organization","@id":"https:\/\/www.spirit-us.eu\/#organization","name":"Spirit-US","url":"https:\/\/www.spirit-us.eu\/","logo":{"@type":"ImageObject","inLanguage":"fr-FR","@id":"https:\/\/www.spirit-us.eu\/#\/schema\/logo\/image\/","url":"https:\/\/www.spirit-us.eu\/wp-content\/uploads\/2025\/11\/logo-regarde-linterlocutrice-sans-arrriere-plan.jpg","contentUrl":"https:\/\/www.spirit-us.eu\/wp-content\/uploads\/2025\/11\/logo-regarde-linterlocutrice-sans-arrriere-plan.jpg","width":1080,"height":1080,"caption":"Spirit-US"},"image":{"@id":"https:\/\/www.spirit-us.eu\/#\/schema\/logo\/image\/"},"sameAs":["https:\/\/www.facebook.com\/spirit.us.deum"]}]}},"jetpack_sharing_enabled":true,"_links":{"self":[{"href":"https:\/\/www.spirit-us.eu\/index.php\/wp-json\/wp\/v2\/product\/2749","targetHints":{"allow":["GET"]}}],"collection":[{"href":"https:\/\/www.spirit-us.eu\/index.php\/wp-json\/wp\/v2\/product"}],"about":[{"href":"https:\/\/www.spirit-us.eu\/index.php\/wp-json\/wp\/v2\/types\/product"}],"replies":[{"embeddable":true,"href":"https:\/\/www.spirit-us.eu\/index.php\/wp-json\/wp\/v2\/comments?post=2749"}],"wp:featuredmedia":[{"embeddable":true,"href":"https:\/\/www.spirit-us.eu\/index.php\/wp-json\/wp\/v2\/media\/2750"}],"wp:attachment":[{"href":"https:\/\/www.spirit-us.eu\/index.php\/wp-json\/wp\/v2\/media?parent=2749"}],"wp:term":[{"taxonomy":"product_brand","embeddable":true,"href":"https:\/\/www.spirit-us.eu\/index.php\/wp-json\/wp\/v2\/product_brand?post=2749"},{"taxonomy":"product_cat","embeddable":true,"href":"https:\/\/www.spirit-us.eu\/index.php\/wp-json\/wp\/v2\/product_cat?post=2749"},{"taxonomy":"product_tag","embeddable":true,"href":"https:\/\/www.spirit-us.eu\/index.php\/wp-json\/wp\/v2\/product_tag?post=2749"},{"taxonomy":"mwb_booking_cost","embeddable":true,"href":"https:\/\/www.spirit-us.eu\/index.php\/wp-json\/wp\/v2\/mwb_booking_cost?post=2749"},{"taxonomy":"mwb_booking_service","embeddable":true,"href":"https:\/\/www.spirit-us.eu\/index.php\/wp-json\/wp\/v2\/mwb_booking_service?post=2749"}],"curies":[{"name":"wp","href":"https:\/\/api.w.org\/{rel}","templated":true}]}}