{"id":2743,"date":"2025-11-28T12:20:16","date_gmt":"2025-11-28T11:20:16","guid":{"rendered":"https:\/\/www.spirit-us.eu\/?post_type=product&#038;p=2743"},"modified":"2025-12-20T10:17:48","modified_gmt":"2025-12-20T09:17:48","slug":"medaille-crucifix-de-saint-benoit-en-buis-bois","status":"publish","type":"product","link":"https:\/\/www.spirit-us.eu\/index.php\/produit\/medaille-crucifix-de-saint-benoit-en-buis-bois\/","title":{"rendered":"M\u00e9daille-Crucifix de Saint Beno\u00eet en buis (bois)"},"content":{"rendered":"<p>Croix de saint Beno\u00eet en buis fa\u00e7onn\u00e9e selon la tradition.<\/p>\n<p><strong>Dimensions<\/strong> : hauteur 5,5 cm x largeur 3 cm x \u00e9paisseur 7,5 mm<\/p>\n<p><strong>Mat\u00e9riaux<\/strong> : m\u00e9tal argent\u00e9 patin\u00e9, buis<\/p>\n<p><strong>Conditionnement<\/strong> : livr\u00e9e avec un cordon de couleur et fermoir en m\u00e9tal dor\u00e9; le tout reposant dans une bo\u00eete \u00e0 la couleur assortie au bois de la croix<\/p>\n<p><strong>Usages<\/strong> : se pose ou se suspend dans tout endroit qu&rsquo;on d\u00e9sire prot\u00e9ger de tout mal comme au-dessus d&rsquo;une porte, d&rsquo;une fen\u00eatre, ou sur un bureau, pour prot\u00e9ger la concentration et le travail.\u00a0 On la porte \u00e9galement sur soi pour b\u00e9n\u00e9ficier de ses vertus hautement protectrices selon le go\u00fbt.\u00a0 Dans les pays interdisant le port de ce puissant objet de protection, il se porte sous le v\u00eatement et sa protection est tout aussi efficace, m\u00eame si elle est invisibilis\u00e9e.<\/p>\n<p>Livr\u00e9e b\u00e9nie et exorcis\u00e9e, pr\u00eate \u00e0 l&#8217;emploi, dans une pochette de velours noir.<\/p>\n<p>&nbsp;<\/p>\n","protected":false},"excerpt":{"rendered":"<p style=\"text-align: justify;\">Magnifique croix de Saint Beno\u00eet en buis et m\u00e9tal argent\u00e9 : belle et \u00ab\u00a0nature\u00a0\u00bb.\u00a0 L&rsquo;origine de cette croix est tr\u00e8s ancienne est demeure \u00e0 travers les si\u00e8cles d&rsquo;une efficacit\u00e9 redoutable contre les assauts des d\u00e9mons, entit\u00e9s, ondes n\u00e9gatives et personnes nocives.\u00a0 On la suspend au-dessus de la porte d&rsquo;entr\u00e9e, une fois d\u00fbment b\u00e9nite, et les personnes n\u00e9gatives ne pourront pas en franchir le seuil. Elle se porte \u00e9galement sur soi avec les m\u00eames objectifs. C\u00f4t\u00e9 pile, elle porte une m\u00e9daille grav\u00e9e en acier, repr\u00e9sentant Saint Beno\u00eet en tenue d&rsquo;apparat \u00e9piscopal, et l&rsquo;inscription <em>Eius in obitu nostro praesentia muniamur\u00a0<\/em>qui signifie\u00a0<em>Qu&rsquo;Il nous d\u00e9fende par sa pr\u00e9sence \u00e0 l&rsquo;instant de notre mort. <\/em>C\u00f4t\u00e9 face, le Christ en Croix porte en guise d&rsquo;aur\u00e9ole, dans un cercle, une autre croix de protection, assortie des initiales latines CSPB (Croix du Saint Patriarche Beno\u00eet) et les initiales\u00a0 CSSML signifiant <em><strong>Que cette croix sacr\u00e9e soit ma lumi\u00e8re<\/strong><\/em>.\u00a0 La t\u00eate du Christ est surmont\u00e9e de la traditionnelle inscription : \u00ab\u00a0IN RI\u00a0\u00bb. Le format de ce crucifix en fait un objet de protection port\u00e9 en bijou (convient aussi bien pour les femmes que pour les hommes) ou d\u00e9coratif qui peut \u00eatre suspendu ou pos\u00e9 en un endroit visible pour marquer l&rsquo;appartenance des lieux \u00e0 l&rsquo;\u00e9nergie sacr\u00e9e de la protection divine.\u00a0 Elle est livr\u00e9e avec un lacet, pr\u00eate directement \u00e0 l&rsquo;usage que vous lui assignerez.<\/p>\n","protected":false},"featured_media":2747,"comment_status":"open","ping_status":"closed","template":"","meta":[],"product_brand":[],"product_cat":[156,466,506,504],"product_tag":[295,297,296,169,298],"mwb_booking_cost":[],"mwb_booking_service":[],"class_list":{"0":"post-2743","1":"product","2":"type-product","3":"status-publish","4":"has-post-thumbnail","6":"product_cat-04-bijoux","7":"product_cat-004-piete-protection","8":"product_cat-002-croix-saint-benoit","9":"product_cat-01-univers-sacre-accueil","10":"product_tag-croix","11":"product_tag-croix-de-saint-benoit","12":"product_tag-crucifix","13":"product_tag-protection","14":"product_tag-protection-de-lieux","16":"first","17":"instock","18":"shipping-taxable","19":"purchasable","20":"product-type-simple"},"yoast_head":"<!-- This site is optimized with the Yoast SEO plugin v27.1.1 - https:\/\/yoast.com\/product\/yoast-seo-wordpress\/ -->\n<title>M\u00e9daille-Crucifix de Saint Beno\u00eet en buis (bois) - Spirit-US<\/title>\n<meta name=\"robots\" content=\"index, follow, max-snippet:-1, max-image-preview:large, max-video-preview:-1\" \/>\n<link rel=\"canonical\" href=\"https:\/\/www.spirit-us.eu\/index.php\/produit\/medaille-crucifix-de-saint-benoit-en-buis-bois\/\" \/>\n<meta property=\"og:locale\" content=\"fr_FR\" \/>\n<meta property=\"og:type\" content=\"article\" \/>\n<meta property=\"og:title\" content=\"M\u00e9daille-Crucifix de Saint Beno\u00eet en buis (bois) - Spirit-US\" \/>\n<meta property=\"og:description\" content=\"Magnifique croix de Saint Beno\u00eet en buis et m\u00e9tal argent\u00e9 : belle et &quot;nature&quot;.\u00a0 L&#039;origine de cette croix est tr\u00e8s ancienne est demeure \u00e0 travers les si\u00e8cles d&#039;une efficacit\u00e9 redoutable contre les assauts des d\u00e9mons, entit\u00e9s, ondes n\u00e9gatives et personnes nocives.\u00a0 On la suspend au-dessus de la porte d&#039;entr\u00e9e, une fois d\u00fbment b\u00e9nite, et les personnes n\u00e9gatives ne pourront pas en franchir le seuil. Elle se porte \u00e9galement sur soi avec les m\u00eames objectifs. C\u00f4t\u00e9 pile, elle porte une m\u00e9daille grav\u00e9e en acier, repr\u00e9sentant Saint Beno\u00eet en tenue d&#039;apparat \u00e9piscopal, et l&#039;inscription Eius in obitu nostro praesentia muniamur\u00a0qui signifie\u00a0Qu&#039;Il nous d\u00e9fende par sa pr\u00e9sence \u00e0 l&#039;instant de notre mort. C\u00f4t\u00e9 face, le Christ en Croix porte en guise d&#039;aur\u00e9ole, dans un cercle, une autre croix de protection, assortie des initiales latines CSPB (Croix du Saint Patriarche Beno\u00eet) et les initiales\u00a0 CSSML signifiant Que cette croix sacr\u00e9e soit ma lumi\u00e8re.\u00a0 La t\u00eate du Christ est surmont\u00e9e de la traditionnelle inscription : &quot;IN RI&quot;. Le format de ce crucifix en fait un objet de protection port\u00e9 en bijou (convient aussi bien pour les femmes que pour les hommes) ou d\u00e9coratif qui peut \u00eatre suspendu ou pos\u00e9 en un endroit visible pour marquer l&#039;appartenance des lieux \u00e0 l&#039;\u00e9nergie sacr\u00e9e de la protection divine.\u00a0 Elle est livr\u00e9e avec un lacet, pr\u00eate directement \u00e0 l&#039;usage que vous lui assignerez.\" \/>\n<meta property=\"og:url\" content=\"https:\/\/www.spirit-us.eu\/index.php\/produit\/medaille-crucifix-de-saint-benoit-en-buis-bois\/\" \/>\n<meta property=\"og:site_name\" content=\"Spirit-US\" \/>\n<meta property=\"article:publisher\" content=\"https:\/\/www.facebook.com\/spirit.us.deum\" \/>\n<meta property=\"article:modified_time\" content=\"2025-12-20T09:17:48+00:00\" \/>\n<meta property=\"og:image\" content=\"https:\/\/www.spirit-us.eu\/wp-content\/uploads\/2025\/11\/croix-de-saint-benoit-en-bois-et-lacet.jpg\" \/>\n\t<meta property=\"og:image:width\" content=\"1929\" \/>\n\t<meta property=\"og:image:height\" content=\"2156\" \/>\n\t<meta property=\"og:image:type\" content=\"image\/jpeg\" \/>\n<meta name=\"twitter:card\" content=\"summary_large_image\" \/>\n<meta name=\"twitter:label1\" content=\"Dur\u00e9e de lecture estim\u00e9e\" \/>\n\t<meta name=\"twitter:data1\" content=\"1 minute\" \/>\n<script type=\"application\/ld+json\" class=\"yoast-schema-graph\">{\"@context\":\"https:\/\/schema.org\",\"@graph\":[{\"@type\":\"WebPage\",\"@id\":\"https:\/\/www.spirit-us.eu\/index.php\/produit\/medaille-crucifix-de-saint-benoit-en-buis-bois\/\",\"url\":\"https:\/\/www.spirit-us.eu\/index.php\/produit\/medaille-crucifix-de-saint-benoit-en-buis-bois\/\",\"name\":\"M\u00e9daille-Crucifix de Saint Beno\u00eet en buis (bois) - Spirit-US\",\"isPartOf\":{\"@id\":\"https:\/\/www.spirit-us.eu\/#website\"},\"primaryImageOfPage\":{\"@id\":\"https:\/\/www.spirit-us.eu\/index.php\/produit\/medaille-crucifix-de-saint-benoit-en-buis-bois\/#primaryimage\"},\"image\":{\"@id\":\"https:\/\/www.spirit-us.eu\/index.php\/produit\/medaille-crucifix-de-saint-benoit-en-buis-bois\/#primaryimage\"},\"thumbnailUrl\":\"https:\/\/www.spirit-us.eu\/wp-content\/uploads\/2025\/11\/croix-de-saint-benoit-en-bois-et-lacet.jpg\",\"datePublished\":\"2025-11-28T11:20:16+00:00\",\"dateModified\":\"2025-12-20T09:17:48+00:00\",\"breadcrumb\":{\"@id\":\"https:\/\/www.spirit-us.eu\/index.php\/produit\/medaille-crucifix-de-saint-benoit-en-buis-bois\/#breadcrumb\"},\"inLanguage\":\"fr-FR\",\"potentialAction\":[{\"@type\":\"ReadAction\",\"target\":[\"https:\/\/www.spirit-us.eu\/index.php\/produit\/medaille-crucifix-de-saint-benoit-en-buis-bois\/\"]}]},{\"@type\":\"ImageObject\",\"inLanguage\":\"fr-FR\",\"@id\":\"https:\/\/www.spirit-us.eu\/index.php\/produit\/medaille-crucifix-de-saint-benoit-en-buis-bois\/#primaryimage\",\"url\":\"https:\/\/www.spirit-us.eu\/wp-content\/uploads\/2025\/11\/croix-de-saint-benoit-en-bois-et-lacet.jpg\",\"contentUrl\":\"https:\/\/www.spirit-us.eu\/wp-content\/uploads\/2025\/11\/croix-de-saint-benoit-en-bois-et-lacet.jpg\",\"width\":1929,\"height\":2156},{\"@type\":\"BreadcrumbList\",\"@id\":\"https:\/\/www.spirit-us.eu\/index.php\/produit\/medaille-crucifix-de-saint-benoit-en-buis-bois\/#breadcrumb\",\"itemListElement\":[{\"@type\":\"ListItem\",\"position\":1,\"name\":\"Accueil\",\"item\":\"https:\/\/www.spirit-us.eu\/\"},{\"@type\":\"ListItem\",\"position\":2,\"name\":\"Boutique\",\"item\":\"https:\/\/www.spirit-us.eu\/index.php\/boutique\/\"},{\"@type\":\"ListItem\",\"position\":3,\"name\":\"M\u00e9daille-Crucifix de Saint Beno\u00eet en buis (bois)\"}]},{\"@type\":\"WebSite\",\"@id\":\"https:\/\/www.spirit-us.eu\/#website\",\"url\":\"https:\/\/www.spirit-us.eu\/\",\"name\":\"Spirit-US\",\"description\":\"\",\"publisher\":{\"@id\":\"https:\/\/www.spirit-us.eu\/#organization\"},\"potentialAction\":[{\"@type\":\"SearchAction\",\"target\":{\"@type\":\"EntryPoint\",\"urlTemplate\":\"https:\/\/www.spirit-us.eu\/?s={search_term_string}\"},\"query-input\":{\"@type\":\"PropertyValueSpecification\",\"valueRequired\":true,\"valueName\":\"search_term_string\"}}],\"inLanguage\":\"fr-FR\"},{\"@type\":\"Organization\",\"@id\":\"https:\/\/www.spirit-us.eu\/#organization\",\"name\":\"Spirit-US\",\"url\":\"https:\/\/www.spirit-us.eu\/\",\"logo\":{\"@type\":\"ImageObject\",\"inLanguage\":\"fr-FR\",\"@id\":\"https:\/\/www.spirit-us.eu\/#\/schema\/logo\/image\/\",\"url\":\"https:\/\/www.spirit-us.eu\/wp-content\/uploads\/2025\/11\/logo-regarde-linterlocutrice-sans-arrriere-plan.jpg\",\"contentUrl\":\"https:\/\/www.spirit-us.eu\/wp-content\/uploads\/2025\/11\/logo-regarde-linterlocutrice-sans-arrriere-plan.jpg\",\"width\":1080,\"height\":1080,\"caption\":\"Spirit-US\"},\"image\":{\"@id\":\"https:\/\/www.spirit-us.eu\/#\/schema\/logo\/image\/\"},\"sameAs\":[\"https:\/\/www.facebook.com\/spirit.us.deum\"]}]}<\/script>\n<!-- \/ Yoast SEO plugin. -->","yoast_head_json":{"title":"M\u00e9daille-Crucifix de Saint Beno\u00eet en buis (bois) - Spirit-US","robots":{"index":"index","follow":"follow","max-snippet":"max-snippet:-1","max-image-preview":"max-image-preview:large","max-video-preview":"max-video-preview:-1"},"canonical":"https:\/\/www.spirit-us.eu\/index.php\/produit\/medaille-crucifix-de-saint-benoit-en-buis-bois\/","og_locale":"fr_FR","og_type":"article","og_title":"M\u00e9daille-Crucifix de Saint Beno\u00eet en buis (bois) - Spirit-US","og_description":"Magnifique croix de Saint Beno\u00eet en buis et m\u00e9tal argent\u00e9 : belle et \"nature\".\u00a0 L'origine de cette croix est tr\u00e8s ancienne est demeure \u00e0 travers les si\u00e8cles d'une efficacit\u00e9 redoutable contre les assauts des d\u00e9mons, entit\u00e9s, ondes n\u00e9gatives et personnes nocives.\u00a0 On la suspend au-dessus de la porte d'entr\u00e9e, une fois d\u00fbment b\u00e9nite, et les personnes n\u00e9gatives ne pourront pas en franchir le seuil. Elle se porte \u00e9galement sur soi avec les m\u00eames objectifs. C\u00f4t\u00e9 pile, elle porte une m\u00e9daille grav\u00e9e en acier, repr\u00e9sentant Saint Beno\u00eet en tenue d'apparat \u00e9piscopal, et l'inscription Eius in obitu nostro praesentia muniamur\u00a0qui signifie\u00a0Qu'Il nous d\u00e9fende par sa pr\u00e9sence \u00e0 l'instant de notre mort. C\u00f4t\u00e9 face, le Christ en Croix porte en guise d'aur\u00e9ole, dans un cercle, une autre croix de protection, assortie des initiales latines CSPB (Croix du Saint Patriarche Beno\u00eet) et les initiales\u00a0 CSSML signifiant Que cette croix sacr\u00e9e soit ma lumi\u00e8re.\u00a0 La t\u00eate du Christ est surmont\u00e9e de la traditionnelle inscription : \"IN RI\". Le format de ce crucifix en fait un objet de protection port\u00e9 en bijou (convient aussi bien pour les femmes que pour les hommes) ou d\u00e9coratif qui peut \u00eatre suspendu ou pos\u00e9 en un endroit visible pour marquer l'appartenance des lieux \u00e0 l'\u00e9nergie sacr\u00e9e de la protection divine.\u00a0 Elle est livr\u00e9e avec un lacet, pr\u00eate directement \u00e0 l'usage que vous lui assignerez.","og_url":"https:\/\/www.spirit-us.eu\/index.php\/produit\/medaille-crucifix-de-saint-benoit-en-buis-bois\/","og_site_name":"Spirit-US","article_publisher":"https:\/\/www.facebook.com\/spirit.us.deum","article_modified_time":"2025-12-20T09:17:48+00:00","og_image":[{"width":1929,"height":2156,"url":"https:\/\/www.spirit-us.eu\/wp-content\/uploads\/2025\/11\/croix-de-saint-benoit-en-bois-et-lacet.jpg","type":"image\/jpeg"}],"twitter_card":"summary_large_image","twitter_misc":{"Dur\u00e9e de lecture estim\u00e9e":"1 minute"},"schema":{"@context":"https:\/\/schema.org","@graph":[{"@type":"WebPage","@id":"https:\/\/www.spirit-us.eu\/index.php\/produit\/medaille-crucifix-de-saint-benoit-en-buis-bois\/","url":"https:\/\/www.spirit-us.eu\/index.php\/produit\/medaille-crucifix-de-saint-benoit-en-buis-bois\/","name":"M\u00e9daille-Crucifix de Saint Beno\u00eet en buis (bois) - Spirit-US","isPartOf":{"@id":"https:\/\/www.spirit-us.eu\/#website"},"primaryImageOfPage":{"@id":"https:\/\/www.spirit-us.eu\/index.php\/produit\/medaille-crucifix-de-saint-benoit-en-buis-bois\/#primaryimage"},"image":{"@id":"https:\/\/www.spirit-us.eu\/index.php\/produit\/medaille-crucifix-de-saint-benoit-en-buis-bois\/#primaryimage"},"thumbnailUrl":"https:\/\/www.spirit-us.eu\/wp-content\/uploads\/2025\/11\/croix-de-saint-benoit-en-bois-et-lacet.jpg","datePublished":"2025-11-28T11:20:16+00:00","dateModified":"2025-12-20T09:17:48+00:00","breadcrumb":{"@id":"https:\/\/www.spirit-us.eu\/index.php\/produit\/medaille-crucifix-de-saint-benoit-en-buis-bois\/#breadcrumb"},"inLanguage":"fr-FR","potentialAction":[{"@type":"ReadAction","target":["https:\/\/www.spirit-us.eu\/index.php\/produit\/medaille-crucifix-de-saint-benoit-en-buis-bois\/"]}]},{"@type":"ImageObject","inLanguage":"fr-FR","@id":"https:\/\/www.spirit-us.eu\/index.php\/produit\/medaille-crucifix-de-saint-benoit-en-buis-bois\/#primaryimage","url":"https:\/\/www.spirit-us.eu\/wp-content\/uploads\/2025\/11\/croix-de-saint-benoit-en-bois-et-lacet.jpg","contentUrl":"https:\/\/www.spirit-us.eu\/wp-content\/uploads\/2025\/11\/croix-de-saint-benoit-en-bois-et-lacet.jpg","width":1929,"height":2156},{"@type":"BreadcrumbList","@id":"https:\/\/www.spirit-us.eu\/index.php\/produit\/medaille-crucifix-de-saint-benoit-en-buis-bois\/#breadcrumb","itemListElement":[{"@type":"ListItem","position":1,"name":"Accueil","item":"https:\/\/www.spirit-us.eu\/"},{"@type":"ListItem","position":2,"name":"Boutique","item":"https:\/\/www.spirit-us.eu\/index.php\/boutique\/"},{"@type":"ListItem","position":3,"name":"M\u00e9daille-Crucifix de Saint Beno\u00eet en buis (bois)"}]},{"@type":"WebSite","@id":"https:\/\/www.spirit-us.eu\/#website","url":"https:\/\/www.spirit-us.eu\/","name":"Spirit-US","description":"","publisher":{"@id":"https:\/\/www.spirit-us.eu\/#organization"},"potentialAction":[{"@type":"SearchAction","target":{"@type":"EntryPoint","urlTemplate":"https:\/\/www.spirit-us.eu\/?s={search_term_string}"},"query-input":{"@type":"PropertyValueSpecification","valueRequired":true,"valueName":"search_term_string"}}],"inLanguage":"fr-FR"},{"@type":"Organization","@id":"https:\/\/www.spirit-us.eu\/#organization","name":"Spirit-US","url":"https:\/\/www.spirit-us.eu\/","logo":{"@type":"ImageObject","inLanguage":"fr-FR","@id":"https:\/\/www.spirit-us.eu\/#\/schema\/logo\/image\/","url":"https:\/\/www.spirit-us.eu\/wp-content\/uploads\/2025\/11\/logo-regarde-linterlocutrice-sans-arrriere-plan.jpg","contentUrl":"https:\/\/www.spirit-us.eu\/wp-content\/uploads\/2025\/11\/logo-regarde-linterlocutrice-sans-arrriere-plan.jpg","width":1080,"height":1080,"caption":"Spirit-US"},"image":{"@id":"https:\/\/www.spirit-us.eu\/#\/schema\/logo\/image\/"},"sameAs":["https:\/\/www.facebook.com\/spirit.us.deum"]}]}},"jetpack_sharing_enabled":true,"_links":{"self":[{"href":"https:\/\/www.spirit-us.eu\/index.php\/wp-json\/wp\/v2\/product\/2743","targetHints":{"allow":["GET"]}}],"collection":[{"href":"https:\/\/www.spirit-us.eu\/index.php\/wp-json\/wp\/v2\/product"}],"about":[{"href":"https:\/\/www.spirit-us.eu\/index.php\/wp-json\/wp\/v2\/types\/product"}],"replies":[{"embeddable":true,"href":"https:\/\/www.spirit-us.eu\/index.php\/wp-json\/wp\/v2\/comments?post=2743"}],"wp:featuredmedia":[{"embeddable":true,"href":"https:\/\/www.spirit-us.eu\/index.php\/wp-json\/wp\/v2\/media\/2747"}],"wp:attachment":[{"href":"https:\/\/www.spirit-us.eu\/index.php\/wp-json\/wp\/v2\/media?parent=2743"}],"wp:term":[{"taxonomy":"product_brand","embeddable":true,"href":"https:\/\/www.spirit-us.eu\/index.php\/wp-json\/wp\/v2\/product_brand?post=2743"},{"taxonomy":"product_cat","embeddable":true,"href":"https:\/\/www.spirit-us.eu\/index.php\/wp-json\/wp\/v2\/product_cat?post=2743"},{"taxonomy":"product_tag","embeddable":true,"href":"https:\/\/www.spirit-us.eu\/index.php\/wp-json\/wp\/v2\/product_tag?post=2743"},{"taxonomy":"mwb_booking_cost","embeddable":true,"href":"https:\/\/www.spirit-us.eu\/index.php\/wp-json\/wp\/v2\/mwb_booking_cost?post=2743"},{"taxonomy":"mwb_booking_service","embeddable":true,"href":"https:\/\/www.spirit-us.eu\/index.php\/wp-json\/wp\/v2\/mwb_booking_service?post=2743"}],"curies":[{"name":"wp","href":"https:\/\/api.w.org\/{rel}","templated":true}]}}