{"id":2739,"date":"2025-11-28T11:56:11","date_gmt":"2025-11-28T10:56:11","guid":{"rendered":"https:\/\/www.spirit-us.eu\/?post_type=product&#038;p=2739"},"modified":"2025-12-20T10:15:08","modified_gmt":"2025-12-20T09:15:08","slug":"croix-en-cristal-de-roche-et-argent","status":"publish","type":"product","link":"https:\/\/www.spirit-us.eu\/index.php\/produit\/croix-en-cristal-de-roche-et-argent\/","title":{"rendered":"CROIX EN CRISTAL DE ROCHE ET ARGENT"},"content":{"rendered":"<p>Pendentif pr\u00e9cieux en argent et cristal de roche<\/p>\n<p><strong>Mat\u00e9riaux<\/strong>\u00a0: pierre naturelle, argent 0,925<\/p>\n<p><strong>Type de pierre<\/strong>\u00a0: cristal de roche translucide<\/p>\n<p><strong>Couleurs<\/strong>\u00a0: blanc translucide, argent<\/p>\n<p><strong>Longueur<\/strong>\u00a0: 53 cm<\/p>\n<p><strong>Dimension des perles<\/strong>\u00a0:<\/p>\n<ul>\n<li>Hauteur de la croix : 4 cm (suspensoir inclus)<\/li>\n<li>Largeur de la croix : 2,5 cm<\/li>\n<li>Epaisseur de la croix : 0,5 cm<\/li>\n<li>Longueur de la cha\u00eene : 44 cm<\/li>\n<\/ul>\n<p><strong>Fermoir<\/strong>\u00a0: argent 0,925<\/p>\n<p><strong>Pr\u00e9sentation<\/strong>\u00a0: dans une pochette de velours bleu et or<\/p>\n<p>Livr\u00e9 b\u00e9ni selon la tradition. Le prix inclut la cha\u00eene en argent.<\/p>\n","protected":false},"excerpt":{"rendered":"<p style=\"text-align: justify;\">Croix du Christ en argent 0,925, avec cha\u00eene en argent \u00e9galement.\u00a0 L\u2019armature d\u2019argent sertit un petit ob\u00e9lisque en cristal de roche, taill\u00e9 en pyramide en son sommet.\u00a0 Ce bijou allie deux traditions amies\u00a0: la chr\u00e9tient\u00e9 et les rituels des solstices de l\u2019Egypte des Pharaons.\u00a0 L\u2019ob\u00e9lisque surmont\u00e9e d\u2019une pyramide symbolise un rayon solaire, tandis que la Croix est un signe post\u00e9rieur de protection et de purification.\u00a0 Cette croix est donc porteuse de deux \u00e9nergies amies et puissantes\u00a0: la puret\u00e9 et la lumi\u00e8re solaires et divines.\u00a0 Nous la livrons b\u00e9nie selon la tradition. Elle est pr\u00e9sent\u00e9e dans une pochette de velours bleu.<\/p>\n","protected":false},"featured_media":2740,"comment_status":"open","ping_status":"closed","template":"","meta":[],"product_brand":[],"product_cat":[156,466,508,463,166,17,504],"product_tag":[400,399],"mwb_booking_cost":[],"mwb_booking_service":[],"class_list":{"0":"post-2739","1":"product","2":"type-product","3":"status-publish","4":"has-post-thumbnail","6":"product_cat-04-bijoux","7":"product_cat-004-piete-protection","8":"product_cat-004-images-bijoux-saints","9":"product_cat-pendentif","10":"product_cat-07-spiritualite-et-benedictions","11":"product_cat-tous-les-produits","12":"product_cat-01-univers-sacre-accueil","13":"product_tag-cristal-de-roche","14":"product_tag-croix-du-christ","16":"first","17":"instock","18":"shipping-taxable","19":"purchasable","20":"product-type-simple"},"yoast_head":"<!-- This site is optimized with the Yoast SEO plugin v27.1.1 - https:\/\/yoast.com\/product\/yoast-seo-wordpress\/ -->\n<title>CROIX EN CRISTAL DE ROCHE ET ARGENT - Spirit-US<\/title>\n<meta name=\"robots\" content=\"index, follow, max-snippet:-1, max-image-preview:large, max-video-preview:-1\" \/>\n<link rel=\"canonical\" href=\"https:\/\/www.spirit-us.eu\/index.php\/produit\/croix-en-cristal-de-roche-et-argent\/\" \/>\n<meta property=\"og:locale\" content=\"fr_FR\" \/>\n<meta property=\"og:type\" content=\"article\" \/>\n<meta property=\"og:title\" content=\"CROIX EN CRISTAL DE ROCHE ET ARGENT - Spirit-US\" \/>\n<meta property=\"og:description\" content=\"Croix du Christ en argent 0,925, avec cha\u00eene en argent \u00e9galement.\u00a0 L\u2019armature d\u2019argent sertit un petit ob\u00e9lisque en cristal de roche, taill\u00e9 en pyramide en son sommet.\u00a0 Ce bijou allie deux traditions amies\u00a0: la chr\u00e9tient\u00e9 et les rituels des solstices de l\u2019Egypte des Pharaons.\u00a0 L\u2019ob\u00e9lisque surmont\u00e9e d\u2019une pyramide symbolise un rayon solaire, tandis que la Croix est un signe post\u00e9rieur de protection et de purification.\u00a0 Cette croix est donc porteuse de deux \u00e9nergies amies et puissantes\u00a0: la puret\u00e9 et la lumi\u00e8re solaires et divines.\u00a0 Nous la livrons b\u00e9nie selon la tradition. Elle est pr\u00e9sent\u00e9e dans une pochette de velours bleu.\" \/>\n<meta property=\"og:url\" content=\"https:\/\/www.spirit-us.eu\/index.php\/produit\/croix-en-cristal-de-roche-et-argent\/\" \/>\n<meta property=\"og:site_name\" content=\"Spirit-US\" \/>\n<meta property=\"article:publisher\" content=\"https:\/\/www.facebook.com\/spirit.us.deum\" \/>\n<meta property=\"article:modified_time\" content=\"2025-12-20T09:15:08+00:00\" \/>\n<meta property=\"og:image\" content=\"https:\/\/www.spirit-us.eu\/wp-content\/uploads\/2025\/11\/croix-cristal-de-roche-fond-bleu.jpg\" \/>\n\t<meta property=\"og:image:width\" content=\"347\" \/>\n\t<meta property=\"og:image:height\" content=\"395\" \/>\n\t<meta property=\"og:image:type\" content=\"image\/jpeg\" \/>\n<meta name=\"twitter:card\" content=\"summary_large_image\" \/>\n<meta name=\"twitter:label1\" content=\"Dur\u00e9e de lecture estim\u00e9e\" \/>\n\t<meta name=\"twitter:data1\" content=\"1 minute\" \/>\n<script type=\"application\/ld+json\" class=\"yoast-schema-graph\">{\"@context\":\"https:\/\/schema.org\",\"@graph\":[{\"@type\":\"WebPage\",\"@id\":\"https:\/\/www.spirit-us.eu\/index.php\/produit\/croix-en-cristal-de-roche-et-argent\/\",\"url\":\"https:\/\/www.spirit-us.eu\/index.php\/produit\/croix-en-cristal-de-roche-et-argent\/\",\"name\":\"CROIX EN CRISTAL DE ROCHE ET ARGENT - Spirit-US\",\"isPartOf\":{\"@id\":\"https:\/\/www.spirit-us.eu\/#website\"},\"primaryImageOfPage\":{\"@id\":\"https:\/\/www.spirit-us.eu\/index.php\/produit\/croix-en-cristal-de-roche-et-argent\/#primaryimage\"},\"image\":{\"@id\":\"https:\/\/www.spirit-us.eu\/index.php\/produit\/croix-en-cristal-de-roche-et-argent\/#primaryimage\"},\"thumbnailUrl\":\"https:\/\/www.spirit-us.eu\/wp-content\/uploads\/2025\/11\/croix-cristal-de-roche-fond-bleu.jpg\",\"datePublished\":\"2025-11-28T10:56:11+00:00\",\"dateModified\":\"2025-12-20T09:15:08+00:00\",\"breadcrumb\":{\"@id\":\"https:\/\/www.spirit-us.eu\/index.php\/produit\/croix-en-cristal-de-roche-et-argent\/#breadcrumb\"},\"inLanguage\":\"fr-FR\",\"potentialAction\":[{\"@type\":\"ReadAction\",\"target\":[\"https:\/\/www.spirit-us.eu\/index.php\/produit\/croix-en-cristal-de-roche-et-argent\/\"]}]},{\"@type\":\"ImageObject\",\"inLanguage\":\"fr-FR\",\"@id\":\"https:\/\/www.spirit-us.eu\/index.php\/produit\/croix-en-cristal-de-roche-et-argent\/#primaryimage\",\"url\":\"https:\/\/www.spirit-us.eu\/wp-content\/uploads\/2025\/11\/croix-cristal-de-roche-fond-bleu.jpg\",\"contentUrl\":\"https:\/\/www.spirit-us.eu\/wp-content\/uploads\/2025\/11\/croix-cristal-de-roche-fond-bleu.jpg\",\"width\":347,\"height\":395},{\"@type\":\"BreadcrumbList\",\"@id\":\"https:\/\/www.spirit-us.eu\/index.php\/produit\/croix-en-cristal-de-roche-et-argent\/#breadcrumb\",\"itemListElement\":[{\"@type\":\"ListItem\",\"position\":1,\"name\":\"Accueil\",\"item\":\"https:\/\/www.spirit-us.eu\/\"},{\"@type\":\"ListItem\",\"position\":2,\"name\":\"Boutique\",\"item\":\"https:\/\/www.spirit-us.eu\/index.php\/boutique\/\"},{\"@type\":\"ListItem\",\"position\":3,\"name\":\"CROIX EN CRISTAL DE ROCHE ET ARGENT\"}]},{\"@type\":\"WebSite\",\"@id\":\"https:\/\/www.spirit-us.eu\/#website\",\"url\":\"https:\/\/www.spirit-us.eu\/\",\"name\":\"Spirit-US\",\"description\":\"\",\"publisher\":{\"@id\":\"https:\/\/www.spirit-us.eu\/#organization\"},\"potentialAction\":[{\"@type\":\"SearchAction\",\"target\":{\"@type\":\"EntryPoint\",\"urlTemplate\":\"https:\/\/www.spirit-us.eu\/?s={search_term_string}\"},\"query-input\":{\"@type\":\"PropertyValueSpecification\",\"valueRequired\":true,\"valueName\":\"search_term_string\"}}],\"inLanguage\":\"fr-FR\"},{\"@type\":\"Organization\",\"@id\":\"https:\/\/www.spirit-us.eu\/#organization\",\"name\":\"Spirit-US\",\"url\":\"https:\/\/www.spirit-us.eu\/\",\"logo\":{\"@type\":\"ImageObject\",\"inLanguage\":\"fr-FR\",\"@id\":\"https:\/\/www.spirit-us.eu\/#\/schema\/logo\/image\/\",\"url\":\"https:\/\/www.spirit-us.eu\/wp-content\/uploads\/2025\/11\/logo-regarde-linterlocutrice-sans-arrriere-plan.jpg\",\"contentUrl\":\"https:\/\/www.spirit-us.eu\/wp-content\/uploads\/2025\/11\/logo-regarde-linterlocutrice-sans-arrriere-plan.jpg\",\"width\":1080,\"height\":1080,\"caption\":\"Spirit-US\"},\"image\":{\"@id\":\"https:\/\/www.spirit-us.eu\/#\/schema\/logo\/image\/\"},\"sameAs\":[\"https:\/\/www.facebook.com\/spirit.us.deum\"]}]}<\/script>\n<!-- \/ Yoast SEO plugin. -->","yoast_head_json":{"title":"CROIX EN CRISTAL DE ROCHE ET ARGENT - Spirit-US","robots":{"index":"index","follow":"follow","max-snippet":"max-snippet:-1","max-image-preview":"max-image-preview:large","max-video-preview":"max-video-preview:-1"},"canonical":"https:\/\/www.spirit-us.eu\/index.php\/produit\/croix-en-cristal-de-roche-et-argent\/","og_locale":"fr_FR","og_type":"article","og_title":"CROIX EN CRISTAL DE ROCHE ET ARGENT - Spirit-US","og_description":"Croix du Christ en argent 0,925, avec cha\u00eene en argent \u00e9galement.\u00a0 L\u2019armature d\u2019argent sertit un petit ob\u00e9lisque en cristal de roche, taill\u00e9 en pyramide en son sommet.\u00a0 Ce bijou allie deux traditions amies\u00a0: la chr\u00e9tient\u00e9 et les rituels des solstices de l\u2019Egypte des Pharaons.\u00a0 L\u2019ob\u00e9lisque surmont\u00e9e d\u2019une pyramide symbolise un rayon solaire, tandis que la Croix est un signe post\u00e9rieur de protection et de purification.\u00a0 Cette croix est donc porteuse de deux \u00e9nergies amies et puissantes\u00a0: la puret\u00e9 et la lumi\u00e8re solaires et divines.\u00a0 Nous la livrons b\u00e9nie selon la tradition. Elle est pr\u00e9sent\u00e9e dans une pochette de velours bleu.","og_url":"https:\/\/www.spirit-us.eu\/index.php\/produit\/croix-en-cristal-de-roche-et-argent\/","og_site_name":"Spirit-US","article_publisher":"https:\/\/www.facebook.com\/spirit.us.deum","article_modified_time":"2025-12-20T09:15:08+00:00","og_image":[{"width":347,"height":395,"url":"https:\/\/www.spirit-us.eu\/wp-content\/uploads\/2025\/11\/croix-cristal-de-roche-fond-bleu.jpg","type":"image\/jpeg"}],"twitter_card":"summary_large_image","twitter_misc":{"Dur\u00e9e de lecture estim\u00e9e":"1 minute"},"schema":{"@context":"https:\/\/schema.org","@graph":[{"@type":"WebPage","@id":"https:\/\/www.spirit-us.eu\/index.php\/produit\/croix-en-cristal-de-roche-et-argent\/","url":"https:\/\/www.spirit-us.eu\/index.php\/produit\/croix-en-cristal-de-roche-et-argent\/","name":"CROIX EN CRISTAL DE ROCHE ET ARGENT - Spirit-US","isPartOf":{"@id":"https:\/\/www.spirit-us.eu\/#website"},"primaryImageOfPage":{"@id":"https:\/\/www.spirit-us.eu\/index.php\/produit\/croix-en-cristal-de-roche-et-argent\/#primaryimage"},"image":{"@id":"https:\/\/www.spirit-us.eu\/index.php\/produit\/croix-en-cristal-de-roche-et-argent\/#primaryimage"},"thumbnailUrl":"https:\/\/www.spirit-us.eu\/wp-content\/uploads\/2025\/11\/croix-cristal-de-roche-fond-bleu.jpg","datePublished":"2025-11-28T10:56:11+00:00","dateModified":"2025-12-20T09:15:08+00:00","breadcrumb":{"@id":"https:\/\/www.spirit-us.eu\/index.php\/produit\/croix-en-cristal-de-roche-et-argent\/#breadcrumb"},"inLanguage":"fr-FR","potentialAction":[{"@type":"ReadAction","target":["https:\/\/www.spirit-us.eu\/index.php\/produit\/croix-en-cristal-de-roche-et-argent\/"]}]},{"@type":"ImageObject","inLanguage":"fr-FR","@id":"https:\/\/www.spirit-us.eu\/index.php\/produit\/croix-en-cristal-de-roche-et-argent\/#primaryimage","url":"https:\/\/www.spirit-us.eu\/wp-content\/uploads\/2025\/11\/croix-cristal-de-roche-fond-bleu.jpg","contentUrl":"https:\/\/www.spirit-us.eu\/wp-content\/uploads\/2025\/11\/croix-cristal-de-roche-fond-bleu.jpg","width":347,"height":395},{"@type":"BreadcrumbList","@id":"https:\/\/www.spirit-us.eu\/index.php\/produit\/croix-en-cristal-de-roche-et-argent\/#breadcrumb","itemListElement":[{"@type":"ListItem","position":1,"name":"Accueil","item":"https:\/\/www.spirit-us.eu\/"},{"@type":"ListItem","position":2,"name":"Boutique","item":"https:\/\/www.spirit-us.eu\/index.php\/boutique\/"},{"@type":"ListItem","position":3,"name":"CROIX EN CRISTAL DE ROCHE ET ARGENT"}]},{"@type":"WebSite","@id":"https:\/\/www.spirit-us.eu\/#website","url":"https:\/\/www.spirit-us.eu\/","name":"Spirit-US","description":"","publisher":{"@id":"https:\/\/www.spirit-us.eu\/#organization"},"potentialAction":[{"@type":"SearchAction","target":{"@type":"EntryPoint","urlTemplate":"https:\/\/www.spirit-us.eu\/?s={search_term_string}"},"query-input":{"@type":"PropertyValueSpecification","valueRequired":true,"valueName":"search_term_string"}}],"inLanguage":"fr-FR"},{"@type":"Organization","@id":"https:\/\/www.spirit-us.eu\/#organization","name":"Spirit-US","url":"https:\/\/www.spirit-us.eu\/","logo":{"@type":"ImageObject","inLanguage":"fr-FR","@id":"https:\/\/www.spirit-us.eu\/#\/schema\/logo\/image\/","url":"https:\/\/www.spirit-us.eu\/wp-content\/uploads\/2025\/11\/logo-regarde-linterlocutrice-sans-arrriere-plan.jpg","contentUrl":"https:\/\/www.spirit-us.eu\/wp-content\/uploads\/2025\/11\/logo-regarde-linterlocutrice-sans-arrriere-plan.jpg","width":1080,"height":1080,"caption":"Spirit-US"},"image":{"@id":"https:\/\/www.spirit-us.eu\/#\/schema\/logo\/image\/"},"sameAs":["https:\/\/www.facebook.com\/spirit.us.deum"]}]}},"jetpack_sharing_enabled":true,"_links":{"self":[{"href":"https:\/\/www.spirit-us.eu\/index.php\/wp-json\/wp\/v2\/product\/2739","targetHints":{"allow":["GET"]}}],"collection":[{"href":"https:\/\/www.spirit-us.eu\/index.php\/wp-json\/wp\/v2\/product"}],"about":[{"href":"https:\/\/www.spirit-us.eu\/index.php\/wp-json\/wp\/v2\/types\/product"}],"replies":[{"embeddable":true,"href":"https:\/\/www.spirit-us.eu\/index.php\/wp-json\/wp\/v2\/comments?post=2739"}],"wp:featuredmedia":[{"embeddable":true,"href":"https:\/\/www.spirit-us.eu\/index.php\/wp-json\/wp\/v2\/media\/2740"}],"wp:attachment":[{"href":"https:\/\/www.spirit-us.eu\/index.php\/wp-json\/wp\/v2\/media?parent=2739"}],"wp:term":[{"taxonomy":"product_brand","embeddable":true,"href":"https:\/\/www.spirit-us.eu\/index.php\/wp-json\/wp\/v2\/product_brand?post=2739"},{"taxonomy":"product_cat","embeddable":true,"href":"https:\/\/www.spirit-us.eu\/index.php\/wp-json\/wp\/v2\/product_cat?post=2739"},{"taxonomy":"product_tag","embeddable":true,"href":"https:\/\/www.spirit-us.eu\/index.php\/wp-json\/wp\/v2\/product_tag?post=2739"},{"taxonomy":"mwb_booking_cost","embeddable":true,"href":"https:\/\/www.spirit-us.eu\/index.php\/wp-json\/wp\/v2\/mwb_booking_cost?post=2739"},{"taxonomy":"mwb_booking_service","embeddable":true,"href":"https:\/\/www.spirit-us.eu\/index.php\/wp-json\/wp\/v2\/mwb_booking_service?post=2739"}],"curies":[{"name":"wp","href":"https:\/\/api.w.org\/{rel}","templated":true}]}}