{"id":2734,"date":"2025-11-28T10:43:36","date_gmt":"2025-11-28T09:43:36","guid":{"rendered":"https:\/\/www.spirit-us.eu\/?post_type=product&#038;p=2734"},"modified":"2025-12-17T14:41:31","modified_gmt":"2025-12-17T13:41:31","slug":"collier-energies-douces-aventurine-quartz-rose-et-hematite","status":"publish","type":"product","link":"https:\/\/www.spirit-us.eu\/index.php\/produit\/collier-energies-douces-aventurine-quartz-rose-et-hematite\/","title":{"rendered":"Collier ENERGIES DOUCES \u2013 aventurine, quartz rose et h\u00e9matite"},"content":{"rendered":"<p>Collier pr\u00e9cieux, tr\u00e8s \u00e9l\u00e9gant, tr\u00e8s joli aux couleurs douces et \u00e0 l\u2019\u00e9nergie puissante<\/p>\n<p><strong>Mat\u00e9riaux<\/strong>\u00a0: pierres naturelles, m\u00e9tal plaqu\u00e9 or, h\u00e9matite, argent 0,925<\/p>\n<p><strong>Types de pierres<\/strong>\u00a0: aventurine verte, quartz rose, h\u00e9matite<\/p>\n<p><strong>Longueur<\/strong>\u00a0: 53 cm<\/p>\n<p><strong>Dimension des perles<\/strong>\u00a0:<\/p>\n<ul>\n<li>8 mm pour les plus grosses<\/li>\n<li>5 mm pour les perles moyennes<\/li>\n<li>3 mm pour les plus petites<\/li>\n<li>2 mm pour les perles d\u2019argent marquant l\u2019alternance des couleurs verte et rose<\/li>\n<\/ul>\n<p><strong>Fermoir<\/strong>\u00a0: m\u00e9tal plaqu\u00e9 or<\/p>\n<p><strong>Pr\u00e9sentation<\/strong>\u00a0: dans un \u00e9crin rectangulaire blanc cartonn\u00e9 soyeux \u2013 motifs lune et \u00e9toiles dor\u00e9es \u2013 int\u00e9rieur noir velout\u00e9<\/p>\n","protected":false},"excerpt":{"rendered":"<p style=\"text-align: justify;\">Magnifique collier-douceur en pierres naturelles roses, vertes, rehauss\u00e9es de perles d\u2019argent et d\u2019h\u00e9matite. L\u2019h\u00e9matite est une pierre de magn\u00e9tisme et d\u2019attraction.\u00a0 L\u2019aventurine verte, poss\u00e8de des vertus de gu\u00e9rison et d\u2019\u00e9quilibre.\u00a0 Ce collier est donc parfait pour qui cherche \u00e0 harmoniser son \u00e9nergie, tout en ajoutant une note de sophistication \u00e0 son style.\u00a0 Le quartz rose joue le r\u00f4le d\u2019amplificateur.\u00a0 Il est id\u00e9al pour amplifier vos pouvoirs, avec lesquels il entrera en synergie. Pour r\u00e9sumer, ce collier aux couleurs douces a des qualit\u00e9s \u00e9nerg\u00e9tiques puissantes. Il apporte par ailleurs une touche \u00e9l\u00e9gante et raffin\u00e9e \u00e0 la tenue que vous portez. Il est con\u00e7u en perles de pierres naturelles r\u00e9guli\u00e8res, plus grosses et plus fines en fonction de leur position dans le bijou. Il est livr\u00e9 dans un \u00e9crin blanc rehauss\u00e9 de l\u2019effigie de la lune et des \u00e9toiles.<\/p>\n","protected":false},"featured_media":2735,"comment_status":"open","ping_status":"closed","template":"","meta":[],"product_brand":[],"product_cat":[156,462,17],"product_tag":[275,329,245,261,187],"mwb_booking_cost":[],"mwb_booking_service":[],"class_list":{"0":"post-2734","1":"product","2":"type-product","3":"status-publish","4":"has-post-thumbnail","6":"product_cat-04-bijoux","7":"product_cat-006-colliers","8":"product_cat-tous-les-produits","9":"product_tag-attraction","10":"product_tag-aventurine","11":"product_tag-energie","12":"product_tag-quartz-rose","13":"product_tag-rose","15":"first","16":"instock","17":"shipping-taxable","18":"purchasable","19":"product-type-simple"},"yoast_head":"<!-- This site is optimized with the Yoast SEO plugin v27.1.1 - https:\/\/yoast.com\/product\/yoast-seo-wordpress\/ -->\n<title>Collier ENERGIES DOUCES \u2013 aventurine, quartz rose et h\u00e9matite - Spirit-US<\/title>\n<meta name=\"robots\" content=\"index, follow, max-snippet:-1, max-image-preview:large, max-video-preview:-1\" \/>\n<link rel=\"canonical\" href=\"https:\/\/www.spirit-us.eu\/index.php\/produit\/collier-energies-douces-aventurine-quartz-rose-et-hematite\/\" \/>\n<meta property=\"og:locale\" content=\"fr_FR\" \/>\n<meta property=\"og:type\" content=\"article\" \/>\n<meta property=\"og:title\" content=\"Collier ENERGIES DOUCES \u2013 aventurine, quartz rose et h\u00e9matite - Spirit-US\" \/>\n<meta property=\"og:description\" content=\"Magnifique collier-douceur en pierres naturelles roses, vertes, rehauss\u00e9es de perles d\u2019argent et d\u2019h\u00e9matite. L\u2019h\u00e9matite est une pierre de magn\u00e9tisme et d\u2019attraction.\u00a0 L\u2019aventurine verte, poss\u00e8de des vertus de gu\u00e9rison et d\u2019\u00e9quilibre.\u00a0 Ce collier est donc parfait pour qui cherche \u00e0 harmoniser son \u00e9nergie, tout en ajoutant une note de sophistication \u00e0 son style.\u00a0 Le quartz rose joue le r\u00f4le d\u2019amplificateur.\u00a0 Il est id\u00e9al pour amplifier vos pouvoirs, avec lesquels il entrera en synergie. Pour r\u00e9sumer, ce collier aux couleurs douces a des qualit\u00e9s \u00e9nerg\u00e9tiques puissantes. Il apporte par ailleurs une touche \u00e9l\u00e9gante et raffin\u00e9e \u00e0 la tenue que vous portez. Il est con\u00e7u en perles de pierres naturelles r\u00e9guli\u00e8res, plus grosses et plus fines en fonction de leur position dans le bijou. Il est livr\u00e9 dans un \u00e9crin blanc rehauss\u00e9 de l\u2019effigie de la lune et des \u00e9toiles.\" \/>\n<meta property=\"og:url\" content=\"https:\/\/www.spirit-us.eu\/index.php\/produit\/collier-energies-douces-aventurine-quartz-rose-et-hematite\/\" \/>\n<meta property=\"og:site_name\" content=\"Spirit-US\" \/>\n<meta property=\"article:publisher\" content=\"https:\/\/www.facebook.com\/spirit.us.deum\" \/>\n<meta property=\"article:modified_time\" content=\"2025-12-17T13:41:31+00:00\" \/>\n<meta property=\"og:image\" content=\"https:\/\/www.spirit-us.eu\/wp-content\/uploads\/2025\/11\/aventurine-et-quartz-rose-image-produit-scaled.jpg\" \/>\n\t<meta property=\"og:image:width\" content=\"2560\" \/>\n\t<meta property=\"og:image:height\" content=\"2251\" \/>\n\t<meta property=\"og:image:type\" content=\"image\/jpeg\" \/>\n<meta name=\"twitter:card\" content=\"summary_large_image\" \/>\n<meta name=\"twitter:label1\" content=\"Dur\u00e9e de lecture estim\u00e9e\" \/>\n\t<meta name=\"twitter:data1\" content=\"1 minute\" \/>\n<script type=\"application\/ld+json\" class=\"yoast-schema-graph\">{\"@context\":\"https:\/\/schema.org\",\"@graph\":[{\"@type\":\"WebPage\",\"@id\":\"https:\/\/www.spirit-us.eu\/index.php\/produit\/collier-energies-douces-aventurine-quartz-rose-et-hematite\/\",\"url\":\"https:\/\/www.spirit-us.eu\/index.php\/produit\/collier-energies-douces-aventurine-quartz-rose-et-hematite\/\",\"name\":\"Collier ENERGIES DOUCES \u2013 aventurine, quartz rose et h\u00e9matite - Spirit-US\",\"isPartOf\":{\"@id\":\"https:\/\/www.spirit-us.eu\/#website\"},\"primaryImageOfPage\":{\"@id\":\"https:\/\/www.spirit-us.eu\/index.php\/produit\/collier-energies-douces-aventurine-quartz-rose-et-hematite\/#primaryimage\"},\"image\":{\"@id\":\"https:\/\/www.spirit-us.eu\/index.php\/produit\/collier-energies-douces-aventurine-quartz-rose-et-hematite\/#primaryimage\"},\"thumbnailUrl\":\"https:\/\/www.spirit-us.eu\/wp-content\/uploads\/2025\/11\/aventurine-et-quartz-rose-image-produit-scaled.jpg\",\"datePublished\":\"2025-11-28T09:43:36+00:00\",\"dateModified\":\"2025-12-17T13:41:31+00:00\",\"breadcrumb\":{\"@id\":\"https:\/\/www.spirit-us.eu\/index.php\/produit\/collier-energies-douces-aventurine-quartz-rose-et-hematite\/#breadcrumb\"},\"inLanguage\":\"fr-FR\",\"potentialAction\":[{\"@type\":\"ReadAction\",\"target\":[\"https:\/\/www.spirit-us.eu\/index.php\/produit\/collier-energies-douces-aventurine-quartz-rose-et-hematite\/\"]}]},{\"@type\":\"ImageObject\",\"inLanguage\":\"fr-FR\",\"@id\":\"https:\/\/www.spirit-us.eu\/index.php\/produit\/collier-energies-douces-aventurine-quartz-rose-et-hematite\/#primaryimage\",\"url\":\"https:\/\/www.spirit-us.eu\/wp-content\/uploads\/2025\/11\/aventurine-et-quartz-rose-image-produit-scaled.jpg\",\"contentUrl\":\"https:\/\/www.spirit-us.eu\/wp-content\/uploads\/2025\/11\/aventurine-et-quartz-rose-image-produit-scaled.jpg\",\"width\":2560,\"height\":2251},{\"@type\":\"BreadcrumbList\",\"@id\":\"https:\/\/www.spirit-us.eu\/index.php\/produit\/collier-energies-douces-aventurine-quartz-rose-et-hematite\/#breadcrumb\",\"itemListElement\":[{\"@type\":\"ListItem\",\"position\":1,\"name\":\"Accueil\",\"item\":\"https:\/\/www.spirit-us.eu\/\"},{\"@type\":\"ListItem\",\"position\":2,\"name\":\"Boutique\",\"item\":\"https:\/\/www.spirit-us.eu\/index.php\/boutique\/\"},{\"@type\":\"ListItem\",\"position\":3,\"name\":\"Collier ENERGIES DOUCES \u2013 aventurine, quartz rose et h\u00e9matite\"}]},{\"@type\":\"WebSite\",\"@id\":\"https:\/\/www.spirit-us.eu\/#website\",\"url\":\"https:\/\/www.spirit-us.eu\/\",\"name\":\"Spirit-US\",\"description\":\"\",\"publisher\":{\"@id\":\"https:\/\/www.spirit-us.eu\/#organization\"},\"potentialAction\":[{\"@type\":\"SearchAction\",\"target\":{\"@type\":\"EntryPoint\",\"urlTemplate\":\"https:\/\/www.spirit-us.eu\/?s={search_term_string}\"},\"query-input\":{\"@type\":\"PropertyValueSpecification\",\"valueRequired\":true,\"valueName\":\"search_term_string\"}}],\"inLanguage\":\"fr-FR\"},{\"@type\":\"Organization\",\"@id\":\"https:\/\/www.spirit-us.eu\/#organization\",\"name\":\"Spirit-US\",\"url\":\"https:\/\/www.spirit-us.eu\/\",\"logo\":{\"@type\":\"ImageObject\",\"inLanguage\":\"fr-FR\",\"@id\":\"https:\/\/www.spirit-us.eu\/#\/schema\/logo\/image\/\",\"url\":\"https:\/\/www.spirit-us.eu\/wp-content\/uploads\/2025\/11\/logo-regarde-linterlocutrice-sans-arrriere-plan.jpg\",\"contentUrl\":\"https:\/\/www.spirit-us.eu\/wp-content\/uploads\/2025\/11\/logo-regarde-linterlocutrice-sans-arrriere-plan.jpg\",\"width\":1080,\"height\":1080,\"caption\":\"Spirit-US\"},\"image\":{\"@id\":\"https:\/\/www.spirit-us.eu\/#\/schema\/logo\/image\/\"},\"sameAs\":[\"https:\/\/www.facebook.com\/spirit.us.deum\"]}]}<\/script>\n<!-- \/ Yoast SEO plugin. -->","yoast_head_json":{"title":"Collier ENERGIES DOUCES \u2013 aventurine, quartz rose et h\u00e9matite - Spirit-US","robots":{"index":"index","follow":"follow","max-snippet":"max-snippet:-1","max-image-preview":"max-image-preview:large","max-video-preview":"max-video-preview:-1"},"canonical":"https:\/\/www.spirit-us.eu\/index.php\/produit\/collier-energies-douces-aventurine-quartz-rose-et-hematite\/","og_locale":"fr_FR","og_type":"article","og_title":"Collier ENERGIES DOUCES \u2013 aventurine, quartz rose et h\u00e9matite - Spirit-US","og_description":"Magnifique collier-douceur en pierres naturelles roses, vertes, rehauss\u00e9es de perles d\u2019argent et d\u2019h\u00e9matite. L\u2019h\u00e9matite est une pierre de magn\u00e9tisme et d\u2019attraction.\u00a0 L\u2019aventurine verte, poss\u00e8de des vertus de gu\u00e9rison et d\u2019\u00e9quilibre.\u00a0 Ce collier est donc parfait pour qui cherche \u00e0 harmoniser son \u00e9nergie, tout en ajoutant une note de sophistication \u00e0 son style.\u00a0 Le quartz rose joue le r\u00f4le d\u2019amplificateur.\u00a0 Il est id\u00e9al pour amplifier vos pouvoirs, avec lesquels il entrera en synergie. Pour r\u00e9sumer, ce collier aux couleurs douces a des qualit\u00e9s \u00e9nerg\u00e9tiques puissantes. Il apporte par ailleurs une touche \u00e9l\u00e9gante et raffin\u00e9e \u00e0 la tenue que vous portez. Il est con\u00e7u en perles de pierres naturelles r\u00e9guli\u00e8res, plus grosses et plus fines en fonction de leur position dans le bijou. Il est livr\u00e9 dans un \u00e9crin blanc rehauss\u00e9 de l\u2019effigie de la lune et des \u00e9toiles.","og_url":"https:\/\/www.spirit-us.eu\/index.php\/produit\/collier-energies-douces-aventurine-quartz-rose-et-hematite\/","og_site_name":"Spirit-US","article_publisher":"https:\/\/www.facebook.com\/spirit.us.deum","article_modified_time":"2025-12-17T13:41:31+00:00","og_image":[{"width":2560,"height":2251,"url":"https:\/\/www.spirit-us.eu\/wp-content\/uploads\/2025\/11\/aventurine-et-quartz-rose-image-produit-scaled.jpg","type":"image\/jpeg"}],"twitter_card":"summary_large_image","twitter_misc":{"Dur\u00e9e de lecture estim\u00e9e":"1 minute"},"schema":{"@context":"https:\/\/schema.org","@graph":[{"@type":"WebPage","@id":"https:\/\/www.spirit-us.eu\/index.php\/produit\/collier-energies-douces-aventurine-quartz-rose-et-hematite\/","url":"https:\/\/www.spirit-us.eu\/index.php\/produit\/collier-energies-douces-aventurine-quartz-rose-et-hematite\/","name":"Collier ENERGIES DOUCES \u2013 aventurine, quartz rose et h\u00e9matite - Spirit-US","isPartOf":{"@id":"https:\/\/www.spirit-us.eu\/#website"},"primaryImageOfPage":{"@id":"https:\/\/www.spirit-us.eu\/index.php\/produit\/collier-energies-douces-aventurine-quartz-rose-et-hematite\/#primaryimage"},"image":{"@id":"https:\/\/www.spirit-us.eu\/index.php\/produit\/collier-energies-douces-aventurine-quartz-rose-et-hematite\/#primaryimage"},"thumbnailUrl":"https:\/\/www.spirit-us.eu\/wp-content\/uploads\/2025\/11\/aventurine-et-quartz-rose-image-produit-scaled.jpg","datePublished":"2025-11-28T09:43:36+00:00","dateModified":"2025-12-17T13:41:31+00:00","breadcrumb":{"@id":"https:\/\/www.spirit-us.eu\/index.php\/produit\/collier-energies-douces-aventurine-quartz-rose-et-hematite\/#breadcrumb"},"inLanguage":"fr-FR","potentialAction":[{"@type":"ReadAction","target":["https:\/\/www.spirit-us.eu\/index.php\/produit\/collier-energies-douces-aventurine-quartz-rose-et-hematite\/"]}]},{"@type":"ImageObject","inLanguage":"fr-FR","@id":"https:\/\/www.spirit-us.eu\/index.php\/produit\/collier-energies-douces-aventurine-quartz-rose-et-hematite\/#primaryimage","url":"https:\/\/www.spirit-us.eu\/wp-content\/uploads\/2025\/11\/aventurine-et-quartz-rose-image-produit-scaled.jpg","contentUrl":"https:\/\/www.spirit-us.eu\/wp-content\/uploads\/2025\/11\/aventurine-et-quartz-rose-image-produit-scaled.jpg","width":2560,"height":2251},{"@type":"BreadcrumbList","@id":"https:\/\/www.spirit-us.eu\/index.php\/produit\/collier-energies-douces-aventurine-quartz-rose-et-hematite\/#breadcrumb","itemListElement":[{"@type":"ListItem","position":1,"name":"Accueil","item":"https:\/\/www.spirit-us.eu\/"},{"@type":"ListItem","position":2,"name":"Boutique","item":"https:\/\/www.spirit-us.eu\/index.php\/boutique\/"},{"@type":"ListItem","position":3,"name":"Collier ENERGIES DOUCES \u2013 aventurine, quartz rose et h\u00e9matite"}]},{"@type":"WebSite","@id":"https:\/\/www.spirit-us.eu\/#website","url":"https:\/\/www.spirit-us.eu\/","name":"Spirit-US","description":"","publisher":{"@id":"https:\/\/www.spirit-us.eu\/#organization"},"potentialAction":[{"@type":"SearchAction","target":{"@type":"EntryPoint","urlTemplate":"https:\/\/www.spirit-us.eu\/?s={search_term_string}"},"query-input":{"@type":"PropertyValueSpecification","valueRequired":true,"valueName":"search_term_string"}}],"inLanguage":"fr-FR"},{"@type":"Organization","@id":"https:\/\/www.spirit-us.eu\/#organization","name":"Spirit-US","url":"https:\/\/www.spirit-us.eu\/","logo":{"@type":"ImageObject","inLanguage":"fr-FR","@id":"https:\/\/www.spirit-us.eu\/#\/schema\/logo\/image\/","url":"https:\/\/www.spirit-us.eu\/wp-content\/uploads\/2025\/11\/logo-regarde-linterlocutrice-sans-arrriere-plan.jpg","contentUrl":"https:\/\/www.spirit-us.eu\/wp-content\/uploads\/2025\/11\/logo-regarde-linterlocutrice-sans-arrriere-plan.jpg","width":1080,"height":1080,"caption":"Spirit-US"},"image":{"@id":"https:\/\/www.spirit-us.eu\/#\/schema\/logo\/image\/"},"sameAs":["https:\/\/www.facebook.com\/spirit.us.deum"]}]}},"jetpack_sharing_enabled":true,"_links":{"self":[{"href":"https:\/\/www.spirit-us.eu\/index.php\/wp-json\/wp\/v2\/product\/2734","targetHints":{"allow":["GET"]}}],"collection":[{"href":"https:\/\/www.spirit-us.eu\/index.php\/wp-json\/wp\/v2\/product"}],"about":[{"href":"https:\/\/www.spirit-us.eu\/index.php\/wp-json\/wp\/v2\/types\/product"}],"replies":[{"embeddable":true,"href":"https:\/\/www.spirit-us.eu\/index.php\/wp-json\/wp\/v2\/comments?post=2734"}],"wp:featuredmedia":[{"embeddable":true,"href":"https:\/\/www.spirit-us.eu\/index.php\/wp-json\/wp\/v2\/media\/2735"}],"wp:attachment":[{"href":"https:\/\/www.spirit-us.eu\/index.php\/wp-json\/wp\/v2\/media?parent=2734"}],"wp:term":[{"taxonomy":"product_brand","embeddable":true,"href":"https:\/\/www.spirit-us.eu\/index.php\/wp-json\/wp\/v2\/product_brand?post=2734"},{"taxonomy":"product_cat","embeddable":true,"href":"https:\/\/www.spirit-us.eu\/index.php\/wp-json\/wp\/v2\/product_cat?post=2734"},{"taxonomy":"product_tag","embeddable":true,"href":"https:\/\/www.spirit-us.eu\/index.php\/wp-json\/wp\/v2\/product_tag?post=2734"},{"taxonomy":"mwb_booking_cost","embeddable":true,"href":"https:\/\/www.spirit-us.eu\/index.php\/wp-json\/wp\/v2\/mwb_booking_cost?post=2734"},{"taxonomy":"mwb_booking_service","embeddable":true,"href":"https:\/\/www.spirit-us.eu\/index.php\/wp-json\/wp\/v2\/mwb_booking_service?post=2734"}],"curies":[{"name":"wp","href":"https:\/\/api.w.org\/{rel}","templated":true}]}}