{"id":2670,"date":"2025-11-22T12:13:00","date_gmt":"2025-11-22T11:13:00","guid":{"rendered":"https:\/\/www.spirit-us.eu\/?post_type=product&#038;p=2670"},"modified":"2025-12-17T14:41:42","modified_gmt":"2025-12-17T13:41:42","slug":"collier-paramita-piece-unique","status":"publish","type":"product","link":"https:\/\/www.spirit-us.eu\/index.php\/produit\/collier-paramita-piece-unique\/","title":{"rendered":"COLLIER PARAMITA &#8211; pi\u00e8ce unique"},"content":{"rendered":"<p>Pi\u00e8ce unique manufactur\u00e9e en France, sign\u00e9e par Val\u00e9rie, gemmologue et cr\u00e9atrice de talent. Collier multipierres.<\/p>\n<p><strong>Type<\/strong> : collier baroque sophistiqu\u00e9 en pierres naturelles, perles de culture, perles d&rsquo;h\u00e9matite et argent 0,925<\/p>\n<p><strong>De facture 100% artisanale<\/strong><\/p>\n<p><strong>Couleurs <\/strong>: blanc nacr\u00e9, noir brillant, rouge, violet, nuances de verts diff\u00e9rents, ros\u00e9, bleu profond, blanc translucide<\/p>\n<p><strong>Apparence<\/strong> : perles baroques, perles polies rondes, de tailles diverses allant de 0,2 cm \u00e0 1 cm<\/p>\n<p><b>Longueur<\/b> : 73\u00a0 cm<\/p>\n<p><strong>M\u00e9daillon\u00a0<\/strong>: translucide, repr\u00e9sentant un bouddha assis, en forme de goutte, serti de m\u00e9tal argent\u00e9 ouvrag\u00e9<\/p>\n<p><strong>Taille du m\u00e9daillon<\/strong> : hauteur 7 cm, suspensoir inclus; largeur 4,5 cm<\/p>\n<p><strong>Montage<\/strong> : fil de coton<\/p>\n<p>Photos tous droits r\u00e9serv\u00e9s.<\/p>\n<p>&nbsp;<\/p>\n<p>&nbsp;<\/p>\n<p>&nbsp;<\/p>\n","protected":false},"excerpt":{"rendered":"<p style=\"text-align: justify;\">Offrez-vous \u2013 ou offrez \u00e0 quelqu\u2019un d&rsquo;exceptionnel ce collier magnifique, unique, travaill\u00e9 selon l&rsquo;inspiration de la cr\u00e9atrice, pour exprimer la g\u00e9n\u00e9rosit\u00e9 au sens bouddhique du terme. P\u0101ramit\u0101. Dans le bouddhisme, le mot \u00ab g\u00e9n\u00e9rosit\u00e9 \u00bb fait partie des six\u00a0<em>p\u0101ramit\u0101s<\/em>, les perfections. Le terme\u00a0<em>p\u0101ramit\u0101<\/em> signifie \u00ab aller au-del\u00e0 \u00bb et il montre le cheminement personnel vers l&rsquo;\u00e9veil. Il allie la douceur des perles de culture, avec la grande puissance magn\u00e9tique de la Terre \u00e0 travers les perles d&rsquo;h\u00e9matite et les pierres repr\u00e9sentant le rouge du chakra racine.<\/p>\n","protected":false},"featured_media":2672,"comment_status":"open","ping_status":"closed","template":"","meta":[],"product_brand":[],"product_cat":[156,464,17],"product_tag":[332,220,395,394,354,393],"mwb_booking_cost":[],"mwb_booking_service":[],"class_list":{"0":"post-2670","1":"product","2":"type-product","3":"status-publish","4":"has-post-thumbnail","6":"product_cat-04-bijoux","7":"product_cat-pieces-uniques-ou-rares","8":"product_cat-tous-les-produits","9":"product_tag-chakra-racine","10":"product_tag-chakra-terre","11":"product_tag-eveil","12":"product_tag-generosite","13":"product_tag-magnetisme","14":"product_tag-paramita","16":"first","17":"instock","18":"sold-individually","19":"shipping-taxable","20":"purchasable","21":"product-type-simple"},"yoast_head":"<!-- This site is optimized with the Yoast SEO plugin v27.1.1 - https:\/\/yoast.com\/product\/yoast-seo-wordpress\/ -->\n<title>COLLIER PARAMITA - pi\u00e8ce unique - Spirit-US<\/title>\n<meta name=\"robots\" content=\"index, follow, max-snippet:-1, max-image-preview:large, max-video-preview:-1\" \/>\n<link rel=\"canonical\" href=\"https:\/\/www.spirit-us.eu\/index.php\/produit\/collier-paramita-piece-unique\/\" \/>\n<meta property=\"og:locale\" content=\"fr_FR\" \/>\n<meta property=\"og:type\" content=\"article\" \/>\n<meta property=\"og:title\" content=\"COLLIER PARAMITA - pi\u00e8ce unique - Spirit-US\" \/>\n<meta property=\"og:description\" content=\"Offrez-vous \u2013 ou offrez \u00e0 quelqu\u2019un d&#039;exceptionnel ce collier magnifique, unique, travaill\u00e9 selon l&#039;inspiration de la cr\u00e9atrice, pour exprimer la g\u00e9n\u00e9rosit\u00e9 au sens bouddhique du terme. P\u0101ramit\u0101. Dans le bouddhisme, le mot \u00ab g\u00e9n\u00e9rosit\u00e9 \u00bb fait partie des six\u00a0p\u0101ramit\u0101s, les perfections. Le terme\u00a0p\u0101ramit\u0101 signifie \u00ab aller au-del\u00e0 \u00bb et il montre le cheminement personnel vers l&#039;\u00e9veil. Il allie la douceur des perles de culture, avec la grande puissance magn\u00e9tique de la Terre \u00e0 travers les perles d&#039;h\u00e9matite et les pierres repr\u00e9sentant le rouge du chakra racine.\" \/>\n<meta property=\"og:url\" content=\"https:\/\/www.spirit-us.eu\/index.php\/produit\/collier-paramita-piece-unique\/\" \/>\n<meta property=\"og:site_name\" content=\"Spirit-US\" \/>\n<meta property=\"article:publisher\" content=\"https:\/\/www.facebook.com\/spirit.us.deum\" \/>\n<meta property=\"article:modified_time\" content=\"2025-12-17T13:41:42+00:00\" \/>\n<meta property=\"og:image\" content=\"https:\/\/www.spirit-us.eu\/wp-content\/uploads\/2025\/11\/paramita-1-scaled.jpg\" \/>\n\t<meta property=\"og:image:width\" content=\"2157\" \/>\n\t<meta property=\"og:image:height\" content=\"2560\" \/>\n\t<meta property=\"og:image:type\" content=\"image\/jpeg\" \/>\n<meta name=\"twitter:card\" content=\"summary_large_image\" \/>\n<meta name=\"twitter:label1\" content=\"Dur\u00e9e de lecture estim\u00e9e\" \/>\n\t<meta name=\"twitter:data1\" content=\"1 minute\" \/>\n<script type=\"application\/ld+json\" class=\"yoast-schema-graph\">{\"@context\":\"https:\/\/schema.org\",\"@graph\":[{\"@type\":\"WebPage\",\"@id\":\"https:\/\/www.spirit-us.eu\/index.php\/produit\/collier-paramita-piece-unique\/\",\"url\":\"https:\/\/www.spirit-us.eu\/index.php\/produit\/collier-paramita-piece-unique\/\",\"name\":\"COLLIER PARAMITA - pi\u00e8ce unique - Spirit-US\",\"isPartOf\":{\"@id\":\"https:\/\/www.spirit-us.eu\/#website\"},\"primaryImageOfPage\":{\"@id\":\"https:\/\/www.spirit-us.eu\/index.php\/produit\/collier-paramita-piece-unique\/#primaryimage\"},\"image\":{\"@id\":\"https:\/\/www.spirit-us.eu\/index.php\/produit\/collier-paramita-piece-unique\/#primaryimage\"},\"thumbnailUrl\":\"https:\/\/www.spirit-us.eu\/wp-content\/uploads\/2025\/11\/paramita-1-scaled.jpg\",\"datePublished\":\"2025-11-22T11:13:00+00:00\",\"dateModified\":\"2025-12-17T13:41:42+00:00\",\"breadcrumb\":{\"@id\":\"https:\/\/www.spirit-us.eu\/index.php\/produit\/collier-paramita-piece-unique\/#breadcrumb\"},\"inLanguage\":\"fr-FR\",\"potentialAction\":[{\"@type\":\"ReadAction\",\"target\":[\"https:\/\/www.spirit-us.eu\/index.php\/produit\/collier-paramita-piece-unique\/\"]}]},{\"@type\":\"ImageObject\",\"inLanguage\":\"fr-FR\",\"@id\":\"https:\/\/www.spirit-us.eu\/index.php\/produit\/collier-paramita-piece-unique\/#primaryimage\",\"url\":\"https:\/\/www.spirit-us.eu\/wp-content\/uploads\/2025\/11\/paramita-1-scaled.jpg\",\"contentUrl\":\"https:\/\/www.spirit-us.eu\/wp-content\/uploads\/2025\/11\/paramita-1-scaled.jpg\",\"width\":2157,\"height\":2560},{\"@type\":\"BreadcrumbList\",\"@id\":\"https:\/\/www.spirit-us.eu\/index.php\/produit\/collier-paramita-piece-unique\/#breadcrumb\",\"itemListElement\":[{\"@type\":\"ListItem\",\"position\":1,\"name\":\"Accueil\",\"item\":\"https:\/\/www.spirit-us.eu\/\"},{\"@type\":\"ListItem\",\"position\":2,\"name\":\"Boutique\",\"item\":\"https:\/\/www.spirit-us.eu\/index.php\/boutique\/\"},{\"@type\":\"ListItem\",\"position\":3,\"name\":\"COLLIER PARAMITA &#8211; pi\u00e8ce unique\"}]},{\"@type\":\"WebSite\",\"@id\":\"https:\/\/www.spirit-us.eu\/#website\",\"url\":\"https:\/\/www.spirit-us.eu\/\",\"name\":\"Spirit-US\",\"description\":\"\",\"publisher\":{\"@id\":\"https:\/\/www.spirit-us.eu\/#organization\"},\"potentialAction\":[{\"@type\":\"SearchAction\",\"target\":{\"@type\":\"EntryPoint\",\"urlTemplate\":\"https:\/\/www.spirit-us.eu\/?s={search_term_string}\"},\"query-input\":{\"@type\":\"PropertyValueSpecification\",\"valueRequired\":true,\"valueName\":\"search_term_string\"}}],\"inLanguage\":\"fr-FR\"},{\"@type\":\"Organization\",\"@id\":\"https:\/\/www.spirit-us.eu\/#organization\",\"name\":\"Spirit-US\",\"url\":\"https:\/\/www.spirit-us.eu\/\",\"logo\":{\"@type\":\"ImageObject\",\"inLanguage\":\"fr-FR\",\"@id\":\"https:\/\/www.spirit-us.eu\/#\/schema\/logo\/image\/\",\"url\":\"https:\/\/www.spirit-us.eu\/wp-content\/uploads\/2025\/11\/logo-regarde-linterlocutrice-sans-arrriere-plan.jpg\",\"contentUrl\":\"https:\/\/www.spirit-us.eu\/wp-content\/uploads\/2025\/11\/logo-regarde-linterlocutrice-sans-arrriere-plan.jpg\",\"width\":1080,\"height\":1080,\"caption\":\"Spirit-US\"},\"image\":{\"@id\":\"https:\/\/www.spirit-us.eu\/#\/schema\/logo\/image\/\"},\"sameAs\":[\"https:\/\/www.facebook.com\/spirit.us.deum\"]}]}<\/script>\n<!-- \/ Yoast SEO plugin. -->","yoast_head_json":{"title":"COLLIER PARAMITA - pi\u00e8ce unique - Spirit-US","robots":{"index":"index","follow":"follow","max-snippet":"max-snippet:-1","max-image-preview":"max-image-preview:large","max-video-preview":"max-video-preview:-1"},"canonical":"https:\/\/www.spirit-us.eu\/index.php\/produit\/collier-paramita-piece-unique\/","og_locale":"fr_FR","og_type":"article","og_title":"COLLIER PARAMITA - pi\u00e8ce unique - Spirit-US","og_description":"Offrez-vous \u2013 ou offrez \u00e0 quelqu\u2019un d'exceptionnel ce collier magnifique, unique, travaill\u00e9 selon l'inspiration de la cr\u00e9atrice, pour exprimer la g\u00e9n\u00e9rosit\u00e9 au sens bouddhique du terme. P\u0101ramit\u0101. Dans le bouddhisme, le mot \u00ab g\u00e9n\u00e9rosit\u00e9 \u00bb fait partie des six\u00a0p\u0101ramit\u0101s, les perfections. Le terme\u00a0p\u0101ramit\u0101 signifie \u00ab aller au-del\u00e0 \u00bb et il montre le cheminement personnel vers l'\u00e9veil. Il allie la douceur des perles de culture, avec la grande puissance magn\u00e9tique de la Terre \u00e0 travers les perles d'h\u00e9matite et les pierres repr\u00e9sentant le rouge du chakra racine.","og_url":"https:\/\/www.spirit-us.eu\/index.php\/produit\/collier-paramita-piece-unique\/","og_site_name":"Spirit-US","article_publisher":"https:\/\/www.facebook.com\/spirit.us.deum","article_modified_time":"2025-12-17T13:41:42+00:00","og_image":[{"width":2157,"height":2560,"url":"https:\/\/www.spirit-us.eu\/wp-content\/uploads\/2025\/11\/paramita-1-scaled.jpg","type":"image\/jpeg"}],"twitter_card":"summary_large_image","twitter_misc":{"Dur\u00e9e de lecture estim\u00e9e":"1 minute"},"schema":{"@context":"https:\/\/schema.org","@graph":[{"@type":"WebPage","@id":"https:\/\/www.spirit-us.eu\/index.php\/produit\/collier-paramita-piece-unique\/","url":"https:\/\/www.spirit-us.eu\/index.php\/produit\/collier-paramita-piece-unique\/","name":"COLLIER PARAMITA - pi\u00e8ce unique - Spirit-US","isPartOf":{"@id":"https:\/\/www.spirit-us.eu\/#website"},"primaryImageOfPage":{"@id":"https:\/\/www.spirit-us.eu\/index.php\/produit\/collier-paramita-piece-unique\/#primaryimage"},"image":{"@id":"https:\/\/www.spirit-us.eu\/index.php\/produit\/collier-paramita-piece-unique\/#primaryimage"},"thumbnailUrl":"https:\/\/www.spirit-us.eu\/wp-content\/uploads\/2025\/11\/paramita-1-scaled.jpg","datePublished":"2025-11-22T11:13:00+00:00","dateModified":"2025-12-17T13:41:42+00:00","breadcrumb":{"@id":"https:\/\/www.spirit-us.eu\/index.php\/produit\/collier-paramita-piece-unique\/#breadcrumb"},"inLanguage":"fr-FR","potentialAction":[{"@type":"ReadAction","target":["https:\/\/www.spirit-us.eu\/index.php\/produit\/collier-paramita-piece-unique\/"]}]},{"@type":"ImageObject","inLanguage":"fr-FR","@id":"https:\/\/www.spirit-us.eu\/index.php\/produit\/collier-paramita-piece-unique\/#primaryimage","url":"https:\/\/www.spirit-us.eu\/wp-content\/uploads\/2025\/11\/paramita-1-scaled.jpg","contentUrl":"https:\/\/www.spirit-us.eu\/wp-content\/uploads\/2025\/11\/paramita-1-scaled.jpg","width":2157,"height":2560},{"@type":"BreadcrumbList","@id":"https:\/\/www.spirit-us.eu\/index.php\/produit\/collier-paramita-piece-unique\/#breadcrumb","itemListElement":[{"@type":"ListItem","position":1,"name":"Accueil","item":"https:\/\/www.spirit-us.eu\/"},{"@type":"ListItem","position":2,"name":"Boutique","item":"https:\/\/www.spirit-us.eu\/index.php\/boutique\/"},{"@type":"ListItem","position":3,"name":"COLLIER PARAMITA &#8211; pi\u00e8ce unique"}]},{"@type":"WebSite","@id":"https:\/\/www.spirit-us.eu\/#website","url":"https:\/\/www.spirit-us.eu\/","name":"Spirit-US","description":"","publisher":{"@id":"https:\/\/www.spirit-us.eu\/#organization"},"potentialAction":[{"@type":"SearchAction","target":{"@type":"EntryPoint","urlTemplate":"https:\/\/www.spirit-us.eu\/?s={search_term_string}"},"query-input":{"@type":"PropertyValueSpecification","valueRequired":true,"valueName":"search_term_string"}}],"inLanguage":"fr-FR"},{"@type":"Organization","@id":"https:\/\/www.spirit-us.eu\/#organization","name":"Spirit-US","url":"https:\/\/www.spirit-us.eu\/","logo":{"@type":"ImageObject","inLanguage":"fr-FR","@id":"https:\/\/www.spirit-us.eu\/#\/schema\/logo\/image\/","url":"https:\/\/www.spirit-us.eu\/wp-content\/uploads\/2025\/11\/logo-regarde-linterlocutrice-sans-arrriere-plan.jpg","contentUrl":"https:\/\/www.spirit-us.eu\/wp-content\/uploads\/2025\/11\/logo-regarde-linterlocutrice-sans-arrriere-plan.jpg","width":1080,"height":1080,"caption":"Spirit-US"},"image":{"@id":"https:\/\/www.spirit-us.eu\/#\/schema\/logo\/image\/"},"sameAs":["https:\/\/www.facebook.com\/spirit.us.deum"]}]}},"jetpack_sharing_enabled":true,"_links":{"self":[{"href":"https:\/\/www.spirit-us.eu\/index.php\/wp-json\/wp\/v2\/product\/2670","targetHints":{"allow":["GET"]}}],"collection":[{"href":"https:\/\/www.spirit-us.eu\/index.php\/wp-json\/wp\/v2\/product"}],"about":[{"href":"https:\/\/www.spirit-us.eu\/index.php\/wp-json\/wp\/v2\/types\/product"}],"replies":[{"embeddable":true,"href":"https:\/\/www.spirit-us.eu\/index.php\/wp-json\/wp\/v2\/comments?post=2670"}],"wp:featuredmedia":[{"embeddable":true,"href":"https:\/\/www.spirit-us.eu\/index.php\/wp-json\/wp\/v2\/media\/2672"}],"wp:attachment":[{"href":"https:\/\/www.spirit-us.eu\/index.php\/wp-json\/wp\/v2\/media?parent=2670"}],"wp:term":[{"taxonomy":"product_brand","embeddable":true,"href":"https:\/\/www.spirit-us.eu\/index.php\/wp-json\/wp\/v2\/product_brand?post=2670"},{"taxonomy":"product_cat","embeddable":true,"href":"https:\/\/www.spirit-us.eu\/index.php\/wp-json\/wp\/v2\/product_cat?post=2670"},{"taxonomy":"product_tag","embeddable":true,"href":"https:\/\/www.spirit-us.eu\/index.php\/wp-json\/wp\/v2\/product_tag?post=2670"},{"taxonomy":"mwb_booking_cost","embeddable":true,"href":"https:\/\/www.spirit-us.eu\/index.php\/wp-json\/wp\/v2\/mwb_booking_cost?post=2670"},{"taxonomy":"mwb_booking_service","embeddable":true,"href":"https:\/\/www.spirit-us.eu\/index.php\/wp-json\/wp\/v2\/mwb_booking_service?post=2670"}],"curies":[{"name":"wp","href":"https:\/\/api.w.org\/{rel}","templated":true}]}}