{"id":2545,"date":"2025-11-16T16:38:35","date_gmt":"2025-11-16T15:38:35","guid":{"rendered":"https:\/\/www.spirit-us.eu\/?post_type=product&#038;p=2545"},"modified":"2026-01-05T21:25:01","modified_gmt":"2026-01-05T20:25:01","slug":"speranza-collier-unique-espoir-douceur-protection-divine","status":"publish","type":"product","link":"https:\/\/www.spirit-us.eu\/index.php\/produit\/speranza-collier-unique-espoir-douceur-protection-divine\/","title":{"rendered":"SPERANZA &#8211; collier unique : espoir, douceur &#038; protection divine"},"content":{"rendered":"<p style=\"text-align: justify;\">Collier unique, multipierres, pour une personne souhaitant recourir \u00e0 la protection divine, rehauss\u00e9 d&rsquo;un crucifix aux effigies du Coeur sacr\u00e9 de J\u00e9sus, de l&rsquo;Esprit saint, de Marie au Coeur immacul\u00e9, de saint Joseph et de saint Beno\u00eet.<\/p>\n<p style=\"text-align: justify;\"><strong>Mat\u00e9riaux\u00a0<\/strong>: pierres naturelles, argent 0,925 (crucifix)<\/p>\n<p style=\"text-align: justify;\"><strong>Pierres composant le collier\u00a0<\/strong>:<\/p>\n<p style=\"text-align: justify;\"><strong>Dimension du collier<\/strong> : 68 cm<\/p>\n<p style=\"text-align: justify;\"><strong>Dimension du crucifix\u00a0<\/strong> : 4 cm<\/p>\n<p style=\"text-align: justify;\">Pi\u00e8ce unique, enti\u00e8rement manufactur\u00e9e, composants 100% naturels.<\/p>\n<p style=\"text-align: justify;\">Livr\u00e9e dans une pochette pr\u00e9cieuse en satin (coloris assorti au bijou, selon stock)<\/p>\n<p>Cette pi\u00e8ce vous sera livr\u00e9e b\u00e9nie avec la pri\u00e8re de protection qui lui appartient.<\/p>\n<p style=\"text-align: justify;\">\n","protected":false},"excerpt":{"rendered":"<p style=\"text-align: justify;\">Un collier unique, mystique et tr\u00e8s doux, sign\u00e9 par notre gemmologue et cr\u00e9atrice, Val\u00e9rie.\u00a0 Comme toute pi\u00e8ce de cr\u00e9atrice \/ cr\u00e9ateur, il est dict\u00e9 par l&rsquo;\u00e9nergie, l&rsquo;inspiration et la vibration \u00e0 laquelle elle se connecte au moment de cr\u00e9er.\u00a0 De nombreuses \u00e9nergies positives sont \u00e0 l&rsquo;honneur dans ce collier, \u00e0 commencer par celles du<strong> crucifix de puissante protection<\/strong>, capable de prot\u00e9ger en tout lieu et en toute circonstance. Nous d\u00e9taillons ci-apr\u00e8s l&rsquo;ensemble des vertus dont est porteuse cette pi\u00e8ce magnifique et rare.<\/p>\n","protected":false},"featured_media":2546,"comment_status":"open","ping_status":"closed","template":"","meta":[],"product_brand":[],"product_cat":[156,190,464,17],"product_tag":[169],"mwb_booking_cost":[],"mwb_booking_service":[],"class_list":{"0":"post-2545","1":"product","2":"type-product","3":"status-publish","4":"has-post-thumbnail","6":"product_cat-04-bijoux","7":"product_cat-11-pieces-rares-uniques-creations","8":"product_cat-pieces-uniques-ou-rares","9":"product_cat-tous-les-produits","10":"product_tag-protection","12":"first","13":"instock","14":"shipping-taxable","15":"purchasable","16":"product-type-simple"},"yoast_head":"<!-- This site is optimized with the Yoast SEO plugin v27.1.1 - https:\/\/yoast.com\/product\/yoast-seo-wordpress\/ -->\n<title>SPERANZA - collier unique : espoir, douceur &amp; protection divine - Spirit-US<\/title>\n<meta name=\"robots\" content=\"index, follow, max-snippet:-1, max-image-preview:large, max-video-preview:-1\" \/>\n<link rel=\"canonical\" href=\"https:\/\/www.spirit-us.eu\/index.php\/produit\/speranza-collier-unique-espoir-douceur-protection-divine\/\" \/>\n<meta property=\"og:locale\" content=\"fr_FR\" \/>\n<meta property=\"og:type\" content=\"article\" \/>\n<meta property=\"og:title\" content=\"SPERANZA - collier unique : espoir, douceur &amp; protection divine - Spirit-US\" \/>\n<meta property=\"og:description\" content=\"Un collier unique, mystique et tr\u00e8s doux, sign\u00e9 par notre gemmologue et cr\u00e9atrice, Val\u00e9rie.\u00a0 Comme toute pi\u00e8ce de cr\u00e9atrice \/ cr\u00e9ateur, il est dict\u00e9 par l&#039;\u00e9nergie, l&#039;inspiration et la vibration \u00e0 laquelle elle se connecte au moment de cr\u00e9er.\u00a0 De nombreuses \u00e9nergies positives sont \u00e0 l&#039;honneur dans ce collier, \u00e0 commencer par celles du crucifix de puissante protection, capable de prot\u00e9ger en tout lieu et en toute circonstance. Nous d\u00e9taillons ci-apr\u00e8s l&#039;ensemble des vertus dont est porteuse cette pi\u00e8ce magnifique et rare.\" \/>\n<meta property=\"og:url\" content=\"https:\/\/www.spirit-us.eu\/index.php\/produit\/speranza-collier-unique-espoir-douceur-protection-divine\/\" \/>\n<meta property=\"og:site_name\" content=\"Spirit-US\" \/>\n<meta property=\"article:publisher\" content=\"https:\/\/www.facebook.com\/spirit.us.deum\" \/>\n<meta property=\"article:modified_time\" content=\"2026-01-05T20:25:01+00:00\" \/>\n<meta property=\"og:image\" content=\"https:\/\/www.spirit-us.eu\/wp-content\/uploads\/2025\/11\/bleu-et-croix-image-produit.jpeg\" \/>\n\t<meta property=\"og:image:width\" content=\"1464\" \/>\n\t<meta property=\"og:image:height\" content=\"1464\" \/>\n\t<meta property=\"og:image:type\" content=\"image\/jpeg\" \/>\n<meta name=\"twitter:card\" content=\"summary_large_image\" \/>\n<script type=\"application\/ld+json\" class=\"yoast-schema-graph\">{\"@context\":\"https:\/\/schema.org\",\"@graph\":[{\"@type\":\"WebPage\",\"@id\":\"https:\/\/www.spirit-us.eu\/index.php\/produit\/speranza-collier-unique-espoir-douceur-protection-divine\/\",\"url\":\"https:\/\/www.spirit-us.eu\/index.php\/produit\/speranza-collier-unique-espoir-douceur-protection-divine\/\",\"name\":\"SPERANZA - collier unique : espoir, douceur & protection divine - Spirit-US\",\"isPartOf\":{\"@id\":\"https:\/\/www.spirit-us.eu\/#website\"},\"primaryImageOfPage\":{\"@id\":\"https:\/\/www.spirit-us.eu\/index.php\/produit\/speranza-collier-unique-espoir-douceur-protection-divine\/#primaryimage\"},\"image\":{\"@id\":\"https:\/\/www.spirit-us.eu\/index.php\/produit\/speranza-collier-unique-espoir-douceur-protection-divine\/#primaryimage\"},\"thumbnailUrl\":\"https:\/\/www.spirit-us.eu\/wp-content\/uploads\/2025\/11\/bleu-et-croix-image-produit.jpeg\",\"datePublished\":\"2025-11-16T15:38:35+00:00\",\"dateModified\":\"2026-01-05T20:25:01+00:00\",\"breadcrumb\":{\"@id\":\"https:\/\/www.spirit-us.eu\/index.php\/produit\/speranza-collier-unique-espoir-douceur-protection-divine\/#breadcrumb\"},\"inLanguage\":\"fr-FR\",\"potentialAction\":[{\"@type\":\"ReadAction\",\"target\":[\"https:\/\/www.spirit-us.eu\/index.php\/produit\/speranza-collier-unique-espoir-douceur-protection-divine\/\"]}]},{\"@type\":\"ImageObject\",\"inLanguage\":\"fr-FR\",\"@id\":\"https:\/\/www.spirit-us.eu\/index.php\/produit\/speranza-collier-unique-espoir-douceur-protection-divine\/#primaryimage\",\"url\":\"https:\/\/www.spirit-us.eu\/wp-content\/uploads\/2025\/11\/bleu-et-croix-image-produit.jpeg\",\"contentUrl\":\"https:\/\/www.spirit-us.eu\/wp-content\/uploads\/2025\/11\/bleu-et-croix-image-produit.jpeg\",\"width\":1464,\"height\":1464},{\"@type\":\"BreadcrumbList\",\"@id\":\"https:\/\/www.spirit-us.eu\/index.php\/produit\/speranza-collier-unique-espoir-douceur-protection-divine\/#breadcrumb\",\"itemListElement\":[{\"@type\":\"ListItem\",\"position\":1,\"name\":\"Accueil\",\"item\":\"https:\/\/www.spirit-us.eu\/\"},{\"@type\":\"ListItem\",\"position\":2,\"name\":\"Boutique\",\"item\":\"https:\/\/www.spirit-us.eu\/index.php\/boutique\/\"},{\"@type\":\"ListItem\",\"position\":3,\"name\":\"SPERANZA &#8211; collier unique : espoir, douceur &#038; protection divine\"}]},{\"@type\":\"WebSite\",\"@id\":\"https:\/\/www.spirit-us.eu\/#website\",\"url\":\"https:\/\/www.spirit-us.eu\/\",\"name\":\"Spirit-US\",\"description\":\"\",\"publisher\":{\"@id\":\"https:\/\/www.spirit-us.eu\/#organization\"},\"potentialAction\":[{\"@type\":\"SearchAction\",\"target\":{\"@type\":\"EntryPoint\",\"urlTemplate\":\"https:\/\/www.spirit-us.eu\/?s={search_term_string}\"},\"query-input\":{\"@type\":\"PropertyValueSpecification\",\"valueRequired\":true,\"valueName\":\"search_term_string\"}}],\"inLanguage\":\"fr-FR\"},{\"@type\":\"Organization\",\"@id\":\"https:\/\/www.spirit-us.eu\/#organization\",\"name\":\"Spirit-US\",\"url\":\"https:\/\/www.spirit-us.eu\/\",\"logo\":{\"@type\":\"ImageObject\",\"inLanguage\":\"fr-FR\",\"@id\":\"https:\/\/www.spirit-us.eu\/#\/schema\/logo\/image\/\",\"url\":\"https:\/\/www.spirit-us.eu\/wp-content\/uploads\/2025\/11\/logo-regarde-linterlocutrice-sans-arrriere-plan.jpg\",\"contentUrl\":\"https:\/\/www.spirit-us.eu\/wp-content\/uploads\/2025\/11\/logo-regarde-linterlocutrice-sans-arrriere-plan.jpg\",\"width\":1080,\"height\":1080,\"caption\":\"Spirit-US\"},\"image\":{\"@id\":\"https:\/\/www.spirit-us.eu\/#\/schema\/logo\/image\/\"},\"sameAs\":[\"https:\/\/www.facebook.com\/spirit.us.deum\"]}]}<\/script>\n<!-- \/ Yoast SEO plugin. -->","yoast_head_json":{"title":"SPERANZA - collier unique : espoir, douceur & protection divine - Spirit-US","robots":{"index":"index","follow":"follow","max-snippet":"max-snippet:-1","max-image-preview":"max-image-preview:large","max-video-preview":"max-video-preview:-1"},"canonical":"https:\/\/www.spirit-us.eu\/index.php\/produit\/speranza-collier-unique-espoir-douceur-protection-divine\/","og_locale":"fr_FR","og_type":"article","og_title":"SPERANZA - collier unique : espoir, douceur & protection divine - Spirit-US","og_description":"Un collier unique, mystique et tr\u00e8s doux, sign\u00e9 par notre gemmologue et cr\u00e9atrice, Val\u00e9rie.\u00a0 Comme toute pi\u00e8ce de cr\u00e9atrice \/ cr\u00e9ateur, il est dict\u00e9 par l'\u00e9nergie, l'inspiration et la vibration \u00e0 laquelle elle se connecte au moment de cr\u00e9er.\u00a0 De nombreuses \u00e9nergies positives sont \u00e0 l'honneur dans ce collier, \u00e0 commencer par celles du crucifix de puissante protection, capable de prot\u00e9ger en tout lieu et en toute circonstance. Nous d\u00e9taillons ci-apr\u00e8s l'ensemble des vertus dont est porteuse cette pi\u00e8ce magnifique et rare.","og_url":"https:\/\/www.spirit-us.eu\/index.php\/produit\/speranza-collier-unique-espoir-douceur-protection-divine\/","og_site_name":"Spirit-US","article_publisher":"https:\/\/www.facebook.com\/spirit.us.deum","article_modified_time":"2026-01-05T20:25:01+00:00","og_image":[{"width":1464,"height":1464,"url":"https:\/\/www.spirit-us.eu\/wp-content\/uploads\/2025\/11\/bleu-et-croix-image-produit.jpeg","type":"image\/jpeg"}],"twitter_card":"summary_large_image","schema":{"@context":"https:\/\/schema.org","@graph":[{"@type":"WebPage","@id":"https:\/\/www.spirit-us.eu\/index.php\/produit\/speranza-collier-unique-espoir-douceur-protection-divine\/","url":"https:\/\/www.spirit-us.eu\/index.php\/produit\/speranza-collier-unique-espoir-douceur-protection-divine\/","name":"SPERANZA - collier unique : espoir, douceur & protection divine - Spirit-US","isPartOf":{"@id":"https:\/\/www.spirit-us.eu\/#website"},"primaryImageOfPage":{"@id":"https:\/\/www.spirit-us.eu\/index.php\/produit\/speranza-collier-unique-espoir-douceur-protection-divine\/#primaryimage"},"image":{"@id":"https:\/\/www.spirit-us.eu\/index.php\/produit\/speranza-collier-unique-espoir-douceur-protection-divine\/#primaryimage"},"thumbnailUrl":"https:\/\/www.spirit-us.eu\/wp-content\/uploads\/2025\/11\/bleu-et-croix-image-produit.jpeg","datePublished":"2025-11-16T15:38:35+00:00","dateModified":"2026-01-05T20:25:01+00:00","breadcrumb":{"@id":"https:\/\/www.spirit-us.eu\/index.php\/produit\/speranza-collier-unique-espoir-douceur-protection-divine\/#breadcrumb"},"inLanguage":"fr-FR","potentialAction":[{"@type":"ReadAction","target":["https:\/\/www.spirit-us.eu\/index.php\/produit\/speranza-collier-unique-espoir-douceur-protection-divine\/"]}]},{"@type":"ImageObject","inLanguage":"fr-FR","@id":"https:\/\/www.spirit-us.eu\/index.php\/produit\/speranza-collier-unique-espoir-douceur-protection-divine\/#primaryimage","url":"https:\/\/www.spirit-us.eu\/wp-content\/uploads\/2025\/11\/bleu-et-croix-image-produit.jpeg","contentUrl":"https:\/\/www.spirit-us.eu\/wp-content\/uploads\/2025\/11\/bleu-et-croix-image-produit.jpeg","width":1464,"height":1464},{"@type":"BreadcrumbList","@id":"https:\/\/www.spirit-us.eu\/index.php\/produit\/speranza-collier-unique-espoir-douceur-protection-divine\/#breadcrumb","itemListElement":[{"@type":"ListItem","position":1,"name":"Accueil","item":"https:\/\/www.spirit-us.eu\/"},{"@type":"ListItem","position":2,"name":"Boutique","item":"https:\/\/www.spirit-us.eu\/index.php\/boutique\/"},{"@type":"ListItem","position":3,"name":"SPERANZA &#8211; collier unique : espoir, douceur &#038; protection divine"}]},{"@type":"WebSite","@id":"https:\/\/www.spirit-us.eu\/#website","url":"https:\/\/www.spirit-us.eu\/","name":"Spirit-US","description":"","publisher":{"@id":"https:\/\/www.spirit-us.eu\/#organization"},"potentialAction":[{"@type":"SearchAction","target":{"@type":"EntryPoint","urlTemplate":"https:\/\/www.spirit-us.eu\/?s={search_term_string}"},"query-input":{"@type":"PropertyValueSpecification","valueRequired":true,"valueName":"search_term_string"}}],"inLanguage":"fr-FR"},{"@type":"Organization","@id":"https:\/\/www.spirit-us.eu\/#organization","name":"Spirit-US","url":"https:\/\/www.spirit-us.eu\/","logo":{"@type":"ImageObject","inLanguage":"fr-FR","@id":"https:\/\/www.spirit-us.eu\/#\/schema\/logo\/image\/","url":"https:\/\/www.spirit-us.eu\/wp-content\/uploads\/2025\/11\/logo-regarde-linterlocutrice-sans-arrriere-plan.jpg","contentUrl":"https:\/\/www.spirit-us.eu\/wp-content\/uploads\/2025\/11\/logo-regarde-linterlocutrice-sans-arrriere-plan.jpg","width":1080,"height":1080,"caption":"Spirit-US"},"image":{"@id":"https:\/\/www.spirit-us.eu\/#\/schema\/logo\/image\/"},"sameAs":["https:\/\/www.facebook.com\/spirit.us.deum"]}]}},"jetpack_sharing_enabled":true,"_links":{"self":[{"href":"https:\/\/www.spirit-us.eu\/index.php\/wp-json\/wp\/v2\/product\/2545","targetHints":{"allow":["GET"]}}],"collection":[{"href":"https:\/\/www.spirit-us.eu\/index.php\/wp-json\/wp\/v2\/product"}],"about":[{"href":"https:\/\/www.spirit-us.eu\/index.php\/wp-json\/wp\/v2\/types\/product"}],"replies":[{"embeddable":true,"href":"https:\/\/www.spirit-us.eu\/index.php\/wp-json\/wp\/v2\/comments?post=2545"}],"wp:featuredmedia":[{"embeddable":true,"href":"https:\/\/www.spirit-us.eu\/index.php\/wp-json\/wp\/v2\/media\/2546"}],"wp:attachment":[{"href":"https:\/\/www.spirit-us.eu\/index.php\/wp-json\/wp\/v2\/media?parent=2545"}],"wp:term":[{"taxonomy":"product_brand","embeddable":true,"href":"https:\/\/www.spirit-us.eu\/index.php\/wp-json\/wp\/v2\/product_brand?post=2545"},{"taxonomy":"product_cat","embeddable":true,"href":"https:\/\/www.spirit-us.eu\/index.php\/wp-json\/wp\/v2\/product_cat?post=2545"},{"taxonomy":"product_tag","embeddable":true,"href":"https:\/\/www.spirit-us.eu\/index.php\/wp-json\/wp\/v2\/product_tag?post=2545"},{"taxonomy":"mwb_booking_cost","embeddable":true,"href":"https:\/\/www.spirit-us.eu\/index.php\/wp-json\/wp\/v2\/mwb_booking_cost?post=2545"},{"taxonomy":"mwb_booking_service","embeddable":true,"href":"https:\/\/www.spirit-us.eu\/index.php\/wp-json\/wp\/v2\/mwb_booking_service?post=2545"}],"curies":[{"name":"wp","href":"https:\/\/api.w.org\/{rel}","templated":true}]}}