{"id":2541,"date":"2025-11-16T16:25:03","date_gmt":"2025-11-16T15:25:03","guid":{"rendered":"https:\/\/www.spirit-us.eu\/?post_type=product&#038;p=2541"},"modified":"2026-03-24T17:03:13","modified_gmt":"2026-03-24T16:03:13","slug":"harmonie-collier-unique-douceur-et-harmonie","status":"publish","type":"product","link":"https:\/\/www.spirit-us.eu\/index.php\/produit\/harmonie-collier-unique-douceur-et-harmonie\/","title":{"rendered":"HARMONIE &#8211; collier unique : douceur, f\u00e9minit\u00e9 &#038; harmonie"},"content":{"rendered":"<p style=\"text-align: justify;\">Collier unique, pour une personne unique, en harmonie avec la nature, rehauss\u00e9 d&rsquo;un magnifique coquillage<\/p>\n<p style=\"text-align: justify;\"><strong>Mat\u00e9riaux\u00a0<\/strong>: pierres naturelles, argent 0,925 (fermoir), nacre (coquillage)<\/p>\n<p style=\"text-align: justify;\"><strong>Pierres composant le collier\u00a0<\/strong>: quartz rose, quartz blanc, agate violette, am\u00e9thyste, citrine, grenat, aigue marine, onyx, cyanite, tourmaline verte, tourmaline rose et lapis lazuli<\/p>\n<p style=\"text-align: justify;\"><strong>Dimension du collier<\/strong> : 56 cm ajustable jusque 60 cm<\/p>\n<p style=\"text-align: justify;\"><strong>Dimension du coquillage\u00a0<\/strong> : 4 cm<\/p>\n<ul>\n<li style=\"text-align: justify;\">Pi\u00e8ce unique, enti\u00e8rement manufactur\u00e9e, composants 100% naturels.<\/li>\n<li style=\"text-align: justify;\">Livr\u00e9e dans une pochette pr\u00e9cieuse en satin (coloris assorti au bijou, selon stock)<\/li>\n<\/ul>\n<p style=\"text-align: justify;\">Voici les vertus qu&rsquo;il conf\u00e8re \u00e0 qui le portera :<\/p>\n<p style=\"text-align: justify;\">Le <strong>Quartz rose<\/strong> traite les maux de t\u00eate, les vertiges, le mal des transports et r\u00e9gule le m\u00e9tabolisme.<\/p>\n<p style=\"text-align: justify;\">Le <strong>Quartz blanc<\/strong> est dot\u00e9 de plusieurs vertus sur le plan mental. Il apporte le r\u00e9confort, la tendresse, la concentration.<\/p>\n<p style=\"text-align: justify;\"><strong>L\u2019Agate Violette<\/strong>, quant \u00e0 elle, est une pierre reconnue pour favoriser le calme et l\u2019apaisement. Elle est \u00e9galement b\u00e9n\u00e9fique pour la cr\u00e9ativit\u00e9 et contribue \u00e0 renforcer la confiance en soi tout en d\u00e9veloppant la spiritualit\u00e9. Elle permet d\u2019am\u00e9liorer la circulation du sang et de purifier le pancr\u00e9as et le syst\u00e8me lymphatique. Elle est aussi reconnue pour son efficacit\u00e9 \u00e0 combattre les probl\u00e8mes digestifs, les troubles de l\u2019estomac et les probl\u00e8mes de peau. L\u2019Am\u00e9thyste a des vertus de purification, des lieux comme des personnes.<\/p>\n<p style=\"text-align: justify;\"><strong>La Citrine<\/strong> favorise l&rsquo;\u00e9quilibre des \u00e9nergies et la concentration. Cette pierre \u00e9nergisante d\u00e9veloppe fortement la cr\u00e9ativit\u00e9.<\/p>\n<p style=\"text-align: justify;\"><strong>Le Grenat<\/strong> \u00a0purifie le sang et pour r\u00e9gule sa circulation.<\/p>\n<p style=\"text-align: justify;\"><strong>L\u2019Aigue marine<\/strong> est porteuse de joie, de cr\u00e9ativit\u00e9 et aurait la vertu de lib\u00e9rer des \u00e9motions enfouies et apportant l&rsquo;apaisement, la clairvoyance et la paix int\u00e9rieure.<\/p>\n<p style=\"text-align: justify;\"><strong>L\u2019Onyx <\/strong>est connu depuis les temps anciens pour absorber les \u00e9nergies n\u00e9gatives.<\/p>\n<p style=\"text-align: justify;\"><strong>La Cyanite<\/strong> a le pouvoir de r\u00e9\u00e9quilibrer le corps et l&rsquo;esprit. Son aura est propice au calme.<\/p>\n<p style=\"text-align: justify;\"><strong>La tourmaline verte<\/strong> : une alli\u00e9e pour le chakra du c\u0153ur, est consid\u00e9r\u00e9e comme une pierre de gu\u00e9rison et d&rsquo;apaisement. Gr\u00e2ce \u00e0 sa couleur, elle est associ\u00e9e au chakra du c\u0153ur et aurait la capacit\u00e9 de favoriser l&rsquo;amour, la compassion et la tol\u00e9rance. Cette pierre aiderait \u00e9galement \u00e0 dissiper les blocages \u00e9motionnels et \u00e0 lib\u00e9rer les tensions accumul\u00e9es.<\/p>\n<p style=\"text-align: justify;\"><strong>La tourmaline rose<\/strong> est une pierre d&rsquo;amour et de cr\u00e9ativit\u00e9, elle est tr\u00e8s appr\u00e9ci\u00e9e pour son action sur le plan affectif et \u00e9motionnel. Elle symbolise l&rsquo;amour inconditionnel et la tendresse, tout en stimulant la cr\u00e9ativit\u00e9 et l&rsquo;imagination. Elle serait particuli\u00e8rement adapt\u00e9e pour soutenir les personnes traversant une p\u00e9riode difficile.<\/p>\n<p style=\"text-align: justify;\">Enfin, le <strong>lapis lazuli<\/strong> est la pierre de protection par excellence.<\/p>\n","protected":false},"excerpt":{"rendered":"<p style=\"text-align: justify;\">Un collier unique, sensuel et tr\u00e8s doux, sign\u00e9 par notre gemmologue et cr\u00e9atrice, Val\u00e9rie.\u00a0 Comme toute pi\u00e8ce de cr\u00e9atrice \/ cr\u00e9ateur, il est dict\u00e9 par l&rsquo;\u00e9nergie, l&rsquo;inspiration et la vibration \u00e0 laquelle elle se connecte au moment de cr\u00e9er.\u00a0 De nombreuses \u00e9nergies positives sont \u00e0 l&rsquo;honneur dans ce collier, \u00e0 commencer par celles du<strong> coquillage naturel<\/strong> capable de soigner des maux profonds et des douleurs chroniques. Nous d\u00e9taillons ci-apr\u00e8s l&rsquo;ensemble des vertus dont est porteuse cette pi\u00e8ce magnifique et rare.<\/p>\n","protected":false},"featured_media":4532,"comment_status":"open","ping_status":"closed","template":"","meta":[],"product_brand":[],"product_cat":[156,462,190,464,17],"product_tag":[],"mwb_booking_cost":[],"mwb_booking_service":[],"class_list":{"0":"post-2541","1":"product","2":"type-product","3":"status-publish","4":"has-post-thumbnail","6":"product_cat-04-bijoux","7":"product_cat-006-colliers","8":"product_cat-11-pieces-rares-uniques-creations","9":"product_cat-pieces-uniques-ou-rares","10":"product_cat-tous-les-produits","12":"first","13":"instock","14":"shipping-taxable","15":"purchasable","16":"product-type-simple"},"yoast_head":"<!-- This site is optimized with the Yoast SEO plugin v27.1.1 - https:\/\/yoast.com\/product\/yoast-seo-wordpress\/ -->\n<title>HARMONIE - collier unique : douceur, f\u00e9minit\u00e9 &amp; harmonie - Spirit-US<\/title>\n<meta name=\"robots\" content=\"index, follow, max-snippet:-1, max-image-preview:large, max-video-preview:-1\" \/>\n<link rel=\"canonical\" href=\"https:\/\/www.spirit-us.eu\/index.php\/produit\/harmonie-collier-unique-douceur-et-harmonie\/\" \/>\n<meta property=\"og:locale\" content=\"fr_FR\" \/>\n<meta property=\"og:type\" content=\"article\" \/>\n<meta property=\"og:title\" content=\"HARMONIE - collier unique : douceur, f\u00e9minit\u00e9 &amp; harmonie - Spirit-US\" \/>\n<meta property=\"og:description\" content=\"Un collier unique, sensuel et tr\u00e8s doux, sign\u00e9 par notre gemmologue et cr\u00e9atrice, Val\u00e9rie.\u00a0 Comme toute pi\u00e8ce de cr\u00e9atrice \/ cr\u00e9ateur, il est dict\u00e9 par l&#039;\u00e9nergie, l&#039;inspiration et la vibration \u00e0 laquelle elle se connecte au moment de cr\u00e9er.\u00a0 De nombreuses \u00e9nergies positives sont \u00e0 l&#039;honneur dans ce collier, \u00e0 commencer par celles du coquillage naturel capable de soigner des maux profonds et des douleurs chroniques. Nous d\u00e9taillons ci-apr\u00e8s l&#039;ensemble des vertus dont est porteuse cette pi\u00e8ce magnifique et rare.\" \/>\n<meta property=\"og:url\" content=\"https:\/\/www.spirit-us.eu\/index.php\/produit\/harmonie-collier-unique-douceur-et-harmonie\/\" \/>\n<meta property=\"og:site_name\" content=\"Spirit-US\" \/>\n<meta property=\"article:publisher\" content=\"https:\/\/www.facebook.com\/spirit.us.deum\" \/>\n<meta property=\"article:modified_time\" content=\"2026-03-24T16:03:13+00:00\" \/>\n<meta property=\"og:image\" content=\"https:\/\/www.spirit-us.eu\/wp-content\/uploads\/2025\/11\/coquillage-1.png\" \/>\n\t<meta property=\"og:image:width\" content=\"1080\" \/>\n\t<meta property=\"og:image:height\" content=\"1080\" \/>\n\t<meta property=\"og:image:type\" content=\"image\/png\" \/>\n<meta name=\"twitter:card\" content=\"summary_large_image\" \/>\n<meta name=\"twitter:label1\" content=\"Dur\u00e9e de lecture estim\u00e9e\" \/>\n\t<meta name=\"twitter:data1\" content=\"3 minutes\" \/>\n<script type=\"application\/ld+json\" class=\"yoast-schema-graph\">{\"@context\":\"https:\/\/schema.org\",\"@graph\":[{\"@type\":\"WebPage\",\"@id\":\"https:\/\/www.spirit-us.eu\/index.php\/produit\/harmonie-collier-unique-douceur-et-harmonie\/\",\"url\":\"https:\/\/www.spirit-us.eu\/index.php\/produit\/harmonie-collier-unique-douceur-et-harmonie\/\",\"name\":\"HARMONIE - collier unique : douceur, f\u00e9minit\u00e9 & harmonie - Spirit-US\",\"isPartOf\":{\"@id\":\"https:\/\/www.spirit-us.eu\/#website\"},\"primaryImageOfPage\":{\"@id\":\"https:\/\/www.spirit-us.eu\/index.php\/produit\/harmonie-collier-unique-douceur-et-harmonie\/#primaryimage\"},\"image\":{\"@id\":\"https:\/\/www.spirit-us.eu\/index.php\/produit\/harmonie-collier-unique-douceur-et-harmonie\/#primaryimage\"},\"thumbnailUrl\":\"https:\/\/www.spirit-us.eu\/wp-content\/uploads\/2025\/11\/coquillage-1.png\",\"datePublished\":\"2025-11-16T15:25:03+00:00\",\"dateModified\":\"2026-03-24T16:03:13+00:00\",\"breadcrumb\":{\"@id\":\"https:\/\/www.spirit-us.eu\/index.php\/produit\/harmonie-collier-unique-douceur-et-harmonie\/#breadcrumb\"},\"inLanguage\":\"fr-FR\",\"potentialAction\":[{\"@type\":\"ReadAction\",\"target\":[\"https:\/\/www.spirit-us.eu\/index.php\/produit\/harmonie-collier-unique-douceur-et-harmonie\/\"]}]},{\"@type\":\"ImageObject\",\"inLanguage\":\"fr-FR\",\"@id\":\"https:\/\/www.spirit-us.eu\/index.php\/produit\/harmonie-collier-unique-douceur-et-harmonie\/#primaryimage\",\"url\":\"https:\/\/www.spirit-us.eu\/wp-content\/uploads\/2025\/11\/coquillage-1.png\",\"contentUrl\":\"https:\/\/www.spirit-us.eu\/wp-content\/uploads\/2025\/11\/coquillage-1.png\",\"width\":1080,\"height\":1080},{\"@type\":\"BreadcrumbList\",\"@id\":\"https:\/\/www.spirit-us.eu\/index.php\/produit\/harmonie-collier-unique-douceur-et-harmonie\/#breadcrumb\",\"itemListElement\":[{\"@type\":\"ListItem\",\"position\":1,\"name\":\"Accueil\",\"item\":\"https:\/\/www.spirit-us.eu\/\"},{\"@type\":\"ListItem\",\"position\":2,\"name\":\"Boutique\",\"item\":\"https:\/\/www.spirit-us.eu\/index.php\/boutique\/\"},{\"@type\":\"ListItem\",\"position\":3,\"name\":\"HARMONIE &#8211; collier unique : douceur, f\u00e9minit\u00e9 &#038; harmonie\"}]},{\"@type\":\"WebSite\",\"@id\":\"https:\/\/www.spirit-us.eu\/#website\",\"url\":\"https:\/\/www.spirit-us.eu\/\",\"name\":\"Spirit-US\",\"description\":\"\",\"publisher\":{\"@id\":\"https:\/\/www.spirit-us.eu\/#organization\"},\"potentialAction\":[{\"@type\":\"SearchAction\",\"target\":{\"@type\":\"EntryPoint\",\"urlTemplate\":\"https:\/\/www.spirit-us.eu\/?s={search_term_string}\"},\"query-input\":{\"@type\":\"PropertyValueSpecification\",\"valueRequired\":true,\"valueName\":\"search_term_string\"}}],\"inLanguage\":\"fr-FR\"},{\"@type\":\"Organization\",\"@id\":\"https:\/\/www.spirit-us.eu\/#organization\",\"name\":\"Spirit-US\",\"url\":\"https:\/\/www.spirit-us.eu\/\",\"logo\":{\"@type\":\"ImageObject\",\"inLanguage\":\"fr-FR\",\"@id\":\"https:\/\/www.spirit-us.eu\/#\/schema\/logo\/image\/\",\"url\":\"https:\/\/www.spirit-us.eu\/wp-content\/uploads\/2025\/11\/logo-regarde-linterlocutrice-sans-arrriere-plan.jpg\",\"contentUrl\":\"https:\/\/www.spirit-us.eu\/wp-content\/uploads\/2025\/11\/logo-regarde-linterlocutrice-sans-arrriere-plan.jpg\",\"width\":1080,\"height\":1080,\"caption\":\"Spirit-US\"},\"image\":{\"@id\":\"https:\/\/www.spirit-us.eu\/#\/schema\/logo\/image\/\"},\"sameAs\":[\"https:\/\/www.facebook.com\/spirit.us.deum\"]}]}<\/script>\n<!-- \/ Yoast SEO plugin. -->","yoast_head_json":{"title":"HARMONIE - collier unique : douceur, f\u00e9minit\u00e9 & harmonie - Spirit-US","robots":{"index":"index","follow":"follow","max-snippet":"max-snippet:-1","max-image-preview":"max-image-preview:large","max-video-preview":"max-video-preview:-1"},"canonical":"https:\/\/www.spirit-us.eu\/index.php\/produit\/harmonie-collier-unique-douceur-et-harmonie\/","og_locale":"fr_FR","og_type":"article","og_title":"HARMONIE - collier unique : douceur, f\u00e9minit\u00e9 & harmonie - Spirit-US","og_description":"Un collier unique, sensuel et tr\u00e8s doux, sign\u00e9 par notre gemmologue et cr\u00e9atrice, Val\u00e9rie.\u00a0 Comme toute pi\u00e8ce de cr\u00e9atrice \/ cr\u00e9ateur, il est dict\u00e9 par l'\u00e9nergie, l'inspiration et la vibration \u00e0 laquelle elle se connecte au moment de cr\u00e9er.\u00a0 De nombreuses \u00e9nergies positives sont \u00e0 l'honneur dans ce collier, \u00e0 commencer par celles du coquillage naturel capable de soigner des maux profonds et des douleurs chroniques. Nous d\u00e9taillons ci-apr\u00e8s l'ensemble des vertus dont est porteuse cette pi\u00e8ce magnifique et rare.","og_url":"https:\/\/www.spirit-us.eu\/index.php\/produit\/harmonie-collier-unique-douceur-et-harmonie\/","og_site_name":"Spirit-US","article_publisher":"https:\/\/www.facebook.com\/spirit.us.deum","article_modified_time":"2026-03-24T16:03:13+00:00","og_image":[{"width":1080,"height":1080,"url":"https:\/\/www.spirit-us.eu\/wp-content\/uploads\/2025\/11\/coquillage-1.png","type":"image\/png"}],"twitter_card":"summary_large_image","twitter_misc":{"Dur\u00e9e de lecture estim\u00e9e":"3 minutes"},"schema":{"@context":"https:\/\/schema.org","@graph":[{"@type":"WebPage","@id":"https:\/\/www.spirit-us.eu\/index.php\/produit\/harmonie-collier-unique-douceur-et-harmonie\/","url":"https:\/\/www.spirit-us.eu\/index.php\/produit\/harmonie-collier-unique-douceur-et-harmonie\/","name":"HARMONIE - collier unique : douceur, f\u00e9minit\u00e9 & harmonie - Spirit-US","isPartOf":{"@id":"https:\/\/www.spirit-us.eu\/#website"},"primaryImageOfPage":{"@id":"https:\/\/www.spirit-us.eu\/index.php\/produit\/harmonie-collier-unique-douceur-et-harmonie\/#primaryimage"},"image":{"@id":"https:\/\/www.spirit-us.eu\/index.php\/produit\/harmonie-collier-unique-douceur-et-harmonie\/#primaryimage"},"thumbnailUrl":"https:\/\/www.spirit-us.eu\/wp-content\/uploads\/2025\/11\/coquillage-1.png","datePublished":"2025-11-16T15:25:03+00:00","dateModified":"2026-03-24T16:03:13+00:00","breadcrumb":{"@id":"https:\/\/www.spirit-us.eu\/index.php\/produit\/harmonie-collier-unique-douceur-et-harmonie\/#breadcrumb"},"inLanguage":"fr-FR","potentialAction":[{"@type":"ReadAction","target":["https:\/\/www.spirit-us.eu\/index.php\/produit\/harmonie-collier-unique-douceur-et-harmonie\/"]}]},{"@type":"ImageObject","inLanguage":"fr-FR","@id":"https:\/\/www.spirit-us.eu\/index.php\/produit\/harmonie-collier-unique-douceur-et-harmonie\/#primaryimage","url":"https:\/\/www.spirit-us.eu\/wp-content\/uploads\/2025\/11\/coquillage-1.png","contentUrl":"https:\/\/www.spirit-us.eu\/wp-content\/uploads\/2025\/11\/coquillage-1.png","width":1080,"height":1080},{"@type":"BreadcrumbList","@id":"https:\/\/www.spirit-us.eu\/index.php\/produit\/harmonie-collier-unique-douceur-et-harmonie\/#breadcrumb","itemListElement":[{"@type":"ListItem","position":1,"name":"Accueil","item":"https:\/\/www.spirit-us.eu\/"},{"@type":"ListItem","position":2,"name":"Boutique","item":"https:\/\/www.spirit-us.eu\/index.php\/boutique\/"},{"@type":"ListItem","position":3,"name":"HARMONIE &#8211; collier unique : douceur, f\u00e9minit\u00e9 &#038; harmonie"}]},{"@type":"WebSite","@id":"https:\/\/www.spirit-us.eu\/#website","url":"https:\/\/www.spirit-us.eu\/","name":"Spirit-US","description":"","publisher":{"@id":"https:\/\/www.spirit-us.eu\/#organization"},"potentialAction":[{"@type":"SearchAction","target":{"@type":"EntryPoint","urlTemplate":"https:\/\/www.spirit-us.eu\/?s={search_term_string}"},"query-input":{"@type":"PropertyValueSpecification","valueRequired":true,"valueName":"search_term_string"}}],"inLanguage":"fr-FR"},{"@type":"Organization","@id":"https:\/\/www.spirit-us.eu\/#organization","name":"Spirit-US","url":"https:\/\/www.spirit-us.eu\/","logo":{"@type":"ImageObject","inLanguage":"fr-FR","@id":"https:\/\/www.spirit-us.eu\/#\/schema\/logo\/image\/","url":"https:\/\/www.spirit-us.eu\/wp-content\/uploads\/2025\/11\/logo-regarde-linterlocutrice-sans-arrriere-plan.jpg","contentUrl":"https:\/\/www.spirit-us.eu\/wp-content\/uploads\/2025\/11\/logo-regarde-linterlocutrice-sans-arrriere-plan.jpg","width":1080,"height":1080,"caption":"Spirit-US"},"image":{"@id":"https:\/\/www.spirit-us.eu\/#\/schema\/logo\/image\/"},"sameAs":["https:\/\/www.facebook.com\/spirit.us.deum"]}]}},"jetpack_sharing_enabled":true,"_links":{"self":[{"href":"https:\/\/www.spirit-us.eu\/index.php\/wp-json\/wp\/v2\/product\/2541","targetHints":{"allow":["GET"]}}],"collection":[{"href":"https:\/\/www.spirit-us.eu\/index.php\/wp-json\/wp\/v2\/product"}],"about":[{"href":"https:\/\/www.spirit-us.eu\/index.php\/wp-json\/wp\/v2\/types\/product"}],"replies":[{"embeddable":true,"href":"https:\/\/www.spirit-us.eu\/index.php\/wp-json\/wp\/v2\/comments?post=2541"}],"wp:featuredmedia":[{"embeddable":true,"href":"https:\/\/www.spirit-us.eu\/index.php\/wp-json\/wp\/v2\/media\/4532"}],"wp:attachment":[{"href":"https:\/\/www.spirit-us.eu\/index.php\/wp-json\/wp\/v2\/media?parent=2541"}],"wp:term":[{"taxonomy":"product_brand","embeddable":true,"href":"https:\/\/www.spirit-us.eu\/index.php\/wp-json\/wp\/v2\/product_brand?post=2541"},{"taxonomy":"product_cat","embeddable":true,"href":"https:\/\/www.spirit-us.eu\/index.php\/wp-json\/wp\/v2\/product_cat?post=2541"},{"taxonomy":"product_tag","embeddable":true,"href":"https:\/\/www.spirit-us.eu\/index.php\/wp-json\/wp\/v2\/product_tag?post=2541"},{"taxonomy":"mwb_booking_cost","embeddable":true,"href":"https:\/\/www.spirit-us.eu\/index.php\/wp-json\/wp\/v2\/mwb_booking_cost?post=2541"},{"taxonomy":"mwb_booking_service","embeddable":true,"href":"https:\/\/www.spirit-us.eu\/index.php\/wp-json\/wp\/v2\/mwb_booking_service?post=2541"}],"curies":[{"name":"wp","href":"https:\/\/api.w.org\/{rel}","templated":true}]}}