{"id":2539,"date":"2025-11-15T15:47:18","date_gmt":"2025-11-15T14:47:18","guid":{"rendered":"https:\/\/www.spirit-us.eu\/?post_type=product&#038;p=2539"},"modified":"2026-03-10T08:41:25","modified_gmt":"2026-03-10T07:41:25","slug":"anneau-gastrique-virtuel-soin-psycho-emotionnel","status":"publish","type":"product","link":"https:\/\/www.spirit-us.eu\/index.php\/produit\/anneau-gastrique-virtuel-soin-psycho-emotionnel\/","title":{"rendered":"ANNEAU GASTRIQUE VIRTUEL (soin psycho-\u00e9motionnel)"},"content":{"rendered":"<p><strong>Auteure<\/strong>\u00a0: Lola LACROIX<\/p>\n<p><strong>Sonorit\u00e9s\u00a0<\/strong>: musique de relaxation hypnotique &#8211; fr\u00e9quence de gu\u00e9rison<\/p>\n<p><strong>Objectifs<\/strong> : favoriser le gain d&rsquo;une nouvelle image de Soi harmonieuse, li\u00e9e \u00e0 la silhouette et \u00e0 la minceur bien pens\u00e9e<\/p>\n<p><strong>Dur\u00e9e de l\u2019audio mp3<\/strong> :\u00a0 38 minutes \/ soin &#8211; 1h<\/p>\n<p><strong>Montage<\/strong>\u00a0<strong>&amp; cr\u00e9ation<\/strong>\u00a0: Lola LACROIX<\/p>\n<p><strong>El\u00e9ments de ce soin<\/strong>\u00a0:<\/p>\n<ol>\n<li>l\u2019audio mp3 mont\u00e9 avec sonorit\u00e9s<\/li>\n<li>le livret au format pdf<\/li>\n<li>un pentacle d&rsquo;action sp\u00e9cialement d\u00e9di\u00e9 au parfait fonctionnement des organes internes<\/li>\n<\/ol>\n<p>Les pentacles peuvent \u00eatre en papier, on les porte, imperm\u00e9abilis\u00e9s, sur soi.\u00a0 Notre boutique les cr\u00e9e aussi sous forme de m\u00e9dailles pr\u00e9cieuses.<\/p>\n<p><strong>Compl\u00e9ments \u00e0 ce soin<\/strong> :<\/p>\n<ul>\n<li>Voyez notre gamme de produits et compl\u00e9ments alimentaires bio et naturels &#8211; toutes informations via ce lien : ALLEGEMENT ET PLANTES<\/li>\n<li>Apprenez \u00e0 prendre soin de vous en respectant les cycles lunaires &#8211; ce livre : MINCIR EN HARMONIE AVEC LA LUNE<\/li>\n<\/ul>\n<p><strong>Avertissement :\u00a0<\/strong>il est imp\u00e9ratif de lire le livret joint avant d&rsquo;entreprendre le soin<\/p>\n<p>Certifi\u00e9 \u00ab\u00a0<strong>100% production humaine<\/strong> \u00bb : le texte, le montage, l\u2019enregistrement des sons.<\/p>\n<p>T\u00e9l\u00e9chargeable et accessible imm\u00e9diatement. Les droits d&rsquo;auteure s&rsquo;appliquent sur l&rsquo;ensemble des \u00e9l\u00e9ments constituant ce soin. Vous pouvez demander un pentacle ou une m\u00e9daille personnalis\u00e9s et manufactur\u00e9s, en nous le faisant savoir via le bouton bleu : <a href=\"https:\/\/www.spirit-us.eu\/index.php\/contactez-nous\/\" target=\"_blank\" rel=\"noopener\">CONTACTEZ-NOUS<\/a><\/p>\n","protected":false},"excerpt":{"rendered":"<p style=\"text-align: justify;\">Hypnose pour maigrir : l&rsquo;anneau gastrique virtuel est vraiment efficace. Il repose sur la suggestion hypnotique pour convaincre le cerveau que l&rsquo;estomac est plus petit, induisant ainsi une sensation de sati\u00e9t\u00e9 plus rapide.\u00a0 Cette technique vise \u00e0 modifier les comportements alimentaires et \u00e0 r\u00e9duire la quantit\u00e9 de nourriture consomm\u00e9e. Les r\u00e9sultats varient d&rsquo;un individu \u00e0 l&rsquo;autre. Certaines personnes observent une perte de poids rapide, tandis que pour d&rsquo;autres, il faut plus de temps. Cela permet de faire l&rsquo;\u00e9conomie d&rsquo;une chirurgie qui, m\u00eame avec les technologies les plus parfaites, reste une intrusion dans le corps et un traumatisme. Aussi est-il bon de mettre toutes les chances de son c\u00f4t\u00e9 en observant aussi le cycle naturel du corps (ici calqu\u00e9 sur le cycle lunaire), en prenant soin d\u2019absorber une alimentation naturelle et saine (bio), et en vous comportant exactement comme il est d\u00e9crit dans le livret du soin : mieux go\u00fbter vos aliments, demeurer attentif\/attentive \u00e0 la sensation de sati\u00e9t\u00e9 et \u00e9couter votre corps, pas le discours du mental toujours dans la crainte de manquer. Vous pouvez soutenir votre effort en ayant recours \u00e0 nos compl\u00e9ments alimentaires sp\u00e9ciaux, destin\u00e9s \u00e0 cette d\u00e9marche d&rsquo;all\u00e8gement pond\u00e9ral. Ce soin est le 1<sup>er\u00a0 <\/sup>d&rsquo;une s\u00e9rie de soins visant \u00e0 retrouver un poids id\u00e9al, \u00e0 le maintenir durablement et \u00e0 restaurer l&rsquo;image de Soi, ab\u00eem\u00e9e par le regard des autres et le regard qu&rsquo;on porte sur soi, lorsqu&rsquo;on est en surpoids.<\/p>\n","protected":false},"featured_media":2540,"comment_status":"open","ping_status":"closed","template":"","meta":[],"product_brand":[],"product_cat":[155,17],"product_tag":[383,382,384],"mwb_booking_cost":[],"mwb_booking_service":[],"class_list":{"0":"post-2539","1":"product","2":"type-product","3":"status-publish","4":"has-post-thumbnail","6":"product_cat-02-soins-accueil","7":"product_cat-tous-les-produits","8":"product_tag-anneau-gastrique","9":"product_tag-minceur","10":"product_tag-protocole-minceur","12":"first","13":"instock","14":"downloadable","15":"virtual","16":"purchasable","17":"product-type-simple"},"yoast_head":"<!-- This site is optimized with the Yoast SEO plugin v27.4 - https:\/\/yoast.com\/product\/yoast-seo-wordpress\/ -->\n<title>ANNEAU GASTRIQUE VIRTUEL (soin psycho-\u00e9motionnel) - Spirit-US<\/title>\n<meta name=\"description\" content=\"Hypnose pour maigrir : l&#039;anneau gastrique virtuel est vraiment efficace et repose sur la suggestion pour convaincre le cerveau que l&#039;estomac est plus petit\" \/>\n<meta name=\"robots\" content=\"index, follow, max-snippet:-1, max-image-preview:large, max-video-preview:-1\" \/>\n<link rel=\"canonical\" href=\"https:\/\/www.spirit-us.eu\/index.php\/produit\/anneau-gastrique-virtuel-soin-psycho-emotionnel\/\" \/>\n<meta property=\"og:locale\" content=\"fr_FR\" \/>\n<meta property=\"og:type\" content=\"article\" \/>\n<meta property=\"og:title\" content=\"ANNEAU GASTRIQUE VIRTUEL (soin psycho-\u00e9motionnel) - Spirit-US\" \/>\n<meta property=\"og:description\" content=\"Hypnose pour maigrir : l&#039;anneau gastrique virtuel est vraiment efficace et repose sur la suggestion pour convaincre le cerveau que l&#039;estomac est plus petit\" \/>\n<meta property=\"og:url\" content=\"https:\/\/www.spirit-us.eu\/index.php\/produit\/anneau-gastrique-virtuel-soin-psycho-emotionnel\/\" \/>\n<meta property=\"og:site_name\" content=\"Spirit-US\" \/>\n<meta property=\"article:publisher\" content=\"https:\/\/www.facebook.com\/spirit.us.deum\" \/>\n<meta property=\"article:modified_time\" content=\"2026-03-10T07:41:25+00:00\" \/>\n<meta property=\"og:image\" content=\"https:\/\/www.spirit-us.eu\/wp-content\/uploads\/2025\/11\/Anneau-gastrique-virtuel.jpg\" \/>\n\t<meta property=\"og:image:width\" content=\"1080\" \/>\n\t<meta property=\"og:image:height\" content=\"1080\" \/>\n\t<meta property=\"og:image:type\" content=\"image\/jpeg\" \/>\n<meta name=\"twitter:card\" content=\"summary_large_image\" \/>\n<meta name=\"twitter:label1\" content=\"Dur\u00e9e de lecture estim\u00e9e\" \/>\n\t<meta name=\"twitter:data1\" content=\"2 minutes\" \/>\n<script type=\"application\/ld+json\" class=\"yoast-schema-graph\">{\"@context\":\"https:\\\/\\\/schema.org\",\"@graph\":[{\"@type\":\"WebPage\",\"@id\":\"https:\\\/\\\/www.spirit-us.eu\\\/index.php\\\/produit\\\/anneau-gastrique-virtuel-soin-psycho-emotionnel\\\/\",\"url\":\"https:\\\/\\\/www.spirit-us.eu\\\/index.php\\\/produit\\\/anneau-gastrique-virtuel-soin-psycho-emotionnel\\\/\",\"name\":\"ANNEAU GASTRIQUE VIRTUEL (soin psycho-\u00e9motionnel) - Spirit-US\",\"isPartOf\":{\"@id\":\"https:\\\/\\\/www.spirit-us.eu\\\/#website\"},\"primaryImageOfPage\":{\"@id\":\"https:\\\/\\\/www.spirit-us.eu\\\/index.php\\\/produit\\\/anneau-gastrique-virtuel-soin-psycho-emotionnel\\\/#primaryimage\"},\"image\":{\"@id\":\"https:\\\/\\\/www.spirit-us.eu\\\/index.php\\\/produit\\\/anneau-gastrique-virtuel-soin-psycho-emotionnel\\\/#primaryimage\"},\"thumbnailUrl\":\"https:\\\/\\\/www.spirit-us.eu\\\/wp-content\\\/uploads\\\/2025\\\/11\\\/Anneau-gastrique-virtuel.jpg\",\"datePublished\":\"2025-11-15T14:47:18+00:00\",\"dateModified\":\"2026-03-10T07:41:25+00:00\",\"description\":\"Hypnose pour maigrir : l'anneau gastrique virtuel est vraiment efficace et repose sur la suggestion pour convaincre le cerveau que l'estomac est plus petit\",\"breadcrumb\":{\"@id\":\"https:\\\/\\\/www.spirit-us.eu\\\/index.php\\\/produit\\\/anneau-gastrique-virtuel-soin-psycho-emotionnel\\\/#breadcrumb\"},\"inLanguage\":\"fr-FR\",\"potentialAction\":[{\"@type\":\"ReadAction\",\"target\":[\"https:\\\/\\\/www.spirit-us.eu\\\/index.php\\\/produit\\\/anneau-gastrique-virtuel-soin-psycho-emotionnel\\\/\"]}]},{\"@type\":\"ImageObject\",\"inLanguage\":\"fr-FR\",\"@id\":\"https:\\\/\\\/www.spirit-us.eu\\\/index.php\\\/produit\\\/anneau-gastrique-virtuel-soin-psycho-emotionnel\\\/#primaryimage\",\"url\":\"https:\\\/\\\/www.spirit-us.eu\\\/wp-content\\\/uploads\\\/2025\\\/11\\\/Anneau-gastrique-virtuel.jpg\",\"contentUrl\":\"https:\\\/\\\/www.spirit-us.eu\\\/wp-content\\\/uploads\\\/2025\\\/11\\\/Anneau-gastrique-virtuel.jpg\",\"width\":1080,\"height\":1080},{\"@type\":\"BreadcrumbList\",\"@id\":\"https:\\\/\\\/www.spirit-us.eu\\\/index.php\\\/produit\\\/anneau-gastrique-virtuel-soin-psycho-emotionnel\\\/#breadcrumb\",\"itemListElement\":[{\"@type\":\"ListItem\",\"position\":1,\"name\":\"Accueil\",\"item\":\"https:\\\/\\\/www.spirit-us.eu\\\/\"},{\"@type\":\"ListItem\",\"position\":2,\"name\":\"Boutique\",\"item\":\"https:\\\/\\\/www.spirit-us.eu\\\/index.php\\\/boutique\\\/\"},{\"@type\":\"ListItem\",\"position\":3,\"name\":\"ANNEAU GASTRIQUE VIRTUEL (soin psycho-\u00e9motionnel)\"}]},{\"@type\":\"WebSite\",\"@id\":\"https:\\\/\\\/www.spirit-us.eu\\\/#website\",\"url\":\"https:\\\/\\\/www.spirit-us.eu\\\/\",\"name\":\"Spirit-US\",\"description\":\"\",\"publisher\":{\"@id\":\"https:\\\/\\\/www.spirit-us.eu\\\/#organization\"},\"potentialAction\":[{\"@type\":\"SearchAction\",\"target\":{\"@type\":\"EntryPoint\",\"urlTemplate\":\"https:\\\/\\\/www.spirit-us.eu\\\/?s={search_term_string}\"},\"query-input\":{\"@type\":\"PropertyValueSpecification\",\"valueRequired\":true,\"valueName\":\"search_term_string\"}}],\"inLanguage\":\"fr-FR\"},{\"@type\":\"Organization\",\"@id\":\"https:\\\/\\\/www.spirit-us.eu\\\/#organization\",\"name\":\"Spirit-US\",\"url\":\"https:\\\/\\\/www.spirit-us.eu\\\/\",\"logo\":{\"@type\":\"ImageObject\",\"inLanguage\":\"fr-FR\",\"@id\":\"https:\\\/\\\/www.spirit-us.eu\\\/#\\\/schema\\\/logo\\\/image\\\/\",\"url\":\"https:\\\/\\\/www.spirit-us.eu\\\/wp-content\\\/uploads\\\/2025\\\/11\\\/logo-regarde-linterlocutrice-sans-arrriere-plan.jpg\",\"contentUrl\":\"https:\\\/\\\/www.spirit-us.eu\\\/wp-content\\\/uploads\\\/2025\\\/11\\\/logo-regarde-linterlocutrice-sans-arrriere-plan.jpg\",\"width\":1080,\"height\":1080,\"caption\":\"Spirit-US\"},\"image\":{\"@id\":\"https:\\\/\\\/www.spirit-us.eu\\\/#\\\/schema\\\/logo\\\/image\\\/\"},\"sameAs\":[\"https:\\\/\\\/www.facebook.com\\\/spirit.us.deum\"]}]}<\/script>\n<!-- \/ Yoast SEO plugin. -->","yoast_head_json":{"title":"ANNEAU GASTRIQUE VIRTUEL (soin psycho-\u00e9motionnel) - Spirit-US","description":"Hypnose pour maigrir : l'anneau gastrique virtuel est vraiment efficace et repose sur la suggestion pour convaincre le cerveau que l'estomac est plus petit","robots":{"index":"index","follow":"follow","max-snippet":"max-snippet:-1","max-image-preview":"max-image-preview:large","max-video-preview":"max-video-preview:-1"},"canonical":"https:\/\/www.spirit-us.eu\/index.php\/produit\/anneau-gastrique-virtuel-soin-psycho-emotionnel\/","og_locale":"fr_FR","og_type":"article","og_title":"ANNEAU GASTRIQUE VIRTUEL (soin psycho-\u00e9motionnel) - Spirit-US","og_description":"Hypnose pour maigrir : l'anneau gastrique virtuel est vraiment efficace et repose sur la suggestion pour convaincre le cerveau que l'estomac est plus petit","og_url":"https:\/\/www.spirit-us.eu\/index.php\/produit\/anneau-gastrique-virtuel-soin-psycho-emotionnel\/","og_site_name":"Spirit-US","article_publisher":"https:\/\/www.facebook.com\/spirit.us.deum","article_modified_time":"2026-03-10T07:41:25+00:00","og_image":[{"width":1080,"height":1080,"url":"https:\/\/www.spirit-us.eu\/wp-content\/uploads\/2025\/11\/Anneau-gastrique-virtuel.jpg","type":"image\/jpeg"}],"twitter_card":"summary_large_image","twitter_misc":{"Dur\u00e9e de lecture estim\u00e9e":"2 minutes"},"schema":{"@context":"https:\/\/schema.org","@graph":[{"@type":"WebPage","@id":"https:\/\/www.spirit-us.eu\/index.php\/produit\/anneau-gastrique-virtuel-soin-psycho-emotionnel\/","url":"https:\/\/www.spirit-us.eu\/index.php\/produit\/anneau-gastrique-virtuel-soin-psycho-emotionnel\/","name":"ANNEAU GASTRIQUE VIRTUEL (soin psycho-\u00e9motionnel) - Spirit-US","isPartOf":{"@id":"https:\/\/www.spirit-us.eu\/#website"},"primaryImageOfPage":{"@id":"https:\/\/www.spirit-us.eu\/index.php\/produit\/anneau-gastrique-virtuel-soin-psycho-emotionnel\/#primaryimage"},"image":{"@id":"https:\/\/www.spirit-us.eu\/index.php\/produit\/anneau-gastrique-virtuel-soin-psycho-emotionnel\/#primaryimage"},"thumbnailUrl":"https:\/\/www.spirit-us.eu\/wp-content\/uploads\/2025\/11\/Anneau-gastrique-virtuel.jpg","datePublished":"2025-11-15T14:47:18+00:00","dateModified":"2026-03-10T07:41:25+00:00","description":"Hypnose pour maigrir : l'anneau gastrique virtuel est vraiment efficace et repose sur la suggestion pour convaincre le cerveau que l'estomac est plus petit","breadcrumb":{"@id":"https:\/\/www.spirit-us.eu\/index.php\/produit\/anneau-gastrique-virtuel-soin-psycho-emotionnel\/#breadcrumb"},"inLanguage":"fr-FR","potentialAction":[{"@type":"ReadAction","target":["https:\/\/www.spirit-us.eu\/index.php\/produit\/anneau-gastrique-virtuel-soin-psycho-emotionnel\/"]}]},{"@type":"ImageObject","inLanguage":"fr-FR","@id":"https:\/\/www.spirit-us.eu\/index.php\/produit\/anneau-gastrique-virtuel-soin-psycho-emotionnel\/#primaryimage","url":"https:\/\/www.spirit-us.eu\/wp-content\/uploads\/2025\/11\/Anneau-gastrique-virtuel.jpg","contentUrl":"https:\/\/www.spirit-us.eu\/wp-content\/uploads\/2025\/11\/Anneau-gastrique-virtuel.jpg","width":1080,"height":1080},{"@type":"BreadcrumbList","@id":"https:\/\/www.spirit-us.eu\/index.php\/produit\/anneau-gastrique-virtuel-soin-psycho-emotionnel\/#breadcrumb","itemListElement":[{"@type":"ListItem","position":1,"name":"Accueil","item":"https:\/\/www.spirit-us.eu\/"},{"@type":"ListItem","position":2,"name":"Boutique","item":"https:\/\/www.spirit-us.eu\/index.php\/boutique\/"},{"@type":"ListItem","position":3,"name":"ANNEAU GASTRIQUE VIRTUEL (soin psycho-\u00e9motionnel)"}]},{"@type":"WebSite","@id":"https:\/\/www.spirit-us.eu\/#website","url":"https:\/\/www.spirit-us.eu\/","name":"Spirit-US","description":"","publisher":{"@id":"https:\/\/www.spirit-us.eu\/#organization"},"potentialAction":[{"@type":"SearchAction","target":{"@type":"EntryPoint","urlTemplate":"https:\/\/www.spirit-us.eu\/?s={search_term_string}"},"query-input":{"@type":"PropertyValueSpecification","valueRequired":true,"valueName":"search_term_string"}}],"inLanguage":"fr-FR"},{"@type":"Organization","@id":"https:\/\/www.spirit-us.eu\/#organization","name":"Spirit-US","url":"https:\/\/www.spirit-us.eu\/","logo":{"@type":"ImageObject","inLanguage":"fr-FR","@id":"https:\/\/www.spirit-us.eu\/#\/schema\/logo\/image\/","url":"https:\/\/www.spirit-us.eu\/wp-content\/uploads\/2025\/11\/logo-regarde-linterlocutrice-sans-arrriere-plan.jpg","contentUrl":"https:\/\/www.spirit-us.eu\/wp-content\/uploads\/2025\/11\/logo-regarde-linterlocutrice-sans-arrriere-plan.jpg","width":1080,"height":1080,"caption":"Spirit-US"},"image":{"@id":"https:\/\/www.spirit-us.eu\/#\/schema\/logo\/image\/"},"sameAs":["https:\/\/www.facebook.com\/spirit.us.deum"]}]}},"jetpack_sharing_enabled":true,"_links":{"self":[{"href":"https:\/\/www.spirit-us.eu\/index.php\/wp-json\/wp\/v2\/product\/2539","targetHints":{"allow":["GET"]}}],"collection":[{"href":"https:\/\/www.spirit-us.eu\/index.php\/wp-json\/wp\/v2\/product"}],"about":[{"href":"https:\/\/www.spirit-us.eu\/index.php\/wp-json\/wp\/v2\/types\/product"}],"replies":[{"embeddable":true,"href":"https:\/\/www.spirit-us.eu\/index.php\/wp-json\/wp\/v2\/comments?post=2539"}],"wp:featuredmedia":[{"embeddable":true,"href":"https:\/\/www.spirit-us.eu\/index.php\/wp-json\/wp\/v2\/media\/2540"}],"wp:attachment":[{"href":"https:\/\/www.spirit-us.eu\/index.php\/wp-json\/wp\/v2\/media?parent=2539"}],"wp:term":[{"taxonomy":"product_brand","embeddable":true,"href":"https:\/\/www.spirit-us.eu\/index.php\/wp-json\/wp\/v2\/product_brand?post=2539"},{"taxonomy":"product_cat","embeddable":true,"href":"https:\/\/www.spirit-us.eu\/index.php\/wp-json\/wp\/v2\/product_cat?post=2539"},{"taxonomy":"product_tag","embeddable":true,"href":"https:\/\/www.spirit-us.eu\/index.php\/wp-json\/wp\/v2\/product_tag?post=2539"},{"taxonomy":"mwb_booking_cost","embeddable":true,"href":"https:\/\/www.spirit-us.eu\/index.php\/wp-json\/wp\/v2\/mwb_booking_cost?post=2539"},{"taxonomy":"mwb_booking_service","embeddable":true,"href":"https:\/\/www.spirit-us.eu\/index.php\/wp-json\/wp\/v2\/mwb_booking_service?post=2539"}],"curies":[{"name":"wp","href":"https:\/\/api.w.org\/{rel}","templated":true}]}}