{"id":2533,"date":"2025-11-14T18:31:35","date_gmt":"2025-11-14T17:31:35","guid":{"rendered":"https:\/\/www.spirit-us.eu\/?post_type=product&#038;p=2533"},"modified":"2025-12-17T14:42:46","modified_gmt":"2025-12-17T13:42:46","slug":"collier-en-rubis-et-zoisite","status":"publish","type":"product","link":"https:\/\/www.spirit-us.eu\/index.php\/produit\/collier-en-rubis-et-zoisite\/","title":{"rendered":"Collier en rubis et zo\u00efsite (apaisement et vitalit\u00e9 retrouv\u00e9e) &#8211; CHAKRAS C\u0152UR  &#038; RACINE"},"content":{"rendered":"<p>Collier tr\u00e8s pr\u00e9cieux en pierres naturelles pr\u00e9cieuses : rubis et zo\u00efsite<\/p>\n<p><strong>Mat\u00e9riaux<\/strong> : pierres naturelles et argent 0,925<\/p>\n<p><strong>Couleurs<\/strong> : rouge fonc\u00e9 et vert fonc\u00e9, variant et chatoyant \u00e0 la lumi\u00e8re<\/p>\n<p><strong>Longueur du collier : <\/strong>40 cm<\/p>\n<p><strong>Composition du bijou<\/strong> : perles de pierres naturelles facett\u00e9es &#8211; rubis et zo\u00efsite 2 mm<\/p>\n<p><strong>Pr\u00e9sentation<\/strong>: livr\u00e9 dans une pochette de couleur assortie en fonction du stock<\/p>\n<p>Photos tous droits r\u00e9serv\u00e9s.<\/p>\n<p>Produit 100% manufactur\u00e9 : les perles peuvent varier tr\u00e8s l\u00e9g\u00e8rement en taille.<\/p>\n","protected":false},"excerpt":{"rendered":"<p style=\"text-align: justify;\">Tr\u00e8s joli collier en perles de pierres pr\u00e9cieuses, qui se porte en toute occasion et rehausse toute tenue avec laquelle il sera assorti. Parmi les nombreuses vertus associ\u00e9es \u00e0 la pierre rubis zo\u00efsite, on lui accorde des b\u00e9n\u00e9fices li\u00e9es \u00e0 l&rsquo;apaisement et au soulagement. Le stress quotidien est ainsi combattu, en portant simplement la pierre (ou en la disposant dans une pi\u00e8ce de vie, chambre, s\u00e9jour) pour un sommeil plus r\u00e9parateur, un meilleur \u00e9quilibre int\u00e9rieur et donc une vitalit\u00e9 accrue.\u00a0 Cette pierre pr\u00e9cieuse assure la tonification du pancr\u00e9as et du foie et permet la lib\u00e9ration totale des voies respiratoires, chassant les sensations d&rsquo;inconfort si on se sent oppress\u00e9.e. Elle correspond aux chakras du c\u0153ur et au chakra racine.\u00a0 Cette pierre extraordinaire joue \u00e0 la fois sur l&rsquo;enracinement \u00e0 la terre et sur la stimulation du c\u0153ur : c&rsquo;est un min\u00e9ral essentiel pour apporter un centre \u00e9nerg\u00e9tique \u00e9quilibr\u00e9 en chassant les mauvaises ondes. Elle fut d\u00e9couverte en 1795, en Europe centrale, par le baron Sigmund ZOIS von Edelstein qui la baptisa rubis sur Zo\u00efste.<\/p>\n<p>&nbsp;<\/p>\n","protected":false},"featured_media":2679,"comment_status":"open","ping_status":"closed","template":"","meta":[],"product_brand":[],"product_cat":[156,462,17],"product_tag":[380,332,188,245,381,289],"mwb_booking_cost":[],"mwb_booking_service":[],"class_list":{"0":"post-2533","1":"product","2":"type-product","3":"status-publish","4":"has-post-thumbnail","6":"product_cat-04-bijoux","7":"product_cat-006-colliers","8":"product_cat-tous-les-produits","9":"product_tag-chakra-coeur","10":"product_tag-chakra-racine","11":"product_tag-chakras-collection","12":"product_tag-energie","13":"product_tag-pierres-precieuses","14":"product_tag-vitalite","16":"first","17":"instock","18":"shipping-taxable","19":"purchasable","20":"product-type-simple"},"yoast_head":"<!-- This site is optimized with the Yoast SEO plugin v27.1.1 - https:\/\/yoast.com\/product\/yoast-seo-wordpress\/ -->\n<title>Collier en rubis et zo\u00efsite (apaisement et vitalit\u00e9 retrouv\u00e9e) - CHAKRAS C\u0152UR &amp; RACINE - Spirit-US<\/title>\n<meta name=\"robots\" content=\"index, follow, max-snippet:-1, max-image-preview:large, max-video-preview:-1\" \/>\n<link rel=\"canonical\" href=\"https:\/\/www.spirit-us.eu\/index.php\/produit\/collier-en-rubis-et-zoisite\/\" \/>\n<meta property=\"og:locale\" content=\"fr_FR\" \/>\n<meta property=\"og:type\" content=\"article\" \/>\n<meta property=\"og:title\" content=\"Collier en rubis et zo\u00efsite (apaisement et vitalit\u00e9 retrouv\u00e9e) - CHAKRAS C\u0152UR &amp; RACINE - Spirit-US\" \/>\n<meta property=\"og:description\" content=\"Tr\u00e8s joli collier en perles de pierres pr\u00e9cieuses, qui se porte en toute occasion et rehausse toute tenue avec laquelle il sera assorti. Parmi les nombreuses vertus associ\u00e9es \u00e0 la pierre rubis zo\u00efsite, on lui accorde des b\u00e9n\u00e9fices li\u00e9es \u00e0 l&#039;apaisement et au soulagement. Le stress quotidien est ainsi combattu, en portant simplement la pierre (ou en la disposant dans une pi\u00e8ce de vie, chambre, s\u00e9jour) pour un sommeil plus r\u00e9parateur, un meilleur \u00e9quilibre int\u00e9rieur et donc une vitalit\u00e9 accrue.\u00a0 Cette pierre pr\u00e9cieuse assure la tonification du pancr\u00e9as et du foie et permet la lib\u00e9ration totale des voies respiratoires, chassant les sensations d&#039;inconfort si on se sent oppress\u00e9.e. Elle correspond aux chakras du c\u0153ur et au chakra racine.\u00a0 Cette pierre extraordinaire joue \u00e0 la fois sur l&#039;enracinement \u00e0 la terre et sur la stimulation du c\u0153ur : c&#039;est un min\u00e9ral essentiel pour apporter un centre \u00e9nerg\u00e9tique \u00e9quilibr\u00e9 en chassant les mauvaises ondes. Elle fut d\u00e9couverte en 1795, en Europe centrale, par le baron Sigmund ZOIS von Edelstein qui la baptisa rubis sur Zo\u00efste. &nbsp;\" \/>\n<meta property=\"og:url\" content=\"https:\/\/www.spirit-us.eu\/index.php\/produit\/collier-en-rubis-et-zoisite\/\" \/>\n<meta property=\"og:site_name\" content=\"Spirit-US\" \/>\n<meta property=\"article:publisher\" content=\"https:\/\/www.facebook.com\/spirit.us.deum\" \/>\n<meta property=\"article:modified_time\" content=\"2025-12-17T13:42:46+00:00\" \/>\n<meta property=\"og:image\" content=\"https:\/\/www.spirit-us.eu\/wp-content\/uploads\/2025\/11\/IMG_7434-1.jpg\" \/>\n\t<meta property=\"og:image:width\" content=\"2157\" \/>\n\t<meta property=\"og:image:height\" content=\"2269\" \/>\n\t<meta property=\"og:image:type\" content=\"image\/jpeg\" \/>\n<meta name=\"twitter:card\" content=\"summary_large_image\" \/>\n<script type=\"application\/ld+json\" class=\"yoast-schema-graph\">{\"@context\":\"https:\/\/schema.org\",\"@graph\":[{\"@type\":\"WebPage\",\"@id\":\"https:\/\/www.spirit-us.eu\/index.php\/produit\/collier-en-rubis-et-zoisite\/\",\"url\":\"https:\/\/www.spirit-us.eu\/index.php\/produit\/collier-en-rubis-et-zoisite\/\",\"name\":\"Collier en rubis et zo\u00efsite (apaisement et vitalit\u00e9 retrouv\u00e9e) - CHAKRAS C\u0152UR & RACINE - Spirit-US\",\"isPartOf\":{\"@id\":\"https:\/\/www.spirit-us.eu\/#website\"},\"primaryImageOfPage\":{\"@id\":\"https:\/\/www.spirit-us.eu\/index.php\/produit\/collier-en-rubis-et-zoisite\/#primaryimage\"},\"image\":{\"@id\":\"https:\/\/www.spirit-us.eu\/index.php\/produit\/collier-en-rubis-et-zoisite\/#primaryimage\"},\"thumbnailUrl\":\"https:\/\/www.spirit-us.eu\/wp-content\/uploads\/2025\/11\/IMG_7434-1.jpg\",\"datePublished\":\"2025-11-14T17:31:35+00:00\",\"dateModified\":\"2025-12-17T13:42:46+00:00\",\"breadcrumb\":{\"@id\":\"https:\/\/www.spirit-us.eu\/index.php\/produit\/collier-en-rubis-et-zoisite\/#breadcrumb\"},\"inLanguage\":\"fr-FR\",\"potentialAction\":[{\"@type\":\"ReadAction\",\"target\":[\"https:\/\/www.spirit-us.eu\/index.php\/produit\/collier-en-rubis-et-zoisite\/\"]}]},{\"@type\":\"ImageObject\",\"inLanguage\":\"fr-FR\",\"@id\":\"https:\/\/www.spirit-us.eu\/index.php\/produit\/collier-en-rubis-et-zoisite\/#primaryimage\",\"url\":\"https:\/\/www.spirit-us.eu\/wp-content\/uploads\/2025\/11\/IMG_7434-1.jpg\",\"contentUrl\":\"https:\/\/www.spirit-us.eu\/wp-content\/uploads\/2025\/11\/IMG_7434-1.jpg\",\"width\":2157,\"height\":2269},{\"@type\":\"BreadcrumbList\",\"@id\":\"https:\/\/www.spirit-us.eu\/index.php\/produit\/collier-en-rubis-et-zoisite\/#breadcrumb\",\"itemListElement\":[{\"@type\":\"ListItem\",\"position\":1,\"name\":\"Accueil\",\"item\":\"https:\/\/www.spirit-us.eu\/\"},{\"@type\":\"ListItem\",\"position\":2,\"name\":\"Boutique\",\"item\":\"https:\/\/www.spirit-us.eu\/index.php\/boutique\/\"},{\"@type\":\"ListItem\",\"position\":3,\"name\":\"Collier en rubis et zo\u00efsite (apaisement et vitalit\u00e9 retrouv\u00e9e) &#8211; CHAKRAS C\u0152UR &#038; RACINE\"}]},{\"@type\":\"WebSite\",\"@id\":\"https:\/\/www.spirit-us.eu\/#website\",\"url\":\"https:\/\/www.spirit-us.eu\/\",\"name\":\"Spirit-US\",\"description\":\"\",\"publisher\":{\"@id\":\"https:\/\/www.spirit-us.eu\/#organization\"},\"potentialAction\":[{\"@type\":\"SearchAction\",\"target\":{\"@type\":\"EntryPoint\",\"urlTemplate\":\"https:\/\/www.spirit-us.eu\/?s={search_term_string}\"},\"query-input\":{\"@type\":\"PropertyValueSpecification\",\"valueRequired\":true,\"valueName\":\"search_term_string\"}}],\"inLanguage\":\"fr-FR\"},{\"@type\":\"Organization\",\"@id\":\"https:\/\/www.spirit-us.eu\/#organization\",\"name\":\"Spirit-US\",\"url\":\"https:\/\/www.spirit-us.eu\/\",\"logo\":{\"@type\":\"ImageObject\",\"inLanguage\":\"fr-FR\",\"@id\":\"https:\/\/www.spirit-us.eu\/#\/schema\/logo\/image\/\",\"url\":\"https:\/\/www.spirit-us.eu\/wp-content\/uploads\/2025\/11\/logo-regarde-linterlocutrice-sans-arrriere-plan.jpg\",\"contentUrl\":\"https:\/\/www.spirit-us.eu\/wp-content\/uploads\/2025\/11\/logo-regarde-linterlocutrice-sans-arrriere-plan.jpg\",\"width\":1080,\"height\":1080,\"caption\":\"Spirit-US\"},\"image\":{\"@id\":\"https:\/\/www.spirit-us.eu\/#\/schema\/logo\/image\/\"},\"sameAs\":[\"https:\/\/www.facebook.com\/spirit.us.deum\"]}]}<\/script>\n<!-- \/ Yoast SEO plugin. -->","yoast_head_json":{"title":"Collier en rubis et zo\u00efsite (apaisement et vitalit\u00e9 retrouv\u00e9e) - CHAKRAS C\u0152UR & RACINE - Spirit-US","robots":{"index":"index","follow":"follow","max-snippet":"max-snippet:-1","max-image-preview":"max-image-preview:large","max-video-preview":"max-video-preview:-1"},"canonical":"https:\/\/www.spirit-us.eu\/index.php\/produit\/collier-en-rubis-et-zoisite\/","og_locale":"fr_FR","og_type":"article","og_title":"Collier en rubis et zo\u00efsite (apaisement et vitalit\u00e9 retrouv\u00e9e) - CHAKRAS C\u0152UR & RACINE - Spirit-US","og_description":"Tr\u00e8s joli collier en perles de pierres pr\u00e9cieuses, qui se porte en toute occasion et rehausse toute tenue avec laquelle il sera assorti. Parmi les nombreuses vertus associ\u00e9es \u00e0 la pierre rubis zo\u00efsite, on lui accorde des b\u00e9n\u00e9fices li\u00e9es \u00e0 l'apaisement et au soulagement. Le stress quotidien est ainsi combattu, en portant simplement la pierre (ou en la disposant dans une pi\u00e8ce de vie, chambre, s\u00e9jour) pour un sommeil plus r\u00e9parateur, un meilleur \u00e9quilibre int\u00e9rieur et donc une vitalit\u00e9 accrue.\u00a0 Cette pierre pr\u00e9cieuse assure la tonification du pancr\u00e9as et du foie et permet la lib\u00e9ration totale des voies respiratoires, chassant les sensations d'inconfort si on se sent oppress\u00e9.e. Elle correspond aux chakras du c\u0153ur et au chakra racine.\u00a0 Cette pierre extraordinaire joue \u00e0 la fois sur l'enracinement \u00e0 la terre et sur la stimulation du c\u0153ur : c'est un min\u00e9ral essentiel pour apporter un centre \u00e9nerg\u00e9tique \u00e9quilibr\u00e9 en chassant les mauvaises ondes. Elle fut d\u00e9couverte en 1795, en Europe centrale, par le baron Sigmund ZOIS von Edelstein qui la baptisa rubis sur Zo\u00efste. &nbsp;","og_url":"https:\/\/www.spirit-us.eu\/index.php\/produit\/collier-en-rubis-et-zoisite\/","og_site_name":"Spirit-US","article_publisher":"https:\/\/www.facebook.com\/spirit.us.deum","article_modified_time":"2025-12-17T13:42:46+00:00","og_image":[{"width":2157,"height":2269,"url":"https:\/\/www.spirit-us.eu\/wp-content\/uploads\/2025\/11\/IMG_7434-1.jpg","type":"image\/jpeg"}],"twitter_card":"summary_large_image","schema":{"@context":"https:\/\/schema.org","@graph":[{"@type":"WebPage","@id":"https:\/\/www.spirit-us.eu\/index.php\/produit\/collier-en-rubis-et-zoisite\/","url":"https:\/\/www.spirit-us.eu\/index.php\/produit\/collier-en-rubis-et-zoisite\/","name":"Collier en rubis et zo\u00efsite (apaisement et vitalit\u00e9 retrouv\u00e9e) - CHAKRAS C\u0152UR & RACINE - Spirit-US","isPartOf":{"@id":"https:\/\/www.spirit-us.eu\/#website"},"primaryImageOfPage":{"@id":"https:\/\/www.spirit-us.eu\/index.php\/produit\/collier-en-rubis-et-zoisite\/#primaryimage"},"image":{"@id":"https:\/\/www.spirit-us.eu\/index.php\/produit\/collier-en-rubis-et-zoisite\/#primaryimage"},"thumbnailUrl":"https:\/\/www.spirit-us.eu\/wp-content\/uploads\/2025\/11\/IMG_7434-1.jpg","datePublished":"2025-11-14T17:31:35+00:00","dateModified":"2025-12-17T13:42:46+00:00","breadcrumb":{"@id":"https:\/\/www.spirit-us.eu\/index.php\/produit\/collier-en-rubis-et-zoisite\/#breadcrumb"},"inLanguage":"fr-FR","potentialAction":[{"@type":"ReadAction","target":["https:\/\/www.spirit-us.eu\/index.php\/produit\/collier-en-rubis-et-zoisite\/"]}]},{"@type":"ImageObject","inLanguage":"fr-FR","@id":"https:\/\/www.spirit-us.eu\/index.php\/produit\/collier-en-rubis-et-zoisite\/#primaryimage","url":"https:\/\/www.spirit-us.eu\/wp-content\/uploads\/2025\/11\/IMG_7434-1.jpg","contentUrl":"https:\/\/www.spirit-us.eu\/wp-content\/uploads\/2025\/11\/IMG_7434-1.jpg","width":2157,"height":2269},{"@type":"BreadcrumbList","@id":"https:\/\/www.spirit-us.eu\/index.php\/produit\/collier-en-rubis-et-zoisite\/#breadcrumb","itemListElement":[{"@type":"ListItem","position":1,"name":"Accueil","item":"https:\/\/www.spirit-us.eu\/"},{"@type":"ListItem","position":2,"name":"Boutique","item":"https:\/\/www.spirit-us.eu\/index.php\/boutique\/"},{"@type":"ListItem","position":3,"name":"Collier en rubis et zo\u00efsite (apaisement et vitalit\u00e9 retrouv\u00e9e) &#8211; CHAKRAS C\u0152UR &#038; RACINE"}]},{"@type":"WebSite","@id":"https:\/\/www.spirit-us.eu\/#website","url":"https:\/\/www.spirit-us.eu\/","name":"Spirit-US","description":"","publisher":{"@id":"https:\/\/www.spirit-us.eu\/#organization"},"potentialAction":[{"@type":"SearchAction","target":{"@type":"EntryPoint","urlTemplate":"https:\/\/www.spirit-us.eu\/?s={search_term_string}"},"query-input":{"@type":"PropertyValueSpecification","valueRequired":true,"valueName":"search_term_string"}}],"inLanguage":"fr-FR"},{"@type":"Organization","@id":"https:\/\/www.spirit-us.eu\/#organization","name":"Spirit-US","url":"https:\/\/www.spirit-us.eu\/","logo":{"@type":"ImageObject","inLanguage":"fr-FR","@id":"https:\/\/www.spirit-us.eu\/#\/schema\/logo\/image\/","url":"https:\/\/www.spirit-us.eu\/wp-content\/uploads\/2025\/11\/logo-regarde-linterlocutrice-sans-arrriere-plan.jpg","contentUrl":"https:\/\/www.spirit-us.eu\/wp-content\/uploads\/2025\/11\/logo-regarde-linterlocutrice-sans-arrriere-plan.jpg","width":1080,"height":1080,"caption":"Spirit-US"},"image":{"@id":"https:\/\/www.spirit-us.eu\/#\/schema\/logo\/image\/"},"sameAs":["https:\/\/www.facebook.com\/spirit.us.deum"]}]}},"jetpack_sharing_enabled":true,"_links":{"self":[{"href":"https:\/\/www.spirit-us.eu\/index.php\/wp-json\/wp\/v2\/product\/2533","targetHints":{"allow":["GET"]}}],"collection":[{"href":"https:\/\/www.spirit-us.eu\/index.php\/wp-json\/wp\/v2\/product"}],"about":[{"href":"https:\/\/www.spirit-us.eu\/index.php\/wp-json\/wp\/v2\/types\/product"}],"replies":[{"embeddable":true,"href":"https:\/\/www.spirit-us.eu\/index.php\/wp-json\/wp\/v2\/comments?post=2533"}],"wp:featuredmedia":[{"embeddable":true,"href":"https:\/\/www.spirit-us.eu\/index.php\/wp-json\/wp\/v2\/media\/2679"}],"wp:attachment":[{"href":"https:\/\/www.spirit-us.eu\/index.php\/wp-json\/wp\/v2\/media?parent=2533"}],"wp:term":[{"taxonomy":"product_brand","embeddable":true,"href":"https:\/\/www.spirit-us.eu\/index.php\/wp-json\/wp\/v2\/product_brand?post=2533"},{"taxonomy":"product_cat","embeddable":true,"href":"https:\/\/www.spirit-us.eu\/index.php\/wp-json\/wp\/v2\/product_cat?post=2533"},{"taxonomy":"product_tag","embeddable":true,"href":"https:\/\/www.spirit-us.eu\/index.php\/wp-json\/wp\/v2\/product_tag?post=2533"},{"taxonomy":"mwb_booking_cost","embeddable":true,"href":"https:\/\/www.spirit-us.eu\/index.php\/wp-json\/wp\/v2\/mwb_booking_cost?post=2533"},{"taxonomy":"mwb_booking_service","embeddable":true,"href":"https:\/\/www.spirit-us.eu\/index.php\/wp-json\/wp\/v2\/mwb_booking_service?post=2533"}],"curies":[{"name":"wp","href":"https:\/\/api.w.org\/{rel}","templated":true}]}}