{"id":2526,"date":"2025-11-14T11:22:34","date_gmt":"2025-11-14T10:22:34","guid":{"rendered":"https:\/\/www.spirit-us.eu\/?post_type=product&#038;p=2526"},"modified":"2025-12-20T10:18:23","modified_gmt":"2025-12-20T09:18:23","slug":"collier-colombe-du-saint-esprit","status":"publish","type":"product","link":"https:\/\/www.spirit-us.eu\/index.php\/produit\/collier-colombe-du-saint-esprit\/","title":{"rendered":"Collier Colombe du Saint ESPRIT"},"content":{"rendered":"<p>M\u00e9daille dor\u00e9e \u00e0 l&rsquo;effigie de la colombe de l&rsquo;Esprit saint<\/p>\n<p><strong>Mat\u00e9riau<\/strong> : m\u00e9tal dor\u00e9 et zircons<\/p>\n<p><strong>Couleurs\u00a0<\/strong>: dor\u00e9, blanc translucide<\/p>\n<p><strong>Largeur<\/strong> : 2,5 cm<\/p>\n<p><strong> Hauteur<\/strong> :\u00a0 3,2 cm (avec l&rsquo;anneau de suspension)<\/p>\n<p><strong>Epaisseur<\/strong> : 1 mm<\/p>\n<p><strong>Longueur de la cha\u00eene<\/strong> : 50 cm (m\u00e9tal argent\u00e9, r\u00e9glable)<\/p>\n<p>Objets manufactur\u00e9s, livr\u00e9s dans un bo\u00eetier de velours\u00a0 (couleur selon stock \/ les pochettes sont aussi manufactur\u00e9es).<\/p>\n<p>Cette m\u00e9daille est livr\u00e9e consacr\u00e9e.<\/p>\n","protected":false},"excerpt":{"rendered":"<p>M\u00e9daille pr\u00e9cieuse qui permet de se placer sous la plus haute protection divine, celle de l&rsquo;Esprit saint. Elle se porte en toute occasion et s&rsquo;affiche sur les v\u00eatements ou au contraire se fait discr\u00e8te sous le v\u00eatement\u00a0 (puisque certains pays interdisent les signes visibles de protection ancestraux).\u00a0 La colombe est ici repr\u00e9sent\u00e9e avec un crucifix au-dessus de la t\u00eate; ses ailes sont par\u00e9es de pierres translucides qui la font briller \u00e0 la lumi\u00e8re et la m\u00e9daille est agr\u00e9ment\u00e9e de symboles floraux (six p\u00e9tales, l&rsquo;\u00e9toile de Bethl\u00e9em). Le pourtour de la m\u00e9daille est \u00e9galement orn\u00e9 de pierres biseaut\u00e9es pour la r\u00e9fraction de la lumi\u00e8re. Plus qu&rsquo;un bijou, cette m\u00e9daille est avant tout un signe d&rsquo;all\u00e9geance \u00e0 l&rsquo;Esprit divin, porteuse de sa puissante protection en retour. Elle fait partie des signes ancestraux de protection : pour en savoir plus sur le sujet, reportez-vous \u00e0 notre article sur <a href=\"https:\/\/exorciser-liberer-guerir.com\/les-veritables-objets-de-protection-spirituelle\/\" target=\"_blank\" rel=\"noopener\">Les v\u00e9ritables objets de protection<\/a>.<\/p>\n","protected":false},"featured_media":2527,"comment_status":"open","ping_status":"closed","template":"","meta":[],"product_brand":[],"product_cat":[156,466,508,17,504],"product_tag":[379,377,293,378],"mwb_booking_cost":[],"mwb_booking_service":[],"class_list":{"0":"post-2526","1":"product","2":"type-product","3":"status-publish","4":"has-post-thumbnail","6":"product_cat-04-bijoux","7":"product_cat-004-piete-protection","8":"product_cat-004-images-bijoux-saints","9":"product_cat-tous-les-produits","10":"product_cat-01-univers-sacre-accueil","11":"product_tag-colombe","12":"product_tag-esprit-saint","13":"product_tag-protection-spirituelle","14":"product_tag-saint-esprit","16":"first","17":"instock","18":"downloadable","19":"shipping-taxable","20":"purchasable","21":"product-type-simple"},"yoast_head":"<!-- This site is optimized with the Yoast SEO plugin v27.1.1 - https:\/\/yoast.com\/product\/yoast-seo-wordpress\/ -->\n<title>Collier Colombe du Saint ESPRIT - Spirit-US<\/title>\n<meta name=\"robots\" content=\"index, follow, max-snippet:-1, max-image-preview:large, max-video-preview:-1\" \/>\n<link rel=\"canonical\" href=\"https:\/\/www.spirit-us.eu\/index.php\/produit\/collier-colombe-du-saint-esprit\/\" \/>\n<meta property=\"og:locale\" content=\"fr_FR\" \/>\n<meta property=\"og:type\" content=\"article\" \/>\n<meta property=\"og:title\" content=\"Collier Colombe du Saint ESPRIT - Spirit-US\" \/>\n<meta property=\"og:description\" content=\"M\u00e9daille pr\u00e9cieuse qui permet de se placer sous la plus haute protection divine, celle de l&#039;Esprit saint. Elle se porte en toute occasion et s&#039;affiche sur les v\u00eatements ou au contraire se fait discr\u00e8te sous le v\u00eatement\u00a0 (puisque certains pays interdisent les signes visibles de protection ancestraux).\u00a0 La colombe est ici repr\u00e9sent\u00e9e avec un crucifix au-dessus de la t\u00eate; ses ailes sont par\u00e9es de pierres translucides qui la font briller \u00e0 la lumi\u00e8re et la m\u00e9daille est agr\u00e9ment\u00e9e de symboles floraux (six p\u00e9tales, l&#039;\u00e9toile de Bethl\u00e9em). Le pourtour de la m\u00e9daille est \u00e9galement orn\u00e9 de pierres biseaut\u00e9es pour la r\u00e9fraction de la lumi\u00e8re. Plus qu&#039;un bijou, cette m\u00e9daille est avant tout un signe d&#039;all\u00e9geance \u00e0 l&#039;Esprit divin, porteuse de sa puissante protection en retour. Elle fait partie des signes ancestraux de protection : pour en savoir plus sur le sujet, reportez-vous \u00e0 notre article sur Les v\u00e9ritables objets de protection.\" \/>\n<meta property=\"og:url\" content=\"https:\/\/www.spirit-us.eu\/index.php\/produit\/collier-colombe-du-saint-esprit\/\" \/>\n<meta property=\"og:site_name\" content=\"Spirit-US\" \/>\n<meta property=\"article:publisher\" content=\"https:\/\/www.facebook.com\/spirit.us.deum\" \/>\n<meta property=\"article:modified_time\" content=\"2025-12-20T09:18:23+00:00\" \/>\n<meta property=\"og:image\" content=\"https:\/\/www.spirit-us.eu\/wp-content\/uploads\/2025\/11\/IMG_7293-scaled.jpg\" \/>\n\t<meta property=\"og:image:width\" content=\"2165\" \/>\n\t<meta property=\"og:image:height\" content=\"2560\" \/>\n\t<meta property=\"og:image:type\" content=\"image\/jpeg\" \/>\n<meta name=\"twitter:card\" content=\"summary_large_image\" \/>\n<script type=\"application\/ld+json\" class=\"yoast-schema-graph\">{\"@context\":\"https:\/\/schema.org\",\"@graph\":[{\"@type\":\"WebPage\",\"@id\":\"https:\/\/www.spirit-us.eu\/index.php\/produit\/collier-colombe-du-saint-esprit\/\",\"url\":\"https:\/\/www.spirit-us.eu\/index.php\/produit\/collier-colombe-du-saint-esprit\/\",\"name\":\"Collier Colombe du Saint ESPRIT - Spirit-US\",\"isPartOf\":{\"@id\":\"https:\/\/www.spirit-us.eu\/#website\"},\"primaryImageOfPage\":{\"@id\":\"https:\/\/www.spirit-us.eu\/index.php\/produit\/collier-colombe-du-saint-esprit\/#primaryimage\"},\"image\":{\"@id\":\"https:\/\/www.spirit-us.eu\/index.php\/produit\/collier-colombe-du-saint-esprit\/#primaryimage\"},\"thumbnailUrl\":\"https:\/\/www.spirit-us.eu\/wp-content\/uploads\/2025\/11\/IMG_7293-scaled.jpg\",\"datePublished\":\"2025-11-14T10:22:34+00:00\",\"dateModified\":\"2025-12-20T09:18:23+00:00\",\"breadcrumb\":{\"@id\":\"https:\/\/www.spirit-us.eu\/index.php\/produit\/collier-colombe-du-saint-esprit\/#breadcrumb\"},\"inLanguage\":\"fr-FR\",\"potentialAction\":[{\"@type\":\"ReadAction\",\"target\":[\"https:\/\/www.spirit-us.eu\/index.php\/produit\/collier-colombe-du-saint-esprit\/\"]}]},{\"@type\":\"ImageObject\",\"inLanguage\":\"fr-FR\",\"@id\":\"https:\/\/www.spirit-us.eu\/index.php\/produit\/collier-colombe-du-saint-esprit\/#primaryimage\",\"url\":\"https:\/\/www.spirit-us.eu\/wp-content\/uploads\/2025\/11\/IMG_7293-scaled.jpg\",\"contentUrl\":\"https:\/\/www.spirit-us.eu\/wp-content\/uploads\/2025\/11\/IMG_7293-scaled.jpg\",\"width\":2165,\"height\":2560},{\"@type\":\"BreadcrumbList\",\"@id\":\"https:\/\/www.spirit-us.eu\/index.php\/produit\/collier-colombe-du-saint-esprit\/#breadcrumb\",\"itemListElement\":[{\"@type\":\"ListItem\",\"position\":1,\"name\":\"Accueil\",\"item\":\"https:\/\/www.spirit-us.eu\/\"},{\"@type\":\"ListItem\",\"position\":2,\"name\":\"Boutique\",\"item\":\"https:\/\/www.spirit-us.eu\/index.php\/boutique\/\"},{\"@type\":\"ListItem\",\"position\":3,\"name\":\"Collier Colombe du Saint ESPRIT\"}]},{\"@type\":\"WebSite\",\"@id\":\"https:\/\/www.spirit-us.eu\/#website\",\"url\":\"https:\/\/www.spirit-us.eu\/\",\"name\":\"Spirit-US\",\"description\":\"\",\"publisher\":{\"@id\":\"https:\/\/www.spirit-us.eu\/#organization\"},\"potentialAction\":[{\"@type\":\"SearchAction\",\"target\":{\"@type\":\"EntryPoint\",\"urlTemplate\":\"https:\/\/www.spirit-us.eu\/?s={search_term_string}\"},\"query-input\":{\"@type\":\"PropertyValueSpecification\",\"valueRequired\":true,\"valueName\":\"search_term_string\"}}],\"inLanguage\":\"fr-FR\"},{\"@type\":\"Organization\",\"@id\":\"https:\/\/www.spirit-us.eu\/#organization\",\"name\":\"Spirit-US\",\"url\":\"https:\/\/www.spirit-us.eu\/\",\"logo\":{\"@type\":\"ImageObject\",\"inLanguage\":\"fr-FR\",\"@id\":\"https:\/\/www.spirit-us.eu\/#\/schema\/logo\/image\/\",\"url\":\"https:\/\/www.spirit-us.eu\/wp-content\/uploads\/2025\/11\/logo-regarde-linterlocutrice-sans-arrriere-plan.jpg\",\"contentUrl\":\"https:\/\/www.spirit-us.eu\/wp-content\/uploads\/2025\/11\/logo-regarde-linterlocutrice-sans-arrriere-plan.jpg\",\"width\":1080,\"height\":1080,\"caption\":\"Spirit-US\"},\"image\":{\"@id\":\"https:\/\/www.spirit-us.eu\/#\/schema\/logo\/image\/\"},\"sameAs\":[\"https:\/\/www.facebook.com\/spirit.us.deum\"]}]}<\/script>\n<!-- \/ Yoast SEO plugin. -->","yoast_head_json":{"title":"Collier Colombe du Saint ESPRIT - Spirit-US","robots":{"index":"index","follow":"follow","max-snippet":"max-snippet:-1","max-image-preview":"max-image-preview:large","max-video-preview":"max-video-preview:-1"},"canonical":"https:\/\/www.spirit-us.eu\/index.php\/produit\/collier-colombe-du-saint-esprit\/","og_locale":"fr_FR","og_type":"article","og_title":"Collier Colombe du Saint ESPRIT - Spirit-US","og_description":"M\u00e9daille pr\u00e9cieuse qui permet de se placer sous la plus haute protection divine, celle de l'Esprit saint. Elle se porte en toute occasion et s'affiche sur les v\u00eatements ou au contraire se fait discr\u00e8te sous le v\u00eatement\u00a0 (puisque certains pays interdisent les signes visibles de protection ancestraux).\u00a0 La colombe est ici repr\u00e9sent\u00e9e avec un crucifix au-dessus de la t\u00eate; ses ailes sont par\u00e9es de pierres translucides qui la font briller \u00e0 la lumi\u00e8re et la m\u00e9daille est agr\u00e9ment\u00e9e de symboles floraux (six p\u00e9tales, l'\u00e9toile de Bethl\u00e9em). Le pourtour de la m\u00e9daille est \u00e9galement orn\u00e9 de pierres biseaut\u00e9es pour la r\u00e9fraction de la lumi\u00e8re. Plus qu'un bijou, cette m\u00e9daille est avant tout un signe d'all\u00e9geance \u00e0 l'Esprit divin, porteuse de sa puissante protection en retour. Elle fait partie des signes ancestraux de protection : pour en savoir plus sur le sujet, reportez-vous \u00e0 notre article sur Les v\u00e9ritables objets de protection.","og_url":"https:\/\/www.spirit-us.eu\/index.php\/produit\/collier-colombe-du-saint-esprit\/","og_site_name":"Spirit-US","article_publisher":"https:\/\/www.facebook.com\/spirit.us.deum","article_modified_time":"2025-12-20T09:18:23+00:00","og_image":[{"width":2165,"height":2560,"url":"https:\/\/www.spirit-us.eu\/wp-content\/uploads\/2025\/11\/IMG_7293-scaled.jpg","type":"image\/jpeg"}],"twitter_card":"summary_large_image","schema":{"@context":"https:\/\/schema.org","@graph":[{"@type":"WebPage","@id":"https:\/\/www.spirit-us.eu\/index.php\/produit\/collier-colombe-du-saint-esprit\/","url":"https:\/\/www.spirit-us.eu\/index.php\/produit\/collier-colombe-du-saint-esprit\/","name":"Collier Colombe du Saint ESPRIT - Spirit-US","isPartOf":{"@id":"https:\/\/www.spirit-us.eu\/#website"},"primaryImageOfPage":{"@id":"https:\/\/www.spirit-us.eu\/index.php\/produit\/collier-colombe-du-saint-esprit\/#primaryimage"},"image":{"@id":"https:\/\/www.spirit-us.eu\/index.php\/produit\/collier-colombe-du-saint-esprit\/#primaryimage"},"thumbnailUrl":"https:\/\/www.spirit-us.eu\/wp-content\/uploads\/2025\/11\/IMG_7293-scaled.jpg","datePublished":"2025-11-14T10:22:34+00:00","dateModified":"2025-12-20T09:18:23+00:00","breadcrumb":{"@id":"https:\/\/www.spirit-us.eu\/index.php\/produit\/collier-colombe-du-saint-esprit\/#breadcrumb"},"inLanguage":"fr-FR","potentialAction":[{"@type":"ReadAction","target":["https:\/\/www.spirit-us.eu\/index.php\/produit\/collier-colombe-du-saint-esprit\/"]}]},{"@type":"ImageObject","inLanguage":"fr-FR","@id":"https:\/\/www.spirit-us.eu\/index.php\/produit\/collier-colombe-du-saint-esprit\/#primaryimage","url":"https:\/\/www.spirit-us.eu\/wp-content\/uploads\/2025\/11\/IMG_7293-scaled.jpg","contentUrl":"https:\/\/www.spirit-us.eu\/wp-content\/uploads\/2025\/11\/IMG_7293-scaled.jpg","width":2165,"height":2560},{"@type":"BreadcrumbList","@id":"https:\/\/www.spirit-us.eu\/index.php\/produit\/collier-colombe-du-saint-esprit\/#breadcrumb","itemListElement":[{"@type":"ListItem","position":1,"name":"Accueil","item":"https:\/\/www.spirit-us.eu\/"},{"@type":"ListItem","position":2,"name":"Boutique","item":"https:\/\/www.spirit-us.eu\/index.php\/boutique\/"},{"@type":"ListItem","position":3,"name":"Collier Colombe du Saint ESPRIT"}]},{"@type":"WebSite","@id":"https:\/\/www.spirit-us.eu\/#website","url":"https:\/\/www.spirit-us.eu\/","name":"Spirit-US","description":"","publisher":{"@id":"https:\/\/www.spirit-us.eu\/#organization"},"potentialAction":[{"@type":"SearchAction","target":{"@type":"EntryPoint","urlTemplate":"https:\/\/www.spirit-us.eu\/?s={search_term_string}"},"query-input":{"@type":"PropertyValueSpecification","valueRequired":true,"valueName":"search_term_string"}}],"inLanguage":"fr-FR"},{"@type":"Organization","@id":"https:\/\/www.spirit-us.eu\/#organization","name":"Spirit-US","url":"https:\/\/www.spirit-us.eu\/","logo":{"@type":"ImageObject","inLanguage":"fr-FR","@id":"https:\/\/www.spirit-us.eu\/#\/schema\/logo\/image\/","url":"https:\/\/www.spirit-us.eu\/wp-content\/uploads\/2025\/11\/logo-regarde-linterlocutrice-sans-arrriere-plan.jpg","contentUrl":"https:\/\/www.spirit-us.eu\/wp-content\/uploads\/2025\/11\/logo-regarde-linterlocutrice-sans-arrriere-plan.jpg","width":1080,"height":1080,"caption":"Spirit-US"},"image":{"@id":"https:\/\/www.spirit-us.eu\/#\/schema\/logo\/image\/"},"sameAs":["https:\/\/www.facebook.com\/spirit.us.deum"]}]}},"jetpack_sharing_enabled":true,"_links":{"self":[{"href":"https:\/\/www.spirit-us.eu\/index.php\/wp-json\/wp\/v2\/product\/2526","targetHints":{"allow":["GET"]}}],"collection":[{"href":"https:\/\/www.spirit-us.eu\/index.php\/wp-json\/wp\/v2\/product"}],"about":[{"href":"https:\/\/www.spirit-us.eu\/index.php\/wp-json\/wp\/v2\/types\/product"}],"replies":[{"embeddable":true,"href":"https:\/\/www.spirit-us.eu\/index.php\/wp-json\/wp\/v2\/comments?post=2526"}],"wp:featuredmedia":[{"embeddable":true,"href":"https:\/\/www.spirit-us.eu\/index.php\/wp-json\/wp\/v2\/media\/2527"}],"wp:attachment":[{"href":"https:\/\/www.spirit-us.eu\/index.php\/wp-json\/wp\/v2\/media?parent=2526"}],"wp:term":[{"taxonomy":"product_brand","embeddable":true,"href":"https:\/\/www.spirit-us.eu\/index.php\/wp-json\/wp\/v2\/product_brand?post=2526"},{"taxonomy":"product_cat","embeddable":true,"href":"https:\/\/www.spirit-us.eu\/index.php\/wp-json\/wp\/v2\/product_cat?post=2526"},{"taxonomy":"product_tag","embeddable":true,"href":"https:\/\/www.spirit-us.eu\/index.php\/wp-json\/wp\/v2\/product_tag?post=2526"},{"taxonomy":"mwb_booking_cost","embeddable":true,"href":"https:\/\/www.spirit-us.eu\/index.php\/wp-json\/wp\/v2\/mwb_booking_cost?post=2526"},{"taxonomy":"mwb_booking_service","embeddable":true,"href":"https:\/\/www.spirit-us.eu\/index.php\/wp-json\/wp\/v2\/mwb_booking_service?post=2526"}],"curies":[{"name":"wp","href":"https:\/\/api.w.org\/{rel}","templated":true}]}}