{"id":2522,"date":"2025-11-14T10:27:49","date_gmt":"2025-11-14T09:27:49","guid":{"rendered":"https:\/\/www.spirit-us.eu\/?post_type=product&#038;p=2522"},"modified":"2025-12-17T14:43:29","modified_gmt":"2025-12-17T13:43:29","slug":"collier-coeur-en-ambre-de-la-baltique","status":"publish","type":"product","link":"https:\/\/www.spirit-us.eu\/index.php\/produit\/collier-coeur-en-ambre-de-la-baltique\/","title":{"rendered":"Collier C\u0152UR en AMBRE de la BALTIQUE"},"content":{"rendered":"<p>Petit c\u0153ur en ambre de la Baltique, il est si joli qu&rsquo;il se suffit \u00e0 lui-m\u00eame<\/p>\n<p><strong>Mat\u00e9riau<\/strong> : ambre de la Baltique (c&rsquo;est une r\u00e9sine v\u00e9g\u00e9tale translucide et mordor\u00e9e) &amp; m\u00e9tal argent\u00e9 (suspensoir)<\/p>\n<p><strong>Couleurs\u00a0<\/strong>: marron clair mordor\u00e9<\/p>\n<p><strong>Largeur<\/strong> : 9 mm<\/p>\n<p><strong> Hauteur<\/strong> :\u00a0 9 mm (avec l&rsquo;anneau de suspension)<\/p>\n<p><strong>Epaisseur<\/strong> : 2 mm<\/p>\n<p><strong>Longueur de la cha\u00eene<\/strong> : 50 cm (m\u00e9tal argent\u00e9) &#8211; nous pouvons vous fournir une cha\u00eene en argent 0,925 \u00e0 la demande &#8211; le prix d&rsquo;une telle cha\u00eene tr\u00e8s fine est de 15\u20ac \/ 18\u20ac en fonction du mod\u00e8le de maille.\u00a0 Si vous souhaitez une cha\u00eene en argent, chattez avec nous ou parlez-nous via WhatsApp, le lien de connexion se trouve en haut de cette page.<\/p>\n<p>Objets manufactur\u00e9s, livr\u00e9s dans une pochette de velours ou de satin (couleur selon stock \/ les pochettes sont aussi manufactur\u00e9es)<\/p>\n","protected":false},"excerpt":{"rendered":"<p style=\"text-align: justify;\">Adorable petit c\u0153ur en ambre. La tradition du c\u0153ur en ambre de la Baltique est li\u00e9e \u00e0 ses vertus protectrices, \u00e9nergisantes et apaisantes, souvent associ\u00e9es \u00e0 des significations spirituelles et de bien-\u00eatre. L&rsquo;ambre, en tant que r\u00e9sine fossile, est vu comme un pont avec la sagesse ancienne et symbolise la transformation et le renouveau. Traditionnellement, le pendentif en forme de c\u0153ur est port\u00e9 pr\u00e8s du c\u0153ur pour ancrer son \u00e9nergie, apporter joie, confiance en soi et aider \u00e0 surmonter les traumatismes \u00e9motionnels.\u00a0 L\u2019usage traditionnel lorsqu\u2019on le porte en pendentif en forme de c\u0153ur pr\u00e8s du corps permet de b\u00e9n\u00e9ficier de ses bienfaits sur les plans physique et \u00e9nerg\u00e9tique, notamment au niveau du chakra du plexus solaire. Et pour les enfants\u00a0: Un collier ou un pendentif est souvent offert pour soulager les pouss\u00e9es dentaires des nourrissons et aider \u00e0 apaiser les maux des voies respiratoires. Mais dans ce cas, il faut veiller imp\u00e9rativement \u00e0 ce que l\u2019enfant ne l\u2019ing\u00e8re pas.<\/p>\n","protected":false},"featured_media":2523,"comment_status":"open","ping_status":"closed","template":"","meta":[],"product_brand":[],"product_cat":[156,463,17],"product_tag":[375,172,376],"mwb_booking_cost":[],"mwb_booking_service":[],"class_list":{"0":"post-2522","1":"product","2":"type-product","3":"status-publish","4":"has-post-thumbnail","6":"product_cat-04-bijoux","7":"product_cat-pendentif","8":"product_cat-tous-les-produits","9":"product_tag-ambre","10":"product_tag-amour","11":"product_tag-enfant","13":"first","14":"instock","15":"downloadable","16":"shipping-taxable","17":"purchasable","18":"product-type-simple"},"yoast_head":"<!-- This site is optimized with the Yoast SEO plugin v27.1.1 - https:\/\/yoast.com\/product\/yoast-seo-wordpress\/ -->\n<title>Collier C\u0152UR en AMBRE de la BALTIQUE - Spirit-US<\/title>\n<meta name=\"robots\" content=\"index, follow, max-snippet:-1, max-image-preview:large, max-video-preview:-1\" \/>\n<link rel=\"canonical\" href=\"https:\/\/www.spirit-us.eu\/index.php\/produit\/collier-coeur-en-ambre-de-la-baltique\/\" \/>\n<meta property=\"og:locale\" content=\"fr_FR\" \/>\n<meta property=\"og:type\" content=\"article\" \/>\n<meta property=\"og:title\" content=\"Collier C\u0152UR en AMBRE de la BALTIQUE - Spirit-US\" \/>\n<meta property=\"og:description\" content=\"Adorable petit c\u0153ur en ambre. La tradition du c\u0153ur en ambre de la Baltique est li\u00e9e \u00e0 ses vertus protectrices, \u00e9nergisantes et apaisantes, souvent associ\u00e9es \u00e0 des significations spirituelles et de bien-\u00eatre. L&#039;ambre, en tant que r\u00e9sine fossile, est vu comme un pont avec la sagesse ancienne et symbolise la transformation et le renouveau. Traditionnellement, le pendentif en forme de c\u0153ur est port\u00e9 pr\u00e8s du c\u0153ur pour ancrer son \u00e9nergie, apporter joie, confiance en soi et aider \u00e0 surmonter les traumatismes \u00e9motionnels.\u00a0 L\u2019usage traditionnel lorsqu\u2019on le porte en pendentif en forme de c\u0153ur pr\u00e8s du corps permet de b\u00e9n\u00e9ficier de ses bienfaits sur les plans physique et \u00e9nerg\u00e9tique, notamment au niveau du chakra du plexus solaire. Et pour les enfants\u00a0: Un collier ou un pendentif est souvent offert pour soulager les pouss\u00e9es dentaires des nourrissons et aider \u00e0 apaiser les maux des voies respiratoires. Mais dans ce cas, il faut veiller imp\u00e9rativement \u00e0 ce que l\u2019enfant ne l\u2019ing\u00e8re pas.\" \/>\n<meta property=\"og:url\" content=\"https:\/\/www.spirit-us.eu\/index.php\/produit\/collier-coeur-en-ambre-de-la-baltique\/\" \/>\n<meta property=\"og:site_name\" content=\"Spirit-US\" \/>\n<meta property=\"article:publisher\" content=\"https:\/\/www.facebook.com\/spirit.us.deum\" \/>\n<meta property=\"article:modified_time\" content=\"2025-12-17T13:43:29+00:00\" \/>\n<meta property=\"og:image\" content=\"https:\/\/www.spirit-us.eu\/wp-content\/uploads\/2025\/11\/coeur-en-ambre-scaled.jpg\" \/>\n\t<meta property=\"og:image:width\" content=\"2398\" \/>\n\t<meta property=\"og:image:height\" content=\"2560\" \/>\n\t<meta property=\"og:image:type\" content=\"image\/jpeg\" \/>\n<meta name=\"twitter:card\" content=\"summary_large_image\" \/>\n<meta name=\"twitter:label1\" content=\"Dur\u00e9e de lecture estim\u00e9e\" \/>\n\t<meta name=\"twitter:data1\" content=\"1 minute\" \/>\n<script type=\"application\/ld+json\" class=\"yoast-schema-graph\">{\"@context\":\"https:\/\/schema.org\",\"@graph\":[{\"@type\":\"WebPage\",\"@id\":\"https:\/\/www.spirit-us.eu\/index.php\/produit\/collier-coeur-en-ambre-de-la-baltique\/\",\"url\":\"https:\/\/www.spirit-us.eu\/index.php\/produit\/collier-coeur-en-ambre-de-la-baltique\/\",\"name\":\"Collier C\u0152UR en AMBRE de la BALTIQUE - Spirit-US\",\"isPartOf\":{\"@id\":\"https:\/\/www.spirit-us.eu\/#website\"},\"primaryImageOfPage\":{\"@id\":\"https:\/\/www.spirit-us.eu\/index.php\/produit\/collier-coeur-en-ambre-de-la-baltique\/#primaryimage\"},\"image\":{\"@id\":\"https:\/\/www.spirit-us.eu\/index.php\/produit\/collier-coeur-en-ambre-de-la-baltique\/#primaryimage\"},\"thumbnailUrl\":\"https:\/\/www.spirit-us.eu\/wp-content\/uploads\/2025\/11\/coeur-en-ambre-scaled.jpg\",\"datePublished\":\"2025-11-14T09:27:49+00:00\",\"dateModified\":\"2025-12-17T13:43:29+00:00\",\"breadcrumb\":{\"@id\":\"https:\/\/www.spirit-us.eu\/index.php\/produit\/collier-coeur-en-ambre-de-la-baltique\/#breadcrumb\"},\"inLanguage\":\"fr-FR\",\"potentialAction\":[{\"@type\":\"ReadAction\",\"target\":[\"https:\/\/www.spirit-us.eu\/index.php\/produit\/collier-coeur-en-ambre-de-la-baltique\/\"]}]},{\"@type\":\"ImageObject\",\"inLanguage\":\"fr-FR\",\"@id\":\"https:\/\/www.spirit-us.eu\/index.php\/produit\/collier-coeur-en-ambre-de-la-baltique\/#primaryimage\",\"url\":\"https:\/\/www.spirit-us.eu\/wp-content\/uploads\/2025\/11\/coeur-en-ambre-scaled.jpg\",\"contentUrl\":\"https:\/\/www.spirit-us.eu\/wp-content\/uploads\/2025\/11\/coeur-en-ambre-scaled.jpg\",\"width\":2398,\"height\":2560},{\"@type\":\"BreadcrumbList\",\"@id\":\"https:\/\/www.spirit-us.eu\/index.php\/produit\/collier-coeur-en-ambre-de-la-baltique\/#breadcrumb\",\"itemListElement\":[{\"@type\":\"ListItem\",\"position\":1,\"name\":\"Accueil\",\"item\":\"https:\/\/www.spirit-us.eu\/\"},{\"@type\":\"ListItem\",\"position\":2,\"name\":\"Boutique\",\"item\":\"https:\/\/www.spirit-us.eu\/index.php\/boutique\/\"},{\"@type\":\"ListItem\",\"position\":3,\"name\":\"Collier C\u0152UR en AMBRE de la BALTIQUE\"}]},{\"@type\":\"WebSite\",\"@id\":\"https:\/\/www.spirit-us.eu\/#website\",\"url\":\"https:\/\/www.spirit-us.eu\/\",\"name\":\"Spirit-US\",\"description\":\"\",\"publisher\":{\"@id\":\"https:\/\/www.spirit-us.eu\/#organization\"},\"potentialAction\":[{\"@type\":\"SearchAction\",\"target\":{\"@type\":\"EntryPoint\",\"urlTemplate\":\"https:\/\/www.spirit-us.eu\/?s={search_term_string}\"},\"query-input\":{\"@type\":\"PropertyValueSpecification\",\"valueRequired\":true,\"valueName\":\"search_term_string\"}}],\"inLanguage\":\"fr-FR\"},{\"@type\":\"Organization\",\"@id\":\"https:\/\/www.spirit-us.eu\/#organization\",\"name\":\"Spirit-US\",\"url\":\"https:\/\/www.spirit-us.eu\/\",\"logo\":{\"@type\":\"ImageObject\",\"inLanguage\":\"fr-FR\",\"@id\":\"https:\/\/www.spirit-us.eu\/#\/schema\/logo\/image\/\",\"url\":\"https:\/\/www.spirit-us.eu\/wp-content\/uploads\/2025\/11\/logo-regarde-linterlocutrice-sans-arrriere-plan.jpg\",\"contentUrl\":\"https:\/\/www.spirit-us.eu\/wp-content\/uploads\/2025\/11\/logo-regarde-linterlocutrice-sans-arrriere-plan.jpg\",\"width\":1080,\"height\":1080,\"caption\":\"Spirit-US\"},\"image\":{\"@id\":\"https:\/\/www.spirit-us.eu\/#\/schema\/logo\/image\/\"},\"sameAs\":[\"https:\/\/www.facebook.com\/spirit.us.deum\"]}]}<\/script>\n<!-- \/ Yoast SEO plugin. -->","yoast_head_json":{"title":"Collier C\u0152UR en AMBRE de la BALTIQUE - Spirit-US","robots":{"index":"index","follow":"follow","max-snippet":"max-snippet:-1","max-image-preview":"max-image-preview:large","max-video-preview":"max-video-preview:-1"},"canonical":"https:\/\/www.spirit-us.eu\/index.php\/produit\/collier-coeur-en-ambre-de-la-baltique\/","og_locale":"fr_FR","og_type":"article","og_title":"Collier C\u0152UR en AMBRE de la BALTIQUE - Spirit-US","og_description":"Adorable petit c\u0153ur en ambre. La tradition du c\u0153ur en ambre de la Baltique est li\u00e9e \u00e0 ses vertus protectrices, \u00e9nergisantes et apaisantes, souvent associ\u00e9es \u00e0 des significations spirituelles et de bien-\u00eatre. L'ambre, en tant que r\u00e9sine fossile, est vu comme un pont avec la sagesse ancienne et symbolise la transformation et le renouveau. Traditionnellement, le pendentif en forme de c\u0153ur est port\u00e9 pr\u00e8s du c\u0153ur pour ancrer son \u00e9nergie, apporter joie, confiance en soi et aider \u00e0 surmonter les traumatismes \u00e9motionnels.\u00a0 L\u2019usage traditionnel lorsqu\u2019on le porte en pendentif en forme de c\u0153ur pr\u00e8s du corps permet de b\u00e9n\u00e9ficier de ses bienfaits sur les plans physique et \u00e9nerg\u00e9tique, notamment au niveau du chakra du plexus solaire. Et pour les enfants\u00a0: Un collier ou un pendentif est souvent offert pour soulager les pouss\u00e9es dentaires des nourrissons et aider \u00e0 apaiser les maux des voies respiratoires. Mais dans ce cas, il faut veiller imp\u00e9rativement \u00e0 ce que l\u2019enfant ne l\u2019ing\u00e8re pas.","og_url":"https:\/\/www.spirit-us.eu\/index.php\/produit\/collier-coeur-en-ambre-de-la-baltique\/","og_site_name":"Spirit-US","article_publisher":"https:\/\/www.facebook.com\/spirit.us.deum","article_modified_time":"2025-12-17T13:43:29+00:00","og_image":[{"width":2398,"height":2560,"url":"https:\/\/www.spirit-us.eu\/wp-content\/uploads\/2025\/11\/coeur-en-ambre-scaled.jpg","type":"image\/jpeg"}],"twitter_card":"summary_large_image","twitter_misc":{"Dur\u00e9e de lecture estim\u00e9e":"1 minute"},"schema":{"@context":"https:\/\/schema.org","@graph":[{"@type":"WebPage","@id":"https:\/\/www.spirit-us.eu\/index.php\/produit\/collier-coeur-en-ambre-de-la-baltique\/","url":"https:\/\/www.spirit-us.eu\/index.php\/produit\/collier-coeur-en-ambre-de-la-baltique\/","name":"Collier C\u0152UR en AMBRE de la BALTIQUE - Spirit-US","isPartOf":{"@id":"https:\/\/www.spirit-us.eu\/#website"},"primaryImageOfPage":{"@id":"https:\/\/www.spirit-us.eu\/index.php\/produit\/collier-coeur-en-ambre-de-la-baltique\/#primaryimage"},"image":{"@id":"https:\/\/www.spirit-us.eu\/index.php\/produit\/collier-coeur-en-ambre-de-la-baltique\/#primaryimage"},"thumbnailUrl":"https:\/\/www.spirit-us.eu\/wp-content\/uploads\/2025\/11\/coeur-en-ambre-scaled.jpg","datePublished":"2025-11-14T09:27:49+00:00","dateModified":"2025-12-17T13:43:29+00:00","breadcrumb":{"@id":"https:\/\/www.spirit-us.eu\/index.php\/produit\/collier-coeur-en-ambre-de-la-baltique\/#breadcrumb"},"inLanguage":"fr-FR","potentialAction":[{"@type":"ReadAction","target":["https:\/\/www.spirit-us.eu\/index.php\/produit\/collier-coeur-en-ambre-de-la-baltique\/"]}]},{"@type":"ImageObject","inLanguage":"fr-FR","@id":"https:\/\/www.spirit-us.eu\/index.php\/produit\/collier-coeur-en-ambre-de-la-baltique\/#primaryimage","url":"https:\/\/www.spirit-us.eu\/wp-content\/uploads\/2025\/11\/coeur-en-ambre-scaled.jpg","contentUrl":"https:\/\/www.spirit-us.eu\/wp-content\/uploads\/2025\/11\/coeur-en-ambre-scaled.jpg","width":2398,"height":2560},{"@type":"BreadcrumbList","@id":"https:\/\/www.spirit-us.eu\/index.php\/produit\/collier-coeur-en-ambre-de-la-baltique\/#breadcrumb","itemListElement":[{"@type":"ListItem","position":1,"name":"Accueil","item":"https:\/\/www.spirit-us.eu\/"},{"@type":"ListItem","position":2,"name":"Boutique","item":"https:\/\/www.spirit-us.eu\/index.php\/boutique\/"},{"@type":"ListItem","position":3,"name":"Collier C\u0152UR en AMBRE de la BALTIQUE"}]},{"@type":"WebSite","@id":"https:\/\/www.spirit-us.eu\/#website","url":"https:\/\/www.spirit-us.eu\/","name":"Spirit-US","description":"","publisher":{"@id":"https:\/\/www.spirit-us.eu\/#organization"},"potentialAction":[{"@type":"SearchAction","target":{"@type":"EntryPoint","urlTemplate":"https:\/\/www.spirit-us.eu\/?s={search_term_string}"},"query-input":{"@type":"PropertyValueSpecification","valueRequired":true,"valueName":"search_term_string"}}],"inLanguage":"fr-FR"},{"@type":"Organization","@id":"https:\/\/www.spirit-us.eu\/#organization","name":"Spirit-US","url":"https:\/\/www.spirit-us.eu\/","logo":{"@type":"ImageObject","inLanguage":"fr-FR","@id":"https:\/\/www.spirit-us.eu\/#\/schema\/logo\/image\/","url":"https:\/\/www.spirit-us.eu\/wp-content\/uploads\/2025\/11\/logo-regarde-linterlocutrice-sans-arrriere-plan.jpg","contentUrl":"https:\/\/www.spirit-us.eu\/wp-content\/uploads\/2025\/11\/logo-regarde-linterlocutrice-sans-arrriere-plan.jpg","width":1080,"height":1080,"caption":"Spirit-US"},"image":{"@id":"https:\/\/www.spirit-us.eu\/#\/schema\/logo\/image\/"},"sameAs":["https:\/\/www.facebook.com\/spirit.us.deum"]}]}},"jetpack_sharing_enabled":true,"_links":{"self":[{"href":"https:\/\/www.spirit-us.eu\/index.php\/wp-json\/wp\/v2\/product\/2522","targetHints":{"allow":["GET"]}}],"collection":[{"href":"https:\/\/www.spirit-us.eu\/index.php\/wp-json\/wp\/v2\/product"}],"about":[{"href":"https:\/\/www.spirit-us.eu\/index.php\/wp-json\/wp\/v2\/types\/product"}],"replies":[{"embeddable":true,"href":"https:\/\/www.spirit-us.eu\/index.php\/wp-json\/wp\/v2\/comments?post=2522"}],"wp:featuredmedia":[{"embeddable":true,"href":"https:\/\/www.spirit-us.eu\/index.php\/wp-json\/wp\/v2\/media\/2523"}],"wp:attachment":[{"href":"https:\/\/www.spirit-us.eu\/index.php\/wp-json\/wp\/v2\/media?parent=2522"}],"wp:term":[{"taxonomy":"product_brand","embeddable":true,"href":"https:\/\/www.spirit-us.eu\/index.php\/wp-json\/wp\/v2\/product_brand?post=2522"},{"taxonomy":"product_cat","embeddable":true,"href":"https:\/\/www.spirit-us.eu\/index.php\/wp-json\/wp\/v2\/product_cat?post=2522"},{"taxonomy":"product_tag","embeddable":true,"href":"https:\/\/www.spirit-us.eu\/index.php\/wp-json\/wp\/v2\/product_tag?post=2522"},{"taxonomy":"mwb_booking_cost","embeddable":true,"href":"https:\/\/www.spirit-us.eu\/index.php\/wp-json\/wp\/v2\/mwb_booking_cost?post=2522"},{"taxonomy":"mwb_booking_service","embeddable":true,"href":"https:\/\/www.spirit-us.eu\/index.php\/wp-json\/wp\/v2\/mwb_booking_service?post=2522"}],"curies":[{"name":"wp","href":"https:\/\/api.w.org\/{rel}","templated":true}]}}