{"id":2492,"date":"2025-11-13T18:25:58","date_gmt":"2025-11-13T17:25:58","guid":{"rendered":"https:\/\/www.spirit-us.eu\/?post_type=product&#038;p=2492"},"modified":"2025-12-20T10:19:03","modified_gmt":"2025-12-20T09:19:03","slug":"marie-qui-defait-les-noeuds","status":"publish","type":"product","link":"https:\/\/www.spirit-us.eu\/index.php\/produit\/marie-qui-defait-les-noeuds\/","title":{"rendered":"MARIE QUI DEFAIT LES N\u0152UDS"},"content":{"rendered":"<p>Petite statue de Marie qui d\u00e9fait les n\u0153uds<\/p>\n<p><strong>Mat\u00e9riau<\/strong> : r\u00e9sine et m\u00e9tal dor\u00e9<\/p>\n<p><strong>Couleurs\u00a0<\/strong>: tons de blanc et cr\u00e8me et motifs dor\u00e9s<\/p>\n<p><strong>Hauteur<\/strong> : 17,5 cm<\/p>\n<p><strong>Largeur<\/strong> : 8 cm<\/p>\n<p><strong>Epaisseur<\/strong> : 5,4 cm<\/p>\n<p>Statue manufactur\u00e9e, livr\u00e9e consacr\u00e9e.<\/p>\n","protected":false},"excerpt":{"rendered":"<p style=\"text-align: justify;\">Magnifique statue de Marie, notre secours dans les n\u0153uds karmiques de la vie. La statue est en r\u00e9sine claire, d\u00e9licatement rehauss\u00e9e de dorures. Le drap\u00e9 du manteau r\u00e9pond \u00e0 la tradition romantique et traditionnelle pour cette \u00e9nergie Mariale puissante.\u00a0 Marie, reine des anges, tient dans les mains un fil d&rsquo;or rempli de n\u0153uds, que, patiemment, elle d\u00e9fait un \u00e0 un.\u00a0 Deux s\u00e9raphins aux ailes dor\u00e9es l&rsquo;assistent dans cette t\u00e2che.\u00a0 Sous ses pieds, l&rsquo;antique serpent que son c\u0153ur immacul\u00e9 terrasse.\u00a0 Sur le socle, l&rsquo;inscription \u00ab\u00a0Marie qui d\u00e9fait les n\u0153uds. Elle est belle, elle est rassurante. C&rsquo;est en 1700, que l&rsquo;allemand Johann Melchior Schmidtner peint le tableau c\u00e9l\u00e8bre qui la repr\u00e9sente.\u00a0 Elle reste \u00e0 Munich, puis son image parcourt le monde, arrive en Argentine, et un cur\u00e9 \u00e9crit en 1998 une neuvaine qui fera le tour du monde : pour que Marie d\u00e9fasse les n\u0153uds qui entravent nos vies.\u00a0 Elle s&rsquo;occupe des probl\u00e8mes de sant\u00e9, de famille, de logement, de travail, d&rsquo;addictions &#8230; Cette neuvaine fait le tour du monde et on peut accueillir chez soi pour une p\u00e9riode donn\u00e9e la statue itin\u00e9rante; les gens des quartiers ou des villages viennent alors la prier en communion avec la famille h\u00f4te. En achetant cette statue, n&rsquo;oubliez pas de <a href=\"https:\/\/www.spirit-us.eu\/wp-content\/uploads\/woocommerce_uploads\/2025\/11\/PRIERE-A-MARIE-QUI-DEFAIT-LES-NOEUDS.priere-rqe37e.pdf\" target=\"_blank\" rel=\"noopener\">t\u00e9l\u00e9charger la pri\u00e8re que j&rsquo;ai mise pour vous sur ce site<\/a>, afin que vous puissiez \u00e0 votre tour, demander \u00e0 Marie de d\u00e9faire les n\u0153uds karmiques de votre destin\u00e9e.\u00a0 Si vous voulez le texte de la neuvaine, \u00e9crivez-moi.<\/p>\n","protected":false},"featured_media":2493,"comment_status":"open","ping_status":"closed","template":"","meta":[],"product_brand":[],"product_cat":[180,505,17,504],"product_tag":[372],"mwb_booking_cost":[],"mwb_booking_service":[],"class_list":{"0":"post-2492","1":"product","2":"type-product","3":"status-publish","4":"has-post-thumbnail","6":"product_cat-09-decoration","7":"product_cat-001-statues-saintes","8":"product_cat-tous-les-produits","9":"product_cat-01-univers-sacre-accueil","10":"product_tag-marie-qui-defait-les-noeuds","12":"first","13":"instock","14":"downloadable","15":"shipping-taxable","16":"purchasable","17":"product-type-simple"},"yoast_head":"<!-- This site is optimized with the Yoast SEO plugin v27.1.1 - https:\/\/yoast.com\/product\/yoast-seo-wordpress\/ -->\n<title>MARIE QUI DEFAIT LES N\u0152UDS - Spirit-US<\/title>\n<meta name=\"robots\" content=\"index, follow, max-snippet:-1, max-image-preview:large, max-video-preview:-1\" \/>\n<link rel=\"canonical\" href=\"https:\/\/www.spirit-us.eu\/index.php\/produit\/marie-qui-defait-les-noeuds\/\" \/>\n<meta property=\"og:locale\" content=\"fr_FR\" \/>\n<meta property=\"og:type\" content=\"article\" \/>\n<meta property=\"og:title\" content=\"MARIE QUI DEFAIT LES N\u0152UDS - Spirit-US\" \/>\n<meta property=\"og:description\" content=\"Magnifique statue de Marie, notre secours dans les n\u0153uds karmiques de la vie. La statue est en r\u00e9sine claire, d\u00e9licatement rehauss\u00e9e de dorures. Le drap\u00e9 du manteau r\u00e9pond \u00e0 la tradition romantique et traditionnelle pour cette \u00e9nergie Mariale puissante.\u00a0 Marie, reine des anges, tient dans les mains un fil d&#039;or rempli de n\u0153uds, que, patiemment, elle d\u00e9fait un \u00e0 un.\u00a0 Deux s\u00e9raphins aux ailes dor\u00e9es l&#039;assistent dans cette t\u00e2che.\u00a0 Sous ses pieds, l&#039;antique serpent que son c\u0153ur immacul\u00e9 terrasse.\u00a0 Sur le socle, l&#039;inscription &quot;Marie qui d\u00e9fait les n\u0153uds. Elle est belle, elle est rassurante. C&#039;est en 1700, que l&#039;allemand Johann Melchior Schmidtner peint le tableau c\u00e9l\u00e8bre qui la repr\u00e9sente.\u00a0 Elle reste \u00e0 Munich, puis son image parcourt le monde, arrive en Argentine, et un cur\u00e9 \u00e9crit en 1998 une neuvaine qui fera le tour du monde : pour que Marie d\u00e9fasse les n\u0153uds qui entravent nos vies.\u00a0 Elle s&#039;occupe des probl\u00e8mes de sant\u00e9, de famille, de logement, de travail, d&#039;addictions ... Cette neuvaine fait le tour du monde et on peut accueillir chez soi pour une p\u00e9riode donn\u00e9e la statue itin\u00e9rante; les gens des quartiers ou des villages viennent alors la prier en communion avec la famille h\u00f4te. En achetant cette statue, n&#039;oubliez pas de t\u00e9l\u00e9charger la pri\u00e8re que j&#039;ai mise pour vous sur ce site, afin que vous puissiez \u00e0 votre tour, demander \u00e0 Marie de d\u00e9faire les n\u0153uds karmiques de votre destin\u00e9e.\u00a0 Si vous voulez le texte de la neuvaine, \u00e9crivez-moi.\" \/>\n<meta property=\"og:url\" content=\"https:\/\/www.spirit-us.eu\/index.php\/produit\/marie-qui-defait-les-noeuds\/\" \/>\n<meta property=\"og:site_name\" content=\"Spirit-US\" \/>\n<meta property=\"article:publisher\" content=\"https:\/\/www.facebook.com\/spirit.us.deum\" \/>\n<meta property=\"article:modified_time\" content=\"2025-12-20T09:19:03+00:00\" \/>\n<meta property=\"og:image\" content=\"https:\/\/www.spirit-us.eu\/wp-content\/uploads\/2025\/11\/noeuds-4.png\" \/>\n\t<meta property=\"og:image:width\" content=\"1080\" \/>\n\t<meta property=\"og:image:height\" content=\"1080\" \/>\n\t<meta property=\"og:image:type\" content=\"image\/png\" \/>\n<meta name=\"twitter:card\" content=\"summary_large_image\" \/>\n<meta name=\"twitter:label1\" content=\"Dur\u00e9e de lecture estim\u00e9e\" \/>\n\t<meta name=\"twitter:data1\" content=\"1 minute\" \/>\n<script type=\"application\/ld+json\" class=\"yoast-schema-graph\">{\"@context\":\"https:\/\/schema.org\",\"@graph\":[{\"@type\":\"WebPage\",\"@id\":\"https:\/\/www.spirit-us.eu\/index.php\/produit\/marie-qui-defait-les-noeuds\/\",\"url\":\"https:\/\/www.spirit-us.eu\/index.php\/produit\/marie-qui-defait-les-noeuds\/\",\"name\":\"MARIE QUI DEFAIT LES N\u0152UDS - Spirit-US\",\"isPartOf\":{\"@id\":\"https:\/\/www.spirit-us.eu\/#website\"},\"primaryImageOfPage\":{\"@id\":\"https:\/\/www.spirit-us.eu\/index.php\/produit\/marie-qui-defait-les-noeuds\/#primaryimage\"},\"image\":{\"@id\":\"https:\/\/www.spirit-us.eu\/index.php\/produit\/marie-qui-defait-les-noeuds\/#primaryimage\"},\"thumbnailUrl\":\"https:\/\/www.spirit-us.eu\/wp-content\/uploads\/2025\/11\/noeuds-4.png\",\"datePublished\":\"2025-11-13T17:25:58+00:00\",\"dateModified\":\"2025-12-20T09:19:03+00:00\",\"breadcrumb\":{\"@id\":\"https:\/\/www.spirit-us.eu\/index.php\/produit\/marie-qui-defait-les-noeuds\/#breadcrumb\"},\"inLanguage\":\"fr-FR\",\"potentialAction\":[{\"@type\":\"ReadAction\",\"target\":[\"https:\/\/www.spirit-us.eu\/index.php\/produit\/marie-qui-defait-les-noeuds\/\"]}]},{\"@type\":\"ImageObject\",\"inLanguage\":\"fr-FR\",\"@id\":\"https:\/\/www.spirit-us.eu\/index.php\/produit\/marie-qui-defait-les-noeuds\/#primaryimage\",\"url\":\"https:\/\/www.spirit-us.eu\/wp-content\/uploads\/2025\/11\/noeuds-4.png\",\"contentUrl\":\"https:\/\/www.spirit-us.eu\/wp-content\/uploads\/2025\/11\/noeuds-4.png\",\"width\":1080,\"height\":1080},{\"@type\":\"BreadcrumbList\",\"@id\":\"https:\/\/www.spirit-us.eu\/index.php\/produit\/marie-qui-defait-les-noeuds\/#breadcrumb\",\"itemListElement\":[{\"@type\":\"ListItem\",\"position\":1,\"name\":\"Accueil\",\"item\":\"https:\/\/www.spirit-us.eu\/\"},{\"@type\":\"ListItem\",\"position\":2,\"name\":\"Boutique\",\"item\":\"https:\/\/www.spirit-us.eu\/index.php\/boutique\/\"},{\"@type\":\"ListItem\",\"position\":3,\"name\":\"MARIE QUI DEFAIT LES N\u0152UDS\"}]},{\"@type\":\"WebSite\",\"@id\":\"https:\/\/www.spirit-us.eu\/#website\",\"url\":\"https:\/\/www.spirit-us.eu\/\",\"name\":\"Spirit-US\",\"description\":\"\",\"publisher\":{\"@id\":\"https:\/\/www.spirit-us.eu\/#organization\"},\"potentialAction\":[{\"@type\":\"SearchAction\",\"target\":{\"@type\":\"EntryPoint\",\"urlTemplate\":\"https:\/\/www.spirit-us.eu\/?s={search_term_string}\"},\"query-input\":{\"@type\":\"PropertyValueSpecification\",\"valueRequired\":true,\"valueName\":\"search_term_string\"}}],\"inLanguage\":\"fr-FR\"},{\"@type\":\"Organization\",\"@id\":\"https:\/\/www.spirit-us.eu\/#organization\",\"name\":\"Spirit-US\",\"url\":\"https:\/\/www.spirit-us.eu\/\",\"logo\":{\"@type\":\"ImageObject\",\"inLanguage\":\"fr-FR\",\"@id\":\"https:\/\/www.spirit-us.eu\/#\/schema\/logo\/image\/\",\"url\":\"https:\/\/www.spirit-us.eu\/wp-content\/uploads\/2025\/11\/logo-regarde-linterlocutrice-sans-arrriere-plan.jpg\",\"contentUrl\":\"https:\/\/www.spirit-us.eu\/wp-content\/uploads\/2025\/11\/logo-regarde-linterlocutrice-sans-arrriere-plan.jpg\",\"width\":1080,\"height\":1080,\"caption\":\"Spirit-US\"},\"image\":{\"@id\":\"https:\/\/www.spirit-us.eu\/#\/schema\/logo\/image\/\"},\"sameAs\":[\"https:\/\/www.facebook.com\/spirit.us.deum\"]}]}<\/script>\n<!-- \/ Yoast SEO plugin. -->","yoast_head_json":{"title":"MARIE QUI DEFAIT LES N\u0152UDS - Spirit-US","robots":{"index":"index","follow":"follow","max-snippet":"max-snippet:-1","max-image-preview":"max-image-preview:large","max-video-preview":"max-video-preview:-1"},"canonical":"https:\/\/www.spirit-us.eu\/index.php\/produit\/marie-qui-defait-les-noeuds\/","og_locale":"fr_FR","og_type":"article","og_title":"MARIE QUI DEFAIT LES N\u0152UDS - Spirit-US","og_description":"Magnifique statue de Marie, notre secours dans les n\u0153uds karmiques de la vie. La statue est en r\u00e9sine claire, d\u00e9licatement rehauss\u00e9e de dorures. Le drap\u00e9 du manteau r\u00e9pond \u00e0 la tradition romantique et traditionnelle pour cette \u00e9nergie Mariale puissante.\u00a0 Marie, reine des anges, tient dans les mains un fil d'or rempli de n\u0153uds, que, patiemment, elle d\u00e9fait un \u00e0 un.\u00a0 Deux s\u00e9raphins aux ailes dor\u00e9es l'assistent dans cette t\u00e2che.\u00a0 Sous ses pieds, l'antique serpent que son c\u0153ur immacul\u00e9 terrasse.\u00a0 Sur le socle, l'inscription \"Marie qui d\u00e9fait les n\u0153uds. Elle est belle, elle est rassurante. C'est en 1700, que l'allemand Johann Melchior Schmidtner peint le tableau c\u00e9l\u00e8bre qui la repr\u00e9sente.\u00a0 Elle reste \u00e0 Munich, puis son image parcourt le monde, arrive en Argentine, et un cur\u00e9 \u00e9crit en 1998 une neuvaine qui fera le tour du monde : pour que Marie d\u00e9fasse les n\u0153uds qui entravent nos vies.\u00a0 Elle s'occupe des probl\u00e8mes de sant\u00e9, de famille, de logement, de travail, d'addictions ... Cette neuvaine fait le tour du monde et on peut accueillir chez soi pour une p\u00e9riode donn\u00e9e la statue itin\u00e9rante; les gens des quartiers ou des villages viennent alors la prier en communion avec la famille h\u00f4te. En achetant cette statue, n'oubliez pas de t\u00e9l\u00e9charger la pri\u00e8re que j'ai mise pour vous sur ce site, afin que vous puissiez \u00e0 votre tour, demander \u00e0 Marie de d\u00e9faire les n\u0153uds karmiques de votre destin\u00e9e.\u00a0 Si vous voulez le texte de la neuvaine, \u00e9crivez-moi.","og_url":"https:\/\/www.spirit-us.eu\/index.php\/produit\/marie-qui-defait-les-noeuds\/","og_site_name":"Spirit-US","article_publisher":"https:\/\/www.facebook.com\/spirit.us.deum","article_modified_time":"2025-12-20T09:19:03+00:00","og_image":[{"width":1080,"height":1080,"url":"https:\/\/www.spirit-us.eu\/wp-content\/uploads\/2025\/11\/noeuds-4.png","type":"image\/png"}],"twitter_card":"summary_large_image","twitter_misc":{"Dur\u00e9e de lecture estim\u00e9e":"1 minute"},"schema":{"@context":"https:\/\/schema.org","@graph":[{"@type":"WebPage","@id":"https:\/\/www.spirit-us.eu\/index.php\/produit\/marie-qui-defait-les-noeuds\/","url":"https:\/\/www.spirit-us.eu\/index.php\/produit\/marie-qui-defait-les-noeuds\/","name":"MARIE QUI DEFAIT LES N\u0152UDS - Spirit-US","isPartOf":{"@id":"https:\/\/www.spirit-us.eu\/#website"},"primaryImageOfPage":{"@id":"https:\/\/www.spirit-us.eu\/index.php\/produit\/marie-qui-defait-les-noeuds\/#primaryimage"},"image":{"@id":"https:\/\/www.spirit-us.eu\/index.php\/produit\/marie-qui-defait-les-noeuds\/#primaryimage"},"thumbnailUrl":"https:\/\/www.spirit-us.eu\/wp-content\/uploads\/2025\/11\/noeuds-4.png","datePublished":"2025-11-13T17:25:58+00:00","dateModified":"2025-12-20T09:19:03+00:00","breadcrumb":{"@id":"https:\/\/www.spirit-us.eu\/index.php\/produit\/marie-qui-defait-les-noeuds\/#breadcrumb"},"inLanguage":"fr-FR","potentialAction":[{"@type":"ReadAction","target":["https:\/\/www.spirit-us.eu\/index.php\/produit\/marie-qui-defait-les-noeuds\/"]}]},{"@type":"ImageObject","inLanguage":"fr-FR","@id":"https:\/\/www.spirit-us.eu\/index.php\/produit\/marie-qui-defait-les-noeuds\/#primaryimage","url":"https:\/\/www.spirit-us.eu\/wp-content\/uploads\/2025\/11\/noeuds-4.png","contentUrl":"https:\/\/www.spirit-us.eu\/wp-content\/uploads\/2025\/11\/noeuds-4.png","width":1080,"height":1080},{"@type":"BreadcrumbList","@id":"https:\/\/www.spirit-us.eu\/index.php\/produit\/marie-qui-defait-les-noeuds\/#breadcrumb","itemListElement":[{"@type":"ListItem","position":1,"name":"Accueil","item":"https:\/\/www.spirit-us.eu\/"},{"@type":"ListItem","position":2,"name":"Boutique","item":"https:\/\/www.spirit-us.eu\/index.php\/boutique\/"},{"@type":"ListItem","position":3,"name":"MARIE QUI DEFAIT LES N\u0152UDS"}]},{"@type":"WebSite","@id":"https:\/\/www.spirit-us.eu\/#website","url":"https:\/\/www.spirit-us.eu\/","name":"Spirit-US","description":"","publisher":{"@id":"https:\/\/www.spirit-us.eu\/#organization"},"potentialAction":[{"@type":"SearchAction","target":{"@type":"EntryPoint","urlTemplate":"https:\/\/www.spirit-us.eu\/?s={search_term_string}"},"query-input":{"@type":"PropertyValueSpecification","valueRequired":true,"valueName":"search_term_string"}}],"inLanguage":"fr-FR"},{"@type":"Organization","@id":"https:\/\/www.spirit-us.eu\/#organization","name":"Spirit-US","url":"https:\/\/www.spirit-us.eu\/","logo":{"@type":"ImageObject","inLanguage":"fr-FR","@id":"https:\/\/www.spirit-us.eu\/#\/schema\/logo\/image\/","url":"https:\/\/www.spirit-us.eu\/wp-content\/uploads\/2025\/11\/logo-regarde-linterlocutrice-sans-arrriere-plan.jpg","contentUrl":"https:\/\/www.spirit-us.eu\/wp-content\/uploads\/2025\/11\/logo-regarde-linterlocutrice-sans-arrriere-plan.jpg","width":1080,"height":1080,"caption":"Spirit-US"},"image":{"@id":"https:\/\/www.spirit-us.eu\/#\/schema\/logo\/image\/"},"sameAs":["https:\/\/www.facebook.com\/spirit.us.deum"]}]}},"jetpack_sharing_enabled":true,"_links":{"self":[{"href":"https:\/\/www.spirit-us.eu\/index.php\/wp-json\/wp\/v2\/product\/2492","targetHints":{"allow":["GET"]}}],"collection":[{"href":"https:\/\/www.spirit-us.eu\/index.php\/wp-json\/wp\/v2\/product"}],"about":[{"href":"https:\/\/www.spirit-us.eu\/index.php\/wp-json\/wp\/v2\/types\/product"}],"replies":[{"embeddable":true,"href":"https:\/\/www.spirit-us.eu\/index.php\/wp-json\/wp\/v2\/comments?post=2492"}],"wp:featuredmedia":[{"embeddable":true,"href":"https:\/\/www.spirit-us.eu\/index.php\/wp-json\/wp\/v2\/media\/2493"}],"wp:attachment":[{"href":"https:\/\/www.spirit-us.eu\/index.php\/wp-json\/wp\/v2\/media?parent=2492"}],"wp:term":[{"taxonomy":"product_brand","embeddable":true,"href":"https:\/\/www.spirit-us.eu\/index.php\/wp-json\/wp\/v2\/product_brand?post=2492"},{"taxonomy":"product_cat","embeddable":true,"href":"https:\/\/www.spirit-us.eu\/index.php\/wp-json\/wp\/v2\/product_cat?post=2492"},{"taxonomy":"product_tag","embeddable":true,"href":"https:\/\/www.spirit-us.eu\/index.php\/wp-json\/wp\/v2\/product_tag?post=2492"},{"taxonomy":"mwb_booking_cost","embeddable":true,"href":"https:\/\/www.spirit-us.eu\/index.php\/wp-json\/wp\/v2\/mwb_booking_cost?post=2492"},{"taxonomy":"mwb_booking_service","embeddable":true,"href":"https:\/\/www.spirit-us.eu\/index.php\/wp-json\/wp\/v2\/mwb_booking_service?post=2492"}],"curies":[{"name":"wp","href":"https:\/\/api.w.org\/{rel}","templated":true}]}}