{"id":2469,"date":"2025-11-13T10:47:17","date_gmt":"2025-11-13T09:47:17","guid":{"rendered":"https:\/\/www.spirit-us.eu\/?post_type=product&#038;p=2469"},"modified":"2025-12-17T14:44:48","modified_gmt":"2025-12-17T13:44:48","slug":"bijou-personnalise-7-chakras","status":"publish","type":"product","link":"https:\/\/www.spirit-us.eu\/index.php\/produit\/bijou-personnalise-7-chakras\/","title":{"rendered":"Bijou personnalis\u00e9 7 CHAKRAS"},"content":{"rendered":"<p><strong>Mat\u00e9riaux<\/strong> : m\u00e9tal argent\u00e9, verre blanc, pierres naturelles, li\u00e8ge<\/p>\n<p><strong>Longueur de la cha\u00eene : <\/strong>40 cm<\/p>\n<p><strong>Composition du bijou<\/strong> : mini bouteille baroque en verre blanc, ferm\u00e9e par un bouchon de li\u00e8ge, scell\u00e9e \u00e0 la cire, et remplie de pierres naturelles color\u00e9es<\/p>\n<ul>\n<li>vous pouvez commander ce bijou enti\u00e8rement manufactur\u00e9 pour travailler \u00e0 l&rsquo;ouverture et \u00e0 la purification des 7 chakras<\/li>\n<li>ou nous demander des pierres monochromes (par exemple, si vous souhaitez travailler le chakra racine, des pierres de jaspe rouge)<\/li>\n<li>ou demander un m\u00e9lange plus restreint : si vous souhaitez par exemple plus de vitalit\u00e9 (racine, rouge) et plus d&rsquo;\u00e9nergie (plexus, jaune), plus d&rsquo;amour (c\u0153ur , vert). Dans ce cas, nous personnalisons le m\u00e9lange de pierres selon vos souhaits.<\/li>\n<\/ul>\n<p><strong>Pr\u00e9sentation<\/strong>: livr\u00e9 dans un coffret adapt\u00e9 et protecteur<\/p>\n<p>Attention le bijou est fragile, il est fait de verre tr\u00e8s fin et requiert des pr\u00e9cautions lorsqu&rsquo;on s&rsquo;en sert.<\/p>\n","protected":false},"excerpt":{"rendered":"<p style=\"text-align: justify;\">Bijou adorable et discret \u00e0 prix tout doux et personnalisable.\u00a0 Le collier pr\u00e9sent\u00e9 porte un pendentif en verre transparent blanc, laissant appara\u00eetre les pierres dont il est compos\u00e9.\u00a0 Celui-ci est con\u00e7u pour un travail sur les 7 chakras et est donc rempli de 7 pierres diff\u00e9rentes : jaspe rouge, cornaline, citrine, aventurine verte, aigue marine, lapis lazuli et am\u00e9thyste.\u00a0 Il se marie avec toute tenue et se porte en toute circonstance; ou dans des situations particuli\u00e8res, comme lorsque vous d\u00e9diez un moment de votre vie \u00e0 l&rsquo;ouverture des chakras et \u00e0 leur purification. Nous avons remarqu\u00e9 que ce bijou peut se comporter comme un pendule &#8211; puissant d&rsquo;ailleurs.<\/p>\n","protected":false},"featured_media":2470,"comment_status":"open","ping_status":"closed","template":"","meta":[],"product_brand":[],"product_cat":[156,463,17],"product_tag":[188],"mwb_booking_cost":[],"mwb_booking_service":[],"class_list":{"0":"post-2469","1":"product","2":"type-product","3":"status-publish","4":"has-post-thumbnail","6":"product_cat-04-bijoux","7":"product_cat-pendentif","8":"product_cat-tous-les-produits","9":"product_tag-chakras-collection","11":"first","12":"instock","13":"shipping-taxable","14":"purchasable","15":"product-type-simple"},"yoast_head":"<!-- This site is optimized with the Yoast SEO plugin v27.1.1 - https:\/\/yoast.com\/product\/yoast-seo-wordpress\/ -->\n<title>Bijou personnalis\u00e9 7 CHAKRAS - Spirit-US<\/title>\n<meta name=\"robots\" content=\"index, follow, max-snippet:-1, max-image-preview:large, max-video-preview:-1\" \/>\n<link rel=\"canonical\" href=\"https:\/\/www.spirit-us.eu\/index.php\/produit\/bijou-personnalise-7-chakras\/\" \/>\n<meta property=\"og:locale\" content=\"fr_FR\" \/>\n<meta property=\"og:type\" content=\"article\" \/>\n<meta property=\"og:title\" content=\"Bijou personnalis\u00e9 7 CHAKRAS - Spirit-US\" \/>\n<meta property=\"og:description\" content=\"Bijou adorable et discret \u00e0 prix tout doux et personnalisable.\u00a0 Le collier pr\u00e9sent\u00e9 porte un pendentif en verre transparent blanc, laissant appara\u00eetre les pierres dont il est compos\u00e9.\u00a0 Celui-ci est con\u00e7u pour un travail sur les 7 chakras et est donc rempli de 7 pierres diff\u00e9rentes : jaspe rouge, cornaline, citrine, aventurine verte, aigue marine, lapis lazuli et am\u00e9thyste.\u00a0 Il se marie avec toute tenue et se porte en toute circonstance; ou dans des situations particuli\u00e8res, comme lorsque vous d\u00e9diez un moment de votre vie \u00e0 l&#039;ouverture des chakras et \u00e0 leur purification. Nous avons remarqu\u00e9 que ce bijou peut se comporter comme un pendule - puissant d&#039;ailleurs.\" \/>\n<meta property=\"og:url\" content=\"https:\/\/www.spirit-us.eu\/index.php\/produit\/bijou-personnalise-7-chakras\/\" \/>\n<meta property=\"og:site_name\" content=\"Spirit-US\" \/>\n<meta property=\"article:publisher\" content=\"https:\/\/www.facebook.com\/spirit.us.deum\" \/>\n<meta property=\"article:modified_time\" content=\"2025-12-17T13:44:48+00:00\" \/>\n<meta property=\"og:image\" content=\"https:\/\/www.spirit-us.eu\/wp-content\/uploads\/2025\/11\/bouteille-7-chakras-scaled.jpg\" \/>\n\t<meta property=\"og:image:width\" content=\"2390\" \/>\n\t<meta property=\"og:image:height\" content=\"2560\" \/>\n\t<meta property=\"og:image:type\" content=\"image\/jpeg\" \/>\n<meta name=\"twitter:card\" content=\"summary_large_image\" \/>\n<meta name=\"twitter:label1\" content=\"Dur\u00e9e de lecture estim\u00e9e\" \/>\n\t<meta name=\"twitter:data1\" content=\"1 minute\" \/>\n<script type=\"application\/ld+json\" class=\"yoast-schema-graph\">{\"@context\":\"https:\/\/schema.org\",\"@graph\":[{\"@type\":\"WebPage\",\"@id\":\"https:\/\/www.spirit-us.eu\/index.php\/produit\/bijou-personnalise-7-chakras\/\",\"url\":\"https:\/\/www.spirit-us.eu\/index.php\/produit\/bijou-personnalise-7-chakras\/\",\"name\":\"Bijou personnalis\u00e9 7 CHAKRAS - Spirit-US\",\"isPartOf\":{\"@id\":\"https:\/\/www.spirit-us.eu\/#website\"},\"primaryImageOfPage\":{\"@id\":\"https:\/\/www.spirit-us.eu\/index.php\/produit\/bijou-personnalise-7-chakras\/#primaryimage\"},\"image\":{\"@id\":\"https:\/\/www.spirit-us.eu\/index.php\/produit\/bijou-personnalise-7-chakras\/#primaryimage\"},\"thumbnailUrl\":\"https:\/\/www.spirit-us.eu\/wp-content\/uploads\/2025\/11\/bouteille-7-chakras-scaled.jpg\",\"datePublished\":\"2025-11-13T09:47:17+00:00\",\"dateModified\":\"2025-12-17T13:44:48+00:00\",\"breadcrumb\":{\"@id\":\"https:\/\/www.spirit-us.eu\/index.php\/produit\/bijou-personnalise-7-chakras\/#breadcrumb\"},\"inLanguage\":\"fr-FR\",\"potentialAction\":[{\"@type\":\"ReadAction\",\"target\":[\"https:\/\/www.spirit-us.eu\/index.php\/produit\/bijou-personnalise-7-chakras\/\"]}]},{\"@type\":\"ImageObject\",\"inLanguage\":\"fr-FR\",\"@id\":\"https:\/\/www.spirit-us.eu\/index.php\/produit\/bijou-personnalise-7-chakras\/#primaryimage\",\"url\":\"https:\/\/www.spirit-us.eu\/wp-content\/uploads\/2025\/11\/bouteille-7-chakras-scaled.jpg\",\"contentUrl\":\"https:\/\/www.spirit-us.eu\/wp-content\/uploads\/2025\/11\/bouteille-7-chakras-scaled.jpg\",\"width\":2390,\"height\":2560},{\"@type\":\"BreadcrumbList\",\"@id\":\"https:\/\/www.spirit-us.eu\/index.php\/produit\/bijou-personnalise-7-chakras\/#breadcrumb\",\"itemListElement\":[{\"@type\":\"ListItem\",\"position\":1,\"name\":\"Accueil\",\"item\":\"https:\/\/www.spirit-us.eu\/\"},{\"@type\":\"ListItem\",\"position\":2,\"name\":\"Boutique\",\"item\":\"https:\/\/www.spirit-us.eu\/index.php\/boutique\/\"},{\"@type\":\"ListItem\",\"position\":3,\"name\":\"Bijou personnalis\u00e9 7 CHAKRAS\"}]},{\"@type\":\"WebSite\",\"@id\":\"https:\/\/www.spirit-us.eu\/#website\",\"url\":\"https:\/\/www.spirit-us.eu\/\",\"name\":\"Spirit-US\",\"description\":\"\",\"publisher\":{\"@id\":\"https:\/\/www.spirit-us.eu\/#organization\"},\"potentialAction\":[{\"@type\":\"SearchAction\",\"target\":{\"@type\":\"EntryPoint\",\"urlTemplate\":\"https:\/\/www.spirit-us.eu\/?s={search_term_string}\"},\"query-input\":{\"@type\":\"PropertyValueSpecification\",\"valueRequired\":true,\"valueName\":\"search_term_string\"}}],\"inLanguage\":\"fr-FR\"},{\"@type\":\"Organization\",\"@id\":\"https:\/\/www.spirit-us.eu\/#organization\",\"name\":\"Spirit-US\",\"url\":\"https:\/\/www.spirit-us.eu\/\",\"logo\":{\"@type\":\"ImageObject\",\"inLanguage\":\"fr-FR\",\"@id\":\"https:\/\/www.spirit-us.eu\/#\/schema\/logo\/image\/\",\"url\":\"https:\/\/www.spirit-us.eu\/wp-content\/uploads\/2025\/11\/logo-regarde-linterlocutrice-sans-arrriere-plan.jpg\",\"contentUrl\":\"https:\/\/www.spirit-us.eu\/wp-content\/uploads\/2025\/11\/logo-regarde-linterlocutrice-sans-arrriere-plan.jpg\",\"width\":1080,\"height\":1080,\"caption\":\"Spirit-US\"},\"image\":{\"@id\":\"https:\/\/www.spirit-us.eu\/#\/schema\/logo\/image\/\"},\"sameAs\":[\"https:\/\/www.facebook.com\/spirit.us.deum\"]}]}<\/script>\n<!-- \/ Yoast SEO plugin. -->","yoast_head_json":{"title":"Bijou personnalis\u00e9 7 CHAKRAS - Spirit-US","robots":{"index":"index","follow":"follow","max-snippet":"max-snippet:-1","max-image-preview":"max-image-preview:large","max-video-preview":"max-video-preview:-1"},"canonical":"https:\/\/www.spirit-us.eu\/index.php\/produit\/bijou-personnalise-7-chakras\/","og_locale":"fr_FR","og_type":"article","og_title":"Bijou personnalis\u00e9 7 CHAKRAS - Spirit-US","og_description":"Bijou adorable et discret \u00e0 prix tout doux et personnalisable.\u00a0 Le collier pr\u00e9sent\u00e9 porte un pendentif en verre transparent blanc, laissant appara\u00eetre les pierres dont il est compos\u00e9.\u00a0 Celui-ci est con\u00e7u pour un travail sur les 7 chakras et est donc rempli de 7 pierres diff\u00e9rentes : jaspe rouge, cornaline, citrine, aventurine verte, aigue marine, lapis lazuli et am\u00e9thyste.\u00a0 Il se marie avec toute tenue et se porte en toute circonstance; ou dans des situations particuli\u00e8res, comme lorsque vous d\u00e9diez un moment de votre vie \u00e0 l'ouverture des chakras et \u00e0 leur purification. Nous avons remarqu\u00e9 que ce bijou peut se comporter comme un pendule - puissant d'ailleurs.","og_url":"https:\/\/www.spirit-us.eu\/index.php\/produit\/bijou-personnalise-7-chakras\/","og_site_name":"Spirit-US","article_publisher":"https:\/\/www.facebook.com\/spirit.us.deum","article_modified_time":"2025-12-17T13:44:48+00:00","og_image":[{"width":2390,"height":2560,"url":"https:\/\/www.spirit-us.eu\/wp-content\/uploads\/2025\/11\/bouteille-7-chakras-scaled.jpg","type":"image\/jpeg"}],"twitter_card":"summary_large_image","twitter_misc":{"Dur\u00e9e de lecture estim\u00e9e":"1 minute"},"schema":{"@context":"https:\/\/schema.org","@graph":[{"@type":"WebPage","@id":"https:\/\/www.spirit-us.eu\/index.php\/produit\/bijou-personnalise-7-chakras\/","url":"https:\/\/www.spirit-us.eu\/index.php\/produit\/bijou-personnalise-7-chakras\/","name":"Bijou personnalis\u00e9 7 CHAKRAS - Spirit-US","isPartOf":{"@id":"https:\/\/www.spirit-us.eu\/#website"},"primaryImageOfPage":{"@id":"https:\/\/www.spirit-us.eu\/index.php\/produit\/bijou-personnalise-7-chakras\/#primaryimage"},"image":{"@id":"https:\/\/www.spirit-us.eu\/index.php\/produit\/bijou-personnalise-7-chakras\/#primaryimage"},"thumbnailUrl":"https:\/\/www.spirit-us.eu\/wp-content\/uploads\/2025\/11\/bouteille-7-chakras-scaled.jpg","datePublished":"2025-11-13T09:47:17+00:00","dateModified":"2025-12-17T13:44:48+00:00","breadcrumb":{"@id":"https:\/\/www.spirit-us.eu\/index.php\/produit\/bijou-personnalise-7-chakras\/#breadcrumb"},"inLanguage":"fr-FR","potentialAction":[{"@type":"ReadAction","target":["https:\/\/www.spirit-us.eu\/index.php\/produit\/bijou-personnalise-7-chakras\/"]}]},{"@type":"ImageObject","inLanguage":"fr-FR","@id":"https:\/\/www.spirit-us.eu\/index.php\/produit\/bijou-personnalise-7-chakras\/#primaryimage","url":"https:\/\/www.spirit-us.eu\/wp-content\/uploads\/2025\/11\/bouteille-7-chakras-scaled.jpg","contentUrl":"https:\/\/www.spirit-us.eu\/wp-content\/uploads\/2025\/11\/bouteille-7-chakras-scaled.jpg","width":2390,"height":2560},{"@type":"BreadcrumbList","@id":"https:\/\/www.spirit-us.eu\/index.php\/produit\/bijou-personnalise-7-chakras\/#breadcrumb","itemListElement":[{"@type":"ListItem","position":1,"name":"Accueil","item":"https:\/\/www.spirit-us.eu\/"},{"@type":"ListItem","position":2,"name":"Boutique","item":"https:\/\/www.spirit-us.eu\/index.php\/boutique\/"},{"@type":"ListItem","position":3,"name":"Bijou personnalis\u00e9 7 CHAKRAS"}]},{"@type":"WebSite","@id":"https:\/\/www.spirit-us.eu\/#website","url":"https:\/\/www.spirit-us.eu\/","name":"Spirit-US","description":"","publisher":{"@id":"https:\/\/www.spirit-us.eu\/#organization"},"potentialAction":[{"@type":"SearchAction","target":{"@type":"EntryPoint","urlTemplate":"https:\/\/www.spirit-us.eu\/?s={search_term_string}"},"query-input":{"@type":"PropertyValueSpecification","valueRequired":true,"valueName":"search_term_string"}}],"inLanguage":"fr-FR"},{"@type":"Organization","@id":"https:\/\/www.spirit-us.eu\/#organization","name":"Spirit-US","url":"https:\/\/www.spirit-us.eu\/","logo":{"@type":"ImageObject","inLanguage":"fr-FR","@id":"https:\/\/www.spirit-us.eu\/#\/schema\/logo\/image\/","url":"https:\/\/www.spirit-us.eu\/wp-content\/uploads\/2025\/11\/logo-regarde-linterlocutrice-sans-arrriere-plan.jpg","contentUrl":"https:\/\/www.spirit-us.eu\/wp-content\/uploads\/2025\/11\/logo-regarde-linterlocutrice-sans-arrriere-plan.jpg","width":1080,"height":1080,"caption":"Spirit-US"},"image":{"@id":"https:\/\/www.spirit-us.eu\/#\/schema\/logo\/image\/"},"sameAs":["https:\/\/www.facebook.com\/spirit.us.deum"]}]}},"jetpack_sharing_enabled":true,"_links":{"self":[{"href":"https:\/\/www.spirit-us.eu\/index.php\/wp-json\/wp\/v2\/product\/2469","targetHints":{"allow":["GET"]}}],"collection":[{"href":"https:\/\/www.spirit-us.eu\/index.php\/wp-json\/wp\/v2\/product"}],"about":[{"href":"https:\/\/www.spirit-us.eu\/index.php\/wp-json\/wp\/v2\/types\/product"}],"replies":[{"embeddable":true,"href":"https:\/\/www.spirit-us.eu\/index.php\/wp-json\/wp\/v2\/comments?post=2469"}],"wp:featuredmedia":[{"embeddable":true,"href":"https:\/\/www.spirit-us.eu\/index.php\/wp-json\/wp\/v2\/media\/2470"}],"wp:attachment":[{"href":"https:\/\/www.spirit-us.eu\/index.php\/wp-json\/wp\/v2\/media?parent=2469"}],"wp:term":[{"taxonomy":"product_brand","embeddable":true,"href":"https:\/\/www.spirit-us.eu\/index.php\/wp-json\/wp\/v2\/product_brand?post=2469"},{"taxonomy":"product_cat","embeddable":true,"href":"https:\/\/www.spirit-us.eu\/index.php\/wp-json\/wp\/v2\/product_cat?post=2469"},{"taxonomy":"product_tag","embeddable":true,"href":"https:\/\/www.spirit-us.eu\/index.php\/wp-json\/wp\/v2\/product_tag?post=2469"},{"taxonomy":"mwb_booking_cost","embeddable":true,"href":"https:\/\/www.spirit-us.eu\/index.php\/wp-json\/wp\/v2\/mwb_booking_cost?post=2469"},{"taxonomy":"mwb_booking_service","embeddable":true,"href":"https:\/\/www.spirit-us.eu\/index.php\/wp-json\/wp\/v2\/mwb_booking_service?post=2469"}],"curies":[{"name":"wp","href":"https:\/\/api.w.org\/{rel}","templated":true}]}}