{"id":2456,"date":"2025-11-13T09:39:31","date_gmt":"2025-11-13T08:39:31","guid":{"rendered":"https:\/\/www.spirit-us.eu\/?post_type=product&#038;p=2456"},"modified":"2025-12-17T10:42:18","modified_gmt":"2025-12-17T09:42:18","slug":"bracelet-baroque-en-grenat","status":"publish","type":"product","link":"https:\/\/www.spirit-us.eu\/index.php\/produit\/bracelet-baroque-en-grenat\/","title":{"rendered":"BRACELET BAROQUE en GRENAT"},"content":{"rendered":"<p><strong>Pr\u00e9sentation\u00a0: <\/strong>bijou livr\u00e9 dans une jolie pochette de couleur proche de celle des pierres naturelles composant le bracelet et en fonction du stock<\/p>\n<p><strong>Type<\/strong> :\u00a0\u00a0bracelet simple en pierres naturelles<\/p>\n<p><strong>De facture 100% artisanale<\/strong><\/p>\n<p><strong>Pierre(s) naturelles<\/strong> : grenat<\/p>\n<p><strong>Qualit\u00e9<\/strong> : AA (Tr\u00e8s \u00e9lev\u00e9e)<\/p>\n<p><strong>Couleur <\/strong>: rouge bordeaux, rouge fonc\u00e9 chatoyant et translucide<\/p>\n<p><strong>Apparence<\/strong> : baroques \/ polies<\/p>\n<p><strong>Taille des perles :\u00a0<\/strong>0,5 mm \u00e0 1 cm (longueur)<\/p>\n<p><strong>Tour de poignet<\/strong>\u00a0: 18-22\u00a0 cm<\/p>\n<p>La taille des perles peut varier, car elles sont fabriqu\u00e9es de fa\u00e7on artisanale, ce qui explique que leur taille puisse varier.<\/p>\n<p><strong>Montage<\/strong>\u00a0: fil \u00e9lastique nylon 0,8mm transparent ou color\u00e9 selon la couleur dominante des pierres du bracelet<\/p>\n<p>Photos tous droits r\u00e9serv\u00e9s.<\/p>\n<p>Vendu \u00e0 la pi\u00e8ce, si vous souhaitez potentialiser les effets de ce bijou, en ajoutant une pi\u00e8ce ou deux, la 3<sup>\u00e8me est OFFERTE.<\/sup><\/p>\n<p>&nbsp;<\/p>\n<p>&nbsp;<\/p>\n","protected":false},"excerpt":{"rendered":"<p style=\"text-align: justify;\">Offrez-vous \u2013 ou offrez \u00e0 quelqu\u2019un que vous aimez ce magnifique bracelet, discret, d&rsquo;une belle couleur puissante. En lithoth\u00e9rapie, le grenat est r\u00e9put\u00e9 pour ses vertus dynamisantes, apportant joie de vivre, courage, force et confiance en soi. Sur le plan physique, il est associ\u00e9 \u00e0 la vitalit\u00e9, \u00e0 la bonne circulation sanguine et \u00e0 la purification du sang, tout en pouvant soulager les douleurs. Il est aussi joie et \u00e9nergie : ne r\u00e9sistez pas \u00e0 ce bracelet magnifique qui se suffit \u00e0 lui-m\u00eame. Ce bracelet est compos\u00e9 de perles baroques irr\u00e9guli\u00e8res qui donnent une touche boh\u00e8me chic \u00e0 votre poignet.<\/p>\n","protected":false},"featured_media":2457,"comment_status":"open","ping_status":"closed","template":"","meta":[],"product_brand":[],"product_cat":[156,460,17],"product_tag":[350,363,289],"mwb_booking_cost":[],"mwb_booking_service":[],"class_list":{"0":"post-2456","1":"product","2":"type-product","3":"status-publish","4":"has-post-thumbnail","6":"product_cat-04-bijoux","7":"product_cat-bracelets","8":"product_cat-tous-les-produits","9":"product_tag-harmonisation","10":"product_tag-joie","11":"product_tag-vitalite","13":"first","14":"instock","15":"shipping-taxable","16":"purchasable","17":"product-type-simple"},"yoast_head":"<!-- This site is optimized with the Yoast SEO plugin v27.1.1 - https:\/\/yoast.com\/product\/yoast-seo-wordpress\/ -->\n<title>BRACELET BAROQUE en GRENAT - Spirit-US<\/title>\n<meta name=\"robots\" content=\"index, follow, max-snippet:-1, max-image-preview:large, max-video-preview:-1\" \/>\n<link rel=\"canonical\" href=\"https:\/\/www.spirit-us.eu\/index.php\/produit\/bracelet-baroque-en-grenat\/\" \/>\n<meta property=\"og:locale\" content=\"fr_FR\" \/>\n<meta property=\"og:type\" content=\"article\" \/>\n<meta property=\"og:title\" content=\"BRACELET BAROQUE en GRENAT - Spirit-US\" \/>\n<meta property=\"og:description\" content=\"Offrez-vous \u2013 ou offrez \u00e0 quelqu\u2019un que vous aimez ce magnifique bracelet, discret, d&#039;une belle couleur puissante. En lithoth\u00e9rapie, le grenat est r\u00e9put\u00e9 pour ses vertus dynamisantes, apportant joie de vivre, courage, force et confiance en soi. Sur le plan physique, il est associ\u00e9 \u00e0 la vitalit\u00e9, \u00e0 la bonne circulation sanguine et \u00e0 la purification du sang, tout en pouvant soulager les douleurs. Il est aussi joie et \u00e9nergie : ne r\u00e9sistez pas \u00e0 ce bracelet magnifique qui se suffit \u00e0 lui-m\u00eame. Ce bracelet est compos\u00e9 de perles baroques irr\u00e9guli\u00e8res qui donnent une touche boh\u00e8me chic \u00e0 votre poignet.\" \/>\n<meta property=\"og:url\" content=\"https:\/\/www.spirit-us.eu\/index.php\/produit\/bracelet-baroque-en-grenat\/\" \/>\n<meta property=\"og:site_name\" content=\"Spirit-US\" \/>\n<meta property=\"article:publisher\" content=\"https:\/\/www.facebook.com\/spirit.us.deum\" \/>\n<meta property=\"article:modified_time\" content=\"2025-12-17T09:42:18+00:00\" \/>\n<meta property=\"og:image\" content=\"https:\/\/www.spirit-us.eu\/wp-content\/uploads\/2025\/11\/bracelet-grenat-baroque-scaled.jpg\" \/>\n\t<meta property=\"og:image:width\" content=\"2356\" \/>\n\t<meta property=\"og:image:height\" content=\"2560\" \/>\n\t<meta property=\"og:image:type\" content=\"image\/jpeg\" \/>\n<meta name=\"twitter:card\" content=\"summary_large_image\" \/>\n<meta name=\"twitter:label1\" content=\"Dur\u00e9e de lecture estim\u00e9e\" \/>\n\t<meta name=\"twitter:data1\" content=\"1 minute\" \/>\n<script type=\"application\/ld+json\" class=\"yoast-schema-graph\">{\"@context\":\"https:\/\/schema.org\",\"@graph\":[{\"@type\":\"WebPage\",\"@id\":\"https:\/\/www.spirit-us.eu\/index.php\/produit\/bracelet-baroque-en-grenat\/\",\"url\":\"https:\/\/www.spirit-us.eu\/index.php\/produit\/bracelet-baroque-en-grenat\/\",\"name\":\"BRACELET BAROQUE en GRENAT - Spirit-US\",\"isPartOf\":{\"@id\":\"https:\/\/www.spirit-us.eu\/#website\"},\"primaryImageOfPage\":{\"@id\":\"https:\/\/www.spirit-us.eu\/index.php\/produit\/bracelet-baroque-en-grenat\/#primaryimage\"},\"image\":{\"@id\":\"https:\/\/www.spirit-us.eu\/index.php\/produit\/bracelet-baroque-en-grenat\/#primaryimage\"},\"thumbnailUrl\":\"https:\/\/www.spirit-us.eu\/wp-content\/uploads\/2025\/11\/bracelet-grenat-baroque-scaled.jpg\",\"datePublished\":\"2025-11-13T08:39:31+00:00\",\"dateModified\":\"2025-12-17T09:42:18+00:00\",\"breadcrumb\":{\"@id\":\"https:\/\/www.spirit-us.eu\/index.php\/produit\/bracelet-baroque-en-grenat\/#breadcrumb\"},\"inLanguage\":\"fr-FR\",\"potentialAction\":[{\"@type\":\"ReadAction\",\"target\":[\"https:\/\/www.spirit-us.eu\/index.php\/produit\/bracelet-baroque-en-grenat\/\"]}]},{\"@type\":\"ImageObject\",\"inLanguage\":\"fr-FR\",\"@id\":\"https:\/\/www.spirit-us.eu\/index.php\/produit\/bracelet-baroque-en-grenat\/#primaryimage\",\"url\":\"https:\/\/www.spirit-us.eu\/wp-content\/uploads\/2025\/11\/bracelet-grenat-baroque-scaled.jpg\",\"contentUrl\":\"https:\/\/www.spirit-us.eu\/wp-content\/uploads\/2025\/11\/bracelet-grenat-baroque-scaled.jpg\",\"width\":2356,\"height\":2560},{\"@type\":\"BreadcrumbList\",\"@id\":\"https:\/\/www.spirit-us.eu\/index.php\/produit\/bracelet-baroque-en-grenat\/#breadcrumb\",\"itemListElement\":[{\"@type\":\"ListItem\",\"position\":1,\"name\":\"Accueil\",\"item\":\"https:\/\/www.spirit-us.eu\/\"},{\"@type\":\"ListItem\",\"position\":2,\"name\":\"Boutique\",\"item\":\"https:\/\/www.spirit-us.eu\/index.php\/boutique\/\"},{\"@type\":\"ListItem\",\"position\":3,\"name\":\"BRACELET BAROQUE en GRENAT\"}]},{\"@type\":\"WebSite\",\"@id\":\"https:\/\/www.spirit-us.eu\/#website\",\"url\":\"https:\/\/www.spirit-us.eu\/\",\"name\":\"Spirit-US\",\"description\":\"\",\"publisher\":{\"@id\":\"https:\/\/www.spirit-us.eu\/#organization\"},\"potentialAction\":[{\"@type\":\"SearchAction\",\"target\":{\"@type\":\"EntryPoint\",\"urlTemplate\":\"https:\/\/www.spirit-us.eu\/?s={search_term_string}\"},\"query-input\":{\"@type\":\"PropertyValueSpecification\",\"valueRequired\":true,\"valueName\":\"search_term_string\"}}],\"inLanguage\":\"fr-FR\"},{\"@type\":\"Organization\",\"@id\":\"https:\/\/www.spirit-us.eu\/#organization\",\"name\":\"Spirit-US\",\"url\":\"https:\/\/www.spirit-us.eu\/\",\"logo\":{\"@type\":\"ImageObject\",\"inLanguage\":\"fr-FR\",\"@id\":\"https:\/\/www.spirit-us.eu\/#\/schema\/logo\/image\/\",\"url\":\"https:\/\/www.spirit-us.eu\/wp-content\/uploads\/2025\/11\/logo-regarde-linterlocutrice-sans-arrriere-plan.jpg\",\"contentUrl\":\"https:\/\/www.spirit-us.eu\/wp-content\/uploads\/2025\/11\/logo-regarde-linterlocutrice-sans-arrriere-plan.jpg\",\"width\":1080,\"height\":1080,\"caption\":\"Spirit-US\"},\"image\":{\"@id\":\"https:\/\/www.spirit-us.eu\/#\/schema\/logo\/image\/\"},\"sameAs\":[\"https:\/\/www.facebook.com\/spirit.us.deum\"]}]}<\/script>\n<!-- \/ Yoast SEO plugin. -->","yoast_head_json":{"title":"BRACELET BAROQUE en GRENAT - Spirit-US","robots":{"index":"index","follow":"follow","max-snippet":"max-snippet:-1","max-image-preview":"max-image-preview:large","max-video-preview":"max-video-preview:-1"},"canonical":"https:\/\/www.spirit-us.eu\/index.php\/produit\/bracelet-baroque-en-grenat\/","og_locale":"fr_FR","og_type":"article","og_title":"BRACELET BAROQUE en GRENAT - Spirit-US","og_description":"Offrez-vous \u2013 ou offrez \u00e0 quelqu\u2019un que vous aimez ce magnifique bracelet, discret, d'une belle couleur puissante. En lithoth\u00e9rapie, le grenat est r\u00e9put\u00e9 pour ses vertus dynamisantes, apportant joie de vivre, courage, force et confiance en soi. Sur le plan physique, il est associ\u00e9 \u00e0 la vitalit\u00e9, \u00e0 la bonne circulation sanguine et \u00e0 la purification du sang, tout en pouvant soulager les douleurs. Il est aussi joie et \u00e9nergie : ne r\u00e9sistez pas \u00e0 ce bracelet magnifique qui se suffit \u00e0 lui-m\u00eame. Ce bracelet est compos\u00e9 de perles baroques irr\u00e9guli\u00e8res qui donnent une touche boh\u00e8me chic \u00e0 votre poignet.","og_url":"https:\/\/www.spirit-us.eu\/index.php\/produit\/bracelet-baroque-en-grenat\/","og_site_name":"Spirit-US","article_publisher":"https:\/\/www.facebook.com\/spirit.us.deum","article_modified_time":"2025-12-17T09:42:18+00:00","og_image":[{"width":2356,"height":2560,"url":"https:\/\/www.spirit-us.eu\/wp-content\/uploads\/2025\/11\/bracelet-grenat-baroque-scaled.jpg","type":"image\/jpeg"}],"twitter_card":"summary_large_image","twitter_misc":{"Dur\u00e9e de lecture estim\u00e9e":"1 minute"},"schema":{"@context":"https:\/\/schema.org","@graph":[{"@type":"WebPage","@id":"https:\/\/www.spirit-us.eu\/index.php\/produit\/bracelet-baroque-en-grenat\/","url":"https:\/\/www.spirit-us.eu\/index.php\/produit\/bracelet-baroque-en-grenat\/","name":"BRACELET BAROQUE en GRENAT - Spirit-US","isPartOf":{"@id":"https:\/\/www.spirit-us.eu\/#website"},"primaryImageOfPage":{"@id":"https:\/\/www.spirit-us.eu\/index.php\/produit\/bracelet-baroque-en-grenat\/#primaryimage"},"image":{"@id":"https:\/\/www.spirit-us.eu\/index.php\/produit\/bracelet-baroque-en-grenat\/#primaryimage"},"thumbnailUrl":"https:\/\/www.spirit-us.eu\/wp-content\/uploads\/2025\/11\/bracelet-grenat-baroque-scaled.jpg","datePublished":"2025-11-13T08:39:31+00:00","dateModified":"2025-12-17T09:42:18+00:00","breadcrumb":{"@id":"https:\/\/www.spirit-us.eu\/index.php\/produit\/bracelet-baroque-en-grenat\/#breadcrumb"},"inLanguage":"fr-FR","potentialAction":[{"@type":"ReadAction","target":["https:\/\/www.spirit-us.eu\/index.php\/produit\/bracelet-baroque-en-grenat\/"]}]},{"@type":"ImageObject","inLanguage":"fr-FR","@id":"https:\/\/www.spirit-us.eu\/index.php\/produit\/bracelet-baroque-en-grenat\/#primaryimage","url":"https:\/\/www.spirit-us.eu\/wp-content\/uploads\/2025\/11\/bracelet-grenat-baroque-scaled.jpg","contentUrl":"https:\/\/www.spirit-us.eu\/wp-content\/uploads\/2025\/11\/bracelet-grenat-baroque-scaled.jpg","width":2356,"height":2560},{"@type":"BreadcrumbList","@id":"https:\/\/www.spirit-us.eu\/index.php\/produit\/bracelet-baroque-en-grenat\/#breadcrumb","itemListElement":[{"@type":"ListItem","position":1,"name":"Accueil","item":"https:\/\/www.spirit-us.eu\/"},{"@type":"ListItem","position":2,"name":"Boutique","item":"https:\/\/www.spirit-us.eu\/index.php\/boutique\/"},{"@type":"ListItem","position":3,"name":"BRACELET BAROQUE en GRENAT"}]},{"@type":"WebSite","@id":"https:\/\/www.spirit-us.eu\/#website","url":"https:\/\/www.spirit-us.eu\/","name":"Spirit-US","description":"","publisher":{"@id":"https:\/\/www.spirit-us.eu\/#organization"},"potentialAction":[{"@type":"SearchAction","target":{"@type":"EntryPoint","urlTemplate":"https:\/\/www.spirit-us.eu\/?s={search_term_string}"},"query-input":{"@type":"PropertyValueSpecification","valueRequired":true,"valueName":"search_term_string"}}],"inLanguage":"fr-FR"},{"@type":"Organization","@id":"https:\/\/www.spirit-us.eu\/#organization","name":"Spirit-US","url":"https:\/\/www.spirit-us.eu\/","logo":{"@type":"ImageObject","inLanguage":"fr-FR","@id":"https:\/\/www.spirit-us.eu\/#\/schema\/logo\/image\/","url":"https:\/\/www.spirit-us.eu\/wp-content\/uploads\/2025\/11\/logo-regarde-linterlocutrice-sans-arrriere-plan.jpg","contentUrl":"https:\/\/www.spirit-us.eu\/wp-content\/uploads\/2025\/11\/logo-regarde-linterlocutrice-sans-arrriere-plan.jpg","width":1080,"height":1080,"caption":"Spirit-US"},"image":{"@id":"https:\/\/www.spirit-us.eu\/#\/schema\/logo\/image\/"},"sameAs":["https:\/\/www.facebook.com\/spirit.us.deum"]}]}},"jetpack_sharing_enabled":true,"_links":{"self":[{"href":"https:\/\/www.spirit-us.eu\/index.php\/wp-json\/wp\/v2\/product\/2456","targetHints":{"allow":["GET"]}}],"collection":[{"href":"https:\/\/www.spirit-us.eu\/index.php\/wp-json\/wp\/v2\/product"}],"about":[{"href":"https:\/\/www.spirit-us.eu\/index.php\/wp-json\/wp\/v2\/types\/product"}],"replies":[{"embeddable":true,"href":"https:\/\/www.spirit-us.eu\/index.php\/wp-json\/wp\/v2\/comments?post=2456"}],"wp:featuredmedia":[{"embeddable":true,"href":"https:\/\/www.spirit-us.eu\/index.php\/wp-json\/wp\/v2\/media\/2457"}],"wp:attachment":[{"href":"https:\/\/www.spirit-us.eu\/index.php\/wp-json\/wp\/v2\/media?parent=2456"}],"wp:term":[{"taxonomy":"product_brand","embeddable":true,"href":"https:\/\/www.spirit-us.eu\/index.php\/wp-json\/wp\/v2\/product_brand?post=2456"},{"taxonomy":"product_cat","embeddable":true,"href":"https:\/\/www.spirit-us.eu\/index.php\/wp-json\/wp\/v2\/product_cat?post=2456"},{"taxonomy":"product_tag","embeddable":true,"href":"https:\/\/www.spirit-us.eu\/index.php\/wp-json\/wp\/v2\/product_tag?post=2456"},{"taxonomy":"mwb_booking_cost","embeddable":true,"href":"https:\/\/www.spirit-us.eu\/index.php\/wp-json\/wp\/v2\/mwb_booking_cost?post=2456"},{"taxonomy":"mwb_booking_service","embeddable":true,"href":"https:\/\/www.spirit-us.eu\/index.php\/wp-json\/wp\/v2\/mwb_booking_service?post=2456"}],"curies":[{"name":"wp","href":"https:\/\/api.w.org\/{rel}","templated":true}]}}