{"id":2450,"date":"2025-11-13T08:53:24","date_gmt":"2025-11-13T07:53:24","guid":{"rendered":"https:\/\/www.spirit-us.eu\/?post_type=product&#038;p=2450"},"modified":"2025-12-17T14:44:57","modified_gmt":"2025-12-17T13:44:57","slug":"collier-cercle-dhematite-magnetisme-attraction-du-bien","status":"publish","type":"product","link":"https:\/\/www.spirit-us.eu\/index.php\/produit\/collier-cercle-dhematite-magnetisme-attraction-du-bien\/","title":{"rendered":"Collier : cercle d&rsquo;HEMATITE (magn\u00e9tisme &#038; attraction du Bien)"},"content":{"rendered":"<p><strong>Mat\u00e9riaux\u00a0<\/strong>: pierres naturelles &#8211; h\u00e9matite<\/p>\n<p><strong>Dimensions<\/strong> :<\/p>\n<ul>\n<li>longueur du lacet (noir avec fermoir en m\u00e9tal dor\u00e9) 50 cm<\/li>\n<li>diam\u00e8tre de la pierre 3 cm<\/li>\n<\/ul>\n<p><strong>Motif<\/strong> : cercle perfor\u00e9 en son milieu<\/p>\n<p><strong>Couleurs<\/strong> : noir brillant<\/p>\n<p><strong>Pr\u00e9sentation<\/strong> : livr\u00e9 dans une pochette avec ou sans lacet (noir) \u00e0 la demande<\/p>\n<p>Produit 100% manufactur\u00e9<\/p>\n","protected":false},"excerpt":{"rendered":"<p>Nous utilisons des objets ou des bijoux en h\u00e9matite lorsque nous voulons renforcer notre magn\u00e9tisme naturel. Un bijou port\u00e9 en permanence sur soi, ou des \u00e9l\u00e9ments plac\u00e9s sur certains chakras lors d&rsquo;exercices visant \u00e0 potentialiser notre magn\u00e9tisme naturel.\u00a0 Cette pierre polie d&rsquo;h\u00e9matite vous est livr\u00e9e au choix avec un lacet noir pour le porter au cou ou au d\u00e9tail, si vous avez besoin de plusieurs pierres pour vos exercices (en g\u00e9n\u00e9ral on en utilise 5). Pour en savoir davantage, \u00e9crivez-nous (WhatsApp : le num\u00e9ro pour le lien direct se trouve en haut de cette page \/ ou via le formulaire de contact, par mail). Apprenez le signe des \u00e9l\u00e9ments pour renforcer votre magn\u00e9tisme personnel (voir photo avec pentacle simple). Voyez \u00e9galement nos pentacles de force et de protection.<\/p>\n","protected":false},"featured_media":2521,"comment_status":"open","ping_status":"closed","template":"","meta":[],"product_brand":[],"product_cat":[156,463,17],"product_tag":[223,275,188,359,354],"mwb_booking_cost":[],"mwb_booking_service":[],"class_list":{"0":"post-2450","1":"product","2":"type-product","3":"status-publish","4":"has-post-thumbnail","6":"product_cat-04-bijoux","7":"product_cat-pendentif","8":"product_cat-tous-les-produits","9":"product_tag-ancrage","10":"product_tag-attraction","11":"product_tag-chakras-collection","12":"product_tag-colliers","13":"product_tag-magnetisme","15":"first","16":"instock","17":"shipping-taxable","18":"purchasable","19":"product-type-simple"},"yoast_head":"<!-- This site is optimized with the Yoast SEO plugin v27.1.1 - https:\/\/yoast.com\/product\/yoast-seo-wordpress\/ -->\n<title>Collier : cercle d&#039;HEMATITE (magn\u00e9tisme &amp; attraction du Bien) - Spirit-US<\/title>\n<meta name=\"robots\" content=\"index, follow, max-snippet:-1, max-image-preview:large, max-video-preview:-1\" \/>\n<link rel=\"canonical\" href=\"https:\/\/www.spirit-us.eu\/index.php\/produit\/collier-cercle-dhematite-magnetisme-attraction-du-bien\/\" \/>\n<meta property=\"og:locale\" content=\"fr_FR\" \/>\n<meta property=\"og:type\" content=\"article\" \/>\n<meta property=\"og:title\" content=\"Collier : cercle d&#039;HEMATITE (magn\u00e9tisme &amp; attraction du Bien) - Spirit-US\" \/>\n<meta property=\"og:description\" content=\"Nous utilisons des objets ou des bijoux en h\u00e9matite lorsque nous voulons renforcer notre magn\u00e9tisme naturel. Un bijou port\u00e9 en permanence sur soi, ou des \u00e9l\u00e9ments plac\u00e9s sur certains chakras lors d&#039;exercices visant \u00e0 potentialiser notre magn\u00e9tisme naturel.\u00a0 Cette pierre polie d&#039;h\u00e9matite vous est livr\u00e9e au choix avec un lacet noir pour le porter au cou ou au d\u00e9tail, si vous avez besoin de plusieurs pierres pour vos exercices (en g\u00e9n\u00e9ral on en utilise 5). Pour en savoir davantage, \u00e9crivez-nous (WhatsApp : le num\u00e9ro pour le lien direct se trouve en haut de cette page \/ ou via le formulaire de contact, par mail). Apprenez le signe des \u00e9l\u00e9ments pour renforcer votre magn\u00e9tisme personnel (voir photo avec pentacle simple). Voyez \u00e9galement nos pentacles de force et de protection.\" \/>\n<meta property=\"og:url\" content=\"https:\/\/www.spirit-us.eu\/index.php\/produit\/collier-cercle-dhematite-magnetisme-attraction-du-bien\/\" \/>\n<meta property=\"og:site_name\" content=\"Spirit-US\" \/>\n<meta property=\"article:publisher\" content=\"https:\/\/www.facebook.com\/spirit.us.deum\" \/>\n<meta property=\"article:modified_time\" content=\"2025-12-17T13:44:57+00:00\" \/>\n<meta property=\"og:image\" content=\"https:\/\/www.spirit-us.eu\/wp-content\/uploads\/2025\/11\/IMG_6935-scaled.jpg\" \/>\n\t<meta property=\"og:image:width\" content=\"2313\" \/>\n\t<meta property=\"og:image:height\" content=\"2560\" \/>\n\t<meta property=\"og:image:type\" content=\"image\/jpeg\" \/>\n<meta name=\"twitter:card\" content=\"summary_large_image\" \/>\n<script type=\"application\/ld+json\" class=\"yoast-schema-graph\">{\"@context\":\"https:\/\/schema.org\",\"@graph\":[{\"@type\":\"WebPage\",\"@id\":\"https:\/\/www.spirit-us.eu\/index.php\/produit\/collier-cercle-dhematite-magnetisme-attraction-du-bien\/\",\"url\":\"https:\/\/www.spirit-us.eu\/index.php\/produit\/collier-cercle-dhematite-magnetisme-attraction-du-bien\/\",\"name\":\"Collier : cercle d'HEMATITE (magn\u00e9tisme & attraction du Bien) - Spirit-US\",\"isPartOf\":{\"@id\":\"https:\/\/www.spirit-us.eu\/#website\"},\"primaryImageOfPage\":{\"@id\":\"https:\/\/www.spirit-us.eu\/index.php\/produit\/collier-cercle-dhematite-magnetisme-attraction-du-bien\/#primaryimage\"},\"image\":{\"@id\":\"https:\/\/www.spirit-us.eu\/index.php\/produit\/collier-cercle-dhematite-magnetisme-attraction-du-bien\/#primaryimage\"},\"thumbnailUrl\":\"https:\/\/www.spirit-us.eu\/wp-content\/uploads\/2025\/11\/IMG_6935-scaled.jpg\",\"datePublished\":\"2025-11-13T07:53:24+00:00\",\"dateModified\":\"2025-12-17T13:44:57+00:00\",\"breadcrumb\":{\"@id\":\"https:\/\/www.spirit-us.eu\/index.php\/produit\/collier-cercle-dhematite-magnetisme-attraction-du-bien\/#breadcrumb\"},\"inLanguage\":\"fr-FR\",\"potentialAction\":[{\"@type\":\"ReadAction\",\"target\":[\"https:\/\/www.spirit-us.eu\/index.php\/produit\/collier-cercle-dhematite-magnetisme-attraction-du-bien\/\"]}]},{\"@type\":\"ImageObject\",\"inLanguage\":\"fr-FR\",\"@id\":\"https:\/\/www.spirit-us.eu\/index.php\/produit\/collier-cercle-dhematite-magnetisme-attraction-du-bien\/#primaryimage\",\"url\":\"https:\/\/www.spirit-us.eu\/wp-content\/uploads\/2025\/11\/IMG_6935-scaled.jpg\",\"contentUrl\":\"https:\/\/www.spirit-us.eu\/wp-content\/uploads\/2025\/11\/IMG_6935-scaled.jpg\",\"width\":2313,\"height\":2560},{\"@type\":\"BreadcrumbList\",\"@id\":\"https:\/\/www.spirit-us.eu\/index.php\/produit\/collier-cercle-dhematite-magnetisme-attraction-du-bien\/#breadcrumb\",\"itemListElement\":[{\"@type\":\"ListItem\",\"position\":1,\"name\":\"Accueil\",\"item\":\"https:\/\/www.spirit-us.eu\/\"},{\"@type\":\"ListItem\",\"position\":2,\"name\":\"Boutique\",\"item\":\"https:\/\/www.spirit-us.eu\/index.php\/boutique\/\"},{\"@type\":\"ListItem\",\"position\":3,\"name\":\"Collier : cercle d&rsquo;HEMATITE (magn\u00e9tisme &#038; attraction du Bien)\"}]},{\"@type\":\"WebSite\",\"@id\":\"https:\/\/www.spirit-us.eu\/#website\",\"url\":\"https:\/\/www.spirit-us.eu\/\",\"name\":\"Spirit-US\",\"description\":\"\",\"publisher\":{\"@id\":\"https:\/\/www.spirit-us.eu\/#organization\"},\"potentialAction\":[{\"@type\":\"SearchAction\",\"target\":{\"@type\":\"EntryPoint\",\"urlTemplate\":\"https:\/\/www.spirit-us.eu\/?s={search_term_string}\"},\"query-input\":{\"@type\":\"PropertyValueSpecification\",\"valueRequired\":true,\"valueName\":\"search_term_string\"}}],\"inLanguage\":\"fr-FR\"},{\"@type\":\"Organization\",\"@id\":\"https:\/\/www.spirit-us.eu\/#organization\",\"name\":\"Spirit-US\",\"url\":\"https:\/\/www.spirit-us.eu\/\",\"logo\":{\"@type\":\"ImageObject\",\"inLanguage\":\"fr-FR\",\"@id\":\"https:\/\/www.spirit-us.eu\/#\/schema\/logo\/image\/\",\"url\":\"https:\/\/www.spirit-us.eu\/wp-content\/uploads\/2025\/11\/logo-regarde-linterlocutrice-sans-arrriere-plan.jpg\",\"contentUrl\":\"https:\/\/www.spirit-us.eu\/wp-content\/uploads\/2025\/11\/logo-regarde-linterlocutrice-sans-arrriere-plan.jpg\",\"width\":1080,\"height\":1080,\"caption\":\"Spirit-US\"},\"image\":{\"@id\":\"https:\/\/www.spirit-us.eu\/#\/schema\/logo\/image\/\"},\"sameAs\":[\"https:\/\/www.facebook.com\/spirit.us.deum\"]}]}<\/script>\n<!-- \/ Yoast SEO plugin. -->","yoast_head_json":{"title":"Collier : cercle d'HEMATITE (magn\u00e9tisme & attraction du Bien) - Spirit-US","robots":{"index":"index","follow":"follow","max-snippet":"max-snippet:-1","max-image-preview":"max-image-preview:large","max-video-preview":"max-video-preview:-1"},"canonical":"https:\/\/www.spirit-us.eu\/index.php\/produit\/collier-cercle-dhematite-magnetisme-attraction-du-bien\/","og_locale":"fr_FR","og_type":"article","og_title":"Collier : cercle d'HEMATITE (magn\u00e9tisme & attraction du Bien) - Spirit-US","og_description":"Nous utilisons des objets ou des bijoux en h\u00e9matite lorsque nous voulons renforcer notre magn\u00e9tisme naturel. Un bijou port\u00e9 en permanence sur soi, ou des \u00e9l\u00e9ments plac\u00e9s sur certains chakras lors d'exercices visant \u00e0 potentialiser notre magn\u00e9tisme naturel.\u00a0 Cette pierre polie d'h\u00e9matite vous est livr\u00e9e au choix avec un lacet noir pour le porter au cou ou au d\u00e9tail, si vous avez besoin de plusieurs pierres pour vos exercices (en g\u00e9n\u00e9ral on en utilise 5). Pour en savoir davantage, \u00e9crivez-nous (WhatsApp : le num\u00e9ro pour le lien direct se trouve en haut de cette page \/ ou via le formulaire de contact, par mail). Apprenez le signe des \u00e9l\u00e9ments pour renforcer votre magn\u00e9tisme personnel (voir photo avec pentacle simple). Voyez \u00e9galement nos pentacles de force et de protection.","og_url":"https:\/\/www.spirit-us.eu\/index.php\/produit\/collier-cercle-dhematite-magnetisme-attraction-du-bien\/","og_site_name":"Spirit-US","article_publisher":"https:\/\/www.facebook.com\/spirit.us.deum","article_modified_time":"2025-12-17T13:44:57+00:00","og_image":[{"width":2313,"height":2560,"url":"https:\/\/www.spirit-us.eu\/wp-content\/uploads\/2025\/11\/IMG_6935-scaled.jpg","type":"image\/jpeg"}],"twitter_card":"summary_large_image","schema":{"@context":"https:\/\/schema.org","@graph":[{"@type":"WebPage","@id":"https:\/\/www.spirit-us.eu\/index.php\/produit\/collier-cercle-dhematite-magnetisme-attraction-du-bien\/","url":"https:\/\/www.spirit-us.eu\/index.php\/produit\/collier-cercle-dhematite-magnetisme-attraction-du-bien\/","name":"Collier : cercle d'HEMATITE (magn\u00e9tisme & attraction du Bien) - Spirit-US","isPartOf":{"@id":"https:\/\/www.spirit-us.eu\/#website"},"primaryImageOfPage":{"@id":"https:\/\/www.spirit-us.eu\/index.php\/produit\/collier-cercle-dhematite-magnetisme-attraction-du-bien\/#primaryimage"},"image":{"@id":"https:\/\/www.spirit-us.eu\/index.php\/produit\/collier-cercle-dhematite-magnetisme-attraction-du-bien\/#primaryimage"},"thumbnailUrl":"https:\/\/www.spirit-us.eu\/wp-content\/uploads\/2025\/11\/IMG_6935-scaled.jpg","datePublished":"2025-11-13T07:53:24+00:00","dateModified":"2025-12-17T13:44:57+00:00","breadcrumb":{"@id":"https:\/\/www.spirit-us.eu\/index.php\/produit\/collier-cercle-dhematite-magnetisme-attraction-du-bien\/#breadcrumb"},"inLanguage":"fr-FR","potentialAction":[{"@type":"ReadAction","target":["https:\/\/www.spirit-us.eu\/index.php\/produit\/collier-cercle-dhematite-magnetisme-attraction-du-bien\/"]}]},{"@type":"ImageObject","inLanguage":"fr-FR","@id":"https:\/\/www.spirit-us.eu\/index.php\/produit\/collier-cercle-dhematite-magnetisme-attraction-du-bien\/#primaryimage","url":"https:\/\/www.spirit-us.eu\/wp-content\/uploads\/2025\/11\/IMG_6935-scaled.jpg","contentUrl":"https:\/\/www.spirit-us.eu\/wp-content\/uploads\/2025\/11\/IMG_6935-scaled.jpg","width":2313,"height":2560},{"@type":"BreadcrumbList","@id":"https:\/\/www.spirit-us.eu\/index.php\/produit\/collier-cercle-dhematite-magnetisme-attraction-du-bien\/#breadcrumb","itemListElement":[{"@type":"ListItem","position":1,"name":"Accueil","item":"https:\/\/www.spirit-us.eu\/"},{"@type":"ListItem","position":2,"name":"Boutique","item":"https:\/\/www.spirit-us.eu\/index.php\/boutique\/"},{"@type":"ListItem","position":3,"name":"Collier : cercle d&rsquo;HEMATITE (magn\u00e9tisme &#038; attraction du Bien)"}]},{"@type":"WebSite","@id":"https:\/\/www.spirit-us.eu\/#website","url":"https:\/\/www.spirit-us.eu\/","name":"Spirit-US","description":"","publisher":{"@id":"https:\/\/www.spirit-us.eu\/#organization"},"potentialAction":[{"@type":"SearchAction","target":{"@type":"EntryPoint","urlTemplate":"https:\/\/www.spirit-us.eu\/?s={search_term_string}"},"query-input":{"@type":"PropertyValueSpecification","valueRequired":true,"valueName":"search_term_string"}}],"inLanguage":"fr-FR"},{"@type":"Organization","@id":"https:\/\/www.spirit-us.eu\/#organization","name":"Spirit-US","url":"https:\/\/www.spirit-us.eu\/","logo":{"@type":"ImageObject","inLanguage":"fr-FR","@id":"https:\/\/www.spirit-us.eu\/#\/schema\/logo\/image\/","url":"https:\/\/www.spirit-us.eu\/wp-content\/uploads\/2025\/11\/logo-regarde-linterlocutrice-sans-arrriere-plan.jpg","contentUrl":"https:\/\/www.spirit-us.eu\/wp-content\/uploads\/2025\/11\/logo-regarde-linterlocutrice-sans-arrriere-plan.jpg","width":1080,"height":1080,"caption":"Spirit-US"},"image":{"@id":"https:\/\/www.spirit-us.eu\/#\/schema\/logo\/image\/"},"sameAs":["https:\/\/www.facebook.com\/spirit.us.deum"]}]}},"jetpack_sharing_enabled":true,"_links":{"self":[{"href":"https:\/\/www.spirit-us.eu\/index.php\/wp-json\/wp\/v2\/product\/2450","targetHints":{"allow":["GET"]}}],"collection":[{"href":"https:\/\/www.spirit-us.eu\/index.php\/wp-json\/wp\/v2\/product"}],"about":[{"href":"https:\/\/www.spirit-us.eu\/index.php\/wp-json\/wp\/v2\/types\/product"}],"replies":[{"embeddable":true,"href":"https:\/\/www.spirit-us.eu\/index.php\/wp-json\/wp\/v2\/comments?post=2450"}],"wp:featuredmedia":[{"embeddable":true,"href":"https:\/\/www.spirit-us.eu\/index.php\/wp-json\/wp\/v2\/media\/2521"}],"wp:attachment":[{"href":"https:\/\/www.spirit-us.eu\/index.php\/wp-json\/wp\/v2\/media?parent=2450"}],"wp:term":[{"taxonomy":"product_brand","embeddable":true,"href":"https:\/\/www.spirit-us.eu\/index.php\/wp-json\/wp\/v2\/product_brand?post=2450"},{"taxonomy":"product_cat","embeddable":true,"href":"https:\/\/www.spirit-us.eu\/index.php\/wp-json\/wp\/v2\/product_cat?post=2450"},{"taxonomy":"product_tag","embeddable":true,"href":"https:\/\/www.spirit-us.eu\/index.php\/wp-json\/wp\/v2\/product_tag?post=2450"},{"taxonomy":"mwb_booking_cost","embeddable":true,"href":"https:\/\/www.spirit-us.eu\/index.php\/wp-json\/wp\/v2\/mwb_booking_cost?post=2450"},{"taxonomy":"mwb_booking_service","embeddable":true,"href":"https:\/\/www.spirit-us.eu\/index.php\/wp-json\/wp\/v2\/mwb_booking_service?post=2450"}],"curies":[{"name":"wp","href":"https:\/\/api.w.org\/{rel}","templated":true}]}}