{"id":2446,"date":"2025-11-13T08:13:41","date_gmt":"2025-11-13T07:13:41","guid":{"rendered":"https:\/\/www.spirit-us.eu\/?post_type=product&#038;p=2446"},"modified":"2025-12-17T14:45:06","modified_gmt":"2025-12-17T13:45:06","slug":"collier-larbre-de-vie-aux-7-chakras","status":"publish","type":"product","link":"https:\/\/www.spirit-us.eu\/index.php\/produit\/collier-larbre-de-vie-aux-7-chakras\/","title":{"rendered":"Collier : l&rsquo;ARBRE de VIE aux 7 CHAKRAS"},"content":{"rendered":"<p><strong>Mat\u00e9riaux\u00a0<\/strong>: pierres naturelles et argent 0,925<\/p>\n<p><strong>Dimensions<\/strong> :<\/p>\n<ul>\n<li>longueur du collier 40 cm<\/li>\n<li>\u00e0 l&rsquo;encolure avec le pendentif : 27 cm<\/li>\n<li>hauteur de l&rsquo;arbre de vie : 4 cm (+1 cm suspension)<\/li>\n<li>taille des perles de pierre naturelle : 4 mm<\/li>\n<\/ul>\n<p><strong>Motif<\/strong> : arbre de vie dont la ramure et les racines sont en argent et les feuilles en pierres naturelles<\/p>\n<ul>\n<li>jaspe brun (chakra racine)<\/li>\n<li>cornaline (chakra sacr\u00e9)<\/li>\n<li>pierre de soleil (chakra du plexus solaire)<\/li>\n<li>aventurine (chakra du c\u0153ur)<\/li>\n<li>aigue-marine (chakra de la gorge)<\/li>\n<li>agate bleue (chakra du 3<sup>\u00e8me<\/sup> \u0153il)<\/li>\n<li>am\u00e9thyste (chakra coronal)<\/li>\n<\/ul>\n<p><strong>Couleurs<\/strong> : argent, couleurs douces des pierres naturelles<\/p>\n<p><strong>Pr\u00e9sentation<\/strong> : livr\u00e9 dans une pochette en satin ou velours (en fonction du stock)<\/p>\n","protected":false},"excerpt":{"rendered":"<p style=\"text-align: justify;\">Tr\u00e8s joli et puissant collier, fait d&rsquo;argent, de m\u00e9tal argent\u00e9 et de pierres naturelles aux couleurs des 7 chakras principaux. Le cercle entourant l&rsquo;arbre de vie est de 4 cm, c&rsquo;est donc un bijou qui annonce ses couleurs : raffin\u00e9 et bien pr\u00e9sent. Il s&rsquo;allie \u00e0 toute tenue, en toute saison.\u00a0 On le porte pour le plaisir ou lorsqu&rsquo;on entreprend d&rsquo;ouvrir et de purifier les chakras (c&rsquo;est-\u00e0-dire les centres \u00e9nerg\u00e9tiques qui composent notre corps).\u00a0 <span data-huuid=\"13143312909923529206\">L&rsquo;arbre de vie symbolise la connexion entre le ciel et la terre, le cycle de la vie et des vies, l&rsquo;immortalit\u00e9 de l&rsquo;esprit, la force, la sagesse et la protection au plan terrestre.\u00a0<\/span><span data-huuid=\"13143312909923531285\">Ses racines repr\u00e9sentent l&rsquo;ancrage et les origines, tandis que ses branches symbolisent l&rsquo;\u00e9l\u00e9vation, la croissance et l&rsquo;\u00e9volution spirituelle.\u00a0<\/span><span data-huuid=\"13143312909923529268\">Ce symbole universel est utilis\u00e9 dans de nombreuses cultures et religions pour \u00e9voquer l&rsquo;harmonie et le renouveau.<\/span><\/p>\n","protected":false},"featured_media":2448,"comment_status":"open","ping_status":"closed","template":"","meta":[],"product_brand":[],"product_cat":[156,463,17],"product_tag":[223,188,359,365],"mwb_booking_cost":[],"mwb_booking_service":[],"class_list":{"0":"post-2446","1":"product","2":"type-product","3":"status-publish","4":"has-post-thumbnail","6":"product_cat-04-bijoux","7":"product_cat-pendentif","8":"product_cat-tous-les-produits","9":"product_tag-ancrage","10":"product_tag-chakras-collection","11":"product_tag-colliers","12":"product_tag-elevation","14":"first","15":"instock","16":"shipping-taxable","17":"purchasable","18":"product-type-simple"},"yoast_head":"<!-- This site is optimized with the Yoast SEO plugin v27.1.1 - https:\/\/yoast.com\/product\/yoast-seo-wordpress\/ -->\n<title>Collier : l&#039;ARBRE de VIE aux 7 CHAKRAS - Spirit-US<\/title>\n<meta name=\"robots\" content=\"index, follow, max-snippet:-1, max-image-preview:large, max-video-preview:-1\" \/>\n<link rel=\"canonical\" href=\"https:\/\/www.spirit-us.eu\/index.php\/produit\/collier-larbre-de-vie-aux-7-chakras\/\" \/>\n<meta property=\"og:locale\" content=\"fr_FR\" \/>\n<meta property=\"og:type\" content=\"article\" \/>\n<meta property=\"og:title\" content=\"Collier : l&#039;ARBRE de VIE aux 7 CHAKRAS - Spirit-US\" \/>\n<meta property=\"og:description\" content=\"Tr\u00e8s joli et puissant collier, fait d&#039;argent, de m\u00e9tal argent\u00e9 et de pierres naturelles aux couleurs des 7 chakras principaux. Le cercle entourant l&#039;arbre de vie est de 4 cm, c&#039;est donc un bijou qui annonce ses couleurs : raffin\u00e9 et bien pr\u00e9sent. Il s&#039;allie \u00e0 toute tenue, en toute saison.\u00a0 On le porte pour le plaisir ou lorsqu&#039;on entreprend d&#039;ouvrir et de purifier les chakras (c&#039;est-\u00e0-dire les centres \u00e9nerg\u00e9tiques qui composent notre corps).\u00a0 L&#039;arbre de vie symbolise la connexion entre le ciel et la terre, le cycle de la vie et des vies, l&#039;immortalit\u00e9 de l&#039;esprit, la force, la sagesse et la protection au plan terrestre.\u00a0Ses racines repr\u00e9sentent l&#039;ancrage et les origines, tandis que ses branches symbolisent l&#039;\u00e9l\u00e9vation, la croissance et l&#039;\u00e9volution spirituelle.\u00a0Ce symbole universel est utilis\u00e9 dans de nombreuses cultures et religions pour \u00e9voquer l&#039;harmonie et le renouveau.\" \/>\n<meta property=\"og:url\" content=\"https:\/\/www.spirit-us.eu\/index.php\/produit\/collier-larbre-de-vie-aux-7-chakras\/\" \/>\n<meta property=\"og:site_name\" content=\"Spirit-US\" \/>\n<meta property=\"article:publisher\" content=\"https:\/\/www.facebook.com\/spirit.us.deum\" \/>\n<meta property=\"article:modified_time\" content=\"2025-12-17T13:45:06+00:00\" \/>\n<meta property=\"og:image\" content=\"https:\/\/www.spirit-us.eu\/wp-content\/uploads\/2025\/11\/Design-sans-titre-12-1024x1024.png\" \/>\n\t<meta property=\"og:image:width\" content=\"1024\" \/>\n\t<meta property=\"og:image:height\" content=\"1024\" \/>\n\t<meta property=\"og:image:type\" content=\"image\/png\" \/>\n<meta name=\"twitter:card\" content=\"summary_large_image\" \/>\n<meta name=\"twitter:label1\" content=\"Dur\u00e9e de lecture estim\u00e9e\" \/>\n\t<meta name=\"twitter:data1\" content=\"1 minute\" \/>\n<script type=\"application\/ld+json\" class=\"yoast-schema-graph\">{\"@context\":\"https:\/\/schema.org\",\"@graph\":[{\"@type\":\"WebPage\",\"@id\":\"https:\/\/www.spirit-us.eu\/index.php\/produit\/collier-larbre-de-vie-aux-7-chakras\/\",\"url\":\"https:\/\/www.spirit-us.eu\/index.php\/produit\/collier-larbre-de-vie-aux-7-chakras\/\",\"name\":\"Collier : l'ARBRE de VIE aux 7 CHAKRAS - Spirit-US\",\"isPartOf\":{\"@id\":\"https:\/\/www.spirit-us.eu\/#website\"},\"primaryImageOfPage\":{\"@id\":\"https:\/\/www.spirit-us.eu\/index.php\/produit\/collier-larbre-de-vie-aux-7-chakras\/#primaryimage\"},\"image\":{\"@id\":\"https:\/\/www.spirit-us.eu\/index.php\/produit\/collier-larbre-de-vie-aux-7-chakras\/#primaryimage\"},\"thumbnailUrl\":\"https:\/\/www.spirit-us.eu\/wp-content\/uploads\/2025\/11\/Design-sans-titre-12.png\",\"datePublished\":\"2025-11-13T07:13:41+00:00\",\"dateModified\":\"2025-12-17T13:45:06+00:00\",\"breadcrumb\":{\"@id\":\"https:\/\/www.spirit-us.eu\/index.php\/produit\/collier-larbre-de-vie-aux-7-chakras\/#breadcrumb\"},\"inLanguage\":\"fr-FR\",\"potentialAction\":[{\"@type\":\"ReadAction\",\"target\":[\"https:\/\/www.spirit-us.eu\/index.php\/produit\/collier-larbre-de-vie-aux-7-chakras\/\"]}]},{\"@type\":\"ImageObject\",\"inLanguage\":\"fr-FR\",\"@id\":\"https:\/\/www.spirit-us.eu\/index.php\/produit\/collier-larbre-de-vie-aux-7-chakras\/#primaryimage\",\"url\":\"https:\/\/www.spirit-us.eu\/wp-content\/uploads\/2025\/11\/Design-sans-titre-12.png\",\"contentUrl\":\"https:\/\/www.spirit-us.eu\/wp-content\/uploads\/2025\/11\/Design-sans-titre-12.png\",\"width\":2160,\"height\":2160},{\"@type\":\"BreadcrumbList\",\"@id\":\"https:\/\/www.spirit-us.eu\/index.php\/produit\/collier-larbre-de-vie-aux-7-chakras\/#breadcrumb\",\"itemListElement\":[{\"@type\":\"ListItem\",\"position\":1,\"name\":\"Accueil\",\"item\":\"https:\/\/www.spirit-us.eu\/\"},{\"@type\":\"ListItem\",\"position\":2,\"name\":\"Boutique\",\"item\":\"https:\/\/www.spirit-us.eu\/index.php\/boutique\/\"},{\"@type\":\"ListItem\",\"position\":3,\"name\":\"Collier : l&rsquo;ARBRE de VIE aux 7 CHAKRAS\"}]},{\"@type\":\"WebSite\",\"@id\":\"https:\/\/www.spirit-us.eu\/#website\",\"url\":\"https:\/\/www.spirit-us.eu\/\",\"name\":\"Spirit-US\",\"description\":\"\",\"publisher\":{\"@id\":\"https:\/\/www.spirit-us.eu\/#organization\"},\"potentialAction\":[{\"@type\":\"SearchAction\",\"target\":{\"@type\":\"EntryPoint\",\"urlTemplate\":\"https:\/\/www.spirit-us.eu\/?s={search_term_string}\"},\"query-input\":{\"@type\":\"PropertyValueSpecification\",\"valueRequired\":true,\"valueName\":\"search_term_string\"}}],\"inLanguage\":\"fr-FR\"},{\"@type\":\"Organization\",\"@id\":\"https:\/\/www.spirit-us.eu\/#organization\",\"name\":\"Spirit-US\",\"url\":\"https:\/\/www.spirit-us.eu\/\",\"logo\":{\"@type\":\"ImageObject\",\"inLanguage\":\"fr-FR\",\"@id\":\"https:\/\/www.spirit-us.eu\/#\/schema\/logo\/image\/\",\"url\":\"https:\/\/www.spirit-us.eu\/wp-content\/uploads\/2025\/11\/logo-regarde-linterlocutrice-sans-arrriere-plan.jpg\",\"contentUrl\":\"https:\/\/www.spirit-us.eu\/wp-content\/uploads\/2025\/11\/logo-regarde-linterlocutrice-sans-arrriere-plan.jpg\",\"width\":1080,\"height\":1080,\"caption\":\"Spirit-US\"},\"image\":{\"@id\":\"https:\/\/www.spirit-us.eu\/#\/schema\/logo\/image\/\"},\"sameAs\":[\"https:\/\/www.facebook.com\/spirit.us.deum\"]}]}<\/script>\n<!-- \/ Yoast SEO plugin. -->","yoast_head_json":{"title":"Collier : l'ARBRE de VIE aux 7 CHAKRAS - Spirit-US","robots":{"index":"index","follow":"follow","max-snippet":"max-snippet:-1","max-image-preview":"max-image-preview:large","max-video-preview":"max-video-preview:-1"},"canonical":"https:\/\/www.spirit-us.eu\/index.php\/produit\/collier-larbre-de-vie-aux-7-chakras\/","og_locale":"fr_FR","og_type":"article","og_title":"Collier : l'ARBRE de VIE aux 7 CHAKRAS - Spirit-US","og_description":"Tr\u00e8s joli et puissant collier, fait d'argent, de m\u00e9tal argent\u00e9 et de pierres naturelles aux couleurs des 7 chakras principaux. Le cercle entourant l'arbre de vie est de 4 cm, c'est donc un bijou qui annonce ses couleurs : raffin\u00e9 et bien pr\u00e9sent. Il s'allie \u00e0 toute tenue, en toute saison.\u00a0 On le porte pour le plaisir ou lorsqu'on entreprend d'ouvrir et de purifier les chakras (c'est-\u00e0-dire les centres \u00e9nerg\u00e9tiques qui composent notre corps).\u00a0 L'arbre de vie symbolise la connexion entre le ciel et la terre, le cycle de la vie et des vies, l'immortalit\u00e9 de l'esprit, la force, la sagesse et la protection au plan terrestre.\u00a0Ses racines repr\u00e9sentent l'ancrage et les origines, tandis que ses branches symbolisent l'\u00e9l\u00e9vation, la croissance et l'\u00e9volution spirituelle.\u00a0Ce symbole universel est utilis\u00e9 dans de nombreuses cultures et religions pour \u00e9voquer l'harmonie et le renouveau.","og_url":"https:\/\/www.spirit-us.eu\/index.php\/produit\/collier-larbre-de-vie-aux-7-chakras\/","og_site_name":"Spirit-US","article_publisher":"https:\/\/www.facebook.com\/spirit.us.deum","article_modified_time":"2025-12-17T13:45:06+00:00","og_image":[{"width":1024,"height":1024,"url":"https:\/\/www.spirit-us.eu\/wp-content\/uploads\/2025\/11\/Design-sans-titre-12-1024x1024.png","type":"image\/png"}],"twitter_card":"summary_large_image","twitter_misc":{"Dur\u00e9e de lecture estim\u00e9e":"1 minute"},"schema":{"@context":"https:\/\/schema.org","@graph":[{"@type":"WebPage","@id":"https:\/\/www.spirit-us.eu\/index.php\/produit\/collier-larbre-de-vie-aux-7-chakras\/","url":"https:\/\/www.spirit-us.eu\/index.php\/produit\/collier-larbre-de-vie-aux-7-chakras\/","name":"Collier : l'ARBRE de VIE aux 7 CHAKRAS - Spirit-US","isPartOf":{"@id":"https:\/\/www.spirit-us.eu\/#website"},"primaryImageOfPage":{"@id":"https:\/\/www.spirit-us.eu\/index.php\/produit\/collier-larbre-de-vie-aux-7-chakras\/#primaryimage"},"image":{"@id":"https:\/\/www.spirit-us.eu\/index.php\/produit\/collier-larbre-de-vie-aux-7-chakras\/#primaryimage"},"thumbnailUrl":"https:\/\/www.spirit-us.eu\/wp-content\/uploads\/2025\/11\/Design-sans-titre-12.png","datePublished":"2025-11-13T07:13:41+00:00","dateModified":"2025-12-17T13:45:06+00:00","breadcrumb":{"@id":"https:\/\/www.spirit-us.eu\/index.php\/produit\/collier-larbre-de-vie-aux-7-chakras\/#breadcrumb"},"inLanguage":"fr-FR","potentialAction":[{"@type":"ReadAction","target":["https:\/\/www.spirit-us.eu\/index.php\/produit\/collier-larbre-de-vie-aux-7-chakras\/"]}]},{"@type":"ImageObject","inLanguage":"fr-FR","@id":"https:\/\/www.spirit-us.eu\/index.php\/produit\/collier-larbre-de-vie-aux-7-chakras\/#primaryimage","url":"https:\/\/www.spirit-us.eu\/wp-content\/uploads\/2025\/11\/Design-sans-titre-12.png","contentUrl":"https:\/\/www.spirit-us.eu\/wp-content\/uploads\/2025\/11\/Design-sans-titre-12.png","width":2160,"height":2160},{"@type":"BreadcrumbList","@id":"https:\/\/www.spirit-us.eu\/index.php\/produit\/collier-larbre-de-vie-aux-7-chakras\/#breadcrumb","itemListElement":[{"@type":"ListItem","position":1,"name":"Accueil","item":"https:\/\/www.spirit-us.eu\/"},{"@type":"ListItem","position":2,"name":"Boutique","item":"https:\/\/www.spirit-us.eu\/index.php\/boutique\/"},{"@type":"ListItem","position":3,"name":"Collier : l&rsquo;ARBRE de VIE aux 7 CHAKRAS"}]},{"@type":"WebSite","@id":"https:\/\/www.spirit-us.eu\/#website","url":"https:\/\/www.spirit-us.eu\/","name":"Spirit-US","description":"","publisher":{"@id":"https:\/\/www.spirit-us.eu\/#organization"},"potentialAction":[{"@type":"SearchAction","target":{"@type":"EntryPoint","urlTemplate":"https:\/\/www.spirit-us.eu\/?s={search_term_string}"},"query-input":{"@type":"PropertyValueSpecification","valueRequired":true,"valueName":"search_term_string"}}],"inLanguage":"fr-FR"},{"@type":"Organization","@id":"https:\/\/www.spirit-us.eu\/#organization","name":"Spirit-US","url":"https:\/\/www.spirit-us.eu\/","logo":{"@type":"ImageObject","inLanguage":"fr-FR","@id":"https:\/\/www.spirit-us.eu\/#\/schema\/logo\/image\/","url":"https:\/\/www.spirit-us.eu\/wp-content\/uploads\/2025\/11\/logo-regarde-linterlocutrice-sans-arrriere-plan.jpg","contentUrl":"https:\/\/www.spirit-us.eu\/wp-content\/uploads\/2025\/11\/logo-regarde-linterlocutrice-sans-arrriere-plan.jpg","width":1080,"height":1080,"caption":"Spirit-US"},"image":{"@id":"https:\/\/www.spirit-us.eu\/#\/schema\/logo\/image\/"},"sameAs":["https:\/\/www.facebook.com\/spirit.us.deum"]}]}},"jetpack_sharing_enabled":true,"_links":{"self":[{"href":"https:\/\/www.spirit-us.eu\/index.php\/wp-json\/wp\/v2\/product\/2446","targetHints":{"allow":["GET"]}}],"collection":[{"href":"https:\/\/www.spirit-us.eu\/index.php\/wp-json\/wp\/v2\/product"}],"about":[{"href":"https:\/\/www.spirit-us.eu\/index.php\/wp-json\/wp\/v2\/types\/product"}],"replies":[{"embeddable":true,"href":"https:\/\/www.spirit-us.eu\/index.php\/wp-json\/wp\/v2\/comments?post=2446"}],"wp:featuredmedia":[{"embeddable":true,"href":"https:\/\/www.spirit-us.eu\/index.php\/wp-json\/wp\/v2\/media\/2448"}],"wp:attachment":[{"href":"https:\/\/www.spirit-us.eu\/index.php\/wp-json\/wp\/v2\/media?parent=2446"}],"wp:term":[{"taxonomy":"product_brand","embeddable":true,"href":"https:\/\/www.spirit-us.eu\/index.php\/wp-json\/wp\/v2\/product_brand?post=2446"},{"taxonomy":"product_cat","embeddable":true,"href":"https:\/\/www.spirit-us.eu\/index.php\/wp-json\/wp\/v2\/product_cat?post=2446"},{"taxonomy":"product_tag","embeddable":true,"href":"https:\/\/www.spirit-us.eu\/index.php\/wp-json\/wp\/v2\/product_tag?post=2446"},{"taxonomy":"mwb_booking_cost","embeddable":true,"href":"https:\/\/www.spirit-us.eu\/index.php\/wp-json\/wp\/v2\/mwb_booking_cost?post=2446"},{"taxonomy":"mwb_booking_service","embeddable":true,"href":"https:\/\/www.spirit-us.eu\/index.php\/wp-json\/wp\/v2\/mwb_booking_service?post=2446"}],"curies":[{"name":"wp","href":"https:\/\/api.w.org\/{rel}","templated":true}]}}