{"id":2430,"date":"2025-11-12T16:29:10","date_gmt":"2025-11-12T15:29:10","guid":{"rendered":"https:\/\/www.spirit-us.eu\/?post_type=product&#038;p=2430"},"modified":"2025-12-17T10:42:53","modified_gmt":"2025-12-17T09:42:53","slug":"bracelet-en-emeraude","status":"publish","type":"product","link":"https:\/\/www.spirit-us.eu\/index.php\/produit\/bracelet-en-emeraude\/","title":{"rendered":"BRACELET en EMERAUDE"},"content":{"rendered":"<p><strong>Pr\u00e9sentation\u00a0: <\/strong>bijou livr\u00e9 dans une jolie pochette de couleur proche de celle des pierres naturelles composant le bracelet et en fonction du stock<\/p>\n<p><strong>Type<\/strong> :\u00a0\u00a0bracelet simple \u2013 pierres naturelles\u00a0 rondes de 6 mm<\/p>\n<p><strong>De facture 100% artisanale<\/strong><\/p>\n<p><strong>Pierre(s) naturelles<\/strong> : \u00e9meraudes<\/p>\n<p><strong>Provenance :\u00a0<\/strong>Afrique<\/p>\n<p><strong>Qualit\u00e9<\/strong> : AA (Tr\u00e8s \u00e9lev\u00e9e)<\/p>\n<p><strong>Couleur <\/strong>: vert en diff\u00e9rentes nuances du clair au fonc\u00e9<\/p>\n<p><strong>Apparence<\/strong> : rondes \/ polies<\/p>\n<p><strong>Taille des perles : <\/strong>6 mm<\/p>\n<p><strong>Tour de poignet<\/strong>\u00a0: 18-22\u00a0 cm<\/p>\n<p>La taille des perles peut varier de 07,5 \u00e0 08,5mm, car elles sont fabriqu\u00e9es de fa\u00e7on artisanale, ce qui explique que leur taille puisse varier.<\/p>\n<p><strong>Montage<\/strong>\u00a0: fil \u00e9lastique nylon 0,8mm transparent ou color\u00e9 selon la couleur dominante des pierres du bracelet<\/p>\n<p>Photos tous droits r\u00e9serv\u00e9s.<\/p>\n<p>Le prix est indiqu\u00e9 pour une pi\u00e8ce, mais vous pouvez cr\u00e9er des synergies selon votre humeur.<\/p>\n<p>&nbsp;<\/p>\n","protected":false},"excerpt":{"rendered":"<p style=\"text-align: justify;\">Offrez-vous \u2013 ou offrez \u00e0 quelqu\u2019un que vous aimez ce magnifique bracelet, discret, d&rsquo;une belle couleur toute douce. Ce bijou est fait en pierres pr\u00e9cieuses, pour une personne tr\u00e8s pr\u00e9cieuse.\u00a0 L&rsquo;\u00e9meraude est associ\u00e9e au rayon vert de l&rsquo;archange Rapha\u00ebl, rayon de gu\u00e9rison de l&rsquo;\u00e2me et du corps.<\/p>\n","protected":false},"featured_media":2431,"comment_status":"open","ping_status":"closed","template":"","meta":[],"product_brand":[],"product_cat":[156,460,17],"product_tag":[350],"mwb_booking_cost":[],"mwb_booking_service":[],"class_list":{"0":"post-2430","1":"product","2":"type-product","3":"status-publish","4":"has-post-thumbnail","6":"product_cat-04-bijoux","7":"product_cat-bracelets","8":"product_cat-tous-les-produits","9":"product_tag-harmonisation","11":"first","12":"instock","13":"shipping-taxable","14":"purchasable","15":"product-type-simple"},"yoast_head":"<!-- This site is optimized with the Yoast SEO plugin v27.1.1 - https:\/\/yoast.com\/product\/yoast-seo-wordpress\/ -->\n<title>BRACELET en EMERAUDE - Spirit-US<\/title>\n<meta name=\"robots\" content=\"index, follow, max-snippet:-1, max-image-preview:large, max-video-preview:-1\" \/>\n<link rel=\"canonical\" href=\"https:\/\/www.spirit-us.eu\/index.php\/produit\/bracelet-en-emeraude\/\" \/>\n<meta property=\"og:locale\" content=\"fr_FR\" \/>\n<meta property=\"og:type\" content=\"article\" \/>\n<meta property=\"og:title\" content=\"BRACELET en EMERAUDE - Spirit-US\" \/>\n<meta property=\"og:description\" content=\"Offrez-vous \u2013 ou offrez \u00e0 quelqu\u2019un que vous aimez ce magnifique bracelet, discret, d&#039;une belle couleur toute douce. Ce bijou est fait en pierres pr\u00e9cieuses, pour une personne tr\u00e8s pr\u00e9cieuse.\u00a0 L&#039;\u00e9meraude est associ\u00e9e au rayon vert de l&#039;archange Rapha\u00ebl, rayon de gu\u00e9rison de l&#039;\u00e2me et du corps.\" \/>\n<meta property=\"og:url\" content=\"https:\/\/www.spirit-us.eu\/index.php\/produit\/bracelet-en-emeraude\/\" \/>\n<meta property=\"og:site_name\" content=\"Spirit-US\" \/>\n<meta property=\"article:publisher\" content=\"https:\/\/www.facebook.com\/spirit.us.deum\" \/>\n<meta property=\"article:modified_time\" content=\"2025-12-17T09:42:53+00:00\" \/>\n<meta property=\"og:image\" content=\"https:\/\/www.spirit-us.eu\/wp-content\/uploads\/2025\/11\/emraude-image-produit.jpeg\" \/>\n\t<meta property=\"og:image:width\" content=\"1600\" \/>\n\t<meta property=\"og:image:height\" content=\"1600\" \/>\n\t<meta property=\"og:image:type\" content=\"image\/jpeg\" \/>\n<meta name=\"twitter:card\" content=\"summary_large_image\" \/>\n<meta name=\"twitter:label1\" content=\"Dur\u00e9e de lecture estim\u00e9e\" \/>\n\t<meta name=\"twitter:data1\" content=\"1 minute\" \/>\n<script type=\"application\/ld+json\" class=\"yoast-schema-graph\">{\"@context\":\"https:\/\/schema.org\",\"@graph\":[{\"@type\":\"WebPage\",\"@id\":\"https:\/\/www.spirit-us.eu\/index.php\/produit\/bracelet-en-emeraude\/\",\"url\":\"https:\/\/www.spirit-us.eu\/index.php\/produit\/bracelet-en-emeraude\/\",\"name\":\"BRACELET en EMERAUDE - Spirit-US\",\"isPartOf\":{\"@id\":\"https:\/\/www.spirit-us.eu\/#website\"},\"primaryImageOfPage\":{\"@id\":\"https:\/\/www.spirit-us.eu\/index.php\/produit\/bracelet-en-emeraude\/#primaryimage\"},\"image\":{\"@id\":\"https:\/\/www.spirit-us.eu\/index.php\/produit\/bracelet-en-emeraude\/#primaryimage\"},\"thumbnailUrl\":\"https:\/\/www.spirit-us.eu\/wp-content\/uploads\/2025\/11\/emraude-image-produit.jpeg\",\"datePublished\":\"2025-11-12T15:29:10+00:00\",\"dateModified\":\"2025-12-17T09:42:53+00:00\",\"breadcrumb\":{\"@id\":\"https:\/\/www.spirit-us.eu\/index.php\/produit\/bracelet-en-emeraude\/#breadcrumb\"},\"inLanguage\":\"fr-FR\",\"potentialAction\":[{\"@type\":\"ReadAction\",\"target\":[\"https:\/\/www.spirit-us.eu\/index.php\/produit\/bracelet-en-emeraude\/\"]}]},{\"@type\":\"ImageObject\",\"inLanguage\":\"fr-FR\",\"@id\":\"https:\/\/www.spirit-us.eu\/index.php\/produit\/bracelet-en-emeraude\/#primaryimage\",\"url\":\"https:\/\/www.spirit-us.eu\/wp-content\/uploads\/2025\/11\/emraude-image-produit.jpeg\",\"contentUrl\":\"https:\/\/www.spirit-us.eu\/wp-content\/uploads\/2025\/11\/emraude-image-produit.jpeg\",\"width\":1600,\"height\":1600},{\"@type\":\"BreadcrumbList\",\"@id\":\"https:\/\/www.spirit-us.eu\/index.php\/produit\/bracelet-en-emeraude\/#breadcrumb\",\"itemListElement\":[{\"@type\":\"ListItem\",\"position\":1,\"name\":\"Accueil\",\"item\":\"https:\/\/www.spirit-us.eu\/\"},{\"@type\":\"ListItem\",\"position\":2,\"name\":\"Boutique\",\"item\":\"https:\/\/www.spirit-us.eu\/index.php\/boutique\/\"},{\"@type\":\"ListItem\",\"position\":3,\"name\":\"BRACELET en EMERAUDE\"}]},{\"@type\":\"WebSite\",\"@id\":\"https:\/\/www.spirit-us.eu\/#website\",\"url\":\"https:\/\/www.spirit-us.eu\/\",\"name\":\"Spirit-US\",\"description\":\"\",\"publisher\":{\"@id\":\"https:\/\/www.spirit-us.eu\/#organization\"},\"potentialAction\":[{\"@type\":\"SearchAction\",\"target\":{\"@type\":\"EntryPoint\",\"urlTemplate\":\"https:\/\/www.spirit-us.eu\/?s={search_term_string}\"},\"query-input\":{\"@type\":\"PropertyValueSpecification\",\"valueRequired\":true,\"valueName\":\"search_term_string\"}}],\"inLanguage\":\"fr-FR\"},{\"@type\":\"Organization\",\"@id\":\"https:\/\/www.spirit-us.eu\/#organization\",\"name\":\"Spirit-US\",\"url\":\"https:\/\/www.spirit-us.eu\/\",\"logo\":{\"@type\":\"ImageObject\",\"inLanguage\":\"fr-FR\",\"@id\":\"https:\/\/www.spirit-us.eu\/#\/schema\/logo\/image\/\",\"url\":\"https:\/\/www.spirit-us.eu\/wp-content\/uploads\/2025\/11\/logo-regarde-linterlocutrice-sans-arrriere-plan.jpg\",\"contentUrl\":\"https:\/\/www.spirit-us.eu\/wp-content\/uploads\/2025\/11\/logo-regarde-linterlocutrice-sans-arrriere-plan.jpg\",\"width\":1080,\"height\":1080,\"caption\":\"Spirit-US\"},\"image\":{\"@id\":\"https:\/\/www.spirit-us.eu\/#\/schema\/logo\/image\/\"},\"sameAs\":[\"https:\/\/www.facebook.com\/spirit.us.deum\"]}]}<\/script>\n<!-- \/ Yoast SEO plugin. -->","yoast_head_json":{"title":"BRACELET en EMERAUDE - Spirit-US","robots":{"index":"index","follow":"follow","max-snippet":"max-snippet:-1","max-image-preview":"max-image-preview:large","max-video-preview":"max-video-preview:-1"},"canonical":"https:\/\/www.spirit-us.eu\/index.php\/produit\/bracelet-en-emeraude\/","og_locale":"fr_FR","og_type":"article","og_title":"BRACELET en EMERAUDE - Spirit-US","og_description":"Offrez-vous \u2013 ou offrez \u00e0 quelqu\u2019un que vous aimez ce magnifique bracelet, discret, d'une belle couleur toute douce. Ce bijou est fait en pierres pr\u00e9cieuses, pour une personne tr\u00e8s pr\u00e9cieuse.\u00a0 L'\u00e9meraude est associ\u00e9e au rayon vert de l'archange Rapha\u00ebl, rayon de gu\u00e9rison de l'\u00e2me et du corps.","og_url":"https:\/\/www.spirit-us.eu\/index.php\/produit\/bracelet-en-emeraude\/","og_site_name":"Spirit-US","article_publisher":"https:\/\/www.facebook.com\/spirit.us.deum","article_modified_time":"2025-12-17T09:42:53+00:00","og_image":[{"width":1600,"height":1600,"url":"https:\/\/www.spirit-us.eu\/wp-content\/uploads\/2025\/11\/emraude-image-produit.jpeg","type":"image\/jpeg"}],"twitter_card":"summary_large_image","twitter_misc":{"Dur\u00e9e de lecture estim\u00e9e":"1 minute"},"schema":{"@context":"https:\/\/schema.org","@graph":[{"@type":"WebPage","@id":"https:\/\/www.spirit-us.eu\/index.php\/produit\/bracelet-en-emeraude\/","url":"https:\/\/www.spirit-us.eu\/index.php\/produit\/bracelet-en-emeraude\/","name":"BRACELET en EMERAUDE - Spirit-US","isPartOf":{"@id":"https:\/\/www.spirit-us.eu\/#website"},"primaryImageOfPage":{"@id":"https:\/\/www.spirit-us.eu\/index.php\/produit\/bracelet-en-emeraude\/#primaryimage"},"image":{"@id":"https:\/\/www.spirit-us.eu\/index.php\/produit\/bracelet-en-emeraude\/#primaryimage"},"thumbnailUrl":"https:\/\/www.spirit-us.eu\/wp-content\/uploads\/2025\/11\/emraude-image-produit.jpeg","datePublished":"2025-11-12T15:29:10+00:00","dateModified":"2025-12-17T09:42:53+00:00","breadcrumb":{"@id":"https:\/\/www.spirit-us.eu\/index.php\/produit\/bracelet-en-emeraude\/#breadcrumb"},"inLanguage":"fr-FR","potentialAction":[{"@type":"ReadAction","target":["https:\/\/www.spirit-us.eu\/index.php\/produit\/bracelet-en-emeraude\/"]}]},{"@type":"ImageObject","inLanguage":"fr-FR","@id":"https:\/\/www.spirit-us.eu\/index.php\/produit\/bracelet-en-emeraude\/#primaryimage","url":"https:\/\/www.spirit-us.eu\/wp-content\/uploads\/2025\/11\/emraude-image-produit.jpeg","contentUrl":"https:\/\/www.spirit-us.eu\/wp-content\/uploads\/2025\/11\/emraude-image-produit.jpeg","width":1600,"height":1600},{"@type":"BreadcrumbList","@id":"https:\/\/www.spirit-us.eu\/index.php\/produit\/bracelet-en-emeraude\/#breadcrumb","itemListElement":[{"@type":"ListItem","position":1,"name":"Accueil","item":"https:\/\/www.spirit-us.eu\/"},{"@type":"ListItem","position":2,"name":"Boutique","item":"https:\/\/www.spirit-us.eu\/index.php\/boutique\/"},{"@type":"ListItem","position":3,"name":"BRACELET en EMERAUDE"}]},{"@type":"WebSite","@id":"https:\/\/www.spirit-us.eu\/#website","url":"https:\/\/www.spirit-us.eu\/","name":"Spirit-US","description":"","publisher":{"@id":"https:\/\/www.spirit-us.eu\/#organization"},"potentialAction":[{"@type":"SearchAction","target":{"@type":"EntryPoint","urlTemplate":"https:\/\/www.spirit-us.eu\/?s={search_term_string}"},"query-input":{"@type":"PropertyValueSpecification","valueRequired":true,"valueName":"search_term_string"}}],"inLanguage":"fr-FR"},{"@type":"Organization","@id":"https:\/\/www.spirit-us.eu\/#organization","name":"Spirit-US","url":"https:\/\/www.spirit-us.eu\/","logo":{"@type":"ImageObject","inLanguage":"fr-FR","@id":"https:\/\/www.spirit-us.eu\/#\/schema\/logo\/image\/","url":"https:\/\/www.spirit-us.eu\/wp-content\/uploads\/2025\/11\/logo-regarde-linterlocutrice-sans-arrriere-plan.jpg","contentUrl":"https:\/\/www.spirit-us.eu\/wp-content\/uploads\/2025\/11\/logo-regarde-linterlocutrice-sans-arrriere-plan.jpg","width":1080,"height":1080,"caption":"Spirit-US"},"image":{"@id":"https:\/\/www.spirit-us.eu\/#\/schema\/logo\/image\/"},"sameAs":["https:\/\/www.facebook.com\/spirit.us.deum"]}]}},"jetpack_sharing_enabled":true,"_links":{"self":[{"href":"https:\/\/www.spirit-us.eu\/index.php\/wp-json\/wp\/v2\/product\/2430","targetHints":{"allow":["GET"]}}],"collection":[{"href":"https:\/\/www.spirit-us.eu\/index.php\/wp-json\/wp\/v2\/product"}],"about":[{"href":"https:\/\/www.spirit-us.eu\/index.php\/wp-json\/wp\/v2\/types\/product"}],"replies":[{"embeddable":true,"href":"https:\/\/www.spirit-us.eu\/index.php\/wp-json\/wp\/v2\/comments?post=2430"}],"wp:featuredmedia":[{"embeddable":true,"href":"https:\/\/www.spirit-us.eu\/index.php\/wp-json\/wp\/v2\/media\/2431"}],"wp:attachment":[{"href":"https:\/\/www.spirit-us.eu\/index.php\/wp-json\/wp\/v2\/media?parent=2430"}],"wp:term":[{"taxonomy":"product_brand","embeddable":true,"href":"https:\/\/www.spirit-us.eu\/index.php\/wp-json\/wp\/v2\/product_brand?post=2430"},{"taxonomy":"product_cat","embeddable":true,"href":"https:\/\/www.spirit-us.eu\/index.php\/wp-json\/wp\/v2\/product_cat?post=2430"},{"taxonomy":"product_tag","embeddable":true,"href":"https:\/\/www.spirit-us.eu\/index.php\/wp-json\/wp\/v2\/product_tag?post=2430"},{"taxonomy":"mwb_booking_cost","embeddable":true,"href":"https:\/\/www.spirit-us.eu\/index.php\/wp-json\/wp\/v2\/mwb_booking_cost?post=2430"},{"taxonomy":"mwb_booking_service","embeddable":true,"href":"https:\/\/www.spirit-us.eu\/index.php\/wp-json\/wp\/v2\/mwb_booking_service?post=2430"}],"curies":[{"name":"wp","href":"https:\/\/api.w.org\/{rel}","templated":true}]}}