{"id":2424,"date":"2025-11-12T16:18:50","date_gmt":"2025-11-12T15:18:50","guid":{"rendered":"https:\/\/www.spirit-us.eu\/?post_type=product&#038;p=2424"},"modified":"2025-12-17T10:43:01","modified_gmt":"2025-12-17T09:43:01","slug":"bracelet-en-super-seven-taux-vibratoire","status":"publish","type":"product","link":"https:\/\/www.spirit-us.eu\/index.php\/produit\/bracelet-en-super-seven-taux-vibratoire\/","title":{"rendered":"BRACELET en SUPER SEVEN (taux vibratoire)"},"content":{"rendered":"<p><strong>Pr\u00e9sentation\u00a0: <\/strong>bijou livr\u00e9 dans une jolie pochette de couleur proche de celle des pierres naturelles composant le bracelet et en fonction du stock<\/p>\n<p><strong>Type<\/strong> :\u00a0\u00a0bracelet simple \u2013 pierres naturelles\u00a0 baroques de 6 mm<\/p>\n<p><strong>De facture 100% artisanale<\/strong><\/p>\n<p><strong>Pierre(s) naturelles<\/strong> : dites super seven ou cacox\u00e9nite<\/p>\n<p><strong>Qualit\u00e9<\/strong> : AA (Tr\u00e8s \u00e9lev\u00e9e)<\/p>\n<p><strong>Couleur <\/strong>: tous les tons de mauve et violet, tr\u00e8s claire jusque tr\u00e8s fonc\u00e9<\/p>\n<p><strong>Apparence<\/strong> : Ovales \/ Polies<\/p>\n<p><strong>Taille des perles : <\/strong>6 mm baroques<\/p>\n<p><strong>Tour de poignet<\/strong>\u00a0: 18-22\u00a0 cm<\/p>\n<p>La taille des perles peut varier de 07,5 \u00e0 08,5mm, car elles sont fabriqu\u00e9es de fa\u00e7on artisanale, ce qui explique que leur taille puisse varier.<\/p>\n<p><strong>Montage<\/strong>\u00a0: fil \u00e9lastique nylon 0,8mm transparent ou color\u00e9 selon la couleur dominante des pierres du bracelet<\/p>\n<p>Photos tous droits r\u00e9serv\u00e9s.<\/p>\n<p>Le prix est indiqu\u00e9 pour une pi\u00e8ce, mais vous pouvez cr\u00e9er des synergies comme dans la photo o\u00f9 la tourmaline rose est harmonis\u00e9e avec un bracelet en pierre super seven.<\/p>\n<p>&nbsp;<\/p>\n","protected":false},"excerpt":{"rendered":"<p style=\"text-align: justify;\">Offrez-vous \u2013 ou offrez \u00e0 quelqu\u2019un que vous aimez ce magnifique bracelet, discret, d&rsquo;une belle couleur toute douce. La\u00a0pierre Super Seven, \u00e9galement connue sous le nom de\u00a0cacox\u00e9nite, est une pierre semi-pr\u00e9cieuse fascinante qui pr\u00e9sente une combinaison unique de plusieurs\u00a0min\u00e9raux. Elle est consid\u00e9r\u00e9e comme une pierre avec un fort\u00a0taux vibratoire, recherch\u00e9e non seulement pour sa beaut\u00e9 esth\u00e9tique mais aussi pour ses\u00a0propri\u00e9t\u00e9s apaisantes\u00a0et spirituelles. Cette pierre sp\u00e9ciale est une\u00a0fusion naturelle\u00a0d&rsquo;inclusions de sept quartz diff\u00e9rents, d&rsquo;o\u00f9 le nom \u00ab\u00a0Super Seven\u00a0\u00bb. Ces min\u00e9raux comprennent\u00a0l&rsquo;am\u00e9thyste, le\u00a0cristal de roche, la\u00a0l\u00e9pidocrocite, la\u00a0cacox\u00e9nite, la\u00a0goethite, le\u00a0cristal de roche rutile\u00a0et le\u00a0cristal de roche fum\u00e9. Chacun de ces\u00a0cristaux\u00a0apporte ses propres \u00e9nergies et propri\u00e9t\u00e9s, cr\u00e9ant une synergie puissante et unique. Explorez les propri\u00e9t\u00e9s uniques de la\u00a0pierre Super Seven\u00a0gr\u00e2ce \u00e0 cette fiche d\u00e9taill\u00e9e de\u00a0lithoth\u00e9rapie.<\/p>\n","protected":false},"featured_media":2427,"comment_status":"open","ping_status":"closed","template":"","meta":[],"product_brand":[],"product_cat":[156,460,17],"product_tag":[350],"mwb_booking_cost":[],"mwb_booking_service":[],"class_list":{"0":"post-2424","1":"product","2":"type-product","3":"status-publish","4":"has-post-thumbnail","6":"product_cat-04-bijoux","7":"product_cat-bracelets","8":"product_cat-tous-les-produits","9":"product_tag-harmonisation","11":"first","12":"instock","13":"shipping-taxable","14":"purchasable","15":"product-type-simple"},"yoast_head":"<!-- This site is optimized with the Yoast SEO plugin v27.1.1 - https:\/\/yoast.com\/product\/yoast-seo-wordpress\/ -->\n<title>BRACELET en SUPER SEVEN (taux vibratoire) - Spirit-US<\/title>\n<meta name=\"robots\" content=\"index, follow, max-snippet:-1, max-image-preview:large, max-video-preview:-1\" \/>\n<link rel=\"canonical\" href=\"https:\/\/www.spirit-us.eu\/index.php\/produit\/bracelet-en-super-seven-taux-vibratoire\/\" \/>\n<meta property=\"og:locale\" content=\"fr_FR\" \/>\n<meta property=\"og:type\" content=\"article\" \/>\n<meta property=\"og:title\" content=\"BRACELET en SUPER SEVEN (taux vibratoire) - Spirit-US\" \/>\n<meta property=\"og:description\" content=\"Offrez-vous \u2013 ou offrez \u00e0 quelqu\u2019un que vous aimez ce magnifique bracelet, discret, d&#039;une belle couleur toute douce. La\u00a0pierre Super Seven, \u00e9galement connue sous le nom de\u00a0cacox\u00e9nite, est une pierre semi-pr\u00e9cieuse fascinante qui pr\u00e9sente une combinaison unique de plusieurs\u00a0min\u00e9raux. Elle est consid\u00e9r\u00e9e comme une pierre avec un fort\u00a0taux vibratoire, recherch\u00e9e non seulement pour sa beaut\u00e9 esth\u00e9tique mais aussi pour ses\u00a0propri\u00e9t\u00e9s apaisantes\u00a0et spirituelles. Cette pierre sp\u00e9ciale est une\u00a0fusion naturelle\u00a0d&#039;inclusions de sept quartz diff\u00e9rents, d&#039;o\u00f9 le nom \u00ab\u00a0Super Seven\u00a0\u00bb. Ces min\u00e9raux comprennent\u00a0l&#039;am\u00e9thyste, le\u00a0cristal de roche, la\u00a0l\u00e9pidocrocite, la\u00a0cacox\u00e9nite, la\u00a0goethite, le\u00a0cristal de roche rutile\u00a0et le\u00a0cristal de roche fum\u00e9. Chacun de ces\u00a0cristaux\u00a0apporte ses propres \u00e9nergies et propri\u00e9t\u00e9s, cr\u00e9ant une synergie puissante et unique. Explorez les propri\u00e9t\u00e9s uniques de la\u00a0pierre Super Seven\u00a0gr\u00e2ce \u00e0 cette fiche d\u00e9taill\u00e9e de\u00a0lithoth\u00e9rapie.\" \/>\n<meta property=\"og:url\" content=\"https:\/\/www.spirit-us.eu\/index.php\/produit\/bracelet-en-super-seven-taux-vibratoire\/\" \/>\n<meta property=\"og:site_name\" content=\"Spirit-US\" \/>\n<meta property=\"article:publisher\" content=\"https:\/\/www.facebook.com\/spirit.us.deum\" \/>\n<meta property=\"article:modified_time\" content=\"2025-12-17T09:43:01+00:00\" \/>\n<meta property=\"og:image\" content=\"https:\/\/www.spirit-us.eu\/wp-content\/uploads\/2025\/11\/IMG_7167.jpg\" \/>\n\t<meta property=\"og:image:width\" content=\"2410\" \/>\n\t<meta property=\"og:image:height\" content=\"2300\" \/>\n\t<meta property=\"og:image:type\" content=\"image\/jpeg\" \/>\n<meta name=\"twitter:card\" content=\"summary_large_image\" \/>\n<meta name=\"twitter:label1\" content=\"Dur\u00e9e de lecture estim\u00e9e\" \/>\n\t<meta name=\"twitter:data1\" content=\"1 minute\" \/>\n<script type=\"application\/ld+json\" class=\"yoast-schema-graph\">{\"@context\":\"https:\/\/schema.org\",\"@graph\":[{\"@type\":\"WebPage\",\"@id\":\"https:\/\/www.spirit-us.eu\/index.php\/produit\/bracelet-en-super-seven-taux-vibratoire\/\",\"url\":\"https:\/\/www.spirit-us.eu\/index.php\/produit\/bracelet-en-super-seven-taux-vibratoire\/\",\"name\":\"BRACELET en SUPER SEVEN (taux vibratoire) - Spirit-US\",\"isPartOf\":{\"@id\":\"https:\/\/www.spirit-us.eu\/#website\"},\"primaryImageOfPage\":{\"@id\":\"https:\/\/www.spirit-us.eu\/index.php\/produit\/bracelet-en-super-seven-taux-vibratoire\/#primaryimage\"},\"image\":{\"@id\":\"https:\/\/www.spirit-us.eu\/index.php\/produit\/bracelet-en-super-seven-taux-vibratoire\/#primaryimage\"},\"thumbnailUrl\":\"https:\/\/www.spirit-us.eu\/wp-content\/uploads\/2025\/11\/IMG_7167.jpg\",\"datePublished\":\"2025-11-12T15:18:50+00:00\",\"dateModified\":\"2025-12-17T09:43:01+00:00\",\"breadcrumb\":{\"@id\":\"https:\/\/www.spirit-us.eu\/index.php\/produit\/bracelet-en-super-seven-taux-vibratoire\/#breadcrumb\"},\"inLanguage\":\"fr-FR\",\"potentialAction\":[{\"@type\":\"ReadAction\",\"target\":[\"https:\/\/www.spirit-us.eu\/index.php\/produit\/bracelet-en-super-seven-taux-vibratoire\/\"]}]},{\"@type\":\"ImageObject\",\"inLanguage\":\"fr-FR\",\"@id\":\"https:\/\/www.spirit-us.eu\/index.php\/produit\/bracelet-en-super-seven-taux-vibratoire\/#primaryimage\",\"url\":\"https:\/\/www.spirit-us.eu\/wp-content\/uploads\/2025\/11\/IMG_7167.jpg\",\"contentUrl\":\"https:\/\/www.spirit-us.eu\/wp-content\/uploads\/2025\/11\/IMG_7167.jpg\",\"width\":2410,\"height\":2300},{\"@type\":\"BreadcrumbList\",\"@id\":\"https:\/\/www.spirit-us.eu\/index.php\/produit\/bracelet-en-super-seven-taux-vibratoire\/#breadcrumb\",\"itemListElement\":[{\"@type\":\"ListItem\",\"position\":1,\"name\":\"Accueil\",\"item\":\"https:\/\/www.spirit-us.eu\/\"},{\"@type\":\"ListItem\",\"position\":2,\"name\":\"Boutique\",\"item\":\"https:\/\/www.spirit-us.eu\/index.php\/boutique\/\"},{\"@type\":\"ListItem\",\"position\":3,\"name\":\"BRACELET en SUPER SEVEN (taux vibratoire)\"}]},{\"@type\":\"WebSite\",\"@id\":\"https:\/\/www.spirit-us.eu\/#website\",\"url\":\"https:\/\/www.spirit-us.eu\/\",\"name\":\"Spirit-US\",\"description\":\"\",\"publisher\":{\"@id\":\"https:\/\/www.spirit-us.eu\/#organization\"},\"potentialAction\":[{\"@type\":\"SearchAction\",\"target\":{\"@type\":\"EntryPoint\",\"urlTemplate\":\"https:\/\/www.spirit-us.eu\/?s={search_term_string}\"},\"query-input\":{\"@type\":\"PropertyValueSpecification\",\"valueRequired\":true,\"valueName\":\"search_term_string\"}}],\"inLanguage\":\"fr-FR\"},{\"@type\":\"Organization\",\"@id\":\"https:\/\/www.spirit-us.eu\/#organization\",\"name\":\"Spirit-US\",\"url\":\"https:\/\/www.spirit-us.eu\/\",\"logo\":{\"@type\":\"ImageObject\",\"inLanguage\":\"fr-FR\",\"@id\":\"https:\/\/www.spirit-us.eu\/#\/schema\/logo\/image\/\",\"url\":\"https:\/\/www.spirit-us.eu\/wp-content\/uploads\/2025\/11\/logo-regarde-linterlocutrice-sans-arrriere-plan.jpg\",\"contentUrl\":\"https:\/\/www.spirit-us.eu\/wp-content\/uploads\/2025\/11\/logo-regarde-linterlocutrice-sans-arrriere-plan.jpg\",\"width\":1080,\"height\":1080,\"caption\":\"Spirit-US\"},\"image\":{\"@id\":\"https:\/\/www.spirit-us.eu\/#\/schema\/logo\/image\/\"},\"sameAs\":[\"https:\/\/www.facebook.com\/spirit.us.deum\"]}]}<\/script>\n<!-- \/ Yoast SEO plugin. -->","yoast_head_json":{"title":"BRACELET en SUPER SEVEN (taux vibratoire) - Spirit-US","robots":{"index":"index","follow":"follow","max-snippet":"max-snippet:-1","max-image-preview":"max-image-preview:large","max-video-preview":"max-video-preview:-1"},"canonical":"https:\/\/www.spirit-us.eu\/index.php\/produit\/bracelet-en-super-seven-taux-vibratoire\/","og_locale":"fr_FR","og_type":"article","og_title":"BRACELET en SUPER SEVEN (taux vibratoire) - Spirit-US","og_description":"Offrez-vous \u2013 ou offrez \u00e0 quelqu\u2019un que vous aimez ce magnifique bracelet, discret, d'une belle couleur toute douce. La\u00a0pierre Super Seven, \u00e9galement connue sous le nom de\u00a0cacox\u00e9nite, est une pierre semi-pr\u00e9cieuse fascinante qui pr\u00e9sente une combinaison unique de plusieurs\u00a0min\u00e9raux. Elle est consid\u00e9r\u00e9e comme une pierre avec un fort\u00a0taux vibratoire, recherch\u00e9e non seulement pour sa beaut\u00e9 esth\u00e9tique mais aussi pour ses\u00a0propri\u00e9t\u00e9s apaisantes\u00a0et spirituelles. Cette pierre sp\u00e9ciale est une\u00a0fusion naturelle\u00a0d'inclusions de sept quartz diff\u00e9rents, d'o\u00f9 le nom \u00ab\u00a0Super Seven\u00a0\u00bb. Ces min\u00e9raux comprennent\u00a0l'am\u00e9thyste, le\u00a0cristal de roche, la\u00a0l\u00e9pidocrocite, la\u00a0cacox\u00e9nite, la\u00a0goethite, le\u00a0cristal de roche rutile\u00a0et le\u00a0cristal de roche fum\u00e9. Chacun de ces\u00a0cristaux\u00a0apporte ses propres \u00e9nergies et propri\u00e9t\u00e9s, cr\u00e9ant une synergie puissante et unique. Explorez les propri\u00e9t\u00e9s uniques de la\u00a0pierre Super Seven\u00a0gr\u00e2ce \u00e0 cette fiche d\u00e9taill\u00e9e de\u00a0lithoth\u00e9rapie.","og_url":"https:\/\/www.spirit-us.eu\/index.php\/produit\/bracelet-en-super-seven-taux-vibratoire\/","og_site_name":"Spirit-US","article_publisher":"https:\/\/www.facebook.com\/spirit.us.deum","article_modified_time":"2025-12-17T09:43:01+00:00","og_image":[{"width":2410,"height":2300,"url":"https:\/\/www.spirit-us.eu\/wp-content\/uploads\/2025\/11\/IMG_7167.jpg","type":"image\/jpeg"}],"twitter_card":"summary_large_image","twitter_misc":{"Dur\u00e9e de lecture estim\u00e9e":"1 minute"},"schema":{"@context":"https:\/\/schema.org","@graph":[{"@type":"WebPage","@id":"https:\/\/www.spirit-us.eu\/index.php\/produit\/bracelet-en-super-seven-taux-vibratoire\/","url":"https:\/\/www.spirit-us.eu\/index.php\/produit\/bracelet-en-super-seven-taux-vibratoire\/","name":"BRACELET en SUPER SEVEN (taux vibratoire) - Spirit-US","isPartOf":{"@id":"https:\/\/www.spirit-us.eu\/#website"},"primaryImageOfPage":{"@id":"https:\/\/www.spirit-us.eu\/index.php\/produit\/bracelet-en-super-seven-taux-vibratoire\/#primaryimage"},"image":{"@id":"https:\/\/www.spirit-us.eu\/index.php\/produit\/bracelet-en-super-seven-taux-vibratoire\/#primaryimage"},"thumbnailUrl":"https:\/\/www.spirit-us.eu\/wp-content\/uploads\/2025\/11\/IMG_7167.jpg","datePublished":"2025-11-12T15:18:50+00:00","dateModified":"2025-12-17T09:43:01+00:00","breadcrumb":{"@id":"https:\/\/www.spirit-us.eu\/index.php\/produit\/bracelet-en-super-seven-taux-vibratoire\/#breadcrumb"},"inLanguage":"fr-FR","potentialAction":[{"@type":"ReadAction","target":["https:\/\/www.spirit-us.eu\/index.php\/produit\/bracelet-en-super-seven-taux-vibratoire\/"]}]},{"@type":"ImageObject","inLanguage":"fr-FR","@id":"https:\/\/www.spirit-us.eu\/index.php\/produit\/bracelet-en-super-seven-taux-vibratoire\/#primaryimage","url":"https:\/\/www.spirit-us.eu\/wp-content\/uploads\/2025\/11\/IMG_7167.jpg","contentUrl":"https:\/\/www.spirit-us.eu\/wp-content\/uploads\/2025\/11\/IMG_7167.jpg","width":2410,"height":2300},{"@type":"BreadcrumbList","@id":"https:\/\/www.spirit-us.eu\/index.php\/produit\/bracelet-en-super-seven-taux-vibratoire\/#breadcrumb","itemListElement":[{"@type":"ListItem","position":1,"name":"Accueil","item":"https:\/\/www.spirit-us.eu\/"},{"@type":"ListItem","position":2,"name":"Boutique","item":"https:\/\/www.spirit-us.eu\/index.php\/boutique\/"},{"@type":"ListItem","position":3,"name":"BRACELET en SUPER SEVEN (taux vibratoire)"}]},{"@type":"WebSite","@id":"https:\/\/www.spirit-us.eu\/#website","url":"https:\/\/www.spirit-us.eu\/","name":"Spirit-US","description":"","publisher":{"@id":"https:\/\/www.spirit-us.eu\/#organization"},"potentialAction":[{"@type":"SearchAction","target":{"@type":"EntryPoint","urlTemplate":"https:\/\/www.spirit-us.eu\/?s={search_term_string}"},"query-input":{"@type":"PropertyValueSpecification","valueRequired":true,"valueName":"search_term_string"}}],"inLanguage":"fr-FR"},{"@type":"Organization","@id":"https:\/\/www.spirit-us.eu\/#organization","name":"Spirit-US","url":"https:\/\/www.spirit-us.eu\/","logo":{"@type":"ImageObject","inLanguage":"fr-FR","@id":"https:\/\/www.spirit-us.eu\/#\/schema\/logo\/image\/","url":"https:\/\/www.spirit-us.eu\/wp-content\/uploads\/2025\/11\/logo-regarde-linterlocutrice-sans-arrriere-plan.jpg","contentUrl":"https:\/\/www.spirit-us.eu\/wp-content\/uploads\/2025\/11\/logo-regarde-linterlocutrice-sans-arrriere-plan.jpg","width":1080,"height":1080,"caption":"Spirit-US"},"image":{"@id":"https:\/\/www.spirit-us.eu\/#\/schema\/logo\/image\/"},"sameAs":["https:\/\/www.facebook.com\/spirit.us.deum"]}]}},"jetpack_sharing_enabled":true,"_links":{"self":[{"href":"https:\/\/www.spirit-us.eu\/index.php\/wp-json\/wp\/v2\/product\/2424","targetHints":{"allow":["GET"]}}],"collection":[{"href":"https:\/\/www.spirit-us.eu\/index.php\/wp-json\/wp\/v2\/product"}],"about":[{"href":"https:\/\/www.spirit-us.eu\/index.php\/wp-json\/wp\/v2\/types\/product"}],"replies":[{"embeddable":true,"href":"https:\/\/www.spirit-us.eu\/index.php\/wp-json\/wp\/v2\/comments?post=2424"}],"wp:featuredmedia":[{"embeddable":true,"href":"https:\/\/www.spirit-us.eu\/index.php\/wp-json\/wp\/v2\/media\/2427"}],"wp:attachment":[{"href":"https:\/\/www.spirit-us.eu\/index.php\/wp-json\/wp\/v2\/media?parent=2424"}],"wp:term":[{"taxonomy":"product_brand","embeddable":true,"href":"https:\/\/www.spirit-us.eu\/index.php\/wp-json\/wp\/v2\/product_brand?post=2424"},{"taxonomy":"product_cat","embeddable":true,"href":"https:\/\/www.spirit-us.eu\/index.php\/wp-json\/wp\/v2\/product_cat?post=2424"},{"taxonomy":"product_tag","embeddable":true,"href":"https:\/\/www.spirit-us.eu\/index.php\/wp-json\/wp\/v2\/product_tag?post=2424"},{"taxonomy":"mwb_booking_cost","embeddable":true,"href":"https:\/\/www.spirit-us.eu\/index.php\/wp-json\/wp\/v2\/mwb_booking_cost?post=2424"},{"taxonomy":"mwb_booking_service","embeddable":true,"href":"https:\/\/www.spirit-us.eu\/index.php\/wp-json\/wp\/v2\/mwb_booking_service?post=2424"}],"curies":[{"name":"wp","href":"https:\/\/api.w.org\/{rel}","templated":true}]}}