{"id":2397,"date":"2025-11-12T13:30:29","date_gmt":"2025-11-12T12:30:29","guid":{"rendered":"https:\/\/www.spirit-us.eu\/?post_type=product&#038;p=2397"},"modified":"2025-12-17T17:52:17","modified_gmt":"2025-12-17T16:52:17","slug":"sculpture-motif-gingko-elegance-de-la-decoration-or","status":"publish","type":"product","link":"https:\/\/www.spirit-us.eu\/index.php\/produit\/sculpture-motif-gingko-elegance-de-la-decoration-or\/","title":{"rendered":"SCULPTURE motif GINGKO \u2013 \u00e9l\u00e9gance de la d\u00e9coration OR"},"content":{"rendered":"<p><strong>Mat\u00e9riau\u00a0<\/strong>: acier et r\u00e9sine<\/p>\n<p><strong>Socle\u00a0<\/strong>: r\u00e9sine noire agr\u00e9ment\u00e9 d&rsquo;un petit oiseau dor\u00e9<\/p>\n<p><strong>Couleur<\/strong> : or (socle noir)<\/p>\n<p><strong>Dimensions<\/strong>\u00a0:<\/p>\n<ul>\n<li>Hauteur\u00a0 30,5 cm<\/li>\n<li>Largeur\u00a0 25 cm<\/li>\n<li>Profondeur 16,5 cm<\/li>\n<li>Hauteur du socle : 8,5 cm<\/li>\n<\/ul>\n<p>&nbsp;<\/p>\n","protected":false},"excerpt":{"rendered":"<p style=\"text-align: justify;\">Sculpture en forme de feuilles de ginkgo dor\u00e9es ou dor\u00e9e et bleu canard (voir notre autre sculpture) \u2013 D\u00e9coration de table en m\u00e9tal inspir\u00e9e de la nature, du majestueux Gingko Biloba, pour la salle \u00e0 manger, le s\u00e9jour, ou la biblioth\u00e8que. Finition soign\u00e9e, cadeau id\u00e9al \u00e0 offrir ou \u00e0 s\u2019offrir pour d\u00e9corer votre int\u00e9rieur de fa\u00e7on originale et sophistiqu\u00e9e.\u00a0 Cette sculpture s\u2019harmonise avec d\u2019autres articles de notre collection GINGKO. La symbolique du gingko biloba est ancestrale et conf\u00e8re la chance, la long\u00e9vit\u00e9 et une grande puissance de travail \u00e0 qui porte le bijou, s\u2019entoure d\u2019objets le repr\u00e9sentant, ou consomme la plante. Lorsque vous lancez une belle entreprise, entourez-vous des vertus du gingko dont on dit qu\u2019il est le plus vieil arbre du monde.\u00a0 Nourrissez votre cerveau de sa teinture-m\u00e8re, portez ses couleurs en bijoux et offrez-vous des \u00e9l\u00e9ments de d\u00e9coration Fend Shui qui vous maintiendront dans l\u2019intention et dans la r\u00e9ussite. El\u00e9gance garantie. A noter, son socle est agr\u00e9ment\u00e9 d\u2019une petite sculpture en forme d\u2019oiseau dor\u00e9 car il est consid\u00e9r\u00e9 comme un symbole de spiritualit\u00e9 et l\u2019oiseau est le messager entre les mondes spirituel et terrestre ; il est aussi associ\u00e9 \u00e0 la protection des \u00e2mes et parfois li\u00e9 \u00e0 la dualit\u00e9 (yin et yang) en raison de sa feuille unique divis\u00e9e en deux lobes, une symbolique que l&rsquo;on retrouve dans l&rsquo;art.<\/p>\n","protected":false},"featured_media":2398,"comment_status":"open","ping_status":"closed","template":"","meta":[],"product_brand":[],"product_cat":[496,180,17],"product_tag":[357,362],"mwb_booking_cost":[],"mwb_booking_service":[],"class_list":{"0":"post-2397","1":"product","2":"type-product","3":"status-publish","4":"has-post-thumbnail","6":"product_cat-gingko-biloba","7":"product_cat-09-decoration","8":"product_cat-tous-les-produits","9":"product_tag-gingko-collection","10":"product_tag-sculpture-pour-table","12":"first","13":"instock","14":"shipping-taxable","15":"purchasable","16":"product-type-simple"},"yoast_head":"<!-- This site is optimized with the Yoast SEO plugin v27.1.1 - https:\/\/yoast.com\/product\/yoast-seo-wordpress\/ -->\n<title>SCULPTURE motif GINGKO \u2013 \u00e9l\u00e9gance de la d\u00e9coration OR - Spirit-US<\/title>\n<meta name=\"robots\" content=\"index, follow, max-snippet:-1, max-image-preview:large, max-video-preview:-1\" \/>\n<link rel=\"canonical\" href=\"https:\/\/www.spirit-us.eu\/index.php\/produit\/sculpture-motif-gingko-elegance-de-la-decoration-or\/\" \/>\n<meta property=\"og:locale\" content=\"fr_FR\" \/>\n<meta property=\"og:type\" content=\"article\" \/>\n<meta property=\"og:title\" content=\"SCULPTURE motif GINGKO \u2013 \u00e9l\u00e9gance de la d\u00e9coration OR - Spirit-US\" \/>\n<meta property=\"og:description\" content=\"Sculpture en forme de feuilles de ginkgo dor\u00e9es ou dor\u00e9e et bleu canard (voir notre autre sculpture) \u2013 D\u00e9coration de table en m\u00e9tal inspir\u00e9e de la nature, du majestueux Gingko Biloba, pour la salle \u00e0 manger, le s\u00e9jour, ou la biblioth\u00e8que. Finition soign\u00e9e, cadeau id\u00e9al \u00e0 offrir ou \u00e0 s\u2019offrir pour d\u00e9corer votre int\u00e9rieur de fa\u00e7on originale et sophistiqu\u00e9e.\u00a0 Cette sculpture s\u2019harmonise avec d\u2019autres articles de notre collection GINGKO. La symbolique du gingko biloba est ancestrale et conf\u00e8re la chance, la long\u00e9vit\u00e9 et une grande puissance de travail \u00e0 qui porte le bijou, s\u2019entoure d\u2019objets le repr\u00e9sentant, ou consomme la plante. Lorsque vous lancez une belle entreprise, entourez-vous des vertus du gingko dont on dit qu\u2019il est le plus vieil arbre du monde.\u00a0 Nourrissez votre cerveau de sa teinture-m\u00e8re, portez ses couleurs en bijoux et offrez-vous des \u00e9l\u00e9ments de d\u00e9coration Fend Shui qui vous maintiendront dans l\u2019intention et dans la r\u00e9ussite. El\u00e9gance garantie. A noter, son socle est agr\u00e9ment\u00e9 d\u2019une petite sculpture en forme d\u2019oiseau dor\u00e9 car il est consid\u00e9r\u00e9 comme un symbole de spiritualit\u00e9 et l\u2019oiseau est le messager entre les mondes spirituel et terrestre ; il est aussi associ\u00e9 \u00e0 la protection des \u00e2mes et parfois li\u00e9 \u00e0 la dualit\u00e9 (yin et yang) en raison de sa feuille unique divis\u00e9e en deux lobes, une symbolique que l&#039;on retrouve dans l&#039;art.\" \/>\n<meta property=\"og:url\" content=\"https:\/\/www.spirit-us.eu\/index.php\/produit\/sculpture-motif-gingko-elegance-de-la-decoration-or\/\" \/>\n<meta property=\"og:site_name\" content=\"Spirit-US\" \/>\n<meta property=\"article:publisher\" content=\"https:\/\/www.facebook.com\/spirit.us.deum\" \/>\n<meta property=\"article:modified_time\" content=\"2025-12-17T16:52:17+00:00\" \/>\n<meta property=\"og:image\" content=\"https:\/\/www.spirit-us.eu\/wp-content\/uploads\/2025\/11\/sculpture-doree-image-produit-1024x1024.png\" \/>\n\t<meta property=\"og:image:width\" content=\"1024\" \/>\n\t<meta property=\"og:image:height\" content=\"1024\" \/>\n\t<meta property=\"og:image:type\" content=\"image\/png\" \/>\n<meta name=\"twitter:card\" content=\"summary_large_image\" \/>\n<script type=\"application\/ld+json\" class=\"yoast-schema-graph\">{\"@context\":\"https:\/\/schema.org\",\"@graph\":[{\"@type\":\"WebPage\",\"@id\":\"https:\/\/www.spirit-us.eu\/index.php\/produit\/sculpture-motif-gingko-elegance-de-la-decoration-or\/\",\"url\":\"https:\/\/www.spirit-us.eu\/index.php\/produit\/sculpture-motif-gingko-elegance-de-la-decoration-or\/\",\"name\":\"SCULPTURE motif GINGKO \u2013 \u00e9l\u00e9gance de la d\u00e9coration OR - Spirit-US\",\"isPartOf\":{\"@id\":\"https:\/\/www.spirit-us.eu\/#website\"},\"primaryImageOfPage\":{\"@id\":\"https:\/\/www.spirit-us.eu\/index.php\/produit\/sculpture-motif-gingko-elegance-de-la-decoration-or\/#primaryimage\"},\"image\":{\"@id\":\"https:\/\/www.spirit-us.eu\/index.php\/produit\/sculpture-motif-gingko-elegance-de-la-decoration-or\/#primaryimage\"},\"thumbnailUrl\":\"https:\/\/www.spirit-us.eu\/wp-content\/uploads\/2025\/11\/sculpture-doree-image-produit.png\",\"datePublished\":\"2025-11-12T12:30:29+00:00\",\"dateModified\":\"2025-12-17T16:52:17+00:00\",\"breadcrumb\":{\"@id\":\"https:\/\/www.spirit-us.eu\/index.php\/produit\/sculpture-motif-gingko-elegance-de-la-decoration-or\/#breadcrumb\"},\"inLanguage\":\"fr-FR\",\"potentialAction\":[{\"@type\":\"ReadAction\",\"target\":[\"https:\/\/www.spirit-us.eu\/index.php\/produit\/sculpture-motif-gingko-elegance-de-la-decoration-or\/\"]}]},{\"@type\":\"ImageObject\",\"inLanguage\":\"fr-FR\",\"@id\":\"https:\/\/www.spirit-us.eu\/index.php\/produit\/sculpture-motif-gingko-elegance-de-la-decoration-or\/#primaryimage\",\"url\":\"https:\/\/www.spirit-us.eu\/wp-content\/uploads\/2025\/11\/sculpture-doree-image-produit.png\",\"contentUrl\":\"https:\/\/www.spirit-us.eu\/wp-content\/uploads\/2025\/11\/sculpture-doree-image-produit.png\",\"width\":1080,\"height\":1080},{\"@type\":\"BreadcrumbList\",\"@id\":\"https:\/\/www.spirit-us.eu\/index.php\/produit\/sculpture-motif-gingko-elegance-de-la-decoration-or\/#breadcrumb\",\"itemListElement\":[{\"@type\":\"ListItem\",\"position\":1,\"name\":\"Accueil\",\"item\":\"https:\/\/www.spirit-us.eu\/\"},{\"@type\":\"ListItem\",\"position\":2,\"name\":\"Boutique\",\"item\":\"https:\/\/www.spirit-us.eu\/index.php\/boutique\/\"},{\"@type\":\"ListItem\",\"position\":3,\"name\":\"SCULPTURE motif GINGKO \u2013 \u00e9l\u00e9gance de la d\u00e9coration OR\"}]},{\"@type\":\"WebSite\",\"@id\":\"https:\/\/www.spirit-us.eu\/#website\",\"url\":\"https:\/\/www.spirit-us.eu\/\",\"name\":\"Spirit-US\",\"description\":\"\",\"publisher\":{\"@id\":\"https:\/\/www.spirit-us.eu\/#organization\"},\"potentialAction\":[{\"@type\":\"SearchAction\",\"target\":{\"@type\":\"EntryPoint\",\"urlTemplate\":\"https:\/\/www.spirit-us.eu\/?s={search_term_string}\"},\"query-input\":{\"@type\":\"PropertyValueSpecification\",\"valueRequired\":true,\"valueName\":\"search_term_string\"}}],\"inLanguage\":\"fr-FR\"},{\"@type\":\"Organization\",\"@id\":\"https:\/\/www.spirit-us.eu\/#organization\",\"name\":\"Spirit-US\",\"url\":\"https:\/\/www.spirit-us.eu\/\",\"logo\":{\"@type\":\"ImageObject\",\"inLanguage\":\"fr-FR\",\"@id\":\"https:\/\/www.spirit-us.eu\/#\/schema\/logo\/image\/\",\"url\":\"https:\/\/www.spirit-us.eu\/wp-content\/uploads\/2025\/11\/logo-regarde-linterlocutrice-sans-arrriere-plan.jpg\",\"contentUrl\":\"https:\/\/www.spirit-us.eu\/wp-content\/uploads\/2025\/11\/logo-regarde-linterlocutrice-sans-arrriere-plan.jpg\",\"width\":1080,\"height\":1080,\"caption\":\"Spirit-US\"},\"image\":{\"@id\":\"https:\/\/www.spirit-us.eu\/#\/schema\/logo\/image\/\"},\"sameAs\":[\"https:\/\/www.facebook.com\/spirit.us.deum\"]}]}<\/script>\n<!-- \/ Yoast SEO plugin. -->","yoast_head_json":{"title":"SCULPTURE motif GINGKO \u2013 \u00e9l\u00e9gance de la d\u00e9coration OR - Spirit-US","robots":{"index":"index","follow":"follow","max-snippet":"max-snippet:-1","max-image-preview":"max-image-preview:large","max-video-preview":"max-video-preview:-1"},"canonical":"https:\/\/www.spirit-us.eu\/index.php\/produit\/sculpture-motif-gingko-elegance-de-la-decoration-or\/","og_locale":"fr_FR","og_type":"article","og_title":"SCULPTURE motif GINGKO \u2013 \u00e9l\u00e9gance de la d\u00e9coration OR - Spirit-US","og_description":"Sculpture en forme de feuilles de ginkgo dor\u00e9es ou dor\u00e9e et bleu canard (voir notre autre sculpture) \u2013 D\u00e9coration de table en m\u00e9tal inspir\u00e9e de la nature, du majestueux Gingko Biloba, pour la salle \u00e0 manger, le s\u00e9jour, ou la biblioth\u00e8que. Finition soign\u00e9e, cadeau id\u00e9al \u00e0 offrir ou \u00e0 s\u2019offrir pour d\u00e9corer votre int\u00e9rieur de fa\u00e7on originale et sophistiqu\u00e9e.\u00a0 Cette sculpture s\u2019harmonise avec d\u2019autres articles de notre collection GINGKO. La symbolique du gingko biloba est ancestrale et conf\u00e8re la chance, la long\u00e9vit\u00e9 et une grande puissance de travail \u00e0 qui porte le bijou, s\u2019entoure d\u2019objets le repr\u00e9sentant, ou consomme la plante. Lorsque vous lancez une belle entreprise, entourez-vous des vertus du gingko dont on dit qu\u2019il est le plus vieil arbre du monde.\u00a0 Nourrissez votre cerveau de sa teinture-m\u00e8re, portez ses couleurs en bijoux et offrez-vous des \u00e9l\u00e9ments de d\u00e9coration Fend Shui qui vous maintiendront dans l\u2019intention et dans la r\u00e9ussite. El\u00e9gance garantie. A noter, son socle est agr\u00e9ment\u00e9 d\u2019une petite sculpture en forme d\u2019oiseau dor\u00e9 car il est consid\u00e9r\u00e9 comme un symbole de spiritualit\u00e9 et l\u2019oiseau est le messager entre les mondes spirituel et terrestre ; il est aussi associ\u00e9 \u00e0 la protection des \u00e2mes et parfois li\u00e9 \u00e0 la dualit\u00e9 (yin et yang) en raison de sa feuille unique divis\u00e9e en deux lobes, une symbolique que l'on retrouve dans l'art.","og_url":"https:\/\/www.spirit-us.eu\/index.php\/produit\/sculpture-motif-gingko-elegance-de-la-decoration-or\/","og_site_name":"Spirit-US","article_publisher":"https:\/\/www.facebook.com\/spirit.us.deum","article_modified_time":"2025-12-17T16:52:17+00:00","og_image":[{"width":1024,"height":1024,"url":"https:\/\/www.spirit-us.eu\/wp-content\/uploads\/2025\/11\/sculpture-doree-image-produit-1024x1024.png","type":"image\/png"}],"twitter_card":"summary_large_image","schema":{"@context":"https:\/\/schema.org","@graph":[{"@type":"WebPage","@id":"https:\/\/www.spirit-us.eu\/index.php\/produit\/sculpture-motif-gingko-elegance-de-la-decoration-or\/","url":"https:\/\/www.spirit-us.eu\/index.php\/produit\/sculpture-motif-gingko-elegance-de-la-decoration-or\/","name":"SCULPTURE motif GINGKO \u2013 \u00e9l\u00e9gance de la d\u00e9coration OR - Spirit-US","isPartOf":{"@id":"https:\/\/www.spirit-us.eu\/#website"},"primaryImageOfPage":{"@id":"https:\/\/www.spirit-us.eu\/index.php\/produit\/sculpture-motif-gingko-elegance-de-la-decoration-or\/#primaryimage"},"image":{"@id":"https:\/\/www.spirit-us.eu\/index.php\/produit\/sculpture-motif-gingko-elegance-de-la-decoration-or\/#primaryimage"},"thumbnailUrl":"https:\/\/www.spirit-us.eu\/wp-content\/uploads\/2025\/11\/sculpture-doree-image-produit.png","datePublished":"2025-11-12T12:30:29+00:00","dateModified":"2025-12-17T16:52:17+00:00","breadcrumb":{"@id":"https:\/\/www.spirit-us.eu\/index.php\/produit\/sculpture-motif-gingko-elegance-de-la-decoration-or\/#breadcrumb"},"inLanguage":"fr-FR","potentialAction":[{"@type":"ReadAction","target":["https:\/\/www.spirit-us.eu\/index.php\/produit\/sculpture-motif-gingko-elegance-de-la-decoration-or\/"]}]},{"@type":"ImageObject","inLanguage":"fr-FR","@id":"https:\/\/www.spirit-us.eu\/index.php\/produit\/sculpture-motif-gingko-elegance-de-la-decoration-or\/#primaryimage","url":"https:\/\/www.spirit-us.eu\/wp-content\/uploads\/2025\/11\/sculpture-doree-image-produit.png","contentUrl":"https:\/\/www.spirit-us.eu\/wp-content\/uploads\/2025\/11\/sculpture-doree-image-produit.png","width":1080,"height":1080},{"@type":"BreadcrumbList","@id":"https:\/\/www.spirit-us.eu\/index.php\/produit\/sculpture-motif-gingko-elegance-de-la-decoration-or\/#breadcrumb","itemListElement":[{"@type":"ListItem","position":1,"name":"Accueil","item":"https:\/\/www.spirit-us.eu\/"},{"@type":"ListItem","position":2,"name":"Boutique","item":"https:\/\/www.spirit-us.eu\/index.php\/boutique\/"},{"@type":"ListItem","position":3,"name":"SCULPTURE motif GINGKO \u2013 \u00e9l\u00e9gance de la d\u00e9coration OR"}]},{"@type":"WebSite","@id":"https:\/\/www.spirit-us.eu\/#website","url":"https:\/\/www.spirit-us.eu\/","name":"Spirit-US","description":"","publisher":{"@id":"https:\/\/www.spirit-us.eu\/#organization"},"potentialAction":[{"@type":"SearchAction","target":{"@type":"EntryPoint","urlTemplate":"https:\/\/www.spirit-us.eu\/?s={search_term_string}"},"query-input":{"@type":"PropertyValueSpecification","valueRequired":true,"valueName":"search_term_string"}}],"inLanguage":"fr-FR"},{"@type":"Organization","@id":"https:\/\/www.spirit-us.eu\/#organization","name":"Spirit-US","url":"https:\/\/www.spirit-us.eu\/","logo":{"@type":"ImageObject","inLanguage":"fr-FR","@id":"https:\/\/www.spirit-us.eu\/#\/schema\/logo\/image\/","url":"https:\/\/www.spirit-us.eu\/wp-content\/uploads\/2025\/11\/logo-regarde-linterlocutrice-sans-arrriere-plan.jpg","contentUrl":"https:\/\/www.spirit-us.eu\/wp-content\/uploads\/2025\/11\/logo-regarde-linterlocutrice-sans-arrriere-plan.jpg","width":1080,"height":1080,"caption":"Spirit-US"},"image":{"@id":"https:\/\/www.spirit-us.eu\/#\/schema\/logo\/image\/"},"sameAs":["https:\/\/www.facebook.com\/spirit.us.deum"]}]}},"jetpack_sharing_enabled":true,"_links":{"self":[{"href":"https:\/\/www.spirit-us.eu\/index.php\/wp-json\/wp\/v2\/product\/2397","targetHints":{"allow":["GET"]}}],"collection":[{"href":"https:\/\/www.spirit-us.eu\/index.php\/wp-json\/wp\/v2\/product"}],"about":[{"href":"https:\/\/www.spirit-us.eu\/index.php\/wp-json\/wp\/v2\/types\/product"}],"replies":[{"embeddable":true,"href":"https:\/\/www.spirit-us.eu\/index.php\/wp-json\/wp\/v2\/comments?post=2397"}],"wp:featuredmedia":[{"embeddable":true,"href":"https:\/\/www.spirit-us.eu\/index.php\/wp-json\/wp\/v2\/media\/2398"}],"wp:attachment":[{"href":"https:\/\/www.spirit-us.eu\/index.php\/wp-json\/wp\/v2\/media?parent=2397"}],"wp:term":[{"taxonomy":"product_brand","embeddable":true,"href":"https:\/\/www.spirit-us.eu\/index.php\/wp-json\/wp\/v2\/product_brand?post=2397"},{"taxonomy":"product_cat","embeddable":true,"href":"https:\/\/www.spirit-us.eu\/index.php\/wp-json\/wp\/v2\/product_cat?post=2397"},{"taxonomy":"product_tag","embeddable":true,"href":"https:\/\/www.spirit-us.eu\/index.php\/wp-json\/wp\/v2\/product_tag?post=2397"},{"taxonomy":"mwb_booking_cost","embeddable":true,"href":"https:\/\/www.spirit-us.eu\/index.php\/wp-json\/wp\/v2\/mwb_booking_cost?post=2397"},{"taxonomy":"mwb_booking_service","embeddable":true,"href":"https:\/\/www.spirit-us.eu\/index.php\/wp-json\/wp\/v2\/mwb_booking_service?post=2397"}],"curies":[{"name":"wp","href":"https:\/\/api.w.org\/{rel}","templated":true}]}}