{"id":2387,"date":"2025-11-12T13:05:27","date_gmt":"2025-11-12T12:05:27","guid":{"rendered":"https:\/\/www.spirit-us.eu\/?post_type=product&#038;p=2387"},"modified":"2025-12-17T17:52:39","modified_gmt":"2025-12-17T16:52:39","slug":"photophore-motif-gingko-elegance-de-la-decoration-interieure","status":"publish","type":"product","link":"https:\/\/www.spirit-us.eu\/index.php\/produit\/photophore-motif-gingko-elegance-de-la-decoration-interieure\/","title":{"rendered":"PHOTOPHORE motif GINGKO \u2013 \u00e9l\u00e9gance de la d\u00e9coration int\u00e9rieure"},"content":{"rendered":"<p><strong>Mat\u00e9riau\u00a0<\/strong>: acier<\/p>\n<p><strong>Couleur<\/strong>\u00a0: or<\/p>\n<p><strong>Dimensions<\/strong>\u00a0:<\/p>\n<ul>\n<li>Hauteur 12 cm<\/li>\n<li>Largeur 12,7 cm<\/li>\n<li>Profondeur 6 cm<\/li>\n<\/ul>\n<p>Bougie non livr\u00e9e combinable avec la sculpture. Assurez-vous que tout risque d&rsquo;incendie ou \u00e9l\u00e9ment inflammable sont \u00e9cart\u00e9s lorsque le photophore est allum\u00e9.<\/p>\n","protected":false},"excerpt":{"rendered":"<p style=\"text-align: justify;\">Petit porte-bougie, \u00e9l\u00e9gant photophore en forme de feuille de ginkgo dor\u00e9e \u2013 D\u00e9coration de table en m\u00e9tal inspir\u00e9e de la nature, du majestueux Gingko Biloba, pour la salle \u00e0 manger, le s\u00e9jour, ou la biblioth\u00e8que. Finition soign\u00e9e, cadeau id\u00e9al \u00e0 offrir ou \u00e0 s\u2019offrir\u00a0pour une soir\u00e9e cocooning \u00e0 l\u2019ambiance feutr\u00e9e.\u00a0 Ce photophore s\u2019harmonise avec d\u2019autres articles de notre collection GINGKO. La symbolique du gingko biloba est ancestrale et conf\u00e8re la chance, la long\u00e9vit\u00e9 et une grande puissance de travail \u00e0 qui porte le bijou, s\u2019entoure d\u2019objets le repr\u00e9sentant, ou consomme la plante. Lorsque vous lancez une belle entreprise, entourez-vous des vertus du gingko dont on dit qu\u2019il est le plus vieil arbre du monde.\u00a0 Nourrissez votre cerveau de sa teinture-m\u00e8re, portez ses couleurs en bijoux et offrez-vous des \u00e9l\u00e9ments de d\u00e9coration Fend Shui qui vous maintiendront dans l\u2019intention et dans la r\u00e9ussite. El\u00e9gance garantie.<\/p>\n","protected":false},"featured_media":2388,"comment_status":"open","ping_status":"closed","template":"","meta":[],"product_brand":[],"product_cat":[496,180,17],"product_tag":[357,361],"mwb_booking_cost":[],"mwb_booking_service":[],"class_list":{"0":"post-2387","1":"product","2":"type-product","3":"status-publish","4":"has-post-thumbnail","6":"product_cat-gingko-biloba","7":"product_cat-09-decoration","8":"product_cat-tous-les-produits","9":"product_tag-gingko-collection","10":"product_tag-photophore","12":"first","13":"instock","14":"shipping-taxable","15":"purchasable","16":"product-type-simple"},"yoast_head":"<!-- This site is optimized with the Yoast SEO plugin v27.1.1 - https:\/\/yoast.com\/product\/yoast-seo-wordpress\/ -->\n<title>PHOTOPHORE motif GINGKO \u2013 \u00e9l\u00e9gance de la d\u00e9coration int\u00e9rieure - Spirit-US<\/title>\n<meta name=\"robots\" content=\"index, follow, max-snippet:-1, max-image-preview:large, max-video-preview:-1\" \/>\n<link rel=\"canonical\" href=\"https:\/\/www.spirit-us.eu\/index.php\/produit\/photophore-motif-gingko-elegance-de-la-decoration-interieure\/\" \/>\n<meta property=\"og:locale\" content=\"fr_FR\" \/>\n<meta property=\"og:type\" content=\"article\" \/>\n<meta property=\"og:title\" content=\"PHOTOPHORE motif GINGKO \u2013 \u00e9l\u00e9gance de la d\u00e9coration int\u00e9rieure - Spirit-US\" \/>\n<meta property=\"og:description\" content=\"Petit porte-bougie, \u00e9l\u00e9gant photophore en forme de feuille de ginkgo dor\u00e9e \u2013 D\u00e9coration de table en m\u00e9tal inspir\u00e9e de la nature, du majestueux Gingko Biloba, pour la salle \u00e0 manger, le s\u00e9jour, ou la biblioth\u00e8que. Finition soign\u00e9e, cadeau id\u00e9al \u00e0 offrir ou \u00e0 s\u2019offrir\u00a0pour une soir\u00e9e cocooning \u00e0 l\u2019ambiance feutr\u00e9e.\u00a0 Ce photophore s\u2019harmonise avec d\u2019autres articles de notre collection GINGKO. La symbolique du gingko biloba est ancestrale et conf\u00e8re la chance, la long\u00e9vit\u00e9 et une grande puissance de travail \u00e0 qui porte le bijou, s\u2019entoure d\u2019objets le repr\u00e9sentant, ou consomme la plante. Lorsque vous lancez une belle entreprise, entourez-vous des vertus du gingko dont on dit qu\u2019il est le plus vieil arbre du monde.\u00a0 Nourrissez votre cerveau de sa teinture-m\u00e8re, portez ses couleurs en bijoux et offrez-vous des \u00e9l\u00e9ments de d\u00e9coration Fend Shui qui vous maintiendront dans l\u2019intention et dans la r\u00e9ussite. El\u00e9gance garantie.\" \/>\n<meta property=\"og:url\" content=\"https:\/\/www.spirit-us.eu\/index.php\/produit\/photophore-motif-gingko-elegance-de-la-decoration-interieure\/\" \/>\n<meta property=\"og:site_name\" content=\"Spirit-US\" \/>\n<meta property=\"article:publisher\" content=\"https:\/\/www.facebook.com\/spirit.us.deum\" \/>\n<meta property=\"article:modified_time\" content=\"2025-12-17T16:52:39+00:00\" \/>\n<meta property=\"og:image\" content=\"https:\/\/www.spirit-us.eu\/wp-content\/uploads\/2025\/11\/photophore-image-produit-oki.png\" \/>\n\t<meta property=\"og:image:width\" content=\"1080\" \/>\n\t<meta property=\"og:image:height\" content=\"1080\" \/>\n\t<meta property=\"og:image:type\" content=\"image\/png\" \/>\n<meta name=\"twitter:card\" content=\"summary_large_image\" \/>\n<script type=\"application\/ld+json\" class=\"yoast-schema-graph\">{\"@context\":\"https:\/\/schema.org\",\"@graph\":[{\"@type\":\"WebPage\",\"@id\":\"https:\/\/www.spirit-us.eu\/index.php\/produit\/photophore-motif-gingko-elegance-de-la-decoration-interieure\/\",\"url\":\"https:\/\/www.spirit-us.eu\/index.php\/produit\/photophore-motif-gingko-elegance-de-la-decoration-interieure\/\",\"name\":\"PHOTOPHORE motif GINGKO \u2013 \u00e9l\u00e9gance de la d\u00e9coration int\u00e9rieure - Spirit-US\",\"isPartOf\":{\"@id\":\"https:\/\/www.spirit-us.eu\/#website\"},\"primaryImageOfPage\":{\"@id\":\"https:\/\/www.spirit-us.eu\/index.php\/produit\/photophore-motif-gingko-elegance-de-la-decoration-interieure\/#primaryimage\"},\"image\":{\"@id\":\"https:\/\/www.spirit-us.eu\/index.php\/produit\/photophore-motif-gingko-elegance-de-la-decoration-interieure\/#primaryimage\"},\"thumbnailUrl\":\"https:\/\/www.spirit-us.eu\/wp-content\/uploads\/2025\/11\/photophore-image-produit-oki.png\",\"datePublished\":\"2025-11-12T12:05:27+00:00\",\"dateModified\":\"2025-12-17T16:52:39+00:00\",\"breadcrumb\":{\"@id\":\"https:\/\/www.spirit-us.eu\/index.php\/produit\/photophore-motif-gingko-elegance-de-la-decoration-interieure\/#breadcrumb\"},\"inLanguage\":\"fr-FR\",\"potentialAction\":[{\"@type\":\"ReadAction\",\"target\":[\"https:\/\/www.spirit-us.eu\/index.php\/produit\/photophore-motif-gingko-elegance-de-la-decoration-interieure\/\"]}]},{\"@type\":\"ImageObject\",\"inLanguage\":\"fr-FR\",\"@id\":\"https:\/\/www.spirit-us.eu\/index.php\/produit\/photophore-motif-gingko-elegance-de-la-decoration-interieure\/#primaryimage\",\"url\":\"https:\/\/www.spirit-us.eu\/wp-content\/uploads\/2025\/11\/photophore-image-produit-oki.png\",\"contentUrl\":\"https:\/\/www.spirit-us.eu\/wp-content\/uploads\/2025\/11\/photophore-image-produit-oki.png\",\"width\":1080,\"height\":1080},{\"@type\":\"BreadcrumbList\",\"@id\":\"https:\/\/www.spirit-us.eu\/index.php\/produit\/photophore-motif-gingko-elegance-de-la-decoration-interieure\/#breadcrumb\",\"itemListElement\":[{\"@type\":\"ListItem\",\"position\":1,\"name\":\"Accueil\",\"item\":\"https:\/\/www.spirit-us.eu\/\"},{\"@type\":\"ListItem\",\"position\":2,\"name\":\"Boutique\",\"item\":\"https:\/\/www.spirit-us.eu\/index.php\/boutique\/\"},{\"@type\":\"ListItem\",\"position\":3,\"name\":\"PHOTOPHORE motif GINGKO \u2013 \u00e9l\u00e9gance de la d\u00e9coration int\u00e9rieure\"}]},{\"@type\":\"WebSite\",\"@id\":\"https:\/\/www.spirit-us.eu\/#website\",\"url\":\"https:\/\/www.spirit-us.eu\/\",\"name\":\"Spirit-US\",\"description\":\"\",\"publisher\":{\"@id\":\"https:\/\/www.spirit-us.eu\/#organization\"},\"potentialAction\":[{\"@type\":\"SearchAction\",\"target\":{\"@type\":\"EntryPoint\",\"urlTemplate\":\"https:\/\/www.spirit-us.eu\/?s={search_term_string}\"},\"query-input\":{\"@type\":\"PropertyValueSpecification\",\"valueRequired\":true,\"valueName\":\"search_term_string\"}}],\"inLanguage\":\"fr-FR\"},{\"@type\":\"Organization\",\"@id\":\"https:\/\/www.spirit-us.eu\/#organization\",\"name\":\"Spirit-US\",\"url\":\"https:\/\/www.spirit-us.eu\/\",\"logo\":{\"@type\":\"ImageObject\",\"inLanguage\":\"fr-FR\",\"@id\":\"https:\/\/www.spirit-us.eu\/#\/schema\/logo\/image\/\",\"url\":\"https:\/\/www.spirit-us.eu\/wp-content\/uploads\/2025\/11\/logo-regarde-linterlocutrice-sans-arrriere-plan.jpg\",\"contentUrl\":\"https:\/\/www.spirit-us.eu\/wp-content\/uploads\/2025\/11\/logo-regarde-linterlocutrice-sans-arrriere-plan.jpg\",\"width\":1080,\"height\":1080,\"caption\":\"Spirit-US\"},\"image\":{\"@id\":\"https:\/\/www.spirit-us.eu\/#\/schema\/logo\/image\/\"},\"sameAs\":[\"https:\/\/www.facebook.com\/spirit.us.deum\"]}]}<\/script>\n<!-- \/ Yoast SEO plugin. -->","yoast_head_json":{"title":"PHOTOPHORE motif GINGKO \u2013 \u00e9l\u00e9gance de la d\u00e9coration int\u00e9rieure - Spirit-US","robots":{"index":"index","follow":"follow","max-snippet":"max-snippet:-1","max-image-preview":"max-image-preview:large","max-video-preview":"max-video-preview:-1"},"canonical":"https:\/\/www.spirit-us.eu\/index.php\/produit\/photophore-motif-gingko-elegance-de-la-decoration-interieure\/","og_locale":"fr_FR","og_type":"article","og_title":"PHOTOPHORE motif GINGKO \u2013 \u00e9l\u00e9gance de la d\u00e9coration int\u00e9rieure - Spirit-US","og_description":"Petit porte-bougie, \u00e9l\u00e9gant photophore en forme de feuille de ginkgo dor\u00e9e \u2013 D\u00e9coration de table en m\u00e9tal inspir\u00e9e de la nature, du majestueux Gingko Biloba, pour la salle \u00e0 manger, le s\u00e9jour, ou la biblioth\u00e8que. Finition soign\u00e9e, cadeau id\u00e9al \u00e0 offrir ou \u00e0 s\u2019offrir\u00a0pour une soir\u00e9e cocooning \u00e0 l\u2019ambiance feutr\u00e9e.\u00a0 Ce photophore s\u2019harmonise avec d\u2019autres articles de notre collection GINGKO. La symbolique du gingko biloba est ancestrale et conf\u00e8re la chance, la long\u00e9vit\u00e9 et une grande puissance de travail \u00e0 qui porte le bijou, s\u2019entoure d\u2019objets le repr\u00e9sentant, ou consomme la plante. Lorsque vous lancez une belle entreprise, entourez-vous des vertus du gingko dont on dit qu\u2019il est le plus vieil arbre du monde.\u00a0 Nourrissez votre cerveau de sa teinture-m\u00e8re, portez ses couleurs en bijoux et offrez-vous des \u00e9l\u00e9ments de d\u00e9coration Fend Shui qui vous maintiendront dans l\u2019intention et dans la r\u00e9ussite. El\u00e9gance garantie.","og_url":"https:\/\/www.spirit-us.eu\/index.php\/produit\/photophore-motif-gingko-elegance-de-la-decoration-interieure\/","og_site_name":"Spirit-US","article_publisher":"https:\/\/www.facebook.com\/spirit.us.deum","article_modified_time":"2025-12-17T16:52:39+00:00","og_image":[{"width":1080,"height":1080,"url":"https:\/\/www.spirit-us.eu\/wp-content\/uploads\/2025\/11\/photophore-image-produit-oki.png","type":"image\/png"}],"twitter_card":"summary_large_image","schema":{"@context":"https:\/\/schema.org","@graph":[{"@type":"WebPage","@id":"https:\/\/www.spirit-us.eu\/index.php\/produit\/photophore-motif-gingko-elegance-de-la-decoration-interieure\/","url":"https:\/\/www.spirit-us.eu\/index.php\/produit\/photophore-motif-gingko-elegance-de-la-decoration-interieure\/","name":"PHOTOPHORE motif GINGKO \u2013 \u00e9l\u00e9gance de la d\u00e9coration int\u00e9rieure - Spirit-US","isPartOf":{"@id":"https:\/\/www.spirit-us.eu\/#website"},"primaryImageOfPage":{"@id":"https:\/\/www.spirit-us.eu\/index.php\/produit\/photophore-motif-gingko-elegance-de-la-decoration-interieure\/#primaryimage"},"image":{"@id":"https:\/\/www.spirit-us.eu\/index.php\/produit\/photophore-motif-gingko-elegance-de-la-decoration-interieure\/#primaryimage"},"thumbnailUrl":"https:\/\/www.spirit-us.eu\/wp-content\/uploads\/2025\/11\/photophore-image-produit-oki.png","datePublished":"2025-11-12T12:05:27+00:00","dateModified":"2025-12-17T16:52:39+00:00","breadcrumb":{"@id":"https:\/\/www.spirit-us.eu\/index.php\/produit\/photophore-motif-gingko-elegance-de-la-decoration-interieure\/#breadcrumb"},"inLanguage":"fr-FR","potentialAction":[{"@type":"ReadAction","target":["https:\/\/www.spirit-us.eu\/index.php\/produit\/photophore-motif-gingko-elegance-de-la-decoration-interieure\/"]}]},{"@type":"ImageObject","inLanguage":"fr-FR","@id":"https:\/\/www.spirit-us.eu\/index.php\/produit\/photophore-motif-gingko-elegance-de-la-decoration-interieure\/#primaryimage","url":"https:\/\/www.spirit-us.eu\/wp-content\/uploads\/2025\/11\/photophore-image-produit-oki.png","contentUrl":"https:\/\/www.spirit-us.eu\/wp-content\/uploads\/2025\/11\/photophore-image-produit-oki.png","width":1080,"height":1080},{"@type":"BreadcrumbList","@id":"https:\/\/www.spirit-us.eu\/index.php\/produit\/photophore-motif-gingko-elegance-de-la-decoration-interieure\/#breadcrumb","itemListElement":[{"@type":"ListItem","position":1,"name":"Accueil","item":"https:\/\/www.spirit-us.eu\/"},{"@type":"ListItem","position":2,"name":"Boutique","item":"https:\/\/www.spirit-us.eu\/index.php\/boutique\/"},{"@type":"ListItem","position":3,"name":"PHOTOPHORE motif GINGKO \u2013 \u00e9l\u00e9gance de la d\u00e9coration int\u00e9rieure"}]},{"@type":"WebSite","@id":"https:\/\/www.spirit-us.eu\/#website","url":"https:\/\/www.spirit-us.eu\/","name":"Spirit-US","description":"","publisher":{"@id":"https:\/\/www.spirit-us.eu\/#organization"},"potentialAction":[{"@type":"SearchAction","target":{"@type":"EntryPoint","urlTemplate":"https:\/\/www.spirit-us.eu\/?s={search_term_string}"},"query-input":{"@type":"PropertyValueSpecification","valueRequired":true,"valueName":"search_term_string"}}],"inLanguage":"fr-FR"},{"@type":"Organization","@id":"https:\/\/www.spirit-us.eu\/#organization","name":"Spirit-US","url":"https:\/\/www.spirit-us.eu\/","logo":{"@type":"ImageObject","inLanguage":"fr-FR","@id":"https:\/\/www.spirit-us.eu\/#\/schema\/logo\/image\/","url":"https:\/\/www.spirit-us.eu\/wp-content\/uploads\/2025\/11\/logo-regarde-linterlocutrice-sans-arrriere-plan.jpg","contentUrl":"https:\/\/www.spirit-us.eu\/wp-content\/uploads\/2025\/11\/logo-regarde-linterlocutrice-sans-arrriere-plan.jpg","width":1080,"height":1080,"caption":"Spirit-US"},"image":{"@id":"https:\/\/www.spirit-us.eu\/#\/schema\/logo\/image\/"},"sameAs":["https:\/\/www.facebook.com\/spirit.us.deum"]}]}},"jetpack_sharing_enabled":true,"_links":{"self":[{"href":"https:\/\/www.spirit-us.eu\/index.php\/wp-json\/wp\/v2\/product\/2387","targetHints":{"allow":["GET"]}}],"collection":[{"href":"https:\/\/www.spirit-us.eu\/index.php\/wp-json\/wp\/v2\/product"}],"about":[{"href":"https:\/\/www.spirit-us.eu\/index.php\/wp-json\/wp\/v2\/types\/product"}],"replies":[{"embeddable":true,"href":"https:\/\/www.spirit-us.eu\/index.php\/wp-json\/wp\/v2\/comments?post=2387"}],"wp:featuredmedia":[{"embeddable":true,"href":"https:\/\/www.spirit-us.eu\/index.php\/wp-json\/wp\/v2\/media\/2388"}],"wp:attachment":[{"href":"https:\/\/www.spirit-us.eu\/index.php\/wp-json\/wp\/v2\/media?parent=2387"}],"wp:term":[{"taxonomy":"product_brand","embeddable":true,"href":"https:\/\/www.spirit-us.eu\/index.php\/wp-json\/wp\/v2\/product_brand?post=2387"},{"taxonomy":"product_cat","embeddable":true,"href":"https:\/\/www.spirit-us.eu\/index.php\/wp-json\/wp\/v2\/product_cat?post=2387"},{"taxonomy":"product_tag","embeddable":true,"href":"https:\/\/www.spirit-us.eu\/index.php\/wp-json\/wp\/v2\/product_tag?post=2387"},{"taxonomy":"mwb_booking_cost","embeddable":true,"href":"https:\/\/www.spirit-us.eu\/index.php\/wp-json\/wp\/v2\/mwb_booking_cost?post=2387"},{"taxonomy":"mwb_booking_service","embeddable":true,"href":"https:\/\/www.spirit-us.eu\/index.php\/wp-json\/wp\/v2\/mwb_booking_service?post=2387"}],"curies":[{"name":"wp","href":"https:\/\/api.w.org\/{rel}","templated":true}]}}