{"id":2381,"date":"2025-11-11T23:28:39","date_gmt":"2025-11-11T22:28:39","guid":{"rendered":"https:\/\/www.spirit-us.eu\/?post_type=product&#038;p=2381"},"modified":"2025-12-17T17:53:55","modified_gmt":"2025-12-17T16:53:55","slug":"decoration-murale-motif-gingko-feuille-dor","status":"publish","type":"product","link":"https:\/\/www.spirit-us.eu\/index.php\/produit\/decoration-murale-motif-gingko-feuille-dor\/","title":{"rendered":"D\u00e9coration murale &#8211; motif GINGKO feuille d&rsquo;or"},"content":{"rendered":"<p><strong>Mat\u00e9riau\u00a0 <\/strong>: m\u00e9tal dor\u00e9 sculpt\u00e9<\/p>\n<p><strong>M\u00e9thode de fabrication<\/strong> : sculpture, soudures<\/p>\n<p><strong>Type de motifs<\/strong>: grandes feuilles de gingko biloba en m\u00e9tal dor\u00e9<\/p>\n<p><b>M\u00e9thode de suspension : <\/b>anneau de suspension<\/p>\n<p><strong>Couleurs<\/strong>: or<\/p>\n<p><strong>Dimensions : <\/strong>\u00a021 cm de longueur x\u00a0 21 cm de largeur<\/p>\n<p><b>Tr\u00e8s d\u00e9coratif et styl\u00e9<\/b><\/p>\n<p>&nbsp;<\/p>\n","protected":false},"excerpt":{"rendered":"<p style=\"text-align: justify;\">Tr\u00e8s bel ornement mural, \u00e0 suspendre, en m\u00e9tal dor\u00e9, au motif feuilles de gingko (veines des feuilles sculpt\u00e9es dans la masse).\u00a0 Il rehaussera un coin discret du salon ou d&rsquo;une chambre ou m\u00eame d&rsquo;un bureau, ajoutant une touche d&rsquo;originalit\u00e9 et de lumi\u00e8re \u00e0 votre int\u00e9rieur.\u00a0 En effet, vous pouvez y fixer une guirlande lumineuse qui l&rsquo;\u00e9claire et met en valeur ses jolis motifs. Intemporel et p\u00e9renne, le gingko apporte une touche de sophistication au-del\u00e0 des modes et des saisons.\u00a0 La symbolique du gingko biloba est ancestrale et conf\u00e8re \u00e0 qui sait l&rsquo;utiliser\u00a0 la chance, la long\u00e9vit\u00e9 et une grande puissance de travail. Lorsque vous lancez une belle entreprise, entourez-vous des vertus du gingko dont on dit qu\u2019il est le plus vieil arbre du monde.\u00a0 Nourrissez votre cerveau de sa<a href=\"https:\/\/www.spirit-us.eu\/index.php\/produit\/le-ginko\/\" target=\"_blank\" rel=\"noopener\"> teinture-m\u00e8re<\/a>, portez ses couleurs <a href=\"https:\/\/www.spirit-us.eu\/index.php\/produit\/collier-feuille-de-gingko-perles-de-jaspe\/\" target=\"_blank\" rel=\"noopener\">en bijoux<\/a> et offrez-vous des \u00e9l\u00e9ments de d\u00e9coration Fend Shui qui vous maintiendront dans l\u2019intention et dans la r\u00e9ussite. El\u00e9gance garantie pour votre int\u00e9rieur.<\/p>\n","protected":false},"featured_media":2382,"comment_status":"open","ping_status":"closed","template":"","meta":[],"product_brand":[],"product_cat":[496,180,17],"product_tag":[357,360],"mwb_booking_cost":[],"mwb_booking_service":[],"class_list":{"0":"post-2381","1":"product","2":"type-product","3":"status-publish","4":"has-post-thumbnail","6":"product_cat-gingko-biloba","7":"product_cat-09-decoration","8":"product_cat-tous-les-produits","9":"product_tag-gingko-collection","10":"product_tag-plaid-douceur","12":"first","13":"instock","14":"shipping-taxable","15":"purchasable","16":"product-type-simple"},"yoast_head":"<!-- This site is optimized with the Yoast SEO plugin v27.1.1 - https:\/\/yoast.com\/product\/yoast-seo-wordpress\/ -->\n<title>D\u00e9coration murale - motif GINGKO feuille d&#039;or - Spirit-US<\/title>\n<meta name=\"robots\" content=\"index, follow, max-snippet:-1, max-image-preview:large, max-video-preview:-1\" \/>\n<link rel=\"canonical\" href=\"https:\/\/www.spirit-us.eu\/index.php\/produit\/decoration-murale-motif-gingko-feuille-dor\/\" \/>\n<meta property=\"og:locale\" content=\"fr_FR\" \/>\n<meta property=\"og:type\" content=\"article\" \/>\n<meta property=\"og:title\" content=\"D\u00e9coration murale - motif GINGKO feuille d&#039;or - Spirit-US\" \/>\n<meta property=\"og:description\" content=\"Tr\u00e8s bel ornement mural, \u00e0 suspendre, en m\u00e9tal dor\u00e9, au motif feuilles de gingko (veines des feuilles sculpt\u00e9es dans la masse).\u00a0 Il rehaussera un coin discret du salon ou d&#039;une chambre ou m\u00eame d&#039;un bureau, ajoutant une touche d&#039;originalit\u00e9 et de lumi\u00e8re \u00e0 votre int\u00e9rieur.\u00a0 En effet, vous pouvez y fixer une guirlande lumineuse qui l&#039;\u00e9claire et met en valeur ses jolis motifs. Intemporel et p\u00e9renne, le gingko apporte une touche de sophistication au-del\u00e0 des modes et des saisons.\u00a0 La symbolique du gingko biloba est ancestrale et conf\u00e8re \u00e0 qui sait l&#039;utiliser\u00a0 la chance, la long\u00e9vit\u00e9 et une grande puissance de travail. Lorsque vous lancez une belle entreprise, entourez-vous des vertus du gingko dont on dit qu\u2019il est le plus vieil arbre du monde.\u00a0 Nourrissez votre cerveau de sa teinture-m\u00e8re, portez ses couleurs en bijoux et offrez-vous des \u00e9l\u00e9ments de d\u00e9coration Fend Shui qui vous maintiendront dans l\u2019intention et dans la r\u00e9ussite. El\u00e9gance garantie pour votre int\u00e9rieur.\" \/>\n<meta property=\"og:url\" content=\"https:\/\/www.spirit-us.eu\/index.php\/produit\/decoration-murale-motif-gingko-feuille-dor\/\" \/>\n<meta property=\"og:site_name\" content=\"Spirit-US\" \/>\n<meta property=\"article:publisher\" content=\"https:\/\/www.facebook.com\/spirit.us.deum\" \/>\n<meta property=\"article:modified_time\" content=\"2025-12-17T16:53:55+00:00\" \/>\n<meta property=\"og:image\" content=\"https:\/\/www.spirit-us.eu\/wp-content\/uploads\/2025\/11\/gingko-fresque-murale-image-produit.png\" \/>\n\t<meta property=\"og:image:width\" content=\"1080\" \/>\n\t<meta property=\"og:image:height\" content=\"1080\" \/>\n\t<meta property=\"og:image:type\" content=\"image\/png\" \/>\n<meta name=\"twitter:card\" content=\"summary_large_image\" \/>\n<script type=\"application\/ld+json\" class=\"yoast-schema-graph\">{\"@context\":\"https:\/\/schema.org\",\"@graph\":[{\"@type\":\"WebPage\",\"@id\":\"https:\/\/www.spirit-us.eu\/index.php\/produit\/decoration-murale-motif-gingko-feuille-dor\/\",\"url\":\"https:\/\/www.spirit-us.eu\/index.php\/produit\/decoration-murale-motif-gingko-feuille-dor\/\",\"name\":\"D\u00e9coration murale - motif GINGKO feuille d'or - Spirit-US\",\"isPartOf\":{\"@id\":\"https:\/\/www.spirit-us.eu\/#website\"},\"primaryImageOfPage\":{\"@id\":\"https:\/\/www.spirit-us.eu\/index.php\/produit\/decoration-murale-motif-gingko-feuille-dor\/#primaryimage\"},\"image\":{\"@id\":\"https:\/\/www.spirit-us.eu\/index.php\/produit\/decoration-murale-motif-gingko-feuille-dor\/#primaryimage\"},\"thumbnailUrl\":\"https:\/\/www.spirit-us.eu\/wp-content\/uploads\/2025\/11\/gingko-fresque-murale-image-produit.png\",\"datePublished\":\"2025-11-11T22:28:39+00:00\",\"dateModified\":\"2025-12-17T16:53:55+00:00\",\"breadcrumb\":{\"@id\":\"https:\/\/www.spirit-us.eu\/index.php\/produit\/decoration-murale-motif-gingko-feuille-dor\/#breadcrumb\"},\"inLanguage\":\"fr-FR\",\"potentialAction\":[{\"@type\":\"ReadAction\",\"target\":[\"https:\/\/www.spirit-us.eu\/index.php\/produit\/decoration-murale-motif-gingko-feuille-dor\/\"]}]},{\"@type\":\"ImageObject\",\"inLanguage\":\"fr-FR\",\"@id\":\"https:\/\/www.spirit-us.eu\/index.php\/produit\/decoration-murale-motif-gingko-feuille-dor\/#primaryimage\",\"url\":\"https:\/\/www.spirit-us.eu\/wp-content\/uploads\/2025\/11\/gingko-fresque-murale-image-produit.png\",\"contentUrl\":\"https:\/\/www.spirit-us.eu\/wp-content\/uploads\/2025\/11\/gingko-fresque-murale-image-produit.png\",\"width\":1080,\"height\":1080},{\"@type\":\"BreadcrumbList\",\"@id\":\"https:\/\/www.spirit-us.eu\/index.php\/produit\/decoration-murale-motif-gingko-feuille-dor\/#breadcrumb\",\"itemListElement\":[{\"@type\":\"ListItem\",\"position\":1,\"name\":\"Accueil\",\"item\":\"https:\/\/www.spirit-us.eu\/\"},{\"@type\":\"ListItem\",\"position\":2,\"name\":\"Boutique\",\"item\":\"https:\/\/www.spirit-us.eu\/index.php\/boutique\/\"},{\"@type\":\"ListItem\",\"position\":3,\"name\":\"D\u00e9coration murale &#8211; motif GINGKO feuille d&rsquo;or\"}]},{\"@type\":\"WebSite\",\"@id\":\"https:\/\/www.spirit-us.eu\/#website\",\"url\":\"https:\/\/www.spirit-us.eu\/\",\"name\":\"Spirit-US\",\"description\":\"\",\"publisher\":{\"@id\":\"https:\/\/www.spirit-us.eu\/#organization\"},\"potentialAction\":[{\"@type\":\"SearchAction\",\"target\":{\"@type\":\"EntryPoint\",\"urlTemplate\":\"https:\/\/www.spirit-us.eu\/?s={search_term_string}\"},\"query-input\":{\"@type\":\"PropertyValueSpecification\",\"valueRequired\":true,\"valueName\":\"search_term_string\"}}],\"inLanguage\":\"fr-FR\"},{\"@type\":\"Organization\",\"@id\":\"https:\/\/www.spirit-us.eu\/#organization\",\"name\":\"Spirit-US\",\"url\":\"https:\/\/www.spirit-us.eu\/\",\"logo\":{\"@type\":\"ImageObject\",\"inLanguage\":\"fr-FR\",\"@id\":\"https:\/\/www.spirit-us.eu\/#\/schema\/logo\/image\/\",\"url\":\"https:\/\/www.spirit-us.eu\/wp-content\/uploads\/2025\/11\/logo-regarde-linterlocutrice-sans-arrriere-plan.jpg\",\"contentUrl\":\"https:\/\/www.spirit-us.eu\/wp-content\/uploads\/2025\/11\/logo-regarde-linterlocutrice-sans-arrriere-plan.jpg\",\"width\":1080,\"height\":1080,\"caption\":\"Spirit-US\"},\"image\":{\"@id\":\"https:\/\/www.spirit-us.eu\/#\/schema\/logo\/image\/\"},\"sameAs\":[\"https:\/\/www.facebook.com\/spirit.us.deum\"]}]}<\/script>\n<!-- \/ Yoast SEO plugin. -->","yoast_head_json":{"title":"D\u00e9coration murale - motif GINGKO feuille d'or - Spirit-US","robots":{"index":"index","follow":"follow","max-snippet":"max-snippet:-1","max-image-preview":"max-image-preview:large","max-video-preview":"max-video-preview:-1"},"canonical":"https:\/\/www.spirit-us.eu\/index.php\/produit\/decoration-murale-motif-gingko-feuille-dor\/","og_locale":"fr_FR","og_type":"article","og_title":"D\u00e9coration murale - motif GINGKO feuille d'or - Spirit-US","og_description":"Tr\u00e8s bel ornement mural, \u00e0 suspendre, en m\u00e9tal dor\u00e9, au motif feuilles de gingko (veines des feuilles sculpt\u00e9es dans la masse).\u00a0 Il rehaussera un coin discret du salon ou d'une chambre ou m\u00eame d'un bureau, ajoutant une touche d'originalit\u00e9 et de lumi\u00e8re \u00e0 votre int\u00e9rieur.\u00a0 En effet, vous pouvez y fixer une guirlande lumineuse qui l'\u00e9claire et met en valeur ses jolis motifs. Intemporel et p\u00e9renne, le gingko apporte une touche de sophistication au-del\u00e0 des modes et des saisons.\u00a0 La symbolique du gingko biloba est ancestrale et conf\u00e8re \u00e0 qui sait l'utiliser\u00a0 la chance, la long\u00e9vit\u00e9 et une grande puissance de travail. Lorsque vous lancez une belle entreprise, entourez-vous des vertus du gingko dont on dit qu\u2019il est le plus vieil arbre du monde.\u00a0 Nourrissez votre cerveau de sa teinture-m\u00e8re, portez ses couleurs en bijoux et offrez-vous des \u00e9l\u00e9ments de d\u00e9coration Fend Shui qui vous maintiendront dans l\u2019intention et dans la r\u00e9ussite. El\u00e9gance garantie pour votre int\u00e9rieur.","og_url":"https:\/\/www.spirit-us.eu\/index.php\/produit\/decoration-murale-motif-gingko-feuille-dor\/","og_site_name":"Spirit-US","article_publisher":"https:\/\/www.facebook.com\/spirit.us.deum","article_modified_time":"2025-12-17T16:53:55+00:00","og_image":[{"width":1080,"height":1080,"url":"https:\/\/www.spirit-us.eu\/wp-content\/uploads\/2025\/11\/gingko-fresque-murale-image-produit.png","type":"image\/png"}],"twitter_card":"summary_large_image","schema":{"@context":"https:\/\/schema.org","@graph":[{"@type":"WebPage","@id":"https:\/\/www.spirit-us.eu\/index.php\/produit\/decoration-murale-motif-gingko-feuille-dor\/","url":"https:\/\/www.spirit-us.eu\/index.php\/produit\/decoration-murale-motif-gingko-feuille-dor\/","name":"D\u00e9coration murale - motif GINGKO feuille d'or - Spirit-US","isPartOf":{"@id":"https:\/\/www.spirit-us.eu\/#website"},"primaryImageOfPage":{"@id":"https:\/\/www.spirit-us.eu\/index.php\/produit\/decoration-murale-motif-gingko-feuille-dor\/#primaryimage"},"image":{"@id":"https:\/\/www.spirit-us.eu\/index.php\/produit\/decoration-murale-motif-gingko-feuille-dor\/#primaryimage"},"thumbnailUrl":"https:\/\/www.spirit-us.eu\/wp-content\/uploads\/2025\/11\/gingko-fresque-murale-image-produit.png","datePublished":"2025-11-11T22:28:39+00:00","dateModified":"2025-12-17T16:53:55+00:00","breadcrumb":{"@id":"https:\/\/www.spirit-us.eu\/index.php\/produit\/decoration-murale-motif-gingko-feuille-dor\/#breadcrumb"},"inLanguage":"fr-FR","potentialAction":[{"@type":"ReadAction","target":["https:\/\/www.spirit-us.eu\/index.php\/produit\/decoration-murale-motif-gingko-feuille-dor\/"]}]},{"@type":"ImageObject","inLanguage":"fr-FR","@id":"https:\/\/www.spirit-us.eu\/index.php\/produit\/decoration-murale-motif-gingko-feuille-dor\/#primaryimage","url":"https:\/\/www.spirit-us.eu\/wp-content\/uploads\/2025\/11\/gingko-fresque-murale-image-produit.png","contentUrl":"https:\/\/www.spirit-us.eu\/wp-content\/uploads\/2025\/11\/gingko-fresque-murale-image-produit.png","width":1080,"height":1080},{"@type":"BreadcrumbList","@id":"https:\/\/www.spirit-us.eu\/index.php\/produit\/decoration-murale-motif-gingko-feuille-dor\/#breadcrumb","itemListElement":[{"@type":"ListItem","position":1,"name":"Accueil","item":"https:\/\/www.spirit-us.eu\/"},{"@type":"ListItem","position":2,"name":"Boutique","item":"https:\/\/www.spirit-us.eu\/index.php\/boutique\/"},{"@type":"ListItem","position":3,"name":"D\u00e9coration murale &#8211; motif GINGKO feuille d&rsquo;or"}]},{"@type":"WebSite","@id":"https:\/\/www.spirit-us.eu\/#website","url":"https:\/\/www.spirit-us.eu\/","name":"Spirit-US","description":"","publisher":{"@id":"https:\/\/www.spirit-us.eu\/#organization"},"potentialAction":[{"@type":"SearchAction","target":{"@type":"EntryPoint","urlTemplate":"https:\/\/www.spirit-us.eu\/?s={search_term_string}"},"query-input":{"@type":"PropertyValueSpecification","valueRequired":true,"valueName":"search_term_string"}}],"inLanguage":"fr-FR"},{"@type":"Organization","@id":"https:\/\/www.spirit-us.eu\/#organization","name":"Spirit-US","url":"https:\/\/www.spirit-us.eu\/","logo":{"@type":"ImageObject","inLanguage":"fr-FR","@id":"https:\/\/www.spirit-us.eu\/#\/schema\/logo\/image\/","url":"https:\/\/www.spirit-us.eu\/wp-content\/uploads\/2025\/11\/logo-regarde-linterlocutrice-sans-arrriere-plan.jpg","contentUrl":"https:\/\/www.spirit-us.eu\/wp-content\/uploads\/2025\/11\/logo-regarde-linterlocutrice-sans-arrriere-plan.jpg","width":1080,"height":1080,"caption":"Spirit-US"},"image":{"@id":"https:\/\/www.spirit-us.eu\/#\/schema\/logo\/image\/"},"sameAs":["https:\/\/www.facebook.com\/spirit.us.deum"]}]}},"jetpack_sharing_enabled":true,"_links":{"self":[{"href":"https:\/\/www.spirit-us.eu\/index.php\/wp-json\/wp\/v2\/product\/2381","targetHints":{"allow":["GET"]}}],"collection":[{"href":"https:\/\/www.spirit-us.eu\/index.php\/wp-json\/wp\/v2\/product"}],"about":[{"href":"https:\/\/www.spirit-us.eu\/index.php\/wp-json\/wp\/v2\/types\/product"}],"replies":[{"embeddable":true,"href":"https:\/\/www.spirit-us.eu\/index.php\/wp-json\/wp\/v2\/comments?post=2381"}],"wp:featuredmedia":[{"embeddable":true,"href":"https:\/\/www.spirit-us.eu\/index.php\/wp-json\/wp\/v2\/media\/2382"}],"wp:attachment":[{"href":"https:\/\/www.spirit-us.eu\/index.php\/wp-json\/wp\/v2\/media?parent=2381"}],"wp:term":[{"taxonomy":"product_brand","embeddable":true,"href":"https:\/\/www.spirit-us.eu\/index.php\/wp-json\/wp\/v2\/product_brand?post=2381"},{"taxonomy":"product_cat","embeddable":true,"href":"https:\/\/www.spirit-us.eu\/index.php\/wp-json\/wp\/v2\/product_cat?post=2381"},{"taxonomy":"product_tag","embeddable":true,"href":"https:\/\/www.spirit-us.eu\/index.php\/wp-json\/wp\/v2\/product_tag?post=2381"},{"taxonomy":"mwb_booking_cost","embeddable":true,"href":"https:\/\/www.spirit-us.eu\/index.php\/wp-json\/wp\/v2\/mwb_booking_cost?post=2381"},{"taxonomy":"mwb_booking_service","embeddable":true,"href":"https:\/\/www.spirit-us.eu\/index.php\/wp-json\/wp\/v2\/mwb_booking_service?post=2381"}],"curies":[{"name":"wp","href":"https:\/\/api.w.org\/{rel}","templated":true}]}}