{"id":2368,"date":"2025-11-11T21:55:42","date_gmt":"2025-11-11T20:55:42","guid":{"rendered":"https:\/\/www.spirit-us.eu\/?post_type=product&#038;p=2368"},"modified":"2026-01-12T22:37:14","modified_gmt":"2026-01-12T21:37:14","slug":"plaid-tout-doux-motif-gingko","status":"publish","type":"product","link":"https:\/\/www.spirit-us.eu\/index.php\/produit\/plaid-tout-doux-motif-gingko\/","title":{"rendered":"Plaid tout doux &#8211; motif GINGKO"},"content":{"rendered":"<p><strong>Mat\u00e9riau de la couverture<\/strong>: 100% polyester<\/p>\n<p><strong>M\u00e9thode de fabrication<\/strong> : tiss\u00e9<\/p>\n<p><strong>Type d&rsquo;imprim\u00e9<\/strong>: grandes feuilles de gingko biloba sur fond bleu canard \/ motif asym\u00e9trique<\/p>\n<p><strong>Tissu<\/strong>: flanelle<\/p>\n<p><strong>Poids du plaid<\/strong> : +\/- 500 grammes<\/p>\n<p><strong>Couleurs<\/strong>:\u00a0 bleu canard, jaune dor\u00e9, nuances color\u00e9es<\/p>\n<p><strong>Dimensions :\u00a0<\/strong>150 cm de longueur x 130 cm de largeur<\/p>\n","protected":false},"excerpt":{"rendered":"<p style=\"text-align: justify;\">Plaid tout doux en flanelle au motif feuilles de gingko.\u00a0 Il rehaussera votre canap\u00e9, ou votre lit, ajoutant une touche d&rsquo;originalit\u00e9, de douceur et de couleurs particuli\u00e8res, \u00e0 votre int\u00e9rieur.\u00a0 Intemporel et p\u00e9renne, le gingko apporte une touche de sophistication au-del\u00e0 des modes et des saisons.\u00a0 La symbolique du gingko biloba est ancestrale et conf\u00e8re \u00e0 qui porte le bijou ou consomme la plante, la chance, la long\u00e9vit\u00e9 et une grande puissance de travail. lorsque vous lancez une belle entreprise, entourez-vous des vertus du gingko dont on dit qu\u2019il est le plus vieil arbre du monde.\u00a0 Nourrissez votre cerveau de sa<a href=\"https:\/\/www.spirit-us.eu\/index.php\/produit\/le-ginko\/\" target=\"_blank\" rel=\"noopener\"> teinture-m\u00e8re<\/a>, portez ses couleurs <a href=\"https:\/\/www.spirit-us.eu\/index.php\/produit\/collier-feuille-de-gingko-perles-de-jaspe\/\" target=\"_blank\" rel=\"noopener\">en bijoux<\/a> et offrez-vous des \u00e9l\u00e9ments de d\u00e9coration Fend Shui qui vous maintiendront dans l\u2019intention et dans la r\u00e9ussite. El\u00e9gance garantie pour votre int\u00e9rieur.<\/p>\n","protected":false},"featured_media":2369,"comment_status":"open","ping_status":"closed","template":"","meta":[],"product_brand":[],"product_cat":[496,180,17],"product_tag":[167,357,360],"mwb_booking_cost":[],"mwb_booking_service":[],"class_list":{"0":"post-2368","1":"product","2":"type-product","3":"status-publish","4":"has-post-thumbnail","6":"product_cat-gingko-biloba","7":"product_cat-09-decoration","8":"product_cat-tous-les-produits","9":"product_tag-bleu","10":"product_tag-gingko-collection","11":"product_tag-plaid-douceur","13":"first","14":"instock","15":"shipping-taxable","16":"purchasable","17":"product-type-simple"},"yoast_head":"<!-- This site is optimized with the Yoast SEO plugin v27.1.1 - https:\/\/yoast.com\/product\/yoast-seo-wordpress\/ -->\n<title>Plaid tout doux - motif GINGKO - Spirit-US<\/title>\n<meta name=\"robots\" content=\"index, follow, max-snippet:-1, max-image-preview:large, max-video-preview:-1\" \/>\n<link rel=\"canonical\" href=\"https:\/\/www.spirit-us.eu\/index.php\/produit\/plaid-tout-doux-motif-gingko\/\" \/>\n<meta property=\"og:locale\" content=\"fr_FR\" \/>\n<meta property=\"og:type\" content=\"article\" \/>\n<meta property=\"og:title\" content=\"Plaid tout doux - motif GINGKO - Spirit-US\" \/>\n<meta property=\"og:description\" content=\"Plaid tout doux en flanelle au motif feuilles de gingko.\u00a0 Il rehaussera votre canap\u00e9, ou votre lit, ajoutant une touche d&#039;originalit\u00e9, de douceur et de couleurs particuli\u00e8res, \u00e0 votre int\u00e9rieur.\u00a0 Intemporel et p\u00e9renne, le gingko apporte une touche de sophistication au-del\u00e0 des modes et des saisons.\u00a0 La symbolique du gingko biloba est ancestrale et conf\u00e8re \u00e0 qui porte le bijou ou consomme la plante, la chance, la long\u00e9vit\u00e9 et une grande puissance de travail. lorsque vous lancez une belle entreprise, entourez-vous des vertus du gingko dont on dit qu\u2019il est le plus vieil arbre du monde.\u00a0 Nourrissez votre cerveau de sa teinture-m\u00e8re, portez ses couleurs en bijoux et offrez-vous des \u00e9l\u00e9ments de d\u00e9coration Fend Shui qui vous maintiendront dans l\u2019intention et dans la r\u00e9ussite. El\u00e9gance garantie pour votre int\u00e9rieur.\" \/>\n<meta property=\"og:url\" content=\"https:\/\/www.spirit-us.eu\/index.php\/produit\/plaid-tout-doux-motif-gingko\/\" \/>\n<meta property=\"og:site_name\" content=\"Spirit-US\" \/>\n<meta property=\"article:publisher\" content=\"https:\/\/www.facebook.com\/spirit.us.deum\" \/>\n<meta property=\"article:modified_time\" content=\"2026-01-12T21:37:14+00:00\" \/>\n<meta property=\"og:image\" content=\"https:\/\/www.spirit-us.eu\/wp-content\/uploads\/2025\/11\/gingko-plaid-image-produit.png\" \/>\n\t<meta property=\"og:image:width\" content=\"1080\" \/>\n\t<meta property=\"og:image:height\" content=\"1080\" \/>\n\t<meta property=\"og:image:type\" content=\"image\/png\" \/>\n<meta name=\"twitter:card\" content=\"summary_large_image\" \/>\n<meta name=\"twitter:label1\" content=\"Dur\u00e9e de lecture estim\u00e9e\" \/>\n\t<meta name=\"twitter:data1\" content=\"1 minute\" \/>\n<script type=\"application\/ld+json\" class=\"yoast-schema-graph\">{\"@context\":\"https:\/\/schema.org\",\"@graph\":[{\"@type\":\"WebPage\",\"@id\":\"https:\/\/www.spirit-us.eu\/index.php\/produit\/plaid-tout-doux-motif-gingko\/\",\"url\":\"https:\/\/www.spirit-us.eu\/index.php\/produit\/plaid-tout-doux-motif-gingko\/\",\"name\":\"Plaid tout doux - motif GINGKO - Spirit-US\",\"isPartOf\":{\"@id\":\"https:\/\/www.spirit-us.eu\/#website\"},\"primaryImageOfPage\":{\"@id\":\"https:\/\/www.spirit-us.eu\/index.php\/produit\/plaid-tout-doux-motif-gingko\/#primaryimage\"},\"image\":{\"@id\":\"https:\/\/www.spirit-us.eu\/index.php\/produit\/plaid-tout-doux-motif-gingko\/#primaryimage\"},\"thumbnailUrl\":\"https:\/\/www.spirit-us.eu\/wp-content\/uploads\/2025\/11\/gingko-plaid-image-produit.png\",\"datePublished\":\"2025-11-11T20:55:42+00:00\",\"dateModified\":\"2026-01-12T21:37:14+00:00\",\"breadcrumb\":{\"@id\":\"https:\/\/www.spirit-us.eu\/index.php\/produit\/plaid-tout-doux-motif-gingko\/#breadcrumb\"},\"inLanguage\":\"fr-FR\",\"potentialAction\":[{\"@type\":\"ReadAction\",\"target\":[\"https:\/\/www.spirit-us.eu\/index.php\/produit\/plaid-tout-doux-motif-gingko\/\"]}]},{\"@type\":\"ImageObject\",\"inLanguage\":\"fr-FR\",\"@id\":\"https:\/\/www.spirit-us.eu\/index.php\/produit\/plaid-tout-doux-motif-gingko\/#primaryimage\",\"url\":\"https:\/\/www.spirit-us.eu\/wp-content\/uploads\/2025\/11\/gingko-plaid-image-produit.png\",\"contentUrl\":\"https:\/\/www.spirit-us.eu\/wp-content\/uploads\/2025\/11\/gingko-plaid-image-produit.png\",\"width\":1080,\"height\":1080},{\"@type\":\"BreadcrumbList\",\"@id\":\"https:\/\/www.spirit-us.eu\/index.php\/produit\/plaid-tout-doux-motif-gingko\/#breadcrumb\",\"itemListElement\":[{\"@type\":\"ListItem\",\"position\":1,\"name\":\"Accueil\",\"item\":\"https:\/\/www.spirit-us.eu\/\"},{\"@type\":\"ListItem\",\"position\":2,\"name\":\"Boutique\",\"item\":\"https:\/\/www.spirit-us.eu\/index.php\/boutique\/\"},{\"@type\":\"ListItem\",\"position\":3,\"name\":\"Plaid tout doux &#8211; motif GINGKO\"}]},{\"@type\":\"WebSite\",\"@id\":\"https:\/\/www.spirit-us.eu\/#website\",\"url\":\"https:\/\/www.spirit-us.eu\/\",\"name\":\"Spirit-US\",\"description\":\"\",\"publisher\":{\"@id\":\"https:\/\/www.spirit-us.eu\/#organization\"},\"potentialAction\":[{\"@type\":\"SearchAction\",\"target\":{\"@type\":\"EntryPoint\",\"urlTemplate\":\"https:\/\/www.spirit-us.eu\/?s={search_term_string}\"},\"query-input\":{\"@type\":\"PropertyValueSpecification\",\"valueRequired\":true,\"valueName\":\"search_term_string\"}}],\"inLanguage\":\"fr-FR\"},{\"@type\":\"Organization\",\"@id\":\"https:\/\/www.spirit-us.eu\/#organization\",\"name\":\"Spirit-US\",\"url\":\"https:\/\/www.spirit-us.eu\/\",\"logo\":{\"@type\":\"ImageObject\",\"inLanguage\":\"fr-FR\",\"@id\":\"https:\/\/www.spirit-us.eu\/#\/schema\/logo\/image\/\",\"url\":\"https:\/\/www.spirit-us.eu\/wp-content\/uploads\/2025\/11\/logo-regarde-linterlocutrice-sans-arrriere-plan.jpg\",\"contentUrl\":\"https:\/\/www.spirit-us.eu\/wp-content\/uploads\/2025\/11\/logo-regarde-linterlocutrice-sans-arrriere-plan.jpg\",\"width\":1080,\"height\":1080,\"caption\":\"Spirit-US\"},\"image\":{\"@id\":\"https:\/\/www.spirit-us.eu\/#\/schema\/logo\/image\/\"},\"sameAs\":[\"https:\/\/www.facebook.com\/spirit.us.deum\"]}]}<\/script>\n<!-- \/ Yoast SEO plugin. -->","yoast_head_json":{"title":"Plaid tout doux - motif GINGKO - Spirit-US","robots":{"index":"index","follow":"follow","max-snippet":"max-snippet:-1","max-image-preview":"max-image-preview:large","max-video-preview":"max-video-preview:-1"},"canonical":"https:\/\/www.spirit-us.eu\/index.php\/produit\/plaid-tout-doux-motif-gingko\/","og_locale":"fr_FR","og_type":"article","og_title":"Plaid tout doux - motif GINGKO - Spirit-US","og_description":"Plaid tout doux en flanelle au motif feuilles de gingko.\u00a0 Il rehaussera votre canap\u00e9, ou votre lit, ajoutant une touche d'originalit\u00e9, de douceur et de couleurs particuli\u00e8res, \u00e0 votre int\u00e9rieur.\u00a0 Intemporel et p\u00e9renne, le gingko apporte une touche de sophistication au-del\u00e0 des modes et des saisons.\u00a0 La symbolique du gingko biloba est ancestrale et conf\u00e8re \u00e0 qui porte le bijou ou consomme la plante, la chance, la long\u00e9vit\u00e9 et une grande puissance de travail. lorsque vous lancez une belle entreprise, entourez-vous des vertus du gingko dont on dit qu\u2019il est le plus vieil arbre du monde.\u00a0 Nourrissez votre cerveau de sa teinture-m\u00e8re, portez ses couleurs en bijoux et offrez-vous des \u00e9l\u00e9ments de d\u00e9coration Fend Shui qui vous maintiendront dans l\u2019intention et dans la r\u00e9ussite. El\u00e9gance garantie pour votre int\u00e9rieur.","og_url":"https:\/\/www.spirit-us.eu\/index.php\/produit\/plaid-tout-doux-motif-gingko\/","og_site_name":"Spirit-US","article_publisher":"https:\/\/www.facebook.com\/spirit.us.deum","article_modified_time":"2026-01-12T21:37:14+00:00","og_image":[{"width":1080,"height":1080,"url":"https:\/\/www.spirit-us.eu\/wp-content\/uploads\/2025\/11\/gingko-plaid-image-produit.png","type":"image\/png"}],"twitter_card":"summary_large_image","twitter_misc":{"Dur\u00e9e de lecture estim\u00e9e":"1 minute"},"schema":{"@context":"https:\/\/schema.org","@graph":[{"@type":"WebPage","@id":"https:\/\/www.spirit-us.eu\/index.php\/produit\/plaid-tout-doux-motif-gingko\/","url":"https:\/\/www.spirit-us.eu\/index.php\/produit\/plaid-tout-doux-motif-gingko\/","name":"Plaid tout doux - motif GINGKO - Spirit-US","isPartOf":{"@id":"https:\/\/www.spirit-us.eu\/#website"},"primaryImageOfPage":{"@id":"https:\/\/www.spirit-us.eu\/index.php\/produit\/plaid-tout-doux-motif-gingko\/#primaryimage"},"image":{"@id":"https:\/\/www.spirit-us.eu\/index.php\/produit\/plaid-tout-doux-motif-gingko\/#primaryimage"},"thumbnailUrl":"https:\/\/www.spirit-us.eu\/wp-content\/uploads\/2025\/11\/gingko-plaid-image-produit.png","datePublished":"2025-11-11T20:55:42+00:00","dateModified":"2026-01-12T21:37:14+00:00","breadcrumb":{"@id":"https:\/\/www.spirit-us.eu\/index.php\/produit\/plaid-tout-doux-motif-gingko\/#breadcrumb"},"inLanguage":"fr-FR","potentialAction":[{"@type":"ReadAction","target":["https:\/\/www.spirit-us.eu\/index.php\/produit\/plaid-tout-doux-motif-gingko\/"]}]},{"@type":"ImageObject","inLanguage":"fr-FR","@id":"https:\/\/www.spirit-us.eu\/index.php\/produit\/plaid-tout-doux-motif-gingko\/#primaryimage","url":"https:\/\/www.spirit-us.eu\/wp-content\/uploads\/2025\/11\/gingko-plaid-image-produit.png","contentUrl":"https:\/\/www.spirit-us.eu\/wp-content\/uploads\/2025\/11\/gingko-plaid-image-produit.png","width":1080,"height":1080},{"@type":"BreadcrumbList","@id":"https:\/\/www.spirit-us.eu\/index.php\/produit\/plaid-tout-doux-motif-gingko\/#breadcrumb","itemListElement":[{"@type":"ListItem","position":1,"name":"Accueil","item":"https:\/\/www.spirit-us.eu\/"},{"@type":"ListItem","position":2,"name":"Boutique","item":"https:\/\/www.spirit-us.eu\/index.php\/boutique\/"},{"@type":"ListItem","position":3,"name":"Plaid tout doux &#8211; motif GINGKO"}]},{"@type":"WebSite","@id":"https:\/\/www.spirit-us.eu\/#website","url":"https:\/\/www.spirit-us.eu\/","name":"Spirit-US","description":"","publisher":{"@id":"https:\/\/www.spirit-us.eu\/#organization"},"potentialAction":[{"@type":"SearchAction","target":{"@type":"EntryPoint","urlTemplate":"https:\/\/www.spirit-us.eu\/?s={search_term_string}"},"query-input":{"@type":"PropertyValueSpecification","valueRequired":true,"valueName":"search_term_string"}}],"inLanguage":"fr-FR"},{"@type":"Organization","@id":"https:\/\/www.spirit-us.eu\/#organization","name":"Spirit-US","url":"https:\/\/www.spirit-us.eu\/","logo":{"@type":"ImageObject","inLanguage":"fr-FR","@id":"https:\/\/www.spirit-us.eu\/#\/schema\/logo\/image\/","url":"https:\/\/www.spirit-us.eu\/wp-content\/uploads\/2025\/11\/logo-regarde-linterlocutrice-sans-arrriere-plan.jpg","contentUrl":"https:\/\/www.spirit-us.eu\/wp-content\/uploads\/2025\/11\/logo-regarde-linterlocutrice-sans-arrriere-plan.jpg","width":1080,"height":1080,"caption":"Spirit-US"},"image":{"@id":"https:\/\/www.spirit-us.eu\/#\/schema\/logo\/image\/"},"sameAs":["https:\/\/www.facebook.com\/spirit.us.deum"]}]}},"jetpack_sharing_enabled":true,"_links":{"self":[{"href":"https:\/\/www.spirit-us.eu\/index.php\/wp-json\/wp\/v2\/product\/2368","targetHints":{"allow":["GET"]}}],"collection":[{"href":"https:\/\/www.spirit-us.eu\/index.php\/wp-json\/wp\/v2\/product"}],"about":[{"href":"https:\/\/www.spirit-us.eu\/index.php\/wp-json\/wp\/v2\/types\/product"}],"replies":[{"embeddable":true,"href":"https:\/\/www.spirit-us.eu\/index.php\/wp-json\/wp\/v2\/comments?post=2368"}],"wp:featuredmedia":[{"embeddable":true,"href":"https:\/\/www.spirit-us.eu\/index.php\/wp-json\/wp\/v2\/media\/2369"}],"wp:attachment":[{"href":"https:\/\/www.spirit-us.eu\/index.php\/wp-json\/wp\/v2\/media?parent=2368"}],"wp:term":[{"taxonomy":"product_brand","embeddable":true,"href":"https:\/\/www.spirit-us.eu\/index.php\/wp-json\/wp\/v2\/product_brand?post=2368"},{"taxonomy":"product_cat","embeddable":true,"href":"https:\/\/www.spirit-us.eu\/index.php\/wp-json\/wp\/v2\/product_cat?post=2368"},{"taxonomy":"product_tag","embeddable":true,"href":"https:\/\/www.spirit-us.eu\/index.php\/wp-json\/wp\/v2\/product_tag?post=2368"},{"taxonomy":"mwb_booking_cost","embeddable":true,"href":"https:\/\/www.spirit-us.eu\/index.php\/wp-json\/wp\/v2\/mwb_booking_cost?post=2368"},{"taxonomy":"mwb_booking_service","embeddable":true,"href":"https:\/\/www.spirit-us.eu\/index.php\/wp-json\/wp\/v2\/mwb_booking_service?post=2368"}],"curies":[{"name":"wp","href":"https:\/\/api.w.org\/{rel}","templated":true}]}}