{"id":2356,"date":"2025-11-11T20:19:20","date_gmt":"2025-11-11T19:19:20","guid":{"rendered":"https:\/\/www.spirit-us.eu\/?post_type=product&#038;p=2356"},"modified":"2025-12-17T14:45:33","modified_gmt":"2025-12-17T13:45:33","slug":"collier-feuille-de-gingko-perles-de-jaspe","status":"publish","type":"product","link":"https:\/\/www.spirit-us.eu\/index.php\/produit\/collier-feuille-de-gingko-perles-de-jaspe\/","title":{"rendered":"Collier FEUILLE DE GINGKO &#8211; perles de jaspe"},"content":{"rendered":"<p><strong>Mat\u00e9riaux\u00a0<\/strong>: acier plaqu\u00e9 or, pierres naturelles en jaspe cr\u00e8me<\/p>\n<p><strong>Dimensions<\/strong> :<\/p>\n<ul>\n<li>longueur du collier 44 cm (ajustable)<\/li>\n<li>\u00e0 l&rsquo;encolure avec le pendentif : 25 cm<\/li>\n<li>hauteur de la feuille de gingko : 1,5 cm<\/li>\n<li>taille des perles de jaspe : 4 mm<\/li>\n<\/ul>\n<p><strong>Motif<\/strong> : feuille de gingko biloba, perles de pierres naturelles<\/p>\n<p><strong>Couleurs<\/strong> : or, beige, couleurs cuivr\u00e9es dans les perles de jaspe<\/p>\n<p><strong>Pr\u00e9sentation<\/strong> : livr\u00e9 dans une bo\u00eete \u00e9l\u00e9gante couleur cuivr\u00e9e au motif ton sur ton feuilles de gingko<\/p>\n","protected":false},"excerpt":{"rendered":"<p style=\"text-align: justify;\">Tr\u00e8s \u00e9l\u00e9gant collier, discret, fait de perles de jaspe aux couleurs mordor\u00e9es et beiges, rehauss\u00e9 d&rsquo;une feuille de gingko biloba en acier dor\u00e9.\u00a0 La symbolique du gingko biloba est ancestrale et conf\u00e8re \u00e0 qui porte le bijou ou consomme la plante, la chance, la long\u00e9vit\u00e9 et une grande puissance de travail. lorsque vous lancez une belle entreprise, entourez-vous des vertus du gingko dont on dit qu\u2019il est le plus vieil arbre du monde.\u00a0 Nourrissez votre cerveau de sa <a href=\"https:\/\/www.spirit-us.eu\/index.php\/produit\/le-ginko\/\" target=\"_blank\" rel=\"noopener\">teinture-m\u00e8re<\/a>, portez ses couleurs en bijoux et offrez-vous des \u00e9l\u00e9ments de d\u00e9coration Fend Shui qui vous maintiendront dans l\u2019intention et dans la r\u00e9ussite. Assortissez ces boucles avec un joli collier qui se d\u00e9cline en deux couleurs. El\u00e9gance garantie.<\/p>\n","protected":false},"featured_media":2358,"comment_status":"open","ping_status":"closed","template":"","meta":[],"product_brand":[],"product_cat":[156,463,17],"product_tag":[359,357,358],"mwb_booking_cost":[],"mwb_booking_service":[],"class_list":{"0":"post-2356","1":"product","2":"type-product","3":"status-publish","4":"has-post-thumbnail","6":"product_cat-04-bijoux","7":"product_cat-pendentif","8":"product_cat-tous-les-produits","9":"product_tag-colliers","10":"product_tag-gingko-collection","11":"product_tag-longevite","13":"first","14":"instock","15":"shipping-taxable","16":"purchasable","17":"product-type-simple"},"yoast_head":"<!-- This site is optimized with the Yoast SEO plugin v27.1.1 - https:\/\/yoast.com\/product\/yoast-seo-wordpress\/ -->\n<title>Collier FEUILLE DE GINGKO - perles de jaspe - Spirit-US<\/title>\n<meta name=\"robots\" content=\"index, follow, max-snippet:-1, max-image-preview:large, max-video-preview:-1\" \/>\n<link rel=\"canonical\" href=\"https:\/\/www.spirit-us.eu\/index.php\/produit\/collier-feuille-de-gingko-perles-de-jaspe\/\" \/>\n<meta property=\"og:locale\" content=\"fr_FR\" \/>\n<meta property=\"og:type\" content=\"article\" \/>\n<meta property=\"og:title\" content=\"Collier FEUILLE DE GINGKO - perles de jaspe - Spirit-US\" \/>\n<meta property=\"og:description\" content=\"Tr\u00e8s \u00e9l\u00e9gant collier, discret, fait de perles de jaspe aux couleurs mordor\u00e9es et beiges, rehauss\u00e9 d&#039;une feuille de gingko biloba en acier dor\u00e9.\u00a0 La symbolique du gingko biloba est ancestrale et conf\u00e8re \u00e0 qui porte le bijou ou consomme la plante, la chance, la long\u00e9vit\u00e9 et une grande puissance de travail. lorsque vous lancez une belle entreprise, entourez-vous des vertus du gingko dont on dit qu\u2019il est le plus vieil arbre du monde.\u00a0 Nourrissez votre cerveau de sa teinture-m\u00e8re, portez ses couleurs en bijoux et offrez-vous des \u00e9l\u00e9ments de d\u00e9coration Fend Shui qui vous maintiendront dans l\u2019intention et dans la r\u00e9ussite. Assortissez ces boucles avec un joli collier qui se d\u00e9cline en deux couleurs. El\u00e9gance garantie.\" \/>\n<meta property=\"og:url\" content=\"https:\/\/www.spirit-us.eu\/index.php\/produit\/collier-feuille-de-gingko-perles-de-jaspe\/\" \/>\n<meta property=\"og:site_name\" content=\"Spirit-US\" \/>\n<meta property=\"article:publisher\" content=\"https:\/\/www.facebook.com\/spirit.us.deum\" \/>\n<meta property=\"article:modified_time\" content=\"2025-12-17T13:45:33+00:00\" \/>\n<meta property=\"og:image\" content=\"https:\/\/www.spirit-us.eu\/wp-content\/uploads\/2025\/11\/GINGKO-collir-beige-sur-anna.jpg\" \/>\n\t<meta property=\"og:image:width\" content=\"2182\" \/>\n\t<meta property=\"og:image:height\" content=\"2355\" \/>\n\t<meta property=\"og:image:type\" content=\"image\/jpeg\" \/>\n<meta name=\"twitter:card\" content=\"summary_large_image\" \/>\n<script type=\"application\/ld+json\" class=\"yoast-schema-graph\">{\"@context\":\"https:\/\/schema.org\",\"@graph\":[{\"@type\":\"WebPage\",\"@id\":\"https:\/\/www.spirit-us.eu\/index.php\/produit\/collier-feuille-de-gingko-perles-de-jaspe\/\",\"url\":\"https:\/\/www.spirit-us.eu\/index.php\/produit\/collier-feuille-de-gingko-perles-de-jaspe\/\",\"name\":\"Collier FEUILLE DE GINGKO - perles de jaspe - Spirit-US\",\"isPartOf\":{\"@id\":\"https:\/\/www.spirit-us.eu\/#website\"},\"primaryImageOfPage\":{\"@id\":\"https:\/\/www.spirit-us.eu\/index.php\/produit\/collier-feuille-de-gingko-perles-de-jaspe\/#primaryimage\"},\"image\":{\"@id\":\"https:\/\/www.spirit-us.eu\/index.php\/produit\/collier-feuille-de-gingko-perles-de-jaspe\/#primaryimage\"},\"thumbnailUrl\":\"https:\/\/www.spirit-us.eu\/wp-content\/uploads\/2025\/11\/GINGKO-collir-beige-sur-anna.jpg\",\"datePublished\":\"2025-11-11T19:19:20+00:00\",\"dateModified\":\"2025-12-17T13:45:33+00:00\",\"breadcrumb\":{\"@id\":\"https:\/\/www.spirit-us.eu\/index.php\/produit\/collier-feuille-de-gingko-perles-de-jaspe\/#breadcrumb\"},\"inLanguage\":\"fr-FR\",\"potentialAction\":[{\"@type\":\"ReadAction\",\"target\":[\"https:\/\/www.spirit-us.eu\/index.php\/produit\/collier-feuille-de-gingko-perles-de-jaspe\/\"]}]},{\"@type\":\"ImageObject\",\"inLanguage\":\"fr-FR\",\"@id\":\"https:\/\/www.spirit-us.eu\/index.php\/produit\/collier-feuille-de-gingko-perles-de-jaspe\/#primaryimage\",\"url\":\"https:\/\/www.spirit-us.eu\/wp-content\/uploads\/2025\/11\/GINGKO-collir-beige-sur-anna.jpg\",\"contentUrl\":\"https:\/\/www.spirit-us.eu\/wp-content\/uploads\/2025\/11\/GINGKO-collir-beige-sur-anna.jpg\",\"width\":2182,\"height\":2355},{\"@type\":\"BreadcrumbList\",\"@id\":\"https:\/\/www.spirit-us.eu\/index.php\/produit\/collier-feuille-de-gingko-perles-de-jaspe\/#breadcrumb\",\"itemListElement\":[{\"@type\":\"ListItem\",\"position\":1,\"name\":\"Accueil\",\"item\":\"https:\/\/www.spirit-us.eu\/\"},{\"@type\":\"ListItem\",\"position\":2,\"name\":\"Boutique\",\"item\":\"https:\/\/www.spirit-us.eu\/index.php\/boutique\/\"},{\"@type\":\"ListItem\",\"position\":3,\"name\":\"Collier FEUILLE DE GINGKO &#8211; perles de jaspe\"}]},{\"@type\":\"WebSite\",\"@id\":\"https:\/\/www.spirit-us.eu\/#website\",\"url\":\"https:\/\/www.spirit-us.eu\/\",\"name\":\"Spirit-US\",\"description\":\"\",\"publisher\":{\"@id\":\"https:\/\/www.spirit-us.eu\/#organization\"},\"potentialAction\":[{\"@type\":\"SearchAction\",\"target\":{\"@type\":\"EntryPoint\",\"urlTemplate\":\"https:\/\/www.spirit-us.eu\/?s={search_term_string}\"},\"query-input\":{\"@type\":\"PropertyValueSpecification\",\"valueRequired\":true,\"valueName\":\"search_term_string\"}}],\"inLanguage\":\"fr-FR\"},{\"@type\":\"Organization\",\"@id\":\"https:\/\/www.spirit-us.eu\/#organization\",\"name\":\"Spirit-US\",\"url\":\"https:\/\/www.spirit-us.eu\/\",\"logo\":{\"@type\":\"ImageObject\",\"inLanguage\":\"fr-FR\",\"@id\":\"https:\/\/www.spirit-us.eu\/#\/schema\/logo\/image\/\",\"url\":\"https:\/\/www.spirit-us.eu\/wp-content\/uploads\/2025\/11\/logo-regarde-linterlocutrice-sans-arrriere-plan.jpg\",\"contentUrl\":\"https:\/\/www.spirit-us.eu\/wp-content\/uploads\/2025\/11\/logo-regarde-linterlocutrice-sans-arrriere-plan.jpg\",\"width\":1080,\"height\":1080,\"caption\":\"Spirit-US\"},\"image\":{\"@id\":\"https:\/\/www.spirit-us.eu\/#\/schema\/logo\/image\/\"},\"sameAs\":[\"https:\/\/www.facebook.com\/spirit.us.deum\"]}]}<\/script>\n<!-- \/ Yoast SEO plugin. -->","yoast_head_json":{"title":"Collier FEUILLE DE GINGKO - perles de jaspe - Spirit-US","robots":{"index":"index","follow":"follow","max-snippet":"max-snippet:-1","max-image-preview":"max-image-preview:large","max-video-preview":"max-video-preview:-1"},"canonical":"https:\/\/www.spirit-us.eu\/index.php\/produit\/collier-feuille-de-gingko-perles-de-jaspe\/","og_locale":"fr_FR","og_type":"article","og_title":"Collier FEUILLE DE GINGKO - perles de jaspe - Spirit-US","og_description":"Tr\u00e8s \u00e9l\u00e9gant collier, discret, fait de perles de jaspe aux couleurs mordor\u00e9es et beiges, rehauss\u00e9 d'une feuille de gingko biloba en acier dor\u00e9.\u00a0 La symbolique du gingko biloba est ancestrale et conf\u00e8re \u00e0 qui porte le bijou ou consomme la plante, la chance, la long\u00e9vit\u00e9 et une grande puissance de travail. lorsque vous lancez une belle entreprise, entourez-vous des vertus du gingko dont on dit qu\u2019il est le plus vieil arbre du monde.\u00a0 Nourrissez votre cerveau de sa teinture-m\u00e8re, portez ses couleurs en bijoux et offrez-vous des \u00e9l\u00e9ments de d\u00e9coration Fend Shui qui vous maintiendront dans l\u2019intention et dans la r\u00e9ussite. Assortissez ces boucles avec un joli collier qui se d\u00e9cline en deux couleurs. El\u00e9gance garantie.","og_url":"https:\/\/www.spirit-us.eu\/index.php\/produit\/collier-feuille-de-gingko-perles-de-jaspe\/","og_site_name":"Spirit-US","article_publisher":"https:\/\/www.facebook.com\/spirit.us.deum","article_modified_time":"2025-12-17T13:45:33+00:00","og_image":[{"width":2182,"height":2355,"url":"https:\/\/www.spirit-us.eu\/wp-content\/uploads\/2025\/11\/GINGKO-collir-beige-sur-anna.jpg","type":"image\/jpeg"}],"twitter_card":"summary_large_image","schema":{"@context":"https:\/\/schema.org","@graph":[{"@type":"WebPage","@id":"https:\/\/www.spirit-us.eu\/index.php\/produit\/collier-feuille-de-gingko-perles-de-jaspe\/","url":"https:\/\/www.spirit-us.eu\/index.php\/produit\/collier-feuille-de-gingko-perles-de-jaspe\/","name":"Collier FEUILLE DE GINGKO - perles de jaspe - Spirit-US","isPartOf":{"@id":"https:\/\/www.spirit-us.eu\/#website"},"primaryImageOfPage":{"@id":"https:\/\/www.spirit-us.eu\/index.php\/produit\/collier-feuille-de-gingko-perles-de-jaspe\/#primaryimage"},"image":{"@id":"https:\/\/www.spirit-us.eu\/index.php\/produit\/collier-feuille-de-gingko-perles-de-jaspe\/#primaryimage"},"thumbnailUrl":"https:\/\/www.spirit-us.eu\/wp-content\/uploads\/2025\/11\/GINGKO-collir-beige-sur-anna.jpg","datePublished":"2025-11-11T19:19:20+00:00","dateModified":"2025-12-17T13:45:33+00:00","breadcrumb":{"@id":"https:\/\/www.spirit-us.eu\/index.php\/produit\/collier-feuille-de-gingko-perles-de-jaspe\/#breadcrumb"},"inLanguage":"fr-FR","potentialAction":[{"@type":"ReadAction","target":["https:\/\/www.spirit-us.eu\/index.php\/produit\/collier-feuille-de-gingko-perles-de-jaspe\/"]}]},{"@type":"ImageObject","inLanguage":"fr-FR","@id":"https:\/\/www.spirit-us.eu\/index.php\/produit\/collier-feuille-de-gingko-perles-de-jaspe\/#primaryimage","url":"https:\/\/www.spirit-us.eu\/wp-content\/uploads\/2025\/11\/GINGKO-collir-beige-sur-anna.jpg","contentUrl":"https:\/\/www.spirit-us.eu\/wp-content\/uploads\/2025\/11\/GINGKO-collir-beige-sur-anna.jpg","width":2182,"height":2355},{"@type":"BreadcrumbList","@id":"https:\/\/www.spirit-us.eu\/index.php\/produit\/collier-feuille-de-gingko-perles-de-jaspe\/#breadcrumb","itemListElement":[{"@type":"ListItem","position":1,"name":"Accueil","item":"https:\/\/www.spirit-us.eu\/"},{"@type":"ListItem","position":2,"name":"Boutique","item":"https:\/\/www.spirit-us.eu\/index.php\/boutique\/"},{"@type":"ListItem","position":3,"name":"Collier FEUILLE DE GINGKO &#8211; perles de jaspe"}]},{"@type":"WebSite","@id":"https:\/\/www.spirit-us.eu\/#website","url":"https:\/\/www.spirit-us.eu\/","name":"Spirit-US","description":"","publisher":{"@id":"https:\/\/www.spirit-us.eu\/#organization"},"potentialAction":[{"@type":"SearchAction","target":{"@type":"EntryPoint","urlTemplate":"https:\/\/www.spirit-us.eu\/?s={search_term_string}"},"query-input":{"@type":"PropertyValueSpecification","valueRequired":true,"valueName":"search_term_string"}}],"inLanguage":"fr-FR"},{"@type":"Organization","@id":"https:\/\/www.spirit-us.eu\/#organization","name":"Spirit-US","url":"https:\/\/www.spirit-us.eu\/","logo":{"@type":"ImageObject","inLanguage":"fr-FR","@id":"https:\/\/www.spirit-us.eu\/#\/schema\/logo\/image\/","url":"https:\/\/www.spirit-us.eu\/wp-content\/uploads\/2025\/11\/logo-regarde-linterlocutrice-sans-arrriere-plan.jpg","contentUrl":"https:\/\/www.spirit-us.eu\/wp-content\/uploads\/2025\/11\/logo-regarde-linterlocutrice-sans-arrriere-plan.jpg","width":1080,"height":1080,"caption":"Spirit-US"},"image":{"@id":"https:\/\/www.spirit-us.eu\/#\/schema\/logo\/image\/"},"sameAs":["https:\/\/www.facebook.com\/spirit.us.deum"]}]}},"jetpack_sharing_enabled":true,"_links":{"self":[{"href":"https:\/\/www.spirit-us.eu\/index.php\/wp-json\/wp\/v2\/product\/2356","targetHints":{"allow":["GET"]}}],"collection":[{"href":"https:\/\/www.spirit-us.eu\/index.php\/wp-json\/wp\/v2\/product"}],"about":[{"href":"https:\/\/www.spirit-us.eu\/index.php\/wp-json\/wp\/v2\/types\/product"}],"replies":[{"embeddable":true,"href":"https:\/\/www.spirit-us.eu\/index.php\/wp-json\/wp\/v2\/comments?post=2356"}],"wp:featuredmedia":[{"embeddable":true,"href":"https:\/\/www.spirit-us.eu\/index.php\/wp-json\/wp\/v2\/media\/2358"}],"wp:attachment":[{"href":"https:\/\/www.spirit-us.eu\/index.php\/wp-json\/wp\/v2\/media?parent=2356"}],"wp:term":[{"taxonomy":"product_brand","embeddable":true,"href":"https:\/\/www.spirit-us.eu\/index.php\/wp-json\/wp\/v2\/product_brand?post=2356"},{"taxonomy":"product_cat","embeddable":true,"href":"https:\/\/www.spirit-us.eu\/index.php\/wp-json\/wp\/v2\/product_cat?post=2356"},{"taxonomy":"product_tag","embeddable":true,"href":"https:\/\/www.spirit-us.eu\/index.php\/wp-json\/wp\/v2\/product_tag?post=2356"},{"taxonomy":"mwb_booking_cost","embeddable":true,"href":"https:\/\/www.spirit-us.eu\/index.php\/wp-json\/wp\/v2\/mwb_booking_cost?post=2356"},{"taxonomy":"mwb_booking_service","embeddable":true,"href":"https:\/\/www.spirit-us.eu\/index.php\/wp-json\/wp\/v2\/mwb_booking_service?post=2356"}],"curies":[{"name":"wp","href":"https:\/\/api.w.org\/{rel}","templated":true}]}}