{"id":2350,"date":"2025-11-11T17:59:45","date_gmt":"2025-11-11T16:59:45","guid":{"rendered":"https:\/\/www.spirit-us.eu\/?post_type=product&#038;p=2350"},"modified":"2025-12-17T00:06:00","modified_gmt":"2025-12-16T23:06:00","slug":"boucles-doreilles-feuille-de-gingko","status":"publish","type":"product","link":"https:\/\/www.spirit-us.eu\/index.php\/produit\/boucles-doreilles-feuille-de-gingko\/","title":{"rendered":"BOUCLES d&rsquo;oreilles FEUILLE DE GINGKO"},"content":{"rendered":"<p><strong>Mat\u00e9riaux\u00a0<\/strong>: cuivre plaqu\u00e9 or<\/p>\n<p><strong>Dimensions<\/strong>\u00a0: hauteur du bijou 2,5 cm \u2013 largeur 3,2 cm<\/p>\n<p><strong>Motif<\/strong>\u00a0: feuille de gingko biloba<\/p>\n<p><strong>Pr\u00e9sentation<\/strong>\u00a0: livr\u00e9 dans une petite pochette dor\u00e9e<\/p>\n","protected":false},"excerpt":{"rendered":"<p style=\"text-align: justify;\">Tr\u00e8s jolies boucles d\u2019oreilles en m\u00e9tal dor\u00e9, qui sont du plus bel effet avec toute tenue et toute coiffure.\u00a0 La symbolique du gingko biloba est ancestrale et conf\u00e8re \u00e0 qui porte le bijou ou consomme la plante, la chance, la long\u00e9vit\u00e9 et une grande puissance de travail. lorsque vous lancez une belle entreprise, entourez-vous des vertus du gingko dont on dit qu\u2019il est le plus vieil arbre du monde.\u00a0 Nourrissez votre cerveau de sa <a href=\"https:\/\/www.spirit-us.eu\/index.php\/produit\/le-ginko\/\" target=\"_blank\" rel=\"noopener\">teinture-m\u00e8re<\/a>, portez ses couleurs en bijoux et offrez-vous des \u00e9l\u00e9ments de d\u00e9coration Fend Shui qui vous maintiendront dans l\u2019intention et dans la r\u00e9ussite. Assortissez ces boucles avec un joli collier qui se d\u00e9cline en deux couleurs. El\u00e9gance garantie.<\/p>\n","protected":false},"featured_media":2351,"comment_status":"open","ping_status":"closed","template":"","meta":[],"product_brand":[],"product_cat":[156,461],"product_tag":[357,358],"mwb_booking_cost":[],"mwb_booking_service":[],"class_list":{"0":"post-2350","1":"product","2":"type-product","3":"status-publish","4":"has-post-thumbnail","6":"product_cat-04-bijoux","7":"product_cat-007-boucles-doreilles","8":"product_tag-gingko-collection","9":"product_tag-longevite","11":"first","12":"instock","13":"shipping-taxable","14":"purchasable","15":"product-type-simple"},"yoast_head":"<!-- This site is optimized with the Yoast SEO plugin v27.1.1 - https:\/\/yoast.com\/product\/yoast-seo-wordpress\/ -->\n<title>BOUCLES d&#039;oreilles FEUILLE DE GINGKO - Spirit-US<\/title>\n<meta name=\"robots\" content=\"index, follow, max-snippet:-1, max-image-preview:large, max-video-preview:-1\" \/>\n<link rel=\"canonical\" href=\"https:\/\/www.spirit-us.eu\/index.php\/produit\/boucles-doreilles-feuille-de-gingko\/\" \/>\n<meta property=\"og:locale\" content=\"fr_FR\" \/>\n<meta property=\"og:type\" content=\"article\" \/>\n<meta property=\"og:title\" content=\"BOUCLES d&#039;oreilles FEUILLE DE GINGKO - Spirit-US\" \/>\n<meta property=\"og:description\" content=\"Tr\u00e8s jolies boucles d\u2019oreilles en m\u00e9tal dor\u00e9, qui sont du plus bel effet avec toute tenue et toute coiffure.\u00a0 La symbolique du gingko biloba est ancestrale et conf\u00e8re \u00e0 qui porte le bijou ou consomme la plante, la chance, la long\u00e9vit\u00e9 et une grande puissance de travail. lorsque vous lancez une belle entreprise, entourez-vous des vertus du gingko dont on dit qu\u2019il est le plus vieil arbre du monde.\u00a0 Nourrissez votre cerveau de sa teinture-m\u00e8re, portez ses couleurs en bijoux et offrez-vous des \u00e9l\u00e9ments de d\u00e9coration Fend Shui qui vous maintiendront dans l\u2019intention et dans la r\u00e9ussite. Assortissez ces boucles avec un joli collier qui se d\u00e9cline en deux couleurs. El\u00e9gance garantie.\" \/>\n<meta property=\"og:url\" content=\"https:\/\/www.spirit-us.eu\/index.php\/produit\/boucles-doreilles-feuille-de-gingko\/\" \/>\n<meta property=\"og:site_name\" content=\"Spirit-US\" \/>\n<meta property=\"article:publisher\" content=\"https:\/\/www.facebook.com\/spirit.us.deum\" \/>\n<meta property=\"article:modified_time\" content=\"2025-12-16T23:06:00+00:00\" \/>\n<meta property=\"og:image\" content=\"https:\/\/www.spirit-us.eu\/wp-content\/uploads\/2025\/11\/GINGKO-boucles-doreilles-.jpg\" \/>\n\t<meta property=\"og:image:width\" content=\"936\" \/>\n\t<meta property=\"og:image:height\" content=\"993\" \/>\n\t<meta property=\"og:image:type\" content=\"image\/jpeg\" \/>\n<meta name=\"twitter:card\" content=\"summary_large_image\" \/>\n<meta name=\"twitter:label1\" content=\"Dur\u00e9e de lecture estim\u00e9e\" \/>\n\t<meta name=\"twitter:data1\" content=\"1 minute\" \/>\n<script type=\"application\/ld+json\" class=\"yoast-schema-graph\">{\"@context\":\"https:\/\/schema.org\",\"@graph\":[{\"@type\":\"WebPage\",\"@id\":\"https:\/\/www.spirit-us.eu\/index.php\/produit\/boucles-doreilles-feuille-de-gingko\/\",\"url\":\"https:\/\/www.spirit-us.eu\/index.php\/produit\/boucles-doreilles-feuille-de-gingko\/\",\"name\":\"BOUCLES d'oreilles FEUILLE DE GINGKO - Spirit-US\",\"isPartOf\":{\"@id\":\"https:\/\/www.spirit-us.eu\/#website\"},\"primaryImageOfPage\":{\"@id\":\"https:\/\/www.spirit-us.eu\/index.php\/produit\/boucles-doreilles-feuille-de-gingko\/#primaryimage\"},\"image\":{\"@id\":\"https:\/\/www.spirit-us.eu\/index.php\/produit\/boucles-doreilles-feuille-de-gingko\/#primaryimage\"},\"thumbnailUrl\":\"https:\/\/www.spirit-us.eu\/wp-content\/uploads\/2025\/11\/GINGKO-boucles-doreilles-.jpg\",\"datePublished\":\"2025-11-11T16:59:45+00:00\",\"dateModified\":\"2025-12-16T23:06:00+00:00\",\"breadcrumb\":{\"@id\":\"https:\/\/www.spirit-us.eu\/index.php\/produit\/boucles-doreilles-feuille-de-gingko\/#breadcrumb\"},\"inLanguage\":\"fr-FR\",\"potentialAction\":[{\"@type\":\"ReadAction\",\"target\":[\"https:\/\/www.spirit-us.eu\/index.php\/produit\/boucles-doreilles-feuille-de-gingko\/\"]}]},{\"@type\":\"ImageObject\",\"inLanguage\":\"fr-FR\",\"@id\":\"https:\/\/www.spirit-us.eu\/index.php\/produit\/boucles-doreilles-feuille-de-gingko\/#primaryimage\",\"url\":\"https:\/\/www.spirit-us.eu\/wp-content\/uploads\/2025\/11\/GINGKO-boucles-doreilles-.jpg\",\"contentUrl\":\"https:\/\/www.spirit-us.eu\/wp-content\/uploads\/2025\/11\/GINGKO-boucles-doreilles-.jpg\",\"width\":936,\"height\":993},{\"@type\":\"BreadcrumbList\",\"@id\":\"https:\/\/www.spirit-us.eu\/index.php\/produit\/boucles-doreilles-feuille-de-gingko\/#breadcrumb\",\"itemListElement\":[{\"@type\":\"ListItem\",\"position\":1,\"name\":\"Accueil\",\"item\":\"https:\/\/www.spirit-us.eu\/\"},{\"@type\":\"ListItem\",\"position\":2,\"name\":\"Boutique\",\"item\":\"https:\/\/www.spirit-us.eu\/index.php\/boutique\/\"},{\"@type\":\"ListItem\",\"position\":3,\"name\":\"BOUCLES d&rsquo;oreilles FEUILLE DE GINGKO\"}]},{\"@type\":\"WebSite\",\"@id\":\"https:\/\/www.spirit-us.eu\/#website\",\"url\":\"https:\/\/www.spirit-us.eu\/\",\"name\":\"Spirit-US\",\"description\":\"\",\"publisher\":{\"@id\":\"https:\/\/www.spirit-us.eu\/#organization\"},\"potentialAction\":[{\"@type\":\"SearchAction\",\"target\":{\"@type\":\"EntryPoint\",\"urlTemplate\":\"https:\/\/www.spirit-us.eu\/?s={search_term_string}\"},\"query-input\":{\"@type\":\"PropertyValueSpecification\",\"valueRequired\":true,\"valueName\":\"search_term_string\"}}],\"inLanguage\":\"fr-FR\"},{\"@type\":\"Organization\",\"@id\":\"https:\/\/www.spirit-us.eu\/#organization\",\"name\":\"Spirit-US\",\"url\":\"https:\/\/www.spirit-us.eu\/\",\"logo\":{\"@type\":\"ImageObject\",\"inLanguage\":\"fr-FR\",\"@id\":\"https:\/\/www.spirit-us.eu\/#\/schema\/logo\/image\/\",\"url\":\"https:\/\/www.spirit-us.eu\/wp-content\/uploads\/2025\/11\/logo-regarde-linterlocutrice-sans-arrriere-plan.jpg\",\"contentUrl\":\"https:\/\/www.spirit-us.eu\/wp-content\/uploads\/2025\/11\/logo-regarde-linterlocutrice-sans-arrriere-plan.jpg\",\"width\":1080,\"height\":1080,\"caption\":\"Spirit-US\"},\"image\":{\"@id\":\"https:\/\/www.spirit-us.eu\/#\/schema\/logo\/image\/\"},\"sameAs\":[\"https:\/\/www.facebook.com\/spirit.us.deum\"]}]}<\/script>\n<!-- \/ Yoast SEO plugin. -->","yoast_head_json":{"title":"BOUCLES d'oreilles FEUILLE DE GINGKO - Spirit-US","robots":{"index":"index","follow":"follow","max-snippet":"max-snippet:-1","max-image-preview":"max-image-preview:large","max-video-preview":"max-video-preview:-1"},"canonical":"https:\/\/www.spirit-us.eu\/index.php\/produit\/boucles-doreilles-feuille-de-gingko\/","og_locale":"fr_FR","og_type":"article","og_title":"BOUCLES d'oreilles FEUILLE DE GINGKO - Spirit-US","og_description":"Tr\u00e8s jolies boucles d\u2019oreilles en m\u00e9tal dor\u00e9, qui sont du plus bel effet avec toute tenue et toute coiffure.\u00a0 La symbolique du gingko biloba est ancestrale et conf\u00e8re \u00e0 qui porte le bijou ou consomme la plante, la chance, la long\u00e9vit\u00e9 et une grande puissance de travail. lorsque vous lancez une belle entreprise, entourez-vous des vertus du gingko dont on dit qu\u2019il est le plus vieil arbre du monde.\u00a0 Nourrissez votre cerveau de sa teinture-m\u00e8re, portez ses couleurs en bijoux et offrez-vous des \u00e9l\u00e9ments de d\u00e9coration Fend Shui qui vous maintiendront dans l\u2019intention et dans la r\u00e9ussite. Assortissez ces boucles avec un joli collier qui se d\u00e9cline en deux couleurs. El\u00e9gance garantie.","og_url":"https:\/\/www.spirit-us.eu\/index.php\/produit\/boucles-doreilles-feuille-de-gingko\/","og_site_name":"Spirit-US","article_publisher":"https:\/\/www.facebook.com\/spirit.us.deum","article_modified_time":"2025-12-16T23:06:00+00:00","og_image":[{"width":936,"height":993,"url":"https:\/\/www.spirit-us.eu\/wp-content\/uploads\/2025\/11\/GINGKO-boucles-doreilles-.jpg","type":"image\/jpeg"}],"twitter_card":"summary_large_image","twitter_misc":{"Dur\u00e9e de lecture estim\u00e9e":"1 minute"},"schema":{"@context":"https:\/\/schema.org","@graph":[{"@type":"WebPage","@id":"https:\/\/www.spirit-us.eu\/index.php\/produit\/boucles-doreilles-feuille-de-gingko\/","url":"https:\/\/www.spirit-us.eu\/index.php\/produit\/boucles-doreilles-feuille-de-gingko\/","name":"BOUCLES d'oreilles FEUILLE DE GINGKO - Spirit-US","isPartOf":{"@id":"https:\/\/www.spirit-us.eu\/#website"},"primaryImageOfPage":{"@id":"https:\/\/www.spirit-us.eu\/index.php\/produit\/boucles-doreilles-feuille-de-gingko\/#primaryimage"},"image":{"@id":"https:\/\/www.spirit-us.eu\/index.php\/produit\/boucles-doreilles-feuille-de-gingko\/#primaryimage"},"thumbnailUrl":"https:\/\/www.spirit-us.eu\/wp-content\/uploads\/2025\/11\/GINGKO-boucles-doreilles-.jpg","datePublished":"2025-11-11T16:59:45+00:00","dateModified":"2025-12-16T23:06:00+00:00","breadcrumb":{"@id":"https:\/\/www.spirit-us.eu\/index.php\/produit\/boucles-doreilles-feuille-de-gingko\/#breadcrumb"},"inLanguage":"fr-FR","potentialAction":[{"@type":"ReadAction","target":["https:\/\/www.spirit-us.eu\/index.php\/produit\/boucles-doreilles-feuille-de-gingko\/"]}]},{"@type":"ImageObject","inLanguage":"fr-FR","@id":"https:\/\/www.spirit-us.eu\/index.php\/produit\/boucles-doreilles-feuille-de-gingko\/#primaryimage","url":"https:\/\/www.spirit-us.eu\/wp-content\/uploads\/2025\/11\/GINGKO-boucles-doreilles-.jpg","contentUrl":"https:\/\/www.spirit-us.eu\/wp-content\/uploads\/2025\/11\/GINGKO-boucles-doreilles-.jpg","width":936,"height":993},{"@type":"BreadcrumbList","@id":"https:\/\/www.spirit-us.eu\/index.php\/produit\/boucles-doreilles-feuille-de-gingko\/#breadcrumb","itemListElement":[{"@type":"ListItem","position":1,"name":"Accueil","item":"https:\/\/www.spirit-us.eu\/"},{"@type":"ListItem","position":2,"name":"Boutique","item":"https:\/\/www.spirit-us.eu\/index.php\/boutique\/"},{"@type":"ListItem","position":3,"name":"BOUCLES d&rsquo;oreilles FEUILLE DE GINGKO"}]},{"@type":"WebSite","@id":"https:\/\/www.spirit-us.eu\/#website","url":"https:\/\/www.spirit-us.eu\/","name":"Spirit-US","description":"","publisher":{"@id":"https:\/\/www.spirit-us.eu\/#organization"},"potentialAction":[{"@type":"SearchAction","target":{"@type":"EntryPoint","urlTemplate":"https:\/\/www.spirit-us.eu\/?s={search_term_string}"},"query-input":{"@type":"PropertyValueSpecification","valueRequired":true,"valueName":"search_term_string"}}],"inLanguage":"fr-FR"},{"@type":"Organization","@id":"https:\/\/www.spirit-us.eu\/#organization","name":"Spirit-US","url":"https:\/\/www.spirit-us.eu\/","logo":{"@type":"ImageObject","inLanguage":"fr-FR","@id":"https:\/\/www.spirit-us.eu\/#\/schema\/logo\/image\/","url":"https:\/\/www.spirit-us.eu\/wp-content\/uploads\/2025\/11\/logo-regarde-linterlocutrice-sans-arrriere-plan.jpg","contentUrl":"https:\/\/www.spirit-us.eu\/wp-content\/uploads\/2025\/11\/logo-regarde-linterlocutrice-sans-arrriere-plan.jpg","width":1080,"height":1080,"caption":"Spirit-US"},"image":{"@id":"https:\/\/www.spirit-us.eu\/#\/schema\/logo\/image\/"},"sameAs":["https:\/\/www.facebook.com\/spirit.us.deum"]}]}},"jetpack_sharing_enabled":true,"_links":{"self":[{"href":"https:\/\/www.spirit-us.eu\/index.php\/wp-json\/wp\/v2\/product\/2350","targetHints":{"allow":["GET"]}}],"collection":[{"href":"https:\/\/www.spirit-us.eu\/index.php\/wp-json\/wp\/v2\/product"}],"about":[{"href":"https:\/\/www.spirit-us.eu\/index.php\/wp-json\/wp\/v2\/types\/product"}],"replies":[{"embeddable":true,"href":"https:\/\/www.spirit-us.eu\/index.php\/wp-json\/wp\/v2\/comments?post=2350"}],"wp:featuredmedia":[{"embeddable":true,"href":"https:\/\/www.spirit-us.eu\/index.php\/wp-json\/wp\/v2\/media\/2351"}],"wp:attachment":[{"href":"https:\/\/www.spirit-us.eu\/index.php\/wp-json\/wp\/v2\/media?parent=2350"}],"wp:term":[{"taxonomy":"product_brand","embeddable":true,"href":"https:\/\/www.spirit-us.eu\/index.php\/wp-json\/wp\/v2\/product_brand?post=2350"},{"taxonomy":"product_cat","embeddable":true,"href":"https:\/\/www.spirit-us.eu\/index.php\/wp-json\/wp\/v2\/product_cat?post=2350"},{"taxonomy":"product_tag","embeddable":true,"href":"https:\/\/www.spirit-us.eu\/index.php\/wp-json\/wp\/v2\/product_tag?post=2350"},{"taxonomy":"mwb_booking_cost","embeddable":true,"href":"https:\/\/www.spirit-us.eu\/index.php\/wp-json\/wp\/v2\/mwb_booking_cost?post=2350"},{"taxonomy":"mwb_booking_service","embeddable":true,"href":"https:\/\/www.spirit-us.eu\/index.php\/wp-json\/wp\/v2\/mwb_booking_service?post=2350"}],"curies":[{"name":"wp","href":"https:\/\/api.w.org\/{rel}","templated":true}]}}